{"id":3877,"date":"2025-08-18T19:54:13","date_gmt":"2025-08-18T12:54:13","guid":{"rendered":"http:\/\/biogroupvietnam-worldpress.local\/product\/import-placeholder-for-156\/"},"modified":"2025-11-17T09:53:59","modified_gmt":"2025-11-17T02:53:59","slug":"s-chip","status":"publish","type":"product","link":"https:\/\/biogroupvietnam.com\/en\/product\/s-chip-disposable-hemocytometer-sperm\/","title":{"rendered":"S-Chip - Disposable Hemocytometer (sperm)"},"content":{"rendered":"<p>Disposable Hemocytometer (sperm) <a href=\"https:\/\/www.nanoentek.com\/theme\/nanont2_en\/shop\/02\/product01_view.php?it_id=1547539397\">S-Chip<\/a> is a&nbsp;precise and disposable plastic slide with two chambers for sperm counting.<\/p>\n","protected":false},"excerpt":{"rendered":"<p>Disposable Hemocytometer (sperm) S-Chip is a&nbsp;precise and disposable plastic slide with two chambers for sperm counting.<\/p>\n","protected":false},"featured_media":8966,"comment_status":"closed","ping_status":"closed","template":"","meta":{"_acf_changed":false},"product_brand":[134],"product_cat":[111],"product_tag":[],"class_list":{"0":"post-3877","1":"product","2":"type-product","3":"status-publish","4":"has-post-thumbnail","6":"product_brand-nanoentek","7":"product_cat-cell-counters-cell-analyzers","9":"first","10":"outofstock","11":"shipping-taxable","12":"product-type-simple"},"acf":[],"yoast_head":"<!-- This site is optimized with the Yoast SEO plugin v26.8 - https:\/\/yoast.com\/product\/yoast-seo-wordpress\/ -->\n<title>S-Chip - Disposable Hemocytometer (sperm)<\/title>\n<meta name=\"description\" content=\"Disposable Hemocytometer (sperm) S-Chip is a&nbsp;precise and disposable plastic slide with two chambers for sperm counting.\" \/>\n<meta name=\"robots\" content=\"index, follow, max-snippet:-1, max-image-preview:large, max-video-preview:-1\" \/>\n<link rel=\"canonical\" href=\"http:\/\/Disposable%20Hemocytometer%20(sperm)%20S-Chip%20is%20a&nbsp;precise%20and%20disposable%20plastic%20slide%20with%20two%20chambers%20for%20sperm%20counting.\" \/>\n<meta property=\"og:locale\" content=\"en_US\" \/>\n<meta property=\"og:type\" content=\"article\" \/>\n<meta property=\"og:title\" content=\"S-Chip - Disposable Hemocytometer (sperm)\" \/>\n<meta property=\"og:description\" content=\"Disposable Hemocytometer (sperm) S-Chip is a&nbsp;precise and disposable plastic slide with two chambers for sperm counting.\" \/>\n<meta property=\"og:url\" content=\"https:\/\/biogroupvietnam.com\/en\/product\/s-chip-disposable-hemocytometer-sperm\/\" \/>\n<meta property=\"og:site_name\" content=\"Biogroup Vietnam\" \/>\n<meta property=\"article:modified_time\" content=\"2025-11-17T02:53:59+00:00\" \/>\n<meta property=\"og:image\" content=\"https:\/\/biogroupvietnam.com\/wp-content\/uploads\/2025\/08\/S-Chip.jpg\" \/>\n\t<meta property=\"og:image:width\" content=\"1640\" \/>\n\t<meta property=\"og:image:height\" content=\"1260\" \/>\n\t<meta property=\"og:image:type\" content=\"image\/jpeg\" \/>\n<meta name=\"twitter:card\" content=\"summary_large_image\" \/>\n<meta name=\"twitter:label1\" content=\"Est. reading time\" \/>\n\t<meta name=\"twitter:data1\" content=\"3 minutes\" \/>\n<script type=\"application\/ld+json\" class=\"yoast-schema-graph\">{\"@context\":\"https:\/\/schema.org\",\"@graph\":[{\"@type\":\"WebPage\",\"@id\":\"https:\/\/biogroupvietnam.com\/en\/product\/s-chip-disposable-hemocytometer-sperm\/\",\"url\":\"https:\/\/biogroupvietnam.com\/en\/product\/s-chip-disposable-hemocytometer-sperm\/\",\"name\":\"Bu\u1ed3ng \u0110\u1ebfm Tinh Tr\u00f9ng D\u00f9ng M\u1ed9t L\u1ea7n S-Chip\",\"isPartOf\":{\"@id\":\"https:\/\/biogroupvietnam.com\/vi\/#website\"},\"primaryImageOfPage\":{\"@id\":\"https:\/\/biogroupvietnam.com\/en\/product\/s-chip-disposable-hemocytometer-sperm\/#primaryimage\"},\"image\":{\"@id\":\"https:\/\/biogroupvietnam.com\/en\/product\/s-chip-disposable-hemocytometer-sperm\/#primaryimage\"},\"thumbnailUrl\":\"https:\/\/biogroupvietnam.com\/wp-content\/uploads\/2025\/08\/S-Chip.jpg\",\"datePublished\":\"2025-08-18T12:54:13+00:00\",\"dateModified\":\"2025-11-17T02:53:59+00:00\",\"description\":\"S-Chip l\u00e0 phi\u1ebfn nh\u1ef1a d\u00f9ng m\u1ed9t l\u1ea7n v\u00e0 ch\u00ednh x\u00e1c v\u1edbi hai v\u1ecb tr\u00ed \u0111\u1ec3 \u0111\u1ebfm tinh tr\u00f9ng.\",\"breadcrumb\":{\"@id\":\"https:\/\/biogroupvietnam.com\/en\/product\/s-chip-disposable-hemocytometer-sperm\/#breadcrumb\"},\"inLanguage\":\"en-US\",\"potentialAction\":[{\"@type\":\"ReadAction\",\"target\":[\"https:\/\/biogroupvietnam.com\/en\/product\/s-chip-disposable-hemocytometer-sperm\/\"]}]},{\"@type\":\"ImageObject\",\"inLanguage\":\"en-US\",\"@id\":\"https:\/\/biogroupvietnam.com\/en\/product\/s-chip-disposable-hemocytometer-sperm\/#primaryimage\",\"url\":\"https:\/\/biogroupvietnam.com\/wp-content\/uploads\/2025\/08\/S-Chip.jpg\",\"contentUrl\":\"https:\/\/biogroupvietnam.com\/wp-content\/uploads\/2025\/08\/S-Chip.jpg\",\"width\":1640,\"height\":1260},{\"@type\":\"BreadcrumbList\",\"@id\":\"https:\/\/biogroupvietnam.com\/en\/product\/s-chip-disposable-hemocytometer-sperm\/#breadcrumb\",\"itemListElement\":[{\"@type\":\"ListItem\",\"position\":1,\"name\":\"Biogroup Vietnam | End-to-End Biotechnology Solutions\",\"item\":\"https:\/\/biogroupvietnam.com\/vi\/\"},{\"@type\":\"ListItem\",\"position\":2,\"name\":\"Product\",\"item\":\"https:\/\/biogroupvietnam.com\/vi\/san-pham\/\"},{\"@type\":\"ListItem\",\"position\":3,\"name\":\"Biological R&D\",\"item\":\"https:\/\/biogroupvietnam.com\/vi\/danh-muc-san-pham\/rd-sinh-hoc\/\"},{\"@type\":\"ListItem\",\"position\":4,\"name\":\"Cell Counters & Cell Analyzers\",\"item\":\"https:\/\/biogroupvietnam.com\/vi\/danh-muc-san-pham\/dem-phan-tich-te-bao\/\"},{\"@type\":\"ListItem\",\"position\":5,\"name\":\"S-Chip - Disposable Hemocytometer (sperm)\"}]},{\"@type\":\"WebSite\",\"@id\":\"https:\/\/biogroupvietnam.com\/en\/vi\/#website\",\"url\":\"https:\/\/biogroupvietnam.com\/en\/vi\/\",\"name\":\"Biogroup Vietnam\",\"description\":\"Biogroup Vietnam cung c\u1ea5p d\u1ecbch v\u1ee5 k\u1ef9 thu\u1eadt c\u00f9ng thi\u1ebft b\u1ecb, v\u1eadt t\u01b0, h\u00f3a ch\u1ea5t v\u00e0 gi\u1ea3i ph\u00e1p sinh h\u1ecdc cho ph\u00f2ng th\u00ed nghi\u1ec7m c\u00f4ng ngh\u1ec7 sinh h\u1ecdc, y sinh v\u00e0 y h\u1ecdc t\u00e1i t\u1ea1o.\",\"potentialAction\":[{\"@type\":\"SearchAction\",\"target\":{\"@type\":\"EntryPoint\",\"urlTemplate\":\"https:\/\/biogroupvietnam.com\/en\/vi\/?s={search_term_string}\"},\"query-input\":{\"@type\":\"PropertyValueSpecification\",\"valueRequired\":true,\"valueName\":\"search_term_string\"}}],\"inLanguage\":\"en-US\"}]}<\/script>\n<!-- \/ Yoast SEO plugin. -->","yoast_head_json":{"title":"S-Chip - Disposable Hemocytometer (sperm)","description":"Disposable Hemocytometer (sperm) S-Chip is a&nbsp;precise and disposable plastic slide with two chambers for sperm counting.","robots":{"index":"index","follow":"follow","max-snippet":"max-snippet:-1","max-image-preview":"max-image-preview:large","max-video-preview":"max-video-preview:-1"},"canonical":"Disposable Hemocytometer (sperm) S-Chip is a&nbsp;precise and disposable plastic slide with two chambers for sperm counting.","og_locale":"en_US","og_type":"article","og_title":"S-Chip - Disposable Hemocytometer (sperm)","og_description":"Disposable Hemocytometer (sperm) S-Chip is a&nbsp;precise and disposable plastic slide with two chambers for sperm counting.","og_url":"https:\/\/biogroupvietnam.com\/en\/product\/s-chip-disposable-hemocytometer-sperm\/","og_site_name":"Biogroup Vietnam","article_modified_time":"2025-11-17T02:53:59+00:00","og_image":[{"width":1640,"height":1260,"url":"https:\/\/biogroupvietnam.com\/wp-content\/uploads\/2025\/08\/S-Chip.jpg","type":"image\/jpeg"}],"twitter_card":"summary_large_image","twitter_misc":{"Est. reading time":"3 minutes"},"schema":{"@context":"https:\/\/schema.org","@graph":[{"@type":"WebPage","@id":"https:\/\/biogroupvietnam.com\/en\/product\/s-chip-disposable-hemocytometer-sperm\/","url":"https:\/\/biogroupvietnam.com\/en\/product\/s-chip-disposable-hemocytometer-sperm\/","name":"Bu\u1ed3ng \u0110\u1ebfm Tinh Tr\u00f9ng D\u00f9ng M\u1ed9t L\u1ea7n S-Chip","isPartOf":{"@id":"https:\/\/biogroupvietnam.com\/vi\/#website"},"primaryImageOfPage":{"@id":"https:\/\/biogroupvietnam.com\/en\/product\/s-chip-disposable-hemocytometer-sperm\/#primaryimage"},"image":{"@id":"https:\/\/biogroupvietnam.com\/en\/product\/s-chip-disposable-hemocytometer-sperm\/#primaryimage"},"thumbnailUrl":"https:\/\/biogroupvietnam.com\/wp-content\/uploads\/2025\/08\/S-Chip.jpg","datePublished":"2025-08-18T12:54:13+00:00","dateModified":"2025-11-17T02:53:59+00:00","description":"S-Chip l\u00e0 phi\u1ebfn nh\u1ef1a d\u00f9ng m\u1ed9t l\u1ea7n v\u00e0 ch\u00ednh x\u00e1c v\u1edbi hai v\u1ecb tr\u00ed \u0111\u1ec3 \u0111\u1ebfm tinh tr\u00f9ng.","breadcrumb":{"@id":"https:\/\/biogroupvietnam.com\/en\/product\/s-chip-disposable-hemocytometer-sperm\/#breadcrumb"},"inLanguage":"en-US","potentialAction":[{"@type":"ReadAction","target":["https:\/\/biogroupvietnam.com\/en\/product\/s-chip-disposable-hemocytometer-sperm\/"]}]},{"@type":"ImageObject","inLanguage":"en-US","@id":"https:\/\/biogroupvietnam.com\/en\/product\/s-chip-disposable-hemocytometer-sperm\/#primaryimage","url":"https:\/\/biogroupvietnam.com\/wp-content\/uploads\/2025\/08\/S-Chip.jpg","contentUrl":"https:\/\/biogroupvietnam.com\/wp-content\/uploads\/2025\/08\/S-Chip.jpg","width":1640,"height":1260},{"@type":"BreadcrumbList","@id":"https:\/\/biogroupvietnam.com\/en\/product\/s-chip-disposable-hemocytometer-sperm\/#breadcrumb","itemListElement":[{"@type":"ListItem","position":1,"name":"Biogroup Vietnam | End-to-End Biotechnology Solutions","item":"https:\/\/biogroupvietnam.com\/vi\/"},{"@type":"ListItem","position":2,"name":"Product","item":"https:\/\/biogroupvietnam.com\/vi\/san-pham\/"},{"@type":"ListItem","position":3,"name":"Biological R&D","item":"https:\/\/biogroupvietnam.com\/vi\/danh-muc-san-pham\/rd-sinh-hoc\/"},{"@type":"ListItem","position":4,"name":"Cell Counters & Cell Analyzers","item":"https:\/\/biogroupvietnam.com\/vi\/danh-muc-san-pham\/dem-phan-tich-te-bao\/"},{"@type":"ListItem","position":5,"name":"S-Chip - Disposable Hemocytometer (sperm)"}]},{"@type":"WebSite","@id":"https:\/\/biogroupvietnam.com\/en\/vi\/#website","url":"https:\/\/biogroupvietnam.com\/en\/vi\/","name":"Biogroup Vietnam","description":"Biogroup Vietnam cung c\u1ea5p d\u1ecbch v\u1ee5 k\u1ef9 thu\u1eadt c\u00f9ng thi\u1ebft b\u1ecb, v\u1eadt t\u01b0, h\u00f3a ch\u1ea5t v\u00e0 gi\u1ea3i ph\u00e1p sinh h\u1ecdc cho ph\u00f2ng th\u00ed nghi\u1ec7m c\u00f4ng ngh\u1ec7 sinh h\u1ecdc, y sinh v\u00e0 y h\u1ecdc t\u00e1i t\u1ea1o.","potentialAction":[{"@type":"SearchAction","target":{"@type":"EntryPoint","urlTemplate":"https:\/\/biogroupvietnam.com\/en\/vi\/?s={search_term_string}"},"query-input":{"@type":"PropertyValueSpecification","valueRequired":true,"valueName":"search_term_string"}}],"inLanguage":"en-US"}]}},"_links":{"self":[{"href":"https:\/\/biogroupvietnam.com\/en\/wp-json\/wp\/v2\/product\/3877","targetHints":{"allow":["GET"]}}],"collection":[{"href":"https:\/\/biogroupvietnam.com\/en\/wp-json\/wp\/v2\/product"}],"about":[{"href":"https:\/\/biogroupvietnam.com\/en\/wp-json\/wp\/v2\/types\/product"}],"replies":[{"embeddable":true,"href":"https:\/\/biogroupvietnam.com\/en\/wp-json\/wp\/v2\/comments?post=3877"}],"version-history":[{"count":4,"href":"https:\/\/biogroupvietnam.com\/en\/wp-json\/wp\/v2\/product\/3877\/revisions"}],"predecessor-version":[{"id":8980,"href":"https:\/\/biogroupvietnam.com\/en\/wp-json\/wp\/v2\/product\/3877\/revisions\/8980"}],"wp:featuredmedia":[{"embeddable":true,"href":"https:\/\/biogroupvietnam.com\/en\/wp-json\/wp\/v2\/media\/8966"}],"wp:attachment":[{"href":"https:\/\/biogroupvietnam.com\/en\/wp-json\/wp\/v2\/media?parent=3877"}],"wp:term":[{"taxonomy":"product_brand","embeddable":true,"href":"https:\/\/biogroupvietnam.com\/en\/wp-json\/wp\/v2\/product_brand?post=3877"},{"taxonomy":"product_cat","embeddable":true,"href":"https:\/\/biogroupvietnam.com\/en\/wp-json\/wp\/v2\/product_cat?post=3877"},{"taxonomy":"product_tag","embeddable":true,"href":"https:\/\/biogroupvietnam.com\/en\/wp-json\/wp\/v2\/product_tag?post=3877"}],"curies":[{"name":"wp","href":"https:\/\/api.w.org\/{rel}","templated":true}]}}