{"id":3884,"date":"2025-08-18T19:54:15","date_gmt":"2025-08-18T12:54:15","guid":{"rendered":"http:\/\/biogroupvietnam-worldpress.local\/product\/import-placeholder-for-163\/"},"modified":"2025-09-29T15:08:45","modified_gmt":"2025-09-29T08:08:45","slug":"firereader-v10","status":"publish","type":"product","link":"https:\/\/biogroupvietnam.com\/en\/product\/firereader-v10\/","title":{"rendered":"FireReader V10"},"content":{"rendered":"<h2><strong>The <\/strong><a href=\"https:\/\/www.uvitec.co.uk\/firereader-v10\/\" target=\"_blank\" rel=\"noopener noreferrer\"><strong>FireReader V10<\/strong><\/a><strong> is a super-powerful, multi-applications, full imaging platform, offering up to 7 different illuminations and countless possible applications. Boasting huge 6-megapixel sensor, the FireReader geldoc system delivers up to 65,535 gray levels, ideal for publication-level images and research-level data.<\/strong><\/h2>\n","protected":false},"excerpt":{"rendered":"<p>The FireReader V10 is a super-powerful, multi-applications, full imaging platform, offering up to 7 different illuminations and countless possible applications. Boasting huge 6-megapixel sensor, the FireReader geldoc system delivers up to 65,535 gray levels, ideal for publication-level images and research-level data.<\/p>\n","protected":false},"featured_media":5475,"comment_status":"closed","ping_status":"closed","template":"","meta":{"_acf_changed":false},"product_brand":[136],"product_cat":[110],"product_tag":[],"class_list":{"0":"post-3884","1":"product","2":"type-product","3":"status-publish","4":"has-post-thumbnail","6":"product_brand-uvitec","7":"product_cat-geldoc-system","9":"first","10":"outofstock","11":"shipping-taxable","12":"product-type-simple"},"acf":[],"yoast_head":"<!-- This site is optimized with the Yoast SEO plugin v26.8 - https:\/\/yoast.com\/product\/yoast-seo-wordpress\/ -->\n<title>FireReader V10<\/title>\n<meta name=\"description\" content=\"The FireReader V10 is a super-powerful, multi-applications, full imaging platform, offering up to 7 different illuminations and countless possible applications. Boasting huge 6-megapixel sensor, the FireReader geldoc system delivers up to 65,535 gray levels, ideal for publication-level images and research-level data.\" \/>\n<meta name=\"robots\" content=\"index, follow, max-snippet:-1, max-image-preview:large, max-video-preview:-1\" \/>\n<link rel=\"canonical\" href=\"http:\/\/The%20FireReader%20V10%20is%20a%20super-powerful,%20multi-applications,%20full%20imaging%20platform,%20offering%20up%20to%207%20different%20illuminations%20and%20countless%20possible%20applications.%20Boasting%20huge%206-megapixel%20sensor,%20the%20FireReader%20geldoc%20system%20delivers%20up%20to%2065,535%20gray%20levels,%20ideal%20for%20publication-level%20images%20and%20research-level%20data.\" \/>\n<meta property=\"og:locale\" content=\"en_US\" \/>\n<meta property=\"og:type\" content=\"article\" \/>\n<meta property=\"og:title\" content=\"FireReader V10\" \/>\n<meta property=\"og:description\" content=\"The FireReader V10 is a super-powerful, multi-applications, full imaging platform, offering up to 7 different illuminations and countless possible applications. Boasting huge 6-megapixel sensor, the FireReader geldoc system delivers up to 65,535 gray levels, ideal for publication-level images and research-level data.\" \/>\n<meta property=\"og:url\" content=\"https:\/\/biogroupvietnam.com\/en\/product\/firereader-v10\/\" \/>\n<meta property=\"og:site_name\" content=\"Biogroup Vietnam\" \/>\n<meta property=\"article:modified_time\" content=\"2025-09-29T08:08:45+00:00\" \/>\n<meta property=\"og:image\" content=\"https:\/\/biogroupvietnam.com\/wp-content\/uploads\/2025\/08\/FireReader20V10.png\" \/>\n\t<meta property=\"og:image:width\" content=\"1600\" \/>\n\t<meta property=\"og:image:height\" content=\"1229\" \/>\n\t<meta property=\"og:image:type\" content=\"image\/png\" \/>\n<meta name=\"twitter:card\" content=\"summary_large_image\" \/>\n<meta name=\"twitter:label1\" content=\"Est. reading time\" \/>\n\t<meta name=\"twitter:data1\" content=\"4 minutes\" \/>\n<script type=\"application\/ld+json\" class=\"yoast-schema-graph\">{\"@context\":\"https:\/\/schema.org\",\"@graph\":[{\"@type\":\"WebPage\",\"@id\":\"https:\/\/biogroupvietnam.com\/en\/product\/firereader-v10\/\",\"url\":\"https:\/\/biogroupvietnam.com\/en\/product\/firereader-v10\/\",\"name\":\"M\u00e1y Ch\u1ee5p \u1ea2nh Gel FireReader V10\",\"isPartOf\":{\"@id\":\"https:\/\/biogroupvietnam.com\/vi\/#website\"},\"primaryImageOfPage\":{\"@id\":\"https:\/\/biogroupvietnam.com\/en\/product\/firereader-v10\/#primaryimage\"},\"image\":{\"@id\":\"https:\/\/biogroupvietnam.com\/en\/product\/firereader-v10\/#primaryimage\"},\"thumbnailUrl\":\"https:\/\/biogroupvietnam.com\/wp-content\/uploads\/2025\/08\/FireReader20V10.png\",\"datePublished\":\"2025-08-18T12:54:15+00:00\",\"dateModified\":\"2025-09-29T08:08:45+00:00\",\"description\":\"FireReader V10 l\u00e0 m\u1ed9t h\u1ec7 th\u1ed1ng ch\u1ee5p \u1ea3nh gel c\u00f3 c\u1ea5u h\u00ecnh k\u1ef9 thu\u1eadt c\u1ef1c cao, cung c\u1ea5p \u0111\u1ebfn 7 ngu\u1ed3n \u00e1nh s\u00e1ng kh\u00e1c nhau v\u00e0 nhi\u1ec1u \u1ee9ng d\u1ee5ng.\",\"breadcrumb\":{\"@id\":\"https:\/\/biogroupvietnam.com\/en\/product\/firereader-v10\/#breadcrumb\"},\"inLanguage\":\"en-US\",\"potentialAction\":[{\"@type\":\"ReadAction\",\"target\":[\"https:\/\/biogroupvietnam.com\/en\/product\/firereader-v10\/\"]}]},{\"@type\":\"ImageObject\",\"inLanguage\":\"en-US\",\"@id\":\"https:\/\/biogroupvietnam.com\/en\/product\/firereader-v10\/#primaryimage\",\"url\":\"https:\/\/biogroupvietnam.com\/wp-content\/uploads\/2025\/08\/FireReader20V10.png\",\"contentUrl\":\"https:\/\/biogroupvietnam.com\/wp-content\/uploads\/2025\/08\/FireReader20V10.png\",\"width\":1600,\"height\":1229,\"caption\":\"\u00a0\"},{\"@type\":\"BreadcrumbList\",\"@id\":\"https:\/\/biogroupvietnam.com\/en\/product\/firereader-v10\/#breadcrumb\",\"itemListElement\":[{\"@type\":\"ListItem\",\"position\":1,\"name\":\"Biogroup Vietnam | End-to-End Biotechnology Solutions\",\"item\":\"https:\/\/biogroupvietnam.com\/vi\/\"},{\"@type\":\"ListItem\",\"position\":2,\"name\":\"Product\",\"item\":\"https:\/\/biogroupvietnam.com\/vi\/san-pham\/\"},{\"@type\":\"ListItem\",\"position\":3,\"name\":\"Biological R&D\",\"item\":\"https:\/\/biogroupvietnam.com\/vi\/danh-muc-san-pham\/rd-sinh-hoc\/\"},{\"@type\":\"ListItem\",\"position\":4,\"name\":\"Geldoc system\",\"item\":\"https:\/\/biogroupvietnam.com\/vi\/danh-muc-san-pham\/chup-anh-gel\/\"},{\"@type\":\"ListItem\",\"position\":5,\"name\":\"FireReader V10\"}]},{\"@type\":\"WebSite\",\"@id\":\"https:\/\/biogroupvietnam.com\/en\/vi\/#website\",\"url\":\"https:\/\/biogroupvietnam.com\/en\/vi\/\",\"name\":\"Biogroup Vietnam\",\"description\":\"Biogroup Vietnam cung c\u1ea5p d\u1ecbch v\u1ee5 k\u1ef9 thu\u1eadt c\u00f9ng thi\u1ebft b\u1ecb, v\u1eadt t\u01b0, h\u00f3a ch\u1ea5t v\u00e0 gi\u1ea3i ph\u00e1p sinh h\u1ecdc cho ph\u00f2ng th\u00ed nghi\u1ec7m c\u00f4ng ngh\u1ec7 sinh h\u1ecdc, y sinh v\u00e0 y h\u1ecdc t\u00e1i t\u1ea1o.\",\"potentialAction\":[{\"@type\":\"SearchAction\",\"target\":{\"@type\":\"EntryPoint\",\"urlTemplate\":\"https:\/\/biogroupvietnam.com\/en\/vi\/?s={search_term_string}\"},\"query-input\":{\"@type\":\"PropertyValueSpecification\",\"valueRequired\":true,\"valueName\":\"search_term_string\"}}],\"inLanguage\":\"en-US\"}]}<\/script>\n<!-- \/ Yoast SEO plugin. -->","yoast_head_json":{"title":"FireReader V10","description":"The FireReader V10 is a super-powerful, multi-applications, full imaging platform, offering up to 7 different illuminations and countless possible applications. Boasting huge 6-megapixel sensor, the FireReader geldoc system delivers up to 65,535 gray levels, ideal for publication-level images and research-level data.","robots":{"index":"index","follow":"follow","max-snippet":"max-snippet:-1","max-image-preview":"max-image-preview:large","max-video-preview":"max-video-preview:-1"},"canonical":"The FireReader V10 is a super-powerful, multi-applications, full imaging platform, offering up to 7 different illuminations and countless possible applications. Boasting huge 6-megapixel sensor, the FireReader geldoc system delivers up to 65,535 gray levels, ideal for publication-level images and research-level data.","og_locale":"en_US","og_type":"article","og_title":"FireReader V10","og_description":"The FireReader V10 is a super-powerful, multi-applications, full imaging platform, offering up to 7 different illuminations and countless possible applications. Boasting huge 6-megapixel sensor, the FireReader geldoc system delivers up to 65,535 gray levels, ideal for publication-level images and research-level data.","og_url":"https:\/\/biogroupvietnam.com\/en\/product\/firereader-v10\/","og_site_name":"Biogroup Vietnam","article_modified_time":"2025-09-29T08:08:45+00:00","og_image":[{"width":1600,"height":1229,"url":"https:\/\/biogroupvietnam.com\/wp-content\/uploads\/2025\/08\/FireReader20V10.png","type":"image\/png"}],"twitter_card":"summary_large_image","twitter_misc":{"Est. reading time":"4 minutes"},"schema":{"@context":"https:\/\/schema.org","@graph":[{"@type":"WebPage","@id":"https:\/\/biogroupvietnam.com\/en\/product\/firereader-v10\/","url":"https:\/\/biogroupvietnam.com\/en\/product\/firereader-v10\/","name":"M\u00e1y Ch\u1ee5p \u1ea2nh Gel FireReader V10","isPartOf":{"@id":"https:\/\/biogroupvietnam.com\/vi\/#website"},"primaryImageOfPage":{"@id":"https:\/\/biogroupvietnam.com\/en\/product\/firereader-v10\/#primaryimage"},"image":{"@id":"https:\/\/biogroupvietnam.com\/en\/product\/firereader-v10\/#primaryimage"},"thumbnailUrl":"https:\/\/biogroupvietnam.com\/wp-content\/uploads\/2025\/08\/FireReader20V10.png","datePublished":"2025-08-18T12:54:15+00:00","dateModified":"2025-09-29T08:08:45+00:00","description":"FireReader V10 l\u00e0 m\u1ed9t h\u1ec7 th\u1ed1ng ch\u1ee5p \u1ea3nh gel c\u00f3 c\u1ea5u h\u00ecnh k\u1ef9 thu\u1eadt c\u1ef1c cao, cung c\u1ea5p \u0111\u1ebfn 7 ngu\u1ed3n \u00e1nh s\u00e1ng kh\u00e1c nhau v\u00e0 nhi\u1ec1u \u1ee9ng d\u1ee5ng.","breadcrumb":{"@id":"https:\/\/biogroupvietnam.com\/en\/product\/firereader-v10\/#breadcrumb"},"inLanguage":"en-US","potentialAction":[{"@type":"ReadAction","target":["https:\/\/biogroupvietnam.com\/en\/product\/firereader-v10\/"]}]},{"@type":"ImageObject","inLanguage":"en-US","@id":"https:\/\/biogroupvietnam.com\/en\/product\/firereader-v10\/#primaryimage","url":"https:\/\/biogroupvietnam.com\/wp-content\/uploads\/2025\/08\/FireReader20V10.png","contentUrl":"https:\/\/biogroupvietnam.com\/wp-content\/uploads\/2025\/08\/FireReader20V10.png","width":1600,"height":1229,"caption":"\u00a0"},{"@type":"BreadcrumbList","@id":"https:\/\/biogroupvietnam.com\/en\/product\/firereader-v10\/#breadcrumb","itemListElement":[{"@type":"ListItem","position":1,"name":"Biogroup Vietnam | End-to-End Biotechnology Solutions","item":"https:\/\/biogroupvietnam.com\/vi\/"},{"@type":"ListItem","position":2,"name":"Product","item":"https:\/\/biogroupvietnam.com\/vi\/san-pham\/"},{"@type":"ListItem","position":3,"name":"Biological R&D","item":"https:\/\/biogroupvietnam.com\/vi\/danh-muc-san-pham\/rd-sinh-hoc\/"},{"@type":"ListItem","position":4,"name":"Geldoc system","item":"https:\/\/biogroupvietnam.com\/vi\/danh-muc-san-pham\/chup-anh-gel\/"},{"@type":"ListItem","position":5,"name":"FireReader V10"}]},{"@type":"WebSite","@id":"https:\/\/biogroupvietnam.com\/en\/vi\/#website","url":"https:\/\/biogroupvietnam.com\/en\/vi\/","name":"Biogroup Vietnam","description":"Biogroup Vietnam cung c\u1ea5p d\u1ecbch v\u1ee5 k\u1ef9 thu\u1eadt c\u00f9ng thi\u1ebft b\u1ecb, v\u1eadt t\u01b0, h\u00f3a ch\u1ea5t v\u00e0 gi\u1ea3i ph\u00e1p sinh h\u1ecdc cho ph\u00f2ng th\u00ed nghi\u1ec7m c\u00f4ng ngh\u1ec7 sinh h\u1ecdc, y sinh v\u00e0 y h\u1ecdc t\u00e1i t\u1ea1o.","potentialAction":[{"@type":"SearchAction","target":{"@type":"EntryPoint","urlTemplate":"https:\/\/biogroupvietnam.com\/en\/vi\/?s={search_term_string}"},"query-input":{"@type":"PropertyValueSpecification","valueRequired":true,"valueName":"search_term_string"}}],"inLanguage":"en-US"}]}},"_links":{"self":[{"href":"https:\/\/biogroupvietnam.com\/en\/wp-json\/wp\/v2\/product\/3884","targetHints":{"allow":["GET"]}}],"collection":[{"href":"https:\/\/biogroupvietnam.com\/en\/wp-json\/wp\/v2\/product"}],"about":[{"href":"https:\/\/biogroupvietnam.com\/en\/wp-json\/wp\/v2\/types\/product"}],"replies":[{"embeddable":true,"href":"https:\/\/biogroupvietnam.com\/en\/wp-json\/wp\/v2\/comments?post=3884"}],"version-history":[{"count":2,"href":"https:\/\/biogroupvietnam.com\/en\/wp-json\/wp\/v2\/product\/3884\/revisions"}],"predecessor-version":[{"id":8253,"href":"https:\/\/biogroupvietnam.com\/en\/wp-json\/wp\/v2\/product\/3884\/revisions\/8253"}],"wp:featuredmedia":[{"embeddable":true,"href":"https:\/\/biogroupvietnam.com\/en\/wp-json\/wp\/v2\/media\/5475"}],"wp:attachment":[{"href":"https:\/\/biogroupvietnam.com\/en\/wp-json\/wp\/v2\/media?parent=3884"}],"wp:term":[{"taxonomy":"product_brand","embeddable":true,"href":"https:\/\/biogroupvietnam.com\/en\/wp-json\/wp\/v2\/product_brand?post=3884"},{"taxonomy":"product_cat","embeddable":true,"href":"https:\/\/biogroupvietnam.com\/en\/wp-json\/wp\/v2\/product_cat?post=3884"},{"taxonomy":"product_tag","embeddable":true,"href":"https:\/\/biogroupvietnam.com\/en\/wp-json\/wp\/v2\/product_tag?post=3884"}],"curies":[{"name":"wp","href":"https:\/\/api.w.org\/{rel}","templated":true}]}}