{"id":3891,"date":"2025-08-18T19:54:17","date_gmt":"2025-08-18T12:54:17","guid":{"rendered":"http:\/\/biogroupvietnam-worldpress.local\/product\/import-placeholder-for-170\/"},"modified":"2025-09-29T15:08:47","modified_gmt":"2025-09-29T08:08:47","slug":"cryo-strawtag","status":"publish","type":"product","link":"https:\/\/biogroupvietnam.com\/en\/product\/cryo-labels-for-freezing-straws-1%e2%80%b3-x-1%e2%80%b3-for-0-5ml-ivf-straw-cst\/","title":{"rendered":"Cryo Labels for Freezing Straws \u2013 1\u2033 x 1\u2033 for 0.5ml IVF Straw #CST"},"content":{"rendered":"<p><a href=\"https:\/\/www.labtag.com\/shop\/product\/cryo-labels-for-freezing-straws-1-x-1-for-0-25ml-ivf-straw-cst-29npnot0-5\/\">Cryo-StrawTAaG\u2122<\/a> \u2013 Cryogenic Labels for the Identification of IVF Straw<\/p>\n","protected":false},"excerpt":{"rendered":"<p>Cryo-StrawTAaG\u2122 \u2013 Cryogenic Labels for the Identification of IVF Straw<\/p>\n","protected":false},"featured_media":5486,"comment_status":"closed","ping_status":"closed","template":"","meta":{"_acf_changed":false},"product_brand":[131],"product_cat":[104],"product_tag":[],"class_list":{"0":"post-3891","1":"product","2":"type-product","3":"status-publish","4":"has-post-thumbnail","6":"product_brand-ga-international-labtag","7":"product_cat-cryogenic-barcode-labels","9":"first","10":"outofstock","11":"shipping-taxable","12":"product-type-simple"},"acf":[],"yoast_head":"<!-- This site is optimized with the Yoast SEO plugin v26.8 - https:\/\/yoast.com\/product\/yoast-seo-wordpress\/ -->\n<title>Cryo Labels for Freezing Straws \u2013 1\u2033 x 1\u2033 for 0.5ml IVF Straw #CST<\/title>\n<meta name=\"description\" content=\"Cryo-StrawTAaG\u2122 \u2013 Cryogenic Labels for the Identification of IVF Straw\" \/>\n<meta name=\"robots\" content=\"index, follow, max-snippet:-1, max-image-preview:large, max-video-preview:-1\" \/>\n<link rel=\"canonical\" href=\"http:\/\/Cryo-StrawTAaG\u2122%20\u2013%20Cryogenic%20Labels%20for%20the%20Identification%20of%20IVF%20Straw\" \/>\n<meta property=\"og:locale\" content=\"en_US\" \/>\n<meta property=\"og:type\" content=\"article\" \/>\n<meta property=\"og:title\" content=\"Cryo Labels for Freezing Straws \u2013 1\u2033 x 1\u2033 for 0.5ml IVF Straw #CST\" \/>\n<meta property=\"og:description\" content=\"Cryo-StrawTAaG\u2122 \u2013 Cryogenic Labels for the Identification of IVF Straw\" \/>\n<meta property=\"og:url\" content=\"https:\/\/biogroupvietnam.com\/en\/product\/cryo-labels-for-freezing-straws-1\u2033-x-1\u2033-for-0-5ml-ivf-straw-cst\/\" \/>\n<meta property=\"og:site_name\" content=\"Biogroup Vietnam\" \/>\n<meta property=\"article:modified_time\" content=\"2025-09-29T08:08:47+00:00\" \/>\n<meta property=\"og:image\" content=\"https:\/\/biogroupvietnam.com\/wp-content\/uploads\/2025\/08\/4BgGrJWGtJemKbU6WTlLTwCOQqCwA8aq0dfzaT6G.jpg\" \/>\n\t<meta property=\"og:image:width\" content=\"800\" \/>\n\t<meta property=\"og:image:height\" content=\"510\" \/>\n\t<meta property=\"og:image:type\" content=\"image\/jpeg\" \/>\n<meta name=\"twitter:card\" content=\"summary_large_image\" \/>\n<meta name=\"twitter:label1\" content=\"Est. reading time\" \/>\n\t<meta name=\"twitter:data1\" content=\"3 minutes\" \/>\n<script type=\"application\/ld+json\" class=\"yoast-schema-graph\">{\"@context\":\"https:\/\/schema.org\",\"@graph\":[{\"@type\":\"WebPage\",\"@id\":\"https:\/\/biogroupvietnam.com\/en\/product\/cryo-labels-for-freezing-straws-1%e2%80%b3-x-1%e2%80%b3-for-0-5ml-ivf-straw-cst\/\",\"url\":\"https:\/\/biogroupvietnam.com\/en\/product\/cryo-labels-for-freezing-straws-1%e2%80%b3-x-1%e2%80%b3-for-0-5ml-ivf-straw-cst\/\",\"name\":\"Nh\u00e3n m\u00e3 v\u1ea1ch d\u00f9ng cho c\u1ecdng tr\u1eef m\u1eabu 0.5ml trong nit\u01a1 l\u1ecfng Cryo-StrawTAG\u2122 #CST\",\"isPartOf\":{\"@id\":\"https:\/\/biogroupvietnam.com\/vi\/#website\"},\"primaryImageOfPage\":{\"@id\":\"https:\/\/biogroupvietnam.com\/en\/product\/cryo-labels-for-freezing-straws-1%e2%80%b3-x-1%e2%80%b3-for-0-5ml-ivf-straw-cst\/#primaryimage\"},\"image\":{\"@id\":\"https:\/\/biogroupvietnam.com\/en\/product\/cryo-labels-for-freezing-straws-1%e2%80%b3-x-1%e2%80%b3-for-0-5ml-ivf-straw-cst\/#primaryimage\"},\"thumbnailUrl\":\"https:\/\/biogroupvietnam.com\/wp-content\/uploads\/2025\/08\/4BgGrJWGtJemKbU6WTlLTwCOQqCwA8aq0dfzaT6G.jpg\",\"datePublished\":\"2025-08-18T12:54:17+00:00\",\"dateModified\":\"2025-09-29T08:08:47+00:00\",\"description\":\"Nh\u00e3n d\u00f9ng cho \u1ed1ng tr\u1eef m\u1eabu 0.25ml v\u00e0 0.5ml v\u1edbi c\u00e1c c\u1ea5u h\u00ecnh kh\u00e1c nhau, \u0111\u00e3 tr\u1ea3i qua th\u1eed nghi\u1ec7m trong nito l\u1ecfng.\",\"breadcrumb\":{\"@id\":\"https:\/\/biogroupvietnam.com\/en\/product\/cryo-labels-for-freezing-straws-1%e2%80%b3-x-1%e2%80%b3-for-0-5ml-ivf-straw-cst\/#breadcrumb\"},\"inLanguage\":\"en-US\",\"potentialAction\":[{\"@type\":\"ReadAction\",\"target\":[\"https:\/\/biogroupvietnam.com\/en\/product\/cryo-labels-for-freezing-straws-1%e2%80%b3-x-1%e2%80%b3-for-0-5ml-ivf-straw-cst\/\"]}]},{\"@type\":\"ImageObject\",\"inLanguage\":\"en-US\",\"@id\":\"https:\/\/biogroupvietnam.com\/en\/product\/cryo-labels-for-freezing-straws-1%e2%80%b3-x-1%e2%80%b3-for-0-5ml-ivf-straw-cst\/#primaryimage\",\"url\":\"https:\/\/biogroupvietnam.com\/wp-content\/uploads\/2025\/08\/4BgGrJWGtJemKbU6WTlLTwCOQqCwA8aq0dfzaT6G.jpg\",\"contentUrl\":\"https:\/\/biogroupvietnam.com\/wp-content\/uploads\/2025\/08\/4BgGrJWGtJemKbU6WTlLTwCOQqCwA8aq0dfzaT6G.jpg\",\"width\":800,\"height\":510,\"caption\":\"\u00a0\"},{\"@type\":\"BreadcrumbList\",\"@id\":\"https:\/\/biogroupvietnam.com\/en\/product\/cryo-labels-for-freezing-straws-1%e2%80%b3-x-1%e2%80%b3-for-0-5ml-ivf-straw-cst\/#breadcrumb\",\"itemListElement\":[{\"@type\":\"ListItem\",\"position\":1,\"name\":\"Biogroup Vietnam | End-to-End Biotechnology Solutions\",\"item\":\"https:\/\/biogroupvietnam.com\/vi\/\"},{\"@type\":\"ListItem\",\"position\":2,\"name\":\"Product\",\"item\":\"https:\/\/biogroupvietnam.com\/vi\/san-pham\/\"},{\"@type\":\"ListItem\",\"position\":3,\"name\":\"Cellular Cryopreservation\",\"item\":\"https:\/\/biogroupvietnam.com\/vi\/danh-muc-san-pham\/bao-quan-lanh-te-bao\/\"},{\"@type\":\"ListItem\",\"position\":4,\"name\":\"Cryogenic Barcode Labels\",\"item\":\"https:\/\/biogroupvietnam.com\/vi\/danh-muc-san-pham\/nhan-ma-vach-dong-lanh\/\"},{\"@type\":\"ListItem\",\"position\":5,\"name\":\"Cryo Labels for Freezing Straws \u2013 1\u2033 x 1\u2033 for 0.5ml IVF Straw #CST\"}]},{\"@type\":\"WebSite\",\"@id\":\"https:\/\/biogroupvietnam.com\/en\/vi\/#website\",\"url\":\"https:\/\/biogroupvietnam.com\/en\/vi\/\",\"name\":\"Biogroup Vietnam\",\"description\":\"Biogroup Vietnam cung c\u1ea5p d\u1ecbch v\u1ee5 k\u1ef9 thu\u1eadt c\u00f9ng thi\u1ebft b\u1ecb, v\u1eadt t\u01b0, h\u00f3a ch\u1ea5t v\u00e0 gi\u1ea3i ph\u00e1p sinh h\u1ecdc cho ph\u00f2ng th\u00ed nghi\u1ec7m c\u00f4ng ngh\u1ec7 sinh h\u1ecdc, y sinh v\u00e0 y h\u1ecdc t\u00e1i t\u1ea1o.\",\"potentialAction\":[{\"@type\":\"SearchAction\",\"target\":{\"@type\":\"EntryPoint\",\"urlTemplate\":\"https:\/\/biogroupvietnam.com\/en\/vi\/?s={search_term_string}\"},\"query-input\":{\"@type\":\"PropertyValueSpecification\",\"valueRequired\":true,\"valueName\":\"search_term_string\"}}],\"inLanguage\":\"en-US\"}]}<\/script>\n<!-- \/ Yoast SEO plugin. -->","yoast_head_json":{"title":"Cryo Labels for Freezing Straws \u2013 1\u2033 x 1\u2033 for 0.5ml IVF Straw #CST","description":"Cryo-StrawTAaG\u2122 \u2013 Cryogenic Labels for the Identification of IVF Straw","robots":{"index":"index","follow":"follow","max-snippet":"max-snippet:-1","max-image-preview":"max-image-preview:large","max-video-preview":"max-video-preview:-1"},"canonical":"Cryo-StrawTAaG\u2122 \u2013 Cryogenic Labels for the Identification of IVF Straw","og_locale":"en_US","og_type":"article","og_title":"Cryo Labels for Freezing Straws \u2013 1\u2033 x 1\u2033 for 0.5ml IVF Straw #CST","og_description":"Cryo-StrawTAaG\u2122 \u2013 Cryogenic Labels for the Identification of IVF Straw","og_url":"https:\/\/biogroupvietnam.com\/en\/product\/cryo-labels-for-freezing-straws-1\u2033-x-1\u2033-for-0-5ml-ivf-straw-cst\/","og_site_name":"Biogroup Vietnam","article_modified_time":"2025-09-29T08:08:47+00:00","og_image":[{"width":800,"height":510,"url":"https:\/\/biogroupvietnam.com\/wp-content\/uploads\/2025\/08\/4BgGrJWGtJemKbU6WTlLTwCOQqCwA8aq0dfzaT6G.jpg","type":"image\/jpeg"}],"twitter_card":"summary_large_image","twitter_misc":{"Est. reading time":"3 minutes"},"schema":{"@context":"https:\/\/schema.org","@graph":[{"@type":"WebPage","@id":"https:\/\/biogroupvietnam.com\/en\/product\/cryo-labels-for-freezing-straws-1%e2%80%b3-x-1%e2%80%b3-for-0-5ml-ivf-straw-cst\/","url":"https:\/\/biogroupvietnam.com\/en\/product\/cryo-labels-for-freezing-straws-1%e2%80%b3-x-1%e2%80%b3-for-0-5ml-ivf-straw-cst\/","name":"Nh\u00e3n m\u00e3 v\u1ea1ch d\u00f9ng cho c\u1ecdng tr\u1eef m\u1eabu 0.5ml trong nit\u01a1 l\u1ecfng Cryo-StrawTAG\u2122 #CST","isPartOf":{"@id":"https:\/\/biogroupvietnam.com\/vi\/#website"},"primaryImageOfPage":{"@id":"https:\/\/biogroupvietnam.com\/en\/product\/cryo-labels-for-freezing-straws-1%e2%80%b3-x-1%e2%80%b3-for-0-5ml-ivf-straw-cst\/#primaryimage"},"image":{"@id":"https:\/\/biogroupvietnam.com\/en\/product\/cryo-labels-for-freezing-straws-1%e2%80%b3-x-1%e2%80%b3-for-0-5ml-ivf-straw-cst\/#primaryimage"},"thumbnailUrl":"https:\/\/biogroupvietnam.com\/wp-content\/uploads\/2025\/08\/4BgGrJWGtJemKbU6WTlLTwCOQqCwA8aq0dfzaT6G.jpg","datePublished":"2025-08-18T12:54:17+00:00","dateModified":"2025-09-29T08:08:47+00:00","description":"Nh\u00e3n d\u00f9ng cho \u1ed1ng tr\u1eef m\u1eabu 0.25ml v\u00e0 0.5ml v\u1edbi c\u00e1c c\u1ea5u h\u00ecnh kh\u00e1c nhau, \u0111\u00e3 tr\u1ea3i qua th\u1eed nghi\u1ec7m trong nito l\u1ecfng.","breadcrumb":{"@id":"https:\/\/biogroupvietnam.com\/en\/product\/cryo-labels-for-freezing-straws-1%e2%80%b3-x-1%e2%80%b3-for-0-5ml-ivf-straw-cst\/#breadcrumb"},"inLanguage":"en-US","potentialAction":[{"@type":"ReadAction","target":["https:\/\/biogroupvietnam.com\/en\/product\/cryo-labels-for-freezing-straws-1%e2%80%b3-x-1%e2%80%b3-for-0-5ml-ivf-straw-cst\/"]}]},{"@type":"ImageObject","inLanguage":"en-US","@id":"https:\/\/biogroupvietnam.com\/en\/product\/cryo-labels-for-freezing-straws-1%e2%80%b3-x-1%e2%80%b3-for-0-5ml-ivf-straw-cst\/#primaryimage","url":"https:\/\/biogroupvietnam.com\/wp-content\/uploads\/2025\/08\/4BgGrJWGtJemKbU6WTlLTwCOQqCwA8aq0dfzaT6G.jpg","contentUrl":"https:\/\/biogroupvietnam.com\/wp-content\/uploads\/2025\/08\/4BgGrJWGtJemKbU6WTlLTwCOQqCwA8aq0dfzaT6G.jpg","width":800,"height":510,"caption":"\u00a0"},{"@type":"BreadcrumbList","@id":"https:\/\/biogroupvietnam.com\/en\/product\/cryo-labels-for-freezing-straws-1%e2%80%b3-x-1%e2%80%b3-for-0-5ml-ivf-straw-cst\/#breadcrumb","itemListElement":[{"@type":"ListItem","position":1,"name":"Biogroup Vietnam | End-to-End Biotechnology Solutions","item":"https:\/\/biogroupvietnam.com\/vi\/"},{"@type":"ListItem","position":2,"name":"Product","item":"https:\/\/biogroupvietnam.com\/vi\/san-pham\/"},{"@type":"ListItem","position":3,"name":"Cellular Cryopreservation","item":"https:\/\/biogroupvietnam.com\/vi\/danh-muc-san-pham\/bao-quan-lanh-te-bao\/"},{"@type":"ListItem","position":4,"name":"Cryogenic Barcode Labels","item":"https:\/\/biogroupvietnam.com\/vi\/danh-muc-san-pham\/nhan-ma-vach-dong-lanh\/"},{"@type":"ListItem","position":5,"name":"Cryo Labels for Freezing Straws \u2013 1\u2033 x 1\u2033 for 0.5ml IVF Straw #CST"}]},{"@type":"WebSite","@id":"https:\/\/biogroupvietnam.com\/en\/vi\/#website","url":"https:\/\/biogroupvietnam.com\/en\/vi\/","name":"Biogroup Vietnam","description":"Biogroup Vietnam cung c\u1ea5p d\u1ecbch v\u1ee5 k\u1ef9 thu\u1eadt c\u00f9ng thi\u1ebft b\u1ecb, v\u1eadt t\u01b0, h\u00f3a ch\u1ea5t v\u00e0 gi\u1ea3i ph\u00e1p sinh h\u1ecdc cho ph\u00f2ng th\u00ed nghi\u1ec7m c\u00f4ng ngh\u1ec7 sinh h\u1ecdc, y sinh v\u00e0 y h\u1ecdc t\u00e1i t\u1ea1o.","potentialAction":[{"@type":"SearchAction","target":{"@type":"EntryPoint","urlTemplate":"https:\/\/biogroupvietnam.com\/en\/vi\/?s={search_term_string}"},"query-input":{"@type":"PropertyValueSpecification","valueRequired":true,"valueName":"search_term_string"}}],"inLanguage":"en-US"}]}},"_links":{"self":[{"href":"https:\/\/biogroupvietnam.com\/en\/wp-json\/wp\/v2\/product\/3891","targetHints":{"allow":["GET"]}}],"collection":[{"href":"https:\/\/biogroupvietnam.com\/en\/wp-json\/wp\/v2\/product"}],"about":[{"href":"https:\/\/biogroupvietnam.com\/en\/wp-json\/wp\/v2\/types\/product"}],"replies":[{"embeddable":true,"href":"https:\/\/biogroupvietnam.com\/en\/wp-json\/wp\/v2\/comments?post=3891"}],"version-history":[{"count":2,"href":"https:\/\/biogroupvietnam.com\/en\/wp-json\/wp\/v2\/product\/3891\/revisions"}],"predecessor-version":[{"id":8260,"href":"https:\/\/biogroupvietnam.com\/en\/wp-json\/wp\/v2\/product\/3891\/revisions\/8260"}],"wp:featuredmedia":[{"embeddable":true,"href":"https:\/\/biogroupvietnam.com\/en\/wp-json\/wp\/v2\/media\/5486"}],"wp:attachment":[{"href":"https:\/\/biogroupvietnam.com\/en\/wp-json\/wp\/v2\/media?parent=3891"}],"wp:term":[{"taxonomy":"product_brand","embeddable":true,"href":"https:\/\/biogroupvietnam.com\/en\/wp-json\/wp\/v2\/product_brand?post=3891"},{"taxonomy":"product_cat","embeddable":true,"href":"https:\/\/biogroupvietnam.com\/en\/wp-json\/wp\/v2\/product_cat?post=3891"},{"taxonomy":"product_tag","embeddable":true,"href":"https:\/\/biogroupvietnam.com\/en\/wp-json\/wp\/v2\/product_tag?post=3891"}],"curies":[{"name":"wp","href":"https:\/\/api.w.org\/{rel}","templated":true}]}}