{"id":3892,"date":"2025-08-18T19:54:17","date_gmt":"2025-08-18T12:54:17","guid":{"rendered":"http:\/\/biogroupvietnam-worldpress.local\/product\/import-placeholder-for-171\/"},"modified":"2026-01-12T17:06:18","modified_gmt":"2026-01-12T10:06:18","slug":"mve-cryosystem-750","status":"publish","type":"product","link":"https:\/\/biogroupvietnam.com\/en\/product\/mve-cryosystem-750\/","title":{"rendered":"MVE CryoSystem 750"},"content":{"rendered":"<p><a href=\"https:\/\/mvebio.com\/aluminum-dewars\/mve-cryosystem-series\/\">MVE CryoSystem 750 <\/a>is Highly Efficient and Light Weight, Mid-Range Vial Storage Capacity Tanks Most Economical Unit in Their Class<\/p>\n","protected":false},"excerpt":{"rendered":"<p>MVE CryoSystem 750 is Highly Efficient and Light Weight, Mid-Range Vial Storage Capacity Tanks Most Economical Unit in Their Class<\/p>\n","protected":false},"featured_media":8876,"comment_status":"closed","ping_status":"closed","template":"","meta":{"_acf_changed":false},"product_brand":[128],"product_cat":[96],"product_tag":[],"class_list":{"0":"post-3892","1":"product","2":"type-product","3":"status-publish","4":"has-post-thumbnail","6":"product_brand-mve-biological-solutions","7":"product_cat-aluminum-dewars","9":"first","10":"outofstock","11":"shipping-taxable","12":"product-type-simple"},"acf":[],"yoast_head":"<!-- This site is optimized with the Yoast SEO plugin v26.8 - https:\/\/yoast.com\/product\/yoast-seo-wordpress\/ -->\n<title>MVE CryoSystem 750<\/title>\n<meta name=\"description\" content=\"MVE CryoSystem 750 is Highly Efficient and Light Weight, Mid-Range Vial Storage Capacity Tanks Most Economical Unit in Their Class\" \/>\n<meta name=\"robots\" content=\"index, follow, max-snippet:-1, max-image-preview:large, max-video-preview:-1\" \/>\n<link rel=\"canonical\" href=\"http:\/\/MVE%20CryoSystem%20750%20is%20Highly%20Efficient%20and%20Light%20Weight,%20Mid-Range%20Vial%20Storage%20Capacity%20Tanks%20Most%20Economical%20Unit%20in%20Their%20Class\" \/>\n<meta property=\"og:locale\" content=\"en_US\" \/>\n<meta property=\"og:type\" content=\"article\" \/>\n<meta property=\"og:title\" content=\"MVE CryoSystem 750\" \/>\n<meta property=\"og:description\" content=\"MVE CryoSystem 750 is Highly Efficient and Light Weight, Mid-Range Vial Storage Capacity Tanks Most Economical Unit in Their Class\" \/>\n<meta property=\"og:url\" content=\"https:\/\/biogroupvietnam.com\/en\/product\/mve-cryosystem-750\/\" \/>\n<meta property=\"og:site_name\" content=\"Biogroup Vietnam\" \/>\n<meta property=\"article:modified_time\" content=\"2026-01-12T10:06:18+00:00\" \/>\n<meta property=\"og:image\" content=\"https:\/\/biogroupvietnam.com\/wp-content\/uploads\/2025\/08\/MVE-CRYOSYSTEM-750.jpg\" \/>\n\t<meta property=\"og:image:width\" content=\"1640\" \/>\n\t<meta property=\"og:image:height\" content=\"1260\" \/>\n\t<meta property=\"og:image:type\" content=\"image\/jpeg\" \/>\n<meta name=\"twitter:card\" content=\"summary_large_image\" \/>\n<meta name=\"twitter:label1\" content=\"Est. reading time\" \/>\n\t<meta name=\"twitter:data1\" content=\"2 minutes\" \/>\n<script type=\"application\/ld+json\" class=\"yoast-schema-graph\">{\"@context\":\"https:\/\/schema.org\",\"@graph\":[{\"@type\":\"WebPage\",\"@id\":\"https:\/\/biogroupvietnam.com\/en\/product\/mve-cryosystem-750\/\",\"url\":\"https:\/\/biogroupvietnam.com\/en\/product\/mve-cryosystem-750\/\",\"name\":\"B\u00ecnh L\u01b0u Tr\u1eef M\u1eabu MVE CryoSystem 750\",\"isPartOf\":{\"@id\":\"https:\/\/biogroupvietnam.com\/vi\/#website\"},\"primaryImageOfPage\":{\"@id\":\"https:\/\/biogroupvietnam.com\/en\/product\/mve-cryosystem-750\/#primaryimage\"},\"image\":{\"@id\":\"https:\/\/biogroupvietnam.com\/en\/product\/mve-cryosystem-750\/#primaryimage\"},\"thumbnailUrl\":\"https:\/\/biogroupvietnam.com\/wp-content\/uploads\/2025\/08\/MVE-CRYOSYSTEM-750.jpg\",\"datePublished\":\"2025-08-18T12:54:17+00:00\",\"dateModified\":\"2026-01-12T10:06:18+00:00\",\"description\":\"B\u00ecnh l\u01b0u tr\u1eef m\u1eabu MVE CryoSystem 750 k\u1ebft h\u1ee3p c\u00e1c l\u1ee3i \u00edch nh\u01b0 ti\u00eau th\u1ee5 nit\u01a1 th\u1ea5p v\u00e0 dung t\u00edch b\u00ecnh t\u1ea7m trung \u0111\u1ec3 \u0111\u00e1p \u1ee9ng nhu c\u1ea7u \u0111a d\u1ea1ng c\u1ee7a c\u00e1c chuy\u00ean gia tr\u00ean to\u00e0n th\u1ebf gi\u1edbi ng\u00e0y nay.\",\"breadcrumb\":{\"@id\":\"https:\/\/biogroupvietnam.com\/en\/product\/mve-cryosystem-750\/#breadcrumb\"},\"inLanguage\":\"en-US\",\"potentialAction\":[{\"@type\":\"ReadAction\",\"target\":[\"https:\/\/biogroupvietnam.com\/en\/product\/mve-cryosystem-750\/\"]}]},{\"@type\":\"ImageObject\",\"inLanguage\":\"en-US\",\"@id\":\"https:\/\/biogroupvietnam.com\/en\/product\/mve-cryosystem-750\/#primaryimage\",\"url\":\"https:\/\/biogroupvietnam.com\/wp-content\/uploads\/2025\/08\/MVE-CRYOSYSTEM-750.jpg\",\"contentUrl\":\"https:\/\/biogroupvietnam.com\/wp-content\/uploads\/2025\/08\/MVE-CRYOSYSTEM-750.jpg\",\"width\":1640,\"height\":1260},{\"@type\":\"BreadcrumbList\",\"@id\":\"https:\/\/biogroupvietnam.com\/en\/product\/mve-cryosystem-750\/#breadcrumb\",\"itemListElement\":[{\"@type\":\"ListItem\",\"position\":1,\"name\":\"Biogroup Vietnam | End-to-End Biotechnology Solutions\",\"item\":\"https:\/\/biogroupvietnam.com\/vi\/\"},{\"@type\":\"ListItem\",\"position\":2,\"name\":\"Product\",\"item\":\"https:\/\/biogroupvietnam.com\/vi\/san-pham\/\"},{\"@type\":\"ListItem\",\"position\":3,\"name\":\"Cellular Cryopreservation\",\"item\":\"https:\/\/biogroupvietnam.com\/vi\/danh-muc-san-pham\/bao-quan-lanh-te-bao\/\"},{\"@type\":\"ListItem\",\"position\":4,\"name\":\"Aluminum Dewars\",\"item\":\"https:\/\/biogroupvietnam.com\/vi\/danh-muc-san-pham\/binh-nhom-tru-mau-trong-nito-long\/\"},{\"@type\":\"ListItem\",\"position\":5,\"name\":\"MVE CryoSystem 750\"}]},{\"@type\":\"WebSite\",\"@id\":\"https:\/\/biogroupvietnam.com\/en\/vi\/#website\",\"url\":\"https:\/\/biogroupvietnam.com\/en\/vi\/\",\"name\":\"Biogroup Vietnam\",\"description\":\"Biogroup Vietnam cung c\u1ea5p d\u1ecbch v\u1ee5 k\u1ef9 thu\u1eadt c\u00f9ng thi\u1ebft b\u1ecb, v\u1eadt t\u01b0, h\u00f3a ch\u1ea5t v\u00e0 gi\u1ea3i ph\u00e1p sinh h\u1ecdc cho ph\u00f2ng th\u00ed nghi\u1ec7m c\u00f4ng ngh\u1ec7 sinh h\u1ecdc, y sinh v\u00e0 y h\u1ecdc t\u00e1i t\u1ea1o.\",\"potentialAction\":[{\"@type\":\"SearchAction\",\"target\":{\"@type\":\"EntryPoint\",\"urlTemplate\":\"https:\/\/biogroupvietnam.com\/en\/vi\/?s={search_term_string}\"},\"query-input\":{\"@type\":\"PropertyValueSpecification\",\"valueRequired\":true,\"valueName\":\"search_term_string\"}}],\"inLanguage\":\"en-US\"}]}<\/script>\n<!-- \/ Yoast SEO plugin. -->","yoast_head_json":{"title":"MVE CryoSystem 750","description":"MVE CryoSystem 750 is Highly Efficient and Light Weight, Mid-Range Vial Storage Capacity Tanks Most Economical Unit in Their Class","robots":{"index":"index","follow":"follow","max-snippet":"max-snippet:-1","max-image-preview":"max-image-preview:large","max-video-preview":"max-video-preview:-1"},"canonical":"MVE CryoSystem 750 is Highly Efficient and Light Weight, Mid-Range Vial Storage Capacity Tanks Most Economical Unit in Their Class","og_locale":"en_US","og_type":"article","og_title":"MVE CryoSystem 750","og_description":"MVE CryoSystem 750 is Highly Efficient and Light Weight, Mid-Range Vial Storage Capacity Tanks Most Economical Unit in Their Class","og_url":"https:\/\/biogroupvietnam.com\/en\/product\/mve-cryosystem-750\/","og_site_name":"Biogroup Vietnam","article_modified_time":"2026-01-12T10:06:18+00:00","og_image":[{"width":1640,"height":1260,"url":"https:\/\/biogroupvietnam.com\/wp-content\/uploads\/2025\/08\/MVE-CRYOSYSTEM-750.jpg","type":"image\/jpeg"}],"twitter_card":"summary_large_image","twitter_misc":{"Est. reading time":"2 minutes"},"schema":{"@context":"https:\/\/schema.org","@graph":[{"@type":"WebPage","@id":"https:\/\/biogroupvietnam.com\/en\/product\/mve-cryosystem-750\/","url":"https:\/\/biogroupvietnam.com\/en\/product\/mve-cryosystem-750\/","name":"B\u00ecnh L\u01b0u Tr\u1eef M\u1eabu MVE CryoSystem 750","isPartOf":{"@id":"https:\/\/biogroupvietnam.com\/vi\/#website"},"primaryImageOfPage":{"@id":"https:\/\/biogroupvietnam.com\/en\/product\/mve-cryosystem-750\/#primaryimage"},"image":{"@id":"https:\/\/biogroupvietnam.com\/en\/product\/mve-cryosystem-750\/#primaryimage"},"thumbnailUrl":"https:\/\/biogroupvietnam.com\/wp-content\/uploads\/2025\/08\/MVE-CRYOSYSTEM-750.jpg","datePublished":"2025-08-18T12:54:17+00:00","dateModified":"2026-01-12T10:06:18+00:00","description":"B\u00ecnh l\u01b0u tr\u1eef m\u1eabu MVE CryoSystem 750 k\u1ebft h\u1ee3p c\u00e1c l\u1ee3i \u00edch nh\u01b0 ti\u00eau th\u1ee5 nit\u01a1 th\u1ea5p v\u00e0 dung t\u00edch b\u00ecnh t\u1ea7m trung \u0111\u1ec3 \u0111\u00e1p \u1ee9ng nhu c\u1ea7u \u0111a d\u1ea1ng c\u1ee7a c\u00e1c chuy\u00ean gia tr\u00ean to\u00e0n th\u1ebf gi\u1edbi ng\u00e0y nay.","breadcrumb":{"@id":"https:\/\/biogroupvietnam.com\/en\/product\/mve-cryosystem-750\/#breadcrumb"},"inLanguage":"en-US","potentialAction":[{"@type":"ReadAction","target":["https:\/\/biogroupvietnam.com\/en\/product\/mve-cryosystem-750\/"]}]},{"@type":"ImageObject","inLanguage":"en-US","@id":"https:\/\/biogroupvietnam.com\/en\/product\/mve-cryosystem-750\/#primaryimage","url":"https:\/\/biogroupvietnam.com\/wp-content\/uploads\/2025\/08\/MVE-CRYOSYSTEM-750.jpg","contentUrl":"https:\/\/biogroupvietnam.com\/wp-content\/uploads\/2025\/08\/MVE-CRYOSYSTEM-750.jpg","width":1640,"height":1260},{"@type":"BreadcrumbList","@id":"https:\/\/biogroupvietnam.com\/en\/product\/mve-cryosystem-750\/#breadcrumb","itemListElement":[{"@type":"ListItem","position":1,"name":"Biogroup Vietnam | End-to-End Biotechnology Solutions","item":"https:\/\/biogroupvietnam.com\/vi\/"},{"@type":"ListItem","position":2,"name":"Product","item":"https:\/\/biogroupvietnam.com\/vi\/san-pham\/"},{"@type":"ListItem","position":3,"name":"Cellular Cryopreservation","item":"https:\/\/biogroupvietnam.com\/vi\/danh-muc-san-pham\/bao-quan-lanh-te-bao\/"},{"@type":"ListItem","position":4,"name":"Aluminum Dewars","item":"https:\/\/biogroupvietnam.com\/vi\/danh-muc-san-pham\/binh-nhom-tru-mau-trong-nito-long\/"},{"@type":"ListItem","position":5,"name":"MVE CryoSystem 750"}]},{"@type":"WebSite","@id":"https:\/\/biogroupvietnam.com\/en\/vi\/#website","url":"https:\/\/biogroupvietnam.com\/en\/vi\/","name":"Biogroup Vietnam","description":"Biogroup Vietnam cung c\u1ea5p d\u1ecbch v\u1ee5 k\u1ef9 thu\u1eadt c\u00f9ng thi\u1ebft b\u1ecb, v\u1eadt t\u01b0, h\u00f3a ch\u1ea5t v\u00e0 gi\u1ea3i ph\u00e1p sinh h\u1ecdc cho ph\u00f2ng th\u00ed nghi\u1ec7m c\u00f4ng ngh\u1ec7 sinh h\u1ecdc, y sinh v\u00e0 y h\u1ecdc t\u00e1i t\u1ea1o.","potentialAction":[{"@type":"SearchAction","target":{"@type":"EntryPoint","urlTemplate":"https:\/\/biogroupvietnam.com\/en\/vi\/?s={search_term_string}"},"query-input":{"@type":"PropertyValueSpecification","valueRequired":true,"valueName":"search_term_string"}}],"inLanguage":"en-US"}]}},"_links":{"self":[{"href":"https:\/\/biogroupvietnam.com\/en\/wp-json\/wp\/v2\/product\/3892","targetHints":{"allow":["GET"]}}],"collection":[{"href":"https:\/\/biogroupvietnam.com\/en\/wp-json\/wp\/v2\/product"}],"about":[{"href":"https:\/\/biogroupvietnam.com\/en\/wp-json\/wp\/v2\/types\/product"}],"replies":[{"embeddable":true,"href":"https:\/\/biogroupvietnam.com\/en\/wp-json\/wp\/v2\/comments?post=3892"}],"version-history":[{"count":7,"href":"https:\/\/biogroupvietnam.com\/en\/wp-json\/wp\/v2\/product\/3892\/revisions"}],"predecessor-version":[{"id":9521,"href":"https:\/\/biogroupvietnam.com\/en\/wp-json\/wp\/v2\/product\/3892\/revisions\/9521"}],"wp:featuredmedia":[{"embeddable":true,"href":"https:\/\/biogroupvietnam.com\/en\/wp-json\/wp\/v2\/media\/8876"}],"wp:attachment":[{"href":"https:\/\/biogroupvietnam.com\/en\/wp-json\/wp\/v2\/media?parent=3892"}],"wp:term":[{"taxonomy":"product_brand","embeddable":true,"href":"https:\/\/biogroupvietnam.com\/en\/wp-json\/wp\/v2\/product_brand?post=3892"},{"taxonomy":"product_cat","embeddable":true,"href":"https:\/\/biogroupvietnam.com\/en\/wp-json\/wp\/v2\/product_cat?post=3892"},{"taxonomy":"product_tag","embeddable":true,"href":"https:\/\/biogroupvietnam.com\/en\/wp-json\/wp\/v2\/product_tag?post=3892"}],"curies":[{"name":"wp","href":"https:\/\/api.w.org\/{rel}","templated":true}]}}