{"id":3925,"date":"2025-08-18T19:54:41","date_gmt":"2025-08-18T12:54:41","guid":{"rendered":"http:\/\/biogroupvietnam-worldpress.local\/product\/import-placeholder-for-180\/"},"modified":"2025-10-02T14:33:22","modified_gmt":"2025-10-02T07:33:22","slug":"hettich-rotina-380-r","status":"publish","type":"product","link":"https:\/\/biogroupvietnam.com\/en\/product\/benchtop-centrifuge-hettich-rotina-380-r\/","title":{"rendered":"Benchtop Centrifuge Hettich ROTINA 380 R"},"content":{"rendered":"<h3><span style=\"color: hsl(0,0%,0%);\">ROTINA 380 R &#8211; High speed with space saving design<\/span><\/h3>\n<p>High performance unit supporting a wide array of accessories for multiple applications in just one rotor. Its size and performance makes it the ideal bench top centrifuge for most clinical, research and industrial laboratories.<\/p>\n<h6><strong>Cooling options<\/strong><\/h6>\n<p>This unit is available with refrigeration and a temperature range from -20 \u00b0C to +40 \u00b0C (ROTINA 380 R).&nbsp;<br \/>\n&nbsp;<\/p>\n<h4>Areas of applications<\/h4>\n<h6>Clinical chemistry, Hematology, PCR<\/h6>\n<p>Ideal for medium to HTP labs processing large quantities of blood collection tubes, in swing- out rotors and angle rotors.<\/p>\n<h6>Research and Industry, Cell Culture<\/h6>\n<p>Equipment for medium size PCR kits is available as well as for 5 ml conical tubes, reaching 4.800 g.<\/p>\n<p>A multitude of containers for cell culture can be spun as well as conical tubes (50 ml) for the passaging of cells. Apart from that a vast variety of plates and racks for solid phase assays or for cell culture assays can be processed in this centrifuge.<\/p>\n<h6>Facilities<\/h6>\n<ul>\n<li>Hospitals<\/li>\n<li>Hematological labs<\/li>\n<li>Small blood centers<\/li>\n<li>Veterinary labs<\/li>\n<li>Pharmaceutical companies<\/li>\n<li>Food analyzing labs<\/li>\n<li>Scientific labs in universities<\/li>\n<li>Forensic labs<\/li>\n<li>Paternity testing labs<\/li>\n<li>Environmental testing labs<\/li>\n<li>Cell culture labs<\/li>\n<\/ul>\n<p>&nbsp;<\/p>\n<p>Contact for order consultation.<\/p>\n","protected":false},"excerpt":{"rendered":"<p>ROTINA 380 R &#8211; High speed with space saving design High performance unit supporting a wide array of accessories for multiple applications in just one rotor. Its size and performance makes it the ideal bench top centrifuge for most clinical, research and industrial laboratories. Cooling options This unit is available with refrigeration and a temperature<\/p>\n<div class=\"klb-readmore post-buttons\"><a class=\"button rounded primary\" href=\"https:\/\/biogroupvietnam.com\/en\/product\/benchtop-centrifuge-hettich-rotina-380-r\/\">Read More <i class=\"klbth-icon-right-arrow\"><\/i><\/a><\/div>\n","protected":false},"featured_media":5500,"comment_status":"closed","ping_status":"closed","template":"","meta":{"_acf_changed":false},"product_brand":[130],"product_cat":[122],"product_tag":[],"class_list":{"0":"post-3925","1":"product","2":"type-product","3":"status-publish","4":"has-post-thumbnail","6":"product_brand-andreas-hettich","7":"product_cat-centrifuges","9":"first","10":"outofstock","11":"shipping-taxable","12":"product-type-simple"},"acf":[],"yoast_head":"<!-- This site is optimized with the Yoast SEO plugin v26.8 - https:\/\/yoast.com\/product\/yoast-seo-wordpress\/ -->\n<title>Benchtop Centrifuge Hettich ROTINA 380 R<\/title>\n<meta name=\"description\" content=\"ROTINA 380 R - High speed with space saving design High performance unit supporting a wide array of accessories for multiple applications in just one rotor. Its size and performance makes it the ideal bench top centrifuge for most clinical, research and industrial laboratories. Cooling options This unit is available with refrigeration and a temperature&hellip;\" \/>\n<meta name=\"robots\" content=\"index, follow, max-snippet:-1, max-image-preview:large, max-video-preview:-1\" \/>\n<link rel=\"canonical\" href=\"http:\/\/ROTINA%20380%20R%20-%20High%20speed%20with%20space%20saving%20design%20High%20performance%20unit%20supporting%20a%20wide%20array%20of%20accessories%20for%20multiple%20applications%20in%20just%20one%20rotor.%20Its%20size%20and%20performance%20makes%20it%20the%20ideal%20bench%20top%20centrifuge%20for%20most%20clinical,%20research%20and%20industrial%20laboratories.%20Cooling%20options%20This%20unit%20is%20available%20with%20refrigeration%20and%20a%20temperature&hellip;\" \/>\n<meta property=\"og:locale\" content=\"en_US\" \/>\n<meta property=\"og:type\" content=\"article\" \/>\n<meta property=\"og:title\" content=\"Benchtop Centrifuge Hettich ROTINA 380 R\" \/>\n<meta property=\"og:description\" content=\"ROTINA 380 R - High speed with space saving design High performance unit supporting a wide array of accessories for multiple applications in just one rotor. Its size and performance makes it the ideal bench top centrifuge for most clinical, research and industrial laboratories. Cooling options This unit is available with refrigeration and a temperature&hellip;\" \/>\n<meta property=\"og:url\" content=\"https:\/\/biogroupvietnam.com\/en\/product\/benchtop-centrifuge-hettich-rotina-380-r\/\" \/>\n<meta property=\"og:site_name\" content=\"Biogroup Vietnam\" \/>\n<meta property=\"article:modified_time\" content=\"2025-10-02T07:33:22+00:00\" \/>\n<meta property=\"og:image\" content=\"https:\/\/biogroupvietnam.com\/wp-content\/uploads\/2025\/08\/rotina20380R202.jpg\" \/>\n\t<meta property=\"og:image:width\" content=\"1600\" \/>\n\t<meta property=\"og:image:height\" content=\"1229\" \/>\n\t<meta property=\"og:image:type\" content=\"image\/jpeg\" \/>\n<meta name=\"twitter:card\" content=\"summary_large_image\" \/>\n<meta name=\"twitter:label1\" content=\"Est. reading time\" \/>\n\t<meta name=\"twitter:data1\" content=\"2 minutes\" \/>\n<script type=\"application\/ld+json\" class=\"yoast-schema-graph\">{\"@context\":\"https:\/\/schema.org\",\"@graph\":[{\"@type\":\"WebPage\",\"@id\":\"https:\/\/biogroupvietnam.com\/en\/product\/benchtop-centrifuge-hettich-rotina-380-r\/\",\"url\":\"https:\/\/biogroupvietnam.com\/en\/product\/benchtop-centrifuge-hettich-rotina-380-r\/\",\"name\":\"M\u00e1y Ly T\u00e2m L\u1ea1nh \u0110a N\u0103ng \u0110\u1ec3 B\u00e0n Hettich ROTINA 380 R\",\"isPartOf\":{\"@id\":\"https:\/\/biogroupvietnam.com\/vi\/#website\"},\"primaryImageOfPage\":{\"@id\":\"https:\/\/biogroupvietnam.com\/en\/product\/benchtop-centrifuge-hettich-rotina-380-r\/#primaryimage\"},\"image\":{\"@id\":\"https:\/\/biogroupvietnam.com\/en\/product\/benchtop-centrifuge-hettich-rotina-380-r\/#primaryimage\"},\"thumbnailUrl\":\"https:\/\/biogroupvietnam.com\/wp-content\/uploads\/2025\/08\/rotina20380R202.jpg\",\"datePublished\":\"2025-08-18T12:54:41+00:00\",\"dateModified\":\"2025-10-02T07:33:22+00:00\",\"description\":\"M\u00e1y ly t\u00e2m t\u1ed1c \u0111\u1ed9 cao v\u1edbi thi\u1ebft k\u1ebf ti\u1ebft ki\u1ec7m kh\u00f4ng gian.\",\"breadcrumb\":{\"@id\":\"https:\/\/biogroupvietnam.com\/en\/product\/benchtop-centrifuge-hettich-rotina-380-r\/#breadcrumb\"},\"inLanguage\":\"en-US\",\"potentialAction\":[{\"@type\":\"ReadAction\",\"target\":[\"https:\/\/biogroupvietnam.com\/en\/product\/benchtop-centrifuge-hettich-rotina-380-r\/\"]}]},{\"@type\":\"ImageObject\",\"inLanguage\":\"en-US\",\"@id\":\"https:\/\/biogroupvietnam.com\/en\/product\/benchtop-centrifuge-hettich-rotina-380-r\/#primaryimage\",\"url\":\"https:\/\/biogroupvietnam.com\/wp-content\/uploads\/2025\/08\/rotina20380R202.jpg\",\"contentUrl\":\"https:\/\/biogroupvietnam.com\/wp-content\/uploads\/2025\/08\/rotina20380R202.jpg\",\"width\":1600,\"height\":1229,\"caption\":\"\u00a0\"},{\"@type\":\"BreadcrumbList\",\"@id\":\"https:\/\/biogroupvietnam.com\/en\/product\/benchtop-centrifuge-hettich-rotina-380-r\/#breadcrumb\",\"itemListElement\":[{\"@type\":\"ListItem\",\"position\":1,\"name\":\"Biogroup Vietnam | End-to-End Biotechnology Solutions\",\"item\":\"https:\/\/biogroupvietnam.com\/vi\/\"},{\"@type\":\"ListItem\",\"position\":2,\"name\":\"Product\",\"item\":\"https:\/\/biogroupvietnam.com\/vi\/san-pham\/\"},{\"@type\":\"ListItem\",\"position\":3,\"name\":\"Biological R&D\",\"item\":\"https:\/\/biogroupvietnam.com\/vi\/danh-muc-san-pham\/rd-sinh-hoc\/\"},{\"@type\":\"ListItem\",\"position\":4,\"name\":\"Centrifuges\",\"item\":\"https:\/\/biogroupvietnam.com\/vi\/danh-muc-san-pham\/may-ly-tam\/\"},{\"@type\":\"ListItem\",\"position\":5,\"name\":\"Benchtop Centrifuge Hettich ROTINA 380 R\"}]},{\"@type\":\"WebSite\",\"@id\":\"https:\/\/biogroupvietnam.com\/en\/vi\/#website\",\"url\":\"https:\/\/biogroupvietnam.com\/en\/vi\/\",\"name\":\"Biogroup Vietnam\",\"description\":\"Biogroup Vietnam cung c\u1ea5p d\u1ecbch v\u1ee5 k\u1ef9 thu\u1eadt c\u00f9ng thi\u1ebft b\u1ecb, v\u1eadt t\u01b0, h\u00f3a ch\u1ea5t v\u00e0 gi\u1ea3i ph\u00e1p sinh h\u1ecdc cho ph\u00f2ng th\u00ed nghi\u1ec7m c\u00f4ng ngh\u1ec7 sinh h\u1ecdc, y sinh v\u00e0 y h\u1ecdc t\u00e1i t\u1ea1o.\",\"potentialAction\":[{\"@type\":\"SearchAction\",\"target\":{\"@type\":\"EntryPoint\",\"urlTemplate\":\"https:\/\/biogroupvietnam.com\/en\/vi\/?s={search_term_string}\"},\"query-input\":{\"@type\":\"PropertyValueSpecification\",\"valueRequired\":true,\"valueName\":\"search_term_string\"}}],\"inLanguage\":\"en-US\"}]}<\/script>\n<!-- \/ Yoast SEO plugin. -->","yoast_head_json":{"title":"Benchtop Centrifuge Hettich ROTINA 380 R","description":"ROTINA 380 R - High speed with space saving design High performance unit supporting a wide array of accessories for multiple applications in just one rotor. Its size and performance makes it the ideal bench top centrifuge for most clinical, research and industrial laboratories. Cooling options This unit is available with refrigeration and a temperature&hellip;","robots":{"index":"index","follow":"follow","max-snippet":"max-snippet:-1","max-image-preview":"max-image-preview:large","max-video-preview":"max-video-preview:-1"},"canonical":"ROTINA 380 R - High speed with space saving design High performance unit supporting a wide array of accessories for multiple applications in just one rotor. Its size and performance makes it the ideal bench top centrifuge for most clinical, research and industrial laboratories. Cooling options This unit is available with refrigeration and a temperature&hellip;","og_locale":"en_US","og_type":"article","og_title":"Benchtop Centrifuge Hettich ROTINA 380 R","og_description":"ROTINA 380 R - High speed with space saving design High performance unit supporting a wide array of accessories for multiple applications in just one rotor. Its size and performance makes it the ideal bench top centrifuge for most clinical, research and industrial laboratories. Cooling options This unit is available with refrigeration and a temperature&hellip;","og_url":"https:\/\/biogroupvietnam.com\/en\/product\/benchtop-centrifuge-hettich-rotina-380-r\/","og_site_name":"Biogroup Vietnam","article_modified_time":"2025-10-02T07:33:22+00:00","og_image":[{"width":1600,"height":1229,"url":"https:\/\/biogroupvietnam.com\/wp-content\/uploads\/2025\/08\/rotina20380R202.jpg","type":"image\/jpeg"}],"twitter_card":"summary_large_image","twitter_misc":{"Est. reading time":"2 minutes"},"schema":{"@context":"https:\/\/schema.org","@graph":[{"@type":"WebPage","@id":"https:\/\/biogroupvietnam.com\/en\/product\/benchtop-centrifuge-hettich-rotina-380-r\/","url":"https:\/\/biogroupvietnam.com\/en\/product\/benchtop-centrifuge-hettich-rotina-380-r\/","name":"M\u00e1y Ly T\u00e2m L\u1ea1nh \u0110a N\u0103ng \u0110\u1ec3 B\u00e0n Hettich ROTINA 380 R","isPartOf":{"@id":"https:\/\/biogroupvietnam.com\/vi\/#website"},"primaryImageOfPage":{"@id":"https:\/\/biogroupvietnam.com\/en\/product\/benchtop-centrifuge-hettich-rotina-380-r\/#primaryimage"},"image":{"@id":"https:\/\/biogroupvietnam.com\/en\/product\/benchtop-centrifuge-hettich-rotina-380-r\/#primaryimage"},"thumbnailUrl":"https:\/\/biogroupvietnam.com\/wp-content\/uploads\/2025\/08\/rotina20380R202.jpg","datePublished":"2025-08-18T12:54:41+00:00","dateModified":"2025-10-02T07:33:22+00:00","description":"M\u00e1y ly t\u00e2m t\u1ed1c \u0111\u1ed9 cao v\u1edbi thi\u1ebft k\u1ebf ti\u1ebft ki\u1ec7m kh\u00f4ng gian.","breadcrumb":{"@id":"https:\/\/biogroupvietnam.com\/en\/product\/benchtop-centrifuge-hettich-rotina-380-r\/#breadcrumb"},"inLanguage":"en-US","potentialAction":[{"@type":"ReadAction","target":["https:\/\/biogroupvietnam.com\/en\/product\/benchtop-centrifuge-hettich-rotina-380-r\/"]}]},{"@type":"ImageObject","inLanguage":"en-US","@id":"https:\/\/biogroupvietnam.com\/en\/product\/benchtop-centrifuge-hettich-rotina-380-r\/#primaryimage","url":"https:\/\/biogroupvietnam.com\/wp-content\/uploads\/2025\/08\/rotina20380R202.jpg","contentUrl":"https:\/\/biogroupvietnam.com\/wp-content\/uploads\/2025\/08\/rotina20380R202.jpg","width":1600,"height":1229,"caption":"\u00a0"},{"@type":"BreadcrumbList","@id":"https:\/\/biogroupvietnam.com\/en\/product\/benchtop-centrifuge-hettich-rotina-380-r\/#breadcrumb","itemListElement":[{"@type":"ListItem","position":1,"name":"Biogroup Vietnam | End-to-End Biotechnology Solutions","item":"https:\/\/biogroupvietnam.com\/vi\/"},{"@type":"ListItem","position":2,"name":"Product","item":"https:\/\/biogroupvietnam.com\/vi\/san-pham\/"},{"@type":"ListItem","position":3,"name":"Biological R&D","item":"https:\/\/biogroupvietnam.com\/vi\/danh-muc-san-pham\/rd-sinh-hoc\/"},{"@type":"ListItem","position":4,"name":"Centrifuges","item":"https:\/\/biogroupvietnam.com\/vi\/danh-muc-san-pham\/may-ly-tam\/"},{"@type":"ListItem","position":5,"name":"Benchtop Centrifuge Hettich ROTINA 380 R"}]},{"@type":"WebSite","@id":"https:\/\/biogroupvietnam.com\/en\/vi\/#website","url":"https:\/\/biogroupvietnam.com\/en\/vi\/","name":"Biogroup Vietnam","description":"Biogroup Vietnam cung c\u1ea5p d\u1ecbch v\u1ee5 k\u1ef9 thu\u1eadt c\u00f9ng thi\u1ebft b\u1ecb, v\u1eadt t\u01b0, h\u00f3a ch\u1ea5t v\u00e0 gi\u1ea3i ph\u00e1p sinh h\u1ecdc cho ph\u00f2ng th\u00ed nghi\u1ec7m c\u00f4ng ngh\u1ec7 sinh h\u1ecdc, y sinh v\u00e0 y h\u1ecdc t\u00e1i t\u1ea1o.","potentialAction":[{"@type":"SearchAction","target":{"@type":"EntryPoint","urlTemplate":"https:\/\/biogroupvietnam.com\/en\/vi\/?s={search_term_string}"},"query-input":{"@type":"PropertyValueSpecification","valueRequired":true,"valueName":"search_term_string"}}],"inLanguage":"en-US"}]}},"_links":{"self":[{"href":"https:\/\/biogroupvietnam.com\/en\/wp-json\/wp\/v2\/product\/3925","targetHints":{"allow":["GET"]}}],"collection":[{"href":"https:\/\/biogroupvietnam.com\/en\/wp-json\/wp\/v2\/product"}],"about":[{"href":"https:\/\/biogroupvietnam.com\/en\/wp-json\/wp\/v2\/types\/product"}],"replies":[{"embeddable":true,"href":"https:\/\/biogroupvietnam.com\/en\/wp-json\/wp\/v2\/comments?post=3925"}],"version-history":[{"count":2,"href":"https:\/\/biogroupvietnam.com\/en\/wp-json\/wp\/v2\/product\/3925\/revisions"}],"predecessor-version":[{"id":8270,"href":"https:\/\/biogroupvietnam.com\/en\/wp-json\/wp\/v2\/product\/3925\/revisions\/8270"}],"wp:featuredmedia":[{"embeddable":true,"href":"https:\/\/biogroupvietnam.com\/en\/wp-json\/wp\/v2\/media\/5500"}],"wp:attachment":[{"href":"https:\/\/biogroupvietnam.com\/en\/wp-json\/wp\/v2\/media?parent=3925"}],"wp:term":[{"taxonomy":"product_brand","embeddable":true,"href":"https:\/\/biogroupvietnam.com\/en\/wp-json\/wp\/v2\/product_brand?post=3925"},{"taxonomy":"product_cat","embeddable":true,"href":"https:\/\/biogroupvietnam.com\/en\/wp-json\/wp\/v2\/product_cat?post=3925"},{"taxonomy":"product_tag","embeddable":true,"href":"https:\/\/biogroupvietnam.com\/en\/wp-json\/wp\/v2\/product_tag?post=3925"}],"curies":[{"name":"wp","href":"https:\/\/api.w.org\/{rel}","templated":true}]}}