{"id":3927,"date":"2025-08-18T19:54:42","date_gmt":"2025-08-18T12:54:42","guid":{"rendered":"http:\/\/biogroupvietnam-worldpress.local\/product\/import-placeholder-for-182\/"},"modified":"2026-03-12T17:35:31","modified_gmt":"2026-03-12T10:35:31","slug":"bom-dinh-luong-ap-suat-cao","status":"publish","type":"product","link":"https:\/\/biogroupvietnam.com\/en\/product\/high-pressure-dosing-pumps\/","title":{"rendered":"High-Pressure Dosing Pumps"},"content":{"rendered":"<p><a href=\"https:\/\/www.knauer.net\/pumps-dosing-pumps\">High-Pressure Dosing Pumps<\/a><\/p>\n","protected":false},"excerpt":{"rendered":"<p>High-Pressure Dosing Pumps<\/p>\n","protected":false},"featured_media":9965,"comment_status":"closed","ping_status":"closed","template":"","meta":{"_acf_changed":false},"product_brand":[137],"product_cat":[119],"product_tag":[],"class_list":{"0":"post-3927","1":"product","2":"type-product","3":"status-publish","4":"has-post-thumbnail","6":"product_brand-knauer","7":"product_cat-protein-purifications","9":"first","10":"outofstock","11":"shipping-taxable","12":"product-type-simple"},"acf":[],"yoast_head":"<!-- This site is optimized with the Yoast SEO plugin v26.8 - https:\/\/yoast.com\/product\/yoast-seo-wordpress\/ -->\n<title>High-Pressure Dosing Pumps<\/title>\n<meta name=\"description\" content=\"High-Pressure Dosing Pumps\" \/>\n<meta name=\"robots\" content=\"index, follow, max-snippet:-1, max-image-preview:large, max-video-preview:-1\" \/>\n<link rel=\"canonical\" href=\"http:\/\/High-Pressure%20Dosing%20Pumps\" \/>\n<meta property=\"og:locale\" content=\"en_US\" \/>\n<meta property=\"og:type\" content=\"article\" \/>\n<meta property=\"og:title\" content=\"High-Pressure Dosing Pumps\" \/>\n<meta property=\"og:description\" content=\"High-Pressure Dosing Pumps\" \/>\n<meta property=\"og:url\" content=\"https:\/\/biogroupvietnam.com\/en\/product\/high-pressure-dosing-pumps\/\" \/>\n<meta property=\"og:site_name\" content=\"Biogroup Vietnam\" \/>\n<meta property=\"article:modified_time\" content=\"2026-03-12T10:35:31+00:00\" \/>\n<meta property=\"og:image\" content=\"https:\/\/biogroupvietnam.com\/wp-content\/uploads\/2025\/08\/high-pressure-dosing-pumps.jpg\" \/>\n\t<meta property=\"og:image:width\" content=\"1640\" \/>\n\t<meta property=\"og:image:height\" content=\"1260\" \/>\n\t<meta property=\"og:image:type\" content=\"image\/jpeg\" \/>\n<meta name=\"twitter:card\" content=\"summary_large_image\" \/>\n<meta name=\"twitter:label1\" content=\"Est. reading time\" \/>\n\t<meta name=\"twitter:data1\" content=\"2 minutes\" \/>\n<script type=\"application\/ld+json\" class=\"yoast-schema-graph\">{\"@context\":\"https:\/\/schema.org\",\"@graph\":[{\"@type\":\"WebPage\",\"@id\":\"https:\/\/biogroupvietnam.com\/en\/product\/high-pressure-dosing-pumps\/\",\"url\":\"https:\/\/biogroupvietnam.com\/en\/product\/high-pressure-dosing-pumps\/\",\"name\":\"B\u01a1m \u0110\u1ecbnh L\u01b0\u1ee3ng \u00c1p Su\u1ea5t Cao\",\"isPartOf\":{\"@id\":\"https:\/\/biogroupvietnam.com\/vi\/#website\"},\"primaryImageOfPage\":{\"@id\":\"https:\/\/biogroupvietnam.com\/en\/product\/high-pressure-dosing-pumps\/#primaryimage\"},\"image\":{\"@id\":\"https:\/\/biogroupvietnam.com\/en\/product\/high-pressure-dosing-pumps\/#primaryimage\"},\"thumbnailUrl\":\"https:\/\/biogroupvietnam.com\/wp-content\/uploads\/2025\/08\/high-pressure-dosing-pumps.jpg\",\"datePublished\":\"2025-08-18T12:54:42+00:00\",\"dateModified\":\"2026-03-12T10:35:31+00:00\",\"description\":\"B\u01a1m \u0111\u1ecbnh l\u01b0\u1ee3ng KNAUER l\u00e0 lo\u1ea1i b\u01a1m hai piston c\u00f3 \u0111\u1ed9 ch\u00ednh x\u00e1c cao cho c\u00e1c \u1ee9ng d\u1ee5ng trong ng\u00e0nh c\u00f4ng nghi\u1ec7p h\u00f3a ch\u1ea5t v\u00e0 d\u01b0\u1ee3c ph\u1ea9m c\u0169ng nh\u01b0 trong nghi\u00ean c\u1ee9u v\u00e0 ph\u00e1t tri\u1ec3n.\",\"breadcrumb\":{\"@id\":\"https:\/\/biogroupvietnam.com\/en\/product\/high-pressure-dosing-pumps\/#breadcrumb\"},\"inLanguage\":\"en-US\",\"potentialAction\":[{\"@type\":\"ReadAction\",\"target\":[\"https:\/\/biogroupvietnam.com\/en\/product\/high-pressure-dosing-pumps\/\"]}]},{\"@type\":\"ImageObject\",\"inLanguage\":\"en-US\",\"@id\":\"https:\/\/biogroupvietnam.com\/en\/product\/high-pressure-dosing-pumps\/#primaryimage\",\"url\":\"https:\/\/biogroupvietnam.com\/wp-content\/uploads\/2025\/08\/high-pressure-dosing-pumps.jpg\",\"contentUrl\":\"https:\/\/biogroupvietnam.com\/wp-content\/uploads\/2025\/08\/high-pressure-dosing-pumps.jpg\",\"width\":1640,\"height\":1260,\"caption\":\"High-pressure Dosing Pumps\"},{\"@type\":\"BreadcrumbList\",\"@id\":\"https:\/\/biogroupvietnam.com\/en\/product\/high-pressure-dosing-pumps\/#breadcrumb\",\"itemListElement\":[{\"@type\":\"ListItem\",\"position\":1,\"name\":\"Biogroup Vietnam | End-to-End Biotechnology Solutions\",\"item\":\"https:\/\/biogroupvietnam.com\/vi\/\"},{\"@type\":\"ListItem\",\"position\":2,\"name\":\"Product\",\"item\":\"https:\/\/biogroupvietnam.com\/vi\/san-pham\/\"},{\"@type\":\"ListItem\",\"position\":3,\"name\":\"Biological R&D\",\"item\":\"https:\/\/biogroupvietnam.com\/vi\/danh-muc-san-pham\/rd-sinh-hoc\/\"},{\"@type\":\"ListItem\",\"position\":4,\"name\":\"Protein Purifications\",\"item\":\"https:\/\/biogroupvietnam.com\/vi\/danh-muc-san-pham\/tinh-che-protein\/\"},{\"@type\":\"ListItem\",\"position\":5,\"name\":\"High-Pressure Dosing Pumps\"}]},{\"@type\":\"WebSite\",\"@id\":\"https:\/\/biogroupvietnam.com\/en\/vi\/#website\",\"url\":\"https:\/\/biogroupvietnam.com\/en\/vi\/\",\"name\":\"Biogroup Vietnam\",\"description\":\"Biogroup Vietnam cung c\u1ea5p d\u1ecbch v\u1ee5 k\u1ef9 thu\u1eadt c\u00f9ng thi\u1ebft b\u1ecb, v\u1eadt t\u01b0, h\u00f3a ch\u1ea5t v\u00e0 gi\u1ea3i ph\u00e1p sinh h\u1ecdc cho ph\u00f2ng th\u00ed nghi\u1ec7m c\u00f4ng ngh\u1ec7 sinh h\u1ecdc, y sinh v\u00e0 y h\u1ecdc t\u00e1i t\u1ea1o.\",\"potentialAction\":[{\"@type\":\"SearchAction\",\"target\":{\"@type\":\"EntryPoint\",\"urlTemplate\":\"https:\/\/biogroupvietnam.com\/en\/vi\/?s={search_term_string}\"},\"query-input\":{\"@type\":\"PropertyValueSpecification\",\"valueRequired\":true,\"valueName\":\"search_term_string\"}}],\"inLanguage\":\"en-US\"}]}<\/script>\n<!-- \/ Yoast SEO plugin. -->","yoast_head_json":{"title":"High-Pressure Dosing Pumps","description":"High-Pressure Dosing Pumps","robots":{"index":"index","follow":"follow","max-snippet":"max-snippet:-1","max-image-preview":"max-image-preview:large","max-video-preview":"max-video-preview:-1"},"canonical":"High-Pressure Dosing Pumps","og_locale":"en_US","og_type":"article","og_title":"High-Pressure Dosing Pumps","og_description":"High-Pressure Dosing Pumps","og_url":"https:\/\/biogroupvietnam.com\/en\/product\/high-pressure-dosing-pumps\/","og_site_name":"Biogroup Vietnam","article_modified_time":"2026-03-12T10:35:31+00:00","og_image":[{"width":1640,"height":1260,"url":"https:\/\/biogroupvietnam.com\/wp-content\/uploads\/2025\/08\/high-pressure-dosing-pumps.jpg","type":"image\/jpeg"}],"twitter_card":"summary_large_image","twitter_misc":{"Est. reading time":"2 minutes"},"schema":{"@context":"https:\/\/schema.org","@graph":[{"@type":"WebPage","@id":"https:\/\/biogroupvietnam.com\/en\/product\/high-pressure-dosing-pumps\/","url":"https:\/\/biogroupvietnam.com\/en\/product\/high-pressure-dosing-pumps\/","name":"B\u01a1m \u0110\u1ecbnh L\u01b0\u1ee3ng \u00c1p Su\u1ea5t Cao","isPartOf":{"@id":"https:\/\/biogroupvietnam.com\/vi\/#website"},"primaryImageOfPage":{"@id":"https:\/\/biogroupvietnam.com\/en\/product\/high-pressure-dosing-pumps\/#primaryimage"},"image":{"@id":"https:\/\/biogroupvietnam.com\/en\/product\/high-pressure-dosing-pumps\/#primaryimage"},"thumbnailUrl":"https:\/\/biogroupvietnam.com\/wp-content\/uploads\/2025\/08\/high-pressure-dosing-pumps.jpg","datePublished":"2025-08-18T12:54:42+00:00","dateModified":"2026-03-12T10:35:31+00:00","description":"B\u01a1m \u0111\u1ecbnh l\u01b0\u1ee3ng KNAUER l\u00e0 lo\u1ea1i b\u01a1m hai piston c\u00f3 \u0111\u1ed9 ch\u00ednh x\u00e1c cao cho c\u00e1c \u1ee9ng d\u1ee5ng trong ng\u00e0nh c\u00f4ng nghi\u1ec7p h\u00f3a ch\u1ea5t v\u00e0 d\u01b0\u1ee3c ph\u1ea9m c\u0169ng nh\u01b0 trong nghi\u00ean c\u1ee9u v\u00e0 ph\u00e1t tri\u1ec3n.","breadcrumb":{"@id":"https:\/\/biogroupvietnam.com\/en\/product\/high-pressure-dosing-pumps\/#breadcrumb"},"inLanguage":"en-US","potentialAction":[{"@type":"ReadAction","target":["https:\/\/biogroupvietnam.com\/en\/product\/high-pressure-dosing-pumps\/"]}]},{"@type":"ImageObject","inLanguage":"en-US","@id":"https:\/\/biogroupvietnam.com\/en\/product\/high-pressure-dosing-pumps\/#primaryimage","url":"https:\/\/biogroupvietnam.com\/wp-content\/uploads\/2025\/08\/high-pressure-dosing-pumps.jpg","contentUrl":"https:\/\/biogroupvietnam.com\/wp-content\/uploads\/2025\/08\/high-pressure-dosing-pumps.jpg","width":1640,"height":1260,"caption":"High-pressure Dosing Pumps"},{"@type":"BreadcrumbList","@id":"https:\/\/biogroupvietnam.com\/en\/product\/high-pressure-dosing-pumps\/#breadcrumb","itemListElement":[{"@type":"ListItem","position":1,"name":"Biogroup Vietnam | End-to-End Biotechnology Solutions","item":"https:\/\/biogroupvietnam.com\/vi\/"},{"@type":"ListItem","position":2,"name":"Product","item":"https:\/\/biogroupvietnam.com\/vi\/san-pham\/"},{"@type":"ListItem","position":3,"name":"Biological R&D","item":"https:\/\/biogroupvietnam.com\/vi\/danh-muc-san-pham\/rd-sinh-hoc\/"},{"@type":"ListItem","position":4,"name":"Protein Purifications","item":"https:\/\/biogroupvietnam.com\/vi\/danh-muc-san-pham\/tinh-che-protein\/"},{"@type":"ListItem","position":5,"name":"High-Pressure Dosing Pumps"}]},{"@type":"WebSite","@id":"https:\/\/biogroupvietnam.com\/en\/vi\/#website","url":"https:\/\/biogroupvietnam.com\/en\/vi\/","name":"Biogroup Vietnam","description":"Biogroup Vietnam cung c\u1ea5p d\u1ecbch v\u1ee5 k\u1ef9 thu\u1eadt c\u00f9ng thi\u1ebft b\u1ecb, v\u1eadt t\u01b0, h\u00f3a ch\u1ea5t v\u00e0 gi\u1ea3i ph\u00e1p sinh h\u1ecdc cho ph\u00f2ng th\u00ed nghi\u1ec7m c\u00f4ng ngh\u1ec7 sinh h\u1ecdc, y sinh v\u00e0 y h\u1ecdc t\u00e1i t\u1ea1o.","potentialAction":[{"@type":"SearchAction","target":{"@type":"EntryPoint","urlTemplate":"https:\/\/biogroupvietnam.com\/en\/vi\/?s={search_term_string}"},"query-input":{"@type":"PropertyValueSpecification","valueRequired":true,"valueName":"search_term_string"}}],"inLanguage":"en-US"}]}},"_links":{"self":[{"href":"https:\/\/biogroupvietnam.com\/en\/wp-json\/wp\/v2\/product\/3927","targetHints":{"allow":["GET"]}}],"collection":[{"href":"https:\/\/biogroupvietnam.com\/en\/wp-json\/wp\/v2\/product"}],"about":[{"href":"https:\/\/biogroupvietnam.com\/en\/wp-json\/wp\/v2\/types\/product"}],"replies":[{"embeddable":true,"href":"https:\/\/biogroupvietnam.com\/en\/wp-json\/wp\/v2\/comments?post=3927"}],"version-history":[{"count":4,"href":"https:\/\/biogroupvietnam.com\/en\/wp-json\/wp\/v2\/product\/3927\/revisions"}],"predecessor-version":[{"id":9997,"href":"https:\/\/biogroupvietnam.com\/en\/wp-json\/wp\/v2\/product\/3927\/revisions\/9997"}],"wp:featuredmedia":[{"embeddable":true,"href":"https:\/\/biogroupvietnam.com\/en\/wp-json\/wp\/v2\/media\/9965"}],"wp:attachment":[{"href":"https:\/\/biogroupvietnam.com\/en\/wp-json\/wp\/v2\/media?parent=3927"}],"wp:term":[{"taxonomy":"product_brand","embeddable":true,"href":"https:\/\/biogroupvietnam.com\/en\/wp-json\/wp\/v2\/product_brand?post=3927"},{"taxonomy":"product_cat","embeddable":true,"href":"https:\/\/biogroupvietnam.com\/en\/wp-json\/wp\/v2\/product_cat?post=3927"},{"taxonomy":"product_tag","embeddable":true,"href":"https:\/\/biogroupvietnam.com\/en\/wp-json\/wp\/v2\/product_tag?post=3927"}],"curies":[{"name":"wp","href":"https:\/\/api.w.org\/{rel}","templated":true}]}}