{"id":3931,"date":"2025-08-18T19:54:43","date_gmt":"2025-08-18T12:54:43","guid":{"rendered":"http:\/\/biogroupvietnam-worldpress.local\/product\/import-placeholder-for-186\/"},"modified":"2026-02-04T15:49:45","modified_gmt":"2026-02-04T08:49:45","slug":"stemdiff-cardiomyocyte-plating-kit","status":"publish","type":"product","link":"https:\/\/biogroupvietnam.com\/en\/product\/stemdiff-cardiomyocyte-plating-kit\/","title":{"rendered":"STEMdiff\u2122 Cardiomyocyte Plating Kit"},"content":{"rendered":"<p><a href=\"https:\/\/www.stemcell.com\/products\/stemdiff-cardiomyocyte-plating-kit.html\">STEMdiff\u2122 Cardiomyocyte Plating Kit<\/a>&nbsp;is a&nbsp;specialized media kit for that improving the plating efficiency of human pluripotent stem cell-derived cardiomyocytes (hPSC-CMs) when transitioning from cryopreservation to thawing, and from harvesting to replating of hPSC-CMs.<\/p>\n","protected":false},"excerpt":{"rendered":"<p>STEMdiff\u2122 Cardiomyocyte Plating Kit&nbsp;is a&nbsp;specialized media kit for that improving the plating efficiency of human pluripotent stem cell-derived cardiomyocytes (hPSC-CMs) when transitioning from cryopreservation to thawing, and from harvesting to replating of hPSC-CMs.<\/p>\n","protected":false},"featured_media":5511,"comment_status":"closed","ping_status":"closed","template":"","meta":{"_acf_changed":false},"product_brand":[127],"product_cat":[90],"product_tag":[],"class_list":{"0":"post-3931","1":"product","2":"type-product","3":"status-publish","4":"has-post-thumbnail","6":"product_brand-stemcell-technologies","7":"product_cat-pluripotent-stem-cells-psc","9":"first","10":"outofstock","11":"shipping-taxable","12":"product-type-simple"},"acf":[],"yoast_head":"<!-- This site is optimized with the Yoast SEO plugin v26.8 - https:\/\/yoast.com\/product\/yoast-seo-wordpress\/ -->\n<title>STEMdiff\u2122 Cardiomyocyte Plating Kit<\/title>\n<meta name=\"description\" content=\"STEMdiff\u2122 Cardiomyocyte Plating Kit&nbsp;is a&nbsp;specialized media kit for that improving the plating efficiency of human pluripotent stem cell-derived cardiomyocytes (hPSC-CMs) when transitioning from cryopreservation to thawing, and from harvesting to replating of hPSC-CMs.\" \/>\n<meta name=\"robots\" content=\"index, follow, max-snippet:-1, max-image-preview:large, max-video-preview:-1\" \/>\n<link rel=\"canonical\" href=\"http:\/\/STEMdiff\u2122%20Cardiomyocyte%20Plating%20Kit&nbsp;is%20a&nbsp;specialized%20media%20kit%20for%20that%20improving%20the%20plating%20efficiency%20of%20human%20pluripotent%20stem%20cell-derived%20cardiomyocytes%20(hPSC-CMs)%20when%20transitioning%20from%20cryopreservation%20to%20thawing,%20and%20from%20harvesting%20to%20replating%20of%20hPSC-CMs.\" \/>\n<meta property=\"og:locale\" content=\"en_US\" \/>\n<meta property=\"og:type\" content=\"article\" \/>\n<meta property=\"og:title\" content=\"STEMdiff\u2122 Cardiomyocyte Plating Kit\" \/>\n<meta property=\"og:description\" content=\"STEMdiff\u2122 Cardiomyocyte Plating Kit&nbsp;is a&nbsp;specialized media kit for that improving the plating efficiency of human pluripotent stem cell-derived cardiomyocytes (hPSC-CMs) when transitioning from cryopreservation to thawing, and from harvesting to replating of hPSC-CMs.\" \/>\n<meta property=\"og:url\" content=\"https:\/\/biogroupvietnam.com\/en\/product\/stemdiff-cardiomyocyte-plating-kit\/\" \/>\n<meta property=\"og:site_name\" content=\"Biogroup Vietnam\" \/>\n<meta property=\"article:modified_time\" content=\"2026-02-04T08:49:45+00:00\" \/>\n<meta property=\"og:image\" content=\"https:\/\/biogroupvietnam.com\/wp-content\/uploads\/2025\/08\/p08JBCRwRIiQpWEf3dqLQGDQy4WkwIzQsIYzvGQJ.jpg\" \/>\n\t<meta property=\"og:image:width\" content=\"700\" \/>\n\t<meta property=\"og:image:height\" content=\"538\" \/>\n\t<meta property=\"og:image:type\" content=\"image\/jpeg\" \/>\n<meta name=\"twitter:card\" content=\"summary_large_image\" \/>\n<meta name=\"twitter:label1\" content=\"Est. reading time\" \/>\n\t<meta name=\"twitter:data1\" content=\"5 minutes\" \/>\n<script type=\"application\/ld+json\" class=\"yoast-schema-graph\">{\"@context\":\"https:\/\/schema.org\",\"@graph\":[{\"@type\":\"WebPage\",\"@id\":\"https:\/\/biogroupvietnam.com\/en\/product\/stemdiff-cardiomyocyte-plating-kit\/\",\"url\":\"https:\/\/biogroupvietnam.com\/en\/product\/stemdiff-cardiomyocyte-plating-kit\/\",\"name\":\"B\u1ed9 M\u00f4i Tr\u01b0\u1eddng Nu\u00f4i C\u1ea5y T\u1ebf B\u00e0o C\u01a1 Tim STEMdiff\u2122\",\"isPartOf\":{\"@id\":\"https:\/\/biogroupvietnam.com\/vi\/#website\"},\"primaryImageOfPage\":{\"@id\":\"https:\/\/biogroupvietnam.com\/en\/product\/stemdiff-cardiomyocyte-plating-kit\/#primaryimage\"},\"image\":{\"@id\":\"https:\/\/biogroupvietnam.com\/en\/product\/stemdiff-cardiomyocyte-plating-kit\/#primaryimage\"},\"thumbnailUrl\":\"https:\/\/biogroupvietnam.com\/wp-content\/uploads\/2025\/08\/p08JBCRwRIiQpWEf3dqLQGDQy4WkwIzQsIYzvGQJ.jpg\",\"datePublished\":\"2025-08-18T12:54:43+00:00\",\"dateModified\":\"2026-02-04T08:49:45+00:00\",\"description\":\"B\u1ed9 m\u00f4i tr\u01b0\u1eddng nu\u00f4i c\u1ea5y t\u1ebf b\u00e0o c\u01a1 tim STEMdiff\u2122 c\u1ea3i thi\u1ec7n hi\u1ec7u qu\u1ea3 nu\u00f4i c\u1ea5y c\u00e1c t\u1ebf b\u00e0o c\u01a1 tim c\u00f3 ngu\u1ed3n g\u1ed1c t\u1eeb t\u1ebf b\u00e0o g\u1ed1c \u0111a n\u0103ng c\u1ee7a con ng\u01b0\u1eddi (hPSC-CM) khi chuy\u1ec3n t\u1eeb giai \u0111o\u1ea1n b\u1ea3o qu\u1ea3n l\u1ea1nh sang r\u00e3 \u0111\u00f4ng v\u00e0 t\u1eeb thu ho\u1ea1ch sang c\u1ea5y chuy\u1ec1n (replating)\",\"breadcrumb\":{\"@id\":\"https:\/\/biogroupvietnam.com\/en\/product\/stemdiff-cardiomyocyte-plating-kit\/#breadcrumb\"},\"inLanguage\":\"en-US\",\"potentialAction\":[{\"@type\":\"ReadAction\",\"target\":[\"https:\/\/biogroupvietnam.com\/en\/product\/stemdiff-cardiomyocyte-plating-kit\/\"]}]},{\"@type\":\"ImageObject\",\"inLanguage\":\"en-US\",\"@id\":\"https:\/\/biogroupvietnam.com\/en\/product\/stemdiff-cardiomyocyte-plating-kit\/#primaryimage\",\"url\":\"https:\/\/biogroupvietnam.com\/wp-content\/uploads\/2025\/08\/p08JBCRwRIiQpWEf3dqLQGDQy4WkwIzQsIYzvGQJ.jpg\",\"contentUrl\":\"https:\/\/biogroupvietnam.com\/wp-content\/uploads\/2025\/08\/p08JBCRwRIiQpWEf3dqLQGDQy4WkwIzQsIYzvGQJ.jpg\",\"width\":700,\"height\":538,\"caption\":\"\u00a0\"},{\"@type\":\"BreadcrumbList\",\"@id\":\"https:\/\/biogroupvietnam.com\/en\/product\/stemdiff-cardiomyocyte-plating-kit\/#breadcrumb\",\"itemListElement\":[{\"@type\":\"ListItem\",\"position\":1,\"name\":\"Biogroup Vietnam | End-to-End Biotechnology Solutions\",\"item\":\"https:\/\/biogroupvietnam.com\/vi\/\"},{\"@type\":\"ListItem\",\"position\":2,\"name\":\"Product\",\"item\":\"https:\/\/biogroupvietnam.com\/vi\/san-pham\/\"},{\"@type\":\"ListItem\",\"position\":3,\"name\":\"Cell Culture\",\"item\":\"https:\/\/biogroupvietnam.com\/vi\/danh-muc-san-pham\/nuoi-cay-te-bao\/\"},{\"@type\":\"ListItem\",\"position\":4,\"name\":\"Pluripotent Stem Cells (PSC)\",\"item\":\"https:\/\/biogroupvietnam.com\/vi\/danh-muc-san-pham\/te-bao-goc-da-nang-psc\/\"},{\"@type\":\"ListItem\",\"position\":5,\"name\":\"STEMdiff\u2122 Cardiomyocyte Plating Kit\"}]},{\"@type\":\"WebSite\",\"@id\":\"https:\/\/biogroupvietnam.com\/en\/vi\/#website\",\"url\":\"https:\/\/biogroupvietnam.com\/en\/vi\/\",\"name\":\"Biogroup Vietnam\",\"description\":\"Biogroup Vietnam cung c\u1ea5p d\u1ecbch v\u1ee5 k\u1ef9 thu\u1eadt c\u00f9ng thi\u1ebft b\u1ecb, v\u1eadt t\u01b0, h\u00f3a ch\u1ea5t v\u00e0 gi\u1ea3i ph\u00e1p sinh h\u1ecdc cho ph\u00f2ng th\u00ed nghi\u1ec7m c\u00f4ng ngh\u1ec7 sinh h\u1ecdc, y sinh v\u00e0 y h\u1ecdc t\u00e1i t\u1ea1o.\",\"potentialAction\":[{\"@type\":\"SearchAction\",\"target\":{\"@type\":\"EntryPoint\",\"urlTemplate\":\"https:\/\/biogroupvietnam.com\/en\/vi\/?s={search_term_string}\"},\"query-input\":{\"@type\":\"PropertyValueSpecification\",\"valueRequired\":true,\"valueName\":\"search_term_string\"}}],\"inLanguage\":\"en-US\"}]}<\/script>\n<!-- \/ Yoast SEO plugin. -->","yoast_head_json":{"title":"STEMdiff\u2122 Cardiomyocyte Plating Kit","description":"STEMdiff\u2122 Cardiomyocyte Plating Kit&nbsp;is a&nbsp;specialized media kit for that improving the plating efficiency of human pluripotent stem cell-derived cardiomyocytes (hPSC-CMs) when transitioning from cryopreservation to thawing, and from harvesting to replating of hPSC-CMs.","robots":{"index":"index","follow":"follow","max-snippet":"max-snippet:-1","max-image-preview":"max-image-preview:large","max-video-preview":"max-video-preview:-1"},"canonical":"STEMdiff\u2122 Cardiomyocyte Plating Kit&nbsp;is a&nbsp;specialized media kit for that improving the plating efficiency of human pluripotent stem cell-derived cardiomyocytes (hPSC-CMs) when transitioning from cryopreservation to thawing, and from harvesting to replating of hPSC-CMs.","og_locale":"en_US","og_type":"article","og_title":"STEMdiff\u2122 Cardiomyocyte Plating Kit","og_description":"STEMdiff\u2122 Cardiomyocyte Plating Kit&nbsp;is a&nbsp;specialized media kit for that improving the plating efficiency of human pluripotent stem cell-derived cardiomyocytes (hPSC-CMs) when transitioning from cryopreservation to thawing, and from harvesting to replating of hPSC-CMs.","og_url":"https:\/\/biogroupvietnam.com\/en\/product\/stemdiff-cardiomyocyte-plating-kit\/","og_site_name":"Biogroup Vietnam","article_modified_time":"2026-02-04T08:49:45+00:00","og_image":[{"width":700,"height":538,"url":"https:\/\/biogroupvietnam.com\/wp-content\/uploads\/2025\/08\/p08JBCRwRIiQpWEf3dqLQGDQy4WkwIzQsIYzvGQJ.jpg","type":"image\/jpeg"}],"twitter_card":"summary_large_image","twitter_misc":{"Est. reading time":"5 minutes"},"schema":{"@context":"https:\/\/schema.org","@graph":[{"@type":"WebPage","@id":"https:\/\/biogroupvietnam.com\/en\/product\/stemdiff-cardiomyocyte-plating-kit\/","url":"https:\/\/biogroupvietnam.com\/en\/product\/stemdiff-cardiomyocyte-plating-kit\/","name":"B\u1ed9 M\u00f4i Tr\u01b0\u1eddng Nu\u00f4i C\u1ea5y T\u1ebf B\u00e0o C\u01a1 Tim STEMdiff\u2122","isPartOf":{"@id":"https:\/\/biogroupvietnam.com\/vi\/#website"},"primaryImageOfPage":{"@id":"https:\/\/biogroupvietnam.com\/en\/product\/stemdiff-cardiomyocyte-plating-kit\/#primaryimage"},"image":{"@id":"https:\/\/biogroupvietnam.com\/en\/product\/stemdiff-cardiomyocyte-plating-kit\/#primaryimage"},"thumbnailUrl":"https:\/\/biogroupvietnam.com\/wp-content\/uploads\/2025\/08\/p08JBCRwRIiQpWEf3dqLQGDQy4WkwIzQsIYzvGQJ.jpg","datePublished":"2025-08-18T12:54:43+00:00","dateModified":"2026-02-04T08:49:45+00:00","description":"B\u1ed9 m\u00f4i tr\u01b0\u1eddng nu\u00f4i c\u1ea5y t\u1ebf b\u00e0o c\u01a1 tim STEMdiff\u2122 c\u1ea3i thi\u1ec7n hi\u1ec7u qu\u1ea3 nu\u00f4i c\u1ea5y c\u00e1c t\u1ebf b\u00e0o c\u01a1 tim c\u00f3 ngu\u1ed3n g\u1ed1c t\u1eeb t\u1ebf b\u00e0o g\u1ed1c \u0111a n\u0103ng c\u1ee7a con ng\u01b0\u1eddi (hPSC-CM) khi chuy\u1ec3n t\u1eeb giai \u0111o\u1ea1n b\u1ea3o qu\u1ea3n l\u1ea1nh sang r\u00e3 \u0111\u00f4ng v\u00e0 t\u1eeb thu ho\u1ea1ch sang c\u1ea5y chuy\u1ec1n (replating)","breadcrumb":{"@id":"https:\/\/biogroupvietnam.com\/en\/product\/stemdiff-cardiomyocyte-plating-kit\/#breadcrumb"},"inLanguage":"en-US","potentialAction":[{"@type":"ReadAction","target":["https:\/\/biogroupvietnam.com\/en\/product\/stemdiff-cardiomyocyte-plating-kit\/"]}]},{"@type":"ImageObject","inLanguage":"en-US","@id":"https:\/\/biogroupvietnam.com\/en\/product\/stemdiff-cardiomyocyte-plating-kit\/#primaryimage","url":"https:\/\/biogroupvietnam.com\/wp-content\/uploads\/2025\/08\/p08JBCRwRIiQpWEf3dqLQGDQy4WkwIzQsIYzvGQJ.jpg","contentUrl":"https:\/\/biogroupvietnam.com\/wp-content\/uploads\/2025\/08\/p08JBCRwRIiQpWEf3dqLQGDQy4WkwIzQsIYzvGQJ.jpg","width":700,"height":538,"caption":"\u00a0"},{"@type":"BreadcrumbList","@id":"https:\/\/biogroupvietnam.com\/en\/product\/stemdiff-cardiomyocyte-plating-kit\/#breadcrumb","itemListElement":[{"@type":"ListItem","position":1,"name":"Biogroup Vietnam | End-to-End Biotechnology Solutions","item":"https:\/\/biogroupvietnam.com\/vi\/"},{"@type":"ListItem","position":2,"name":"Product","item":"https:\/\/biogroupvietnam.com\/vi\/san-pham\/"},{"@type":"ListItem","position":3,"name":"Cell Culture","item":"https:\/\/biogroupvietnam.com\/vi\/danh-muc-san-pham\/nuoi-cay-te-bao\/"},{"@type":"ListItem","position":4,"name":"Pluripotent Stem Cells (PSC)","item":"https:\/\/biogroupvietnam.com\/vi\/danh-muc-san-pham\/te-bao-goc-da-nang-psc\/"},{"@type":"ListItem","position":5,"name":"STEMdiff\u2122 Cardiomyocyte Plating Kit"}]},{"@type":"WebSite","@id":"https:\/\/biogroupvietnam.com\/en\/vi\/#website","url":"https:\/\/biogroupvietnam.com\/en\/vi\/","name":"Biogroup Vietnam","description":"Biogroup Vietnam cung c\u1ea5p d\u1ecbch v\u1ee5 k\u1ef9 thu\u1eadt c\u00f9ng thi\u1ebft b\u1ecb, v\u1eadt t\u01b0, h\u00f3a ch\u1ea5t v\u00e0 gi\u1ea3i ph\u00e1p sinh h\u1ecdc cho ph\u00f2ng th\u00ed nghi\u1ec7m c\u00f4ng ngh\u1ec7 sinh h\u1ecdc, y sinh v\u00e0 y h\u1ecdc t\u00e1i t\u1ea1o.","potentialAction":[{"@type":"SearchAction","target":{"@type":"EntryPoint","urlTemplate":"https:\/\/biogroupvietnam.com\/en\/vi\/?s={search_term_string}"},"query-input":{"@type":"PropertyValueSpecification","valueRequired":true,"valueName":"search_term_string"}}],"inLanguage":"en-US"}]}},"_links":{"self":[{"href":"https:\/\/biogroupvietnam.com\/en\/wp-json\/wp\/v2\/product\/3931","targetHints":{"allow":["GET"]}}],"collection":[{"href":"https:\/\/biogroupvietnam.com\/en\/wp-json\/wp\/v2\/product"}],"about":[{"href":"https:\/\/biogroupvietnam.com\/en\/wp-json\/wp\/v2\/types\/product"}],"replies":[{"embeddable":true,"href":"https:\/\/biogroupvietnam.com\/en\/wp-json\/wp\/v2\/comments?post=3931"}],"version-history":[{"count":4,"href":"https:\/\/biogroupvietnam.com\/en\/wp-json\/wp\/v2\/product\/3931\/revisions"}],"predecessor-version":[{"id":9730,"href":"https:\/\/biogroupvietnam.com\/en\/wp-json\/wp\/v2\/product\/3931\/revisions\/9730"}],"wp:featuredmedia":[{"embeddable":true,"href":"https:\/\/biogroupvietnam.com\/en\/wp-json\/wp\/v2\/media\/5511"}],"wp:attachment":[{"href":"https:\/\/biogroupvietnam.com\/en\/wp-json\/wp\/v2\/media?parent=3931"}],"wp:term":[{"taxonomy":"product_brand","embeddable":true,"href":"https:\/\/biogroupvietnam.com\/en\/wp-json\/wp\/v2\/product_brand?post=3931"},{"taxonomy":"product_cat","embeddable":true,"href":"https:\/\/biogroupvietnam.com\/en\/wp-json\/wp\/v2\/product_cat?post=3931"},{"taxonomy":"product_tag","embeddable":true,"href":"https:\/\/biogroupvietnam.com\/en\/wp-json\/wp\/v2\/product_tag?post=3931"}],"curies":[{"name":"wp","href":"https:\/\/api.w.org\/{rel}","templated":true}]}}