{"id":3935,"date":"2025-08-18T19:54:44","date_gmt":"2025-08-18T12:54:44","guid":{"rendered":"http:\/\/biogroupvietnam-worldpress.local\/product\/import-placeholder-for-190\/"},"modified":"2025-10-30T13:54:56","modified_gmt":"2025-10-30T06:54:56","slug":"chromato-uv-cabinet","status":"publish","type":"product","link":"https:\/\/biogroupvietnam.com\/en\/product\/chromato-uv-cabinet\/","title":{"rendered":"Chromato UV Cabinet"},"content":{"rendered":"<h2>The Uvitec Chromato Cabinets consist of economical yet professional units for effective viewing offering unrivaled power intensity in this field.<\/h2>\n<h3>Applications: From industrial QC to fluorescent analysis and reading chromatograms such as TLC plates, our cabinets are widely used in fields like biology, geology, chemistry, mineralogy, and forensics.<\/h3>\n","protected":false},"excerpt":{"rendered":"<p>The Uvitec Chromato Cabinets consist of economical yet professional units for effective viewing offering unrivaled power intensity in this field. Applications: From industrial QC to fluorescent analysis and reading chromatograms such as TLC plates, our cabinets are widely used in fields like biology, geology, chemistry, mineralogy, and forensics.<\/p>\n","protected":false},"featured_media":5520,"comment_status":"closed","ping_status":"closed","template":"","meta":{"_acf_changed":false},"product_brand":[136],"product_cat":[110],"product_tag":[],"class_list":{"0":"post-3935","1":"product","2":"type-product","3":"status-publish","4":"has-post-thumbnail","6":"product_brand-uvitec","7":"product_cat-geldoc-system","9":"first","10":"outofstock","11":"shipping-taxable","12":"product-type-simple"},"acf":[],"yoast_head":"<!-- This site is optimized with the Yoast SEO plugin v26.8 - https:\/\/yoast.com\/product\/yoast-seo-wordpress\/ -->\n<title>Chromato UV Cabinet<\/title>\n<meta name=\"description\" content=\"The Uvitec Chromato Cabinets consist of economical yet professional units for effective viewing offering unrivaled power intensity in this field. Applications: From industrial QC to fluorescent analysis and reading chromatograms such as TLC plates, our cabinets are widely used in fields like biology, geology, chemistry, mineralogy, and forensics.\" \/>\n<meta name=\"robots\" content=\"index, follow, max-snippet:-1, max-image-preview:large, max-video-preview:-1\" \/>\n<link rel=\"canonical\" href=\"\" \/>\n<meta property=\"og:locale\" content=\"en_US\" \/>\n<meta property=\"og:type\" content=\"article\" \/>\n<meta property=\"og:title\" content=\"Chromato UV Cabinet\" \/>\n<meta property=\"og:description\" content=\"The Uvitec Chromato Cabinets consist of economical yet professional units for effective viewing offering unrivaled power intensity in this field. Applications: From industrial QC to fluorescent analysis and reading chromatograms such as TLC plates, our cabinets are widely used in fields like biology, geology, chemistry, mineralogy, and forensics.\" \/>\n<meta property=\"og:url\" content=\"https:\/\/biogroupvietnam.com\/en\/product\/chromato-uv-cabinet\/\" \/>\n<meta property=\"og:site_name\" content=\"Biogroup Vietnam\" \/>\n<meta property=\"article:modified_time\" content=\"2025-10-30T06:54:56+00:00\" \/>\n<meta property=\"og:image\" content=\"https:\/\/biogroupvietnam.com\/wp-content\/uploads\/2025\/08\/BuE1BB93ng20UV202.png\" \/>\n\t<meta property=\"og:image:width\" content=\"1600\" \/>\n\t<meta property=\"og:image:height\" content=\"1229\" \/>\n\t<meta property=\"og:image:type\" content=\"image\/png\" \/>\n<meta name=\"twitter:card\" content=\"summary_large_image\" \/>\n<meta name=\"twitter:label1\" content=\"Est. reading time\" \/>\n\t<meta name=\"twitter:data1\" content=\"2 minutes\" \/>\n<script type=\"application\/ld+json\" class=\"yoast-schema-graph\">{\"@context\":\"https:\/\/schema.org\",\"@graph\":[{\"@type\":\"WebPage\",\"@id\":\"https:\/\/biogroupvietnam.com\/en\/product\/chromato-uv-cabinet\/\",\"url\":\"https:\/\/biogroupvietnam.com\/en\/product\/chromato-uv-cabinet\/\",\"name\":\"Bu\u1ed3ng UV Soi S\u1eafc K\u00fd B\u1ea3n M\u1ecfng\",\"isPartOf\":{\"@id\":\"https:\/\/biogroupvietnam.com\/vi\/#website\"},\"primaryImageOfPage\":{\"@id\":\"https:\/\/biogroupvietnam.com\/en\/product\/chromato-uv-cabinet\/#primaryimage\"},\"image\":{\"@id\":\"https:\/\/biogroupvietnam.com\/en\/product\/chromato-uv-cabinet\/#primaryimage\"},\"thumbnailUrl\":\"https:\/\/biogroupvietnam.com\/wp-content\/uploads\/2025\/08\/BuE1BB93ng20UV202.png\",\"datePublished\":\"2025-08-18T12:54:44+00:00\",\"dateModified\":\"2025-10-30T06:54:56+00:00\",\"description\":\"Bu\u1ed3ng soi UV c\u1ee7a h\u00e3ng Uvitec (Anh) \u0111\u01b0\u1ee3c d\u00f9ng trong ph\u00f2ng QC t\u1ea1i c\u00e1c nh\u00e0 m\u00e1y s\u1ea3n xu\u1ea5t \u0111\u1ebfn ph\u00e2n t\u00edch hu\u1ef3nh quang v\u00e0 \u0111\u1ecdc s\u1eafc k\u00fd \u0111\u1ed3 nh\u01b0 s\u1eafc k\u00fd b\u1ea3n m\u1ecfng TLC.\",\"breadcrumb\":{\"@id\":\"https:\/\/biogroupvietnam.com\/en\/product\/chromato-uv-cabinet\/#breadcrumb\"},\"inLanguage\":\"en-US\",\"potentialAction\":[{\"@type\":\"ReadAction\",\"target\":[\"https:\/\/biogroupvietnam.com\/en\/product\/chromato-uv-cabinet\/\"]}]},{\"@type\":\"ImageObject\",\"inLanguage\":\"en-US\",\"@id\":\"https:\/\/biogroupvietnam.com\/en\/product\/chromato-uv-cabinet\/#primaryimage\",\"url\":\"https:\/\/biogroupvietnam.com\/wp-content\/uploads\/2025\/08\/BuE1BB93ng20UV202.png\",\"contentUrl\":\"https:\/\/biogroupvietnam.com\/wp-content\/uploads\/2025\/08\/BuE1BB93ng20UV202.png\",\"width\":1600,\"height\":1229,\"caption\":\"\u00a0\"},{\"@type\":\"BreadcrumbList\",\"@id\":\"https:\/\/biogroupvietnam.com\/en\/product\/chromato-uv-cabinet\/#breadcrumb\",\"itemListElement\":[{\"@type\":\"ListItem\",\"position\":1,\"name\":\"Biogroup Vietnam | End-to-End Biotechnology Solutions\",\"item\":\"https:\/\/biogroupvietnam.com\/vi\/\"},{\"@type\":\"ListItem\",\"position\":2,\"name\":\"Product\",\"item\":\"https:\/\/biogroupvietnam.com\/vi\/san-pham\/\"},{\"@type\":\"ListItem\",\"position\":3,\"name\":\"Biological R&D\",\"item\":\"https:\/\/biogroupvietnam.com\/vi\/danh-muc-san-pham\/rd-sinh-hoc\/\"},{\"@type\":\"ListItem\",\"position\":4,\"name\":\"Geldoc system\",\"item\":\"https:\/\/biogroupvietnam.com\/vi\/danh-muc-san-pham\/chup-anh-gel\/\"},{\"@type\":\"ListItem\",\"position\":5,\"name\":\"Chromato UV Cabinet\"}]},{\"@type\":\"WebSite\",\"@id\":\"https:\/\/biogroupvietnam.com\/en\/vi\/#website\",\"url\":\"https:\/\/biogroupvietnam.com\/en\/vi\/\",\"name\":\"Biogroup Vietnam\",\"description\":\"Biogroup Vietnam cung c\u1ea5p d\u1ecbch v\u1ee5 k\u1ef9 thu\u1eadt c\u00f9ng thi\u1ebft b\u1ecb, v\u1eadt t\u01b0, h\u00f3a ch\u1ea5t v\u00e0 gi\u1ea3i ph\u00e1p sinh h\u1ecdc cho ph\u00f2ng th\u00ed nghi\u1ec7m c\u00f4ng ngh\u1ec7 sinh h\u1ecdc, y sinh v\u00e0 y h\u1ecdc t\u00e1i t\u1ea1o.\",\"potentialAction\":[{\"@type\":\"SearchAction\",\"target\":{\"@type\":\"EntryPoint\",\"urlTemplate\":\"https:\/\/biogroupvietnam.com\/en\/vi\/?s={search_term_string}\"},\"query-input\":{\"@type\":\"PropertyValueSpecification\",\"valueRequired\":true,\"valueName\":\"search_term_string\"}}],\"inLanguage\":\"en-US\"}]}<\/script>\n<!-- \/ Yoast SEO plugin. -->","yoast_head_json":{"title":"Chromato UV Cabinet","description":"The Uvitec Chromato Cabinets consist of economical yet professional units for effective viewing offering unrivaled power intensity in this field. Applications: From industrial QC to fluorescent analysis and reading chromatograms such as TLC plates, our cabinets are widely used in fields like biology, geology, chemistry, mineralogy, and forensics.","robots":{"index":"index","follow":"follow","max-snippet":"max-snippet:-1","max-image-preview":"max-image-preview:large","max-video-preview":"max-video-preview:-1"},"canonical":"The Uvitec Chromato Cabinets consist of economical yet professional units for effective viewing offering unrivaled power intensity in this field. Applications: From industrial QC to fluorescent analysis and reading chromatograms such as TLC plates, our cabinets are widely used in fields like biology, geology, chemistry, mineralogy, and forensics.","og_locale":"en_US","og_type":"article","og_title":"Chromato UV Cabinet","og_description":"The Uvitec Chromato Cabinets consist of economical yet professional units for effective viewing offering unrivaled power intensity in this field. Applications: From industrial QC to fluorescent analysis and reading chromatograms such as TLC plates, our cabinets are widely used in fields like biology, geology, chemistry, mineralogy, and forensics.","og_url":"https:\/\/biogroupvietnam.com\/en\/product\/chromato-uv-cabinet\/","og_site_name":"Biogroup Vietnam","article_modified_time":"2025-10-30T06:54:56+00:00","og_image":[{"width":1600,"height":1229,"url":"https:\/\/biogroupvietnam.com\/wp-content\/uploads\/2025\/08\/BuE1BB93ng20UV202.png","type":"image\/png"}],"twitter_card":"summary_large_image","twitter_misc":{"Est. reading time":"2 minutes"},"schema":{"@context":"https:\/\/schema.org","@graph":[{"@type":"WebPage","@id":"https:\/\/biogroupvietnam.com\/en\/product\/chromato-uv-cabinet\/","url":"https:\/\/biogroupvietnam.com\/en\/product\/chromato-uv-cabinet\/","name":"Bu\u1ed3ng UV Soi S\u1eafc K\u00fd B\u1ea3n M\u1ecfng","isPartOf":{"@id":"https:\/\/biogroupvietnam.com\/vi\/#website"},"primaryImageOfPage":{"@id":"https:\/\/biogroupvietnam.com\/en\/product\/chromato-uv-cabinet\/#primaryimage"},"image":{"@id":"https:\/\/biogroupvietnam.com\/en\/product\/chromato-uv-cabinet\/#primaryimage"},"thumbnailUrl":"https:\/\/biogroupvietnam.com\/wp-content\/uploads\/2025\/08\/BuE1BB93ng20UV202.png","datePublished":"2025-08-18T12:54:44+00:00","dateModified":"2025-10-30T06:54:56+00:00","description":"Bu\u1ed3ng soi UV c\u1ee7a h\u00e3ng Uvitec (Anh) \u0111\u01b0\u1ee3c d\u00f9ng trong ph\u00f2ng QC t\u1ea1i c\u00e1c nh\u00e0 m\u00e1y s\u1ea3n xu\u1ea5t \u0111\u1ebfn ph\u00e2n t\u00edch hu\u1ef3nh quang v\u00e0 \u0111\u1ecdc s\u1eafc k\u00fd \u0111\u1ed3 nh\u01b0 s\u1eafc k\u00fd b\u1ea3n m\u1ecfng TLC.","breadcrumb":{"@id":"https:\/\/biogroupvietnam.com\/en\/product\/chromato-uv-cabinet\/#breadcrumb"},"inLanguage":"en-US","potentialAction":[{"@type":"ReadAction","target":["https:\/\/biogroupvietnam.com\/en\/product\/chromato-uv-cabinet\/"]}]},{"@type":"ImageObject","inLanguage":"en-US","@id":"https:\/\/biogroupvietnam.com\/en\/product\/chromato-uv-cabinet\/#primaryimage","url":"https:\/\/biogroupvietnam.com\/wp-content\/uploads\/2025\/08\/BuE1BB93ng20UV202.png","contentUrl":"https:\/\/biogroupvietnam.com\/wp-content\/uploads\/2025\/08\/BuE1BB93ng20UV202.png","width":1600,"height":1229,"caption":"\u00a0"},{"@type":"BreadcrumbList","@id":"https:\/\/biogroupvietnam.com\/en\/product\/chromato-uv-cabinet\/#breadcrumb","itemListElement":[{"@type":"ListItem","position":1,"name":"Biogroup Vietnam | End-to-End Biotechnology Solutions","item":"https:\/\/biogroupvietnam.com\/vi\/"},{"@type":"ListItem","position":2,"name":"Product","item":"https:\/\/biogroupvietnam.com\/vi\/san-pham\/"},{"@type":"ListItem","position":3,"name":"Biological R&D","item":"https:\/\/biogroupvietnam.com\/vi\/danh-muc-san-pham\/rd-sinh-hoc\/"},{"@type":"ListItem","position":4,"name":"Geldoc system","item":"https:\/\/biogroupvietnam.com\/vi\/danh-muc-san-pham\/chup-anh-gel\/"},{"@type":"ListItem","position":5,"name":"Chromato UV Cabinet"}]},{"@type":"WebSite","@id":"https:\/\/biogroupvietnam.com\/en\/vi\/#website","url":"https:\/\/biogroupvietnam.com\/en\/vi\/","name":"Biogroup Vietnam","description":"Biogroup Vietnam cung c\u1ea5p d\u1ecbch v\u1ee5 k\u1ef9 thu\u1eadt c\u00f9ng thi\u1ebft b\u1ecb, v\u1eadt t\u01b0, h\u00f3a ch\u1ea5t v\u00e0 gi\u1ea3i ph\u00e1p sinh h\u1ecdc cho ph\u00f2ng th\u00ed nghi\u1ec7m c\u00f4ng ngh\u1ec7 sinh h\u1ecdc, y sinh v\u00e0 y h\u1ecdc t\u00e1i t\u1ea1o.","potentialAction":[{"@type":"SearchAction","target":{"@type":"EntryPoint","urlTemplate":"https:\/\/biogroupvietnam.com\/en\/vi\/?s={search_term_string}"},"query-input":{"@type":"PropertyValueSpecification","valueRequired":true,"valueName":"search_term_string"}}],"inLanguage":"en-US"}]}},"_links":{"self":[{"href":"https:\/\/biogroupvietnam.com\/en\/wp-json\/wp\/v2\/product\/3935","targetHints":{"allow":["GET"]}}],"collection":[{"href":"https:\/\/biogroupvietnam.com\/en\/wp-json\/wp\/v2\/product"}],"about":[{"href":"https:\/\/biogroupvietnam.com\/en\/wp-json\/wp\/v2\/types\/product"}],"replies":[{"embeddable":true,"href":"https:\/\/biogroupvietnam.com\/en\/wp-json\/wp\/v2\/comments?post=3935"}],"version-history":[{"count":3,"href":"https:\/\/biogroupvietnam.com\/en\/wp-json\/wp\/v2\/product\/3935\/revisions"}],"predecessor-version":[{"id":8811,"href":"https:\/\/biogroupvietnam.com\/en\/wp-json\/wp\/v2\/product\/3935\/revisions\/8811"}],"wp:featuredmedia":[{"embeddable":true,"href":"https:\/\/biogroupvietnam.com\/en\/wp-json\/wp\/v2\/media\/5520"}],"wp:attachment":[{"href":"https:\/\/biogroupvietnam.com\/en\/wp-json\/wp\/v2\/media?parent=3935"}],"wp:term":[{"taxonomy":"product_brand","embeddable":true,"href":"https:\/\/biogroupvietnam.com\/en\/wp-json\/wp\/v2\/product_brand?post=3935"},{"taxonomy":"product_cat","embeddable":true,"href":"https:\/\/biogroupvietnam.com\/en\/wp-json\/wp\/v2\/product_cat?post=3935"},{"taxonomy":"product_tag","embeddable":true,"href":"https:\/\/biogroupvietnam.com\/en\/wp-json\/wp\/v2\/product_tag?post=3935"}],"curies":[{"name":"wp","href":"https:\/\/api.w.org\/{rel}","templated":true}]}}