{"id":3976,"date":"2025-08-18T19:55:11","date_gmt":"2025-08-18T12:55:11","guid":{"rendered":"http:\/\/biogroupvietnam-worldpress.local\/product\/import-placeholder-for-208\/"},"modified":"2025-09-29T15:09:01","modified_gmt":"2025-09-29T08:09:01","slug":"biinh-cap-nito-long-cryocenter","status":"publish","type":"product","link":"https:\/\/biogroupvietnam.com\/en\/product\/cryocenter-series\/","title":{"rendered":"CryoCenter Series"},"content":{"rendered":"<h2>CryoCenter Series tanks are the latest high performance cryogenic liquid phase storage container which mainly used for liquid nitrogen storage in central laboratories.&nbsp;<\/h2>\n<p>It introduces low amount of liquid vaporization to generate pressure, providing pressure for the tank to discharge liquid, thereby supply liquid nitrogen for other containers. Stainless wheel construction ensures them to be used in most rigorous environment for long time. Compared with traditional welded insulated cylinder, it largely reduces liquid nitrogen evaporation loss.<\/p>\n","protected":false},"excerpt":{"rendered":"<p>CryoCenter Series tanks are the latest high performance cryogenic liquid phase storage container which mainly used for liquid nitrogen storage in central laboratories.&nbsp; It introduces low amount of liquid vaporization to generate pressure, providing pressure for the tank to discharge liquid, thereby supply liquid nitrogen for other containers. Stainless wheel construction ensures them to be<\/p>\n<div class=\"klb-readmore post-buttons\"><a class=\"button rounded primary\" href=\"https:\/\/biogroupvietnam.com\/en\/product\/cryocenter-series\/\">Read More <i class=\"klbth-icon-right-arrow\"><\/i><\/a><\/div>\n","protected":false},"featured_media":5539,"comment_status":"closed","ping_status":"closed","template":"","meta":{"_acf_changed":false},"product_brand":[],"product_cat":[98],"product_tag":[],"class_list":{"0":"post-3976","1":"product","2":"type-product","3":"status-publish","4":"has-post-thumbnail","6":"product_cat-liquid-nitrogen-supply-cylinders","8":"first","9":"outofstock","10":"shipping-taxable","11":"product-type-simple"},"acf":[],"yoast_head":"<!-- This site is optimized with the Yoast SEO plugin v26.8 - https:\/\/yoast.com\/product\/yoast-seo-wordpress\/ -->\n<title>CryoCenter Series<\/title>\n<meta name=\"description\" content=\"CryoCenter Series tanks are the latest high performance cryogenic liquid phase storage container which mainly used for liquid nitrogen storage in central laboratories.&nbsp; It introduces low amount of liquid vaporization to generate pressure, providing pressure for the tank to discharge liquid, thereby supply liquid nitrogen for other containers. Stainless wheel construction ensures them to be&hellip;\" \/>\n<meta name=\"robots\" content=\"index, follow, max-snippet:-1, max-image-preview:large, max-video-preview:-1\" \/>\n<link rel=\"canonical\" href=\"http:\/\/CryoCenter%20Series%20tanks%20are%20the%20latest%20high%20performance%20cryogenic%20liquid%20phase%20storage%20container%20which%20mainly%20used%20for%20liquid%20nitrogen%20storage%20in%20central%20laboratories.&nbsp;%20It%20introduces%20low%20amount%20of%20liquid%20vaporization%20to%20generate%20pressure,%20providing%20pressure%20for%20the%20tank%20to%20discharge%20liquid,%20thereby%20supply%20liquid%20nitrogen%20for%20other%20containers.%20Stainless%20wheel%20construction%20ensures%20them%20to%20be&hellip;\" \/>\n<meta property=\"og:locale\" content=\"en_US\" \/>\n<meta property=\"og:type\" content=\"article\" \/>\n<meta property=\"og:title\" content=\"CryoCenter Series\" \/>\n<meta property=\"og:description\" content=\"CryoCenter Series tanks are the latest high performance cryogenic liquid phase storage container which mainly used for liquid nitrogen storage in central laboratories.&nbsp; It introduces low amount of liquid vaporization to generate pressure, providing pressure for the tank to discharge liquid, thereby supply liquid nitrogen for other containers. Stainless wheel construction ensures them to be&hellip;\" \/>\n<meta property=\"og:url\" content=\"https:\/\/biogroupvietnam.com\/en\/product\/cryocenter-series\/\" \/>\n<meta property=\"og:site_name\" content=\"Biogroup Vietnam\" \/>\n<meta property=\"article:modified_time\" content=\"2025-09-29T08:09:01+00:00\" \/>\n<meta property=\"og:image\" content=\"https:\/\/biogroupvietnam.com\/wp-content\/uploads\/2025\/08\/Eho0JxRmyAaldyCOr6OTstFKXkw7StyKhDEs6zUe.png\" \/>\n\t<meta property=\"og:image:width\" content=\"1000\" \/>\n\t<meta property=\"og:image:height\" content=\"1000\" \/>\n\t<meta property=\"og:image:type\" content=\"image\/png\" \/>\n<meta name=\"twitter:card\" content=\"summary_large_image\" \/>\n<meta name=\"twitter:label1\" content=\"Est. reading time\" \/>\n\t<meta name=\"twitter:data1\" content=\"3 minutes\" \/>\n<script type=\"application\/ld+json\" class=\"yoast-schema-graph\">{\"@context\":\"https:\/\/schema.org\",\"@graph\":[{\"@type\":\"WebPage\",\"@id\":\"https:\/\/biogroupvietnam.com\/en\/product\/cryocenter-series\/\",\"url\":\"https:\/\/biogroupvietnam.com\/en\/product\/cryocenter-series\/\",\"name\":\"B\u00ecnh C\u1ea5p Nit\u01a1 L\u1ecfng CryoCenter\",\"isPartOf\":{\"@id\":\"https:\/\/biogroupvietnam.com\/vi\/#website\"},\"primaryImageOfPage\":{\"@id\":\"https:\/\/biogroupvietnam.com\/en\/product\/cryocenter-series\/#primaryimage\"},\"image\":{\"@id\":\"https:\/\/biogroupvietnam.com\/en\/product\/cryocenter-series\/#primaryimage\"},\"thumbnailUrl\":\"https:\/\/biogroupvietnam.com\/wp-content\/uploads\/2025\/08\/Eho0JxRmyAaldyCOr6OTstFKXkw7StyKhDEs6zUe.png\",\"datePublished\":\"2025-08-18T12:55:11+00:00\",\"dateModified\":\"2025-09-29T08:09:01+00:00\",\"description\":\"B\u00ecnh c\u1ea5p nit\u01a1 l\u1ecfng CryoCenter\u00a0(B\u00ecnh kim lo\u1ea1i r\u1ed7ng ch\u1ee9a nit\u01a1 l\u1ecfng), l\u00e0 b\u00ecnh c\u1ea5p pha l\u1ecfng \u0111\u00f4ng l\u1ea1nh c\u00f3\u00a0hi\u1ec7u su\u1ea5t cao m\u1edbi nh\u1ea5t, ch\u1ee7 y\u1ebfu \u0111\u01b0\u1ee3c s\u1eed d\u1ee5ng \u0111\u1ec3 l\u01b0u tr\u1eef nit\u01a1 l\u1ecfng trong c\u00e1c ph\u00f2ng th\u00ed nghi\u1ec7m trung t\u00e2m.\",\"breadcrumb\":{\"@id\":\"https:\/\/biogroupvietnam.com\/en\/product\/cryocenter-series\/#breadcrumb\"},\"inLanguage\":\"en-US\",\"potentialAction\":[{\"@type\":\"ReadAction\",\"target\":[\"https:\/\/biogroupvietnam.com\/en\/product\/cryocenter-series\/\"]}]},{\"@type\":\"ImageObject\",\"inLanguage\":\"en-US\",\"@id\":\"https:\/\/biogroupvietnam.com\/en\/product\/cryocenter-series\/#primaryimage\",\"url\":\"https:\/\/biogroupvietnam.com\/wp-content\/uploads\/2025\/08\/Eho0JxRmyAaldyCOr6OTstFKXkw7StyKhDEs6zUe.png\",\"contentUrl\":\"https:\/\/biogroupvietnam.com\/wp-content\/uploads\/2025\/08\/Eho0JxRmyAaldyCOr6OTstFKXkw7StyKhDEs6zUe.png\",\"width\":1000,\"height\":1000,\"caption\":\"\u00a0\"},{\"@type\":\"BreadcrumbList\",\"@id\":\"https:\/\/biogroupvietnam.com\/en\/product\/cryocenter-series\/#breadcrumb\",\"itemListElement\":[{\"@type\":\"ListItem\",\"position\":1,\"name\":\"Biogroup Vietnam | End-to-End Biotechnology Solutions\",\"item\":\"https:\/\/biogroupvietnam.com\/vi\/\"},{\"@type\":\"ListItem\",\"position\":2,\"name\":\"Product\",\"item\":\"https:\/\/biogroupvietnam.com\/vi\/san-pham\/\"},{\"@type\":\"ListItem\",\"position\":3,\"name\":\"Cellular Cryopreservation\",\"item\":\"https:\/\/biogroupvietnam.com\/vi\/danh-muc-san-pham\/bao-quan-lanh-te-bao\/\"},{\"@type\":\"ListItem\",\"position\":4,\"name\":\"Liquid Nitrogen Supply Cylinders\",\"item\":\"https:\/\/biogroupvietnam.com\/vi\/danh-muc-san-pham\/binh-cap-nito-long\/\"},{\"@type\":\"ListItem\",\"position\":5,\"name\":\"CryoCenter Series\"}]},{\"@type\":\"WebSite\",\"@id\":\"https:\/\/biogroupvietnam.com\/en\/vi\/#website\",\"url\":\"https:\/\/biogroupvietnam.com\/en\/vi\/\",\"name\":\"Biogroup Vietnam\",\"description\":\"Biogroup Vietnam cung c\u1ea5p d\u1ecbch v\u1ee5 k\u1ef9 thu\u1eadt c\u00f9ng thi\u1ebft b\u1ecb, v\u1eadt t\u01b0, h\u00f3a ch\u1ea5t v\u00e0 gi\u1ea3i ph\u00e1p sinh h\u1ecdc cho ph\u00f2ng th\u00ed nghi\u1ec7m c\u00f4ng ngh\u1ec7 sinh h\u1ecdc, y sinh v\u00e0 y h\u1ecdc t\u00e1i t\u1ea1o.\",\"potentialAction\":[{\"@type\":\"SearchAction\",\"target\":{\"@type\":\"EntryPoint\",\"urlTemplate\":\"https:\/\/biogroupvietnam.com\/en\/vi\/?s={search_term_string}\"},\"query-input\":{\"@type\":\"PropertyValueSpecification\",\"valueRequired\":true,\"valueName\":\"search_term_string\"}}],\"inLanguage\":\"en-US\"}]}<\/script>\n<!-- \/ Yoast SEO plugin. -->","yoast_head_json":{"title":"CryoCenter Series","description":"CryoCenter Series tanks are the latest high performance cryogenic liquid phase storage container which mainly used for liquid nitrogen storage in central laboratories.&nbsp; It introduces low amount of liquid vaporization to generate pressure, providing pressure for the tank to discharge liquid, thereby supply liquid nitrogen for other containers. Stainless wheel construction ensures them to be&hellip;","robots":{"index":"index","follow":"follow","max-snippet":"max-snippet:-1","max-image-preview":"max-image-preview:large","max-video-preview":"max-video-preview:-1"},"canonical":"CryoCenter Series tanks are the latest high performance cryogenic liquid phase storage container which mainly used for liquid nitrogen storage in central laboratories.&nbsp; It introduces low amount of liquid vaporization to generate pressure, providing pressure for the tank to discharge liquid, thereby supply liquid nitrogen for other containers. Stainless wheel construction ensures them to be&hellip;","og_locale":"en_US","og_type":"article","og_title":"CryoCenter Series","og_description":"CryoCenter Series tanks are the latest high performance cryogenic liquid phase storage container which mainly used for liquid nitrogen storage in central laboratories.&nbsp; It introduces low amount of liquid vaporization to generate pressure, providing pressure for the tank to discharge liquid, thereby supply liquid nitrogen for other containers. Stainless wheel construction ensures them to be&hellip;","og_url":"https:\/\/biogroupvietnam.com\/en\/product\/cryocenter-series\/","og_site_name":"Biogroup Vietnam","article_modified_time":"2025-09-29T08:09:01+00:00","og_image":[{"width":1000,"height":1000,"url":"https:\/\/biogroupvietnam.com\/wp-content\/uploads\/2025\/08\/Eho0JxRmyAaldyCOr6OTstFKXkw7StyKhDEs6zUe.png","type":"image\/png"}],"twitter_card":"summary_large_image","twitter_misc":{"Est. reading time":"3 minutes"},"schema":{"@context":"https:\/\/schema.org","@graph":[{"@type":"WebPage","@id":"https:\/\/biogroupvietnam.com\/en\/product\/cryocenter-series\/","url":"https:\/\/biogroupvietnam.com\/en\/product\/cryocenter-series\/","name":"B\u00ecnh C\u1ea5p Nit\u01a1 L\u1ecfng CryoCenter","isPartOf":{"@id":"https:\/\/biogroupvietnam.com\/vi\/#website"},"primaryImageOfPage":{"@id":"https:\/\/biogroupvietnam.com\/en\/product\/cryocenter-series\/#primaryimage"},"image":{"@id":"https:\/\/biogroupvietnam.com\/en\/product\/cryocenter-series\/#primaryimage"},"thumbnailUrl":"https:\/\/biogroupvietnam.com\/wp-content\/uploads\/2025\/08\/Eho0JxRmyAaldyCOr6OTstFKXkw7StyKhDEs6zUe.png","datePublished":"2025-08-18T12:55:11+00:00","dateModified":"2025-09-29T08:09:01+00:00","description":"B\u00ecnh c\u1ea5p nit\u01a1 l\u1ecfng CryoCenter\u00a0(B\u00ecnh kim lo\u1ea1i r\u1ed7ng ch\u1ee9a nit\u01a1 l\u1ecfng), l\u00e0 b\u00ecnh c\u1ea5p pha l\u1ecfng \u0111\u00f4ng l\u1ea1nh c\u00f3\u00a0hi\u1ec7u su\u1ea5t cao m\u1edbi nh\u1ea5t, ch\u1ee7 y\u1ebfu \u0111\u01b0\u1ee3c s\u1eed d\u1ee5ng \u0111\u1ec3 l\u01b0u tr\u1eef nit\u01a1 l\u1ecfng trong c\u00e1c ph\u00f2ng th\u00ed nghi\u1ec7m trung t\u00e2m.","breadcrumb":{"@id":"https:\/\/biogroupvietnam.com\/en\/product\/cryocenter-series\/#breadcrumb"},"inLanguage":"en-US","potentialAction":[{"@type":"ReadAction","target":["https:\/\/biogroupvietnam.com\/en\/product\/cryocenter-series\/"]}]},{"@type":"ImageObject","inLanguage":"en-US","@id":"https:\/\/biogroupvietnam.com\/en\/product\/cryocenter-series\/#primaryimage","url":"https:\/\/biogroupvietnam.com\/wp-content\/uploads\/2025\/08\/Eho0JxRmyAaldyCOr6OTstFKXkw7StyKhDEs6zUe.png","contentUrl":"https:\/\/biogroupvietnam.com\/wp-content\/uploads\/2025\/08\/Eho0JxRmyAaldyCOr6OTstFKXkw7StyKhDEs6zUe.png","width":1000,"height":1000,"caption":"\u00a0"},{"@type":"BreadcrumbList","@id":"https:\/\/biogroupvietnam.com\/en\/product\/cryocenter-series\/#breadcrumb","itemListElement":[{"@type":"ListItem","position":1,"name":"Biogroup Vietnam | End-to-End Biotechnology Solutions","item":"https:\/\/biogroupvietnam.com\/vi\/"},{"@type":"ListItem","position":2,"name":"Product","item":"https:\/\/biogroupvietnam.com\/vi\/san-pham\/"},{"@type":"ListItem","position":3,"name":"Cellular Cryopreservation","item":"https:\/\/biogroupvietnam.com\/vi\/danh-muc-san-pham\/bao-quan-lanh-te-bao\/"},{"@type":"ListItem","position":4,"name":"Liquid Nitrogen Supply Cylinders","item":"https:\/\/biogroupvietnam.com\/vi\/danh-muc-san-pham\/binh-cap-nito-long\/"},{"@type":"ListItem","position":5,"name":"CryoCenter Series"}]},{"@type":"WebSite","@id":"https:\/\/biogroupvietnam.com\/en\/vi\/#website","url":"https:\/\/biogroupvietnam.com\/en\/vi\/","name":"Biogroup Vietnam","description":"Biogroup Vietnam cung c\u1ea5p d\u1ecbch v\u1ee5 k\u1ef9 thu\u1eadt c\u00f9ng thi\u1ebft b\u1ecb, v\u1eadt t\u01b0, h\u00f3a ch\u1ea5t v\u00e0 gi\u1ea3i ph\u00e1p sinh h\u1ecdc cho ph\u00f2ng th\u00ed nghi\u1ec7m c\u00f4ng ngh\u1ec7 sinh h\u1ecdc, y sinh v\u00e0 y h\u1ecdc t\u00e1i t\u1ea1o.","potentialAction":[{"@type":"SearchAction","target":{"@type":"EntryPoint","urlTemplate":"https:\/\/biogroupvietnam.com\/en\/vi\/?s={search_term_string}"},"query-input":{"@type":"PropertyValueSpecification","valueRequired":true,"valueName":"search_term_string"}}],"inLanguage":"en-US"}]}},"_links":{"self":[{"href":"https:\/\/biogroupvietnam.com\/en\/wp-json\/wp\/v2\/product\/3976","targetHints":{"allow":["GET"]}}],"collection":[{"href":"https:\/\/biogroupvietnam.com\/en\/wp-json\/wp\/v2\/product"}],"about":[{"href":"https:\/\/biogroupvietnam.com\/en\/wp-json\/wp\/v2\/types\/product"}],"replies":[{"embeddable":true,"href":"https:\/\/biogroupvietnam.com\/en\/wp-json\/wp\/v2\/comments?post=3976"}],"version-history":[{"count":2,"href":"https:\/\/biogroupvietnam.com\/en\/wp-json\/wp\/v2\/product\/3976\/revisions"}],"predecessor-version":[{"id":8298,"href":"https:\/\/biogroupvietnam.com\/en\/wp-json\/wp\/v2\/product\/3976\/revisions\/8298"}],"wp:featuredmedia":[{"embeddable":true,"href":"https:\/\/biogroupvietnam.com\/en\/wp-json\/wp\/v2\/media\/5539"}],"wp:attachment":[{"href":"https:\/\/biogroupvietnam.com\/en\/wp-json\/wp\/v2\/media?parent=3976"}],"wp:term":[{"taxonomy":"product_brand","embeddable":true,"href":"https:\/\/biogroupvietnam.com\/en\/wp-json\/wp\/v2\/product_brand?post=3976"},{"taxonomy":"product_cat","embeddable":true,"href":"https:\/\/biogroupvietnam.com\/en\/wp-json\/wp\/v2\/product_cat?post=3976"},{"taxonomy":"product_tag","embeddable":true,"href":"https:\/\/biogroupvietnam.com\/en\/wp-json\/wp\/v2\/product_tag?post=3976"}],"curies":[{"name":"wp","href":"https:\/\/api.w.org\/{rel}","templated":true}]}}