{"id":3977,"date":"2025-08-18T19:55:11","date_gmt":"2025-08-18T12:55:11","guid":{"rendered":"http:\/\/biogroupvietnam-worldpress.local\/product\/import-placeholder-for-209\/"},"modified":"2026-01-12T16:45:31","modified_gmt":"2026-01-12T09:45:31","slug":"hop-cassette-bao-ve-tui-luu-tru-te-bao-goc","status":"publish","type":"product","link":"https:\/\/biogroupvietnam.com\/en\/product\/cassette-for-protecting-stem-cell-freezing-storage-bag\/","title":{"rendered":"Cassette for protecting stem cell freezing&nbsp;storage bag"},"content":{"rendered":"<h2>Cassette for protecting stem cell freezing storage bag<\/h2>\n<h2>Special range of cassettes and racks, custom-made to suit your needs!<\/h2>\n<h2>Features:<\/h2>\n<ul>\n<li>Security Cassette for volume reduced Cord Blood Freezing Bags of ca 25 ml content;<\/li>\n<li>Cassette internal dimensions: 91 mm \/ 77 mm \/ 9 mm (W\/L\/H);<\/li>\n<li>Cassette external dimensions: 95 mm \/ 84 mm \/ 11 mm (W\/L\/H);<\/li>\n<li>Cassette wall thickness: 0,6 mm;<\/li>\n<li>Cassettes material: polished aluminium;<\/li>\n<li>Racks material: stainless steel;<\/li>\n<\/ul>\n","protected":false},"excerpt":{"rendered":"<p>Cassette for protecting stem cell freezing storage bag Special range of cassettes and racks, custom-made to suit your needs! Features: Security Cassette for volume reduced Cord Blood Freezing Bags of ca 25 ml content; Cassette internal dimensions: 91 mm \/ 77 mm \/ 9 mm (W\/L\/H); Cassette external dimensions: 95 mm \/ 84 mm \/<\/p>\n<div class=\"klb-readmore post-buttons\"><a class=\"button rounded primary\" href=\"https:\/\/biogroupvietnam.com\/en\/product\/cassette-for-protecting-stem-cell-freezing-storage-bag\/\">Read More <i class=\"klbth-icon-right-arrow\"><\/i><\/a><\/div>\n","protected":false},"featured_media":9018,"comment_status":"closed","ping_status":"closed","template":"","meta":{"_acf_changed":false},"product_brand":[126],"product_cat":[95],"product_tag":[],"class_list":{"0":"post-3977","1":"product","2":"type-product","3":"status-publish","4":"has-post-thumbnail","6":"product_brand-wak-chemie-medical-gmbh","7":"product_cat-cryogenic-freezers","9":"first","10":"outofstock","11":"shipping-taxable","12":"product-type-simple"},"acf":[],"yoast_head":"<!-- This site is optimized with the Yoast SEO plugin v26.8 - https:\/\/yoast.com\/product\/yoast-seo-wordpress\/ -->\n<title>Cassette for protecting stem cell freezing&nbsp;storage bag<\/title>\n<meta name=\"description\" content=\"Cassette for protecting stem cell freezing storage bag Special range of cassettes and racks, custom-made to suit your needs! Features: Security Cassette for volume reduced Cord Blood Freezing Bags of ca 25 ml content; Cassette internal dimensions: 91 mm \/ 77 mm \/ 9 mm (W\/L\/H); Cassette external dimensions: 95 mm \/ 84 mm \/&hellip;\" \/>\n<meta name=\"robots\" content=\"index, follow, max-snippet:-1, max-image-preview:large, max-video-preview:-1\" \/>\n<link rel=\"canonical\" href=\"\" \/>\n<meta property=\"og:locale\" content=\"en_US\" \/>\n<meta property=\"og:type\" content=\"article\" \/>\n<meta property=\"og:title\" content=\"Cassette for protecting stem cell freezing&nbsp;storage bag\" \/>\n<meta property=\"og:description\" content=\"Cassette for protecting stem cell freezing storage bag Special range of cassettes and racks, custom-made to suit your needs! Features: Security Cassette for volume reduced Cord Blood Freezing Bags of ca 25 ml content; Cassette internal dimensions: 91 mm \/ 77 mm \/ 9 mm (W\/L\/H); Cassette external dimensions: 95 mm \/ 84 mm \/&hellip;\" \/>\n<meta property=\"og:url\" content=\"https:\/\/biogroupvietnam.com\/en\/product\/cassette-for-protecting-stem-cell-freezing-storage-bag\/\" \/>\n<meta property=\"og:site_name\" content=\"Biogroup Vietnam\" \/>\n<meta property=\"article:modified_time\" content=\"2026-01-12T09:45:31+00:00\" \/>\n<meta property=\"og:image\" content=\"https:\/\/biogroupvietnam.com\/wp-content\/uploads\/2025\/08\/Cassette-WAK.jpg\" \/>\n\t<meta property=\"og:image:width\" content=\"1640\" \/>\n\t<meta property=\"og:image:height\" content=\"1260\" \/>\n\t<meta property=\"og:image:type\" content=\"image\/jpeg\" \/>\n<meta name=\"twitter:card\" content=\"summary_large_image\" \/>\n<meta name=\"twitter:label1\" content=\"Est. reading time\" \/>\n\t<meta name=\"twitter:data1\" content=\"1 minute\" \/>\n<script type=\"application\/ld+json\" class=\"yoast-schema-graph\">{\"@context\":\"https:\/\/schema.org\",\"@graph\":[{\"@type\":\"WebPage\",\"@id\":\"https:\/\/biogroupvietnam.com\/en\/product\/cassette-for-protecting-stem-cell-freezing-storage-bag\/\",\"url\":\"https:\/\/biogroupvietnam.com\/en\/product\/cassette-for-protecting-stem-cell-freezing-storage-bag\/\",\"name\":\"H\u1ed9p Cassette B\u1ea3o V\u1ec7 T\u00fai L\u01b0u Tr\u1eef T\u1ebf B\u00e0o G\u1ed1c\",\"isPartOf\":{\"@id\":\"https:\/\/biogroupvietnam.com\/vi\/#website\"},\"primaryImageOfPage\":{\"@id\":\"https:\/\/biogroupvietnam.com\/en\/product\/cassette-for-protecting-stem-cell-freezing-storage-bag\/#primaryimage\"},\"image\":{\"@id\":\"https:\/\/biogroupvietnam.com\/en\/product\/cassette-for-protecting-stem-cell-freezing-storage-bag\/#primaryimage\"},\"thumbnailUrl\":\"https:\/\/biogroupvietnam.com\/wp-content\/uploads\/2025\/08\/Cassette-WAK.jpg\",\"datePublished\":\"2025-08-18T12:55:11+00:00\",\"dateModified\":\"2026-01-12T09:45:31+00:00\",\"description\":\"H\u1ed9p cassette b\u1ea3o v\u1ec7 t\u00fai l\u01b0u tr\u1eef t\u1ebf g\u00e0o g\u1ed1c (h\u1ed9p b\u1ea3o v\u1ec7 t\u00fai \u0111\u00f4ng l\u1ea1nh) th\u1ec3 t\u00edch 25 ml m\u00e1u cu\u1ed1ng r\u1ed1n.\",\"breadcrumb\":{\"@id\":\"https:\/\/biogroupvietnam.com\/en\/product\/cassette-for-protecting-stem-cell-freezing-storage-bag\/#breadcrumb\"},\"inLanguage\":\"en-US\",\"potentialAction\":[{\"@type\":\"ReadAction\",\"target\":[\"https:\/\/biogroupvietnam.com\/en\/product\/cassette-for-protecting-stem-cell-freezing-storage-bag\/\"]}]},{\"@type\":\"ImageObject\",\"inLanguage\":\"en-US\",\"@id\":\"https:\/\/biogroupvietnam.com\/en\/product\/cassette-for-protecting-stem-cell-freezing-storage-bag\/#primaryimage\",\"url\":\"https:\/\/biogroupvietnam.com\/wp-content\/uploads\/2025\/08\/Cassette-WAK.jpg\",\"contentUrl\":\"https:\/\/biogroupvietnam.com\/wp-content\/uploads\/2025\/08\/Cassette-WAK.jpg\",\"width\":1640,\"height\":1260},{\"@type\":\"BreadcrumbList\",\"@id\":\"https:\/\/biogroupvietnam.com\/en\/product\/cassette-for-protecting-stem-cell-freezing-storage-bag\/#breadcrumb\",\"itemListElement\":[{\"@type\":\"ListItem\",\"position\":1,\"name\":\"Biogroup Vietnam | End-to-End Biotechnology Solutions\",\"item\":\"https:\/\/biogroupvietnam.com\/vi\/\"},{\"@type\":\"ListItem\",\"position\":2,\"name\":\"Product\",\"item\":\"https:\/\/biogroupvietnam.com\/vi\/san-pham\/\"},{\"@type\":\"ListItem\",\"position\":3,\"name\":\"Cellular Cryopreservation\",\"item\":\"https:\/\/biogroupvietnam.com\/vi\/danh-muc-san-pham\/bao-quan-lanh-te-bao\/\"},{\"@type\":\"ListItem\",\"position\":4,\"name\":\"Cryogenic Freezers\",\"item\":\"https:\/\/biogroupvietnam.com\/vi\/danh-muc-san-pham\/binh-inox-tru-mau-trong-nito-long\/\"},{\"@type\":\"ListItem\",\"position\":5,\"name\":\"Cassette for protecting stem cell freezing&nbsp;storage bag\"}]},{\"@type\":\"WebSite\",\"@id\":\"https:\/\/biogroupvietnam.com\/en\/vi\/#website\",\"url\":\"https:\/\/biogroupvietnam.com\/en\/vi\/\",\"name\":\"Biogroup Vietnam\",\"description\":\"Biogroup Vietnam cung c\u1ea5p d\u1ecbch v\u1ee5 k\u1ef9 thu\u1eadt c\u00f9ng thi\u1ebft b\u1ecb, v\u1eadt t\u01b0, h\u00f3a ch\u1ea5t v\u00e0 gi\u1ea3i ph\u00e1p sinh h\u1ecdc cho ph\u00f2ng th\u00ed nghi\u1ec7m c\u00f4ng ngh\u1ec7 sinh h\u1ecdc, y sinh v\u00e0 y h\u1ecdc t\u00e1i t\u1ea1o.\",\"potentialAction\":[{\"@type\":\"SearchAction\",\"target\":{\"@type\":\"EntryPoint\",\"urlTemplate\":\"https:\/\/biogroupvietnam.com\/en\/vi\/?s={search_term_string}\"},\"query-input\":{\"@type\":\"PropertyValueSpecification\",\"valueRequired\":true,\"valueName\":\"search_term_string\"}}],\"inLanguage\":\"en-US\"}]}<\/script>\n<!-- \/ Yoast SEO plugin. -->","yoast_head_json":{"title":"Cassette for protecting stem cell freezing&nbsp;storage bag","description":"Cassette for protecting stem cell freezing storage bag Special range of cassettes and racks, custom-made to suit your needs! Features: Security Cassette for volume reduced Cord Blood Freezing Bags of ca 25 ml content; Cassette internal dimensions: 91 mm \/ 77 mm \/ 9 mm (W\/L\/H); Cassette external dimensions: 95 mm \/ 84 mm \/&hellip;","robots":{"index":"index","follow":"follow","max-snippet":"max-snippet:-1","max-image-preview":"max-image-preview:large","max-video-preview":"max-video-preview:-1"},"canonical":"Cassette for protecting stem cell freezing storage bag Special range of cassettes and racks, custom-made to suit your needs! Features: Security Cassette for volume reduced Cord Blood Freezing Bags of ca 25 ml content; Cassette internal dimensions: 91 mm \/ 77 mm \/ 9 mm (W\/L\/H); Cassette external dimensions: 95 mm \/ 84 mm \/&hellip;","og_locale":"en_US","og_type":"article","og_title":"Cassette for protecting stem cell freezing&nbsp;storage bag","og_description":"Cassette for protecting stem cell freezing storage bag Special range of cassettes and racks, custom-made to suit your needs! Features: Security Cassette for volume reduced Cord Blood Freezing Bags of ca 25 ml content; Cassette internal dimensions: 91 mm \/ 77 mm \/ 9 mm (W\/L\/H); Cassette external dimensions: 95 mm \/ 84 mm \/&hellip;","og_url":"https:\/\/biogroupvietnam.com\/en\/product\/cassette-for-protecting-stem-cell-freezing-storage-bag\/","og_site_name":"Biogroup Vietnam","article_modified_time":"2026-01-12T09:45:31+00:00","og_image":[{"width":1640,"height":1260,"url":"https:\/\/biogroupvietnam.com\/wp-content\/uploads\/2025\/08\/Cassette-WAK.jpg","type":"image\/jpeg"}],"twitter_card":"summary_large_image","twitter_misc":{"Est. reading time":"1 minute"},"schema":{"@context":"https:\/\/schema.org","@graph":[{"@type":"WebPage","@id":"https:\/\/biogroupvietnam.com\/en\/product\/cassette-for-protecting-stem-cell-freezing-storage-bag\/","url":"https:\/\/biogroupvietnam.com\/en\/product\/cassette-for-protecting-stem-cell-freezing-storage-bag\/","name":"H\u1ed9p Cassette B\u1ea3o V\u1ec7 T\u00fai L\u01b0u Tr\u1eef T\u1ebf B\u00e0o G\u1ed1c","isPartOf":{"@id":"https:\/\/biogroupvietnam.com\/vi\/#website"},"primaryImageOfPage":{"@id":"https:\/\/biogroupvietnam.com\/en\/product\/cassette-for-protecting-stem-cell-freezing-storage-bag\/#primaryimage"},"image":{"@id":"https:\/\/biogroupvietnam.com\/en\/product\/cassette-for-protecting-stem-cell-freezing-storage-bag\/#primaryimage"},"thumbnailUrl":"https:\/\/biogroupvietnam.com\/wp-content\/uploads\/2025\/08\/Cassette-WAK.jpg","datePublished":"2025-08-18T12:55:11+00:00","dateModified":"2026-01-12T09:45:31+00:00","description":"H\u1ed9p cassette b\u1ea3o v\u1ec7 t\u00fai l\u01b0u tr\u1eef t\u1ebf g\u00e0o g\u1ed1c (h\u1ed9p b\u1ea3o v\u1ec7 t\u00fai \u0111\u00f4ng l\u1ea1nh) th\u1ec3 t\u00edch 25 ml m\u00e1u cu\u1ed1ng r\u1ed1n.","breadcrumb":{"@id":"https:\/\/biogroupvietnam.com\/en\/product\/cassette-for-protecting-stem-cell-freezing-storage-bag\/#breadcrumb"},"inLanguage":"en-US","potentialAction":[{"@type":"ReadAction","target":["https:\/\/biogroupvietnam.com\/en\/product\/cassette-for-protecting-stem-cell-freezing-storage-bag\/"]}]},{"@type":"ImageObject","inLanguage":"en-US","@id":"https:\/\/biogroupvietnam.com\/en\/product\/cassette-for-protecting-stem-cell-freezing-storage-bag\/#primaryimage","url":"https:\/\/biogroupvietnam.com\/wp-content\/uploads\/2025\/08\/Cassette-WAK.jpg","contentUrl":"https:\/\/biogroupvietnam.com\/wp-content\/uploads\/2025\/08\/Cassette-WAK.jpg","width":1640,"height":1260},{"@type":"BreadcrumbList","@id":"https:\/\/biogroupvietnam.com\/en\/product\/cassette-for-protecting-stem-cell-freezing-storage-bag\/#breadcrumb","itemListElement":[{"@type":"ListItem","position":1,"name":"Biogroup Vietnam | End-to-End Biotechnology Solutions","item":"https:\/\/biogroupvietnam.com\/vi\/"},{"@type":"ListItem","position":2,"name":"Product","item":"https:\/\/biogroupvietnam.com\/vi\/san-pham\/"},{"@type":"ListItem","position":3,"name":"Cellular Cryopreservation","item":"https:\/\/biogroupvietnam.com\/vi\/danh-muc-san-pham\/bao-quan-lanh-te-bao\/"},{"@type":"ListItem","position":4,"name":"Cryogenic Freezers","item":"https:\/\/biogroupvietnam.com\/vi\/danh-muc-san-pham\/binh-inox-tru-mau-trong-nito-long\/"},{"@type":"ListItem","position":5,"name":"Cassette for protecting stem cell freezing&nbsp;storage bag"}]},{"@type":"WebSite","@id":"https:\/\/biogroupvietnam.com\/en\/vi\/#website","url":"https:\/\/biogroupvietnam.com\/en\/vi\/","name":"Biogroup Vietnam","description":"Biogroup Vietnam cung c\u1ea5p d\u1ecbch v\u1ee5 k\u1ef9 thu\u1eadt c\u00f9ng thi\u1ebft b\u1ecb, v\u1eadt t\u01b0, h\u00f3a ch\u1ea5t v\u00e0 gi\u1ea3i ph\u00e1p sinh h\u1ecdc cho ph\u00f2ng th\u00ed nghi\u1ec7m c\u00f4ng ngh\u1ec7 sinh h\u1ecdc, y sinh v\u00e0 y h\u1ecdc t\u00e1i t\u1ea1o.","potentialAction":[{"@type":"SearchAction","target":{"@type":"EntryPoint","urlTemplate":"https:\/\/biogroupvietnam.com\/en\/vi\/?s={search_term_string}"},"query-input":{"@type":"PropertyValueSpecification","valueRequired":true,"valueName":"search_term_string"}}],"inLanguage":"en-US"}]}},"_links":{"self":[{"href":"https:\/\/biogroupvietnam.com\/en\/wp-json\/wp\/v2\/product\/3977","targetHints":{"allow":["GET"]}}],"collection":[{"href":"https:\/\/biogroupvietnam.com\/en\/wp-json\/wp\/v2\/product"}],"about":[{"href":"https:\/\/biogroupvietnam.com\/en\/wp-json\/wp\/v2\/types\/product"}],"replies":[{"embeddable":true,"href":"https:\/\/biogroupvietnam.com\/en\/wp-json\/wp\/v2\/comments?post=3977"}],"version-history":[{"count":5,"href":"https:\/\/biogroupvietnam.com\/en\/wp-json\/wp\/v2\/product\/3977\/revisions"}],"predecessor-version":[{"id":9512,"href":"https:\/\/biogroupvietnam.com\/en\/wp-json\/wp\/v2\/product\/3977\/revisions\/9512"}],"wp:featuredmedia":[{"embeddable":true,"href":"https:\/\/biogroupvietnam.com\/en\/wp-json\/wp\/v2\/media\/9018"}],"wp:attachment":[{"href":"https:\/\/biogroupvietnam.com\/en\/wp-json\/wp\/v2\/media?parent=3977"}],"wp:term":[{"taxonomy":"product_brand","embeddable":true,"href":"https:\/\/biogroupvietnam.com\/en\/wp-json\/wp\/v2\/product_brand?post=3977"},{"taxonomy":"product_cat","embeddable":true,"href":"https:\/\/biogroupvietnam.com\/en\/wp-json\/wp\/v2\/product_cat?post=3977"},{"taxonomy":"product_tag","embeddable":true,"href":"https:\/\/biogroupvietnam.com\/en\/wp-json\/wp\/v2\/product_tag?post=3977"}],"curies":[{"name":"wp","href":"https:\/\/api.w.org\/{rel}","templated":true}]}}