{"id":3987,"date":"2025-08-18T19:55:14","date_gmt":"2025-08-18T12:55:14","guid":{"rendered":"http:\/\/biogroupvietnam-worldpress.local\/product\/import-placeholder-for-219\/"},"modified":"2025-11-17T09:54:28","modified_gmt":"2025-11-17T02:54:28","slug":"adam-mc-plus","status":"publish","type":"product","link":"https:\/\/biogroupvietnam.com\/en\/product\/adam-mc-plus\/","title":{"rendered":"ADAM\u2122 MC Plus"},"content":{"rendered":"<h2>Most Accurate Fluorescence Cell Counter<\/h2>\n<h2><a href=\"https:\/\/www.nanoentek.com\/theme\/nanont2_en\/shop\/02\/product01_view.php?it_id=1677465913\">ADAM\u2122 MC Plus<\/a> is a new standard of highly accurate automated fluorescence cell counter equipped with bright field and two fluorescence channels (AO\/DAPI). ADAM stands for Advanced Detection and Accurate Measurement. ADAM\u2122 MC Plus utilizes sensitive fluorescence dye staining, LED optics and CMOS detection technologies to make the cell analysis more accurate and reliable. It measures the number of total cells, viable cells, non-viable cells, cell viability, and shows cell size. In addition, it analyzes the cell size and aggregation ratio as well. Combined with a disposable microfluidic chip, the operation is now extremely simple, easy, and cost-effective.<\/h2>\n<h3><strong>KEY FEATURES &amp; BENEFITS<\/strong><\/h3>\n<p>&#8211; Only 15 \u03bcL of sample volume needed &#8211; Single solution (mixed with AO\/DAPI) &#8211; 4 tests available with 1 slide &#8211; Total cell counting &amp; viability &#8211;&nbsp;40 seconds per slide (fast mode) &#8211; Aggregation % &#8211; Low CV value<\/p>\n","protected":false},"excerpt":{"rendered":"<p>Most Accurate Fluorescence Cell Counter ADAM\u2122 MC Plus is a new standard of highly accurate automated fluorescence cell counter equipped with bright field and two fluorescence channels (AO\/DAPI). ADAM stands for Advanced Detection and Accurate Measurement. ADAM\u2122 MC Plus utilizes sensitive fluorescence dye staining, LED optics and CMOS detection technologies to make the cell analysis<\/p>\n<div class=\"klb-readmore post-buttons\"><a class=\"button rounded primary\" href=\"https:\/\/biogroupvietnam.com\/en\/product\/adam-mc-plus\/\">Read More <i class=\"klbth-icon-right-arrow\"><\/i><\/a><\/div>\n","protected":false},"featured_media":8965,"comment_status":"closed","ping_status":"closed","template":"","meta":{"_acf_changed":false},"product_brand":[134],"product_cat":[111],"product_tag":[],"class_list":{"0":"post-3987","1":"product","2":"type-product","3":"status-publish","4":"has-post-thumbnail","6":"product_brand-nanoentek","7":"product_cat-cell-counters-cell-analyzers","9":"first","10":"outofstock","11":"shipping-taxable","12":"product-type-simple"},"acf":[],"yoast_head":"<!-- This site is optimized with the Yoast SEO plugin v26.8 - https:\/\/yoast.com\/product\/yoast-seo-wordpress\/ -->\n<title>ADAM\u2122 MC Plus<\/title>\n<meta name=\"description\" content=\"Most Accurate Fluorescence Cell Counter ADAM\u2122 MC Plus is a new standard of highly accurate automated fluorescence cell counter equipped with bright field and two fluorescence channels (AO\/DAPI). ADAM stands for Advanced Detection and Accurate Measurement. ADAM\u2122 MC Plus utilizes sensitive fluorescence dye staining, LED optics and CMOS detection technologies to make the cell analysis&hellip;\" \/>\n<meta name=\"robots\" content=\"index, follow, max-snippet:-1, max-image-preview:large, max-video-preview:-1\" \/>\n<link rel=\"canonical\" href=\"http:\/\/Most%20Accurate%20Fluorescence%20Cell%20Counter%20ADAM\u2122%20MC%20Plus%20is%20a%20new%20standard%20of%20highly%20accurate%20automated%20fluorescence%20cell%20counter%20equipped%20with%20bright%20field%20and%20two%20fluorescence%20channels%20(AO\/DAPI).%20ADAM%20stands%20for%20Advanced%20Detection%20and%20Accurate%20Measurement.%20ADAM\u2122%20MC%20Plus%20utilizes%20sensitive%20fluorescence%20dye%20staining,%20LED%20optics%20and%20CMOS%20detection%20technologies%20to%20make%20the%20cell%20analysis&hellip;\" \/>\n<meta property=\"og:locale\" content=\"en_US\" \/>\n<meta property=\"og:type\" content=\"article\" \/>\n<meta property=\"og:title\" content=\"ADAM\u2122 MC Plus\" \/>\n<meta property=\"og:description\" content=\"Most Accurate Fluorescence Cell Counter ADAM\u2122 MC Plus is a new standard of highly accurate automated fluorescence cell counter equipped with bright field and two fluorescence channels (AO\/DAPI). ADAM stands for Advanced Detection and Accurate Measurement. ADAM\u2122 MC Plus utilizes sensitive fluorescence dye staining, LED optics and CMOS detection technologies to make the cell analysis&hellip;\" \/>\n<meta property=\"og:url\" content=\"https:\/\/biogroupvietnam.com\/en\/product\/adam-mc-plus\/\" \/>\n<meta property=\"og:site_name\" content=\"Biogroup Vietnam\" \/>\n<meta property=\"article:modified_time\" content=\"2025-11-17T02:54:28+00:00\" \/>\n<meta property=\"og:image\" content=\"https:\/\/biogroupvietnam.com\/wp-content\/uploads\/2025\/08\/ADAM\u2122-MC-Plus.jpg\" \/>\n\t<meta property=\"og:image:width\" content=\"1640\" \/>\n\t<meta property=\"og:image:height\" content=\"1260\" \/>\n\t<meta property=\"og:image:type\" content=\"image\/jpeg\" \/>\n<meta name=\"twitter:card\" content=\"summary_large_image\" \/>\n<meta name=\"twitter:label1\" content=\"Est. reading time\" \/>\n\t<meta name=\"twitter:data1\" content=\"6 minutes\" \/>\n<script type=\"application\/ld+json\" class=\"yoast-schema-graph\">{\"@context\":\"https:\/\/schema.org\",\"@graph\":[{\"@type\":\"WebPage\",\"@id\":\"https:\/\/biogroupvietnam.com\/en\/product\/adam-mc-plus\/\",\"url\":\"https:\/\/biogroupvietnam.com\/en\/product\/adam-mc-plus\/\",\"name\":\"M\u00e1y \u0110\u1ebfm T\u1ebf B\u00e0o T\u1ef1 \u0110\u1ed9ng ADAM\u2122 MC Plus\",\"isPartOf\":{\"@id\":\"https:\/\/biogroupvietnam.com\/vi\/#website\"},\"primaryImageOfPage\":{\"@id\":\"https:\/\/biogroupvietnam.com\/en\/product\/adam-mc-plus\/#primaryimage\"},\"image\":{\"@id\":\"https:\/\/biogroupvietnam.com\/en\/product\/adam-mc-plus\/#primaryimage\"},\"thumbnailUrl\":\"https:\/\/biogroupvietnam.com\/wp-content\/uploads\/2025\/08\/ADAM\u2122-MC-Plus.jpg\",\"datePublished\":\"2025-08-18T12:55:14+00:00\",\"dateModified\":\"2025-11-17T02:54:28+00:00\",\"description\":\"ADAM\u2122 MC Plus l\u00e0 m\u00e1y \u0111\u1ebfm t\u1ebf b\u00e0o hu\u1ef3nh quang t\u1ef1 \u0111\u1ed9ng, cung c\u1ea5p ch\u00ednh x\u00e1c t\u1ed5ng s\u1ed1 t\u1ebf b\u00e0o v\u00e0 ph\u00e2n t\u00edch kh\u1ea3 n\u0103ng s\u1ed1ng c\u1ee7a t\u1ebf b\u00e0o.\",\"breadcrumb\":{\"@id\":\"https:\/\/biogroupvietnam.com\/en\/product\/adam-mc-plus\/#breadcrumb\"},\"inLanguage\":\"en-US\",\"potentialAction\":[{\"@type\":\"ReadAction\",\"target\":[\"https:\/\/biogroupvietnam.com\/en\/product\/adam-mc-plus\/\"]}]},{\"@type\":\"ImageObject\",\"inLanguage\":\"en-US\",\"@id\":\"https:\/\/biogroupvietnam.com\/en\/product\/adam-mc-plus\/#primaryimage\",\"url\":\"https:\/\/biogroupvietnam.com\/wp-content\/uploads\/2025\/08\/ADAM\u2122-MC-Plus.jpg\",\"contentUrl\":\"https:\/\/biogroupvietnam.com\/wp-content\/uploads\/2025\/08\/ADAM\u2122-MC-Plus.jpg\",\"width\":1640,\"height\":1260},{\"@type\":\"BreadcrumbList\",\"@id\":\"https:\/\/biogroupvietnam.com\/en\/product\/adam-mc-plus\/#breadcrumb\",\"itemListElement\":[{\"@type\":\"ListItem\",\"position\":1,\"name\":\"Biogroup Vietnam | End-to-End Biotechnology Solutions\",\"item\":\"https:\/\/biogroupvietnam.com\/vi\/\"},{\"@type\":\"ListItem\",\"position\":2,\"name\":\"Product\",\"item\":\"https:\/\/biogroupvietnam.com\/vi\/san-pham\/\"},{\"@type\":\"ListItem\",\"position\":3,\"name\":\"Biological R&D\",\"item\":\"https:\/\/biogroupvietnam.com\/vi\/danh-muc-san-pham\/rd-sinh-hoc\/\"},{\"@type\":\"ListItem\",\"position\":4,\"name\":\"Cell Counters & Cell Analyzers\",\"item\":\"https:\/\/biogroupvietnam.com\/vi\/danh-muc-san-pham\/dem-phan-tich-te-bao\/\"},{\"@type\":\"ListItem\",\"position\":5,\"name\":\"ADAM\u2122 MC Plus\"}]},{\"@type\":\"WebSite\",\"@id\":\"https:\/\/biogroupvietnam.com\/en\/vi\/#website\",\"url\":\"https:\/\/biogroupvietnam.com\/en\/vi\/\",\"name\":\"Biogroup Vietnam\",\"description\":\"Biogroup Vietnam cung c\u1ea5p d\u1ecbch v\u1ee5 k\u1ef9 thu\u1eadt c\u00f9ng thi\u1ebft b\u1ecb, v\u1eadt t\u01b0, h\u00f3a ch\u1ea5t v\u00e0 gi\u1ea3i ph\u00e1p sinh h\u1ecdc cho ph\u00f2ng th\u00ed nghi\u1ec7m c\u00f4ng ngh\u1ec7 sinh h\u1ecdc, y sinh v\u00e0 y h\u1ecdc t\u00e1i t\u1ea1o.\",\"potentialAction\":[{\"@type\":\"SearchAction\",\"target\":{\"@type\":\"EntryPoint\",\"urlTemplate\":\"https:\/\/biogroupvietnam.com\/en\/vi\/?s={search_term_string}\"},\"query-input\":{\"@type\":\"PropertyValueSpecification\",\"valueRequired\":true,\"valueName\":\"search_term_string\"}}],\"inLanguage\":\"en-US\"}]}<\/script>\n<!-- \/ Yoast SEO plugin. -->","yoast_head_json":{"title":"ADAM\u2122 MC Plus","description":"Most Accurate Fluorescence Cell Counter ADAM\u2122 MC Plus is a new standard of highly accurate automated fluorescence cell counter equipped with bright field and two fluorescence channels (AO\/DAPI). ADAM stands for Advanced Detection and Accurate Measurement. ADAM\u2122 MC Plus utilizes sensitive fluorescence dye staining, LED optics and CMOS detection technologies to make the cell analysis&hellip;","robots":{"index":"index","follow":"follow","max-snippet":"max-snippet:-1","max-image-preview":"max-image-preview:large","max-video-preview":"max-video-preview:-1"},"canonical":"Most Accurate Fluorescence Cell Counter ADAM\u2122 MC Plus is a new standard of highly accurate automated fluorescence cell counter equipped with bright field and two fluorescence channels (AO\/DAPI). ADAM stands for Advanced Detection and Accurate Measurement. ADAM\u2122 MC Plus utilizes sensitive fluorescence dye staining, LED optics and CMOS detection technologies to make the cell analysis&hellip;","og_locale":"en_US","og_type":"article","og_title":"ADAM\u2122 MC Plus","og_description":"Most Accurate Fluorescence Cell Counter ADAM\u2122 MC Plus is a new standard of highly accurate automated fluorescence cell counter equipped with bright field and two fluorescence channels (AO\/DAPI). ADAM stands for Advanced Detection and Accurate Measurement. ADAM\u2122 MC Plus utilizes sensitive fluorescence dye staining, LED optics and CMOS detection technologies to make the cell analysis&hellip;","og_url":"https:\/\/biogroupvietnam.com\/en\/product\/adam-mc-plus\/","og_site_name":"Biogroup Vietnam","article_modified_time":"2025-11-17T02:54:28+00:00","og_image":[{"width":1640,"height":1260,"url":"https:\/\/biogroupvietnam.com\/wp-content\/uploads\/2025\/08\/ADAM\u2122-MC-Plus.jpg","type":"image\/jpeg"}],"twitter_card":"summary_large_image","twitter_misc":{"Est. reading time":"6 minutes"},"schema":{"@context":"https:\/\/schema.org","@graph":[{"@type":"WebPage","@id":"https:\/\/biogroupvietnam.com\/en\/product\/adam-mc-plus\/","url":"https:\/\/biogroupvietnam.com\/en\/product\/adam-mc-plus\/","name":"M\u00e1y \u0110\u1ebfm T\u1ebf B\u00e0o T\u1ef1 \u0110\u1ed9ng ADAM\u2122 MC Plus","isPartOf":{"@id":"https:\/\/biogroupvietnam.com\/vi\/#website"},"primaryImageOfPage":{"@id":"https:\/\/biogroupvietnam.com\/en\/product\/adam-mc-plus\/#primaryimage"},"image":{"@id":"https:\/\/biogroupvietnam.com\/en\/product\/adam-mc-plus\/#primaryimage"},"thumbnailUrl":"https:\/\/biogroupvietnam.com\/wp-content\/uploads\/2025\/08\/ADAM\u2122-MC-Plus.jpg","datePublished":"2025-08-18T12:55:14+00:00","dateModified":"2025-11-17T02:54:28+00:00","description":"ADAM\u2122 MC Plus l\u00e0 m\u00e1y \u0111\u1ebfm t\u1ebf b\u00e0o hu\u1ef3nh quang t\u1ef1 \u0111\u1ed9ng, cung c\u1ea5p ch\u00ednh x\u00e1c t\u1ed5ng s\u1ed1 t\u1ebf b\u00e0o v\u00e0 ph\u00e2n t\u00edch kh\u1ea3 n\u0103ng s\u1ed1ng c\u1ee7a t\u1ebf b\u00e0o.","breadcrumb":{"@id":"https:\/\/biogroupvietnam.com\/en\/product\/adam-mc-plus\/#breadcrumb"},"inLanguage":"en-US","potentialAction":[{"@type":"ReadAction","target":["https:\/\/biogroupvietnam.com\/en\/product\/adam-mc-plus\/"]}]},{"@type":"ImageObject","inLanguage":"en-US","@id":"https:\/\/biogroupvietnam.com\/en\/product\/adam-mc-plus\/#primaryimage","url":"https:\/\/biogroupvietnam.com\/wp-content\/uploads\/2025\/08\/ADAM\u2122-MC-Plus.jpg","contentUrl":"https:\/\/biogroupvietnam.com\/wp-content\/uploads\/2025\/08\/ADAM\u2122-MC-Plus.jpg","width":1640,"height":1260},{"@type":"BreadcrumbList","@id":"https:\/\/biogroupvietnam.com\/en\/product\/adam-mc-plus\/#breadcrumb","itemListElement":[{"@type":"ListItem","position":1,"name":"Biogroup Vietnam | End-to-End Biotechnology Solutions","item":"https:\/\/biogroupvietnam.com\/vi\/"},{"@type":"ListItem","position":2,"name":"Product","item":"https:\/\/biogroupvietnam.com\/vi\/san-pham\/"},{"@type":"ListItem","position":3,"name":"Biological R&D","item":"https:\/\/biogroupvietnam.com\/vi\/danh-muc-san-pham\/rd-sinh-hoc\/"},{"@type":"ListItem","position":4,"name":"Cell Counters & Cell Analyzers","item":"https:\/\/biogroupvietnam.com\/vi\/danh-muc-san-pham\/dem-phan-tich-te-bao\/"},{"@type":"ListItem","position":5,"name":"ADAM\u2122 MC Plus"}]},{"@type":"WebSite","@id":"https:\/\/biogroupvietnam.com\/en\/vi\/#website","url":"https:\/\/biogroupvietnam.com\/en\/vi\/","name":"Biogroup Vietnam","description":"Biogroup Vietnam cung c\u1ea5p d\u1ecbch v\u1ee5 k\u1ef9 thu\u1eadt c\u00f9ng thi\u1ebft b\u1ecb, v\u1eadt t\u01b0, h\u00f3a ch\u1ea5t v\u00e0 gi\u1ea3i ph\u00e1p sinh h\u1ecdc cho ph\u00f2ng th\u00ed nghi\u1ec7m c\u00f4ng ngh\u1ec7 sinh h\u1ecdc, y sinh v\u00e0 y h\u1ecdc t\u00e1i t\u1ea1o.","potentialAction":[{"@type":"SearchAction","target":{"@type":"EntryPoint","urlTemplate":"https:\/\/biogroupvietnam.com\/en\/vi\/?s={search_term_string}"},"query-input":{"@type":"PropertyValueSpecification","valueRequired":true,"valueName":"search_term_string"}}],"inLanguage":"en-US"}]}},"_links":{"self":[{"href":"https:\/\/biogroupvietnam.com\/en\/wp-json\/wp\/v2\/product\/3987","targetHints":{"allow":["GET"]}}],"collection":[{"href":"https:\/\/biogroupvietnam.com\/en\/wp-json\/wp\/v2\/product"}],"about":[{"href":"https:\/\/biogroupvietnam.com\/en\/wp-json\/wp\/v2\/types\/product"}],"replies":[{"embeddable":true,"href":"https:\/\/biogroupvietnam.com\/en\/wp-json\/wp\/v2\/comments?post=3987"}],"version-history":[{"count":4,"href":"https:\/\/biogroupvietnam.com\/en\/wp-json\/wp\/v2\/product\/3987\/revisions"}],"predecessor-version":[{"id":8978,"href":"https:\/\/biogroupvietnam.com\/en\/wp-json\/wp\/v2\/product\/3987\/revisions\/8978"}],"wp:featuredmedia":[{"embeddable":true,"href":"https:\/\/biogroupvietnam.com\/en\/wp-json\/wp\/v2\/media\/8965"}],"wp:attachment":[{"href":"https:\/\/biogroupvietnam.com\/en\/wp-json\/wp\/v2\/media?parent=3987"}],"wp:term":[{"taxonomy":"product_brand","embeddable":true,"href":"https:\/\/biogroupvietnam.com\/en\/wp-json\/wp\/v2\/product_brand?post=3987"},{"taxonomy":"product_cat","embeddable":true,"href":"https:\/\/biogroupvietnam.com\/en\/wp-json\/wp\/v2\/product_cat?post=3987"},{"taxonomy":"product_tag","embeddable":true,"href":"https:\/\/biogroupvietnam.com\/en\/wp-json\/wp\/v2\/product_tag?post=3987"}],"curies":[{"name":"wp","href":"https:\/\/api.w.org\/{rel}","templated":true}]}}