{"id":4013,"date":"2025-08-18T19:55:38","date_gmt":"2025-08-18T12:55:38","guid":{"rendered":"http:\/\/biogroupvietnam-worldpress.local\/product\/import-placeholder-for-221\/"},"modified":"2025-11-12T18:13:20","modified_gmt":"2025-11-12T11:13:20","slug":"cellhome","status":"publish","type":"product","link":"https:\/\/biogroupvietnam.com\/en\/product\/cellhome\/","title":{"rendered":"CellHome"},"content":{"rendered":"<h4><strong>Application:<\/strong><\/h4>\n<p>CellHome is applicable for various types of cells including stem cells, primary cells, and cell lines.<\/p>\n<p>&nbsp;<\/p>\n<h4><strong>Technical Features of CellHome Sample Tube Freezing Box:<\/strong><\/h4>\n<p>CellHome is a new environmental energy-saving products which is ideal for mostly cell freezing.<\/p>\n<p>CellHome ensures standard controlled-rate cell cooling at -1\u00b0C\/min in an ultra-low temperature freezer without the use of alcohol or any liquids.<\/p>\n<p>Special material design allows easy manual removal of CellHome from the freezer and lid opening at any time without cold burns.<\/p>\n<p>Environmentally and human-friendly.<\/p>\n<p>Compatible with various sample tubes: Microcentrifuge tubes or Microtubes.<\/p>\n<p>&nbsp;<\/p>\n<h4><strong>Advantages of CellHome Sample Tube Freezing Box:<\/strong><\/h4>\n<p>Easy to use: Simply place the samples directly into CellHome and then place it into a -80\u00b0C freezer.<\/p>\n<p>Reusable. Ready for reuse within 5 minutes after the sample is frozen.<\/p>\n<p>Solid core and insulated design, no pre-cooling required, contamination-free.<\/p>\n<p>Uniform cooling rate for all samples.<\/p>\n<p>High cell recovery rate after freezing.<\/p>\n<p>&nbsp;<\/p>\n<h4><strong>Specifications of CellHome Sample Tube Freezing Box:<\/strong><\/h4>\n<h6><strong>CellHome -12 (Plastic, 12 positions)<\/strong><\/h6>\n<p>Sample Tube Type: Microcentrifuge tube or Microtube<\/p>\n<p>Number of Sample Tubes: 12 x 1ml or 12 x 2ml<\/p>\n<p>Dimensions (Diameter x Height): 118 x 110mm<\/p>\n<p>Weight: 130g<\/p>\n<h6><strong>CellHome -30 (Plastic, 30 positions)<\/strong><\/h6>\n<p>Sample Tube Type: 1ml and 2ml centrifuge tubes<\/p>\n<p>Number of Sample Tubes: 30 x 1ml or 30 x 2ml<\/p>\n<p>Dimensions (Diameter x Height): 158 x 116mm<\/p>\n<p>Weight: 230g<\/p>\n<h6><strong>CellHome -60 (Plastic, 60 positions)<\/strong><\/h6>\n<p>Sample Tube Type: 1ml and 2ml centrifuge tubes<\/p>\n<p>Number of Sample Tubes: 60 x 1ml or 60 x 2ml<\/p>\n<p>Dimensions (L x W x H): 303 x 177 x 125mm<\/p>\n<p>Weight: 440g<\/p>\n<h6><strong>CellHome -125 (Plastic, 12 positions)<\/strong><\/h6>\n<p>Sample Tube Type: 5ml centrifuge tubes<\/p>\n<p>Number of Sample Tubes: 12 x 5ml<\/p>\n<p>Dimensions (Diameter x Height): 118 x 163mm<\/p>\n<p>Weight: 160g<\/p>\n<h6><strong>CellHome -305 (Plastic, 30 positions)<\/strong><\/h6>\n<p>Sample Tube Type: 5ml centrifuge tubes<\/p>\n<p>Number of Sample Tubes: 30 x 5ml<\/p>\n<p>Dimensions (Diameter x Height): 118 x 165mm<\/p>\n<p>Weight: 280g<\/p>\n","protected":false},"excerpt":{"rendered":"<p>Application: CellHome is applicable for various types of cells including stem cells, primary cells, and cell lines. &nbsp; Technical Features of CellHome Sample Tube Freezing Box: CellHome is a new environmental energy-saving products which is ideal for mostly cell freezing. CellHome ensures standard controlled-rate cell cooling at -1\u00b0C\/min in an ultra-low temperature freezer without the<\/p>\n<div class=\"klb-readmore post-buttons\"><a class=\"button rounded primary\" href=\"https:\/\/biogroupvietnam.com\/en\/product\/cellhome\/\">Read More <i class=\"klbth-icon-right-arrow\"><\/i><\/a><\/div>\n","protected":false},"featured_media":8885,"comment_status":"closed","ping_status":"closed","template":"","meta":{"_acf_changed":false},"product_brand":[143],"product_cat":[102],"product_tag":[],"class_list":{"0":"post-4013","1":"product","2":"type-product","3":"status-publish","4":"has-post-thumbnail","6":"product_brand-kemesser-technology","7":"product_cat-freezing-container","9":"first","10":"outofstock","11":"shipping-taxable","12":"product-type-simple"},"acf":[],"yoast_head":"<!-- This site is optimized with the Yoast SEO plugin v26.8 - https:\/\/yoast.com\/product\/yoast-seo-wordpress\/ -->\n<title>CellHome<\/title>\n<meta name=\"description\" content=\"Application: CellHome is applicable for various types of cells including stem cells, primary cells, and cell lines. &nbsp; Technical Features of CellHome Sample Tube Freezing Box: CellHome is a new environmental energy-saving products which is ideal for mostly cell freezing. CellHome ensures standard controlled-rate cell cooling at -1\u00b0C\/min in an ultra-low temperature freezer without the&hellip;\" \/>\n<meta name=\"robots\" content=\"index, follow, max-snippet:-1, max-image-preview:large, max-video-preview:-1\" \/>\n<link rel=\"canonical\" href=\"\" \/>\n<meta property=\"og:locale\" content=\"en_US\" \/>\n<meta property=\"og:type\" content=\"article\" \/>\n<meta property=\"og:title\" content=\"CellHome\" \/>\n<meta property=\"og:description\" content=\"Application: CellHome is applicable for various types of cells including stem cells, primary cells, and cell lines. &nbsp; Technical Features of CellHome Sample Tube Freezing Box: CellHome is a new environmental energy-saving products which is ideal for mostly cell freezing. CellHome ensures standard controlled-rate cell cooling at -1\u00b0C\/min in an ultra-low temperature freezer without the&hellip;\" \/>\n<meta property=\"og:url\" content=\"https:\/\/biogroupvietnam.com\/en\/product\/cellhome\/\" \/>\n<meta property=\"og:site_name\" content=\"Biogroup Vietnam\" \/>\n<meta property=\"article:modified_time\" content=\"2025-11-12T11:13:20+00:00\" \/>\n<meta property=\"og:image\" content=\"https:\/\/biogroupvietnam.com\/wp-content\/uploads\/2025\/08\/CellHome.jpg\" \/>\n\t<meta property=\"og:image:width\" content=\"1640\" \/>\n\t<meta property=\"og:image:height\" content=\"1260\" \/>\n\t<meta property=\"og:image:type\" content=\"image\/jpeg\" \/>\n<meta name=\"twitter:card\" content=\"summary_large_image\" \/>\n<meta name=\"twitter:label1\" content=\"Est. reading time\" \/>\n\t<meta name=\"twitter:data1\" content=\"3 minutes\" \/>\n<script type=\"application\/ld+json\" class=\"yoast-schema-graph\">{\"@context\":\"https:\/\/schema.org\",\"@graph\":[{\"@type\":\"WebPage\",\"@id\":\"https:\/\/biogroupvietnam.com\/en\/product\/cellhome\/\",\"url\":\"https:\/\/biogroupvietnam.com\/en\/product\/cellhome\/\",\"name\":\"H\u1ed9p L\u00e0m L\u1ea1nh \u1ed0ng Ch\u1ee9a M\u1eabu CellHome\",\"isPartOf\":{\"@id\":\"https:\/\/biogroupvietnam.com\/vi\/#website\"},\"primaryImageOfPage\":{\"@id\":\"https:\/\/biogroupvietnam.com\/en\/product\/cellhome\/#primaryimage\"},\"image\":{\"@id\":\"https:\/\/biogroupvietnam.com\/en\/product\/cellhome\/#primaryimage\"},\"thumbnailUrl\":\"https:\/\/biogroupvietnam.com\/wp-content\/uploads\/2025\/08\/CellHome.jpg\",\"datePublished\":\"2025-08-18T12:55:38+00:00\",\"dateModified\":\"2025-11-12T11:13:20+00:00\",\"description\":\"H\u1ed9p L\u00e0m L\u1ea1nh \u1ed0ng Ch\u1ee9a M\u1eabu CellHome \u0111\u01b0\u1ee3c \u00e1p d\u1ee5ng cho nhi\u1ec1u lo\u1ea1i t\u1ebf b\u00e0o bao g\u1ed3m t\u1ebf b\u00e0o g\u1ed1c, t\u1ebf b\u00e0o s\u01a1 c\u1ea5p v\u00e0 c\u00e1c d\u00f2ng t\u1ebf b\u00e0o.\",\"breadcrumb\":{\"@id\":\"https:\/\/biogroupvietnam.com\/en\/product\/cellhome\/#breadcrumb\"},\"inLanguage\":\"en-US\",\"potentialAction\":[{\"@type\":\"ReadAction\",\"target\":[\"https:\/\/biogroupvietnam.com\/en\/product\/cellhome\/\"]}]},{\"@type\":\"ImageObject\",\"inLanguage\":\"en-US\",\"@id\":\"https:\/\/biogroupvietnam.com\/en\/product\/cellhome\/#primaryimage\",\"url\":\"https:\/\/biogroupvietnam.com\/wp-content\/uploads\/2025\/08\/CellHome.jpg\",\"contentUrl\":\"https:\/\/biogroupvietnam.com\/wp-content\/uploads\/2025\/08\/CellHome.jpg\",\"width\":1640,\"height\":1260},{\"@type\":\"BreadcrumbList\",\"@id\":\"https:\/\/biogroupvietnam.com\/en\/product\/cellhome\/#breadcrumb\",\"itemListElement\":[{\"@type\":\"ListItem\",\"position\":1,\"name\":\"Biogroup Vietnam | End-to-End Biotechnology Solutions\",\"item\":\"https:\/\/biogroupvietnam.com\/vi\/\"},{\"@type\":\"ListItem\",\"position\":2,\"name\":\"Product\",\"item\":\"https:\/\/biogroupvietnam.com\/vi\/san-pham\/\"},{\"@type\":\"ListItem\",\"position\":3,\"name\":\"Cellular Cryopreservation\",\"item\":\"https:\/\/biogroupvietnam.com\/vi\/danh-muc-san-pham\/bao-quan-lanh-te-bao\/\"},{\"@type\":\"ListItem\",\"position\":4,\"name\":\"Freezing Container\",\"item\":\"https:\/\/biogroupvietnam.com\/vi\/danh-muc-san-pham\/dung-cu-van-chuyen-bao-quan-te-bao\/\"},{\"@type\":\"ListItem\",\"position\":5,\"name\":\"CellHome\"}]},{\"@type\":\"WebSite\",\"@id\":\"https:\/\/biogroupvietnam.com\/en\/vi\/#website\",\"url\":\"https:\/\/biogroupvietnam.com\/en\/vi\/\",\"name\":\"Biogroup Vietnam\",\"description\":\"Biogroup Vietnam cung c\u1ea5p d\u1ecbch v\u1ee5 k\u1ef9 thu\u1eadt c\u00f9ng thi\u1ebft b\u1ecb, v\u1eadt t\u01b0, h\u00f3a ch\u1ea5t v\u00e0 gi\u1ea3i ph\u00e1p sinh h\u1ecdc cho ph\u00f2ng th\u00ed nghi\u1ec7m c\u00f4ng ngh\u1ec7 sinh h\u1ecdc, y sinh v\u00e0 y h\u1ecdc t\u00e1i t\u1ea1o.\",\"potentialAction\":[{\"@type\":\"SearchAction\",\"target\":{\"@type\":\"EntryPoint\",\"urlTemplate\":\"https:\/\/biogroupvietnam.com\/en\/vi\/?s={search_term_string}\"},\"query-input\":{\"@type\":\"PropertyValueSpecification\",\"valueRequired\":true,\"valueName\":\"search_term_string\"}}],\"inLanguage\":\"en-US\"}]}<\/script>\n<!-- \/ Yoast SEO plugin. -->","yoast_head_json":{"title":"CellHome","description":"Application: CellHome is applicable for various types of cells including stem cells, primary cells, and cell lines. &nbsp; Technical Features of CellHome Sample Tube Freezing Box: CellHome is a new environmental energy-saving products which is ideal for mostly cell freezing. CellHome ensures standard controlled-rate cell cooling at -1\u00b0C\/min in an ultra-low temperature freezer without the&hellip;","robots":{"index":"index","follow":"follow","max-snippet":"max-snippet:-1","max-image-preview":"max-image-preview:large","max-video-preview":"max-video-preview:-1"},"canonical":"Application: CellHome is applicable for various types of cells including stem cells, primary cells, and cell lines. &nbsp; Technical Features of CellHome Sample Tube Freezing Box: CellHome is a new environmental energy-saving products which is ideal for mostly cell freezing. CellHome ensures standard controlled-rate cell cooling at -1\u00b0C\/min in an ultra-low temperature freezer without the&hellip;","og_locale":"en_US","og_type":"article","og_title":"CellHome","og_description":"Application: CellHome is applicable for various types of cells including stem cells, primary cells, and cell lines. &nbsp; Technical Features of CellHome Sample Tube Freezing Box: CellHome is a new environmental energy-saving products which is ideal for mostly cell freezing. CellHome ensures standard controlled-rate cell cooling at -1\u00b0C\/min in an ultra-low temperature freezer without the&hellip;","og_url":"https:\/\/biogroupvietnam.com\/en\/product\/cellhome\/","og_site_name":"Biogroup Vietnam","article_modified_time":"2025-11-12T11:13:20+00:00","og_image":[{"width":1640,"height":1260,"url":"https:\/\/biogroupvietnam.com\/wp-content\/uploads\/2025\/08\/CellHome.jpg","type":"image\/jpeg"}],"twitter_card":"summary_large_image","twitter_misc":{"Est. reading time":"3 minutes"},"schema":{"@context":"https:\/\/schema.org","@graph":[{"@type":"WebPage","@id":"https:\/\/biogroupvietnam.com\/en\/product\/cellhome\/","url":"https:\/\/biogroupvietnam.com\/en\/product\/cellhome\/","name":"H\u1ed9p L\u00e0m L\u1ea1nh \u1ed0ng Ch\u1ee9a M\u1eabu CellHome","isPartOf":{"@id":"https:\/\/biogroupvietnam.com\/vi\/#website"},"primaryImageOfPage":{"@id":"https:\/\/biogroupvietnam.com\/en\/product\/cellhome\/#primaryimage"},"image":{"@id":"https:\/\/biogroupvietnam.com\/en\/product\/cellhome\/#primaryimage"},"thumbnailUrl":"https:\/\/biogroupvietnam.com\/wp-content\/uploads\/2025\/08\/CellHome.jpg","datePublished":"2025-08-18T12:55:38+00:00","dateModified":"2025-11-12T11:13:20+00:00","description":"H\u1ed9p L\u00e0m L\u1ea1nh \u1ed0ng Ch\u1ee9a M\u1eabu CellHome \u0111\u01b0\u1ee3c \u00e1p d\u1ee5ng cho nhi\u1ec1u lo\u1ea1i t\u1ebf b\u00e0o bao g\u1ed3m t\u1ebf b\u00e0o g\u1ed1c, t\u1ebf b\u00e0o s\u01a1 c\u1ea5p v\u00e0 c\u00e1c d\u00f2ng t\u1ebf b\u00e0o.","breadcrumb":{"@id":"https:\/\/biogroupvietnam.com\/en\/product\/cellhome\/#breadcrumb"},"inLanguage":"en-US","potentialAction":[{"@type":"ReadAction","target":["https:\/\/biogroupvietnam.com\/en\/product\/cellhome\/"]}]},{"@type":"ImageObject","inLanguage":"en-US","@id":"https:\/\/biogroupvietnam.com\/en\/product\/cellhome\/#primaryimage","url":"https:\/\/biogroupvietnam.com\/wp-content\/uploads\/2025\/08\/CellHome.jpg","contentUrl":"https:\/\/biogroupvietnam.com\/wp-content\/uploads\/2025\/08\/CellHome.jpg","width":1640,"height":1260},{"@type":"BreadcrumbList","@id":"https:\/\/biogroupvietnam.com\/en\/product\/cellhome\/#breadcrumb","itemListElement":[{"@type":"ListItem","position":1,"name":"Biogroup Vietnam | End-to-End Biotechnology Solutions","item":"https:\/\/biogroupvietnam.com\/vi\/"},{"@type":"ListItem","position":2,"name":"Product","item":"https:\/\/biogroupvietnam.com\/vi\/san-pham\/"},{"@type":"ListItem","position":3,"name":"Cellular Cryopreservation","item":"https:\/\/biogroupvietnam.com\/vi\/danh-muc-san-pham\/bao-quan-lanh-te-bao\/"},{"@type":"ListItem","position":4,"name":"Freezing Container","item":"https:\/\/biogroupvietnam.com\/vi\/danh-muc-san-pham\/dung-cu-van-chuyen-bao-quan-te-bao\/"},{"@type":"ListItem","position":5,"name":"CellHome"}]},{"@type":"WebSite","@id":"https:\/\/biogroupvietnam.com\/en\/vi\/#website","url":"https:\/\/biogroupvietnam.com\/en\/vi\/","name":"Biogroup Vietnam","description":"Biogroup Vietnam cung c\u1ea5p d\u1ecbch v\u1ee5 k\u1ef9 thu\u1eadt c\u00f9ng thi\u1ebft b\u1ecb, v\u1eadt t\u01b0, h\u00f3a ch\u1ea5t v\u00e0 gi\u1ea3i ph\u00e1p sinh h\u1ecdc cho ph\u00f2ng th\u00ed nghi\u1ec7m c\u00f4ng ngh\u1ec7 sinh h\u1ecdc, y sinh v\u00e0 y h\u1ecdc t\u00e1i t\u1ea1o.","potentialAction":[{"@type":"SearchAction","target":{"@type":"EntryPoint","urlTemplate":"https:\/\/biogroupvietnam.com\/en\/vi\/?s={search_term_string}"},"query-input":{"@type":"PropertyValueSpecification","valueRequired":true,"valueName":"search_term_string"}}],"inLanguage":"en-US"}]}},"_links":{"self":[{"href":"https:\/\/biogroupvietnam.com\/en\/wp-json\/wp\/v2\/product\/4013","targetHints":{"allow":["GET"]}}],"collection":[{"href":"https:\/\/biogroupvietnam.com\/en\/wp-json\/wp\/v2\/product"}],"about":[{"href":"https:\/\/biogroupvietnam.com\/en\/wp-json\/wp\/v2\/types\/product"}],"replies":[{"embeddable":true,"href":"https:\/\/biogroupvietnam.com\/en\/wp-json\/wp\/v2\/comments?post=4013"}],"version-history":[{"count":3,"href":"https:\/\/biogroupvietnam.com\/en\/wp-json\/wp\/v2\/product\/4013\/revisions"}],"predecessor-version":[{"id":8891,"href":"https:\/\/biogroupvietnam.com\/en\/wp-json\/wp\/v2\/product\/4013\/revisions\/8891"}],"wp:featuredmedia":[{"embeddable":true,"href":"https:\/\/biogroupvietnam.com\/en\/wp-json\/wp\/v2\/media\/8885"}],"wp:attachment":[{"href":"https:\/\/biogroupvietnam.com\/en\/wp-json\/wp\/v2\/media?parent=4013"}],"wp:term":[{"taxonomy":"product_brand","embeddable":true,"href":"https:\/\/biogroupvietnam.com\/en\/wp-json\/wp\/v2\/product_brand?post=4013"},{"taxonomy":"product_cat","embeddable":true,"href":"https:\/\/biogroupvietnam.com\/en\/wp-json\/wp\/v2\/product_cat?post=4013"},{"taxonomy":"product_tag","embeddable":true,"href":"https:\/\/biogroupvietnam.com\/en\/wp-json\/wp\/v2\/product_tag?post=4013"}],"curies":[{"name":"wp","href":"https:\/\/api.w.org\/{rel}","templated":true}]}}