{"id":4014,"date":"2025-08-18T19:55:38","date_gmt":"2025-08-18T12:55:38","guid":{"rendered":"http:\/\/biogroupvietnam-worldpress.local\/product\/import-placeholder-for-222\/"},"modified":"2025-11-12T18:13:14","modified_gmt":"2025-11-12T11:13:14","slug":"coolhome","status":"publish","type":"product","link":"https:\/\/biogroupvietnam.com\/en\/product\/coolhome\/","title":{"rendered":"CoolHome"},"content":{"rendered":"<p>CoolHome workstation is kind of new type of energy saving, environmental protection, safe, standardized refrigerating installation which can provide all-day sample cooling without ice, electricity or batteries.<\/p>\n","protected":false},"excerpt":{"rendered":"<p>CoolHome workstation is kind of new type of energy saving, environmental protection, safe, standardized refrigerating installation which can provide all-day sample cooling without ice, electricity or batteries.<\/p>\n","protected":false},"featured_media":8884,"comment_status":"closed","ping_status":"closed","template":"","meta":{"_acf_changed":false},"product_brand":[143],"product_cat":[102],"product_tag":[],"class_list":{"0":"post-4014","1":"product","2":"type-product","3":"status-publish","4":"has-post-thumbnail","6":"product_brand-kemesser-technology","7":"product_cat-freezing-container","9":"first","10":"outofstock","11":"shipping-taxable","12":"product-type-simple"},"acf":[],"yoast_head":"<!-- This site is optimized with the Yoast SEO plugin v26.8 - https:\/\/yoast.com\/product\/yoast-seo-wordpress\/ -->\n<title>CoolHome<\/title>\n<meta name=\"description\" content=\"CoolHome workstation is kind of new type of energy saving, environmental protection, safe, standardized refrigerating installation which can provide all-day sample cooling without ice, electricity or batteries.\" \/>\n<meta name=\"robots\" content=\"index, follow, max-snippet:-1, max-image-preview:large, max-video-preview:-1\" \/>\n<link rel=\"canonical\" href=\"http:\/\/CoolHome%20workstation%20is%20kind%20of%20new%20type%20of%20energy%20saving,%20environmental%20protection,%20safe,%20standardized%20refrigerating%20installation%20which%20can%20provide%20all-day%20sample%20cooling%20without%20ice,%20electricity%20or%20batteries.\" \/>\n<meta property=\"og:locale\" content=\"en_US\" \/>\n<meta property=\"og:type\" content=\"article\" \/>\n<meta property=\"og:title\" content=\"CoolHome\" \/>\n<meta property=\"og:description\" content=\"CoolHome workstation is kind of new type of energy saving, environmental protection, safe, standardized refrigerating installation which can provide all-day sample cooling without ice, electricity or batteries.\" \/>\n<meta property=\"og:url\" content=\"https:\/\/biogroupvietnam.com\/en\/product\/coolhome\/\" \/>\n<meta property=\"og:site_name\" content=\"Biogroup Vietnam\" \/>\n<meta property=\"article:modified_time\" content=\"2025-11-12T11:13:14+00:00\" \/>\n<meta property=\"og:image\" content=\"https:\/\/biogroupvietnam.com\/wp-content\/uploads\/2025\/08\/CoolHome.jpg\" \/>\n\t<meta property=\"og:image:width\" content=\"1640\" \/>\n\t<meta property=\"og:image:height\" content=\"1260\" \/>\n\t<meta property=\"og:image:type\" content=\"image\/jpeg\" \/>\n<meta name=\"twitter:card\" content=\"summary_large_image\" \/>\n<meta name=\"twitter:label1\" content=\"Est. reading time\" \/>\n\t<meta name=\"twitter:data1\" content=\"2 minutes\" \/>\n<script type=\"application\/ld+json\" class=\"yoast-schema-graph\">{\"@context\":\"https:\/\/schema.org\",\"@graph\":[{\"@type\":\"WebPage\",\"@id\":\"https:\/\/biogroupvietnam.com\/en\/product\/coolhome\/\",\"url\":\"https:\/\/biogroupvietnam.com\/en\/product\/coolhome\/\",\"name\":\"D\u1ee5ng C\u1ee5 gi\u1eef L\u1ea1nh M\u1eabu CoolHome\",\"isPartOf\":{\"@id\":\"https:\/\/biogroupvietnam.com\/vi\/#website\"},\"primaryImageOfPage\":{\"@id\":\"https:\/\/biogroupvietnam.com\/en\/product\/coolhome\/#primaryimage\"},\"image\":{\"@id\":\"https:\/\/biogroupvietnam.com\/en\/product\/coolhome\/#primaryimage\"},\"thumbnailUrl\":\"https:\/\/biogroupvietnam.com\/wp-content\/uploads\/2025\/08\/CoolHome.jpg\",\"datePublished\":\"2025-08-18T12:55:38+00:00\",\"dateModified\":\"2025-11-12T11:13:14+00:00\",\"description\":\"CoolHome l\u00e0 lo\u1ea1i d\u1ee5ng c\u1ee5 gi\u1eef l\u1ea1nh m\u1edbi ti\u1ebft ki\u1ec7m n\u0103ng l\u01b0\u1ee3ng, b\u1ea3o v\u1ec7 m\u00f4i tr\u01b0\u1eddng, an to\u00e0n, ti\u00eau chu\u1ea9n h\u00f3a, c\u00f3 th\u1ec3 l\u00e0m l\u1ea1nh m\u1eabu c\u1ea3 ng\u00e0y m\u00e0 kh\u00f4ng c\u1ea7n \u0111\u00e1, \u0111i\u1ec7n ho\u1eb7c pin.\",\"breadcrumb\":{\"@id\":\"https:\/\/biogroupvietnam.com\/en\/product\/coolhome\/#breadcrumb\"},\"inLanguage\":\"en-US\",\"potentialAction\":[{\"@type\":\"ReadAction\",\"target\":[\"https:\/\/biogroupvietnam.com\/en\/product\/coolhome\/\"]}]},{\"@type\":\"ImageObject\",\"inLanguage\":\"en-US\",\"@id\":\"https:\/\/biogroupvietnam.com\/en\/product\/coolhome\/#primaryimage\",\"url\":\"https:\/\/biogroupvietnam.com\/wp-content\/uploads\/2025\/08\/CoolHome.jpg\",\"contentUrl\":\"https:\/\/biogroupvietnam.com\/wp-content\/uploads\/2025\/08\/CoolHome.jpg\",\"width\":1640,\"height\":1260},{\"@type\":\"BreadcrumbList\",\"@id\":\"https:\/\/biogroupvietnam.com\/en\/product\/coolhome\/#breadcrumb\",\"itemListElement\":[{\"@type\":\"ListItem\",\"position\":1,\"name\":\"Biogroup Vietnam | End-to-End Biotechnology Solutions\",\"item\":\"https:\/\/biogroupvietnam.com\/vi\/\"},{\"@type\":\"ListItem\",\"position\":2,\"name\":\"Product\",\"item\":\"https:\/\/biogroupvietnam.com\/vi\/san-pham\/\"},{\"@type\":\"ListItem\",\"position\":3,\"name\":\"Cellular Cryopreservation\",\"item\":\"https:\/\/biogroupvietnam.com\/vi\/danh-muc-san-pham\/bao-quan-lanh-te-bao\/\"},{\"@type\":\"ListItem\",\"position\":4,\"name\":\"Freezing Container\",\"item\":\"https:\/\/biogroupvietnam.com\/vi\/danh-muc-san-pham\/dung-cu-van-chuyen-bao-quan-te-bao\/\"},{\"@type\":\"ListItem\",\"position\":5,\"name\":\"CoolHome\"}]},{\"@type\":\"WebSite\",\"@id\":\"https:\/\/biogroupvietnam.com\/en\/vi\/#website\",\"url\":\"https:\/\/biogroupvietnam.com\/en\/vi\/\",\"name\":\"Biogroup Vietnam\",\"description\":\"Biogroup Vietnam cung c\u1ea5p d\u1ecbch v\u1ee5 k\u1ef9 thu\u1eadt c\u00f9ng thi\u1ebft b\u1ecb, v\u1eadt t\u01b0, h\u00f3a ch\u1ea5t v\u00e0 gi\u1ea3i ph\u00e1p sinh h\u1ecdc cho ph\u00f2ng th\u00ed nghi\u1ec7m c\u00f4ng ngh\u1ec7 sinh h\u1ecdc, y sinh v\u00e0 y h\u1ecdc t\u00e1i t\u1ea1o.\",\"potentialAction\":[{\"@type\":\"SearchAction\",\"target\":{\"@type\":\"EntryPoint\",\"urlTemplate\":\"https:\/\/biogroupvietnam.com\/en\/vi\/?s={search_term_string}\"},\"query-input\":{\"@type\":\"PropertyValueSpecification\",\"valueRequired\":true,\"valueName\":\"search_term_string\"}}],\"inLanguage\":\"en-US\"}]}<\/script>\n<!-- \/ Yoast SEO plugin. -->","yoast_head_json":{"title":"CoolHome","description":"CoolHome workstation is kind of new type of energy saving, environmental protection, safe, standardized refrigerating installation which can provide all-day sample cooling without ice, electricity or batteries.","robots":{"index":"index","follow":"follow","max-snippet":"max-snippet:-1","max-image-preview":"max-image-preview:large","max-video-preview":"max-video-preview:-1"},"canonical":"CoolHome workstation is kind of new type of energy saving, environmental protection, safe, standardized refrigerating installation which can provide all-day sample cooling without ice, electricity or batteries.","og_locale":"en_US","og_type":"article","og_title":"CoolHome","og_description":"CoolHome workstation is kind of new type of energy saving, environmental protection, safe, standardized refrigerating installation which can provide all-day sample cooling without ice, electricity or batteries.","og_url":"https:\/\/biogroupvietnam.com\/en\/product\/coolhome\/","og_site_name":"Biogroup Vietnam","article_modified_time":"2025-11-12T11:13:14+00:00","og_image":[{"width":1640,"height":1260,"url":"https:\/\/biogroupvietnam.com\/wp-content\/uploads\/2025\/08\/CoolHome.jpg","type":"image\/jpeg"}],"twitter_card":"summary_large_image","twitter_misc":{"Est. reading time":"2 minutes"},"schema":{"@context":"https:\/\/schema.org","@graph":[{"@type":"WebPage","@id":"https:\/\/biogroupvietnam.com\/en\/product\/coolhome\/","url":"https:\/\/biogroupvietnam.com\/en\/product\/coolhome\/","name":"D\u1ee5ng C\u1ee5 gi\u1eef L\u1ea1nh M\u1eabu CoolHome","isPartOf":{"@id":"https:\/\/biogroupvietnam.com\/vi\/#website"},"primaryImageOfPage":{"@id":"https:\/\/biogroupvietnam.com\/en\/product\/coolhome\/#primaryimage"},"image":{"@id":"https:\/\/biogroupvietnam.com\/en\/product\/coolhome\/#primaryimage"},"thumbnailUrl":"https:\/\/biogroupvietnam.com\/wp-content\/uploads\/2025\/08\/CoolHome.jpg","datePublished":"2025-08-18T12:55:38+00:00","dateModified":"2025-11-12T11:13:14+00:00","description":"CoolHome l\u00e0 lo\u1ea1i d\u1ee5ng c\u1ee5 gi\u1eef l\u1ea1nh m\u1edbi ti\u1ebft ki\u1ec7m n\u0103ng l\u01b0\u1ee3ng, b\u1ea3o v\u1ec7 m\u00f4i tr\u01b0\u1eddng, an to\u00e0n, ti\u00eau chu\u1ea9n h\u00f3a, c\u00f3 th\u1ec3 l\u00e0m l\u1ea1nh m\u1eabu c\u1ea3 ng\u00e0y m\u00e0 kh\u00f4ng c\u1ea7n \u0111\u00e1, \u0111i\u1ec7n ho\u1eb7c pin.","breadcrumb":{"@id":"https:\/\/biogroupvietnam.com\/en\/product\/coolhome\/#breadcrumb"},"inLanguage":"en-US","potentialAction":[{"@type":"ReadAction","target":["https:\/\/biogroupvietnam.com\/en\/product\/coolhome\/"]}]},{"@type":"ImageObject","inLanguage":"en-US","@id":"https:\/\/biogroupvietnam.com\/en\/product\/coolhome\/#primaryimage","url":"https:\/\/biogroupvietnam.com\/wp-content\/uploads\/2025\/08\/CoolHome.jpg","contentUrl":"https:\/\/biogroupvietnam.com\/wp-content\/uploads\/2025\/08\/CoolHome.jpg","width":1640,"height":1260},{"@type":"BreadcrumbList","@id":"https:\/\/biogroupvietnam.com\/en\/product\/coolhome\/#breadcrumb","itemListElement":[{"@type":"ListItem","position":1,"name":"Biogroup Vietnam | End-to-End Biotechnology Solutions","item":"https:\/\/biogroupvietnam.com\/vi\/"},{"@type":"ListItem","position":2,"name":"Product","item":"https:\/\/biogroupvietnam.com\/vi\/san-pham\/"},{"@type":"ListItem","position":3,"name":"Cellular Cryopreservation","item":"https:\/\/biogroupvietnam.com\/vi\/danh-muc-san-pham\/bao-quan-lanh-te-bao\/"},{"@type":"ListItem","position":4,"name":"Freezing Container","item":"https:\/\/biogroupvietnam.com\/vi\/danh-muc-san-pham\/dung-cu-van-chuyen-bao-quan-te-bao\/"},{"@type":"ListItem","position":5,"name":"CoolHome"}]},{"@type":"WebSite","@id":"https:\/\/biogroupvietnam.com\/en\/vi\/#website","url":"https:\/\/biogroupvietnam.com\/en\/vi\/","name":"Biogroup Vietnam","description":"Biogroup Vietnam cung c\u1ea5p d\u1ecbch v\u1ee5 k\u1ef9 thu\u1eadt c\u00f9ng thi\u1ebft b\u1ecb, v\u1eadt t\u01b0, h\u00f3a ch\u1ea5t v\u00e0 gi\u1ea3i ph\u00e1p sinh h\u1ecdc cho ph\u00f2ng th\u00ed nghi\u1ec7m c\u00f4ng ngh\u1ec7 sinh h\u1ecdc, y sinh v\u00e0 y h\u1ecdc t\u00e1i t\u1ea1o.","potentialAction":[{"@type":"SearchAction","target":{"@type":"EntryPoint","urlTemplate":"https:\/\/biogroupvietnam.com\/en\/vi\/?s={search_term_string}"},"query-input":{"@type":"PropertyValueSpecification","valueRequired":true,"valueName":"search_term_string"}}],"inLanguage":"en-US"}]}},"_links":{"self":[{"href":"https:\/\/biogroupvietnam.com\/en\/wp-json\/wp\/v2\/product\/4014","targetHints":{"allow":["GET"]}}],"collection":[{"href":"https:\/\/biogroupvietnam.com\/en\/wp-json\/wp\/v2\/product"}],"about":[{"href":"https:\/\/biogroupvietnam.com\/en\/wp-json\/wp\/v2\/types\/product"}],"replies":[{"embeddable":true,"href":"https:\/\/biogroupvietnam.com\/en\/wp-json\/wp\/v2\/comments?post=4014"}],"version-history":[{"count":3,"href":"https:\/\/biogroupvietnam.com\/en\/wp-json\/wp\/v2\/product\/4014\/revisions"}],"predecessor-version":[{"id":8890,"href":"https:\/\/biogroupvietnam.com\/en\/wp-json\/wp\/v2\/product\/4014\/revisions\/8890"}],"wp:featuredmedia":[{"embeddable":true,"href":"https:\/\/biogroupvietnam.com\/en\/wp-json\/wp\/v2\/media\/8884"}],"wp:attachment":[{"href":"https:\/\/biogroupvietnam.com\/en\/wp-json\/wp\/v2\/media?parent=4014"}],"wp:term":[{"taxonomy":"product_brand","embeddable":true,"href":"https:\/\/biogroupvietnam.com\/en\/wp-json\/wp\/v2\/product_brand?post=4014"},{"taxonomy":"product_cat","embeddable":true,"href":"https:\/\/biogroupvietnam.com\/en\/wp-json\/wp\/v2\/product_cat?post=4014"},{"taxonomy":"product_tag","embeddable":true,"href":"https:\/\/biogroupvietnam.com\/en\/wp-json\/wp\/v2\/product_tag?post=4014"}],"curies":[{"name":"wp","href":"https:\/\/api.w.org\/{rel}","templated":true}]}}