{"id":4015,"date":"2025-08-18T19:55:38","date_gmt":"2025-08-18T12:55:38","guid":{"rendered":"http:\/\/biogroupvietnam-worldpress.local\/product\/import-placeholder-for-223\/"},"modified":"2026-04-02T11:27:00","modified_gmt":"2026-04-02T04:27:00","slug":"organoid-culture-plates","status":"publish","type":"product","link":"https:\/\/biogroupvietnam.com\/en\/product\/organoid-culture-plates\/","title":{"rendered":"Organoid Culture Plates"},"content":{"rendered":"<p><a href=\"https:\/\/www.stemcell.com\/products\/organoid-culture-plates.html\">Organoid Culture Plate<\/a> is a 3D culture tool that helps organoid proliferation and differentiation easier, faster and more stable.<\/p>\n","protected":false},"excerpt":{"rendered":"<p>Organoid Culture Plate is a 3D culture tool that helps organoid proliferation and differentiation easier, faster and more stable.<\/p>\n","protected":false},"featured_media":10141,"comment_status":"closed","ping_status":"closed","template":"","meta":{"_acf_changed":false},"product_brand":[127],"product_cat":[88],"product_tag":[],"class_list":{"0":"post-4015","1":"product","2":"type-product","3":"status-publish","4":"has-post-thumbnail","6":"product_brand-stemcell-technologies","7":"product_cat-organoids","9":"first","10":"outofstock","11":"shipping-taxable","12":"product-type-simple"},"acf":[],"yoast_head":"<!-- This site is optimized with the Yoast SEO plugin v26.8 - https:\/\/yoast.com\/product\/yoast-seo-wordpress\/ -->\n<title>Organoid Culture Plates<\/title>\n<meta name=\"description\" content=\"Organoid Culture Plate is a 3D culture tool that helps organoid proliferation and differentiation easier, faster and more stable.\" \/>\n<meta name=\"robots\" content=\"index, follow, max-snippet:-1, max-image-preview:large, max-video-preview:-1\" \/>\n<link rel=\"canonical\" href=\"http:\/\/Organoid%20Culture%20Plate%20is%20a%203D%20culture%20tool%20that%20helps%20organoid%20proliferation%20and%20differentiation%20easier,%20faster%20and%20more%20stable.\" \/>\n<meta property=\"og:locale\" content=\"en_US\" \/>\n<meta property=\"og:type\" content=\"article\" \/>\n<meta property=\"og:title\" content=\"Organoid Culture Plates\" \/>\n<meta property=\"og:description\" content=\"Organoid Culture Plate is a 3D culture tool that helps organoid proliferation and differentiation easier, faster and more stable.\" \/>\n<meta property=\"og:url\" content=\"https:\/\/biogroupvietnam.com\/en\/product\/organoid-culture-plates\/\" \/>\n<meta property=\"og:site_name\" content=\"Biogroup Vietnam\" \/>\n<meta property=\"article:modified_time\" content=\"2026-04-02T04:27:00+00:00\" \/>\n<meta property=\"og:image\" content=\"https:\/\/biogroupvietnam.com\/wp-content\/uploads\/2025\/08\/dia-nuoi-cay-organoid-organoid-culture-plates.jpg\" \/>\n\t<meta property=\"og:image:width\" content=\"1640\" \/>\n\t<meta property=\"og:image:height\" content=\"1260\" \/>\n\t<meta property=\"og:image:type\" content=\"image\/jpeg\" \/>\n<meta name=\"twitter:card\" content=\"summary_large_image\" \/>\n<meta name=\"twitter:label1\" content=\"Est. reading time\" \/>\n\t<meta name=\"twitter:data1\" content=\"4 minutes\" \/>\n<script type=\"application\/ld+json\" class=\"yoast-schema-graph\">{\"@context\":\"https:\/\/schema.org\",\"@graph\":[{\"@type\":\"WebPage\",\"@id\":\"https:\/\/biogroupvietnam.com\/en\/product\/organoid-culture-plates\/\",\"url\":\"https:\/\/biogroupvietnam.com\/en\/product\/organoid-culture-plates\/\",\"name\":\"\u0110\u0129a Nu\u00f4i C\u1ea5y Organoid \u2013 Organoid Culture Plates\",\"isPartOf\":{\"@id\":\"https:\/\/biogroupvietnam.com\/vi\/#website\"},\"primaryImageOfPage\":{\"@id\":\"https:\/\/biogroupvietnam.com\/en\/product\/organoid-culture-plates\/#primaryimage\"},\"image\":{\"@id\":\"https:\/\/biogroupvietnam.com\/en\/product\/organoid-culture-plates\/#primaryimage\"},\"thumbnailUrl\":\"https:\/\/biogroupvietnam.com\/wp-content\/uploads\/2025\/08\/dia-nuoi-cay-organoid-organoid-culture-plates.jpg\",\"datePublished\":\"2025-08-18T12:55:38+00:00\",\"dateModified\":\"2026-04-02T04:27:00+00:00\",\"description\":\"\u0110\u0129a Nu\u00f4i C\u1ea5y Organoid Culture Plate l\u00e0 d\u1ee5ng c\u1ee5 d\u00f9ng cho nu\u00f4i c\u1ea5y 3D gi\u00fap t\u0103ng sinh v\u00e0 bi\u1ec7t h\u00f3a organoid d\u1ec5 d\u00e0ng h\u01a1n, nhanh ch\u00f3ng h\u01a1n v\u00e0 \u1ed5n \u0111\u1ecbnh h\u01a1n.\",\"breadcrumb\":{\"@id\":\"https:\/\/biogroupvietnam.com\/en\/product\/organoid-culture-plates\/#breadcrumb\"},\"inLanguage\":\"en-US\",\"potentialAction\":[{\"@type\":\"ReadAction\",\"target\":[\"https:\/\/biogroupvietnam.com\/en\/product\/organoid-culture-plates\/\"]}]},{\"@type\":\"ImageObject\",\"inLanguage\":\"en-US\",\"@id\":\"https:\/\/biogroupvietnam.com\/en\/product\/organoid-culture-plates\/#primaryimage\",\"url\":\"https:\/\/biogroupvietnam.com\/wp-content\/uploads\/2025\/08\/dia-nuoi-cay-organoid-organoid-culture-plates.jpg\",\"contentUrl\":\"https:\/\/biogroupvietnam.com\/wp-content\/uploads\/2025\/08\/dia-nuoi-cay-organoid-organoid-culture-plates.jpg\",\"width\":1640,\"height\":1260,\"caption\":\"\u0110\u0129a Nu\u00f4i C\u1ea5y Organoid \u2013 Organoid Culture Plates\"},{\"@type\":\"BreadcrumbList\",\"@id\":\"https:\/\/biogroupvietnam.com\/en\/product\/organoid-culture-plates\/#breadcrumb\",\"itemListElement\":[{\"@type\":\"ListItem\",\"position\":1,\"name\":\"Biogroup Vietnam | End-to-End Biotechnology Solutions\",\"item\":\"https:\/\/biogroupvietnam.com\/vi\/\"},{\"@type\":\"ListItem\",\"position\":2,\"name\":\"Product\",\"item\":\"https:\/\/biogroupvietnam.com\/vi\/san-pham\/\"},{\"@type\":\"ListItem\",\"position\":3,\"name\":\"Cell Culture\",\"item\":\"https:\/\/biogroupvietnam.com\/vi\/danh-muc-san-pham\/nuoi-cay-te-bao\/\"},{\"@type\":\"ListItem\",\"position\":4,\"name\":\"Organoids\",\"item\":\"https:\/\/biogroupvietnam.com\/vi\/danh-muc-san-pham\/organoids\/\"},{\"@type\":\"ListItem\",\"position\":5,\"name\":\"Organoid Culture Plates\"}]},{\"@type\":\"WebSite\",\"@id\":\"https:\/\/biogroupvietnam.com\/en\/vi\/#website\",\"url\":\"https:\/\/biogroupvietnam.com\/en\/vi\/\",\"name\":\"Biogroup Vietnam\",\"description\":\"Biogroup Vietnam cung c\u1ea5p d\u1ecbch v\u1ee5 k\u1ef9 thu\u1eadt c\u00f9ng thi\u1ebft b\u1ecb, v\u1eadt t\u01b0, h\u00f3a ch\u1ea5t v\u00e0 gi\u1ea3i ph\u00e1p sinh h\u1ecdc cho ph\u00f2ng th\u00ed nghi\u1ec7m c\u00f4ng ngh\u1ec7 sinh h\u1ecdc, y sinh v\u00e0 y h\u1ecdc t\u00e1i t\u1ea1o.\",\"potentialAction\":[{\"@type\":\"SearchAction\",\"target\":{\"@type\":\"EntryPoint\",\"urlTemplate\":\"https:\/\/biogroupvietnam.com\/en\/vi\/?s={search_term_string}\"},\"query-input\":{\"@type\":\"PropertyValueSpecification\",\"valueRequired\":true,\"valueName\":\"search_term_string\"}}],\"inLanguage\":\"en-US\"}]}<\/script>\n<!-- \/ Yoast SEO plugin. -->","yoast_head_json":{"title":"Organoid Culture Plates","description":"Organoid Culture Plate is a 3D culture tool that helps organoid proliferation and differentiation easier, faster and more stable.","robots":{"index":"index","follow":"follow","max-snippet":"max-snippet:-1","max-image-preview":"max-image-preview:large","max-video-preview":"max-video-preview:-1"},"canonical":"Organoid Culture Plate is a 3D culture tool that helps organoid proliferation and differentiation easier, faster and more stable.","og_locale":"en_US","og_type":"article","og_title":"Organoid Culture Plates","og_description":"Organoid Culture Plate is a 3D culture tool that helps organoid proliferation and differentiation easier, faster and more stable.","og_url":"https:\/\/biogroupvietnam.com\/en\/product\/organoid-culture-plates\/","og_site_name":"Biogroup Vietnam","article_modified_time":"2026-04-02T04:27:00+00:00","og_image":[{"width":1640,"height":1260,"url":"https:\/\/biogroupvietnam.com\/wp-content\/uploads\/2025\/08\/dia-nuoi-cay-organoid-organoid-culture-plates.jpg","type":"image\/jpeg"}],"twitter_card":"summary_large_image","twitter_misc":{"Est. reading time":"4 minutes"},"schema":{"@context":"https:\/\/schema.org","@graph":[{"@type":"WebPage","@id":"https:\/\/biogroupvietnam.com\/en\/product\/organoid-culture-plates\/","url":"https:\/\/biogroupvietnam.com\/en\/product\/organoid-culture-plates\/","name":"\u0110\u0129a Nu\u00f4i C\u1ea5y Organoid \u2013 Organoid Culture Plates","isPartOf":{"@id":"https:\/\/biogroupvietnam.com\/vi\/#website"},"primaryImageOfPage":{"@id":"https:\/\/biogroupvietnam.com\/en\/product\/organoid-culture-plates\/#primaryimage"},"image":{"@id":"https:\/\/biogroupvietnam.com\/en\/product\/organoid-culture-plates\/#primaryimage"},"thumbnailUrl":"https:\/\/biogroupvietnam.com\/wp-content\/uploads\/2025\/08\/dia-nuoi-cay-organoid-organoid-culture-plates.jpg","datePublished":"2025-08-18T12:55:38+00:00","dateModified":"2026-04-02T04:27:00+00:00","description":"\u0110\u0129a Nu\u00f4i C\u1ea5y Organoid Culture Plate l\u00e0 d\u1ee5ng c\u1ee5 d\u00f9ng cho nu\u00f4i c\u1ea5y 3D gi\u00fap t\u0103ng sinh v\u00e0 bi\u1ec7t h\u00f3a organoid d\u1ec5 d\u00e0ng h\u01a1n, nhanh ch\u00f3ng h\u01a1n v\u00e0 \u1ed5n \u0111\u1ecbnh h\u01a1n.","breadcrumb":{"@id":"https:\/\/biogroupvietnam.com\/en\/product\/organoid-culture-plates\/#breadcrumb"},"inLanguage":"en-US","potentialAction":[{"@type":"ReadAction","target":["https:\/\/biogroupvietnam.com\/en\/product\/organoid-culture-plates\/"]}]},{"@type":"ImageObject","inLanguage":"en-US","@id":"https:\/\/biogroupvietnam.com\/en\/product\/organoid-culture-plates\/#primaryimage","url":"https:\/\/biogroupvietnam.com\/wp-content\/uploads\/2025\/08\/dia-nuoi-cay-organoid-organoid-culture-plates.jpg","contentUrl":"https:\/\/biogroupvietnam.com\/wp-content\/uploads\/2025\/08\/dia-nuoi-cay-organoid-organoid-culture-plates.jpg","width":1640,"height":1260,"caption":"\u0110\u0129a Nu\u00f4i C\u1ea5y Organoid \u2013 Organoid Culture Plates"},{"@type":"BreadcrumbList","@id":"https:\/\/biogroupvietnam.com\/en\/product\/organoid-culture-plates\/#breadcrumb","itemListElement":[{"@type":"ListItem","position":1,"name":"Biogroup Vietnam | End-to-End Biotechnology Solutions","item":"https:\/\/biogroupvietnam.com\/vi\/"},{"@type":"ListItem","position":2,"name":"Product","item":"https:\/\/biogroupvietnam.com\/vi\/san-pham\/"},{"@type":"ListItem","position":3,"name":"Cell Culture","item":"https:\/\/biogroupvietnam.com\/vi\/danh-muc-san-pham\/nuoi-cay-te-bao\/"},{"@type":"ListItem","position":4,"name":"Organoids","item":"https:\/\/biogroupvietnam.com\/vi\/danh-muc-san-pham\/organoids\/"},{"@type":"ListItem","position":5,"name":"Organoid Culture Plates"}]},{"@type":"WebSite","@id":"https:\/\/biogroupvietnam.com\/en\/vi\/#website","url":"https:\/\/biogroupvietnam.com\/en\/vi\/","name":"Biogroup Vietnam","description":"Biogroup Vietnam cung c\u1ea5p d\u1ecbch v\u1ee5 k\u1ef9 thu\u1eadt c\u00f9ng thi\u1ebft b\u1ecb, v\u1eadt t\u01b0, h\u00f3a ch\u1ea5t v\u00e0 gi\u1ea3i ph\u00e1p sinh h\u1ecdc cho ph\u00f2ng th\u00ed nghi\u1ec7m c\u00f4ng ngh\u1ec7 sinh h\u1ecdc, y sinh v\u00e0 y h\u1ecdc t\u00e1i t\u1ea1o.","potentialAction":[{"@type":"SearchAction","target":{"@type":"EntryPoint","urlTemplate":"https:\/\/biogroupvietnam.com\/en\/vi\/?s={search_term_string}"},"query-input":{"@type":"PropertyValueSpecification","valueRequired":true,"valueName":"search_term_string"}}],"inLanguage":"en-US"}]}},"_links":{"self":[{"href":"https:\/\/biogroupvietnam.com\/en\/wp-json\/wp\/v2\/product\/4015","targetHints":{"allow":["GET"]}}],"collection":[{"href":"https:\/\/biogroupvietnam.com\/en\/wp-json\/wp\/v2\/product"}],"about":[{"href":"https:\/\/biogroupvietnam.com\/en\/wp-json\/wp\/v2\/types\/product"}],"replies":[{"embeddable":true,"href":"https:\/\/biogroupvietnam.com\/en\/wp-json\/wp\/v2\/comments?post=4015"}],"version-history":[{"count":7,"href":"https:\/\/biogroupvietnam.com\/en\/wp-json\/wp\/v2\/product\/4015\/revisions"}],"predecessor-version":[{"id":9724,"href":"https:\/\/biogroupvietnam.com\/en\/wp-json\/wp\/v2\/product\/4015\/revisions\/9724"}],"wp:featuredmedia":[{"embeddable":true,"href":"https:\/\/biogroupvietnam.com\/en\/wp-json\/wp\/v2\/media\/10141"}],"wp:attachment":[{"href":"https:\/\/biogroupvietnam.com\/en\/wp-json\/wp\/v2\/media?parent=4015"}],"wp:term":[{"taxonomy":"product_brand","embeddable":true,"href":"https:\/\/biogroupvietnam.com\/en\/wp-json\/wp\/v2\/product_brand?post=4015"},{"taxonomy":"product_cat","embeddable":true,"href":"https:\/\/biogroupvietnam.com\/en\/wp-json\/wp\/v2\/product_cat?post=4015"},{"taxonomy":"product_tag","embeddable":true,"href":"https:\/\/biogroupvietnam.com\/en\/wp-json\/wp\/v2\/product_tag?post=4015"}],"curies":[{"name":"wp","href":"https:\/\/api.w.org\/{rel}","templated":true}]}}