{"id":4017,"date":"2025-08-18T19:55:39","date_gmt":"2025-08-18T12:55:39","guid":{"rendered":"http:\/\/biogroupvietnam-worldpress.local\/product\/import-placeholder-for-225\/"},"modified":"2026-04-02T11:23:35","modified_gmt":"2026-04-02T04:23:35","slug":"bo-moi-truong-nuoi-cay-te-bao-mesencult-hpl","status":"publish","type":"product","link":"https:\/\/biogroupvietnam.com\/en\/product\/mesencult-hpl-medium-kit\/","title":{"rendered":"MesenCult\u2122-hPL Medium Kit"},"content":{"rendered":"<p><a href=\"https:\/\/www.stemcell.com\/mesencult-hpl-medium.html\">MesenCult\u2122-hPL Medium<\/a> has been optimized for the culture and expansion of human mesenchymal stromal cells (MSCs; also known as mesencyhymal stem cells) as well as for the detection and enumeration of colony-forming unit fibroblasts (CFU-F).<\/p>\n<p>MesenCult\u2122-hPL 10X Supplement is an alternative growth supplement to fetal bovine serum (FBS) that contains purified human platelet lysate (hPL). Complete MesenCult\u2122-hPL Medium (Basal Medium + 10X Supplement) does not require addition of growth factors, lipids, or attachment substrate. It is more defined and provides better performance than FBS-containing media, and is also a more affordable option than defined, serum-free media.<\/p>\n<p>This product is officially distributed by Biogroup Vietnam.<\/p>\n","protected":false},"excerpt":{"rendered":"<p>MesenCult\u2122-hPL Medium has been optimized for the culture and expansion of human mesenchymal stromal cells (MSCs; also known as mesencyhymal stem cells) as well as for the detection and enumeration of colony-forming unit fibroblasts (CFU-F). MesenCult\u2122-hPL 10X Supplement is an alternative growth supplement to fetal bovine serum (FBS) that contains purified human platelet lysate (hPL).<\/p>\n<div class=\"klb-readmore post-buttons\"><a class=\"button rounded primary\" href=\"https:\/\/biogroupvietnam.com\/en\/product\/mesencult-hpl-medium-kit\/\">Read More <i class=\"klbth-icon-right-arrow\"><\/i><\/a><\/div>\n","protected":false},"featured_media":10140,"comment_status":"closed","ping_status":"closed","template":"","meta":{"_acf_changed":false},"product_brand":[127],"product_cat":[91],"product_tag":[],"class_list":{"0":"post-4017","1":"product","2":"type-product","3":"status-publish","4":"has-post-thumbnail","6":"product_brand-stemcell-technologies","7":"product_cat-human-mesenchymal-stem-cells","9":"first","10":"outofstock","11":"shipping-taxable","12":"product-type-simple"},"acf":[],"yoast_head":"<!-- This site is optimized with the Yoast SEO plugin v26.8 - https:\/\/yoast.com\/product\/yoast-seo-wordpress\/ -->\n<title>MesenCult\u2122-hPL Medium Kit<\/title>\n<meta name=\"description\" content=\"MesenCult\u2122-hPL Medium has been optimized for the culture and expansion of human mesenchymal stromal cells (MSCs; also known as mesencyhymal stem cells) as well as for the detection and enumeration of colony-forming unit fibroblasts (CFU-F). MesenCult\u2122-hPL 10X Supplement is an alternative growth supplement to fetal bovine serum (FBS) that contains purified human platelet lysate (hPL).&hellip;\" \/>\n<meta name=\"robots\" content=\"index, follow, max-snippet:-1, max-image-preview:large, max-video-preview:-1\" \/>\n<link rel=\"canonical\" href=\"http:\/\/MesenCult\u2122-hPL%20Medium%20has%20been%20optimized%20for%20the%20culture%20and%20expansion%20of%20human%20mesenchymal%20stromal%20cells%20(MSCs;%20also%20known%20as%20mesencyhymal%20stem%20cells)%20as%20well%20as%20for%20the%20detection%20and%20enumeration%20of%20colony-forming%20unit%20fibroblasts%20(CFU-F).%20MesenCult\u2122-hPL%2010X%20Supplement%20is%20an%20alternative%20growth%20supplement%20to%20fetal%20bovine%20serum%20(FBS)%20that%20contains%20purified%20human%20platelet%20lysate%20(hPL).&hellip;\" \/>\n<meta property=\"og:locale\" content=\"en_US\" \/>\n<meta property=\"og:type\" content=\"article\" \/>\n<meta property=\"og:title\" content=\"MesenCult\u2122-hPL Medium Kit\" \/>\n<meta property=\"og:description\" content=\"MesenCult\u2122-hPL Medium has been optimized for the culture and expansion of human mesenchymal stromal cells (MSCs; also known as mesencyhymal stem cells) as well as for the detection and enumeration of colony-forming unit fibroblasts (CFU-F). MesenCult\u2122-hPL 10X Supplement is an alternative growth supplement to fetal bovine serum (FBS) that contains purified human platelet lysate (hPL).&hellip;\" \/>\n<meta property=\"og:url\" content=\"https:\/\/biogroupvietnam.com\/en\/product\/mesencult-hpl-medium-kit\/\" \/>\n<meta property=\"og:site_name\" content=\"Biogroup Vietnam\" \/>\n<meta property=\"article:modified_time\" content=\"2026-04-02T04:23:35+00:00\" \/>\n<meta property=\"og:image\" content=\"https:\/\/biogroupvietnam.com\/wp-content\/uploads\/2025\/08\/bo-moi-truong-nuoi-cay-te-bao-mesencult-hpl.jpg\" \/>\n\t<meta property=\"og:image:width\" content=\"1640\" \/>\n\t<meta property=\"og:image:height\" content=\"1260\" \/>\n\t<meta property=\"og:image:type\" content=\"image\/jpeg\" \/>\n<meta name=\"twitter:card\" content=\"summary_large_image\" \/>\n<meta name=\"twitter:label1\" content=\"Est. reading time\" \/>\n\t<meta name=\"twitter:data1\" content=\"2 minutes\" \/>\n<script type=\"application\/ld+json\" class=\"yoast-schema-graph\">{\"@context\":\"https:\/\/schema.org\",\"@graph\":[{\"@type\":\"WebPage\",\"@id\":\"https:\/\/biogroupvietnam.com\/en\/product\/mesencult-hpl-medium-kit\/\",\"url\":\"https:\/\/biogroupvietnam.com\/en\/product\/mesencult-hpl-medium-kit\/\",\"name\":\"B\u1ed9 M\u00f4i Tr\u01b0\u1eddng Nu\u00f4i C\u1ea5y T\u1ebf B\u00e0o MesenCult\u2122-hPL\",\"isPartOf\":{\"@id\":\"https:\/\/biogroupvietnam.com\/vi\/#website\"},\"primaryImageOfPage\":{\"@id\":\"https:\/\/biogroupvietnam.com\/en\/product\/mesencult-hpl-medium-kit\/#primaryimage\"},\"image\":{\"@id\":\"https:\/\/biogroupvietnam.com\/en\/product\/mesencult-hpl-medium-kit\/#primaryimage\"},\"thumbnailUrl\":\"https:\/\/biogroupvietnam.com\/wp-content\/uploads\/2025\/08\/bo-moi-truong-nuoi-cay-te-bao-mesencult-hpl.jpg\",\"datePublished\":\"2025-08-18T12:55:39+00:00\",\"dateModified\":\"2026-04-02T04:23:35+00:00\",\"description\":\"MesenCult\u2122-hPL Medium \u0111\u00e3 \u0111\u01b0\u1ee3c t\u1ed1i \u01b0u h\u00f3a cho vi\u1ec7c nu\u00f4i c\u1ea5y v\u00e0 t\u0103ng sinh c\u00e1c t\u1ebf b\u00e0o g\u1ed1c trung m\u00f4 c\u1ee7a ng\u01b0\u1eddi (MSC) c\u0169ng nh\u01b0 \u0111\u1ec3 ph\u00e1t hi\u1ec7n v\u00e0 \u0111\u1ebfm c\u00e1c \u0111\u01a1n v\u1ecb h\u00ecnh th\u00e0nh khu\u1ea9n l\u1ea1c-nguy\u00ean b\u00e0o s\u1ee3i (CFU-F).\",\"breadcrumb\":{\"@id\":\"https:\/\/biogroupvietnam.com\/en\/product\/mesencult-hpl-medium-kit\/#breadcrumb\"},\"inLanguage\":\"en-US\",\"potentialAction\":[{\"@type\":\"ReadAction\",\"target\":[\"https:\/\/biogroupvietnam.com\/en\/product\/mesencult-hpl-medium-kit\/\"]}]},{\"@type\":\"ImageObject\",\"inLanguage\":\"en-US\",\"@id\":\"https:\/\/biogroupvietnam.com\/en\/product\/mesencult-hpl-medium-kit\/#primaryimage\",\"url\":\"https:\/\/biogroupvietnam.com\/wp-content\/uploads\/2025\/08\/bo-moi-truong-nuoi-cay-te-bao-mesencult-hpl.jpg\",\"contentUrl\":\"https:\/\/biogroupvietnam.com\/wp-content\/uploads\/2025\/08\/bo-moi-truong-nuoi-cay-te-bao-mesencult-hpl.jpg\",\"width\":1640,\"height\":1260,\"caption\":\"B\u1ed9 M\u00f4i Tr\u01b0\u1eddng Nu\u00f4i C\u1ea5y T\u1ebf B\u00e0o MesenCult\u2122-hPL\"},{\"@type\":\"BreadcrumbList\",\"@id\":\"https:\/\/biogroupvietnam.com\/en\/product\/mesencult-hpl-medium-kit\/#breadcrumb\",\"itemListElement\":[{\"@type\":\"ListItem\",\"position\":1,\"name\":\"Biogroup Vietnam | End-to-End Biotechnology Solutions\",\"item\":\"https:\/\/biogroupvietnam.com\/vi\/\"},{\"@type\":\"ListItem\",\"position\":2,\"name\":\"Product\",\"item\":\"https:\/\/biogroupvietnam.com\/vi\/san-pham\/\"},{\"@type\":\"ListItem\",\"position\":3,\"name\":\"Cell Culture\",\"item\":\"https:\/\/biogroupvietnam.com\/vi\/danh-muc-san-pham\/nuoi-cay-te-bao\/\"},{\"@type\":\"ListItem\",\"position\":4,\"name\":\"Human mesenchymal stem cells\",\"item\":\"https:\/\/biogroupvietnam.com\/vi\/danh-muc-san-pham\/te-bao-goc-trung-mo\/\"},{\"@type\":\"ListItem\",\"position\":5,\"name\":\"MesenCult\u2122-hPL Medium Kit\"}]},{\"@type\":\"WebSite\",\"@id\":\"https:\/\/biogroupvietnam.com\/en\/vi\/#website\",\"url\":\"https:\/\/biogroupvietnam.com\/en\/vi\/\",\"name\":\"Biogroup Vietnam\",\"description\":\"Biogroup Vietnam cung c\u1ea5p d\u1ecbch v\u1ee5 k\u1ef9 thu\u1eadt c\u00f9ng thi\u1ebft b\u1ecb, v\u1eadt t\u01b0, h\u00f3a ch\u1ea5t v\u00e0 gi\u1ea3i ph\u00e1p sinh h\u1ecdc cho ph\u00f2ng th\u00ed nghi\u1ec7m c\u00f4ng ngh\u1ec7 sinh h\u1ecdc, y sinh v\u00e0 y h\u1ecdc t\u00e1i t\u1ea1o.\",\"potentialAction\":[{\"@type\":\"SearchAction\",\"target\":{\"@type\":\"EntryPoint\",\"urlTemplate\":\"https:\/\/biogroupvietnam.com\/en\/vi\/?s={search_term_string}\"},\"query-input\":{\"@type\":\"PropertyValueSpecification\",\"valueRequired\":true,\"valueName\":\"search_term_string\"}}],\"inLanguage\":\"en-US\"}]}<\/script>\n<!-- \/ Yoast SEO plugin. -->","yoast_head_json":{"title":"MesenCult\u2122-hPL Medium Kit","description":"MesenCult\u2122-hPL Medium has been optimized for the culture and expansion of human mesenchymal stromal cells (MSCs; also known as mesencyhymal stem cells) as well as for the detection and enumeration of colony-forming unit fibroblasts (CFU-F). MesenCult\u2122-hPL 10X Supplement is an alternative growth supplement to fetal bovine serum (FBS) that contains purified human platelet lysate (hPL).&hellip;","robots":{"index":"index","follow":"follow","max-snippet":"max-snippet:-1","max-image-preview":"max-image-preview:large","max-video-preview":"max-video-preview:-1"},"canonical":"MesenCult\u2122-hPL Medium has been optimized for the culture and expansion of human mesenchymal stromal cells (MSCs; also known as mesencyhymal stem cells) as well as for the detection and enumeration of colony-forming unit fibroblasts (CFU-F). MesenCult\u2122-hPL 10X Supplement is an alternative growth supplement to fetal bovine serum (FBS) that contains purified human platelet lysate (hPL).&hellip;","og_locale":"en_US","og_type":"article","og_title":"MesenCult\u2122-hPL Medium Kit","og_description":"MesenCult\u2122-hPL Medium has been optimized for the culture and expansion of human mesenchymal stromal cells (MSCs; also known as mesencyhymal stem cells) as well as for the detection and enumeration of colony-forming unit fibroblasts (CFU-F). MesenCult\u2122-hPL 10X Supplement is an alternative growth supplement to fetal bovine serum (FBS) that contains purified human platelet lysate (hPL).&hellip;","og_url":"https:\/\/biogroupvietnam.com\/en\/product\/mesencult-hpl-medium-kit\/","og_site_name":"Biogroup Vietnam","article_modified_time":"2026-04-02T04:23:35+00:00","og_image":[{"width":1640,"height":1260,"url":"https:\/\/biogroupvietnam.com\/wp-content\/uploads\/2025\/08\/bo-moi-truong-nuoi-cay-te-bao-mesencult-hpl.jpg","type":"image\/jpeg"}],"twitter_card":"summary_large_image","twitter_misc":{"Est. reading time":"2 minutes"},"schema":{"@context":"https:\/\/schema.org","@graph":[{"@type":"WebPage","@id":"https:\/\/biogroupvietnam.com\/en\/product\/mesencult-hpl-medium-kit\/","url":"https:\/\/biogroupvietnam.com\/en\/product\/mesencult-hpl-medium-kit\/","name":"B\u1ed9 M\u00f4i Tr\u01b0\u1eddng Nu\u00f4i C\u1ea5y T\u1ebf B\u00e0o MesenCult\u2122-hPL","isPartOf":{"@id":"https:\/\/biogroupvietnam.com\/vi\/#website"},"primaryImageOfPage":{"@id":"https:\/\/biogroupvietnam.com\/en\/product\/mesencult-hpl-medium-kit\/#primaryimage"},"image":{"@id":"https:\/\/biogroupvietnam.com\/en\/product\/mesencult-hpl-medium-kit\/#primaryimage"},"thumbnailUrl":"https:\/\/biogroupvietnam.com\/wp-content\/uploads\/2025\/08\/bo-moi-truong-nuoi-cay-te-bao-mesencult-hpl.jpg","datePublished":"2025-08-18T12:55:39+00:00","dateModified":"2026-04-02T04:23:35+00:00","description":"MesenCult\u2122-hPL Medium \u0111\u00e3 \u0111\u01b0\u1ee3c t\u1ed1i \u01b0u h\u00f3a cho vi\u1ec7c nu\u00f4i c\u1ea5y v\u00e0 t\u0103ng sinh c\u00e1c t\u1ebf b\u00e0o g\u1ed1c trung m\u00f4 c\u1ee7a ng\u01b0\u1eddi (MSC) c\u0169ng nh\u01b0 \u0111\u1ec3 ph\u00e1t hi\u1ec7n v\u00e0 \u0111\u1ebfm c\u00e1c \u0111\u01a1n v\u1ecb h\u00ecnh th\u00e0nh khu\u1ea9n l\u1ea1c-nguy\u00ean b\u00e0o s\u1ee3i (CFU-F).","breadcrumb":{"@id":"https:\/\/biogroupvietnam.com\/en\/product\/mesencult-hpl-medium-kit\/#breadcrumb"},"inLanguage":"en-US","potentialAction":[{"@type":"ReadAction","target":["https:\/\/biogroupvietnam.com\/en\/product\/mesencult-hpl-medium-kit\/"]}]},{"@type":"ImageObject","inLanguage":"en-US","@id":"https:\/\/biogroupvietnam.com\/en\/product\/mesencult-hpl-medium-kit\/#primaryimage","url":"https:\/\/biogroupvietnam.com\/wp-content\/uploads\/2025\/08\/bo-moi-truong-nuoi-cay-te-bao-mesencult-hpl.jpg","contentUrl":"https:\/\/biogroupvietnam.com\/wp-content\/uploads\/2025\/08\/bo-moi-truong-nuoi-cay-te-bao-mesencult-hpl.jpg","width":1640,"height":1260,"caption":"B\u1ed9 M\u00f4i Tr\u01b0\u1eddng Nu\u00f4i C\u1ea5y T\u1ebf B\u00e0o MesenCult\u2122-hPL"},{"@type":"BreadcrumbList","@id":"https:\/\/biogroupvietnam.com\/en\/product\/mesencult-hpl-medium-kit\/#breadcrumb","itemListElement":[{"@type":"ListItem","position":1,"name":"Biogroup Vietnam | End-to-End Biotechnology Solutions","item":"https:\/\/biogroupvietnam.com\/vi\/"},{"@type":"ListItem","position":2,"name":"Product","item":"https:\/\/biogroupvietnam.com\/vi\/san-pham\/"},{"@type":"ListItem","position":3,"name":"Cell Culture","item":"https:\/\/biogroupvietnam.com\/vi\/danh-muc-san-pham\/nuoi-cay-te-bao\/"},{"@type":"ListItem","position":4,"name":"Human mesenchymal stem cells","item":"https:\/\/biogroupvietnam.com\/vi\/danh-muc-san-pham\/te-bao-goc-trung-mo\/"},{"@type":"ListItem","position":5,"name":"MesenCult\u2122-hPL Medium Kit"}]},{"@type":"WebSite","@id":"https:\/\/biogroupvietnam.com\/en\/vi\/#website","url":"https:\/\/biogroupvietnam.com\/en\/vi\/","name":"Biogroup Vietnam","description":"Biogroup Vietnam cung c\u1ea5p d\u1ecbch v\u1ee5 k\u1ef9 thu\u1eadt c\u00f9ng thi\u1ebft b\u1ecb, v\u1eadt t\u01b0, h\u00f3a ch\u1ea5t v\u00e0 gi\u1ea3i ph\u00e1p sinh h\u1ecdc cho ph\u00f2ng th\u00ed nghi\u1ec7m c\u00f4ng ngh\u1ec7 sinh h\u1ecdc, y sinh v\u00e0 y h\u1ecdc t\u00e1i t\u1ea1o.","potentialAction":[{"@type":"SearchAction","target":{"@type":"EntryPoint","urlTemplate":"https:\/\/biogroupvietnam.com\/en\/vi\/?s={search_term_string}"},"query-input":{"@type":"PropertyValueSpecification","valueRequired":true,"valueName":"search_term_string"}}],"inLanguage":"en-US"}]}},"_links":{"self":[{"href":"https:\/\/biogroupvietnam.com\/en\/wp-json\/wp\/v2\/product\/4017","targetHints":{"allow":["GET"]}}],"collection":[{"href":"https:\/\/biogroupvietnam.com\/en\/wp-json\/wp\/v2\/product"}],"about":[{"href":"https:\/\/biogroupvietnam.com\/en\/wp-json\/wp\/v2\/types\/product"}],"replies":[{"embeddable":true,"href":"https:\/\/biogroupvietnam.com\/en\/wp-json\/wp\/v2\/comments?post=4017"}],"version-history":[{"count":5,"href":"https:\/\/biogroupvietnam.com\/en\/wp-json\/wp\/v2\/product\/4017\/revisions"}],"predecessor-version":[{"id":9743,"href":"https:\/\/biogroupvietnam.com\/en\/wp-json\/wp\/v2\/product\/4017\/revisions\/9743"}],"wp:featuredmedia":[{"embeddable":true,"href":"https:\/\/biogroupvietnam.com\/en\/wp-json\/wp\/v2\/media\/10140"}],"wp:attachment":[{"href":"https:\/\/biogroupvietnam.com\/en\/wp-json\/wp\/v2\/media?parent=4017"}],"wp:term":[{"taxonomy":"product_brand","embeddable":true,"href":"https:\/\/biogroupvietnam.com\/en\/wp-json\/wp\/v2\/product_brand?post=4017"},{"taxonomy":"product_cat","embeddable":true,"href":"https:\/\/biogroupvietnam.com\/en\/wp-json\/wp\/v2\/product_cat?post=4017"},{"taxonomy":"product_tag","embeddable":true,"href":"https:\/\/biogroupvietnam.com\/en\/wp-json\/wp\/v2\/product_tag?post=4017"}],"curies":[{"name":"wp","href":"https:\/\/api.w.org\/{rel}","templated":true}]}}