{"id":4019,"date":"2025-08-18T19:55:39","date_gmt":"2025-08-18T12:55:39","guid":{"rendered":"http:\/\/biogroupvietnam-worldpress.local\/product\/import-placeholder-for-227\/"},"modified":"2026-04-02T11:00:38","modified_gmt":"2026-04-02T04:00:38","slug":"dich-ly-giai-tieu-cau-nguoi-hpl-pr-xf-gmp","status":"publish","type":"product","link":"https:\/\/biogroupvietnam.com\/en\/product\/human-platelet-lysate-pathogen-reduced-gmp-compliant\/","title":{"rendered":"Human Platelet Lysate, Pathogen-Reduced, GMP-Compliant"},"content":{"rendered":"<p>Start experiments confidently with a reliable supply of ethically sourced, <a href=\"https:\/\/www.stemcell.com\/human-platelet-lysate-pathogen-reduced-gmp-compliant.html\">GMP-compliant, fibrinogen-depleted, and pathogen-reduced human platelet lysate (hPL)<\/a> for the expansion of cells in vitro.<\/p>\n<p>An alternative to fetal bovine serum (FBS), this growth factor-rich cell culture supplement is derived from healthy donor human platelets, and multiple donor units are pooled during manufacturing to minimize lot-to-lot variability. Heparin is not added during the manufacturing process and is not required for use of this product. An electron beam (e-beam) irradiation step is included in the manufacturing process for pathogen reduction.<\/p>\n<p>This product is officially distributed by Biogroup Vietnam.<br \/>\n&nbsp;<\/p>\n","protected":false},"excerpt":{"rendered":"<p>Start experiments confidently with a reliable supply of ethically sourced, GMP-compliant, fibrinogen-depleted, and pathogen-reduced human platelet lysate (hPL) for the expansion of cells in vitro. An alternative to fetal bovine serum (FBS), this growth factor-rich cell culture supplement is derived from healthy donor human platelets, and multiple donor units are pooled during manufacturing to minimize<\/p>\n<div class=\"klb-readmore post-buttons\"><a class=\"button rounded primary\" href=\"https:\/\/biogroupvietnam.com\/en\/product\/human-platelet-lysate-pathogen-reduced-gmp-compliant\/\">Read More <i class=\"klbth-icon-right-arrow\"><\/i><\/a><\/div>\n","protected":false},"featured_media":10139,"comment_status":"closed","ping_status":"closed","template":"","meta":{"_acf_changed":false},"product_brand":[127],"product_cat":[91],"product_tag":[],"class_list":{"0":"post-4019","1":"product","2":"type-product","3":"status-publish","4":"has-post-thumbnail","6":"product_brand-stemcell-technologies","7":"product_cat-human-mesenchymal-stem-cells","9":"first","10":"outofstock","11":"shipping-taxable","12":"product-type-simple"},"acf":[],"yoast_head":"<!-- This site is optimized with the Yoast SEO plugin v26.8 - https:\/\/yoast.com\/product\/yoast-seo-wordpress\/ -->\n<title>Human Platelet Lysate, Pathogen-Reduced, GMP-Compliant<\/title>\n<meta name=\"description\" content=\"Start experiments confidently with a reliable supply of ethically sourced, GMP-compliant, fibrinogen-depleted, and pathogen-reduced human platelet lysate (hPL) for the expansion of cells in vitro. An alternative to fetal bovine serum (FBS), this growth factor-rich cell culture supplement is derived from healthy donor human platelets, and multiple donor units are pooled during manufacturing to minimize&hellip;\" \/>\n<meta name=\"robots\" content=\"index, follow, max-snippet:-1, max-image-preview:large, max-video-preview:-1\" \/>\n<link rel=\"canonical\" href=\"http:\/\/Start%20experiments%20confidently%20with%20a%20reliable%20supply%20of%20ethically%20sourced,%20GMP-compliant,%20fibrinogen-depleted,%20and%20pathogen-reduced%20human%20platelet%20lysate%20(hPL)%20for%20the%20expansion%20of%20cells%20in%20vitro.%20An%20alternative%20to%20fetal%20bovine%20serum%20(FBS),%20this%20growth%20factor-rich%20cell%20culture%20supplement%20is%20derived%20from%20healthy%20donor%20human%20platelets,%20and%20multiple%20donor%20units%20are%20pooled%20during%20manufacturing%20to%20minimize&hellip;\" \/>\n<meta property=\"og:locale\" content=\"en_US\" \/>\n<meta property=\"og:type\" content=\"article\" \/>\n<meta property=\"og:title\" content=\"Human Platelet Lysate, Pathogen-Reduced, GMP-Compliant\" \/>\n<meta property=\"og:description\" content=\"Start experiments confidently with a reliable supply of ethically sourced, GMP-compliant, fibrinogen-depleted, and pathogen-reduced human platelet lysate (hPL) for the expansion of cells in vitro. An alternative to fetal bovine serum (FBS), this growth factor-rich cell culture supplement is derived from healthy donor human platelets, and multiple donor units are pooled during manufacturing to minimize&hellip;\" \/>\n<meta property=\"og:url\" content=\"https:\/\/biogroupvietnam.com\/en\/product\/human-platelet-lysate-pathogen-reduced-gmp-compliant\/\" \/>\n<meta property=\"og:site_name\" content=\"Biogroup Vietnam\" \/>\n<meta property=\"article:modified_time\" content=\"2026-04-02T04:00:38+00:00\" \/>\n<meta property=\"og:image\" content=\"https:\/\/biogroupvietnam.com\/wp-content\/uploads\/2025\/08\/human-platelet-lysate-hpl-pr-xf-gmp.jpg\" \/>\n\t<meta property=\"og:image:width\" content=\"1640\" \/>\n\t<meta property=\"og:image:height\" content=\"1260\" \/>\n\t<meta property=\"og:image:type\" content=\"image\/jpeg\" \/>\n<meta name=\"twitter:card\" content=\"summary_large_image\" \/>\n<meta name=\"twitter:label1\" content=\"Est. reading time\" \/>\n\t<meta name=\"twitter:data1\" content=\"2 minutes\" \/>\n<script type=\"application\/ld+json\" class=\"yoast-schema-graph\">{\"@context\":\"https:\/\/schema.org\",\"@graph\":[{\"@type\":\"WebPage\",\"@id\":\"https:\/\/biogroupvietnam.com\/en\/product\/human-platelet-lysate-pathogen-reduced-gmp-compliant\/\",\"url\":\"https:\/\/biogroupvietnam.com\/en\/product\/human-platelet-lysate-pathogen-reduced-gmp-compliant\/\",\"name\":\"D\u1ecbch Ly Gi\u1ea3i Ti\u1ec3u C\u1ea7u Ng\u01b0\u1eddi (human Platelet Lysate, hPL PR XF GMP)\",\"isPartOf\":{\"@id\":\"https:\/\/biogroupvietnam.com\/vi\/#website\"},\"primaryImageOfPage\":{\"@id\":\"https:\/\/biogroupvietnam.com\/en\/product\/human-platelet-lysate-pathogen-reduced-gmp-compliant\/#primaryimage\"},\"image\":{\"@id\":\"https:\/\/biogroupvietnam.com\/en\/product\/human-platelet-lysate-pathogen-reduced-gmp-compliant\/#primaryimage\"},\"thumbnailUrl\":\"https:\/\/biogroupvietnam.com\/wp-content\/uploads\/2025\/08\/human-platelet-lysate-hpl-pr-xf-gmp.jpg\",\"datePublished\":\"2025-08-18T12:55:39+00:00\",\"dateModified\":\"2026-04-02T04:00:38+00:00\",\"description\":\"Human platelet lysate (hPL), xeno-free, \u0111\u00e3 \u0111\u01b0\u1ee3c lo\u1ea1i b\u1ecf fibrinogen, tu\u00e2n th\u1ee7 GMP l\u00e0 m\u1ed9t ch\u1ea5t b\u1ed5 sung m\u00f4i tr\u01b0\u1eddng nu\u00f4i c\u1ea5y t\u1ebf b\u00e0o gi\u00e0u y\u1ebfu t\u1ed1 t\u0103ng tr\u01b0\u1edfng, c\u00f3 ngu\u1ed3n g\u1ed1c t\u1eeb ti\u1ec3u c\u1ea7u c\u1ee7a ng\u01b0\u1eddi hi\u1ebfn t\u1eb7ng kh\u1ecfe m\u1ea1nh\",\"breadcrumb\":{\"@id\":\"https:\/\/biogroupvietnam.com\/en\/product\/human-platelet-lysate-pathogen-reduced-gmp-compliant\/#breadcrumb\"},\"inLanguage\":\"en-US\",\"potentialAction\":[{\"@type\":\"ReadAction\",\"target\":[\"https:\/\/biogroupvietnam.com\/en\/product\/human-platelet-lysate-pathogen-reduced-gmp-compliant\/\"]}]},{\"@type\":\"ImageObject\",\"inLanguage\":\"en-US\",\"@id\":\"https:\/\/biogroupvietnam.com\/en\/product\/human-platelet-lysate-pathogen-reduced-gmp-compliant\/#primaryimage\",\"url\":\"https:\/\/biogroupvietnam.com\/wp-content\/uploads\/2025\/08\/human-platelet-lysate-hpl-pr-xf-gmp.jpg\",\"contentUrl\":\"https:\/\/biogroupvietnam.com\/wp-content\/uploads\/2025\/08\/human-platelet-lysate-hpl-pr-xf-gmp.jpg\",\"width\":1640,\"height\":1260,\"caption\":\"D\u1ecbch Ly Gi\u1ea3i Ti\u1ec3u C\u1ea7u Ng\u01b0\u1eddi (human Platelet Lysate, hPL PR XF GMP)\"},{\"@type\":\"BreadcrumbList\",\"@id\":\"https:\/\/biogroupvietnam.com\/en\/product\/human-platelet-lysate-pathogen-reduced-gmp-compliant\/#breadcrumb\",\"itemListElement\":[{\"@type\":\"ListItem\",\"position\":1,\"name\":\"Biogroup Vietnam | End-to-End Biotechnology Solutions\",\"item\":\"https:\/\/biogroupvietnam.com\/vi\/\"},{\"@type\":\"ListItem\",\"position\":2,\"name\":\"Product\",\"item\":\"https:\/\/biogroupvietnam.com\/vi\/san-pham\/\"},{\"@type\":\"ListItem\",\"position\":3,\"name\":\"Cell Culture\",\"item\":\"https:\/\/biogroupvietnam.com\/vi\/danh-muc-san-pham\/nuoi-cay-te-bao\/\"},{\"@type\":\"ListItem\",\"position\":4,\"name\":\"Human mesenchymal stem cells\",\"item\":\"https:\/\/biogroupvietnam.com\/vi\/danh-muc-san-pham\/te-bao-goc-trung-mo\/\"},{\"@type\":\"ListItem\",\"position\":5,\"name\":\"Human Platelet Lysate, Pathogen-Reduced, GMP-Compliant\"}]},{\"@type\":\"WebSite\",\"@id\":\"https:\/\/biogroupvietnam.com\/en\/vi\/#website\",\"url\":\"https:\/\/biogroupvietnam.com\/en\/vi\/\",\"name\":\"Biogroup Vietnam\",\"description\":\"Biogroup Vietnam cung c\u1ea5p d\u1ecbch v\u1ee5 k\u1ef9 thu\u1eadt c\u00f9ng thi\u1ebft b\u1ecb, v\u1eadt t\u01b0, h\u00f3a ch\u1ea5t v\u00e0 gi\u1ea3i ph\u00e1p sinh h\u1ecdc cho ph\u00f2ng th\u00ed nghi\u1ec7m c\u00f4ng ngh\u1ec7 sinh h\u1ecdc, y sinh v\u00e0 y h\u1ecdc t\u00e1i t\u1ea1o.\",\"potentialAction\":[{\"@type\":\"SearchAction\",\"target\":{\"@type\":\"EntryPoint\",\"urlTemplate\":\"https:\/\/biogroupvietnam.com\/en\/vi\/?s={search_term_string}\"},\"query-input\":{\"@type\":\"PropertyValueSpecification\",\"valueRequired\":true,\"valueName\":\"search_term_string\"}}],\"inLanguage\":\"en-US\"}]}<\/script>\n<!-- \/ Yoast SEO plugin. -->","yoast_head_json":{"title":"Human Platelet Lysate, Pathogen-Reduced, GMP-Compliant","description":"Start experiments confidently with a reliable supply of ethically sourced, GMP-compliant, fibrinogen-depleted, and pathogen-reduced human platelet lysate (hPL) for the expansion of cells in vitro. An alternative to fetal bovine serum (FBS), this growth factor-rich cell culture supplement is derived from healthy donor human platelets, and multiple donor units are pooled during manufacturing to minimize&hellip;","robots":{"index":"index","follow":"follow","max-snippet":"max-snippet:-1","max-image-preview":"max-image-preview:large","max-video-preview":"max-video-preview:-1"},"canonical":"Start experiments confidently with a reliable supply of ethically sourced, GMP-compliant, fibrinogen-depleted, and pathogen-reduced human platelet lysate (hPL) for the expansion of cells in vitro. An alternative to fetal bovine serum (FBS), this growth factor-rich cell culture supplement is derived from healthy donor human platelets, and multiple donor units are pooled during manufacturing to minimize&hellip;","og_locale":"en_US","og_type":"article","og_title":"Human Platelet Lysate, Pathogen-Reduced, GMP-Compliant","og_description":"Start experiments confidently with a reliable supply of ethically sourced, GMP-compliant, fibrinogen-depleted, and pathogen-reduced human platelet lysate (hPL) for the expansion of cells in vitro. An alternative to fetal bovine serum (FBS), this growth factor-rich cell culture supplement is derived from healthy donor human platelets, and multiple donor units are pooled during manufacturing to minimize&hellip;","og_url":"https:\/\/biogroupvietnam.com\/en\/product\/human-platelet-lysate-pathogen-reduced-gmp-compliant\/","og_site_name":"Biogroup Vietnam","article_modified_time":"2026-04-02T04:00:38+00:00","og_image":[{"width":1640,"height":1260,"url":"https:\/\/biogroupvietnam.com\/wp-content\/uploads\/2025\/08\/human-platelet-lysate-hpl-pr-xf-gmp.jpg","type":"image\/jpeg"}],"twitter_card":"summary_large_image","twitter_misc":{"Est. reading time":"2 minutes"},"schema":{"@context":"https:\/\/schema.org","@graph":[{"@type":"WebPage","@id":"https:\/\/biogroupvietnam.com\/en\/product\/human-platelet-lysate-pathogen-reduced-gmp-compliant\/","url":"https:\/\/biogroupvietnam.com\/en\/product\/human-platelet-lysate-pathogen-reduced-gmp-compliant\/","name":"D\u1ecbch Ly Gi\u1ea3i Ti\u1ec3u C\u1ea7u Ng\u01b0\u1eddi (human Platelet Lysate, hPL PR XF GMP)","isPartOf":{"@id":"https:\/\/biogroupvietnam.com\/vi\/#website"},"primaryImageOfPage":{"@id":"https:\/\/biogroupvietnam.com\/en\/product\/human-platelet-lysate-pathogen-reduced-gmp-compliant\/#primaryimage"},"image":{"@id":"https:\/\/biogroupvietnam.com\/en\/product\/human-platelet-lysate-pathogen-reduced-gmp-compliant\/#primaryimage"},"thumbnailUrl":"https:\/\/biogroupvietnam.com\/wp-content\/uploads\/2025\/08\/human-platelet-lysate-hpl-pr-xf-gmp.jpg","datePublished":"2025-08-18T12:55:39+00:00","dateModified":"2026-04-02T04:00:38+00:00","description":"Human platelet lysate (hPL), xeno-free, \u0111\u00e3 \u0111\u01b0\u1ee3c lo\u1ea1i b\u1ecf fibrinogen, tu\u00e2n th\u1ee7 GMP l\u00e0 m\u1ed9t ch\u1ea5t b\u1ed5 sung m\u00f4i tr\u01b0\u1eddng nu\u00f4i c\u1ea5y t\u1ebf b\u00e0o gi\u00e0u y\u1ebfu t\u1ed1 t\u0103ng tr\u01b0\u1edfng, c\u00f3 ngu\u1ed3n g\u1ed1c t\u1eeb ti\u1ec3u c\u1ea7u c\u1ee7a ng\u01b0\u1eddi hi\u1ebfn t\u1eb7ng kh\u1ecfe m\u1ea1nh","breadcrumb":{"@id":"https:\/\/biogroupvietnam.com\/en\/product\/human-platelet-lysate-pathogen-reduced-gmp-compliant\/#breadcrumb"},"inLanguage":"en-US","potentialAction":[{"@type":"ReadAction","target":["https:\/\/biogroupvietnam.com\/en\/product\/human-platelet-lysate-pathogen-reduced-gmp-compliant\/"]}]},{"@type":"ImageObject","inLanguage":"en-US","@id":"https:\/\/biogroupvietnam.com\/en\/product\/human-platelet-lysate-pathogen-reduced-gmp-compliant\/#primaryimage","url":"https:\/\/biogroupvietnam.com\/wp-content\/uploads\/2025\/08\/human-platelet-lysate-hpl-pr-xf-gmp.jpg","contentUrl":"https:\/\/biogroupvietnam.com\/wp-content\/uploads\/2025\/08\/human-platelet-lysate-hpl-pr-xf-gmp.jpg","width":1640,"height":1260,"caption":"D\u1ecbch Ly Gi\u1ea3i Ti\u1ec3u C\u1ea7u Ng\u01b0\u1eddi (human Platelet Lysate, hPL PR XF GMP)"},{"@type":"BreadcrumbList","@id":"https:\/\/biogroupvietnam.com\/en\/product\/human-platelet-lysate-pathogen-reduced-gmp-compliant\/#breadcrumb","itemListElement":[{"@type":"ListItem","position":1,"name":"Biogroup Vietnam | End-to-End Biotechnology Solutions","item":"https:\/\/biogroupvietnam.com\/vi\/"},{"@type":"ListItem","position":2,"name":"Product","item":"https:\/\/biogroupvietnam.com\/vi\/san-pham\/"},{"@type":"ListItem","position":3,"name":"Cell Culture","item":"https:\/\/biogroupvietnam.com\/vi\/danh-muc-san-pham\/nuoi-cay-te-bao\/"},{"@type":"ListItem","position":4,"name":"Human mesenchymal stem cells","item":"https:\/\/biogroupvietnam.com\/vi\/danh-muc-san-pham\/te-bao-goc-trung-mo\/"},{"@type":"ListItem","position":5,"name":"Human Platelet Lysate, Pathogen-Reduced, GMP-Compliant"}]},{"@type":"WebSite","@id":"https:\/\/biogroupvietnam.com\/en\/vi\/#website","url":"https:\/\/biogroupvietnam.com\/en\/vi\/","name":"Biogroup Vietnam","description":"Biogroup Vietnam cung c\u1ea5p d\u1ecbch v\u1ee5 k\u1ef9 thu\u1eadt c\u00f9ng thi\u1ebft b\u1ecb, v\u1eadt t\u01b0, h\u00f3a ch\u1ea5t v\u00e0 gi\u1ea3i ph\u00e1p sinh h\u1ecdc cho ph\u00f2ng th\u00ed nghi\u1ec7m c\u00f4ng ngh\u1ec7 sinh h\u1ecdc, y sinh v\u00e0 y h\u1ecdc t\u00e1i t\u1ea1o.","potentialAction":[{"@type":"SearchAction","target":{"@type":"EntryPoint","urlTemplate":"https:\/\/biogroupvietnam.com\/en\/vi\/?s={search_term_string}"},"query-input":{"@type":"PropertyValueSpecification","valueRequired":true,"valueName":"search_term_string"}}],"inLanguage":"en-US"}]}},"_links":{"self":[{"href":"https:\/\/biogroupvietnam.com\/en\/wp-json\/wp\/v2\/product\/4019","targetHints":{"allow":["GET"]}}],"collection":[{"href":"https:\/\/biogroupvietnam.com\/en\/wp-json\/wp\/v2\/product"}],"about":[{"href":"https:\/\/biogroupvietnam.com\/en\/wp-json\/wp\/v2\/types\/product"}],"replies":[{"embeddable":true,"href":"https:\/\/biogroupvietnam.com\/en\/wp-json\/wp\/v2\/comments?post=4019"}],"version-history":[{"count":5,"href":"https:\/\/biogroupvietnam.com\/en\/wp-json\/wp\/v2\/product\/4019\/revisions"}],"predecessor-version":[{"id":9741,"href":"https:\/\/biogroupvietnam.com\/en\/wp-json\/wp\/v2\/product\/4019\/revisions\/9741"}],"wp:featuredmedia":[{"embeddable":true,"href":"https:\/\/biogroupvietnam.com\/en\/wp-json\/wp\/v2\/media\/10139"}],"wp:attachment":[{"href":"https:\/\/biogroupvietnam.com\/en\/wp-json\/wp\/v2\/media?parent=4019"}],"wp:term":[{"taxonomy":"product_brand","embeddable":true,"href":"https:\/\/biogroupvietnam.com\/en\/wp-json\/wp\/v2\/product_brand?post=4019"},{"taxonomy":"product_cat","embeddable":true,"href":"https:\/\/biogroupvietnam.com\/en\/wp-json\/wp\/v2\/product_cat?post=4019"},{"taxonomy":"product_tag","embeddable":true,"href":"https:\/\/biogroupvietnam.com\/en\/wp-json\/wp\/v2\/product_tag?post=4019"}],"curies":[{"name":"wp","href":"https:\/\/api.w.org\/{rel}","templated":true}]}}