{"id":4020,"date":"2025-08-18T19:55:40","date_gmt":"2025-08-18T12:55:40","guid":{"rendered":"http:\/\/biogroupvietnam-worldpress.local\/product\/import-placeholder-for-228\/"},"modified":"2025-11-12T18:13:10","modified_gmt":"2025-11-12T11:13:10","slug":"thawhome-a","status":"publish","type":"product","link":"https:\/\/biogroupvietnam.com\/en\/product\/automated-cell-thawing-instrument-thawhome-a\/","title":{"rendered":"Automated Cell Thawing Instrument ThawHome A"},"content":{"rendered":"<p>ThawHome is an ideal tool for thawing and resuscitating cells. Its automatic operation of the whole process eliminates the uncertainty caused by humans ; anhydrous thawing reduces the possibility of sample contamination, data control can better ensure the thawing rate of samples, the combination of multiple notches and independent work shows the high efficiency of the product.<br \/>\n&nbsp;<\/p>\n","protected":false},"excerpt":{"rendered":"<p>ThawHome is an ideal tool for thawing and resuscitating cells. Its automatic operation of the whole process eliminates the uncertainty caused by humans ; anhydrous thawing reduces the possibility of sample contamination, data control can better ensure the thawing rate of samples, the combination of multiple notches and independent work shows the high efficiency of<\/p>\n<div class=\"klb-readmore post-buttons\"><a class=\"button rounded primary\" href=\"https:\/\/biogroupvietnam.com\/en\/product\/automated-cell-thawing-instrument-thawhome-a\/\">Read More <i class=\"klbth-icon-right-arrow\"><\/i><\/a><\/div>\n","protected":false},"featured_media":8883,"comment_status":"closed","ping_status":"closed","template":"","meta":{"_acf_changed":false},"product_brand":[143],"product_cat":[101],"product_tag":[],"class_list":{"0":"post-4020","1":"product","2":"type-product","3":"status-publish","4":"has-post-thumbnail","6":"product_brand-kemesser-technology","7":"product_cat-cell-thawing-system","9":"first","10":"outofstock","11":"shipping-taxable","12":"product-type-simple"},"acf":[],"yoast_head":"<!-- This site is optimized with the Yoast SEO plugin v26.8 - https:\/\/yoast.com\/product\/yoast-seo-wordpress\/ -->\n<title>Automated Cell Thawing Instrument ThawHome A<\/title>\n<meta name=\"description\" content=\"ThawHome is an ideal tool for thawing and resuscitating cells. Its automatic operation of the whole process eliminates the uncertainty caused by humans ; anhydrous thawing reduces the possibility of sample contamination, data control can better ensure the thawing rate of samples, the combination of multiple notches and independent work shows the high efficiency of&hellip;\" \/>\n<meta name=\"robots\" content=\"index, follow, max-snippet:-1, max-image-preview:large, max-video-preview:-1\" \/>\n<link rel=\"canonical\" href=\"http:\/\/ThawHome%20is%20an%20ideal%20tool%20for%20thawing%20and%20resuscitating%20cells.%20Its%20automatic%20operation%20of%20the%20whole%20process%20eliminates%20the%20uncertainty%20caused%20by%20humans%20;%20anhydrous%20thawing%20reduces%20the%20possibility%20of%20sample%20contamination,%20data%20control%20can%20better%20ensure%20the%20thawing%20rate%20of%20samples,%20the%20combination%20of%20multiple%20notches%20and%20independent%20work%20shows%20the%20high%20efficiency%20of&hellip;\" \/>\n<meta property=\"og:locale\" content=\"en_US\" \/>\n<meta property=\"og:type\" content=\"article\" \/>\n<meta property=\"og:title\" content=\"Automated Cell Thawing Instrument ThawHome A\" \/>\n<meta property=\"og:description\" content=\"ThawHome is an ideal tool for thawing and resuscitating cells. Its automatic operation of the whole process eliminates the uncertainty caused by humans ; anhydrous thawing reduces the possibility of sample contamination, data control can better ensure the thawing rate of samples, the combination of multiple notches and independent work shows the high efficiency of&hellip;\" \/>\n<meta property=\"og:url\" content=\"https:\/\/biogroupvietnam.com\/en\/product\/automated-cell-thawing-instrument-thawhome-a\/\" \/>\n<meta property=\"og:site_name\" content=\"Biogroup Vietnam\" \/>\n<meta property=\"article:modified_time\" content=\"2025-11-12T11:13:10+00:00\" \/>\n<meta property=\"og:image\" content=\"https:\/\/biogroupvietnam.com\/wp-content\/uploads\/2025\/08\/ThawHome-A.jpg\" \/>\n\t<meta property=\"og:image:width\" content=\"1640\" \/>\n\t<meta property=\"og:image:height\" content=\"1260\" \/>\n\t<meta property=\"og:image:type\" content=\"image\/jpeg\" \/>\n<meta name=\"twitter:card\" content=\"summary_large_image\" \/>\n<meta name=\"twitter:label1\" content=\"Est. reading time\" \/>\n\t<meta name=\"twitter:data1\" content=\"2 minutes\" \/>\n<script type=\"application\/ld+json\" class=\"yoast-schema-graph\">{\"@context\":\"https:\/\/schema.org\",\"@graph\":[{\"@type\":\"WebPage\",\"@id\":\"https:\/\/biogroupvietnam.com\/en\/product\/automated-cell-thawing-instrument-thawhome-a\/\",\"url\":\"https:\/\/biogroupvietnam.com\/en\/product\/automated-cell-thawing-instrument-thawhome-a\/\",\"name\":\"Thi\u1ebft B\u1ecb R\u00e3 \u0110\u00f4ng T\u1ebf B\u00e0o T\u1ef1 \u0110\u1ed9ng ThawHome-A (cho \u1ed1ng ch\u1ee9a m\u1eabu \u0111\u00f4ng l\u1ea1nh 1,5-2mL)\",\"isPartOf\":{\"@id\":\"https:\/\/biogroupvietnam.com\/vi\/#website\"},\"primaryImageOfPage\":{\"@id\":\"https:\/\/biogroupvietnam.com\/en\/product\/automated-cell-thawing-instrument-thawhome-a\/#primaryimage\"},\"image\":{\"@id\":\"https:\/\/biogroupvietnam.com\/en\/product\/automated-cell-thawing-instrument-thawhome-a\/#primaryimage\"},\"thumbnailUrl\":\"https:\/\/biogroupvietnam.com\/wp-content\/uploads\/2025\/08\/ThawHome-A.jpg\",\"datePublished\":\"2025-08-18T12:55:40+00:00\",\"dateModified\":\"2025-11-12T11:13:10+00:00\",\"description\":\"ThawHome-A l\u00e0 thi\u1ebft b\u1ecb r\u00e3 \u0111\u00f4ng c\u00e1c m\u1eabu sinh h\u1ecdc (trong \u1ed1ng ch\u1ee9a m\u1eabu) nhanh ch\u00f3ng th\u00f4ng qua c\u00f4ng ngh\u1ec7 c\u1ea3m bi\u1ebfn v\u00e0 ki\u1ec3m so\u00e1t nhi\u1ec7t \u0111\u1ed9, gi\u00fap ph\u1ee5c h\u1ed3i c\u00e1c t\u1ebf b\u00e0o sau \u0111\u00f4ng l\u1ea1nh.\",\"breadcrumb\":{\"@id\":\"https:\/\/biogroupvietnam.com\/en\/product\/automated-cell-thawing-instrument-thawhome-a\/#breadcrumb\"},\"inLanguage\":\"en-US\",\"potentialAction\":[{\"@type\":\"ReadAction\",\"target\":[\"https:\/\/biogroupvietnam.com\/en\/product\/automated-cell-thawing-instrument-thawhome-a\/\"]}]},{\"@type\":\"ImageObject\",\"inLanguage\":\"en-US\",\"@id\":\"https:\/\/biogroupvietnam.com\/en\/product\/automated-cell-thawing-instrument-thawhome-a\/#primaryimage\",\"url\":\"https:\/\/biogroupvietnam.com\/wp-content\/uploads\/2025\/08\/ThawHome-A.jpg\",\"contentUrl\":\"https:\/\/biogroupvietnam.com\/wp-content\/uploads\/2025\/08\/ThawHome-A.jpg\",\"width\":1640,\"height\":1260},{\"@type\":\"BreadcrumbList\",\"@id\":\"https:\/\/biogroupvietnam.com\/en\/product\/automated-cell-thawing-instrument-thawhome-a\/#breadcrumb\",\"itemListElement\":[{\"@type\":\"ListItem\",\"position\":1,\"name\":\"Biogroup Vietnam | End-to-End Biotechnology Solutions\",\"item\":\"https:\/\/biogroupvietnam.com\/vi\/\"},{\"@type\":\"ListItem\",\"position\":2,\"name\":\"Product\",\"item\":\"https:\/\/biogroupvietnam.com\/vi\/san-pham\/\"},{\"@type\":\"ListItem\",\"position\":3,\"name\":\"Cellular Cryopreservation\",\"item\":\"https:\/\/biogroupvietnam.com\/vi\/danh-muc-san-pham\/bao-quan-lanh-te-bao\/\"},{\"@type\":\"ListItem\",\"position\":4,\"name\":\"Cell Thawing System\",\"item\":\"https:\/\/biogroupvietnam.com\/vi\/danh-muc-san-pham\/may-ra-dong-te-bao\/\"},{\"@type\":\"ListItem\",\"position\":5,\"name\":\"Automated Cell Thawing Instrument ThawHome A\"}]},{\"@type\":\"WebSite\",\"@id\":\"https:\/\/biogroupvietnam.com\/en\/vi\/#website\",\"url\":\"https:\/\/biogroupvietnam.com\/en\/vi\/\",\"name\":\"Biogroup Vietnam\",\"description\":\"Biogroup Vietnam cung c\u1ea5p d\u1ecbch v\u1ee5 k\u1ef9 thu\u1eadt c\u00f9ng thi\u1ebft b\u1ecb, v\u1eadt t\u01b0, h\u00f3a ch\u1ea5t v\u00e0 gi\u1ea3i ph\u00e1p sinh h\u1ecdc cho ph\u00f2ng th\u00ed nghi\u1ec7m c\u00f4ng ngh\u1ec7 sinh h\u1ecdc, y sinh v\u00e0 y h\u1ecdc t\u00e1i t\u1ea1o.\",\"potentialAction\":[{\"@type\":\"SearchAction\",\"target\":{\"@type\":\"EntryPoint\",\"urlTemplate\":\"https:\/\/biogroupvietnam.com\/en\/vi\/?s={search_term_string}\"},\"query-input\":{\"@type\":\"PropertyValueSpecification\",\"valueRequired\":true,\"valueName\":\"search_term_string\"}}],\"inLanguage\":\"en-US\"}]}<\/script>\n<!-- \/ Yoast SEO plugin. -->","yoast_head_json":{"title":"Automated Cell Thawing Instrument ThawHome A","description":"ThawHome is an ideal tool for thawing and resuscitating cells. Its automatic operation of the whole process eliminates the uncertainty caused by humans ; anhydrous thawing reduces the possibility of sample contamination, data control can better ensure the thawing rate of samples, the combination of multiple notches and independent work shows the high efficiency of&hellip;","robots":{"index":"index","follow":"follow","max-snippet":"max-snippet:-1","max-image-preview":"max-image-preview:large","max-video-preview":"max-video-preview:-1"},"canonical":"ThawHome is an ideal tool for thawing and resuscitating cells. Its automatic operation of the whole process eliminates the uncertainty caused by humans ; anhydrous thawing reduces the possibility of sample contamination, data control can better ensure the thawing rate of samples, the combination of multiple notches and independent work shows the high efficiency of&hellip;","og_locale":"en_US","og_type":"article","og_title":"Automated Cell Thawing Instrument ThawHome A","og_description":"ThawHome is an ideal tool for thawing and resuscitating cells. Its automatic operation of the whole process eliminates the uncertainty caused by humans ; anhydrous thawing reduces the possibility of sample contamination, data control can better ensure the thawing rate of samples, the combination of multiple notches and independent work shows the high efficiency of&hellip;","og_url":"https:\/\/biogroupvietnam.com\/en\/product\/automated-cell-thawing-instrument-thawhome-a\/","og_site_name":"Biogroup Vietnam","article_modified_time":"2025-11-12T11:13:10+00:00","og_image":[{"width":1640,"height":1260,"url":"https:\/\/biogroupvietnam.com\/wp-content\/uploads\/2025\/08\/ThawHome-A.jpg","type":"image\/jpeg"}],"twitter_card":"summary_large_image","twitter_misc":{"Est. reading time":"2 minutes"},"schema":{"@context":"https:\/\/schema.org","@graph":[{"@type":"WebPage","@id":"https:\/\/biogroupvietnam.com\/en\/product\/automated-cell-thawing-instrument-thawhome-a\/","url":"https:\/\/biogroupvietnam.com\/en\/product\/automated-cell-thawing-instrument-thawhome-a\/","name":"Thi\u1ebft B\u1ecb R\u00e3 \u0110\u00f4ng T\u1ebf B\u00e0o T\u1ef1 \u0110\u1ed9ng ThawHome-A (cho \u1ed1ng ch\u1ee9a m\u1eabu \u0111\u00f4ng l\u1ea1nh 1,5-2mL)","isPartOf":{"@id":"https:\/\/biogroupvietnam.com\/vi\/#website"},"primaryImageOfPage":{"@id":"https:\/\/biogroupvietnam.com\/en\/product\/automated-cell-thawing-instrument-thawhome-a\/#primaryimage"},"image":{"@id":"https:\/\/biogroupvietnam.com\/en\/product\/automated-cell-thawing-instrument-thawhome-a\/#primaryimage"},"thumbnailUrl":"https:\/\/biogroupvietnam.com\/wp-content\/uploads\/2025\/08\/ThawHome-A.jpg","datePublished":"2025-08-18T12:55:40+00:00","dateModified":"2025-11-12T11:13:10+00:00","description":"ThawHome-A l\u00e0 thi\u1ebft b\u1ecb r\u00e3 \u0111\u00f4ng c\u00e1c m\u1eabu sinh h\u1ecdc (trong \u1ed1ng ch\u1ee9a m\u1eabu) nhanh ch\u00f3ng th\u00f4ng qua c\u00f4ng ngh\u1ec7 c\u1ea3m bi\u1ebfn v\u00e0 ki\u1ec3m so\u00e1t nhi\u1ec7t \u0111\u1ed9, gi\u00fap ph\u1ee5c h\u1ed3i c\u00e1c t\u1ebf b\u00e0o sau \u0111\u00f4ng l\u1ea1nh.","breadcrumb":{"@id":"https:\/\/biogroupvietnam.com\/en\/product\/automated-cell-thawing-instrument-thawhome-a\/#breadcrumb"},"inLanguage":"en-US","potentialAction":[{"@type":"ReadAction","target":["https:\/\/biogroupvietnam.com\/en\/product\/automated-cell-thawing-instrument-thawhome-a\/"]}]},{"@type":"ImageObject","inLanguage":"en-US","@id":"https:\/\/biogroupvietnam.com\/en\/product\/automated-cell-thawing-instrument-thawhome-a\/#primaryimage","url":"https:\/\/biogroupvietnam.com\/wp-content\/uploads\/2025\/08\/ThawHome-A.jpg","contentUrl":"https:\/\/biogroupvietnam.com\/wp-content\/uploads\/2025\/08\/ThawHome-A.jpg","width":1640,"height":1260},{"@type":"BreadcrumbList","@id":"https:\/\/biogroupvietnam.com\/en\/product\/automated-cell-thawing-instrument-thawhome-a\/#breadcrumb","itemListElement":[{"@type":"ListItem","position":1,"name":"Biogroup Vietnam | End-to-End Biotechnology Solutions","item":"https:\/\/biogroupvietnam.com\/vi\/"},{"@type":"ListItem","position":2,"name":"Product","item":"https:\/\/biogroupvietnam.com\/vi\/san-pham\/"},{"@type":"ListItem","position":3,"name":"Cellular Cryopreservation","item":"https:\/\/biogroupvietnam.com\/vi\/danh-muc-san-pham\/bao-quan-lanh-te-bao\/"},{"@type":"ListItem","position":4,"name":"Cell Thawing System","item":"https:\/\/biogroupvietnam.com\/vi\/danh-muc-san-pham\/may-ra-dong-te-bao\/"},{"@type":"ListItem","position":5,"name":"Automated Cell Thawing Instrument ThawHome A"}]},{"@type":"WebSite","@id":"https:\/\/biogroupvietnam.com\/en\/vi\/#website","url":"https:\/\/biogroupvietnam.com\/en\/vi\/","name":"Biogroup Vietnam","description":"Biogroup Vietnam cung c\u1ea5p d\u1ecbch v\u1ee5 k\u1ef9 thu\u1eadt c\u00f9ng thi\u1ebft b\u1ecb, v\u1eadt t\u01b0, h\u00f3a ch\u1ea5t v\u00e0 gi\u1ea3i ph\u00e1p sinh h\u1ecdc cho ph\u00f2ng th\u00ed nghi\u1ec7m c\u00f4ng ngh\u1ec7 sinh h\u1ecdc, y sinh v\u00e0 y h\u1ecdc t\u00e1i t\u1ea1o.","potentialAction":[{"@type":"SearchAction","target":{"@type":"EntryPoint","urlTemplate":"https:\/\/biogroupvietnam.com\/en\/vi\/?s={search_term_string}"},"query-input":{"@type":"PropertyValueSpecification","valueRequired":true,"valueName":"search_term_string"}}],"inLanguage":"en-US"}]}},"_links":{"self":[{"href":"https:\/\/biogroupvietnam.com\/en\/wp-json\/wp\/v2\/product\/4020","targetHints":{"allow":["GET"]}}],"collection":[{"href":"https:\/\/biogroupvietnam.com\/en\/wp-json\/wp\/v2\/product"}],"about":[{"href":"https:\/\/biogroupvietnam.com\/en\/wp-json\/wp\/v2\/types\/product"}],"replies":[{"embeddable":true,"href":"https:\/\/biogroupvietnam.com\/en\/wp-json\/wp\/v2\/comments?post=4020"}],"version-history":[{"count":3,"href":"https:\/\/biogroupvietnam.com\/en\/wp-json\/wp\/v2\/product\/4020\/revisions"}],"predecessor-version":[{"id":8889,"href":"https:\/\/biogroupvietnam.com\/en\/wp-json\/wp\/v2\/product\/4020\/revisions\/8889"}],"wp:featuredmedia":[{"embeddable":true,"href":"https:\/\/biogroupvietnam.com\/en\/wp-json\/wp\/v2\/media\/8883"}],"wp:attachment":[{"href":"https:\/\/biogroupvietnam.com\/en\/wp-json\/wp\/v2\/media?parent=4020"}],"wp:term":[{"taxonomy":"product_brand","embeddable":true,"href":"https:\/\/biogroupvietnam.com\/en\/wp-json\/wp\/v2\/product_brand?post=4020"},{"taxonomy":"product_cat","embeddable":true,"href":"https:\/\/biogroupvietnam.com\/en\/wp-json\/wp\/v2\/product_cat?post=4020"},{"taxonomy":"product_tag","embeddable":true,"href":"https:\/\/biogroupvietnam.com\/en\/wp-json\/wp\/v2\/product_tag?post=4020"}],"curies":[{"name":"wp","href":"https:\/\/api.w.org\/{rel}","templated":true}]}}