{"id":4023,"date":"2025-08-18T19:55:40","date_gmt":"2025-08-18T12:55:40","guid":{"rendered":"http:\/\/biogroupvietnam-worldpress.local\/product\/import-placeholder-for-231\/"},"modified":"2025-09-29T15:09:10","modified_gmt":"2025-09-29T08:09:10","slug":"uvidoc-hd6","status":"publish","type":"product","link":"https:\/\/biogroupvietnam.com\/en\/product\/uvidoc-hd6\/","title":{"rendered":"Uvidoc HD6"},"content":{"rendered":"<p>Unique stand-alone platform and voice-controlled DNA\/protein gel workstation, the <a href=\"https:\/\/www.uvitec.co.uk\/uvidoc-hd6\/\" target=\"_blank\" rel=\"noopener noreferrer\">Uvidoc HD6<\/a> is ideal for crowded labs where automation, ease of use and high-sensitivity are required. Boasting real on-board computer and a giant 12.2\u201d HD touch screen, the new Voice Control\u00a9 option allows for unrivalled system operation, speed and user-friendliness.<\/p>\n","protected":false},"excerpt":{"rendered":"<p>Unique stand-alone platform and voice-controlled DNA\/protein gel workstation, the Uvidoc HD6 is ideal for crowded labs where automation, ease of use and high-sensitivity are required. Boasting real on-board computer and a giant 12.2\u201d HD touch screen, the new Voice Control\u00a9 option allows for unrivalled system operation, speed and user-friendliness.<\/p>\n","protected":false},"featured_media":5564,"comment_status":"closed","ping_status":"closed","template":"","meta":{"_acf_changed":false},"product_brand":[136],"product_cat":[110],"product_tag":[],"class_list":{"0":"post-4023","1":"product","2":"type-product","3":"status-publish","4":"has-post-thumbnail","6":"product_brand-uvitec","7":"product_cat-geldoc-system","9":"first","10":"outofstock","11":"shipping-taxable","12":"product-type-simple"},"acf":[],"yoast_head":"<!-- This site is optimized with the Yoast SEO plugin v26.8 - https:\/\/yoast.com\/product\/yoast-seo-wordpress\/ -->\n<title>Uvidoc HD6<\/title>\n<meta name=\"description\" content=\"Unique stand-alone platform and voice-controlled DNA\/protein gel workstation, the Uvidoc HD6 is ideal for crowded labs where automation, ease of use and high-sensitivity are required. Boasting real on-board computer and a giant 12.2\u201d HD touch screen, the new Voice Control\u00a9 option allows for unrivalled system operation, speed and user-friendliness.\" \/>\n<meta name=\"robots\" content=\"index, follow, max-snippet:-1, max-image-preview:large, max-video-preview:-1\" \/>\n<link rel=\"canonical\" href=\"http:\/\/Unique%20stand-alone%20platform%20and%20voice-controlled%20DNA\/protein%20gel%20workstation,%20the%20Uvidoc%20HD6%20is%20ideal%20for%20crowded%20labs%20where%20automation,%20ease%20of%20use%20and%20high-sensitivity%20are%20required.%20Boasting%20real%20on-board%20computer%20and%20a%20giant%2012.2\u201d%20HD%20touch%20screen,%20the%20new%20Voice%20Control\u00a9%20option%20allows%20for%20unrivalled%20system%20operation,%20speed%20and%20user-friendliness.\" \/>\n<meta property=\"og:locale\" content=\"en_US\" \/>\n<meta property=\"og:type\" content=\"article\" \/>\n<meta property=\"og:title\" content=\"Uvidoc HD6\" \/>\n<meta property=\"og:description\" content=\"Unique stand-alone platform and voice-controlled DNA\/protein gel workstation, the Uvidoc HD6 is ideal for crowded labs where automation, ease of use and high-sensitivity are required. Boasting real on-board computer and a giant 12.2\u201d HD touch screen, the new Voice Control\u00a9 option allows for unrivalled system operation, speed and user-friendliness.\" \/>\n<meta property=\"og:url\" content=\"https:\/\/biogroupvietnam.com\/en\/product\/uvidoc-hd6\/\" \/>\n<meta property=\"og:site_name\" content=\"Biogroup Vietnam\" \/>\n<meta property=\"article:modified_time\" content=\"2025-09-29T08:09:10+00:00\" \/>\n<meta property=\"og:image\" content=\"https:\/\/biogroupvietnam.com\/wp-content\/uploads\/2025\/08\/Uvidoc-hd10.png\" \/>\n\t<meta property=\"og:image:width\" content=\"1600\" \/>\n\t<meta property=\"og:image:height\" content=\"1229\" \/>\n\t<meta property=\"og:image:type\" content=\"image\/png\" \/>\n<meta name=\"twitter:card\" content=\"summary_large_image\" \/>\n<meta name=\"twitter:label1\" content=\"Est. reading time\" \/>\n\t<meta name=\"twitter:data1\" content=\"3 minutes\" \/>\n<script type=\"application\/ld+json\" class=\"yoast-schema-graph\">{\"@context\":\"https:\/\/schema.org\",\"@graph\":[{\"@type\":\"WebPage\",\"@id\":\"https:\/\/biogroupvietnam.com\/en\/product\/uvidoc-hd6\/\",\"url\":\"https:\/\/biogroupvietnam.com\/en\/product\/uvidoc-hd6\/\",\"name\":\"M\u00e1y Ch\u1ee5p \u1ea2nh Gel Uvidoc HD6\",\"isPartOf\":{\"@id\":\"https:\/\/biogroupvietnam.com\/vi\/#website\"},\"primaryImageOfPage\":{\"@id\":\"https:\/\/biogroupvietnam.com\/en\/product\/uvidoc-hd6\/#primaryimage\"},\"image\":{\"@id\":\"https:\/\/biogroupvietnam.com\/en\/product\/uvidoc-hd6\/#primaryimage\"},\"thumbnailUrl\":\"https:\/\/biogroupvietnam.com\/wp-content\/uploads\/2025\/08\/Uvidoc-hd10.png\",\"datePublished\":\"2025-08-18T12:55:40+00:00\",\"dateModified\":\"2025-09-29T08:09:10+00:00\",\"description\":\"Thi\u1ebft b\u1ecb \u0111\u1ed9c l\u1eadp \u0111\u1ed9c \u0111\u00e1o v\u00e0 tr\u1ea1m \u0111i\u1ec1u khi\u1ec3n gel DNA\/protein b\u1eb1ng gi\u1ecdng n\u00f3i, Uvidoc HD6 l\u00e0 h\u1ec7 th\u1ed1ng l\u00fd t\u01b0\u1edfng cho c\u00e1c ph\u00f2ng th\u00ed nghi\u1ec7m \u0111\u00f4ng \u0111\u00fac n\u01a1i y\u00eau c\u1ea7u t\u1ef1 \u0111\u1ed9ng h\u00f3a, d\u1ec5 s\u1eed d\u1ee5ng v\u00e0 \u0111\u1ed9 nh\u1ea1y cao.\",\"breadcrumb\":{\"@id\":\"https:\/\/biogroupvietnam.com\/en\/product\/uvidoc-hd6\/#breadcrumb\"},\"inLanguage\":\"en-US\",\"potentialAction\":[{\"@type\":\"ReadAction\",\"target\":[\"https:\/\/biogroupvietnam.com\/en\/product\/uvidoc-hd6\/\"]}]},{\"@type\":\"ImageObject\",\"inLanguage\":\"en-US\",\"@id\":\"https:\/\/biogroupvietnam.com\/en\/product\/uvidoc-hd6\/#primaryimage\",\"url\":\"https:\/\/biogroupvietnam.com\/wp-content\/uploads\/2025\/08\/Uvidoc-hd10.png\",\"contentUrl\":\"https:\/\/biogroupvietnam.com\/wp-content\/uploads\/2025\/08\/Uvidoc-hd10.png\",\"width\":1600,\"height\":1229,\"caption\":\"\u00a0\"},{\"@type\":\"BreadcrumbList\",\"@id\":\"https:\/\/biogroupvietnam.com\/en\/product\/uvidoc-hd6\/#breadcrumb\",\"itemListElement\":[{\"@type\":\"ListItem\",\"position\":1,\"name\":\"Biogroup Vietnam | End-to-End Biotechnology Solutions\",\"item\":\"https:\/\/biogroupvietnam.com\/vi\/\"},{\"@type\":\"ListItem\",\"position\":2,\"name\":\"Product\",\"item\":\"https:\/\/biogroupvietnam.com\/vi\/san-pham\/\"},{\"@type\":\"ListItem\",\"position\":3,\"name\":\"Biological R&D\",\"item\":\"https:\/\/biogroupvietnam.com\/vi\/danh-muc-san-pham\/rd-sinh-hoc\/\"},{\"@type\":\"ListItem\",\"position\":4,\"name\":\"Geldoc system\",\"item\":\"https:\/\/biogroupvietnam.com\/vi\/danh-muc-san-pham\/chup-anh-gel\/\"},{\"@type\":\"ListItem\",\"position\":5,\"name\":\"Uvidoc HD6\"}]},{\"@type\":\"WebSite\",\"@id\":\"https:\/\/biogroupvietnam.com\/en\/vi\/#website\",\"url\":\"https:\/\/biogroupvietnam.com\/en\/vi\/\",\"name\":\"Biogroup Vietnam\",\"description\":\"Biogroup Vietnam cung c\u1ea5p d\u1ecbch v\u1ee5 k\u1ef9 thu\u1eadt c\u00f9ng thi\u1ebft b\u1ecb, v\u1eadt t\u01b0, h\u00f3a ch\u1ea5t v\u00e0 gi\u1ea3i ph\u00e1p sinh h\u1ecdc cho ph\u00f2ng th\u00ed nghi\u1ec7m c\u00f4ng ngh\u1ec7 sinh h\u1ecdc, y sinh v\u00e0 y h\u1ecdc t\u00e1i t\u1ea1o.\",\"potentialAction\":[{\"@type\":\"SearchAction\",\"target\":{\"@type\":\"EntryPoint\",\"urlTemplate\":\"https:\/\/biogroupvietnam.com\/en\/vi\/?s={search_term_string}\"},\"query-input\":{\"@type\":\"PropertyValueSpecification\",\"valueRequired\":true,\"valueName\":\"search_term_string\"}}],\"inLanguage\":\"en-US\"}]}<\/script>\n<!-- \/ Yoast SEO plugin. -->","yoast_head_json":{"title":"Uvidoc HD6","description":"Unique stand-alone platform and voice-controlled DNA\/protein gel workstation, the Uvidoc HD6 is ideal for crowded labs where automation, ease of use and high-sensitivity are required. Boasting real on-board computer and a giant 12.2\u201d HD touch screen, the new Voice Control\u00a9 option allows for unrivalled system operation, speed and user-friendliness.","robots":{"index":"index","follow":"follow","max-snippet":"max-snippet:-1","max-image-preview":"max-image-preview:large","max-video-preview":"max-video-preview:-1"},"canonical":"Unique stand-alone platform and voice-controlled DNA\/protein gel workstation, the Uvidoc HD6 is ideal for crowded labs where automation, ease of use and high-sensitivity are required. Boasting real on-board computer and a giant 12.2\u201d HD touch screen, the new Voice Control\u00a9 option allows for unrivalled system operation, speed and user-friendliness.","og_locale":"en_US","og_type":"article","og_title":"Uvidoc HD6","og_description":"Unique stand-alone platform and voice-controlled DNA\/protein gel workstation, the Uvidoc HD6 is ideal for crowded labs where automation, ease of use and high-sensitivity are required. Boasting real on-board computer and a giant 12.2\u201d HD touch screen, the new Voice Control\u00a9 option allows for unrivalled system operation, speed and user-friendliness.","og_url":"https:\/\/biogroupvietnam.com\/en\/product\/uvidoc-hd6\/","og_site_name":"Biogroup Vietnam","article_modified_time":"2025-09-29T08:09:10+00:00","og_image":[{"width":1600,"height":1229,"url":"https:\/\/biogroupvietnam.com\/wp-content\/uploads\/2025\/08\/Uvidoc-hd10.png","type":"image\/png"}],"twitter_card":"summary_large_image","twitter_misc":{"Est. reading time":"3 minutes"},"schema":{"@context":"https:\/\/schema.org","@graph":[{"@type":"WebPage","@id":"https:\/\/biogroupvietnam.com\/en\/product\/uvidoc-hd6\/","url":"https:\/\/biogroupvietnam.com\/en\/product\/uvidoc-hd6\/","name":"M\u00e1y Ch\u1ee5p \u1ea2nh Gel Uvidoc HD6","isPartOf":{"@id":"https:\/\/biogroupvietnam.com\/vi\/#website"},"primaryImageOfPage":{"@id":"https:\/\/biogroupvietnam.com\/en\/product\/uvidoc-hd6\/#primaryimage"},"image":{"@id":"https:\/\/biogroupvietnam.com\/en\/product\/uvidoc-hd6\/#primaryimage"},"thumbnailUrl":"https:\/\/biogroupvietnam.com\/wp-content\/uploads\/2025\/08\/Uvidoc-hd10.png","datePublished":"2025-08-18T12:55:40+00:00","dateModified":"2025-09-29T08:09:10+00:00","description":"Thi\u1ebft b\u1ecb \u0111\u1ed9c l\u1eadp \u0111\u1ed9c \u0111\u00e1o v\u00e0 tr\u1ea1m \u0111i\u1ec1u khi\u1ec3n gel DNA\/protein b\u1eb1ng gi\u1ecdng n\u00f3i, Uvidoc HD6 l\u00e0 h\u1ec7 th\u1ed1ng l\u00fd t\u01b0\u1edfng cho c\u00e1c ph\u00f2ng th\u00ed nghi\u1ec7m \u0111\u00f4ng \u0111\u00fac n\u01a1i y\u00eau c\u1ea7u t\u1ef1 \u0111\u1ed9ng h\u00f3a, d\u1ec5 s\u1eed d\u1ee5ng v\u00e0 \u0111\u1ed9 nh\u1ea1y cao.","breadcrumb":{"@id":"https:\/\/biogroupvietnam.com\/en\/product\/uvidoc-hd6\/#breadcrumb"},"inLanguage":"en-US","potentialAction":[{"@type":"ReadAction","target":["https:\/\/biogroupvietnam.com\/en\/product\/uvidoc-hd6\/"]}]},{"@type":"ImageObject","inLanguage":"en-US","@id":"https:\/\/biogroupvietnam.com\/en\/product\/uvidoc-hd6\/#primaryimage","url":"https:\/\/biogroupvietnam.com\/wp-content\/uploads\/2025\/08\/Uvidoc-hd10.png","contentUrl":"https:\/\/biogroupvietnam.com\/wp-content\/uploads\/2025\/08\/Uvidoc-hd10.png","width":1600,"height":1229,"caption":"\u00a0"},{"@type":"BreadcrumbList","@id":"https:\/\/biogroupvietnam.com\/en\/product\/uvidoc-hd6\/#breadcrumb","itemListElement":[{"@type":"ListItem","position":1,"name":"Biogroup Vietnam | End-to-End Biotechnology Solutions","item":"https:\/\/biogroupvietnam.com\/vi\/"},{"@type":"ListItem","position":2,"name":"Product","item":"https:\/\/biogroupvietnam.com\/vi\/san-pham\/"},{"@type":"ListItem","position":3,"name":"Biological R&D","item":"https:\/\/biogroupvietnam.com\/vi\/danh-muc-san-pham\/rd-sinh-hoc\/"},{"@type":"ListItem","position":4,"name":"Geldoc system","item":"https:\/\/biogroupvietnam.com\/vi\/danh-muc-san-pham\/chup-anh-gel\/"},{"@type":"ListItem","position":5,"name":"Uvidoc HD6"}]},{"@type":"WebSite","@id":"https:\/\/biogroupvietnam.com\/en\/vi\/#website","url":"https:\/\/biogroupvietnam.com\/en\/vi\/","name":"Biogroup Vietnam","description":"Biogroup Vietnam cung c\u1ea5p d\u1ecbch v\u1ee5 k\u1ef9 thu\u1eadt c\u00f9ng thi\u1ebft b\u1ecb, v\u1eadt t\u01b0, h\u00f3a ch\u1ea5t v\u00e0 gi\u1ea3i ph\u00e1p sinh h\u1ecdc cho ph\u00f2ng th\u00ed nghi\u1ec7m c\u00f4ng ngh\u1ec7 sinh h\u1ecdc, y sinh v\u00e0 y h\u1ecdc t\u00e1i t\u1ea1o.","potentialAction":[{"@type":"SearchAction","target":{"@type":"EntryPoint","urlTemplate":"https:\/\/biogroupvietnam.com\/en\/vi\/?s={search_term_string}"},"query-input":{"@type":"PropertyValueSpecification","valueRequired":true,"valueName":"search_term_string"}}],"inLanguage":"en-US"}]}},"_links":{"self":[{"href":"https:\/\/biogroupvietnam.com\/en\/wp-json\/wp\/v2\/product\/4023","targetHints":{"allow":["GET"]}}],"collection":[{"href":"https:\/\/biogroupvietnam.com\/en\/wp-json\/wp\/v2\/product"}],"about":[{"href":"https:\/\/biogroupvietnam.com\/en\/wp-json\/wp\/v2\/types\/product"}],"replies":[{"embeddable":true,"href":"https:\/\/biogroupvietnam.com\/en\/wp-json\/wp\/v2\/comments?post=4023"}],"version-history":[{"count":2,"href":"https:\/\/biogroupvietnam.com\/en\/wp-json\/wp\/v2\/product\/4023\/revisions"}],"predecessor-version":[{"id":8321,"href":"https:\/\/biogroupvietnam.com\/en\/wp-json\/wp\/v2\/product\/4023\/revisions\/8321"}],"wp:featuredmedia":[{"embeddable":true,"href":"https:\/\/biogroupvietnam.com\/en\/wp-json\/wp\/v2\/media\/5564"}],"wp:attachment":[{"href":"https:\/\/biogroupvietnam.com\/en\/wp-json\/wp\/v2\/media?parent=4023"}],"wp:term":[{"taxonomy":"product_brand","embeddable":true,"href":"https:\/\/biogroupvietnam.com\/en\/wp-json\/wp\/v2\/product_brand?post=4023"},{"taxonomy":"product_cat","embeddable":true,"href":"https:\/\/biogroupvietnam.com\/en\/wp-json\/wp\/v2\/product_cat?post=4023"},{"taxonomy":"product_tag","embeddable":true,"href":"https:\/\/biogroupvietnam.com\/en\/wp-json\/wp\/v2\/product_tag?post=4023"}],"curies":[{"name":"wp","href":"https:\/\/api.w.org\/{rel}","templated":true}]}}