{"id":4026,"date":"2025-08-18T19:55:41","date_gmt":"2025-08-18T12:55:41","guid":{"rendered":"http:\/\/biogroupvietnam-worldpress.local\/product\/import-placeholder-for-234\/"},"modified":"2026-04-02T10:51:19","modified_gmt":"2026-04-02T03:51:19","slug":"bo-kit-chuyen-gen-cellpore-transfection-kit-300","status":"publish","type":"product","link":"https:\/\/biogroupvietnam.com\/en\/product\/cellpore-transfection-kit-300\/","title":{"rendered":"CellPore\u2122 Transfection Kit 300"},"content":{"rendered":"<p>Efficiently deliver target cargoes to the cytosol of human unactivated immune and hematopoietic stem cells with the CellPore\u2122 Transfection Kit 300. Designed for use with the&nbsp;<a href=\"https:\/\/www.stemcell.com\/products\/cellpore-transfection-system.html\">CellPore\u2122 Transfection System<\/a>\u2014a benchtop instrument for transfection and intracellular delivery through mechanoporation\u2014the <a href=\"https:\/\/www.stemcell.com\/cellpore-transfection-kit-300.html\">CellPore\u2122 Transfection Kit 300<\/a> contains all the essential tools for conducting transfection reactions.<\/p>\n","protected":false},"excerpt":{"rendered":"<p>Efficiently deliver target cargoes to the cytosol of human unactivated immune and hematopoietic stem cells with the CellPore\u2122 Transfection Kit 300. Designed for use with the&nbsp;CellPore\u2122 Transfection System\u2014a benchtop instrument for transfection and intracellular delivery through mechanoporation\u2014the CellPore\u2122 Transfection Kit 300 contains all the essential tools for conducting transfection reactions.<\/p>\n","protected":false},"featured_media":10133,"comment_status":"closed","ping_status":"closed","template":"","meta":{"_acf_changed":false},"product_brand":[127],"product_cat":[113],"product_tag":[],"class_list":{"0":"post-4026","1":"product","2":"type-product","3":"status-publish","4":"has-post-thumbnail","6":"product_brand-stemcell-technologies","7":"product_cat-immunology","9":"first","10":"outofstock","11":"shipping-taxable","12":"product-type-simple"},"acf":[],"yoast_head":"<!-- This site is optimized with the Yoast SEO plugin v26.8 - https:\/\/yoast.com\/product\/yoast-seo-wordpress\/ -->\n<title>CellPore\u2122 Transfection Kit 300<\/title>\n<meta name=\"description\" content=\"Efficiently deliver target cargoes to the cytosol of human unactivated immune and hematopoietic stem cells with the CellPore\u2122 Transfection Kit 300. Designed for use with the&nbsp;CellPore\u2122 Transfection System\u2014a benchtop instrument for transfection and intracellular delivery through mechanoporation\u2014the CellPore\u2122 Transfection Kit 300 contains all the essential tools for conducting transfection reactions.\" \/>\n<meta name=\"robots\" content=\"index, follow, max-snippet:-1, max-image-preview:large, max-video-preview:-1\" \/>\n<link rel=\"canonical\" href=\"http:\/\/Efficiently%20deliver%20target%20cargoes%20to%20the%20cytosol%20of%20human%20unactivated%20immune%20and%20hematopoietic%20stem%20cells%20with%20the%20CellPore\u2122%20Transfection%20Kit%20300.%20Designed%20for%20use%20with%20the&nbsp;CellPore\u2122%20Transfection%20System\u2014a%20benchtop%20instrument%20for%20transfection%20and%20intracellular%20delivery%20through%20mechanoporation\u2014the%20CellPore\u2122%20Transfection%20Kit%20300%20contains%20all%20the%20essential%20tools%20for%20conducting%20transfection%20reactions.\" \/>\n<meta property=\"og:locale\" content=\"en_US\" \/>\n<meta property=\"og:type\" content=\"article\" \/>\n<meta property=\"og:title\" content=\"CellPore\u2122 Transfection Kit 300\" \/>\n<meta property=\"og:description\" content=\"Efficiently deliver target cargoes to the cytosol of human unactivated immune and hematopoietic stem cells with the CellPore\u2122 Transfection Kit 300. Designed for use with the&nbsp;CellPore\u2122 Transfection System\u2014a benchtop instrument for transfection and intracellular delivery through mechanoporation\u2014the CellPore\u2122 Transfection Kit 300 contains all the essential tools for conducting transfection reactions.\" \/>\n<meta property=\"og:url\" content=\"https:\/\/biogroupvietnam.com\/en\/product\/cellpore-transfection-kit-300\/\" \/>\n<meta property=\"og:site_name\" content=\"Biogroup Vietnam\" \/>\n<meta property=\"article:modified_time\" content=\"2026-04-02T03:51:19+00:00\" \/>\n<meta property=\"og:image\" content=\"https:\/\/biogroupvietnam.com\/wp-content\/uploads\/2025\/08\/bo-kit-chuyen-gen-cellpore-transfection-kit-300.jpg\" \/>\n\t<meta property=\"og:image:width\" content=\"1640\" \/>\n\t<meta property=\"og:image:height\" content=\"1260\" \/>\n\t<meta property=\"og:image:type\" content=\"image\/jpeg\" \/>\n<meta name=\"twitter:card\" content=\"summary_large_image\" \/>\n<meta name=\"twitter:label1\" content=\"Est. reading time\" \/>\n\t<meta name=\"twitter:data1\" content=\"6 minutes\" \/>\n<script type=\"application\/ld+json\" class=\"yoast-schema-graph\">{\"@context\":\"https:\/\/schema.org\",\"@graph\":[{\"@type\":\"WebPage\",\"@id\":\"https:\/\/biogroupvietnam.com\/en\/product\/cellpore-transfection-kit-300\/\",\"url\":\"https:\/\/biogroupvietnam.com\/en\/product\/cellpore-transfection-kit-300\/\",\"name\":\"B\u1ed9 Kit Chuy\u1ec3n Gen CellPore\u2122 Transfection Kit 300\",\"isPartOf\":{\"@id\":\"https:\/\/biogroupvietnam.com\/vi\/#website\"},\"primaryImageOfPage\":{\"@id\":\"https:\/\/biogroupvietnam.com\/en\/product\/cellpore-transfection-kit-300\/#primaryimage\"},\"image\":{\"@id\":\"https:\/\/biogroupvietnam.com\/en\/product\/cellpore-transfection-kit-300\/#primaryimage\"},\"thumbnailUrl\":\"https:\/\/biogroupvietnam.com\/wp-content\/uploads\/2025\/08\/bo-kit-chuyen-gen-cellpore-transfection-kit-300.jpg\",\"datePublished\":\"2025-08-18T12:55:41+00:00\",\"dateModified\":\"2026-04-02T03:51:19+00:00\",\"description\":\"Chuy\u1ec3n n\u1ea1p hi\u1ec7u qu\u1ea3 c\u00e1c v\u1eadt li\u1ec7u m\u1ee5c ti\u00eau v\u00e0o b\u00e0o t\u01b0\u01a1ng c\u1ee7a t\u1ebf b\u00e0o mi\u1ec5n d\u1ecbch ch\u01b0a k\u00edch ho\u1ea1t v\u00e0 t\u1ebf b\u00e0o g\u1ed1c t\u1ea1o m\u00e1u ng\u01b0\u1eddi b\u1eb1ng B\u1ed9 kit chuy\u1ec3n gen CellPore\u2122 Transfection Kit 300.\",\"breadcrumb\":{\"@id\":\"https:\/\/biogroupvietnam.com\/en\/product\/cellpore-transfection-kit-300\/#breadcrumb\"},\"inLanguage\":\"en-US\",\"potentialAction\":[{\"@type\":\"ReadAction\",\"target\":[\"https:\/\/biogroupvietnam.com\/en\/product\/cellpore-transfection-kit-300\/\"]}]},{\"@type\":\"ImageObject\",\"inLanguage\":\"en-US\",\"@id\":\"https:\/\/biogroupvietnam.com\/en\/product\/cellpore-transfection-kit-300\/#primaryimage\",\"url\":\"https:\/\/biogroupvietnam.com\/wp-content\/uploads\/2025\/08\/bo-kit-chuyen-gen-cellpore-transfection-kit-300.jpg\",\"contentUrl\":\"https:\/\/biogroupvietnam.com\/wp-content\/uploads\/2025\/08\/bo-kit-chuyen-gen-cellpore-transfection-kit-300.jpg\",\"width\":1640,\"height\":1260,\"caption\":\"B\u1ed9 Kit Chuy\u1ec3n Gen CellPore\u2122 Transfection Kit 300\"},{\"@type\":\"BreadcrumbList\",\"@id\":\"https:\/\/biogroupvietnam.com\/en\/product\/cellpore-transfection-kit-300\/#breadcrumb\",\"itemListElement\":[{\"@type\":\"ListItem\",\"position\":1,\"name\":\"Biogroup Vietnam | End-to-End Biotechnology Solutions\",\"item\":\"https:\/\/biogroupvietnam.com\/vi\/\"},{\"@type\":\"ListItem\",\"position\":2,\"name\":\"Product\",\"item\":\"https:\/\/biogroupvietnam.com\/vi\/san-pham\/\"},{\"@type\":\"ListItem\",\"position\":3,\"name\":\"Biological R&D\",\"item\":\"https:\/\/biogroupvietnam.com\/vi\/danh-muc-san-pham\/rd-sinh-hoc\/\"},{\"@type\":\"ListItem\",\"position\":4,\"name\":\"Immunology\",\"item\":\"https:\/\/biogroupvietnam.com\/vi\/danh-muc-san-pham\/mien-dich-hoc\/\"},{\"@type\":\"ListItem\",\"position\":5,\"name\":\"CellPore\u2122 Transfection Kit 300\"}]},{\"@type\":\"WebSite\",\"@id\":\"https:\/\/biogroupvietnam.com\/en\/vi\/#website\",\"url\":\"https:\/\/biogroupvietnam.com\/en\/vi\/\",\"name\":\"Biogroup Vietnam\",\"description\":\"Biogroup Vietnam cung c\u1ea5p d\u1ecbch v\u1ee5 k\u1ef9 thu\u1eadt c\u00f9ng thi\u1ebft b\u1ecb, v\u1eadt t\u01b0, h\u00f3a ch\u1ea5t v\u00e0 gi\u1ea3i ph\u00e1p sinh h\u1ecdc cho ph\u00f2ng th\u00ed nghi\u1ec7m c\u00f4ng ngh\u1ec7 sinh h\u1ecdc, y sinh v\u00e0 y h\u1ecdc t\u00e1i t\u1ea1o.\",\"potentialAction\":[{\"@type\":\"SearchAction\",\"target\":{\"@type\":\"EntryPoint\",\"urlTemplate\":\"https:\/\/biogroupvietnam.com\/en\/vi\/?s={search_term_string}\"},\"query-input\":{\"@type\":\"PropertyValueSpecification\",\"valueRequired\":true,\"valueName\":\"search_term_string\"}}],\"inLanguage\":\"en-US\"}]}<\/script>\n<!-- \/ Yoast SEO plugin. -->","yoast_head_json":{"title":"CellPore\u2122 Transfection Kit 300","description":"Efficiently deliver target cargoes to the cytosol of human unactivated immune and hematopoietic stem cells with the CellPore\u2122 Transfection Kit 300. Designed for use with the&nbsp;CellPore\u2122 Transfection System\u2014a benchtop instrument for transfection and intracellular delivery through mechanoporation\u2014the CellPore\u2122 Transfection Kit 300 contains all the essential tools for conducting transfection reactions.","robots":{"index":"index","follow":"follow","max-snippet":"max-snippet:-1","max-image-preview":"max-image-preview:large","max-video-preview":"max-video-preview:-1"},"canonical":"Efficiently deliver target cargoes to the cytosol of human unactivated immune and hematopoietic stem cells with the CellPore\u2122 Transfection Kit 300. Designed for use with the&nbsp;CellPore\u2122 Transfection System\u2014a benchtop instrument for transfection and intracellular delivery through mechanoporation\u2014the CellPore\u2122 Transfection Kit 300 contains all the essential tools for conducting transfection reactions.","og_locale":"en_US","og_type":"article","og_title":"CellPore\u2122 Transfection Kit 300","og_description":"Efficiently deliver target cargoes to the cytosol of human unactivated immune and hematopoietic stem cells with the CellPore\u2122 Transfection Kit 300. Designed for use with the&nbsp;CellPore\u2122 Transfection System\u2014a benchtop instrument for transfection and intracellular delivery through mechanoporation\u2014the CellPore\u2122 Transfection Kit 300 contains all the essential tools for conducting transfection reactions.","og_url":"https:\/\/biogroupvietnam.com\/en\/product\/cellpore-transfection-kit-300\/","og_site_name":"Biogroup Vietnam","article_modified_time":"2026-04-02T03:51:19+00:00","og_image":[{"width":1640,"height":1260,"url":"https:\/\/biogroupvietnam.com\/wp-content\/uploads\/2025\/08\/bo-kit-chuyen-gen-cellpore-transfection-kit-300.jpg","type":"image\/jpeg"}],"twitter_card":"summary_large_image","twitter_misc":{"Est. reading time":"6 minutes"},"schema":{"@context":"https:\/\/schema.org","@graph":[{"@type":"WebPage","@id":"https:\/\/biogroupvietnam.com\/en\/product\/cellpore-transfection-kit-300\/","url":"https:\/\/biogroupvietnam.com\/en\/product\/cellpore-transfection-kit-300\/","name":"B\u1ed9 Kit Chuy\u1ec3n Gen CellPore\u2122 Transfection Kit 300","isPartOf":{"@id":"https:\/\/biogroupvietnam.com\/vi\/#website"},"primaryImageOfPage":{"@id":"https:\/\/biogroupvietnam.com\/en\/product\/cellpore-transfection-kit-300\/#primaryimage"},"image":{"@id":"https:\/\/biogroupvietnam.com\/en\/product\/cellpore-transfection-kit-300\/#primaryimage"},"thumbnailUrl":"https:\/\/biogroupvietnam.com\/wp-content\/uploads\/2025\/08\/bo-kit-chuyen-gen-cellpore-transfection-kit-300.jpg","datePublished":"2025-08-18T12:55:41+00:00","dateModified":"2026-04-02T03:51:19+00:00","description":"Chuy\u1ec3n n\u1ea1p hi\u1ec7u qu\u1ea3 c\u00e1c v\u1eadt li\u1ec7u m\u1ee5c ti\u00eau v\u00e0o b\u00e0o t\u01b0\u01a1ng c\u1ee7a t\u1ebf b\u00e0o mi\u1ec5n d\u1ecbch ch\u01b0a k\u00edch ho\u1ea1t v\u00e0 t\u1ebf b\u00e0o g\u1ed1c t\u1ea1o m\u00e1u ng\u01b0\u1eddi b\u1eb1ng B\u1ed9 kit chuy\u1ec3n gen CellPore\u2122 Transfection Kit 300.","breadcrumb":{"@id":"https:\/\/biogroupvietnam.com\/en\/product\/cellpore-transfection-kit-300\/#breadcrumb"},"inLanguage":"en-US","potentialAction":[{"@type":"ReadAction","target":["https:\/\/biogroupvietnam.com\/en\/product\/cellpore-transfection-kit-300\/"]}]},{"@type":"ImageObject","inLanguage":"en-US","@id":"https:\/\/biogroupvietnam.com\/en\/product\/cellpore-transfection-kit-300\/#primaryimage","url":"https:\/\/biogroupvietnam.com\/wp-content\/uploads\/2025\/08\/bo-kit-chuyen-gen-cellpore-transfection-kit-300.jpg","contentUrl":"https:\/\/biogroupvietnam.com\/wp-content\/uploads\/2025\/08\/bo-kit-chuyen-gen-cellpore-transfection-kit-300.jpg","width":1640,"height":1260,"caption":"B\u1ed9 Kit Chuy\u1ec3n Gen CellPore\u2122 Transfection Kit 300"},{"@type":"BreadcrumbList","@id":"https:\/\/biogroupvietnam.com\/en\/product\/cellpore-transfection-kit-300\/#breadcrumb","itemListElement":[{"@type":"ListItem","position":1,"name":"Biogroup Vietnam | End-to-End Biotechnology Solutions","item":"https:\/\/biogroupvietnam.com\/vi\/"},{"@type":"ListItem","position":2,"name":"Product","item":"https:\/\/biogroupvietnam.com\/vi\/san-pham\/"},{"@type":"ListItem","position":3,"name":"Biological R&D","item":"https:\/\/biogroupvietnam.com\/vi\/danh-muc-san-pham\/rd-sinh-hoc\/"},{"@type":"ListItem","position":4,"name":"Immunology","item":"https:\/\/biogroupvietnam.com\/vi\/danh-muc-san-pham\/mien-dich-hoc\/"},{"@type":"ListItem","position":5,"name":"CellPore\u2122 Transfection Kit 300"}]},{"@type":"WebSite","@id":"https:\/\/biogroupvietnam.com\/en\/vi\/#website","url":"https:\/\/biogroupvietnam.com\/en\/vi\/","name":"Biogroup Vietnam","description":"Biogroup Vietnam cung c\u1ea5p d\u1ecbch v\u1ee5 k\u1ef9 thu\u1eadt c\u00f9ng thi\u1ebft b\u1ecb, v\u1eadt t\u01b0, h\u00f3a ch\u1ea5t v\u00e0 gi\u1ea3i ph\u00e1p sinh h\u1ecdc cho ph\u00f2ng th\u00ed nghi\u1ec7m c\u00f4ng ngh\u1ec7 sinh h\u1ecdc, y sinh v\u00e0 y h\u1ecdc t\u00e1i t\u1ea1o.","potentialAction":[{"@type":"SearchAction","target":{"@type":"EntryPoint","urlTemplate":"https:\/\/biogroupvietnam.com\/en\/vi\/?s={search_term_string}"},"query-input":{"@type":"PropertyValueSpecification","valueRequired":true,"valueName":"search_term_string"}}],"inLanguage":"en-US"}]}},"_links":{"self":[{"href":"https:\/\/biogroupvietnam.com\/en\/wp-json\/wp\/v2\/product\/4026","targetHints":{"allow":["GET"]}}],"collection":[{"href":"https:\/\/biogroupvietnam.com\/en\/wp-json\/wp\/v2\/product"}],"about":[{"href":"https:\/\/biogroupvietnam.com\/en\/wp-json\/wp\/v2\/types\/product"}],"replies":[{"embeddable":true,"href":"https:\/\/biogroupvietnam.com\/en\/wp-json\/wp\/v2\/comments?post=4026"}],"version-history":[{"count":4,"href":"https:\/\/biogroupvietnam.com\/en\/wp-json\/wp\/v2\/product\/4026\/revisions"}],"predecessor-version":[{"id":10135,"href":"https:\/\/biogroupvietnam.com\/en\/wp-json\/wp\/v2\/product\/4026\/revisions\/10135"}],"wp:featuredmedia":[{"embeddable":true,"href":"https:\/\/biogroupvietnam.com\/en\/wp-json\/wp\/v2\/media\/10133"}],"wp:attachment":[{"href":"https:\/\/biogroupvietnam.com\/en\/wp-json\/wp\/v2\/media?parent=4026"}],"wp:term":[{"taxonomy":"product_brand","embeddable":true,"href":"https:\/\/biogroupvietnam.com\/en\/wp-json\/wp\/v2\/product_brand?post=4026"},{"taxonomy":"product_cat","embeddable":true,"href":"https:\/\/biogroupvietnam.com\/en\/wp-json\/wp\/v2\/product_cat?post=4026"},{"taxonomy":"product_tag","embeddable":true,"href":"https:\/\/biogroupvietnam.com\/en\/wp-json\/wp\/v2\/product_tag?post=4026"}],"curies":[{"name":"wp","href":"https:\/\/api.w.org\/{rel}","templated":true}]}}