{"id":4028,"date":"2025-08-18T19:55:42","date_gmt":"2025-08-18T12:55:42","guid":{"rendered":"http:\/\/biogroupvietnam-worldpress.local\/product\/import-placeholder-for-236\/"},"modified":"2025-09-29T15:09:12","modified_gmt":"2025-09-29T08:09:12","slug":"may-ly-tam-de-ban-hettich-rotofix-32a","status":"publish","type":"product","link":"https:\/\/biogroupvietnam.com\/en\/product\/benchtop-centrifuges-hettich-rotofix-32-a\/","title":{"rendered":"Benchtop Centrifuges Hettich ROTOFIX 32 A"},"content":{"rendered":"<h2>Rugged and indispensable<\/h2>\n<p>For decades, the <a href=\"https:\/\/www.hettichlab.com\/products\/centrifuges\/benchtop-centrifuges\/rotofix-32-a\/\" target=\"_blank\" rel=\"noopener noreferrer\">ROTOFIX 32 A<\/a> has set the standard in daily lab routine thanks to its versatility and solid construction. The benchtop centrifuge spins sample volumes up to 6 x 94 ml, 40 blood collection tubes with a simple user interface. Hettich\u2019s cytology rotors are compatible with most existing funnel\/slide systems and have bio-containment lids.<\/p>\n","protected":false},"excerpt":{"rendered":"<p>Rugged and indispensable For decades, the ROTOFIX 32 A has set the standard in daily lab routine thanks to its versatility and solid construction. The benchtop centrifuge spins sample volumes up to 6 x 94 ml, 40 blood collection tubes with a simple user interface. Hettich\u2019s cytology rotors are compatible with most existing funnel\/slide systems<\/p>\n<div class=\"klb-readmore post-buttons\"><a class=\"button rounded primary\" href=\"https:\/\/biogroupvietnam.com\/en\/product\/benchtop-centrifuges-hettich-rotofix-32-a\/\">Read More <i class=\"klbth-icon-right-arrow\"><\/i><\/a><\/div>\n","protected":false},"featured_media":5571,"comment_status":"closed","ping_status":"closed","template":"","meta":{"_acf_changed":false},"product_brand":[130],"product_cat":[122],"product_tag":[],"class_list":{"0":"post-4028","1":"product","2":"type-product","3":"status-publish","4":"has-post-thumbnail","6":"product_brand-andreas-hettich","7":"product_cat-centrifuges","9":"first","10":"outofstock","11":"shipping-taxable","12":"product-type-simple"},"acf":[],"yoast_head":"<!-- This site is optimized with the Yoast SEO plugin v26.8 - https:\/\/yoast.com\/product\/yoast-seo-wordpress\/ -->\n<title>Benchtop Centrifuges Hettich ROTOFIX 32 A<\/title>\n<meta name=\"description\" content=\"Rugged and indispensable For decades, the ROTOFIX 32 A has set the standard in daily lab routine thanks to its versatility and solid construction. The benchtop centrifuge spins sample volumes up to 6 x 94 ml, 40 blood collection tubes with a simple user interface. Hettich\u2019s cytology rotors are compatible with most existing funnel\/slide systems&hellip;\" \/>\n<meta name=\"robots\" content=\"index, follow, max-snippet:-1, max-image-preview:large, max-video-preview:-1\" \/>\n<link rel=\"canonical\" href=\"http:\/\/Rugged%20and%20indispensable%20For%20decades,%20the%20ROTOFIX%2032%20A%20has%20set%20the%20standard%20in%20daily%20lab%20routine%20thanks%20to%20its%20versatility%20and%20solid%20construction.%20The%20benchtop%20centrifuge%20spins%20sample%20volumes%20up%20to%206%20x%2094%20ml,%2040%20blood%20collection%20tubes%20with%20a%20simple%20user%20interface.%20Hettich\u2019s%20cytology%20rotors%20are%20compatible%20with%20most%20existing%20funnel\/slide%20systems&hellip;\" \/>\n<meta property=\"og:locale\" content=\"en_US\" \/>\n<meta property=\"og:type\" content=\"article\" \/>\n<meta property=\"og:title\" content=\"Benchtop Centrifuges Hettich ROTOFIX 32 A\" \/>\n<meta property=\"og:description\" content=\"Rugged and indispensable For decades, the ROTOFIX 32 A has set the standard in daily lab routine thanks to its versatility and solid construction. The benchtop centrifuge spins sample volumes up to 6 x 94 ml, 40 blood collection tubes with a simple user interface. Hettich\u2019s cytology rotors are compatible with most existing funnel\/slide systems&hellip;\" \/>\n<meta property=\"og:url\" content=\"https:\/\/biogroupvietnam.com\/en\/product\/benchtop-centrifuges-hettich-rotofix-32-a\/\" \/>\n<meta property=\"og:site_name\" content=\"Biogroup Vietnam\" \/>\n<meta property=\"article:modified_time\" content=\"2025-09-29T08:09:12+00:00\" \/>\n<meta property=\"og:image\" content=\"https:\/\/biogroupvietnam.com\/wp-content\/uploads\/2025\/08\/rotofix2032a202.jpg\" \/>\n\t<meta property=\"og:image:width\" content=\"1600\" \/>\n\t<meta property=\"og:image:height\" content=\"1229\" \/>\n\t<meta property=\"og:image:type\" content=\"image\/jpeg\" \/>\n<meta name=\"twitter:card\" content=\"summary_large_image\" \/>\n<meta name=\"twitter:label1\" content=\"Est. reading time\" \/>\n\t<meta name=\"twitter:data1\" content=\"1 minute\" \/>\n<script type=\"application\/ld+json\" class=\"yoast-schema-graph\">{\"@context\":\"https:\/\/schema.org\",\"@graph\":[{\"@type\":\"WebPage\",\"@id\":\"https:\/\/biogroupvietnam.com\/en\/product\/benchtop-centrifuges-hettich-rotofix-32-a\/\",\"url\":\"https:\/\/biogroupvietnam.com\/en\/product\/benchtop-centrifuges-hettich-rotofix-32-a\/\",\"name\":\"M\u00e1y Ly T\u00e2m \u0110\u1ec3 B\u00e0n Hettich ROTOFIX 32A\",\"isPartOf\":{\"@id\":\"https:\/\/biogroupvietnam.com\/vi\/#website\"},\"primaryImageOfPage\":{\"@id\":\"https:\/\/biogroupvietnam.com\/en\/product\/benchtop-centrifuges-hettich-rotofix-32-a\/#primaryimage\"},\"image\":{\"@id\":\"https:\/\/biogroupvietnam.com\/en\/product\/benchtop-centrifuges-hettich-rotofix-32-a\/#primaryimage\"},\"thumbnailUrl\":\"https:\/\/biogroupvietnam.com\/wp-content\/uploads\/2025\/08\/rotofix2032a202.jpg\",\"datePublished\":\"2025-08-18T12:55:42+00:00\",\"dateModified\":\"2025-09-29T08:09:12+00:00\",\"description\":\"ROTOFIX 32 A l\u00e0 m\u00e1y ly t\u00e2m ch\u1eafc ch\u1eafn, linh ho\u1ea1t d\u00e0nh cho c\u00e1c c\u00f4ng vi\u1ec7c th\u00f4ng th\u01b0\u1eddng trong b\u1ec7nh vi\u1ec7n ho\u1eb7c ph\u00f2ng th\u00ed nghi\u1ec7m nh\u1ecf.\",\"breadcrumb\":{\"@id\":\"https:\/\/biogroupvietnam.com\/en\/product\/benchtop-centrifuges-hettich-rotofix-32-a\/#breadcrumb\"},\"inLanguage\":\"en-US\",\"potentialAction\":[{\"@type\":\"ReadAction\",\"target\":[\"https:\/\/biogroupvietnam.com\/en\/product\/benchtop-centrifuges-hettich-rotofix-32-a\/\"]}]},{\"@type\":\"ImageObject\",\"inLanguage\":\"en-US\",\"@id\":\"https:\/\/biogroupvietnam.com\/en\/product\/benchtop-centrifuges-hettich-rotofix-32-a\/#primaryimage\",\"url\":\"https:\/\/biogroupvietnam.com\/wp-content\/uploads\/2025\/08\/rotofix2032a202.jpg\",\"contentUrl\":\"https:\/\/biogroupvietnam.com\/wp-content\/uploads\/2025\/08\/rotofix2032a202.jpg\",\"width\":1600,\"height\":1229,\"caption\":\"\u00a0\"},{\"@type\":\"BreadcrumbList\",\"@id\":\"https:\/\/biogroupvietnam.com\/en\/product\/benchtop-centrifuges-hettich-rotofix-32-a\/#breadcrumb\",\"itemListElement\":[{\"@type\":\"ListItem\",\"position\":1,\"name\":\"Biogroup Vietnam | End-to-End Biotechnology Solutions\",\"item\":\"https:\/\/biogroupvietnam.com\/vi\/\"},{\"@type\":\"ListItem\",\"position\":2,\"name\":\"Product\",\"item\":\"https:\/\/biogroupvietnam.com\/vi\/san-pham\/\"},{\"@type\":\"ListItem\",\"position\":3,\"name\":\"Biological R&D\",\"item\":\"https:\/\/biogroupvietnam.com\/vi\/danh-muc-san-pham\/rd-sinh-hoc\/\"},{\"@type\":\"ListItem\",\"position\":4,\"name\":\"Centrifuges\",\"item\":\"https:\/\/biogroupvietnam.com\/vi\/danh-muc-san-pham\/may-ly-tam\/\"},{\"@type\":\"ListItem\",\"position\":5,\"name\":\"Benchtop Centrifuges Hettich ROTOFIX 32 A\"}]},{\"@type\":\"WebSite\",\"@id\":\"https:\/\/biogroupvietnam.com\/en\/vi\/#website\",\"url\":\"https:\/\/biogroupvietnam.com\/en\/vi\/\",\"name\":\"Biogroup Vietnam\",\"description\":\"Biogroup Vietnam cung c\u1ea5p d\u1ecbch v\u1ee5 k\u1ef9 thu\u1eadt c\u00f9ng thi\u1ebft b\u1ecb, v\u1eadt t\u01b0, h\u00f3a ch\u1ea5t v\u00e0 gi\u1ea3i ph\u00e1p sinh h\u1ecdc cho ph\u00f2ng th\u00ed nghi\u1ec7m c\u00f4ng ngh\u1ec7 sinh h\u1ecdc, y sinh v\u00e0 y h\u1ecdc t\u00e1i t\u1ea1o.\",\"potentialAction\":[{\"@type\":\"SearchAction\",\"target\":{\"@type\":\"EntryPoint\",\"urlTemplate\":\"https:\/\/biogroupvietnam.com\/en\/vi\/?s={search_term_string}\"},\"query-input\":{\"@type\":\"PropertyValueSpecification\",\"valueRequired\":true,\"valueName\":\"search_term_string\"}}],\"inLanguage\":\"en-US\"}]}<\/script>\n<!-- \/ Yoast SEO plugin. -->","yoast_head_json":{"title":"Benchtop Centrifuges Hettich ROTOFIX 32 A","description":"Rugged and indispensable For decades, the ROTOFIX 32 A has set the standard in daily lab routine thanks to its versatility and solid construction. The benchtop centrifuge spins sample volumes up to 6 x 94 ml, 40 blood collection tubes with a simple user interface. Hettich\u2019s cytology rotors are compatible with most existing funnel\/slide systems&hellip;","robots":{"index":"index","follow":"follow","max-snippet":"max-snippet:-1","max-image-preview":"max-image-preview:large","max-video-preview":"max-video-preview:-1"},"canonical":"Rugged and indispensable For decades, the ROTOFIX 32 A has set the standard in daily lab routine thanks to its versatility and solid construction. The benchtop centrifuge spins sample volumes up to 6 x 94 ml, 40 blood collection tubes with a simple user interface. Hettich\u2019s cytology rotors are compatible with most existing funnel\/slide systems&hellip;","og_locale":"en_US","og_type":"article","og_title":"Benchtop Centrifuges Hettich ROTOFIX 32 A","og_description":"Rugged and indispensable For decades, the ROTOFIX 32 A has set the standard in daily lab routine thanks to its versatility and solid construction. The benchtop centrifuge spins sample volumes up to 6 x 94 ml, 40 blood collection tubes with a simple user interface. Hettich\u2019s cytology rotors are compatible with most existing funnel\/slide systems&hellip;","og_url":"https:\/\/biogroupvietnam.com\/en\/product\/benchtop-centrifuges-hettich-rotofix-32-a\/","og_site_name":"Biogroup Vietnam","article_modified_time":"2025-09-29T08:09:12+00:00","og_image":[{"width":1600,"height":1229,"url":"https:\/\/biogroupvietnam.com\/wp-content\/uploads\/2025\/08\/rotofix2032a202.jpg","type":"image\/jpeg"}],"twitter_card":"summary_large_image","twitter_misc":{"Est. reading time":"1 minute"},"schema":{"@context":"https:\/\/schema.org","@graph":[{"@type":"WebPage","@id":"https:\/\/biogroupvietnam.com\/en\/product\/benchtop-centrifuges-hettich-rotofix-32-a\/","url":"https:\/\/biogroupvietnam.com\/en\/product\/benchtop-centrifuges-hettich-rotofix-32-a\/","name":"M\u00e1y Ly T\u00e2m \u0110\u1ec3 B\u00e0n Hettich ROTOFIX 32A","isPartOf":{"@id":"https:\/\/biogroupvietnam.com\/vi\/#website"},"primaryImageOfPage":{"@id":"https:\/\/biogroupvietnam.com\/en\/product\/benchtop-centrifuges-hettich-rotofix-32-a\/#primaryimage"},"image":{"@id":"https:\/\/biogroupvietnam.com\/en\/product\/benchtop-centrifuges-hettich-rotofix-32-a\/#primaryimage"},"thumbnailUrl":"https:\/\/biogroupvietnam.com\/wp-content\/uploads\/2025\/08\/rotofix2032a202.jpg","datePublished":"2025-08-18T12:55:42+00:00","dateModified":"2025-09-29T08:09:12+00:00","description":"ROTOFIX 32 A l\u00e0 m\u00e1y ly t\u00e2m ch\u1eafc ch\u1eafn, linh ho\u1ea1t d\u00e0nh cho c\u00e1c c\u00f4ng vi\u1ec7c th\u00f4ng th\u01b0\u1eddng trong b\u1ec7nh vi\u1ec7n ho\u1eb7c ph\u00f2ng th\u00ed nghi\u1ec7m nh\u1ecf.","breadcrumb":{"@id":"https:\/\/biogroupvietnam.com\/en\/product\/benchtop-centrifuges-hettich-rotofix-32-a\/#breadcrumb"},"inLanguage":"en-US","potentialAction":[{"@type":"ReadAction","target":["https:\/\/biogroupvietnam.com\/en\/product\/benchtop-centrifuges-hettich-rotofix-32-a\/"]}]},{"@type":"ImageObject","inLanguage":"en-US","@id":"https:\/\/biogroupvietnam.com\/en\/product\/benchtop-centrifuges-hettich-rotofix-32-a\/#primaryimage","url":"https:\/\/biogroupvietnam.com\/wp-content\/uploads\/2025\/08\/rotofix2032a202.jpg","contentUrl":"https:\/\/biogroupvietnam.com\/wp-content\/uploads\/2025\/08\/rotofix2032a202.jpg","width":1600,"height":1229,"caption":"\u00a0"},{"@type":"BreadcrumbList","@id":"https:\/\/biogroupvietnam.com\/en\/product\/benchtop-centrifuges-hettich-rotofix-32-a\/#breadcrumb","itemListElement":[{"@type":"ListItem","position":1,"name":"Biogroup Vietnam | End-to-End Biotechnology Solutions","item":"https:\/\/biogroupvietnam.com\/vi\/"},{"@type":"ListItem","position":2,"name":"Product","item":"https:\/\/biogroupvietnam.com\/vi\/san-pham\/"},{"@type":"ListItem","position":3,"name":"Biological R&D","item":"https:\/\/biogroupvietnam.com\/vi\/danh-muc-san-pham\/rd-sinh-hoc\/"},{"@type":"ListItem","position":4,"name":"Centrifuges","item":"https:\/\/biogroupvietnam.com\/vi\/danh-muc-san-pham\/may-ly-tam\/"},{"@type":"ListItem","position":5,"name":"Benchtop Centrifuges Hettich ROTOFIX 32 A"}]},{"@type":"WebSite","@id":"https:\/\/biogroupvietnam.com\/en\/vi\/#website","url":"https:\/\/biogroupvietnam.com\/en\/vi\/","name":"Biogroup Vietnam","description":"Biogroup Vietnam cung c\u1ea5p d\u1ecbch v\u1ee5 k\u1ef9 thu\u1eadt c\u00f9ng thi\u1ebft b\u1ecb, v\u1eadt t\u01b0, h\u00f3a ch\u1ea5t v\u00e0 gi\u1ea3i ph\u00e1p sinh h\u1ecdc cho ph\u00f2ng th\u00ed nghi\u1ec7m c\u00f4ng ngh\u1ec7 sinh h\u1ecdc, y sinh v\u00e0 y h\u1ecdc t\u00e1i t\u1ea1o.","potentialAction":[{"@type":"SearchAction","target":{"@type":"EntryPoint","urlTemplate":"https:\/\/biogroupvietnam.com\/en\/vi\/?s={search_term_string}"},"query-input":{"@type":"PropertyValueSpecification","valueRequired":true,"valueName":"search_term_string"}}],"inLanguage":"en-US"}]}},"_links":{"self":[{"href":"https:\/\/biogroupvietnam.com\/en\/wp-json\/wp\/v2\/product\/4028","targetHints":{"allow":["GET"]}}],"collection":[{"href":"https:\/\/biogroupvietnam.com\/en\/wp-json\/wp\/v2\/product"}],"about":[{"href":"https:\/\/biogroupvietnam.com\/en\/wp-json\/wp\/v2\/types\/product"}],"replies":[{"embeddable":true,"href":"https:\/\/biogroupvietnam.com\/en\/wp-json\/wp\/v2\/comments?post=4028"}],"version-history":[{"count":3,"href":"https:\/\/biogroupvietnam.com\/en\/wp-json\/wp\/v2\/product\/4028\/revisions"}],"predecessor-version":[{"id":8326,"href":"https:\/\/biogroupvietnam.com\/en\/wp-json\/wp\/v2\/product\/4028\/revisions\/8326"}],"wp:featuredmedia":[{"embeddable":true,"href":"https:\/\/biogroupvietnam.com\/en\/wp-json\/wp\/v2\/media\/5571"}],"wp:attachment":[{"href":"https:\/\/biogroupvietnam.com\/en\/wp-json\/wp\/v2\/media?parent=4028"}],"wp:term":[{"taxonomy":"product_brand","embeddable":true,"href":"https:\/\/biogroupvietnam.com\/en\/wp-json\/wp\/v2\/product_brand?post=4028"},{"taxonomy":"product_cat","embeddable":true,"href":"https:\/\/biogroupvietnam.com\/en\/wp-json\/wp\/v2\/product_cat?post=4028"},{"taxonomy":"product_tag","embeddable":true,"href":"https:\/\/biogroupvietnam.com\/en\/wp-json\/wp\/v2\/product_tag?post=4028"}],"curies":[{"name":"wp","href":"https:\/\/api.w.org\/{rel}","templated":true}]}}