{"id":4030,"date":"2025-08-18T19:55:43","date_gmt":"2025-08-18T12:55:43","guid":{"rendered":"http:\/\/biogroupvietnam-worldpress.local\/product\/import-placeholder-for-238\/"},"modified":"2025-11-17T09:58:30","modified_gmt":"2025-11-17T02:58:30","slug":"nuaire-labgard-es-nu-543e-class-ii-a2","status":"publish","type":"product","link":"https:\/\/biogroupvietnam.com\/en\/product\/class-ii-type-a2-biosafety-cabinet-nu-540-400e\/","title":{"rendered":"Class II Type A2 Biosafety Cabinet - LabGard\u00ae ES NU-543E"},"content":{"rendered":"<p>LabGard\u00ae ES NU-543E is an energy-saving Class II, Type A2 biosafety cabinet for cell culture and microbiology QC. Its high-efficiency DC ECM blower with FlowGard\u2122 control and IntelliFlow\u2122 sensors displays real-time airflow and alarms when out of range. H14 HEPA\/ULPA filtration (99.995% @ MPPS) delivers triple protection for personnel, product, and environment; the work zone meets ISO Class 5. Choose four widths from 0.9\u20131.8 m with a 254-mm sash opening and optional thimble canopy exhaust. Certified to NSF\/ANSI 49 and EN 12469 for reliable compliance.<\/p>\n","protected":false},"excerpt":{"rendered":"<p>LabGard\u00ae ES NU-543E l\u00e0 t\u1ee7 an to\u00e0n sinh h\u1ecdc Class II, Type A2 ti\u1ebft ki\u1ec7m n\u0103ng l\u01b0\u1ee3ng cho nu\u00f4i c\u1ea5y t\u1ebf b\u00e0o v\u00e0 QC vi sinh. T\u1ee7 d\u00f9ng qu\u1ea1t DC ECM, \u0111i\u1ec1u khi\u1ec3n FlowGard\u2122 v\u1edbi c\u1ea3m bi\u1ebfn IntelliFlow\u2122 hi\u1ec3n th\u1ecb v\u1eadn t\u1ed1c gi\u00f3 th\u1eddi gian th\u1ef1c, c\u1ea3nh b\u00e1o l\u1ec7ch chu\u1ea9n. H\u1ec7 l\u1ecdc H14 99,995% @ MPPS b\u1ea3o v\u1ec7 \u0111\u1ed3ng th\u1eddi ng\u01b0\u1eddi \u2013 s\u1ea3n ph\u1ea9m \u2013 m\u00f4i tr\u01b0\u1eddng; v\u00f9ng thao t\u00e1c \u0111\u1ea1t ISO Class 5. C\u00f3 4 k\u00edch th\u01b0\u1edbc 0,9\u20131,8 m, c\u1eeda thao t\u00e1c 254 mm, t\u00f9y ch\u1ecdn canopy x\u1ea3, \u0111\u1ea1t NSF\/ANSI 49 &amp; EN 12469.<\/p>\n","protected":false},"featured_media":8983,"comment_status":"closed","ping_status":"closed","template":"","meta":{"_acf_changed":false},"product_brand":[133],"product_cat":[121],"product_tag":[],"class_list":{"0":"post-4030","1":"product","2":"type-product","3":"status-publish","4":"has-post-thumbnail","6":"product_brand-nuaire","7":"product_cat-tu-an-toan-sinh-hoc","9":"first","10":"outofstock","11":"shipping-taxable","12":"product-type-simple"},"acf":[],"yoast_head":"<!-- This site is optimized with the Yoast SEO plugin v26.8 - https:\/\/yoast.com\/product\/yoast-seo-wordpress\/ -->\n<title>Class II Type A2 Biosafety Cabinet - LabGard\u00ae ES NU-543E<\/title>\n<meta name=\"description\" content=\"LabGard\u00ae ES NU-543E is an energy-saving Class II, Type A2 biosafety cabinet for cell culture and microbiology QC. Its high-efficiency DC ECM blower with FlowGard\u2122 control and IntelliFlow\u2122 sensors displays real-time airflow and alarms when out of range. H14 HEPA\/ULPA filtration (99.995% @ MPPS) delivers triple protection for personnel, product, and environment; the work zone&hellip;\" \/>\n<meta name=\"robots\" content=\"index, follow, max-snippet:-1, max-image-preview:large, max-video-preview:-1\" \/>\n<link rel=\"canonical\" href=\"http:\/\/LabGard\u00ae%20ES%20NU-543E%20is%20an%20energy-saving%20Class%20II,%20Type%20A2%20biosafety%20cabinet%20for%20cell%20culture%20and%20microbiology%20QC.%20Its%20high-efficiency%20DC%20ECM%20blower%20with%20FlowGard\u2122%20control%20and%20IntelliFlow\u2122%20sensors%20displays%20real-time%20airflow%20and%20alarms%20when%20out%20of%20range.%20H14%20HEPA\/ULPA%20filtration%20(99.995%%20@%20MPPS)%20delivers%20triple%20protection%20for%20personnel,%20product,%20and%20environment;%20the%20work%20zone&hellip;\" \/>\n<meta property=\"og:locale\" content=\"en_US\" \/>\n<meta property=\"og:type\" content=\"article\" \/>\n<meta property=\"og:title\" content=\"Class II Type A2 Biosafety Cabinet - LabGard\u00ae ES NU-543E\" \/>\n<meta property=\"og:description\" content=\"LabGard\u00ae ES NU-543E is an energy-saving Class II, Type A2 biosafety cabinet for cell culture and microbiology QC. Its high-efficiency DC ECM blower with FlowGard\u2122 control and IntelliFlow\u2122 sensors displays real-time airflow and alarms when out of range. H14 HEPA\/ULPA filtration (99.995% @ MPPS) delivers triple protection for personnel, product, and environment; the work zone&hellip;\" \/>\n<meta property=\"og:url\" content=\"https:\/\/biogroupvietnam.com\/en\/product\/class-ii-type-a2-biosafety-cabinet-nu-540-400e\/\" \/>\n<meta property=\"og:site_name\" content=\"Biogroup Vietnam\" \/>\n<meta property=\"article:modified_time\" content=\"2025-11-17T02:58:30+00:00\" \/>\n<meta property=\"og:image\" content=\"https:\/\/biogroupvietnam.com\/wp-content\/uploads\/2025\/08\/LabGard-NU-543-1.jpg\" \/>\n\t<meta property=\"og:image:width\" content=\"1640\" \/>\n\t<meta property=\"og:image:height\" content=\"1260\" \/>\n\t<meta property=\"og:image:type\" content=\"image\/jpeg\" \/>\n<meta name=\"twitter:card\" content=\"summary_large_image\" \/>\n<meta name=\"twitter:label1\" content=\"Est. reading time\" \/>\n\t<meta name=\"twitter:data1\" content=\"6 minutes\" \/>\n<script type=\"application\/ld+json\" class=\"yoast-schema-graph\">{\"@context\":\"https:\/\/schema.org\",\"@graph\":[{\"@type\":\"WebPage\",\"@id\":\"https:\/\/biogroupvietnam.com\/en\/product\/class-ii-type-a2-biosafety-cabinet-nu-540-400e\/\",\"url\":\"https:\/\/biogroupvietnam.com\/en\/product\/class-ii-type-a2-biosafety-cabinet-nu-540-400e\/\",\"name\":\"T\u1ee7 an to\u00e0n sinh h\u1ecdc NuAire LabGard\u00ae ES NU-543E (Class II A2) \u2013 Biogroup Vietnam\",\"isPartOf\":{\"@id\":\"https:\/\/biogroupvietnam.com\/vi\/#website\"},\"primaryImageOfPage\":{\"@id\":\"https:\/\/biogroupvietnam.com\/en\/product\/class-ii-type-a2-biosafety-cabinet-nu-540-400e\/#primaryimage\"},\"image\":{\"@id\":\"https:\/\/biogroupvietnam.com\/en\/product\/class-ii-type-a2-biosafety-cabinet-nu-540-400e\/#primaryimage\"},\"thumbnailUrl\":\"https:\/\/biogroupvietnam.com\/wp-content\/uploads\/2025\/08\/LabGard-NU-543-1.jpg\",\"datePublished\":\"2025-08-18T12:55:43+00:00\",\"dateModified\":\"2025-11-17T02:58:30+00:00\",\"description\":\"T\u1ee7 NU-543E Class II A2, l\u1ecdc H14 99,995% (MPPS), FlowGard\u2122, DC ECM ti\u1ebft ki\u1ec7m \u0111i\u1ec7n, 4 k\u00edch th\u01b0\u1edbc 0,9\u20131,8 m; ph\u00f9 h\u1ee3p nu\u00f4i c\u1ea5y t\u1ebf b\u00e0o & QC.\",\"breadcrumb\":{\"@id\":\"https:\/\/biogroupvietnam.com\/en\/product\/class-ii-type-a2-biosafety-cabinet-nu-540-400e\/#breadcrumb\"},\"inLanguage\":\"en-US\",\"potentialAction\":[{\"@type\":\"ReadAction\",\"target\":[\"https:\/\/biogroupvietnam.com\/en\/product\/class-ii-type-a2-biosafety-cabinet-nu-540-400e\/\"]}]},{\"@type\":\"ImageObject\",\"inLanguage\":\"en-US\",\"@id\":\"https:\/\/biogroupvietnam.com\/en\/product\/class-ii-type-a2-biosafety-cabinet-nu-540-400e\/#primaryimage\",\"url\":\"https:\/\/biogroupvietnam.com\/wp-content\/uploads\/2025\/08\/LabGard-NU-543-1.jpg\",\"contentUrl\":\"https:\/\/biogroupvietnam.com\/wp-content\/uploads\/2025\/08\/LabGard-NU-543-1.jpg\",\"width\":1640,\"height\":1260},{\"@type\":\"BreadcrumbList\",\"@id\":\"https:\/\/biogroupvietnam.com\/en\/product\/class-ii-type-a2-biosafety-cabinet-nu-540-400e\/#breadcrumb\",\"itemListElement\":[{\"@type\":\"ListItem\",\"position\":1,\"name\":\"Biogroup Vietnam | End-to-End Biotechnology Solutions\",\"item\":\"https:\/\/biogroupvietnam.com\/vi\/\"},{\"@type\":\"ListItem\",\"position\":2,\"name\":\"Product\",\"item\":\"https:\/\/biogroupvietnam.com\/vi\/san-pham\/\"},{\"@type\":\"ListItem\",\"position\":3,\"name\":\"Biological R&D\",\"item\":\"https:\/\/biogroupvietnam.com\/vi\/danh-muc-san-pham\/rd-sinh-hoc\/\"},{\"@type\":\"ListItem\",\"position\":4,\"name\":\"Biological Safety Cabinet\",\"item\":\"https:\/\/biogroupvietnam.com\/vi\/danh-muc-san-pham\/tu-an-toan-sinh-hoc\/\"},{\"@type\":\"ListItem\",\"position\":5,\"name\":\"Class II Type A2 Biosafety Cabinet - LabGard\u00ae ES NU-543E\"}]},{\"@type\":\"WebSite\",\"@id\":\"https:\/\/biogroupvietnam.com\/en\/vi\/#website\",\"url\":\"https:\/\/biogroupvietnam.com\/en\/vi\/\",\"name\":\"Biogroup Vietnam\",\"description\":\"Biogroup Vietnam cung c\u1ea5p d\u1ecbch v\u1ee5 k\u1ef9 thu\u1eadt c\u00f9ng thi\u1ebft b\u1ecb, v\u1eadt t\u01b0, h\u00f3a ch\u1ea5t v\u00e0 gi\u1ea3i ph\u00e1p sinh h\u1ecdc cho ph\u00f2ng th\u00ed nghi\u1ec7m c\u00f4ng ngh\u1ec7 sinh h\u1ecdc, y sinh v\u00e0 y h\u1ecdc t\u00e1i t\u1ea1o.\",\"potentialAction\":[{\"@type\":\"SearchAction\",\"target\":{\"@type\":\"EntryPoint\",\"urlTemplate\":\"https:\/\/biogroupvietnam.com\/en\/vi\/?s={search_term_string}\"},\"query-input\":{\"@type\":\"PropertyValueSpecification\",\"valueRequired\":true,\"valueName\":\"search_term_string\"}}],\"inLanguage\":\"en-US\"}]}<\/script>\n<!-- \/ Yoast SEO plugin. -->","yoast_head_json":{"title":"Class II Type A2 Biosafety Cabinet - LabGard\u00ae ES NU-543E","description":"LabGard\u00ae ES NU-543E is an energy-saving Class II, Type A2 biosafety cabinet for cell culture and microbiology QC. Its high-efficiency DC ECM blower with FlowGard\u2122 control and IntelliFlow\u2122 sensors displays real-time airflow and alarms when out of range. H14 HEPA\/ULPA filtration (99.995% @ MPPS) delivers triple protection for personnel, product, and environment; the work zone&hellip;","robots":{"index":"index","follow":"follow","max-snippet":"max-snippet:-1","max-image-preview":"max-image-preview:large","max-video-preview":"max-video-preview:-1"},"canonical":"LabGard\u00ae ES NU-543E is an energy-saving Class II, Type A2 biosafety cabinet for cell culture and microbiology QC. Its high-efficiency DC ECM blower with FlowGard\u2122 control and IntelliFlow\u2122 sensors displays real-time airflow and alarms when out of range. H14 HEPA\/ULPA filtration (99.995% @ MPPS) delivers triple protection for personnel, product, and environment; the work zone&hellip;","og_locale":"en_US","og_type":"article","og_title":"Class II Type A2 Biosafety Cabinet - LabGard\u00ae ES NU-543E","og_description":"LabGard\u00ae ES NU-543E is an energy-saving Class II, Type A2 biosafety cabinet for cell culture and microbiology QC. Its high-efficiency DC ECM blower with FlowGard\u2122 control and IntelliFlow\u2122 sensors displays real-time airflow and alarms when out of range. H14 HEPA\/ULPA filtration (99.995% @ MPPS) delivers triple protection for personnel, product, and environment; the work zone&hellip;","og_url":"https:\/\/biogroupvietnam.com\/en\/product\/class-ii-type-a2-biosafety-cabinet-nu-540-400e\/","og_site_name":"Biogroup Vietnam","article_modified_time":"2025-11-17T02:58:30+00:00","og_image":[{"width":1640,"height":1260,"url":"https:\/\/biogroupvietnam.com\/wp-content\/uploads\/2025\/08\/LabGard-NU-543-1.jpg","type":"image\/jpeg"}],"twitter_card":"summary_large_image","twitter_misc":{"Est. reading time":"6 minutes"},"schema":{"@context":"https:\/\/schema.org","@graph":[{"@type":"WebPage","@id":"https:\/\/biogroupvietnam.com\/en\/product\/class-ii-type-a2-biosafety-cabinet-nu-540-400e\/","url":"https:\/\/biogroupvietnam.com\/en\/product\/class-ii-type-a2-biosafety-cabinet-nu-540-400e\/","name":"T\u1ee7 an to\u00e0n sinh h\u1ecdc NuAire LabGard\u00ae ES NU-543E (Class II A2) \u2013 Biogroup Vietnam","isPartOf":{"@id":"https:\/\/biogroupvietnam.com\/vi\/#website"},"primaryImageOfPage":{"@id":"https:\/\/biogroupvietnam.com\/en\/product\/class-ii-type-a2-biosafety-cabinet-nu-540-400e\/#primaryimage"},"image":{"@id":"https:\/\/biogroupvietnam.com\/en\/product\/class-ii-type-a2-biosafety-cabinet-nu-540-400e\/#primaryimage"},"thumbnailUrl":"https:\/\/biogroupvietnam.com\/wp-content\/uploads\/2025\/08\/LabGard-NU-543-1.jpg","datePublished":"2025-08-18T12:55:43+00:00","dateModified":"2025-11-17T02:58:30+00:00","description":"T\u1ee7 NU-543E Class II A2, l\u1ecdc H14 99,995% (MPPS), FlowGard\u2122, DC ECM ti\u1ebft ki\u1ec7m \u0111i\u1ec7n, 4 k\u00edch th\u01b0\u1edbc 0,9\u20131,8 m; ph\u00f9 h\u1ee3p nu\u00f4i c\u1ea5y t\u1ebf b\u00e0o & QC.","breadcrumb":{"@id":"https:\/\/biogroupvietnam.com\/en\/product\/class-ii-type-a2-biosafety-cabinet-nu-540-400e\/#breadcrumb"},"inLanguage":"en-US","potentialAction":[{"@type":"ReadAction","target":["https:\/\/biogroupvietnam.com\/en\/product\/class-ii-type-a2-biosafety-cabinet-nu-540-400e\/"]}]},{"@type":"ImageObject","inLanguage":"en-US","@id":"https:\/\/biogroupvietnam.com\/en\/product\/class-ii-type-a2-biosafety-cabinet-nu-540-400e\/#primaryimage","url":"https:\/\/biogroupvietnam.com\/wp-content\/uploads\/2025\/08\/LabGard-NU-543-1.jpg","contentUrl":"https:\/\/biogroupvietnam.com\/wp-content\/uploads\/2025\/08\/LabGard-NU-543-1.jpg","width":1640,"height":1260},{"@type":"BreadcrumbList","@id":"https:\/\/biogroupvietnam.com\/en\/product\/class-ii-type-a2-biosafety-cabinet-nu-540-400e\/#breadcrumb","itemListElement":[{"@type":"ListItem","position":1,"name":"Biogroup Vietnam | End-to-End Biotechnology Solutions","item":"https:\/\/biogroupvietnam.com\/vi\/"},{"@type":"ListItem","position":2,"name":"Product","item":"https:\/\/biogroupvietnam.com\/vi\/san-pham\/"},{"@type":"ListItem","position":3,"name":"Biological R&D","item":"https:\/\/biogroupvietnam.com\/vi\/danh-muc-san-pham\/rd-sinh-hoc\/"},{"@type":"ListItem","position":4,"name":"Biological Safety Cabinet","item":"https:\/\/biogroupvietnam.com\/vi\/danh-muc-san-pham\/tu-an-toan-sinh-hoc\/"},{"@type":"ListItem","position":5,"name":"Class II Type A2 Biosafety Cabinet - LabGard\u00ae ES NU-543E"}]},{"@type":"WebSite","@id":"https:\/\/biogroupvietnam.com\/en\/vi\/#website","url":"https:\/\/biogroupvietnam.com\/en\/vi\/","name":"Biogroup Vietnam","description":"Biogroup Vietnam cung c\u1ea5p d\u1ecbch v\u1ee5 k\u1ef9 thu\u1eadt c\u00f9ng thi\u1ebft b\u1ecb, v\u1eadt t\u01b0, h\u00f3a ch\u1ea5t v\u00e0 gi\u1ea3i ph\u00e1p sinh h\u1ecdc cho ph\u00f2ng th\u00ed nghi\u1ec7m c\u00f4ng ngh\u1ec7 sinh h\u1ecdc, y sinh v\u00e0 y h\u1ecdc t\u00e1i t\u1ea1o.","potentialAction":[{"@type":"SearchAction","target":{"@type":"EntryPoint","urlTemplate":"https:\/\/biogroupvietnam.com\/en\/vi\/?s={search_term_string}"},"query-input":{"@type":"PropertyValueSpecification","valueRequired":true,"valueName":"search_term_string"}}],"inLanguage":"en-US"}]}},"_links":{"self":[{"href":"https:\/\/biogroupvietnam.com\/en\/wp-json\/wp\/v2\/product\/4030","targetHints":{"allow":["GET"]}}],"collection":[{"href":"https:\/\/biogroupvietnam.com\/en\/wp-json\/wp\/v2\/product"}],"about":[{"href":"https:\/\/biogroupvietnam.com\/en\/wp-json\/wp\/v2\/types\/product"}],"replies":[{"embeddable":true,"href":"https:\/\/biogroupvietnam.com\/en\/wp-json\/wp\/v2\/comments?post=4030"}],"version-history":[{"count":6,"href":"https:\/\/biogroupvietnam.com\/en\/wp-json\/wp\/v2\/product\/4030\/revisions"}],"predecessor-version":[{"id":8986,"href":"https:\/\/biogroupvietnam.com\/en\/wp-json\/wp\/v2\/product\/4030\/revisions\/8986"}],"wp:featuredmedia":[{"embeddable":true,"href":"https:\/\/biogroupvietnam.com\/en\/wp-json\/wp\/v2\/media\/8983"}],"wp:attachment":[{"href":"https:\/\/biogroupvietnam.com\/en\/wp-json\/wp\/v2\/media?parent=4030"}],"wp:term":[{"taxonomy":"product_brand","embeddable":true,"href":"https:\/\/biogroupvietnam.com\/en\/wp-json\/wp\/v2\/product_brand?post=4030"},{"taxonomy":"product_cat","embeddable":true,"href":"https:\/\/biogroupvietnam.com\/en\/wp-json\/wp\/v2\/product_cat?post=4030"},{"taxonomy":"product_tag","embeddable":true,"href":"https:\/\/biogroupvietnam.com\/en\/wp-json\/wp\/v2\/product_tag?post=4030"}],"curies":[{"name":"wp","href":"https:\/\/api.w.org\/{rel}","templated":true}]}}