{"id":4031,"date":"2025-08-18T19:55:43","date_gmt":"2025-08-18T12:55:43","guid":{"rendered":"http:\/\/biogroupvietnam-worldpress.local\/product\/import-placeholder-for-239\/"},"modified":"2025-11-17T09:58:24","modified_gmt":"2025-11-17T02:58:24","slug":"labgard-es-nu-545e","status":"publish","type":"product","link":"https:\/\/biogroupvietnam.com\/en\/product\/class-ii-type-a2-biosafety-cabinet-nu-545-400e\/","title":{"rendered":"Class II Type A2 Biosafety Cabinet - LabGard\u00ae ES NU-545E"},"content":{"rendered":"<p>LabGard\u00ae ES NU-545E is a Class II, Type A2 Biological Safety Cabinet for R&amp;D, QC, and GMP-aligned labs. It delivers a stable air barrier (inflow 0.53 m\/s; downflow ~0.30 m\/s) with 70% recirculated and 30% exhausted air through 99.99% HEPA, protecting personnel, product, and environment. The TouchLink touchscreen with dual intelliflow sensors enables real-time airflow monitoring, alarms, and performance history. A high-efficiency ECM motor cuts energy use; the HEPEX zero-leak plenum and low noise improve safety and comfort. Options include canopy exhaust, UV, motorized sash; widths 3\/4\/5\/6 ft.<\/p>\n","protected":false},"excerpt":{"rendered":"<p>LabGard\u00ae ES NU-545E l\u00e0 t\u1ee7 an to\u00e0n sinh h\u1ecdc Class II, Type A2 d\u00e0nh cho R&amp;D, QC v\u00e0 ph\u00f2ng lab theo chu\u1ea9n GMP. T\u1ee7 t\u1ea1o h\u00e0ng r\u00e0o kh\u00ed \u1ed5n \u0111\u1ecbnh (inflow 0,53 m\/s; downflow ~0,30 m\/s), 70% tu\u1ea7n ho\u00e0n \u2013 30% x\u1ea3 qua HEPA 99,99% \u0111\u1ec3 b\u1ea3o v\u1ec7 ng\u01b0\u1eddi d\u00f9ng, m\u1eabu v\u00e0 m\u00f4i tr\u01b0\u1eddng. M\u00e0n h\u00ecnh c\u1ea3m \u1ee9ng TouchLink c\u00f9ng c\u1ea3m bi\u1ebfn lu\u1ed3ng kh\u00ed k\u00e9p intelliflow gi\u00e1m s\u00e1t th\u1eddi gian th\u1ef1c, c\u1ea3nh b\u00e1o v\u00e0 ghi l\u1ecbch s\u1eed. \u0110\u1ed9ng c\u01a1 ECM ti\u1ebft ki\u1ec7m n\u0103ng l\u01b0\u1ee3ng, HEPEX zero-leak, \u0111\u1ed9 \u1ed3n th\u1ea5p. T\u00f9y ch\u1ecdn canopy exhaust, UV, c\u1eeda motorized; k\u00edch th\u01b0\u1edbc 3\/4\/5\/6 ft.<\/p>\n","protected":false},"featured_media":8982,"comment_status":"closed","ping_status":"closed","template":"","meta":{"_acf_changed":false},"product_brand":[133],"product_cat":[121],"product_tag":[],"class_list":{"0":"post-4031","1":"product","2":"type-product","3":"status-publish","4":"has-post-thumbnail","6":"product_brand-nuaire","7":"product_cat-tu-an-toan-sinh-hoc","9":"first","10":"outofstock","11":"shipping-taxable","12":"product-type-simple"},"acf":[],"yoast_head":"<!-- This site is optimized with the Yoast SEO plugin v26.8 - https:\/\/yoast.com\/product\/yoast-seo-wordpress\/ -->\n<title>Class II Type A2 Biosafety Cabinet - LabGard\u00ae ES NU-545E<\/title>\n<meta name=\"description\" content=\"LabGard\u00ae ES NU-545E is a Class II, Type A2 Biological Safety Cabinet for R&amp;D, QC, and GMP-aligned labs. It delivers a stable air barrier (inflow 0.53 m\/s; downflow ~0.30 m\/s) with 70% recirculated and 30% exhausted air through 99.99% HEPA, protecting personnel, product, and environment. The TouchLink touchscreen with dual intelliflow sensors enables real-time airflow&hellip;\" \/>\n<meta name=\"robots\" content=\"index, follow, max-snippet:-1, max-image-preview:large, max-video-preview:-1\" \/>\n<link rel=\"canonical\" href=\"http:\/\/LabGard\u00ae%20ES%20NU-545E%20is%20a%20Class%20II,%20Type%20A2%20Biological%20Safety%20Cabinet%20for%20R&amp;D,%20QC,%20and%20GMP-aligned%20labs.%20It%20delivers%20a%20stable%20air%20barrier%20(inflow%200.53%20m\/s;%20downflow%20~0.30%20m\/s)%20with%2070%%20recirculated%20and%2030%%20exhausted%20air%20through%2099.99%%20HEPA,%20protecting%20personnel,%20product,%20and%20environment.%20The%20TouchLink%20touchscreen%20with%20dual%20intelliflow%20sensors%20enables%20real-time%20airflow&hellip;\" \/>\n<meta property=\"og:locale\" content=\"en_US\" \/>\n<meta property=\"og:type\" content=\"article\" \/>\n<meta property=\"og:title\" content=\"Class II Type A2 Biosafety Cabinet - LabGard\u00ae ES NU-545E\" \/>\n<meta property=\"og:description\" content=\"LabGard\u00ae ES NU-545E is a Class II, Type A2 Biological Safety Cabinet for R&amp;D, QC, and GMP-aligned labs. It delivers a stable air barrier (inflow 0.53 m\/s; downflow ~0.30 m\/s) with 70% recirculated and 30% exhausted air through 99.99% HEPA, protecting personnel, product, and environment. The TouchLink touchscreen with dual intelliflow sensors enables real-time airflow&hellip;\" \/>\n<meta property=\"og:url\" content=\"https:\/\/biogroupvietnam.com\/en\/product\/class-ii-type-a2-biosafety-cabinet-nu-545-400e\/\" \/>\n<meta property=\"og:site_name\" content=\"Biogroup Vietnam\" \/>\n<meta property=\"article:modified_time\" content=\"2025-11-17T02:58:24+00:00\" \/>\n<meta property=\"og:image\" content=\"https:\/\/biogroupvietnam.com\/wp-content\/uploads\/2025\/08\/LabGard-NU-545-1.jpg\" \/>\n\t<meta property=\"og:image:width\" content=\"1640\" \/>\n\t<meta property=\"og:image:height\" content=\"1260\" \/>\n\t<meta property=\"og:image:type\" content=\"image\/jpeg\" \/>\n<meta name=\"twitter:card\" content=\"summary_large_image\" \/>\n<meta name=\"twitter:label1\" content=\"Est. reading time\" \/>\n\t<meta name=\"twitter:data1\" content=\"5 minutes\" \/>\n<script type=\"application\/ld+json\" class=\"yoast-schema-graph\">{\"@context\":\"https:\/\/schema.org\",\"@graph\":[{\"@type\":\"WebPage\",\"@id\":\"https:\/\/biogroupvietnam.com\/en\/product\/class-ii-type-a2-biosafety-cabinet-nu-545-400e\/\",\"url\":\"https:\/\/biogroupvietnam.com\/en\/product\/class-ii-type-a2-biosafety-cabinet-nu-545-400e\/\",\"name\":\"T\u1ee7 an to\u00e0n sinh h\u1ecdc LabGard\u00ae ES NU-545E (Class II A2) | Biogroup Vietnam\",\"isPartOf\":{\"@id\":\"https:\/\/biogroupvietnam.com\/vi\/#website\"},\"primaryImageOfPage\":{\"@id\":\"https:\/\/biogroupvietnam.com\/en\/product\/class-ii-type-a2-biosafety-cabinet-nu-545-400e\/#primaryimage\"},\"image\":{\"@id\":\"https:\/\/biogroupvietnam.com\/en\/product\/class-ii-type-a2-biosafety-cabinet-nu-545-400e\/#primaryimage\"},\"thumbnailUrl\":\"https:\/\/biogroupvietnam.com\/wp-content\/uploads\/2025\/08\/LabGard-NU-545-1.jpg\",\"datePublished\":\"2025-08-18T12:55:43+00:00\",\"dateModified\":\"2025-11-17T02:58:24+00:00\",\"description\":\"LabGard\u00ae ES NU-545E cung c\u1ea5p b\u1ea3o v\u1ec7 ng\u01b0\u1eddi d\u00f9ng & s\u1ea3n ph\u1ea9m, c\u1ea3m bi\u1ebfn lu\u1ed3ng kh\u00ed k\u00e9p, m\u00e0n h\u00ecnh TouchLink, \u0111\u1ed9ng c\u01a1 ECM ti\u1ebft ki\u1ec7m n\u0103ng l\u01b0\u1ee3ng, \u0111\u1ea1t chu\u1ea9n EN 12469 & NSF\/ANSI 49. Ph\u00f9 h\u1ee3p lab R&D, QC, d\u01b0\u1ee3c & s\u1ea3n xu\u1ea5t t\u1ebf b\u00e0o.\",\"breadcrumb\":{\"@id\":\"https:\/\/biogroupvietnam.com\/en\/product\/class-ii-type-a2-biosafety-cabinet-nu-545-400e\/#breadcrumb\"},\"inLanguage\":\"en-US\",\"potentialAction\":[{\"@type\":\"ReadAction\",\"target\":[\"https:\/\/biogroupvietnam.com\/en\/product\/class-ii-type-a2-biosafety-cabinet-nu-545-400e\/\"]}]},{\"@type\":\"ImageObject\",\"inLanguage\":\"en-US\",\"@id\":\"https:\/\/biogroupvietnam.com\/en\/product\/class-ii-type-a2-biosafety-cabinet-nu-545-400e\/#primaryimage\",\"url\":\"https:\/\/biogroupvietnam.com\/wp-content\/uploads\/2025\/08\/LabGard-NU-545-1.jpg\",\"contentUrl\":\"https:\/\/biogroupvietnam.com\/wp-content\/uploads\/2025\/08\/LabGard-NU-545-1.jpg\",\"width\":1640,\"height\":1260},{\"@type\":\"BreadcrumbList\",\"@id\":\"https:\/\/biogroupvietnam.com\/en\/product\/class-ii-type-a2-biosafety-cabinet-nu-545-400e\/#breadcrumb\",\"itemListElement\":[{\"@type\":\"ListItem\",\"position\":1,\"name\":\"Biogroup Vietnam | End-to-End Biotechnology Solutions\",\"item\":\"https:\/\/biogroupvietnam.com\/vi\/\"},{\"@type\":\"ListItem\",\"position\":2,\"name\":\"Product\",\"item\":\"https:\/\/biogroupvietnam.com\/vi\/san-pham\/\"},{\"@type\":\"ListItem\",\"position\":3,\"name\":\"Biological R&D\",\"item\":\"https:\/\/biogroupvietnam.com\/vi\/danh-muc-san-pham\/rd-sinh-hoc\/\"},{\"@type\":\"ListItem\",\"position\":4,\"name\":\"Biological Safety Cabinet\",\"item\":\"https:\/\/biogroupvietnam.com\/vi\/danh-muc-san-pham\/tu-an-toan-sinh-hoc\/\"},{\"@type\":\"ListItem\",\"position\":5,\"name\":\"Class II Type A2 Biosafety Cabinet - LabGard\u00ae ES NU-545E\"}]},{\"@type\":\"WebSite\",\"@id\":\"https:\/\/biogroupvietnam.com\/en\/vi\/#website\",\"url\":\"https:\/\/biogroupvietnam.com\/en\/vi\/\",\"name\":\"Biogroup Vietnam\",\"description\":\"Biogroup Vietnam cung c\u1ea5p d\u1ecbch v\u1ee5 k\u1ef9 thu\u1eadt c\u00f9ng thi\u1ebft b\u1ecb, v\u1eadt t\u01b0, h\u00f3a ch\u1ea5t v\u00e0 gi\u1ea3i ph\u00e1p sinh h\u1ecdc cho ph\u00f2ng th\u00ed nghi\u1ec7m c\u00f4ng ngh\u1ec7 sinh h\u1ecdc, y sinh v\u00e0 y h\u1ecdc t\u00e1i t\u1ea1o.\",\"potentialAction\":[{\"@type\":\"SearchAction\",\"target\":{\"@type\":\"EntryPoint\",\"urlTemplate\":\"https:\/\/biogroupvietnam.com\/en\/vi\/?s={search_term_string}\"},\"query-input\":{\"@type\":\"PropertyValueSpecification\",\"valueRequired\":true,\"valueName\":\"search_term_string\"}}],\"inLanguage\":\"en-US\"}]}<\/script>\n<!-- \/ Yoast SEO plugin. -->","yoast_head_json":{"title":"Class II Type A2 Biosafety Cabinet - LabGard\u00ae ES NU-545E","description":"LabGard\u00ae ES NU-545E is a Class II, Type A2 Biological Safety Cabinet for R&amp;D, QC, and GMP-aligned labs. It delivers a stable air barrier (inflow 0.53 m\/s; downflow ~0.30 m\/s) with 70% recirculated and 30% exhausted air through 99.99% HEPA, protecting personnel, product, and environment. The TouchLink touchscreen with dual intelliflow sensors enables real-time airflow&hellip;","robots":{"index":"index","follow":"follow","max-snippet":"max-snippet:-1","max-image-preview":"max-image-preview:large","max-video-preview":"max-video-preview:-1"},"canonical":"LabGard\u00ae ES NU-545E is a Class II, Type A2 Biological Safety Cabinet for R&amp;D, QC, and GMP-aligned labs. It delivers a stable air barrier (inflow 0.53 m\/s; downflow ~0.30 m\/s) with 70% recirculated and 30% exhausted air through 99.99% HEPA, protecting personnel, product, and environment. The TouchLink touchscreen with dual intelliflow sensors enables real-time airflow&hellip;","og_locale":"en_US","og_type":"article","og_title":"Class II Type A2 Biosafety Cabinet - LabGard\u00ae ES NU-545E","og_description":"LabGard\u00ae ES NU-545E is a Class II, Type A2 Biological Safety Cabinet for R&amp;D, QC, and GMP-aligned labs. It delivers a stable air barrier (inflow 0.53 m\/s; downflow ~0.30 m\/s) with 70% recirculated and 30% exhausted air through 99.99% HEPA, protecting personnel, product, and environment. The TouchLink touchscreen with dual intelliflow sensors enables real-time airflow&hellip;","og_url":"https:\/\/biogroupvietnam.com\/en\/product\/class-ii-type-a2-biosafety-cabinet-nu-545-400e\/","og_site_name":"Biogroup Vietnam","article_modified_time":"2025-11-17T02:58:24+00:00","og_image":[{"width":1640,"height":1260,"url":"https:\/\/biogroupvietnam.com\/wp-content\/uploads\/2025\/08\/LabGard-NU-545-1.jpg","type":"image\/jpeg"}],"twitter_card":"summary_large_image","twitter_misc":{"Est. reading time":"5 minutes"},"schema":{"@context":"https:\/\/schema.org","@graph":[{"@type":"WebPage","@id":"https:\/\/biogroupvietnam.com\/en\/product\/class-ii-type-a2-biosafety-cabinet-nu-545-400e\/","url":"https:\/\/biogroupvietnam.com\/en\/product\/class-ii-type-a2-biosafety-cabinet-nu-545-400e\/","name":"T\u1ee7 an to\u00e0n sinh h\u1ecdc LabGard\u00ae ES NU-545E (Class II A2) | Biogroup Vietnam","isPartOf":{"@id":"https:\/\/biogroupvietnam.com\/vi\/#website"},"primaryImageOfPage":{"@id":"https:\/\/biogroupvietnam.com\/en\/product\/class-ii-type-a2-biosafety-cabinet-nu-545-400e\/#primaryimage"},"image":{"@id":"https:\/\/biogroupvietnam.com\/en\/product\/class-ii-type-a2-biosafety-cabinet-nu-545-400e\/#primaryimage"},"thumbnailUrl":"https:\/\/biogroupvietnam.com\/wp-content\/uploads\/2025\/08\/LabGard-NU-545-1.jpg","datePublished":"2025-08-18T12:55:43+00:00","dateModified":"2025-11-17T02:58:24+00:00","description":"LabGard\u00ae ES NU-545E cung c\u1ea5p b\u1ea3o v\u1ec7 ng\u01b0\u1eddi d\u00f9ng & s\u1ea3n ph\u1ea9m, c\u1ea3m bi\u1ebfn lu\u1ed3ng kh\u00ed k\u00e9p, m\u00e0n h\u00ecnh TouchLink, \u0111\u1ed9ng c\u01a1 ECM ti\u1ebft ki\u1ec7m n\u0103ng l\u01b0\u1ee3ng, \u0111\u1ea1t chu\u1ea9n EN 12469 & NSF\/ANSI 49. Ph\u00f9 h\u1ee3p lab R&D, QC, d\u01b0\u1ee3c & s\u1ea3n xu\u1ea5t t\u1ebf b\u00e0o.","breadcrumb":{"@id":"https:\/\/biogroupvietnam.com\/en\/product\/class-ii-type-a2-biosafety-cabinet-nu-545-400e\/#breadcrumb"},"inLanguage":"en-US","potentialAction":[{"@type":"ReadAction","target":["https:\/\/biogroupvietnam.com\/en\/product\/class-ii-type-a2-biosafety-cabinet-nu-545-400e\/"]}]},{"@type":"ImageObject","inLanguage":"en-US","@id":"https:\/\/biogroupvietnam.com\/en\/product\/class-ii-type-a2-biosafety-cabinet-nu-545-400e\/#primaryimage","url":"https:\/\/biogroupvietnam.com\/wp-content\/uploads\/2025\/08\/LabGard-NU-545-1.jpg","contentUrl":"https:\/\/biogroupvietnam.com\/wp-content\/uploads\/2025\/08\/LabGard-NU-545-1.jpg","width":1640,"height":1260},{"@type":"BreadcrumbList","@id":"https:\/\/biogroupvietnam.com\/en\/product\/class-ii-type-a2-biosafety-cabinet-nu-545-400e\/#breadcrumb","itemListElement":[{"@type":"ListItem","position":1,"name":"Biogroup Vietnam | End-to-End Biotechnology Solutions","item":"https:\/\/biogroupvietnam.com\/vi\/"},{"@type":"ListItem","position":2,"name":"Product","item":"https:\/\/biogroupvietnam.com\/vi\/san-pham\/"},{"@type":"ListItem","position":3,"name":"Biological R&D","item":"https:\/\/biogroupvietnam.com\/vi\/danh-muc-san-pham\/rd-sinh-hoc\/"},{"@type":"ListItem","position":4,"name":"Biological Safety Cabinet","item":"https:\/\/biogroupvietnam.com\/vi\/danh-muc-san-pham\/tu-an-toan-sinh-hoc\/"},{"@type":"ListItem","position":5,"name":"Class II Type A2 Biosafety Cabinet - LabGard\u00ae ES NU-545E"}]},{"@type":"WebSite","@id":"https:\/\/biogroupvietnam.com\/en\/vi\/#website","url":"https:\/\/biogroupvietnam.com\/en\/vi\/","name":"Biogroup Vietnam","description":"Biogroup Vietnam cung c\u1ea5p d\u1ecbch v\u1ee5 k\u1ef9 thu\u1eadt c\u00f9ng thi\u1ebft b\u1ecb, v\u1eadt t\u01b0, h\u00f3a ch\u1ea5t v\u00e0 gi\u1ea3i ph\u00e1p sinh h\u1ecdc cho ph\u00f2ng th\u00ed nghi\u1ec7m c\u00f4ng ngh\u1ec7 sinh h\u1ecdc, y sinh v\u00e0 y h\u1ecdc t\u00e1i t\u1ea1o.","potentialAction":[{"@type":"SearchAction","target":{"@type":"EntryPoint","urlTemplate":"https:\/\/biogroupvietnam.com\/en\/vi\/?s={search_term_string}"},"query-input":{"@type":"PropertyValueSpecification","valueRequired":true,"valueName":"search_term_string"}}],"inLanguage":"en-US"}]}},"_links":{"self":[{"href":"https:\/\/biogroupvietnam.com\/en\/wp-json\/wp\/v2\/product\/4031","targetHints":{"allow":["GET"]}}],"collection":[{"href":"https:\/\/biogroupvietnam.com\/en\/wp-json\/wp\/v2\/product"}],"about":[{"href":"https:\/\/biogroupvietnam.com\/en\/wp-json\/wp\/v2\/types\/product"}],"replies":[{"embeddable":true,"href":"https:\/\/biogroupvietnam.com\/en\/wp-json\/wp\/v2\/comments?post=4031"}],"version-history":[{"count":5,"href":"https:\/\/biogroupvietnam.com\/en\/wp-json\/wp\/v2\/product\/4031\/revisions"}],"predecessor-version":[{"id":8785,"href":"https:\/\/biogroupvietnam.com\/en\/wp-json\/wp\/v2\/product\/4031\/revisions\/8785"}],"wp:featuredmedia":[{"embeddable":true,"href":"https:\/\/biogroupvietnam.com\/en\/wp-json\/wp\/v2\/media\/8982"}],"wp:attachment":[{"href":"https:\/\/biogroupvietnam.com\/en\/wp-json\/wp\/v2\/media?parent=4031"}],"wp:term":[{"taxonomy":"product_brand","embeddable":true,"href":"https:\/\/biogroupvietnam.com\/en\/wp-json\/wp\/v2\/product_brand?post=4031"},{"taxonomy":"product_cat","embeddable":true,"href":"https:\/\/biogroupvietnam.com\/en\/wp-json\/wp\/v2\/product_cat?post=4031"},{"taxonomy":"product_tag","embeddable":true,"href":"https:\/\/biogroupvietnam.com\/en\/wp-json\/wp\/v2\/product_tag?post=4031"}],"curies":[{"name":"wp","href":"https:\/\/api.w.org\/{rel}","templated":true}]}}