{"id":4033,"date":"2025-08-18T19:55:44","date_gmt":"2025-08-18T12:55:44","guid":{"rendered":"http:\/\/biogroupvietnam-worldpress.local\/product\/import-placeholder-for-241\/"},"modified":"2026-04-02T10:38:09","modified_gmt":"2026-04-02T03:38:09","slug":"bo-kit-hepaticult-organoid-kit-human","status":"publish","type":"product","link":"https:\/\/biogroupvietnam.com\/en\/product\/hepaticult-organoid-kit-human\/","title":{"rendered":"HepatiCult\u2122 Organoid Kit (Human)"},"content":{"rendered":"<h2>Culture medium kit for initiation, growth, and differentiation of human liver organoids<\/h2>\n<p>Reliably generate, expand, and differentiate physiologically relevant human liver organoids. Compared to traditionally used model systems such as cell lines and animal models, human liver organoids provide a more relevant model system for studying hepatic development, regeneration, metabolism, and disease.<\/p>\n<p>HepatiCult\u2122 Organoid Kit (Human) contains all the necessary components to culture human liver organoids from fresh or cryopreserved human liver tissue:<\/p>\n<p>\u2022 <a href=\"https:\/\/www.stemcell.com\/products\/hepaticult-organoid-initiation-medium-human.html\">HepatiCult\u2122 Organoid Initiation Medium (Human)<\/a> for efficient generation of hepatic organoids across different donor lines<br \/>\n\u2022 <a href=\"https:\/\/www.stemcell.com\/products\/hepaticult-organoid-growth-medium-human.html\">HepatiCult\u2122 Organoid Growth Medium (Human)<\/a> for expansion and maintainence of hepatic organoids for future experimentation or bio-banking<br \/>\n\u2022 <a href=\"https:\/\/www.stemcell.com\/products\/hepaticult-organoid-differentiation-medium-human.html\">HepatiCult\u2122 Organoid Differentiation Medium (Human)<\/a> for generating mature organoids that demonstrate hepatic functionality, including CYP3A4 activity. These organoids can be adapted to a range of culture protocols, including 2D monolayer, suspension cultures, and high-throughput assays<\/p>\n<p>For more information on protocols for organoid culture with HepatiCult\u2122, please explore the <a href=\"https:\/\/www.stemcell.com\/products\/hepaticult-organoid-kit-human.html#section-protocols-and-documentation\">Technical Manual<\/a> and <a href=\"https:\/\/www.stemcell.com\/products\/hepaticult-organoid-kit-human.html#section-resources-and-publications\">Educational Materials<\/a>.<\/p>\n<p>Should you intend to use this product for commercial purposes, please contact HUB at <a href=\"https:\/\/www.huborganoids.nl\/\">www.huborganoids.nl<\/a> for a commercial use license or for clarifications in relation to HUB licensing.<\/p>\n","protected":false},"excerpt":{"rendered":"<p>Culture medium kit for initiation, growth, and differentiation of human liver organoids Reliably generate, expand, and differentiate physiologically relevant human liver organoids. Compared to traditionally used model systems such as cell lines and animal models, human liver organoids provide a more relevant model system for studying hepatic development, regeneration, metabolism, and disease. HepatiCult\u2122 Organoid Kit<\/p>\n<div class=\"klb-readmore post-buttons\"><a class=\"button rounded primary\" href=\"https:\/\/biogroupvietnam.com\/en\/product\/hepaticult-organoid-kit-human\/\">Read More <i class=\"klbth-icon-right-arrow\"><\/i><\/a><\/div>\n","protected":false},"featured_media":10131,"comment_status":"closed","ping_status":"closed","template":"","meta":{"_acf_changed":false},"product_brand":[127],"product_cat":[88],"product_tag":[],"class_list":{"0":"post-4033","1":"product","2":"type-product","3":"status-publish","4":"has-post-thumbnail","6":"product_brand-stemcell-technologies","7":"product_cat-organoids","9":"first","10":"outofstock","11":"shipping-taxable","12":"product-type-simple"},"acf":[],"yoast_head":"<!-- This site is optimized with the Yoast SEO plugin v26.8 - https:\/\/yoast.com\/product\/yoast-seo-wordpress\/ -->\n<title>HepatiCult\u2122 Organoid Kit (Human)<\/title>\n<meta name=\"description\" content=\"Culture medium kit for initiation, growth, and differentiation of human liver organoids Reliably generate, expand, and differentiate physiologically relevant human liver organoids. Compared to traditionally used model systems such as cell lines and animal models, human liver organoids provide a more relevant model system for studying hepatic development, regeneration, metabolism, and disease. HepatiCult\u2122 Organoid Kit&hellip;\" \/>\n<meta name=\"robots\" content=\"index, follow, max-snippet:-1, max-image-preview:large, max-video-preview:-1\" \/>\n<link rel=\"canonical\" href=\"http:\/\/Culture%20medium%20kit%20for%20initiation,%20growth,%20and%20differentiation%20of%20human%20liver%20organoids%20Reliably%20generate,%20expand,%20and%20differentiate%20physiologically%20relevant%20human%20liver%20organoids.%20Compared%20to%20traditionally%20used%20model%20systems%20such%20as%20cell%20lines%20and%20animal%20models,%20human%20liver%20organoids%20provide%20a%20more%20relevant%20model%20system%20for%20studying%20hepatic%20development,%20regeneration,%20metabolism,%20and%20disease.%20HepatiCult\u2122%20Organoid%20Kit&hellip;\" \/>\n<meta property=\"og:locale\" content=\"en_US\" \/>\n<meta property=\"og:type\" content=\"article\" \/>\n<meta property=\"og:title\" content=\"HepatiCult\u2122 Organoid Kit (Human)\" \/>\n<meta property=\"og:description\" content=\"Culture medium kit for initiation, growth, and differentiation of human liver organoids Reliably generate, expand, and differentiate physiologically relevant human liver organoids. Compared to traditionally used model systems such as cell lines and animal models, human liver organoids provide a more relevant model system for studying hepatic development, regeneration, metabolism, and disease. HepatiCult\u2122 Organoid Kit&hellip;\" \/>\n<meta property=\"og:url\" content=\"https:\/\/biogroupvietnam.com\/en\/product\/hepaticult-organoid-kit-human\/\" \/>\n<meta property=\"og:site_name\" content=\"Biogroup Vietnam\" \/>\n<meta property=\"article:modified_time\" content=\"2026-04-02T03:38:09+00:00\" \/>\n<meta property=\"og:image\" content=\"https:\/\/biogroupvietnam.com\/wp-content\/uploads\/2025\/08\/bo-kit-hepaticult-organoid-kit-human.png\" \/>\n\t<meta property=\"og:image:width\" content=\"1640\" \/>\n\t<meta property=\"og:image:height\" content=\"1260\" \/>\n\t<meta property=\"og:image:type\" content=\"image\/png\" \/>\n<meta name=\"twitter:card\" content=\"summary_large_image\" \/>\n<meta name=\"twitter:label1\" content=\"Est. reading time\" \/>\n\t<meta name=\"twitter:data1\" content=\"7 minutes\" \/>\n<script type=\"application\/ld+json\" class=\"yoast-schema-graph\">{\"@context\":\"https:\/\/schema.org\",\"@graph\":[{\"@type\":\"WebPage\",\"@id\":\"https:\/\/biogroupvietnam.com\/en\/product\/hepaticult-organoid-kit-human\/\",\"url\":\"https:\/\/biogroupvietnam.com\/en\/product\/hepaticult-organoid-kit-human\/\",\"name\":\"B\u1ed9 Kit HepatiCult\u2122 Organoid (Ng\u01b0\u1eddi)\",\"isPartOf\":{\"@id\":\"https:\/\/biogroupvietnam.com\/vi\/#website\"},\"primaryImageOfPage\":{\"@id\":\"https:\/\/biogroupvietnam.com\/en\/product\/hepaticult-organoid-kit-human\/#primaryimage\"},\"image\":{\"@id\":\"https:\/\/biogroupvietnam.com\/en\/product\/hepaticult-organoid-kit-human\/#primaryimage\"},\"thumbnailUrl\":\"https:\/\/biogroupvietnam.com\/wp-content\/uploads\/2025\/08\/bo-kit-hepaticult-organoid-kit-human.png\",\"datePublished\":\"2025-08-18T12:55:44+00:00\",\"dateModified\":\"2026-04-02T03:38:09+00:00\",\"description\":\"B\u1ed9 kit HepatiCult\u2122 Organoid (Ng\u01b0\u1eddi) (Catalog #100-0386) bao g\u1ed3m c\u00e1c th\u00e0nh ph\u1ea7n cho ba m\u00f4i tr\u01b0\u1eddng nu\u00f4i c\u1ea5y t\u1ebf b\u00e0o ho\u00e0n ch\u1ec9nh \u0111\u1ec3 h\u1ed7 tr\u1ee3 kh\u1edfi \u0111\u1ea7u m\u1ea1nh m\u1ebd, t\u0103ng sinh hi\u1ec7u qu\u1ea3 v\u00e0 l\u00e2u d\u00e0i, c\u0169ng nh\u01b0 s\u1ef1 bi\u1ec7t h\u00f3a c\u00e1c organoid gan ng\u01b0\u1eddi c\u00f3 ngu\u1ed3n g\u1ed1c t\u1eeb c\u00e1c \u1ed5 t\u1ebf b\u00e0o g\u1ed1c \u1ed1ng \u0111\u01b0\u1ee3c ph\u00e2n l\u1eadp t\u1eeb m\u00f4 gan ng\u01b0\u1eddi s\u01a1 c\u1ea5p.\",\"breadcrumb\":{\"@id\":\"https:\/\/biogroupvietnam.com\/en\/product\/hepaticult-organoid-kit-human\/#breadcrumb\"},\"inLanguage\":\"en-US\",\"potentialAction\":[{\"@type\":\"ReadAction\",\"target\":[\"https:\/\/biogroupvietnam.com\/en\/product\/hepaticult-organoid-kit-human\/\"]}]},{\"@type\":\"ImageObject\",\"inLanguage\":\"en-US\",\"@id\":\"https:\/\/biogroupvietnam.com\/en\/product\/hepaticult-organoid-kit-human\/#primaryimage\",\"url\":\"https:\/\/biogroupvietnam.com\/wp-content\/uploads\/2025\/08\/bo-kit-hepaticult-organoid-kit-human.png\",\"contentUrl\":\"https:\/\/biogroupvietnam.com\/wp-content\/uploads\/2025\/08\/bo-kit-hepaticult-organoid-kit-human.png\",\"width\":1640,\"height\":1260,\"caption\":\"B\u1ed9 kit HepatiCult\u2122 Organoid Kit (Human)\"},{\"@type\":\"BreadcrumbList\",\"@id\":\"https:\/\/biogroupvietnam.com\/en\/product\/hepaticult-organoid-kit-human\/#breadcrumb\",\"itemListElement\":[{\"@type\":\"ListItem\",\"position\":1,\"name\":\"Biogroup Vietnam | End-to-End Biotechnology Solutions\",\"item\":\"https:\/\/biogroupvietnam.com\/vi\/\"},{\"@type\":\"ListItem\",\"position\":2,\"name\":\"Product\",\"item\":\"https:\/\/biogroupvietnam.com\/vi\/san-pham\/\"},{\"@type\":\"ListItem\",\"position\":3,\"name\":\"Cell Culture\",\"item\":\"https:\/\/biogroupvietnam.com\/vi\/danh-muc-san-pham\/nuoi-cay-te-bao\/\"},{\"@type\":\"ListItem\",\"position\":4,\"name\":\"Organoids\",\"item\":\"https:\/\/biogroupvietnam.com\/vi\/danh-muc-san-pham\/organoids\/\"},{\"@type\":\"ListItem\",\"position\":5,\"name\":\"HepatiCult\u2122 Organoid Kit (Human)\"}]},{\"@type\":\"WebSite\",\"@id\":\"https:\/\/biogroupvietnam.com\/en\/vi\/#website\",\"url\":\"https:\/\/biogroupvietnam.com\/en\/vi\/\",\"name\":\"Biogroup Vietnam\",\"description\":\"Biogroup Vietnam cung c\u1ea5p d\u1ecbch v\u1ee5 k\u1ef9 thu\u1eadt c\u00f9ng thi\u1ebft b\u1ecb, v\u1eadt t\u01b0, h\u00f3a ch\u1ea5t v\u00e0 gi\u1ea3i ph\u00e1p sinh h\u1ecdc cho ph\u00f2ng th\u00ed nghi\u1ec7m c\u00f4ng ngh\u1ec7 sinh h\u1ecdc, y sinh v\u00e0 y h\u1ecdc t\u00e1i t\u1ea1o.\",\"potentialAction\":[{\"@type\":\"SearchAction\",\"target\":{\"@type\":\"EntryPoint\",\"urlTemplate\":\"https:\/\/biogroupvietnam.com\/en\/vi\/?s={search_term_string}\"},\"query-input\":{\"@type\":\"PropertyValueSpecification\",\"valueRequired\":true,\"valueName\":\"search_term_string\"}}],\"inLanguage\":\"en-US\"}]}<\/script>\n<!-- \/ Yoast SEO plugin. -->","yoast_head_json":{"title":"HepatiCult\u2122 Organoid Kit (Human)","description":"Culture medium kit for initiation, growth, and differentiation of human liver organoids Reliably generate, expand, and differentiate physiologically relevant human liver organoids. Compared to traditionally used model systems such as cell lines and animal models, human liver organoids provide a more relevant model system for studying hepatic development, regeneration, metabolism, and disease. HepatiCult\u2122 Organoid Kit&hellip;","robots":{"index":"index","follow":"follow","max-snippet":"max-snippet:-1","max-image-preview":"max-image-preview:large","max-video-preview":"max-video-preview:-1"},"canonical":"Culture medium kit for initiation, growth, and differentiation of human liver organoids Reliably generate, expand, and differentiate physiologically relevant human liver organoids. Compared to traditionally used model systems such as cell lines and animal models, human liver organoids provide a more relevant model system for studying hepatic development, regeneration, metabolism, and disease. HepatiCult\u2122 Organoid Kit&hellip;","og_locale":"en_US","og_type":"article","og_title":"HepatiCult\u2122 Organoid Kit (Human)","og_description":"Culture medium kit for initiation, growth, and differentiation of human liver organoids Reliably generate, expand, and differentiate physiologically relevant human liver organoids. Compared to traditionally used model systems such as cell lines and animal models, human liver organoids provide a more relevant model system for studying hepatic development, regeneration, metabolism, and disease. HepatiCult\u2122 Organoid Kit&hellip;","og_url":"https:\/\/biogroupvietnam.com\/en\/product\/hepaticult-organoid-kit-human\/","og_site_name":"Biogroup Vietnam","article_modified_time":"2026-04-02T03:38:09+00:00","og_image":[{"width":1640,"height":1260,"url":"https:\/\/biogroupvietnam.com\/wp-content\/uploads\/2025\/08\/bo-kit-hepaticult-organoid-kit-human.png","type":"image\/png"}],"twitter_card":"summary_large_image","twitter_misc":{"Est. reading time":"7 minutes"},"schema":{"@context":"https:\/\/schema.org","@graph":[{"@type":"WebPage","@id":"https:\/\/biogroupvietnam.com\/en\/product\/hepaticult-organoid-kit-human\/","url":"https:\/\/biogroupvietnam.com\/en\/product\/hepaticult-organoid-kit-human\/","name":"B\u1ed9 Kit HepatiCult\u2122 Organoid (Ng\u01b0\u1eddi)","isPartOf":{"@id":"https:\/\/biogroupvietnam.com\/vi\/#website"},"primaryImageOfPage":{"@id":"https:\/\/biogroupvietnam.com\/en\/product\/hepaticult-organoid-kit-human\/#primaryimage"},"image":{"@id":"https:\/\/biogroupvietnam.com\/en\/product\/hepaticult-organoid-kit-human\/#primaryimage"},"thumbnailUrl":"https:\/\/biogroupvietnam.com\/wp-content\/uploads\/2025\/08\/bo-kit-hepaticult-organoid-kit-human.png","datePublished":"2025-08-18T12:55:44+00:00","dateModified":"2026-04-02T03:38:09+00:00","description":"B\u1ed9 kit HepatiCult\u2122 Organoid (Ng\u01b0\u1eddi) (Catalog #100-0386) bao g\u1ed3m c\u00e1c th\u00e0nh ph\u1ea7n cho ba m\u00f4i tr\u01b0\u1eddng nu\u00f4i c\u1ea5y t\u1ebf b\u00e0o ho\u00e0n ch\u1ec9nh \u0111\u1ec3 h\u1ed7 tr\u1ee3 kh\u1edfi \u0111\u1ea7u m\u1ea1nh m\u1ebd, t\u0103ng sinh hi\u1ec7u qu\u1ea3 v\u00e0 l\u00e2u d\u00e0i, c\u0169ng nh\u01b0 s\u1ef1 bi\u1ec7t h\u00f3a c\u00e1c organoid gan ng\u01b0\u1eddi c\u00f3 ngu\u1ed3n g\u1ed1c t\u1eeb c\u00e1c \u1ed5 t\u1ebf b\u00e0o g\u1ed1c \u1ed1ng \u0111\u01b0\u1ee3c ph\u00e2n l\u1eadp t\u1eeb m\u00f4 gan ng\u01b0\u1eddi s\u01a1 c\u1ea5p.","breadcrumb":{"@id":"https:\/\/biogroupvietnam.com\/en\/product\/hepaticult-organoid-kit-human\/#breadcrumb"},"inLanguage":"en-US","potentialAction":[{"@type":"ReadAction","target":["https:\/\/biogroupvietnam.com\/en\/product\/hepaticult-organoid-kit-human\/"]}]},{"@type":"ImageObject","inLanguage":"en-US","@id":"https:\/\/biogroupvietnam.com\/en\/product\/hepaticult-organoid-kit-human\/#primaryimage","url":"https:\/\/biogroupvietnam.com\/wp-content\/uploads\/2025\/08\/bo-kit-hepaticult-organoid-kit-human.png","contentUrl":"https:\/\/biogroupvietnam.com\/wp-content\/uploads\/2025\/08\/bo-kit-hepaticult-organoid-kit-human.png","width":1640,"height":1260,"caption":"B\u1ed9 kit HepatiCult\u2122 Organoid Kit (Human)"},{"@type":"BreadcrumbList","@id":"https:\/\/biogroupvietnam.com\/en\/product\/hepaticult-organoid-kit-human\/#breadcrumb","itemListElement":[{"@type":"ListItem","position":1,"name":"Biogroup Vietnam | End-to-End Biotechnology Solutions","item":"https:\/\/biogroupvietnam.com\/vi\/"},{"@type":"ListItem","position":2,"name":"Product","item":"https:\/\/biogroupvietnam.com\/vi\/san-pham\/"},{"@type":"ListItem","position":3,"name":"Cell Culture","item":"https:\/\/biogroupvietnam.com\/vi\/danh-muc-san-pham\/nuoi-cay-te-bao\/"},{"@type":"ListItem","position":4,"name":"Organoids","item":"https:\/\/biogroupvietnam.com\/vi\/danh-muc-san-pham\/organoids\/"},{"@type":"ListItem","position":5,"name":"HepatiCult\u2122 Organoid Kit (Human)"}]},{"@type":"WebSite","@id":"https:\/\/biogroupvietnam.com\/en\/vi\/#website","url":"https:\/\/biogroupvietnam.com\/en\/vi\/","name":"Biogroup Vietnam","description":"Biogroup Vietnam cung c\u1ea5p d\u1ecbch v\u1ee5 k\u1ef9 thu\u1eadt c\u00f9ng thi\u1ebft b\u1ecb, v\u1eadt t\u01b0, h\u00f3a ch\u1ea5t v\u00e0 gi\u1ea3i ph\u00e1p sinh h\u1ecdc cho ph\u00f2ng th\u00ed nghi\u1ec7m c\u00f4ng ngh\u1ec7 sinh h\u1ecdc, y sinh v\u00e0 y h\u1ecdc t\u00e1i t\u1ea1o.","potentialAction":[{"@type":"SearchAction","target":{"@type":"EntryPoint","urlTemplate":"https:\/\/biogroupvietnam.com\/en\/vi\/?s={search_term_string}"},"query-input":{"@type":"PropertyValueSpecification","valueRequired":true,"valueName":"search_term_string"}}],"inLanguage":"en-US"}]}},"_links":{"self":[{"href":"https:\/\/biogroupvietnam.com\/en\/wp-json\/wp\/v2\/product\/4033","targetHints":{"allow":["GET"]}}],"collection":[{"href":"https:\/\/biogroupvietnam.com\/en\/wp-json\/wp\/v2\/product"}],"about":[{"href":"https:\/\/biogroupvietnam.com\/en\/wp-json\/wp\/v2\/types\/product"}],"replies":[{"embeddable":true,"href":"https:\/\/biogroupvietnam.com\/en\/wp-json\/wp\/v2\/comments?post=4033"}],"version-history":[{"count":7,"href":"https:\/\/biogroupvietnam.com\/en\/wp-json\/wp\/v2\/product\/4033\/revisions"}],"predecessor-version":[{"id":9723,"href":"https:\/\/biogroupvietnam.com\/en\/wp-json\/wp\/v2\/product\/4033\/revisions\/9723"}],"wp:featuredmedia":[{"embeddable":true,"href":"https:\/\/biogroupvietnam.com\/en\/wp-json\/wp\/v2\/media\/10131"}],"wp:attachment":[{"href":"https:\/\/biogroupvietnam.com\/en\/wp-json\/wp\/v2\/media?parent=4033"}],"wp:term":[{"taxonomy":"product_brand","embeddable":true,"href":"https:\/\/biogroupvietnam.com\/en\/wp-json\/wp\/v2\/product_brand?post=4033"},{"taxonomy":"product_cat","embeddable":true,"href":"https:\/\/biogroupvietnam.com\/en\/wp-json\/wp\/v2\/product_cat?post=4033"},{"taxonomy":"product_tag","embeddable":true,"href":"https:\/\/biogroupvietnam.com\/en\/wp-json\/wp\/v2\/product_tag?post=4033"}],"curies":[{"name":"wp","href":"https:\/\/api.w.org\/{rel}","templated":true}]}}