{"id":4034,"date":"2025-08-18T19:55:44","date_gmt":"2025-08-18T12:55:44","guid":{"rendered":"http:\/\/biogroupvietnam-worldpress.local\/product\/import-placeholder-for-242\/"},"modified":"2026-04-02T10:21:02","modified_gmt":"2026-04-02T03:21:02","slug":"dung-dich-tach-te-bao-don-accutase","status":"publish","type":"product","link":"https:\/\/biogroupvietnam.com\/en\/product\/accutase-cell-detachment-solution\/","title":{"rendered":"ACCUTASE\u2122 Cell Detachment Solution"},"content":{"rendered":"<h2><strong>Overview<\/strong><\/h2>\n<p>Use <a href=\"https:\/\/www.stemcell.com\/products\/accutase.html\">ACCUTASE\u2122<\/a> for routine cell detachment from plasticware. This solution of proteolytic and collagenolytic enzymes comes ready-to-use and has been shown to work effectively across a wide variety of cell types. Formulated at a lower concentration than conventional trypsin, this gentle alternative preserves cell surface epitopes for downstream flow cytometry analyses and ensures high cell viability, without the need for a neutralizing solution. ACCUTASE\u2122 does not contain mammalian or bacterial-derived products. Each lot of ACCUTASE\u2122 is tested for sterility (by USP membrane filtration method), enzymatic activity (tested with synthetic chromagenic tetrapeptides), and cell detachment from tissue culture plastic.<\/p>\n","protected":false},"excerpt":{"rendered":"<p>Overview Use ACCUTASE\u2122 for routine cell detachment from plasticware. This solution of proteolytic and collagenolytic enzymes comes ready-to-use and has been shown to work effectively across a wide variety of cell types. Formulated at a lower concentration than conventional trypsin, this gentle alternative preserves cell surface epitopes for downstream flow cytometry analyses and ensures high<\/p>\n<div class=\"klb-readmore post-buttons\"><a class=\"button rounded primary\" href=\"https:\/\/biogroupvietnam.com\/en\/product\/accutase-cell-detachment-solution\/\">Read More <i class=\"klbth-icon-right-arrow\"><\/i><\/a><\/div>\n","protected":false},"featured_media":10130,"comment_status":"closed","ping_status":"closed","template":"","meta":{"_acf_changed":false},"product_brand":[127],"product_cat":[91],"product_tag":[],"class_list":{"0":"post-4034","1":"product","2":"type-product","3":"status-publish","4":"has-post-thumbnail","6":"product_brand-stemcell-technologies","7":"product_cat-human-mesenchymal-stem-cells","9":"first","10":"outofstock","11":"shipping-taxable","12":"product-type-simple"},"acf":[],"yoast_head":"<!-- This site is optimized with the Yoast SEO plugin v26.8 - https:\/\/yoast.com\/product\/yoast-seo-wordpress\/ -->\n<title>ACCUTASE\u2122 Cell Detachment Solution<\/title>\n<meta name=\"description\" content=\"Overview Use ACCUTASE\u2122 for routine cell detachment from plasticware. This solution of proteolytic and collagenolytic enzymes comes ready-to-use and has been shown to work effectively across a wide variety of cell types. Formulated at a lower concentration than conventional trypsin, this gentle alternative preserves cell surface epitopes for downstream flow cytometry analyses and ensures high&hellip;\" \/>\n<meta name=\"robots\" content=\"index, follow, max-snippet:-1, max-image-preview:large, max-video-preview:-1\" \/>\n<link rel=\"canonical\" href=\"http:\/\/Overview%20Use%20ACCUTASE\u2122%20for%20routine%20cell%20detachment%20from%20plasticware.%20This%20solution%20of%20proteolytic%20and%20collagenolytic%20enzymes%20comes%20ready-to-use%20and%20has%20been%20shown%20to%20work%20effectively%20across%20a%20wide%20variety%20of%20cell%20types.%20Formulated%20at%20a%20lower%20concentration%20than%20conventional%20trypsin,%20this%20gentle%20alternative%20preserves%20cell%20surface%20epitopes%20for%20downstream%20flow%20cytometry%20analyses%20and%20ensures%20high&hellip;\" \/>\n<meta property=\"og:locale\" content=\"en_US\" \/>\n<meta property=\"og:type\" content=\"article\" \/>\n<meta property=\"og:title\" content=\"ACCUTASE\u2122 Cell Detachment Solution\" \/>\n<meta property=\"og:description\" content=\"Overview Use ACCUTASE\u2122 for routine cell detachment from plasticware. This solution of proteolytic and collagenolytic enzymes comes ready-to-use and has been shown to work effectively across a wide variety of cell types. Formulated at a lower concentration than conventional trypsin, this gentle alternative preserves cell surface epitopes for downstream flow cytometry analyses and ensures high&hellip;\" \/>\n<meta property=\"og:url\" content=\"https:\/\/biogroupvietnam.com\/en\/product\/accutase-cell-detachment-solution\/\" \/>\n<meta property=\"og:site_name\" content=\"Biogroup Vietnam\" \/>\n<meta property=\"article:modified_time\" content=\"2026-04-02T03:21:02+00:00\" \/>\n<meta property=\"og:image\" content=\"https:\/\/biogroupvietnam.com\/wp-content\/uploads\/2025\/08\/dung-dich-tach-te-bao-don-accutase.jpg\" \/>\n\t<meta property=\"og:image:width\" content=\"1640\" \/>\n\t<meta property=\"og:image:height\" content=\"1260\" \/>\n\t<meta property=\"og:image:type\" content=\"image\/jpeg\" \/>\n<meta name=\"twitter:card\" content=\"summary_large_image\" \/>\n<meta name=\"twitter:label1\" content=\"Est. reading time\" \/>\n\t<meta name=\"twitter:data1\" content=\"2 minutes\" \/>\n<script type=\"application\/ld+json\" class=\"yoast-schema-graph\">{\"@context\":\"https:\/\/schema.org\",\"@graph\":[{\"@type\":\"WebPage\",\"@id\":\"https:\/\/biogroupvietnam.com\/en\/product\/accutase-cell-detachment-solution\/\",\"url\":\"https:\/\/biogroupvietnam.com\/en\/product\/accutase-cell-detachment-solution\/\",\"name\":\"Dung D\u1ecbch T\u00e1ch T\u1ebf B\u00e0o \u0110\u01a1n ACCUTASE\u2122\",\"isPartOf\":{\"@id\":\"https:\/\/biogroupvietnam.com\/vi\/#website\"},\"primaryImageOfPage\":{\"@id\":\"https:\/\/biogroupvietnam.com\/en\/product\/accutase-cell-detachment-solution\/#primaryimage\"},\"image\":{\"@id\":\"https:\/\/biogroupvietnam.com\/en\/product\/accutase-cell-detachment-solution\/#primaryimage\"},\"thumbnailUrl\":\"https:\/\/biogroupvietnam.com\/wp-content\/uploads\/2025\/08\/dung-dich-tach-te-bao-don-accutase.jpg\",\"datePublished\":\"2025-08-18T12:55:44+00:00\",\"dateModified\":\"2026-04-02T03:21:02+00:00\",\"description\":\"Dung d\u1ecbch t\u00e1ch t\u1ebf b\u00e0o \u0111\u01a1n ACCUTASE\u2122 d\u00f9ng \u0111\u1ec3 ph\u00e2n t\u00e1ch c\u00e1c t\u1ebf b\u00e0o b\u00e1m d\u00ednh kh\u1ecfi d\u1ee5ng c\u1ee5 nu\u00f4i c\u1ea5y. S\u1ea3n ph\u1ea9m gi\u00fap ph\u00e2n t\u00e1ch t\u1ebf b\u00e0o nh\u1eb9 nh\u00e0ng, kh\u00f4ng trung h\u00f2a.\",\"breadcrumb\":{\"@id\":\"https:\/\/biogroupvietnam.com\/en\/product\/accutase-cell-detachment-solution\/#breadcrumb\"},\"inLanguage\":\"en-US\",\"potentialAction\":[{\"@type\":\"ReadAction\",\"target\":[\"https:\/\/biogroupvietnam.com\/en\/product\/accutase-cell-detachment-solution\/\"]}]},{\"@type\":\"ImageObject\",\"inLanguage\":\"en-US\",\"@id\":\"https:\/\/biogroupvietnam.com\/en\/product\/accutase-cell-detachment-solution\/#primaryimage\",\"url\":\"https:\/\/biogroupvietnam.com\/wp-content\/uploads\/2025\/08\/dung-dich-tach-te-bao-don-accutase.jpg\",\"contentUrl\":\"https:\/\/biogroupvietnam.com\/wp-content\/uploads\/2025\/08\/dung-dich-tach-te-bao-don-accutase.jpg\",\"width\":1640,\"height\":1260,\"caption\":\"Dung D\u1ecbch T\u00e1ch T\u1ebf B\u00e0o \u0110\u01a1n ACCUTASE\u2122\"},{\"@type\":\"BreadcrumbList\",\"@id\":\"https:\/\/biogroupvietnam.com\/en\/product\/accutase-cell-detachment-solution\/#breadcrumb\",\"itemListElement\":[{\"@type\":\"ListItem\",\"position\":1,\"name\":\"Biogroup Vietnam | End-to-End Biotechnology Solutions\",\"item\":\"https:\/\/biogroupvietnam.com\/vi\/\"},{\"@type\":\"ListItem\",\"position\":2,\"name\":\"Product\",\"item\":\"https:\/\/biogroupvietnam.com\/vi\/san-pham\/\"},{\"@type\":\"ListItem\",\"position\":3,\"name\":\"Cell Culture\",\"item\":\"https:\/\/biogroupvietnam.com\/vi\/danh-muc-san-pham\/nuoi-cay-te-bao\/\"},{\"@type\":\"ListItem\",\"position\":4,\"name\":\"Human mesenchymal stem cells\",\"item\":\"https:\/\/biogroupvietnam.com\/vi\/danh-muc-san-pham\/te-bao-goc-trung-mo\/\"},{\"@type\":\"ListItem\",\"position\":5,\"name\":\"ACCUTASE\u2122 Cell Detachment Solution\"}]},{\"@type\":\"WebSite\",\"@id\":\"https:\/\/biogroupvietnam.com\/en\/vi\/#website\",\"url\":\"https:\/\/biogroupvietnam.com\/en\/vi\/\",\"name\":\"Biogroup Vietnam\",\"description\":\"Biogroup Vietnam cung c\u1ea5p d\u1ecbch v\u1ee5 k\u1ef9 thu\u1eadt c\u00f9ng thi\u1ebft b\u1ecb, v\u1eadt t\u01b0, h\u00f3a ch\u1ea5t v\u00e0 gi\u1ea3i ph\u00e1p sinh h\u1ecdc cho ph\u00f2ng th\u00ed nghi\u1ec7m c\u00f4ng ngh\u1ec7 sinh h\u1ecdc, y sinh v\u00e0 y h\u1ecdc t\u00e1i t\u1ea1o.\",\"potentialAction\":[{\"@type\":\"SearchAction\",\"target\":{\"@type\":\"EntryPoint\",\"urlTemplate\":\"https:\/\/biogroupvietnam.com\/en\/vi\/?s={search_term_string}\"},\"query-input\":{\"@type\":\"PropertyValueSpecification\",\"valueRequired\":true,\"valueName\":\"search_term_string\"}}],\"inLanguage\":\"en-US\"}]}<\/script>\n<!-- \/ Yoast SEO plugin. -->","yoast_head_json":{"title":"ACCUTASE\u2122 Cell Detachment Solution","description":"Overview Use ACCUTASE\u2122 for routine cell detachment from plasticware. This solution of proteolytic and collagenolytic enzymes comes ready-to-use and has been shown to work effectively across a wide variety of cell types. Formulated at a lower concentration than conventional trypsin, this gentle alternative preserves cell surface epitopes for downstream flow cytometry analyses and ensures high&hellip;","robots":{"index":"index","follow":"follow","max-snippet":"max-snippet:-1","max-image-preview":"max-image-preview:large","max-video-preview":"max-video-preview:-1"},"canonical":"Overview Use ACCUTASE\u2122 for routine cell detachment from plasticware. This solution of proteolytic and collagenolytic enzymes comes ready-to-use and has been shown to work effectively across a wide variety of cell types. Formulated at a lower concentration than conventional trypsin, this gentle alternative preserves cell surface epitopes for downstream flow cytometry analyses and ensures high&hellip;","og_locale":"en_US","og_type":"article","og_title":"ACCUTASE\u2122 Cell Detachment Solution","og_description":"Overview Use ACCUTASE\u2122 for routine cell detachment from plasticware. This solution of proteolytic and collagenolytic enzymes comes ready-to-use and has been shown to work effectively across a wide variety of cell types. Formulated at a lower concentration than conventional trypsin, this gentle alternative preserves cell surface epitopes for downstream flow cytometry analyses and ensures high&hellip;","og_url":"https:\/\/biogroupvietnam.com\/en\/product\/accutase-cell-detachment-solution\/","og_site_name":"Biogroup Vietnam","article_modified_time":"2026-04-02T03:21:02+00:00","og_image":[{"width":1640,"height":1260,"url":"https:\/\/biogroupvietnam.com\/wp-content\/uploads\/2025\/08\/dung-dich-tach-te-bao-don-accutase.jpg","type":"image\/jpeg"}],"twitter_card":"summary_large_image","twitter_misc":{"Est. reading time":"2 minutes"},"schema":{"@context":"https:\/\/schema.org","@graph":[{"@type":"WebPage","@id":"https:\/\/biogroupvietnam.com\/en\/product\/accutase-cell-detachment-solution\/","url":"https:\/\/biogroupvietnam.com\/en\/product\/accutase-cell-detachment-solution\/","name":"Dung D\u1ecbch T\u00e1ch T\u1ebf B\u00e0o \u0110\u01a1n ACCUTASE\u2122","isPartOf":{"@id":"https:\/\/biogroupvietnam.com\/vi\/#website"},"primaryImageOfPage":{"@id":"https:\/\/biogroupvietnam.com\/en\/product\/accutase-cell-detachment-solution\/#primaryimage"},"image":{"@id":"https:\/\/biogroupvietnam.com\/en\/product\/accutase-cell-detachment-solution\/#primaryimage"},"thumbnailUrl":"https:\/\/biogroupvietnam.com\/wp-content\/uploads\/2025\/08\/dung-dich-tach-te-bao-don-accutase.jpg","datePublished":"2025-08-18T12:55:44+00:00","dateModified":"2026-04-02T03:21:02+00:00","description":"Dung d\u1ecbch t\u00e1ch t\u1ebf b\u00e0o \u0111\u01a1n ACCUTASE\u2122 d\u00f9ng \u0111\u1ec3 ph\u00e2n t\u00e1ch c\u00e1c t\u1ebf b\u00e0o b\u00e1m d\u00ednh kh\u1ecfi d\u1ee5ng c\u1ee5 nu\u00f4i c\u1ea5y. S\u1ea3n ph\u1ea9m gi\u00fap ph\u00e2n t\u00e1ch t\u1ebf b\u00e0o nh\u1eb9 nh\u00e0ng, kh\u00f4ng trung h\u00f2a.","breadcrumb":{"@id":"https:\/\/biogroupvietnam.com\/en\/product\/accutase-cell-detachment-solution\/#breadcrumb"},"inLanguage":"en-US","potentialAction":[{"@type":"ReadAction","target":["https:\/\/biogroupvietnam.com\/en\/product\/accutase-cell-detachment-solution\/"]}]},{"@type":"ImageObject","inLanguage":"en-US","@id":"https:\/\/biogroupvietnam.com\/en\/product\/accutase-cell-detachment-solution\/#primaryimage","url":"https:\/\/biogroupvietnam.com\/wp-content\/uploads\/2025\/08\/dung-dich-tach-te-bao-don-accutase.jpg","contentUrl":"https:\/\/biogroupvietnam.com\/wp-content\/uploads\/2025\/08\/dung-dich-tach-te-bao-don-accutase.jpg","width":1640,"height":1260,"caption":"Dung D\u1ecbch T\u00e1ch T\u1ebf B\u00e0o \u0110\u01a1n ACCUTASE\u2122"},{"@type":"BreadcrumbList","@id":"https:\/\/biogroupvietnam.com\/en\/product\/accutase-cell-detachment-solution\/#breadcrumb","itemListElement":[{"@type":"ListItem","position":1,"name":"Biogroup Vietnam | End-to-End Biotechnology Solutions","item":"https:\/\/biogroupvietnam.com\/vi\/"},{"@type":"ListItem","position":2,"name":"Product","item":"https:\/\/biogroupvietnam.com\/vi\/san-pham\/"},{"@type":"ListItem","position":3,"name":"Cell Culture","item":"https:\/\/biogroupvietnam.com\/vi\/danh-muc-san-pham\/nuoi-cay-te-bao\/"},{"@type":"ListItem","position":4,"name":"Human mesenchymal stem cells","item":"https:\/\/biogroupvietnam.com\/vi\/danh-muc-san-pham\/te-bao-goc-trung-mo\/"},{"@type":"ListItem","position":5,"name":"ACCUTASE\u2122 Cell Detachment Solution"}]},{"@type":"WebSite","@id":"https:\/\/biogroupvietnam.com\/en\/vi\/#website","url":"https:\/\/biogroupvietnam.com\/en\/vi\/","name":"Biogroup Vietnam","description":"Biogroup Vietnam cung c\u1ea5p d\u1ecbch v\u1ee5 k\u1ef9 thu\u1eadt c\u00f9ng thi\u1ebft b\u1ecb, v\u1eadt t\u01b0, h\u00f3a ch\u1ea5t v\u00e0 gi\u1ea3i ph\u00e1p sinh h\u1ecdc cho ph\u00f2ng th\u00ed nghi\u1ec7m c\u00f4ng ngh\u1ec7 sinh h\u1ecdc, y sinh v\u00e0 y h\u1ecdc t\u00e1i t\u1ea1o.","potentialAction":[{"@type":"SearchAction","target":{"@type":"EntryPoint","urlTemplate":"https:\/\/biogroupvietnam.com\/en\/vi\/?s={search_term_string}"},"query-input":{"@type":"PropertyValueSpecification","valueRequired":true,"valueName":"search_term_string"}}],"inLanguage":"en-US"}]}},"_links":{"self":[{"href":"https:\/\/biogroupvietnam.com\/en\/wp-json\/wp\/v2\/product\/4034","targetHints":{"allow":["GET"]}}],"collection":[{"href":"https:\/\/biogroupvietnam.com\/en\/wp-json\/wp\/v2\/product"}],"about":[{"href":"https:\/\/biogroupvietnam.com\/en\/wp-json\/wp\/v2\/types\/product"}],"replies":[{"embeddable":true,"href":"https:\/\/biogroupvietnam.com\/en\/wp-json\/wp\/v2\/comments?post=4034"}],"version-history":[{"count":4,"href":"https:\/\/biogroupvietnam.com\/en\/wp-json\/wp\/v2\/product\/4034\/revisions"}],"predecessor-version":[{"id":9738,"href":"https:\/\/biogroupvietnam.com\/en\/wp-json\/wp\/v2\/product\/4034\/revisions\/9738"}],"wp:featuredmedia":[{"embeddable":true,"href":"https:\/\/biogroupvietnam.com\/en\/wp-json\/wp\/v2\/media\/10130"}],"wp:attachment":[{"href":"https:\/\/biogroupvietnam.com\/en\/wp-json\/wp\/v2\/media?parent=4034"}],"wp:term":[{"taxonomy":"product_brand","embeddable":true,"href":"https:\/\/biogroupvietnam.com\/en\/wp-json\/wp\/v2\/product_brand?post=4034"},{"taxonomy":"product_cat","embeddable":true,"href":"https:\/\/biogroupvietnam.com\/en\/wp-json\/wp\/v2\/product_cat?post=4034"},{"taxonomy":"product_tag","embeddable":true,"href":"https:\/\/biogroupvietnam.com\/en\/wp-json\/wp\/v2\/product_tag?post=4034"}],"curies":[{"name":"wp","href":"https:\/\/api.w.org\/{rel}","templated":true}]}}