{"id":4035,"date":"2025-08-18T19:55:44","date_gmt":"2025-08-18T12:55:44","guid":{"rendered":"http:\/\/biogroupvietnam-worldpress.local\/product\/import-placeholder-for-243\/"},"modified":"2025-11-12T18:12:32","modified_gmt":"2025-11-12T11:12:32","slug":"hop-van-chuyen-mau-transhome","status":"publish","type":"product","link":"https:\/\/biogroupvietnam.com\/en\/product\/transhome\/","title":{"rendered":"TransHome"},"content":{"rendered":"<p>TransHome dry ice transport box is a kind of portable ultralow temperature transport tool which can provide large sums of sample compact and orderly temperature preservation at -70oC to -50oC more than 24 hours that is quite ideal and safety for some valuable and sensitive samples.<\/p>\n","protected":false},"excerpt":{"rendered":"<p>TransHome dry ice transport box is a kind of portable ultralow temperature transport tool which can provide large sums of sample compact and orderly temperature preservation at -70oC to -50oC more than 24 hours that is quite ideal and safety for some valuable and sensitive samples.<\/p>\n","protected":false},"featured_media":8880,"comment_status":"closed","ping_status":"closed","template":"","meta":{"_acf_changed":false},"product_brand":[143],"product_cat":[102],"product_tag":[],"class_list":{"0":"post-4035","1":"product","2":"type-product","3":"status-publish","4":"has-post-thumbnail","6":"product_brand-kemesser-technology","7":"product_cat-freezing-container","9":"first","10":"outofstock","11":"shipping-taxable","12":"product-type-simple"},"acf":[],"yoast_head":"<!-- This site is optimized with the Yoast SEO plugin v26.8 - https:\/\/yoast.com\/product\/yoast-seo-wordpress\/ -->\n<title>TransHome<\/title>\n<meta name=\"description\" content=\"TransHome dry ice transport box is a kind of portable ultralow temperature transport tool which can provide large sums of sample compact and orderly temperature preservation at -70oC to -50oC more than 24 hours that is quite ideal and safety for some valuable and sensitive samples.\" \/>\n<meta name=\"robots\" content=\"index, follow, max-snippet:-1, max-image-preview:large, max-video-preview:-1\" \/>\n<link rel=\"canonical\" href=\"http:\/\/TransHome%20dry%20ice%20transport%20box%20is%20a%20kind%20of%20portable%20ultralow%20temperature%20transport%20tool%20which%20can%20provide%20large%20sums%20of%20sample%20compact%20and%20orderly%20temperature%20preservation%20at%20-70oC%20to%20-50oC%20more%20than%2024%20hours%20that%20is%20quite%20ideal%20and%20safety%20for%20some%20valuable%20and%20sensitive%20samples.\" \/>\n<meta property=\"og:locale\" content=\"en_US\" \/>\n<meta property=\"og:type\" content=\"article\" \/>\n<meta property=\"og:title\" content=\"TransHome\" \/>\n<meta property=\"og:description\" content=\"TransHome dry ice transport box is a kind of portable ultralow temperature transport tool which can provide large sums of sample compact and orderly temperature preservation at -70oC to -50oC more than 24 hours that is quite ideal and safety for some valuable and sensitive samples.\" \/>\n<meta property=\"og:url\" content=\"https:\/\/biogroupvietnam.com\/en\/product\/transhome\/\" \/>\n<meta property=\"og:site_name\" content=\"Biogroup Vietnam\" \/>\n<meta property=\"article:modified_time\" content=\"2025-11-12T11:12:32+00:00\" \/>\n<meta property=\"og:image\" content=\"https:\/\/biogroupvietnam.com\/wp-content\/uploads\/2025\/08\/TransHome.jpg\" \/>\n\t<meta property=\"og:image:width\" content=\"1640\" \/>\n\t<meta property=\"og:image:height\" content=\"1260\" \/>\n\t<meta property=\"og:image:type\" content=\"image\/jpeg\" \/>\n<meta name=\"twitter:card\" content=\"summary_large_image\" \/>\n<meta name=\"twitter:label1\" content=\"Est. reading time\" \/>\n\t<meta name=\"twitter:data1\" content=\"2 minutes\" \/>\n<script type=\"application\/ld+json\" class=\"yoast-schema-graph\">{\"@context\":\"https:\/\/schema.org\",\"@graph\":[{\"@type\":\"WebPage\",\"@id\":\"https:\/\/biogroupvietnam.com\/en\/product\/transhome\/\",\"url\":\"https:\/\/biogroupvietnam.com\/en\/product\/transhome\/\",\"name\":\"H\u1ed9p V\u1eadn Chuy\u1ec3n M\u1eabu TransHome\",\"isPartOf\":{\"@id\":\"https:\/\/biogroupvietnam.com\/vi\/#website\"},\"primaryImageOfPage\":{\"@id\":\"https:\/\/biogroupvietnam.com\/en\/product\/transhome\/#primaryimage\"},\"image\":{\"@id\":\"https:\/\/biogroupvietnam.com\/en\/product\/transhome\/#primaryimage\"},\"thumbnailUrl\":\"https:\/\/biogroupvietnam.com\/wp-content\/uploads\/2025\/08\/TransHome.jpg\",\"datePublished\":\"2025-08-18T12:55:44+00:00\",\"dateModified\":\"2025-11-12T11:12:32+00:00\",\"description\":\"H\u1ed9p v\u1eadn chuy\u1ec3n m\u1eabu TransHome l\u00e0 d\u1ee5ng c\u1ee5 v\u1eadn chuy\u1ec3n m\u1eabu c\u1ea7m tay ho\u1eb7c c\u00f3 th\u1ec3 s\u1eed d\u1ee5ng nh\u01b0 t\u1ee7 \u0111\u00f4ng l\u1ea1nh, s\u1eed d\u1ee5ng \u0111\u00e1 kh\u00f4 \u0111\u1ec3 duy tr\u00ec nhi\u1ec7t \u0111\u1ed9 m\u1eabu \u1edf -70\u00b0C \u0111\u1ebfn -50\u00b0C trong h\u01a1n 24 gi\u1edd.\",\"breadcrumb\":{\"@id\":\"https:\/\/biogroupvietnam.com\/en\/product\/transhome\/#breadcrumb\"},\"inLanguage\":\"en-US\",\"potentialAction\":[{\"@type\":\"ReadAction\",\"target\":[\"https:\/\/biogroupvietnam.com\/en\/product\/transhome\/\"]}]},{\"@type\":\"ImageObject\",\"inLanguage\":\"en-US\",\"@id\":\"https:\/\/biogroupvietnam.com\/en\/product\/transhome\/#primaryimage\",\"url\":\"https:\/\/biogroupvietnam.com\/wp-content\/uploads\/2025\/08\/TransHome.jpg\",\"contentUrl\":\"https:\/\/biogroupvietnam.com\/wp-content\/uploads\/2025\/08\/TransHome.jpg\",\"width\":1640,\"height\":1260},{\"@type\":\"BreadcrumbList\",\"@id\":\"https:\/\/biogroupvietnam.com\/en\/product\/transhome\/#breadcrumb\",\"itemListElement\":[{\"@type\":\"ListItem\",\"position\":1,\"name\":\"Biogroup Vietnam | End-to-End Biotechnology Solutions\",\"item\":\"https:\/\/biogroupvietnam.com\/vi\/\"},{\"@type\":\"ListItem\",\"position\":2,\"name\":\"Product\",\"item\":\"https:\/\/biogroupvietnam.com\/vi\/san-pham\/\"},{\"@type\":\"ListItem\",\"position\":3,\"name\":\"Cellular Cryopreservation\",\"item\":\"https:\/\/biogroupvietnam.com\/vi\/danh-muc-san-pham\/bao-quan-lanh-te-bao\/\"},{\"@type\":\"ListItem\",\"position\":4,\"name\":\"Freezing Container\",\"item\":\"https:\/\/biogroupvietnam.com\/vi\/danh-muc-san-pham\/dung-cu-van-chuyen-bao-quan-te-bao\/\"},{\"@type\":\"ListItem\",\"position\":5,\"name\":\"TransHome\"}]},{\"@type\":\"WebSite\",\"@id\":\"https:\/\/biogroupvietnam.com\/en\/vi\/#website\",\"url\":\"https:\/\/biogroupvietnam.com\/en\/vi\/\",\"name\":\"Biogroup Vietnam\",\"description\":\"Biogroup Vietnam cung c\u1ea5p d\u1ecbch v\u1ee5 k\u1ef9 thu\u1eadt c\u00f9ng thi\u1ebft b\u1ecb, v\u1eadt t\u01b0, h\u00f3a ch\u1ea5t v\u00e0 gi\u1ea3i ph\u00e1p sinh h\u1ecdc cho ph\u00f2ng th\u00ed nghi\u1ec7m c\u00f4ng ngh\u1ec7 sinh h\u1ecdc, y sinh v\u00e0 y h\u1ecdc t\u00e1i t\u1ea1o.\",\"potentialAction\":[{\"@type\":\"SearchAction\",\"target\":{\"@type\":\"EntryPoint\",\"urlTemplate\":\"https:\/\/biogroupvietnam.com\/en\/vi\/?s={search_term_string}\"},\"query-input\":{\"@type\":\"PropertyValueSpecification\",\"valueRequired\":true,\"valueName\":\"search_term_string\"}}],\"inLanguage\":\"en-US\"}]}<\/script>\n<!-- \/ Yoast SEO plugin. -->","yoast_head_json":{"title":"TransHome","description":"TransHome dry ice transport box is a kind of portable ultralow temperature transport tool which can provide large sums of sample compact and orderly temperature preservation at -70oC to -50oC more than 24 hours that is quite ideal and safety for some valuable and sensitive samples.","robots":{"index":"index","follow":"follow","max-snippet":"max-snippet:-1","max-image-preview":"max-image-preview:large","max-video-preview":"max-video-preview:-1"},"canonical":"TransHome dry ice transport box is a kind of portable ultralow temperature transport tool which can provide large sums of sample compact and orderly temperature preservation at -70oC to -50oC more than 24 hours that is quite ideal and safety for some valuable and sensitive samples.","og_locale":"en_US","og_type":"article","og_title":"TransHome","og_description":"TransHome dry ice transport box is a kind of portable ultralow temperature transport tool which can provide large sums of sample compact and orderly temperature preservation at -70oC to -50oC more than 24 hours that is quite ideal and safety for some valuable and sensitive samples.","og_url":"https:\/\/biogroupvietnam.com\/en\/product\/transhome\/","og_site_name":"Biogroup Vietnam","article_modified_time":"2025-11-12T11:12:32+00:00","og_image":[{"width":1640,"height":1260,"url":"https:\/\/biogroupvietnam.com\/wp-content\/uploads\/2025\/08\/TransHome.jpg","type":"image\/jpeg"}],"twitter_card":"summary_large_image","twitter_misc":{"Est. reading time":"2 minutes"},"schema":{"@context":"https:\/\/schema.org","@graph":[{"@type":"WebPage","@id":"https:\/\/biogroupvietnam.com\/en\/product\/transhome\/","url":"https:\/\/biogroupvietnam.com\/en\/product\/transhome\/","name":"H\u1ed9p V\u1eadn Chuy\u1ec3n M\u1eabu TransHome","isPartOf":{"@id":"https:\/\/biogroupvietnam.com\/vi\/#website"},"primaryImageOfPage":{"@id":"https:\/\/biogroupvietnam.com\/en\/product\/transhome\/#primaryimage"},"image":{"@id":"https:\/\/biogroupvietnam.com\/en\/product\/transhome\/#primaryimage"},"thumbnailUrl":"https:\/\/biogroupvietnam.com\/wp-content\/uploads\/2025\/08\/TransHome.jpg","datePublished":"2025-08-18T12:55:44+00:00","dateModified":"2025-11-12T11:12:32+00:00","description":"H\u1ed9p v\u1eadn chuy\u1ec3n m\u1eabu TransHome l\u00e0 d\u1ee5ng c\u1ee5 v\u1eadn chuy\u1ec3n m\u1eabu c\u1ea7m tay ho\u1eb7c c\u00f3 th\u1ec3 s\u1eed d\u1ee5ng nh\u01b0 t\u1ee7 \u0111\u00f4ng l\u1ea1nh, s\u1eed d\u1ee5ng \u0111\u00e1 kh\u00f4 \u0111\u1ec3 duy tr\u00ec nhi\u1ec7t \u0111\u1ed9 m\u1eabu \u1edf -70\u00b0C \u0111\u1ebfn -50\u00b0C trong h\u01a1n 24 gi\u1edd.","breadcrumb":{"@id":"https:\/\/biogroupvietnam.com\/en\/product\/transhome\/#breadcrumb"},"inLanguage":"en-US","potentialAction":[{"@type":"ReadAction","target":["https:\/\/biogroupvietnam.com\/en\/product\/transhome\/"]}]},{"@type":"ImageObject","inLanguage":"en-US","@id":"https:\/\/biogroupvietnam.com\/en\/product\/transhome\/#primaryimage","url":"https:\/\/biogroupvietnam.com\/wp-content\/uploads\/2025\/08\/TransHome.jpg","contentUrl":"https:\/\/biogroupvietnam.com\/wp-content\/uploads\/2025\/08\/TransHome.jpg","width":1640,"height":1260},{"@type":"BreadcrumbList","@id":"https:\/\/biogroupvietnam.com\/en\/product\/transhome\/#breadcrumb","itemListElement":[{"@type":"ListItem","position":1,"name":"Biogroup Vietnam | End-to-End Biotechnology Solutions","item":"https:\/\/biogroupvietnam.com\/vi\/"},{"@type":"ListItem","position":2,"name":"Product","item":"https:\/\/biogroupvietnam.com\/vi\/san-pham\/"},{"@type":"ListItem","position":3,"name":"Cellular Cryopreservation","item":"https:\/\/biogroupvietnam.com\/vi\/danh-muc-san-pham\/bao-quan-lanh-te-bao\/"},{"@type":"ListItem","position":4,"name":"Freezing Container","item":"https:\/\/biogroupvietnam.com\/vi\/danh-muc-san-pham\/dung-cu-van-chuyen-bao-quan-te-bao\/"},{"@type":"ListItem","position":5,"name":"TransHome"}]},{"@type":"WebSite","@id":"https:\/\/biogroupvietnam.com\/en\/vi\/#website","url":"https:\/\/biogroupvietnam.com\/en\/vi\/","name":"Biogroup Vietnam","description":"Biogroup Vietnam cung c\u1ea5p d\u1ecbch v\u1ee5 k\u1ef9 thu\u1eadt c\u00f9ng thi\u1ebft b\u1ecb, v\u1eadt t\u01b0, h\u00f3a ch\u1ea5t v\u00e0 gi\u1ea3i ph\u00e1p sinh h\u1ecdc cho ph\u00f2ng th\u00ed nghi\u1ec7m c\u00f4ng ngh\u1ec7 sinh h\u1ecdc, y sinh v\u00e0 y h\u1ecdc t\u00e1i t\u1ea1o.","potentialAction":[{"@type":"SearchAction","target":{"@type":"EntryPoint","urlTemplate":"https:\/\/biogroupvietnam.com\/en\/vi\/?s={search_term_string}"},"query-input":{"@type":"PropertyValueSpecification","valueRequired":true,"valueName":"search_term_string"}}],"inLanguage":"en-US"}]}},"_links":{"self":[{"href":"https:\/\/biogroupvietnam.com\/en\/wp-json\/wp\/v2\/product\/4035","targetHints":{"allow":["GET"]}}],"collection":[{"href":"https:\/\/biogroupvietnam.com\/en\/wp-json\/wp\/v2\/product"}],"about":[{"href":"https:\/\/biogroupvietnam.com\/en\/wp-json\/wp\/v2\/types\/product"}],"replies":[{"embeddable":true,"href":"https:\/\/biogroupvietnam.com\/en\/wp-json\/wp\/v2\/comments?post=4035"}],"version-history":[{"count":3,"href":"https:\/\/biogroupvietnam.com\/en\/wp-json\/wp\/v2\/product\/4035\/revisions"}],"predecessor-version":[{"id":8886,"href":"https:\/\/biogroupvietnam.com\/en\/wp-json\/wp\/v2\/product\/4035\/revisions\/8886"}],"wp:featuredmedia":[{"embeddable":true,"href":"https:\/\/biogroupvietnam.com\/en\/wp-json\/wp\/v2\/media\/8880"}],"wp:attachment":[{"href":"https:\/\/biogroupvietnam.com\/en\/wp-json\/wp\/v2\/media?parent=4035"}],"wp:term":[{"taxonomy":"product_brand","embeddable":true,"href":"https:\/\/biogroupvietnam.com\/en\/wp-json\/wp\/v2\/product_brand?post=4035"},{"taxonomy":"product_cat","embeddable":true,"href":"https:\/\/biogroupvietnam.com\/en\/wp-json\/wp\/v2\/product_cat?post=4035"},{"taxonomy":"product_tag","embeddable":true,"href":"https:\/\/biogroupvietnam.com\/en\/wp-json\/wp\/v2\/product_tag?post=4035"}],"curies":[{"name":"wp","href":"https:\/\/api.w.org\/{rel}","templated":true}]}}