{"id":4060,"date":"2025-08-18T19:56:07","date_gmt":"2025-08-18T12:56:07","guid":{"rendered":"http:\/\/biogroupvietnam-worldpress.local\/product\/import-placeholder-for-245\/"},"modified":"2025-09-29T15:09:15","modified_gmt":"2025-09-29T08:09:15","slug":"may-ly-tam-lanh-de-san-rotixa-500rs","status":"publish","type":"product","link":"https:\/\/biogroupvietnam.com\/en\/product\/floor-standing-centrifuges-hettich-rotixa-500-rs\/","title":{"rendered":"Floor-Standing Centrifuges Hettich ROTIXA 500 RS"},"content":{"rendered":"<h3>Small footprint &#8211; high volume<\/h3>\n<p>Its durable components makes the <a href=\"https:\/\/www.hettichlab.com\/products\/centrifuges\/floor-standing-centrifuges\/rotixa-500-rs\/\" target=\"_blank\" rel=\"noopener noreferrer\">ROTIXA 500 RS<\/a> a reliable unit with a long service life. High sample capacity and maximum RCF of 18,038 make it suitable for 4 x 450 &#8211; 1,000 ml blood bags. Specially designed buckets keep blood bags upright during centrifugation for improved separation of blood components. In industrial research labs, it accomodates 4 bottles up to 1,000 ml, specialty racks, as well as container and vessels for various applications. This unit includes refigeration with a temperature range from -20\u00b0C to +40\u00b0C.<\/p>\n","protected":false},"excerpt":{"rendered":"<p>Small footprint &#8211; high volume Its durable components makes the ROTIXA 500 RS a reliable unit with a long service life. High sample capacity and maximum RCF of 18,038 make it suitable for 4 x 450 &#8211; 1,000 ml blood bags. Specially designed buckets keep blood bags upright during centrifugation for improved separation of blood<\/p>\n<div class=\"klb-readmore post-buttons\"><a class=\"button rounded primary\" href=\"https:\/\/biogroupvietnam.com\/en\/product\/floor-standing-centrifuges-hettich-rotixa-500-rs\/\">Read More <i class=\"klbth-icon-right-arrow\"><\/i><\/a><\/div>\n","protected":false},"featured_media":5580,"comment_status":"closed","ping_status":"closed","template":"","meta":{"_acf_changed":false},"product_brand":[130],"product_cat":[122],"product_tag":[],"class_list":{"0":"post-4060","1":"product","2":"type-product","3":"status-publish","4":"has-post-thumbnail","6":"product_brand-andreas-hettich","7":"product_cat-centrifuges","9":"first","10":"outofstock","11":"shipping-taxable","12":"product-type-simple"},"acf":[],"yoast_head":"<!-- This site is optimized with the Yoast SEO plugin v26.8 - https:\/\/yoast.com\/product\/yoast-seo-wordpress\/ -->\n<title>Floor-Standing Centrifuges Hettich ROTIXA 500 RS<\/title>\n<meta name=\"description\" content=\"Small footprint - high volume Its durable components makes the ROTIXA 500 RS a reliable unit with a long service life. High sample capacity and maximum RCF of 18,038 make it suitable for 4 x 450 - 1,000 ml blood bags. Specially designed buckets keep blood bags upright during centrifugation for improved separation of blood&hellip;\" \/>\n<meta name=\"robots\" content=\"index, follow, max-snippet:-1, max-image-preview:large, max-video-preview:-1\" \/>\n<link rel=\"canonical\" href=\"http:\/\/Small%20footprint%20-%20high%20volume%20Its%20durable%20components%20makes%20the%20ROTIXA%20500%20RS%20a%20reliable%20unit%20with%20a%20long%20service%20life.%20High%20sample%20capacity%20and%20maximum%20RCF%20of%2018,038%20make%20it%20suitable%20for%204%20x%20450%20-%201,000%20ml%20blood%20bags.%20Specially%20designed%20buckets%20keep%20blood%20bags%20upright%20during%20centrifugation%20for%20improved%20separation%20of%20blood&hellip;\" \/>\n<meta property=\"og:locale\" content=\"en_US\" \/>\n<meta property=\"og:type\" content=\"article\" \/>\n<meta property=\"og:title\" content=\"Floor-Standing Centrifuges Hettich ROTIXA 500 RS\" \/>\n<meta property=\"og:description\" content=\"Small footprint - high volume Its durable components makes the ROTIXA 500 RS a reliable unit with a long service life. High sample capacity and maximum RCF of 18,038 make it suitable for 4 x 450 - 1,000 ml blood bags. Specially designed buckets keep blood bags upright during centrifugation for improved separation of blood&hellip;\" \/>\n<meta property=\"og:url\" content=\"https:\/\/biogroupvietnam.com\/en\/product\/floor-standing-centrifuges-hettich-rotixa-500-rs\/\" \/>\n<meta property=\"og:site_name\" content=\"Biogroup Vietnam\" \/>\n<meta property=\"article:modified_time\" content=\"2025-09-29T08:09:15+00:00\" \/>\n<meta property=\"og:image\" content=\"https:\/\/biogroupvietnam.com\/wp-content\/uploads\/2025\/08\/Rotixa20500RS-1.jpg\" \/>\n\t<meta property=\"og:image:width\" content=\"1600\" \/>\n\t<meta property=\"og:image:height\" content=\"1229\" \/>\n\t<meta property=\"og:image:type\" content=\"image\/jpeg\" \/>\n<meta name=\"twitter:card\" content=\"summary_large_image\" \/>\n<meta name=\"twitter:label1\" content=\"Est. reading time\" \/>\n\t<meta name=\"twitter:data1\" content=\"1 minute\" \/>\n<script type=\"application\/ld+json\" class=\"yoast-schema-graph\">{\"@context\":\"https:\/\/schema.org\",\"@graph\":[{\"@type\":\"WebPage\",\"@id\":\"https:\/\/biogroupvietnam.com\/en\/product\/floor-standing-centrifuges-hettich-rotixa-500-rs\/\",\"url\":\"https:\/\/biogroupvietnam.com\/en\/product\/floor-standing-centrifuges-hettich-rotixa-500-rs\/\",\"name\":\"M\u00e1y Ly T\u00e2m L\u1ea1nh \u0110\u1ec3 S\u00e0n ROTIXA 500RS\",\"isPartOf\":{\"@id\":\"https:\/\/biogroupvietnam.com\/vi\/#website\"},\"primaryImageOfPage\":{\"@id\":\"https:\/\/biogroupvietnam.com\/en\/product\/floor-standing-centrifuges-hettich-rotixa-500-rs\/#primaryimage\"},\"image\":{\"@id\":\"https:\/\/biogroupvietnam.com\/en\/product\/floor-standing-centrifuges-hettich-rotixa-500-rs\/#primaryimage\"},\"thumbnailUrl\":\"https:\/\/biogroupvietnam.com\/wp-content\/uploads\/2025\/08\/Rotixa20500RS-1.jpg\",\"datePublished\":\"2025-08-18T12:56:07+00:00\",\"dateModified\":\"2025-09-29T08:09:15+00:00\",\"description\":\"C\u00e1c b\u1ed9 ph\u1eadn b\u1ec1n b\u1ec9 gi\u00fap m\u00e1y ly t\u00e2m ROTIXA 500 RS tr\u1edf th\u00e0nh thi\u1ebft b\u1ecb \u0111\u00e1ng tin c\u1eady v\u1edbi tu\u1ed5i th\u1ecd l\u00e2u d\u00e0i.\",\"breadcrumb\":{\"@id\":\"https:\/\/biogroupvietnam.com\/en\/product\/floor-standing-centrifuges-hettich-rotixa-500-rs\/#breadcrumb\"},\"inLanguage\":\"en-US\",\"potentialAction\":[{\"@type\":\"ReadAction\",\"target\":[\"https:\/\/biogroupvietnam.com\/en\/product\/floor-standing-centrifuges-hettich-rotixa-500-rs\/\"]}]},{\"@type\":\"ImageObject\",\"inLanguage\":\"en-US\",\"@id\":\"https:\/\/biogroupvietnam.com\/en\/product\/floor-standing-centrifuges-hettich-rotixa-500-rs\/#primaryimage\",\"url\":\"https:\/\/biogroupvietnam.com\/wp-content\/uploads\/2025\/08\/Rotixa20500RS-1.jpg\",\"contentUrl\":\"https:\/\/biogroupvietnam.com\/wp-content\/uploads\/2025\/08\/Rotixa20500RS-1.jpg\",\"width\":1600,\"height\":1229,\"caption\":\"\u00a0\"},{\"@type\":\"BreadcrumbList\",\"@id\":\"https:\/\/biogroupvietnam.com\/en\/product\/floor-standing-centrifuges-hettich-rotixa-500-rs\/#breadcrumb\",\"itemListElement\":[{\"@type\":\"ListItem\",\"position\":1,\"name\":\"Biogroup Vietnam | End-to-End Biotechnology Solutions\",\"item\":\"https:\/\/biogroupvietnam.com\/vi\/\"},{\"@type\":\"ListItem\",\"position\":2,\"name\":\"Product\",\"item\":\"https:\/\/biogroupvietnam.com\/vi\/san-pham\/\"},{\"@type\":\"ListItem\",\"position\":3,\"name\":\"Biological R&D\",\"item\":\"https:\/\/biogroupvietnam.com\/vi\/danh-muc-san-pham\/rd-sinh-hoc\/\"},{\"@type\":\"ListItem\",\"position\":4,\"name\":\"Centrifuges\",\"item\":\"https:\/\/biogroupvietnam.com\/vi\/danh-muc-san-pham\/may-ly-tam\/\"},{\"@type\":\"ListItem\",\"position\":5,\"name\":\"Floor-Standing Centrifuges Hettich ROTIXA 500 RS\"}]},{\"@type\":\"WebSite\",\"@id\":\"https:\/\/biogroupvietnam.com\/en\/vi\/#website\",\"url\":\"https:\/\/biogroupvietnam.com\/en\/vi\/\",\"name\":\"Biogroup Vietnam\",\"description\":\"Biogroup Vietnam cung c\u1ea5p d\u1ecbch v\u1ee5 k\u1ef9 thu\u1eadt c\u00f9ng thi\u1ebft b\u1ecb, v\u1eadt t\u01b0, h\u00f3a ch\u1ea5t v\u00e0 gi\u1ea3i ph\u00e1p sinh h\u1ecdc cho ph\u00f2ng th\u00ed nghi\u1ec7m c\u00f4ng ngh\u1ec7 sinh h\u1ecdc, y sinh v\u00e0 y h\u1ecdc t\u00e1i t\u1ea1o.\",\"potentialAction\":[{\"@type\":\"SearchAction\",\"target\":{\"@type\":\"EntryPoint\",\"urlTemplate\":\"https:\/\/biogroupvietnam.com\/en\/vi\/?s={search_term_string}\"},\"query-input\":{\"@type\":\"PropertyValueSpecification\",\"valueRequired\":true,\"valueName\":\"search_term_string\"}}],\"inLanguage\":\"en-US\"}]}<\/script>\n<!-- \/ Yoast SEO plugin. -->","yoast_head_json":{"title":"Floor-Standing Centrifuges Hettich ROTIXA 500 RS","description":"Small footprint - high volume Its durable components makes the ROTIXA 500 RS a reliable unit with a long service life. High sample capacity and maximum RCF of 18,038 make it suitable for 4 x 450 - 1,000 ml blood bags. Specially designed buckets keep blood bags upright during centrifugation for improved separation of blood&hellip;","robots":{"index":"index","follow":"follow","max-snippet":"max-snippet:-1","max-image-preview":"max-image-preview:large","max-video-preview":"max-video-preview:-1"},"canonical":"Small footprint - high volume Its durable components makes the ROTIXA 500 RS a reliable unit with a long service life. High sample capacity and maximum RCF of 18,038 make it suitable for 4 x 450 - 1,000 ml blood bags. Specially designed buckets keep blood bags upright during centrifugation for improved separation of blood&hellip;","og_locale":"en_US","og_type":"article","og_title":"Floor-Standing Centrifuges Hettich ROTIXA 500 RS","og_description":"Small footprint - high volume Its durable components makes the ROTIXA 500 RS a reliable unit with a long service life. High sample capacity and maximum RCF of 18,038 make it suitable for 4 x 450 - 1,000 ml blood bags. Specially designed buckets keep blood bags upright during centrifugation for improved separation of blood&hellip;","og_url":"https:\/\/biogroupvietnam.com\/en\/product\/floor-standing-centrifuges-hettich-rotixa-500-rs\/","og_site_name":"Biogroup Vietnam","article_modified_time":"2025-09-29T08:09:15+00:00","og_image":[{"width":1600,"height":1229,"url":"https:\/\/biogroupvietnam.com\/wp-content\/uploads\/2025\/08\/Rotixa20500RS-1.jpg","type":"image\/jpeg"}],"twitter_card":"summary_large_image","twitter_misc":{"Est. reading time":"1 minute"},"schema":{"@context":"https:\/\/schema.org","@graph":[{"@type":"WebPage","@id":"https:\/\/biogroupvietnam.com\/en\/product\/floor-standing-centrifuges-hettich-rotixa-500-rs\/","url":"https:\/\/biogroupvietnam.com\/en\/product\/floor-standing-centrifuges-hettich-rotixa-500-rs\/","name":"M\u00e1y Ly T\u00e2m L\u1ea1nh \u0110\u1ec3 S\u00e0n ROTIXA 500RS","isPartOf":{"@id":"https:\/\/biogroupvietnam.com\/vi\/#website"},"primaryImageOfPage":{"@id":"https:\/\/biogroupvietnam.com\/en\/product\/floor-standing-centrifuges-hettich-rotixa-500-rs\/#primaryimage"},"image":{"@id":"https:\/\/biogroupvietnam.com\/en\/product\/floor-standing-centrifuges-hettich-rotixa-500-rs\/#primaryimage"},"thumbnailUrl":"https:\/\/biogroupvietnam.com\/wp-content\/uploads\/2025\/08\/Rotixa20500RS-1.jpg","datePublished":"2025-08-18T12:56:07+00:00","dateModified":"2025-09-29T08:09:15+00:00","description":"C\u00e1c b\u1ed9 ph\u1eadn b\u1ec1n b\u1ec9 gi\u00fap m\u00e1y ly t\u00e2m ROTIXA 500 RS tr\u1edf th\u00e0nh thi\u1ebft b\u1ecb \u0111\u00e1ng tin c\u1eady v\u1edbi tu\u1ed5i th\u1ecd l\u00e2u d\u00e0i.","breadcrumb":{"@id":"https:\/\/biogroupvietnam.com\/en\/product\/floor-standing-centrifuges-hettich-rotixa-500-rs\/#breadcrumb"},"inLanguage":"en-US","potentialAction":[{"@type":"ReadAction","target":["https:\/\/biogroupvietnam.com\/en\/product\/floor-standing-centrifuges-hettich-rotixa-500-rs\/"]}]},{"@type":"ImageObject","inLanguage":"en-US","@id":"https:\/\/biogroupvietnam.com\/en\/product\/floor-standing-centrifuges-hettich-rotixa-500-rs\/#primaryimage","url":"https:\/\/biogroupvietnam.com\/wp-content\/uploads\/2025\/08\/Rotixa20500RS-1.jpg","contentUrl":"https:\/\/biogroupvietnam.com\/wp-content\/uploads\/2025\/08\/Rotixa20500RS-1.jpg","width":1600,"height":1229,"caption":"\u00a0"},{"@type":"BreadcrumbList","@id":"https:\/\/biogroupvietnam.com\/en\/product\/floor-standing-centrifuges-hettich-rotixa-500-rs\/#breadcrumb","itemListElement":[{"@type":"ListItem","position":1,"name":"Biogroup Vietnam | End-to-End Biotechnology Solutions","item":"https:\/\/biogroupvietnam.com\/vi\/"},{"@type":"ListItem","position":2,"name":"Product","item":"https:\/\/biogroupvietnam.com\/vi\/san-pham\/"},{"@type":"ListItem","position":3,"name":"Biological R&D","item":"https:\/\/biogroupvietnam.com\/vi\/danh-muc-san-pham\/rd-sinh-hoc\/"},{"@type":"ListItem","position":4,"name":"Centrifuges","item":"https:\/\/biogroupvietnam.com\/vi\/danh-muc-san-pham\/may-ly-tam\/"},{"@type":"ListItem","position":5,"name":"Floor-Standing Centrifuges Hettich ROTIXA 500 RS"}]},{"@type":"WebSite","@id":"https:\/\/biogroupvietnam.com\/en\/vi\/#website","url":"https:\/\/biogroupvietnam.com\/en\/vi\/","name":"Biogroup Vietnam","description":"Biogroup Vietnam cung c\u1ea5p d\u1ecbch v\u1ee5 k\u1ef9 thu\u1eadt c\u00f9ng thi\u1ebft b\u1ecb, v\u1eadt t\u01b0, h\u00f3a ch\u1ea5t v\u00e0 gi\u1ea3i ph\u00e1p sinh h\u1ecdc cho ph\u00f2ng th\u00ed nghi\u1ec7m c\u00f4ng ngh\u1ec7 sinh h\u1ecdc, y sinh v\u00e0 y h\u1ecdc t\u00e1i t\u1ea1o.","potentialAction":[{"@type":"SearchAction","target":{"@type":"EntryPoint","urlTemplate":"https:\/\/biogroupvietnam.com\/en\/vi\/?s={search_term_string}"},"query-input":{"@type":"PropertyValueSpecification","valueRequired":true,"valueName":"search_term_string"}}],"inLanguage":"en-US"}]}},"_links":{"self":[{"href":"https:\/\/biogroupvietnam.com\/en\/wp-json\/wp\/v2\/product\/4060","targetHints":{"allow":["GET"]}}],"collection":[{"href":"https:\/\/biogroupvietnam.com\/en\/wp-json\/wp\/v2\/product"}],"about":[{"href":"https:\/\/biogroupvietnam.com\/en\/wp-json\/wp\/v2\/types\/product"}],"replies":[{"embeddable":true,"href":"https:\/\/biogroupvietnam.com\/en\/wp-json\/wp\/v2\/comments?post=4060"}],"version-history":[{"count":3,"href":"https:\/\/biogroupvietnam.com\/en\/wp-json\/wp\/v2\/product\/4060\/revisions"}],"predecessor-version":[{"id":8335,"href":"https:\/\/biogroupvietnam.com\/en\/wp-json\/wp\/v2\/product\/4060\/revisions\/8335"}],"wp:featuredmedia":[{"embeddable":true,"href":"https:\/\/biogroupvietnam.com\/en\/wp-json\/wp\/v2\/media\/5580"}],"wp:attachment":[{"href":"https:\/\/biogroupvietnam.com\/en\/wp-json\/wp\/v2\/media?parent=4060"}],"wp:term":[{"taxonomy":"product_brand","embeddable":true,"href":"https:\/\/biogroupvietnam.com\/en\/wp-json\/wp\/v2\/product_brand?post=4060"},{"taxonomy":"product_cat","embeddable":true,"href":"https:\/\/biogroupvietnam.com\/en\/wp-json\/wp\/v2\/product_cat?post=4060"},{"taxonomy":"product_tag","embeddable":true,"href":"https:\/\/biogroupvietnam.com\/en\/wp-json\/wp\/v2\/product_tag?post=4060"}],"curies":[{"name":"wp","href":"https:\/\/api.w.org\/{rel}","templated":true}]}}