{"id":4062,"date":"2025-08-18T19:56:07","date_gmt":"2025-08-18T12:56:07","guid":{"rendered":"http:\/\/biogroupvietnam-worldpress.local\/product\/import-placeholder-for-247\/"},"modified":"2025-10-02T14:34:20","modified_gmt":"2025-10-02T07:34:20","slug":"may-ly-tam-de-ban-haematokrit-200","status":"publish","type":"product","link":"https:\/\/biogroupvietnam.com\/en\/product\/haematokrit-200\/","title":{"rendered":"HAEMATOKRIT 200"},"content":{"rendered":"<h2>Hematocrit determination in only 7 minutes<\/h2>\n<p>The <a href=\"https:\/\/www.hettichlab.com\/products\/centrifuges\/small-centrifuges\/haematokrit-200\/\" target=\"_blank\" rel=\"noopener noreferrer\">HAEMATOKRIT 200<\/a> is a fast and efficient centrifuge for determination of the hematocrit count. It runs at 13,000 RPM and accommodates up to 24 capillary tubes to a maximum RCF of 16,060. Results can be clearly viewed with the integrated Haematocrit reader in the rotor lid.<\/p>\n","protected":false},"excerpt":{"rendered":"<p>Hematocrit determination in only 7 minutes The HAEMATOKRIT 200 is a fast and efficient centrifuge for determination of the hematocrit count. It runs at 13,000 RPM and accommodates up to 24 capillary tubes to a maximum RCF of 16,060. Results can be clearly viewed with the integrated Haematocrit reader in the rotor lid.<\/p>\n","protected":false},"featured_media":5582,"comment_status":"closed","ping_status":"closed","template":"","meta":{"_acf_changed":false},"product_brand":[130],"product_cat":[122],"product_tag":[],"class_list":{"0":"post-4062","1":"product","2":"type-product","3":"status-publish","4":"has-post-thumbnail","6":"product_brand-andreas-hettich","7":"product_cat-centrifuges","9":"first","10":"outofstock","11":"shipping-taxable","12":"product-type-simple"},"acf":[],"yoast_head":"<!-- This site is optimized with the Yoast SEO plugin v26.8 - https:\/\/yoast.com\/product\/yoast-seo-wordpress\/ -->\n<title>HAEMATOKRIT 200<\/title>\n<meta name=\"description\" content=\"Hematocrit determination in only 7 minutes The HAEMATOKRIT 200 is a fast and efficient centrifuge for determination of the hematocrit count. It runs at 13,000 RPM and accommodates up to 24 capillary tubes to a maximum RCF of 16,060. Results can be clearly viewed with the integrated Haematocrit reader in the rotor lid.\" \/>\n<meta name=\"robots\" content=\"index, follow, max-snippet:-1, max-image-preview:large, max-video-preview:-1\" \/>\n<link rel=\"canonical\" href=\"http:\/\/Hematocrit%20determination%20in%20only%207%20minutes%20The%20HAEMATOKRIT%20200%20is%20a%20fast%20and%20efficient%20centrifuge%20for%20determination%20of%20the%20hematocrit%20count.%20It%20runs%20at%2013,000%20RPM%20and%20accommodates%20up%20to%2024%20capillary%20tubes%20to%20a%20maximum%20RCF%20of%2016,060.%20Results%20can%20be%20clearly%20viewed%20with%20the%20integrated%20Haematocrit%20reader%20in%20the%20rotor%20lid.\" \/>\n<meta property=\"og:locale\" content=\"en_US\" \/>\n<meta property=\"og:type\" content=\"article\" \/>\n<meta property=\"og:title\" content=\"HAEMATOKRIT 200\" \/>\n<meta property=\"og:description\" content=\"Hematocrit determination in only 7 minutes The HAEMATOKRIT 200 is a fast and efficient centrifuge for determination of the hematocrit count. It runs at 13,000 RPM and accommodates up to 24 capillary tubes to a maximum RCF of 16,060. Results can be clearly viewed with the integrated Haematocrit reader in the rotor lid.\" \/>\n<meta property=\"og:url\" content=\"https:\/\/biogroupvietnam.com\/en\/product\/haematokrit-200\/\" \/>\n<meta property=\"og:site_name\" content=\"Biogroup Vietnam\" \/>\n<meta property=\"article:modified_time\" content=\"2025-10-02T07:34:20+00:00\" \/>\n<meta property=\"og:image\" content=\"https:\/\/biogroupvietnam.com\/wp-content\/uploads\/2025\/08\/HAEMATOKRIT20200202.jpg\" \/>\n\t<meta property=\"og:image:width\" content=\"1600\" \/>\n\t<meta property=\"og:image:height\" content=\"1229\" \/>\n\t<meta property=\"og:image:type\" content=\"image\/jpeg\" \/>\n<meta name=\"twitter:card\" content=\"summary_large_image\" \/>\n<meta name=\"twitter:label1\" content=\"Est. reading time\" \/>\n\t<meta name=\"twitter:data1\" content=\"1 minute\" \/>\n<script type=\"application\/ld+json\" class=\"yoast-schema-graph\">{\"@context\":\"https:\/\/schema.org\",\"@graph\":[{\"@type\":\"WebPage\",\"@id\":\"https:\/\/biogroupvietnam.com\/en\/product\/haematokrit-200\/\",\"url\":\"https:\/\/biogroupvietnam.com\/en\/product\/haematokrit-200\/\",\"name\":\"M\u00e1y Ly T\u00e2m \u0110\u1ec3 B\u00e0n HAEMATOKRIT 200\",\"isPartOf\":{\"@id\":\"https:\/\/biogroupvietnam.com\/vi\/#website\"},\"primaryImageOfPage\":{\"@id\":\"https:\/\/biogroupvietnam.com\/en\/product\/haematokrit-200\/#primaryimage\"},\"image\":{\"@id\":\"https:\/\/biogroupvietnam.com\/en\/product\/haematokrit-200\/#primaryimage\"},\"thumbnailUrl\":\"https:\/\/biogroupvietnam.com\/wp-content\/uploads\/2025\/08\/HAEMATOKRIT20200202.jpg\",\"datePublished\":\"2025-08-18T12:56:07+00:00\",\"dateModified\":\"2025-10-02T07:34:20+00:00\",\"description\":\"HAEMATOKRIT 200 \u0111\u01b0\u1ee3c s\u1eed d\u1ee5ng \u0111\u1ec3 ly t\u00e2m c\u00e1c m\u1eabu m\u00e1u c\u00f3 ngu\u1ed3n g\u1ed1c t\u1eeb ng\u01b0\u1eddi trong c\u00e1c \u1ed1ng mao qu\u1ea3n hematocrit theo EN ISO 12772 ho\u1eb7c trong c\u00e1c \u1ed1ng mao qu\u1ea3n \u0111\u1eb7c bi\u1ec7t \u0111\u1ec3 ph\u00e2n t\u00edch \u0111\u1ecbnh l\u01b0\u1ee3ng l\u1edbp gi\u00e0u t\u1ebf b\u00e0o g\u1ed1c (buffy coat).\",\"breadcrumb\":{\"@id\":\"https:\/\/biogroupvietnam.com\/en\/product\/haematokrit-200\/#breadcrumb\"},\"inLanguage\":\"en-US\",\"potentialAction\":[{\"@type\":\"ReadAction\",\"target\":[\"https:\/\/biogroupvietnam.com\/en\/product\/haematokrit-200\/\"]}]},{\"@type\":\"ImageObject\",\"inLanguage\":\"en-US\",\"@id\":\"https:\/\/biogroupvietnam.com\/en\/product\/haematokrit-200\/#primaryimage\",\"url\":\"https:\/\/biogroupvietnam.com\/wp-content\/uploads\/2025\/08\/HAEMATOKRIT20200202.jpg\",\"contentUrl\":\"https:\/\/biogroupvietnam.com\/wp-content\/uploads\/2025\/08\/HAEMATOKRIT20200202.jpg\",\"width\":1600,\"height\":1229,\"caption\":\"\u00a0\"},{\"@type\":\"BreadcrumbList\",\"@id\":\"https:\/\/biogroupvietnam.com\/en\/product\/haematokrit-200\/#breadcrumb\",\"itemListElement\":[{\"@type\":\"ListItem\",\"position\":1,\"name\":\"Biogroup Vietnam | End-to-End Biotechnology Solutions\",\"item\":\"https:\/\/biogroupvietnam.com\/vi\/\"},{\"@type\":\"ListItem\",\"position\":2,\"name\":\"Product\",\"item\":\"https:\/\/biogroupvietnam.com\/vi\/san-pham\/\"},{\"@type\":\"ListItem\",\"position\":3,\"name\":\"Biological R&D\",\"item\":\"https:\/\/biogroupvietnam.com\/vi\/danh-muc-san-pham\/rd-sinh-hoc\/\"},{\"@type\":\"ListItem\",\"position\":4,\"name\":\"Centrifuges\",\"item\":\"https:\/\/biogroupvietnam.com\/vi\/danh-muc-san-pham\/may-ly-tam\/\"},{\"@type\":\"ListItem\",\"position\":5,\"name\":\"HAEMATOKRIT 200\"}]},{\"@type\":\"WebSite\",\"@id\":\"https:\/\/biogroupvietnam.com\/en\/vi\/#website\",\"url\":\"https:\/\/biogroupvietnam.com\/en\/vi\/\",\"name\":\"Biogroup Vietnam\",\"description\":\"Biogroup Vietnam cung c\u1ea5p d\u1ecbch v\u1ee5 k\u1ef9 thu\u1eadt c\u00f9ng thi\u1ebft b\u1ecb, v\u1eadt t\u01b0, h\u00f3a ch\u1ea5t v\u00e0 gi\u1ea3i ph\u00e1p sinh h\u1ecdc cho ph\u00f2ng th\u00ed nghi\u1ec7m c\u00f4ng ngh\u1ec7 sinh h\u1ecdc, y sinh v\u00e0 y h\u1ecdc t\u00e1i t\u1ea1o.\",\"potentialAction\":[{\"@type\":\"SearchAction\",\"target\":{\"@type\":\"EntryPoint\",\"urlTemplate\":\"https:\/\/biogroupvietnam.com\/en\/vi\/?s={search_term_string}\"},\"query-input\":{\"@type\":\"PropertyValueSpecification\",\"valueRequired\":true,\"valueName\":\"search_term_string\"}}],\"inLanguage\":\"en-US\"}]}<\/script>\n<!-- \/ Yoast SEO plugin. -->","yoast_head_json":{"title":"HAEMATOKRIT 200","description":"Hematocrit determination in only 7 minutes The HAEMATOKRIT 200 is a fast and efficient centrifuge for determination of the hematocrit count. It runs at 13,000 RPM and accommodates up to 24 capillary tubes to a maximum RCF of 16,060. Results can be clearly viewed with the integrated Haematocrit reader in the rotor lid.","robots":{"index":"index","follow":"follow","max-snippet":"max-snippet:-1","max-image-preview":"max-image-preview:large","max-video-preview":"max-video-preview:-1"},"canonical":"Hematocrit determination in only 7 minutes The HAEMATOKRIT 200 is a fast and efficient centrifuge for determination of the hematocrit count. It runs at 13,000 RPM and accommodates up to 24 capillary tubes to a maximum RCF of 16,060. Results can be clearly viewed with the integrated Haematocrit reader in the rotor lid.","og_locale":"en_US","og_type":"article","og_title":"HAEMATOKRIT 200","og_description":"Hematocrit determination in only 7 minutes The HAEMATOKRIT 200 is a fast and efficient centrifuge for determination of the hematocrit count. It runs at 13,000 RPM and accommodates up to 24 capillary tubes to a maximum RCF of 16,060. Results can be clearly viewed with the integrated Haematocrit reader in the rotor lid.","og_url":"https:\/\/biogroupvietnam.com\/en\/product\/haematokrit-200\/","og_site_name":"Biogroup Vietnam","article_modified_time":"2025-10-02T07:34:20+00:00","og_image":[{"width":1600,"height":1229,"url":"https:\/\/biogroupvietnam.com\/wp-content\/uploads\/2025\/08\/HAEMATOKRIT20200202.jpg","type":"image\/jpeg"}],"twitter_card":"summary_large_image","twitter_misc":{"Est. reading time":"1 minute"},"schema":{"@context":"https:\/\/schema.org","@graph":[{"@type":"WebPage","@id":"https:\/\/biogroupvietnam.com\/en\/product\/haematokrit-200\/","url":"https:\/\/biogroupvietnam.com\/en\/product\/haematokrit-200\/","name":"M\u00e1y Ly T\u00e2m \u0110\u1ec3 B\u00e0n HAEMATOKRIT 200","isPartOf":{"@id":"https:\/\/biogroupvietnam.com\/vi\/#website"},"primaryImageOfPage":{"@id":"https:\/\/biogroupvietnam.com\/en\/product\/haematokrit-200\/#primaryimage"},"image":{"@id":"https:\/\/biogroupvietnam.com\/en\/product\/haematokrit-200\/#primaryimage"},"thumbnailUrl":"https:\/\/biogroupvietnam.com\/wp-content\/uploads\/2025\/08\/HAEMATOKRIT20200202.jpg","datePublished":"2025-08-18T12:56:07+00:00","dateModified":"2025-10-02T07:34:20+00:00","description":"HAEMATOKRIT 200 \u0111\u01b0\u1ee3c s\u1eed d\u1ee5ng \u0111\u1ec3 ly t\u00e2m c\u00e1c m\u1eabu m\u00e1u c\u00f3 ngu\u1ed3n g\u1ed1c t\u1eeb ng\u01b0\u1eddi trong c\u00e1c \u1ed1ng mao qu\u1ea3n hematocrit theo EN ISO 12772 ho\u1eb7c trong c\u00e1c \u1ed1ng mao qu\u1ea3n \u0111\u1eb7c bi\u1ec7t \u0111\u1ec3 ph\u00e2n t\u00edch \u0111\u1ecbnh l\u01b0\u1ee3ng l\u1edbp gi\u00e0u t\u1ebf b\u00e0o g\u1ed1c (buffy coat).","breadcrumb":{"@id":"https:\/\/biogroupvietnam.com\/en\/product\/haematokrit-200\/#breadcrumb"},"inLanguage":"en-US","potentialAction":[{"@type":"ReadAction","target":["https:\/\/biogroupvietnam.com\/en\/product\/haematokrit-200\/"]}]},{"@type":"ImageObject","inLanguage":"en-US","@id":"https:\/\/biogroupvietnam.com\/en\/product\/haematokrit-200\/#primaryimage","url":"https:\/\/biogroupvietnam.com\/wp-content\/uploads\/2025\/08\/HAEMATOKRIT20200202.jpg","contentUrl":"https:\/\/biogroupvietnam.com\/wp-content\/uploads\/2025\/08\/HAEMATOKRIT20200202.jpg","width":1600,"height":1229,"caption":"\u00a0"},{"@type":"BreadcrumbList","@id":"https:\/\/biogroupvietnam.com\/en\/product\/haematokrit-200\/#breadcrumb","itemListElement":[{"@type":"ListItem","position":1,"name":"Biogroup Vietnam | End-to-End Biotechnology Solutions","item":"https:\/\/biogroupvietnam.com\/vi\/"},{"@type":"ListItem","position":2,"name":"Product","item":"https:\/\/biogroupvietnam.com\/vi\/san-pham\/"},{"@type":"ListItem","position":3,"name":"Biological R&D","item":"https:\/\/biogroupvietnam.com\/vi\/danh-muc-san-pham\/rd-sinh-hoc\/"},{"@type":"ListItem","position":4,"name":"Centrifuges","item":"https:\/\/biogroupvietnam.com\/vi\/danh-muc-san-pham\/may-ly-tam\/"},{"@type":"ListItem","position":5,"name":"HAEMATOKRIT 200"}]},{"@type":"WebSite","@id":"https:\/\/biogroupvietnam.com\/en\/vi\/#website","url":"https:\/\/biogroupvietnam.com\/en\/vi\/","name":"Biogroup Vietnam","description":"Biogroup Vietnam cung c\u1ea5p d\u1ecbch v\u1ee5 k\u1ef9 thu\u1eadt c\u00f9ng thi\u1ebft b\u1ecb, v\u1eadt t\u01b0, h\u00f3a ch\u1ea5t v\u00e0 gi\u1ea3i ph\u00e1p sinh h\u1ecdc cho ph\u00f2ng th\u00ed nghi\u1ec7m c\u00f4ng ngh\u1ec7 sinh h\u1ecdc, y sinh v\u00e0 y h\u1ecdc t\u00e1i t\u1ea1o.","potentialAction":[{"@type":"SearchAction","target":{"@type":"EntryPoint","urlTemplate":"https:\/\/biogroupvietnam.com\/en\/vi\/?s={search_term_string}"},"query-input":{"@type":"PropertyValueSpecification","valueRequired":true,"valueName":"search_term_string"}}],"inLanguage":"en-US"}]}},"_links":{"self":[{"href":"https:\/\/biogroupvietnam.com\/en\/wp-json\/wp\/v2\/product\/4062","targetHints":{"allow":["GET"]}}],"collection":[{"href":"https:\/\/biogroupvietnam.com\/en\/wp-json\/wp\/v2\/product"}],"about":[{"href":"https:\/\/biogroupvietnam.com\/en\/wp-json\/wp\/v2\/types\/product"}],"replies":[{"embeddable":true,"href":"https:\/\/biogroupvietnam.com\/en\/wp-json\/wp\/v2\/comments?post=4062"}],"version-history":[{"count":3,"href":"https:\/\/biogroupvietnam.com\/en\/wp-json\/wp\/v2\/product\/4062\/revisions"}],"predecessor-version":[{"id":8337,"href":"https:\/\/biogroupvietnam.com\/en\/wp-json\/wp\/v2\/product\/4062\/revisions\/8337"}],"wp:featuredmedia":[{"embeddable":true,"href":"https:\/\/biogroupvietnam.com\/en\/wp-json\/wp\/v2\/media\/5582"}],"wp:attachment":[{"href":"https:\/\/biogroupvietnam.com\/en\/wp-json\/wp\/v2\/media?parent=4062"}],"wp:term":[{"taxonomy":"product_brand","embeddable":true,"href":"https:\/\/biogroupvietnam.com\/en\/wp-json\/wp\/v2\/product_brand?post=4062"},{"taxonomy":"product_cat","embeddable":true,"href":"https:\/\/biogroupvietnam.com\/en\/wp-json\/wp\/v2\/product_cat?post=4062"},{"taxonomy":"product_tag","embeddable":true,"href":"https:\/\/biogroupvietnam.com\/en\/wp-json\/wp\/v2\/product_tag?post=4062"}],"curies":[{"name":"wp","href":"https:\/\/api.w.org\/{rel}","templated":true}]}}