{"id":4072,"date":"2025-08-18T19:56:10","date_gmt":"2025-08-18T12:56:10","guid":{"rendered":"http:\/\/biogroupvietnam-worldpress.local\/product\/import-placeholder-for-264\/"},"modified":"2026-03-30T16:42:36","modified_gmt":"2026-03-30T09:42:36","slug":"bo-moi-truong-biet-hoa-organoid-ruot-intesticult-nguoi","status":"publish","type":"product","link":"https:\/\/biogroupvietnam.com\/en\/product\/intesticult-organoid-differentiation-medium-human\/","title":{"rendered":"IntestiCult\u2122 Organoid Differentiation Medium (Human)"},"content":{"rendered":"<p><a href=\"https:\/\/www.stemcell.com\/products\/intesticult-organoid-differentiation-medium-human.html\">IntestiCult\u2122 Organoid Differentiation Medium<\/a> is a cell culture medium for further differentiation of human intestinal organoids in 3D, or as monolayers\/air-liquid interface cultures.<\/p>\n","protected":false},"excerpt":{"rendered":"<p>IntestiCult\u2122 Organoid Differentiation Medium is a cell culture medium for further differentiation of human intestinal organoids in 3D, or as monolayers\/air-liquid interface cultures.<\/p>\n","protected":false},"featured_media":10123,"comment_status":"closed","ping_status":"closed","template":"","meta":{"_acf_changed":false},"product_brand":[127],"product_cat":[88],"product_tag":[],"class_list":{"0":"post-4072","1":"product","2":"type-product","3":"status-publish","4":"has-post-thumbnail","6":"product_brand-stemcell-technologies","7":"product_cat-organoids","9":"first","10":"outofstock","11":"shipping-taxable","12":"product-type-simple"},"acf":[],"yoast_head":"<!-- This site is optimized with the Yoast SEO plugin v26.8 - https:\/\/yoast.com\/product\/yoast-seo-wordpress\/ -->\n<title>IntestiCult\u2122 Organoid Differentiation Medium (Human)<\/title>\n<meta name=\"description\" content=\"IntestiCult\u2122 Organoid Differentiation Medium is a cell culture medium for further differentiation of human intestinal organoids in 3D, or as monolayers\/air-liquid interface cultures.\" \/>\n<meta name=\"robots\" content=\"index, follow, max-snippet:-1, max-image-preview:large, max-video-preview:-1\" \/>\n<link rel=\"canonical\" href=\"http:\/\/IntestiCult\u2122%20Organoid%20Differentiation%20Medium%20is%20a%20cell%20culture%20medium%20for%20further%20differentiation%20of%20human%20intestinal%20organoids%20in%203D,%20or%20as%20monolayers\/air-liquid%20interface%20cultures.\" \/>\n<meta property=\"og:locale\" content=\"en_US\" \/>\n<meta property=\"og:type\" content=\"article\" \/>\n<meta property=\"og:title\" content=\"IntestiCult\u2122 Organoid Differentiation Medium (Human)\" \/>\n<meta property=\"og:description\" content=\"IntestiCult\u2122 Organoid Differentiation Medium is a cell culture medium for further differentiation of human intestinal organoids in 3D, or as monolayers\/air-liquid interface cultures.\" \/>\n<meta property=\"og:url\" content=\"https:\/\/biogroupvietnam.com\/en\/product\/intesticult-organoid-differentiation-medium-human\/\" \/>\n<meta property=\"og:site_name\" content=\"Biogroup Vietnam\" \/>\n<meta property=\"article:modified_time\" content=\"2026-03-30T09:42:36+00:00\" \/>\n<meta property=\"og:image\" content=\"https:\/\/biogroupvietnam.com\/wp-content\/uploads\/2025\/08\/bo-moi-truong-biet-hoa-organoid-ruot-intesticult-nguoi.jpg\" \/>\n\t<meta property=\"og:image:width\" content=\"1640\" \/>\n\t<meta property=\"og:image:height\" content=\"1260\" \/>\n\t<meta property=\"og:image:type\" content=\"image\/jpeg\" \/>\n<meta name=\"twitter:card\" content=\"summary_large_image\" \/>\n<meta name=\"twitter:label1\" content=\"Est. reading time\" \/>\n\t<meta name=\"twitter:data1\" content=\"6 minutes\" \/>\n<script type=\"application\/ld+json\" class=\"yoast-schema-graph\">{\"@context\":\"https:\/\/schema.org\",\"@graph\":[{\"@type\":\"WebPage\",\"@id\":\"https:\/\/biogroupvietnam.com\/en\/product\/intesticult-organoid-differentiation-medium-human\/\",\"url\":\"https:\/\/biogroupvietnam.com\/en\/product\/intesticult-organoid-differentiation-medium-human\/\",\"name\":\"B\u1ed9 M\u00f4i Tr\u01b0\u1eddng Bi\u1ec7t H\u00f3a Organoid Ru\u1ed9t IntestiCult\u2122 (Ng\u01b0\u1eddi)\",\"isPartOf\":{\"@id\":\"https:\/\/biogroupvietnam.com\/vi\/#website\"},\"primaryImageOfPage\":{\"@id\":\"https:\/\/biogroupvietnam.com\/en\/product\/intesticult-organoid-differentiation-medium-human\/#primaryimage\"},\"image\":{\"@id\":\"https:\/\/biogroupvietnam.com\/en\/product\/intesticult-organoid-differentiation-medium-human\/#primaryimage\"},\"thumbnailUrl\":\"https:\/\/biogroupvietnam.com\/wp-content\/uploads\/2025\/08\/bo-moi-truong-biet-hoa-organoid-ruot-intesticult-nguoi.jpg\",\"datePublished\":\"2025-08-18T12:56:10+00:00\",\"dateModified\":\"2026-03-30T09:42:36+00:00\",\"description\":\"B\u1ed9 M\u00f4i Tr\u01b0\u1eddng Bi\u1ec7t H\u00f3a Organoid Ru\u1ed9t IntestiCult\u2122 (Ng\u01b0\u1eddi) l\u00e0 m\u00f4i tr\u01b0\u1eddng nu\u00f4i c\u1ea5y ho\u00e0n ch\u1ec9nh h\u1ed7 tr\u1ee3 bi\u1ec7t h\u00f3a th\u00eam c\u00e1c c\u01a1 quan ru\u1ed9t \u1edf ba chi\u1ec1u (3D) ho\u1eb7c \u1edf 2D d\u01b0\u1edbi d\u1ea1ng c\u00e1c l\u1edbp \u0111\u01a1n ho\u1eb7c nu\u00f4i c\u1ea5y b\u1ec1 m\u1eb7t kh\u00f4ng kh\u00ed-l\u1ecfng (ALI).\",\"breadcrumb\":{\"@id\":\"https:\/\/biogroupvietnam.com\/en\/product\/intesticult-organoid-differentiation-medium-human\/#breadcrumb\"},\"inLanguage\":\"en-US\",\"potentialAction\":[{\"@type\":\"ReadAction\",\"target\":[\"https:\/\/biogroupvietnam.com\/en\/product\/intesticult-organoid-differentiation-medium-human\/\"]}]},{\"@type\":\"ImageObject\",\"inLanguage\":\"en-US\",\"@id\":\"https:\/\/biogroupvietnam.com\/en\/product\/intesticult-organoid-differentiation-medium-human\/#primaryimage\",\"url\":\"https:\/\/biogroupvietnam.com\/wp-content\/uploads\/2025\/08\/bo-moi-truong-biet-hoa-organoid-ruot-intesticult-nguoi.jpg\",\"contentUrl\":\"https:\/\/biogroupvietnam.com\/wp-content\/uploads\/2025\/08\/bo-moi-truong-biet-hoa-organoid-ruot-intesticult-nguoi.jpg\",\"width\":1640,\"height\":1260,\"caption\":\"B\u1ed9 M\u00f4i Tr\u01b0\u1eddng Bi\u1ec7t H\u00f3a Organoid Ru\u1ed9t IntestiCult\u2122 (Ng\u01b0\u1eddi)\"},{\"@type\":\"BreadcrumbList\",\"@id\":\"https:\/\/biogroupvietnam.com\/en\/product\/intesticult-organoid-differentiation-medium-human\/#breadcrumb\",\"itemListElement\":[{\"@type\":\"ListItem\",\"position\":1,\"name\":\"Biogroup Vietnam | End-to-End Biotechnology Solutions\",\"item\":\"https:\/\/biogroupvietnam.com\/vi\/\"},{\"@type\":\"ListItem\",\"position\":2,\"name\":\"Product\",\"item\":\"https:\/\/biogroupvietnam.com\/vi\/san-pham\/\"},{\"@type\":\"ListItem\",\"position\":3,\"name\":\"Cell Culture\",\"item\":\"https:\/\/biogroupvietnam.com\/vi\/danh-muc-san-pham\/nuoi-cay-te-bao\/\"},{\"@type\":\"ListItem\",\"position\":4,\"name\":\"Organoids\",\"item\":\"https:\/\/biogroupvietnam.com\/vi\/danh-muc-san-pham\/organoids\/\"},{\"@type\":\"ListItem\",\"position\":5,\"name\":\"IntestiCult\u2122 Organoid Differentiation Medium (Human)\"}]},{\"@type\":\"WebSite\",\"@id\":\"https:\/\/biogroupvietnam.com\/en\/vi\/#website\",\"url\":\"https:\/\/biogroupvietnam.com\/en\/vi\/\",\"name\":\"Biogroup Vietnam\",\"description\":\"Biogroup Vietnam cung c\u1ea5p d\u1ecbch v\u1ee5 k\u1ef9 thu\u1eadt c\u00f9ng thi\u1ebft b\u1ecb, v\u1eadt t\u01b0, h\u00f3a ch\u1ea5t v\u00e0 gi\u1ea3i ph\u00e1p sinh h\u1ecdc cho ph\u00f2ng th\u00ed nghi\u1ec7m c\u00f4ng ngh\u1ec7 sinh h\u1ecdc, y sinh v\u00e0 y h\u1ecdc t\u00e1i t\u1ea1o.\",\"potentialAction\":[{\"@type\":\"SearchAction\",\"target\":{\"@type\":\"EntryPoint\",\"urlTemplate\":\"https:\/\/biogroupvietnam.com\/en\/vi\/?s={search_term_string}\"},\"query-input\":{\"@type\":\"PropertyValueSpecification\",\"valueRequired\":true,\"valueName\":\"search_term_string\"}}],\"inLanguage\":\"en-US\"}]}<\/script>\n<!-- \/ Yoast SEO plugin. -->","yoast_head_json":{"title":"IntestiCult\u2122 Organoid Differentiation Medium (Human)","description":"IntestiCult\u2122 Organoid Differentiation Medium is a cell culture medium for further differentiation of human intestinal organoids in 3D, or as monolayers\/air-liquid interface cultures.","robots":{"index":"index","follow":"follow","max-snippet":"max-snippet:-1","max-image-preview":"max-image-preview:large","max-video-preview":"max-video-preview:-1"},"canonical":"IntestiCult\u2122 Organoid Differentiation Medium is a cell culture medium for further differentiation of human intestinal organoids in 3D, or as monolayers\/air-liquid interface cultures.","og_locale":"en_US","og_type":"article","og_title":"IntestiCult\u2122 Organoid Differentiation Medium (Human)","og_description":"IntestiCult\u2122 Organoid Differentiation Medium is a cell culture medium for further differentiation of human intestinal organoids in 3D, or as monolayers\/air-liquid interface cultures.","og_url":"https:\/\/biogroupvietnam.com\/en\/product\/intesticult-organoid-differentiation-medium-human\/","og_site_name":"Biogroup Vietnam","article_modified_time":"2026-03-30T09:42:36+00:00","og_image":[{"width":1640,"height":1260,"url":"https:\/\/biogroupvietnam.com\/wp-content\/uploads\/2025\/08\/bo-moi-truong-biet-hoa-organoid-ruot-intesticult-nguoi.jpg","type":"image\/jpeg"}],"twitter_card":"summary_large_image","twitter_misc":{"Est. reading time":"6 minutes"},"schema":{"@context":"https:\/\/schema.org","@graph":[{"@type":"WebPage","@id":"https:\/\/biogroupvietnam.com\/en\/product\/intesticult-organoid-differentiation-medium-human\/","url":"https:\/\/biogroupvietnam.com\/en\/product\/intesticult-organoid-differentiation-medium-human\/","name":"B\u1ed9 M\u00f4i Tr\u01b0\u1eddng Bi\u1ec7t H\u00f3a Organoid Ru\u1ed9t IntestiCult\u2122 (Ng\u01b0\u1eddi)","isPartOf":{"@id":"https:\/\/biogroupvietnam.com\/vi\/#website"},"primaryImageOfPage":{"@id":"https:\/\/biogroupvietnam.com\/en\/product\/intesticult-organoid-differentiation-medium-human\/#primaryimage"},"image":{"@id":"https:\/\/biogroupvietnam.com\/en\/product\/intesticult-organoid-differentiation-medium-human\/#primaryimage"},"thumbnailUrl":"https:\/\/biogroupvietnam.com\/wp-content\/uploads\/2025\/08\/bo-moi-truong-biet-hoa-organoid-ruot-intesticult-nguoi.jpg","datePublished":"2025-08-18T12:56:10+00:00","dateModified":"2026-03-30T09:42:36+00:00","description":"B\u1ed9 M\u00f4i Tr\u01b0\u1eddng Bi\u1ec7t H\u00f3a Organoid Ru\u1ed9t IntestiCult\u2122 (Ng\u01b0\u1eddi) l\u00e0 m\u00f4i tr\u01b0\u1eddng nu\u00f4i c\u1ea5y ho\u00e0n ch\u1ec9nh h\u1ed7 tr\u1ee3 bi\u1ec7t h\u00f3a th\u00eam c\u00e1c c\u01a1 quan ru\u1ed9t \u1edf ba chi\u1ec1u (3D) ho\u1eb7c \u1edf 2D d\u01b0\u1edbi d\u1ea1ng c\u00e1c l\u1edbp \u0111\u01a1n ho\u1eb7c nu\u00f4i c\u1ea5y b\u1ec1 m\u1eb7t kh\u00f4ng kh\u00ed-l\u1ecfng (ALI).","breadcrumb":{"@id":"https:\/\/biogroupvietnam.com\/en\/product\/intesticult-organoid-differentiation-medium-human\/#breadcrumb"},"inLanguage":"en-US","potentialAction":[{"@type":"ReadAction","target":["https:\/\/biogroupvietnam.com\/en\/product\/intesticult-organoid-differentiation-medium-human\/"]}]},{"@type":"ImageObject","inLanguage":"en-US","@id":"https:\/\/biogroupvietnam.com\/en\/product\/intesticult-organoid-differentiation-medium-human\/#primaryimage","url":"https:\/\/biogroupvietnam.com\/wp-content\/uploads\/2025\/08\/bo-moi-truong-biet-hoa-organoid-ruot-intesticult-nguoi.jpg","contentUrl":"https:\/\/biogroupvietnam.com\/wp-content\/uploads\/2025\/08\/bo-moi-truong-biet-hoa-organoid-ruot-intesticult-nguoi.jpg","width":1640,"height":1260,"caption":"B\u1ed9 M\u00f4i Tr\u01b0\u1eddng Bi\u1ec7t H\u00f3a Organoid Ru\u1ed9t IntestiCult\u2122 (Ng\u01b0\u1eddi)"},{"@type":"BreadcrumbList","@id":"https:\/\/biogroupvietnam.com\/en\/product\/intesticult-organoid-differentiation-medium-human\/#breadcrumb","itemListElement":[{"@type":"ListItem","position":1,"name":"Biogroup Vietnam | End-to-End Biotechnology Solutions","item":"https:\/\/biogroupvietnam.com\/vi\/"},{"@type":"ListItem","position":2,"name":"Product","item":"https:\/\/biogroupvietnam.com\/vi\/san-pham\/"},{"@type":"ListItem","position":3,"name":"Cell Culture","item":"https:\/\/biogroupvietnam.com\/vi\/danh-muc-san-pham\/nuoi-cay-te-bao\/"},{"@type":"ListItem","position":4,"name":"Organoids","item":"https:\/\/biogroupvietnam.com\/vi\/danh-muc-san-pham\/organoids\/"},{"@type":"ListItem","position":5,"name":"IntestiCult\u2122 Organoid Differentiation Medium (Human)"}]},{"@type":"WebSite","@id":"https:\/\/biogroupvietnam.com\/en\/vi\/#website","url":"https:\/\/biogroupvietnam.com\/en\/vi\/","name":"Biogroup Vietnam","description":"Biogroup Vietnam cung c\u1ea5p d\u1ecbch v\u1ee5 k\u1ef9 thu\u1eadt c\u00f9ng thi\u1ebft b\u1ecb, v\u1eadt t\u01b0, h\u00f3a ch\u1ea5t v\u00e0 gi\u1ea3i ph\u00e1p sinh h\u1ecdc cho ph\u00f2ng th\u00ed nghi\u1ec7m c\u00f4ng ngh\u1ec7 sinh h\u1ecdc, y sinh v\u00e0 y h\u1ecdc t\u00e1i t\u1ea1o.","potentialAction":[{"@type":"SearchAction","target":{"@type":"EntryPoint","urlTemplate":"https:\/\/biogroupvietnam.com\/en\/vi\/?s={search_term_string}"},"query-input":{"@type":"PropertyValueSpecification","valueRequired":true,"valueName":"search_term_string"}}],"inLanguage":"en-US"}]}},"_links":{"self":[{"href":"https:\/\/biogroupvietnam.com\/en\/wp-json\/wp\/v2\/product\/4072","targetHints":{"allow":["GET"]}}],"collection":[{"href":"https:\/\/biogroupvietnam.com\/en\/wp-json\/wp\/v2\/product"}],"about":[{"href":"https:\/\/biogroupvietnam.com\/en\/wp-json\/wp\/v2\/types\/product"}],"replies":[{"embeddable":true,"href":"https:\/\/biogroupvietnam.com\/en\/wp-json\/wp\/v2\/comments?post=4072"}],"version-history":[{"count":13,"href":"https:\/\/biogroupvietnam.com\/en\/wp-json\/wp\/v2\/product\/4072\/revisions"}],"predecessor-version":[{"id":9722,"href":"https:\/\/biogroupvietnam.com\/en\/wp-json\/wp\/v2\/product\/4072\/revisions\/9722"}],"wp:featuredmedia":[{"embeddable":true,"href":"https:\/\/biogroupvietnam.com\/en\/wp-json\/wp\/v2\/media\/10123"}],"wp:attachment":[{"href":"https:\/\/biogroupvietnam.com\/en\/wp-json\/wp\/v2\/media?parent=4072"}],"wp:term":[{"taxonomy":"product_brand","embeddable":true,"href":"https:\/\/biogroupvietnam.com\/en\/wp-json\/wp\/v2\/product_brand?post=4072"},{"taxonomy":"product_cat","embeddable":true,"href":"https:\/\/biogroupvietnam.com\/en\/wp-json\/wp\/v2\/product_cat?post=4072"},{"taxonomy":"product_tag","embeddable":true,"href":"https:\/\/biogroupvietnam.com\/en\/wp-json\/wp\/v2\/product_tag?post=4072"}],"curies":[{"name":"wp","href":"https:\/\/api.w.org\/{rel}","templated":true}]}}