{"id":4073,"date":"2025-08-18T19:56:11","date_gmt":"2025-08-18T12:56:11","guid":{"rendered":"http:\/\/biogroupvietnam-worldpress.local\/product\/import-placeholder-for-265\/"},"modified":"2026-03-30T16:32:32","modified_gmt":"2026-03-30T09:32:32","slug":"moi-truong-stemspan-tao-te-bao-nk-tu-cd34","status":"publish","type":"product","link":"https:\/\/biogroupvietnam.com\/en\/product\/stemspan-nk-cell-generation-kit\/","title":{"rendered":"StemSpan\u2122 NK Cell Generation Kit"},"content":{"rendered":"<p>For expansion and differentiation of human CD34+ hematopoietic progenitor cells to NK cells<\/p>\n<p><strong>Overview<\/strong><\/p>\n<p>Differentiate CD34+ cells isolated from cord blood (CB) and bone marrow (BM) to natural killer (NK) cells\u2014without the use of serum or stromal cells\u2014by using StemSpan\u2122 NK Cell Generation Kit. This kit promotes the expansion of thousands of CD56+ NK cells in cultures initiated with CD34+ human CB cells.<br \/>\n<a href=\"https:\/\/www.stemcell.com\/products\/stemspan-lymphoid-progenitor-expansion-supplement-10x.html\">StemSpan\u2122 Lymphoid Progenitor Expansion Supplement (10X)<\/a> contains a combination of recombinant human cytokines and other additives formulated to selectively promote the expansion and differentiation of CD34+ cells isolated from human CB and BM samples to lymphoid progenitor cells when used in combination with <a href=\"https:\/\/www.stemcell.com\/products\/stemspan-sfem-ii.html\">StemSpan\u2122 SFEM II medium<\/a>, and plates coated with<br \/>\n<a href=\"https:\/\/www.stemcell.com\/products\/stemspan-lymphoid-differentiation-coating-material-100x.html\">StemSpan\u2122 Lymphoid Differentiation Coating Material (100X)<\/a>. Subsequently, <a href=\"https:\/\/www.stemcell.com\/products\/stemspan-nk-cell-differentiation-supplement-100x.html\">StemSpan\u2122 NK Cell Differentiation Supplement (100X)<\/a> enables differentiation of lymphoid progenitor cells to NK cells. For your convenience, all the components of the kits are also available individually.<\/p>\n","protected":false},"excerpt":{"rendered":"<p>For expansion and differentiation of human CD34+ hematopoietic progenitor cells to NK cells Overview Differentiate CD34+ cells isolated from cord blood (CB) and bone marrow (BM) to natural killer (NK) cells\u2014without the use of serum or stromal cells\u2014by using StemSpan\u2122 NK Cell Generation Kit. This kit promotes the expansion of thousands of CD56+ NK cells<\/p>\n<div class=\"klb-readmore post-buttons\"><a class=\"button rounded primary\" href=\"https:\/\/biogroupvietnam.com\/en\/product\/stemspan-nk-cell-generation-kit\/\">Read More <i class=\"klbth-icon-right-arrow\"><\/i><\/a><\/div>\n","protected":false},"featured_media":10121,"comment_status":"closed","ping_status":"closed","template":"","meta":{"_acf_changed":false},"product_brand":[127],"product_cat":[93],"product_tag":[],"class_list":{"0":"post-4073","1":"product","2":"type-product","3":"status-publish","4":"has-post-thumbnail","6":"product_brand-stemcell-technologies","7":"product_cat-immune-cell","9":"first","10":"outofstock","11":"shipping-taxable","12":"product-type-simple"},"acf":[],"yoast_head":"<!-- This site is optimized with the Yoast SEO plugin v26.8 - https:\/\/yoast.com\/product\/yoast-seo-wordpress\/ -->\n<title>StemSpan\u2122 NK Cell Generation Kit<\/title>\n<meta name=\"description\" content=\"For expansion and differentiation of human CD34+ hematopoietic progenitor cells to NK cells Overview Differentiate CD34+ cells isolated from cord blood (CB) and bone marrow (BM) to natural killer (NK) cells\u2014without the use of serum or stromal cells\u2014by using StemSpan\u2122 NK Cell Generation Kit. This kit promotes the expansion of thousands of CD56+ NK cells&hellip;\" \/>\n<meta name=\"robots\" content=\"index, follow, max-snippet:-1, max-image-preview:large, max-video-preview:-1\" \/>\n<link rel=\"canonical\" href=\"http:\/\/For%20expansion%20and%20differentiation%20of%20human%20CD34%20%20hematopoietic%20progenitor%20cells%20to%20NK%20cells%20Overview%20Differentiate%20CD34%20%20cells%20isolated%20from%20cord%20blood%20(CB)%20and%20bone%20marrow%20(BM)%20to%20natural%20killer%20(NK)%20cells\u2014without%20the%20use%20of%20serum%20or%20stromal%20cells\u2014by%20using%20StemSpan\u2122%20NK%20Cell%20Generation%20Kit.%20This%20kit%20promotes%20the%20expansion%20of%20thousands%20of%20CD56%20%20NK%20cells&hellip;\" \/>\n<meta property=\"og:locale\" content=\"en_US\" \/>\n<meta property=\"og:type\" content=\"article\" \/>\n<meta property=\"og:title\" content=\"StemSpan\u2122 NK Cell Generation Kit\" \/>\n<meta property=\"og:description\" content=\"For expansion and differentiation of human CD34+ hematopoietic progenitor cells to NK cells Overview Differentiate CD34+ cells isolated from cord blood (CB) and bone marrow (BM) to natural killer (NK) cells\u2014without the use of serum or stromal cells\u2014by using StemSpan\u2122 NK Cell Generation Kit. This kit promotes the expansion of thousands of CD56+ NK cells&hellip;\" \/>\n<meta property=\"og:url\" content=\"https:\/\/biogroupvietnam.com\/en\/product\/stemspan-nk-cell-generation-kit\/\" \/>\n<meta property=\"og:site_name\" content=\"Biogroup Vietnam\" \/>\n<meta property=\"article:modified_time\" content=\"2026-03-30T09:32:32+00:00\" \/>\n<meta property=\"og:image\" content=\"https:\/\/biogroupvietnam.com\/wp-content\/uploads\/2025\/08\/moi-truong-stemspan-tao-te-bao-nk-tu-te-bao-cd34.jpg\" \/>\n\t<meta property=\"og:image:width\" content=\"1640\" \/>\n\t<meta property=\"og:image:height\" content=\"1260\" \/>\n\t<meta property=\"og:image:type\" content=\"image\/jpeg\" \/>\n<meta name=\"twitter:card\" content=\"summary_large_image\" \/>\n<meta name=\"twitter:label1\" content=\"Est. reading time\" \/>\n\t<meta name=\"twitter:data1\" content=\"8 minutes\" \/>\n<script type=\"application\/ld+json\" class=\"yoast-schema-graph\">{\"@context\":\"https:\/\/schema.org\",\"@graph\":[{\"@type\":\"WebPage\",\"@id\":\"https:\/\/biogroupvietnam.com\/en\/product\/stemspan-nk-cell-generation-kit\/\",\"url\":\"https:\/\/biogroupvietnam.com\/en\/product\/stemspan-nk-cell-generation-kit\/\",\"name\":\"M\u00f4i Tr\u01b0\u1eddng StemSpan\u2122 T\u1ea1o T\u1ebf B\u00e0o NK T\u1eeb T\u1ebf B\u00e0o CD34+\",\"isPartOf\":{\"@id\":\"https:\/\/biogroupvietnam.com\/vi\/#website\"},\"primaryImageOfPage\":{\"@id\":\"https:\/\/biogroupvietnam.com\/en\/product\/stemspan-nk-cell-generation-kit\/#primaryimage\"},\"image\":{\"@id\":\"https:\/\/biogroupvietnam.com\/en\/product\/stemspan-nk-cell-generation-kit\/#primaryimage\"},\"thumbnailUrl\":\"https:\/\/biogroupvietnam.com\/wp-content\/uploads\/2025\/08\/moi-truong-stemspan-tao-te-bao-nk-tu-te-bao-cd34.jpg\",\"datePublished\":\"2025-08-18T12:56:11+00:00\",\"dateModified\":\"2026-03-30T09:32:32+00:00\",\"description\":\"Bi\u1ec7t h\u00f3a t\u1ebf b\u00e0o CD34+ \u0111\u01b0\u1ee3c ph\u00e2n l\u1eadp t\u1eeb m\u00e1u cu\u1ed1ng r\u1ed1n (CB) v\u00e0 t\u1ee7y x\u01b0\u01a1ng (BM) th\u00e0nh t\u1ebf b\u00e0o gi\u1ebft t\u1ef1 nhi\u00ean (NK) m\u00e0 kh\u00f4ng c\u1ea7n s\u1eed d\u1ee5ng huy\u1ebft thanh ho\u1eb7c t\u1ebf b\u00e0o stromal, b\u1eb1ng c\u00e1ch s\u1eed d\u1ee5ng B\u1ed9 m\u00f4i tr\u01b0\u1eddng StemSpan\u2122 t\u1ea1o t\u1ebf b\u00e0o NK t\u1eeb CD34+\",\"breadcrumb\":{\"@id\":\"https:\/\/biogroupvietnam.com\/en\/product\/stemspan-nk-cell-generation-kit\/#breadcrumb\"},\"inLanguage\":\"en-US\",\"potentialAction\":[{\"@type\":\"ReadAction\",\"target\":[\"https:\/\/biogroupvietnam.com\/en\/product\/stemspan-nk-cell-generation-kit\/\"]}]},{\"@type\":\"ImageObject\",\"inLanguage\":\"en-US\",\"@id\":\"https:\/\/biogroupvietnam.com\/en\/product\/stemspan-nk-cell-generation-kit\/#primaryimage\",\"url\":\"https:\/\/biogroupvietnam.com\/wp-content\/uploads\/2025\/08\/moi-truong-stemspan-tao-te-bao-nk-tu-te-bao-cd34.jpg\",\"contentUrl\":\"https:\/\/biogroupvietnam.com\/wp-content\/uploads\/2025\/08\/moi-truong-stemspan-tao-te-bao-nk-tu-te-bao-cd34.jpg\",\"width\":1640,\"height\":1260,\"caption\":\"M\u00f4i Tr\u01b0\u1eddng StemSpan\u2122 T\u1ea1o T\u1ebf B\u00e0o NK T\u1eeb T\u1ebf B\u00e0o CD34+\"},{\"@type\":\"BreadcrumbList\",\"@id\":\"https:\/\/biogroupvietnam.com\/en\/product\/stemspan-nk-cell-generation-kit\/#breadcrumb\",\"itemListElement\":[{\"@type\":\"ListItem\",\"position\":1,\"name\":\"Biogroup Vietnam | End-to-End Biotechnology Solutions\",\"item\":\"https:\/\/biogroupvietnam.com\/vi\/\"},{\"@type\":\"ListItem\",\"position\":2,\"name\":\"Product\",\"item\":\"https:\/\/biogroupvietnam.com\/vi\/san-pham\/\"},{\"@type\":\"ListItem\",\"position\":3,\"name\":\"Cell Culture\",\"item\":\"https:\/\/biogroupvietnam.com\/vi\/danh-muc-san-pham\/nuoi-cay-te-bao\/\"},{\"@type\":\"ListItem\",\"position\":4,\"name\":\"Immune Cell\",\"item\":\"https:\/\/biogroupvietnam.com\/vi\/danh-muc-san-pham\/te-bao-mien-dich\/\"},{\"@type\":\"ListItem\",\"position\":5,\"name\":\"StemSpan\u2122 NK Cell Generation Kit\"}]},{\"@type\":\"WebSite\",\"@id\":\"https:\/\/biogroupvietnam.com\/en\/vi\/#website\",\"url\":\"https:\/\/biogroupvietnam.com\/en\/vi\/\",\"name\":\"Biogroup Vietnam\",\"description\":\"Biogroup Vietnam cung c\u1ea5p d\u1ecbch v\u1ee5 k\u1ef9 thu\u1eadt c\u00f9ng thi\u1ebft b\u1ecb, v\u1eadt t\u01b0, h\u00f3a ch\u1ea5t v\u00e0 gi\u1ea3i ph\u00e1p sinh h\u1ecdc cho ph\u00f2ng th\u00ed nghi\u1ec7m c\u00f4ng ngh\u1ec7 sinh h\u1ecdc, y sinh v\u00e0 y h\u1ecdc t\u00e1i t\u1ea1o.\",\"potentialAction\":[{\"@type\":\"SearchAction\",\"target\":{\"@type\":\"EntryPoint\",\"urlTemplate\":\"https:\/\/biogroupvietnam.com\/en\/vi\/?s={search_term_string}\"},\"query-input\":{\"@type\":\"PropertyValueSpecification\",\"valueRequired\":true,\"valueName\":\"search_term_string\"}}],\"inLanguage\":\"en-US\"}]}<\/script>\n<!-- \/ Yoast SEO plugin. -->","yoast_head_json":{"title":"StemSpan\u2122 NK Cell Generation Kit","description":"For expansion and differentiation of human CD34+ hematopoietic progenitor cells to NK cells Overview Differentiate CD34+ cells isolated from cord blood (CB) and bone marrow (BM) to natural killer (NK) cells\u2014without the use of serum or stromal cells\u2014by using StemSpan\u2122 NK Cell Generation Kit. This kit promotes the expansion of thousands of CD56+ NK cells&hellip;","robots":{"index":"index","follow":"follow","max-snippet":"max-snippet:-1","max-image-preview":"max-image-preview:large","max-video-preview":"max-video-preview:-1"},"canonical":"For expansion and differentiation of human CD34  hematopoietic progenitor cells to NK cells Overview Differentiate CD34  cells isolated from cord blood (CB) and bone marrow (BM) to natural killer (NK) cells\u2014without the use of serum or stromal cells\u2014by using StemSpan\u2122 NK Cell Generation Kit. This kit promotes the expansion of thousands of CD56  NK cells&hellip;","og_locale":"en_US","og_type":"article","og_title":"StemSpan\u2122 NK Cell Generation Kit","og_description":"For expansion and differentiation of human CD34+ hematopoietic progenitor cells to NK cells Overview Differentiate CD34+ cells isolated from cord blood (CB) and bone marrow (BM) to natural killer (NK) cells\u2014without the use of serum or stromal cells\u2014by using StemSpan\u2122 NK Cell Generation Kit. This kit promotes the expansion of thousands of CD56+ NK cells&hellip;","og_url":"https:\/\/biogroupvietnam.com\/en\/product\/stemspan-nk-cell-generation-kit\/","og_site_name":"Biogroup Vietnam","article_modified_time":"2026-03-30T09:32:32+00:00","og_image":[{"width":1640,"height":1260,"url":"https:\/\/biogroupvietnam.com\/wp-content\/uploads\/2025\/08\/moi-truong-stemspan-tao-te-bao-nk-tu-te-bao-cd34.jpg","type":"image\/jpeg"}],"twitter_card":"summary_large_image","twitter_misc":{"Est. reading time":"8 minutes"},"schema":{"@context":"https:\/\/schema.org","@graph":[{"@type":"WebPage","@id":"https:\/\/biogroupvietnam.com\/en\/product\/stemspan-nk-cell-generation-kit\/","url":"https:\/\/biogroupvietnam.com\/en\/product\/stemspan-nk-cell-generation-kit\/","name":"M\u00f4i Tr\u01b0\u1eddng StemSpan\u2122 T\u1ea1o T\u1ebf B\u00e0o NK T\u1eeb T\u1ebf B\u00e0o CD34+","isPartOf":{"@id":"https:\/\/biogroupvietnam.com\/vi\/#website"},"primaryImageOfPage":{"@id":"https:\/\/biogroupvietnam.com\/en\/product\/stemspan-nk-cell-generation-kit\/#primaryimage"},"image":{"@id":"https:\/\/biogroupvietnam.com\/en\/product\/stemspan-nk-cell-generation-kit\/#primaryimage"},"thumbnailUrl":"https:\/\/biogroupvietnam.com\/wp-content\/uploads\/2025\/08\/moi-truong-stemspan-tao-te-bao-nk-tu-te-bao-cd34.jpg","datePublished":"2025-08-18T12:56:11+00:00","dateModified":"2026-03-30T09:32:32+00:00","description":"Bi\u1ec7t h\u00f3a t\u1ebf b\u00e0o CD34+ \u0111\u01b0\u1ee3c ph\u00e2n l\u1eadp t\u1eeb m\u00e1u cu\u1ed1ng r\u1ed1n (CB) v\u00e0 t\u1ee7y x\u01b0\u01a1ng (BM) th\u00e0nh t\u1ebf b\u00e0o gi\u1ebft t\u1ef1 nhi\u00ean (NK) m\u00e0 kh\u00f4ng c\u1ea7n s\u1eed d\u1ee5ng huy\u1ebft thanh ho\u1eb7c t\u1ebf b\u00e0o stromal, b\u1eb1ng c\u00e1ch s\u1eed d\u1ee5ng B\u1ed9 m\u00f4i tr\u01b0\u1eddng StemSpan\u2122 t\u1ea1o t\u1ebf b\u00e0o NK t\u1eeb CD34+","breadcrumb":{"@id":"https:\/\/biogroupvietnam.com\/en\/product\/stemspan-nk-cell-generation-kit\/#breadcrumb"},"inLanguage":"en-US","potentialAction":[{"@type":"ReadAction","target":["https:\/\/biogroupvietnam.com\/en\/product\/stemspan-nk-cell-generation-kit\/"]}]},{"@type":"ImageObject","inLanguage":"en-US","@id":"https:\/\/biogroupvietnam.com\/en\/product\/stemspan-nk-cell-generation-kit\/#primaryimage","url":"https:\/\/biogroupvietnam.com\/wp-content\/uploads\/2025\/08\/moi-truong-stemspan-tao-te-bao-nk-tu-te-bao-cd34.jpg","contentUrl":"https:\/\/biogroupvietnam.com\/wp-content\/uploads\/2025\/08\/moi-truong-stemspan-tao-te-bao-nk-tu-te-bao-cd34.jpg","width":1640,"height":1260,"caption":"M\u00f4i Tr\u01b0\u1eddng StemSpan\u2122 T\u1ea1o T\u1ebf B\u00e0o NK T\u1eeb T\u1ebf B\u00e0o CD34+"},{"@type":"BreadcrumbList","@id":"https:\/\/biogroupvietnam.com\/en\/product\/stemspan-nk-cell-generation-kit\/#breadcrumb","itemListElement":[{"@type":"ListItem","position":1,"name":"Biogroup Vietnam | End-to-End Biotechnology Solutions","item":"https:\/\/biogroupvietnam.com\/vi\/"},{"@type":"ListItem","position":2,"name":"Product","item":"https:\/\/biogroupvietnam.com\/vi\/san-pham\/"},{"@type":"ListItem","position":3,"name":"Cell Culture","item":"https:\/\/biogroupvietnam.com\/vi\/danh-muc-san-pham\/nuoi-cay-te-bao\/"},{"@type":"ListItem","position":4,"name":"Immune Cell","item":"https:\/\/biogroupvietnam.com\/vi\/danh-muc-san-pham\/te-bao-mien-dich\/"},{"@type":"ListItem","position":5,"name":"StemSpan\u2122 NK Cell Generation Kit"}]},{"@type":"WebSite","@id":"https:\/\/biogroupvietnam.com\/en\/vi\/#website","url":"https:\/\/biogroupvietnam.com\/en\/vi\/","name":"Biogroup Vietnam","description":"Biogroup Vietnam cung c\u1ea5p d\u1ecbch v\u1ee5 k\u1ef9 thu\u1eadt c\u00f9ng thi\u1ebft b\u1ecb, v\u1eadt t\u01b0, h\u00f3a ch\u1ea5t v\u00e0 gi\u1ea3i ph\u00e1p sinh h\u1ecdc cho ph\u00f2ng th\u00ed nghi\u1ec7m c\u00f4ng ngh\u1ec7 sinh h\u1ecdc, y sinh v\u00e0 y h\u1ecdc t\u00e1i t\u1ea1o.","potentialAction":[{"@type":"SearchAction","target":{"@type":"EntryPoint","urlTemplate":"https:\/\/biogroupvietnam.com\/en\/vi\/?s={search_term_string}"},"query-input":{"@type":"PropertyValueSpecification","valueRequired":true,"valueName":"search_term_string"}}],"inLanguage":"en-US"}]}},"_links":{"self":[{"href":"https:\/\/biogroupvietnam.com\/en\/wp-json\/wp\/v2\/product\/4073","targetHints":{"allow":["GET"]}}],"collection":[{"href":"https:\/\/biogroupvietnam.com\/en\/wp-json\/wp\/v2\/product"}],"about":[{"href":"https:\/\/biogroupvietnam.com\/en\/wp-json\/wp\/v2\/types\/product"}],"replies":[{"embeddable":true,"href":"https:\/\/biogroupvietnam.com\/en\/wp-json\/wp\/v2\/comments?post=4073"}],"version-history":[{"count":5,"href":"https:\/\/biogroupvietnam.com\/en\/wp-json\/wp\/v2\/product\/4073\/revisions"}],"predecessor-version":[{"id":9813,"href":"https:\/\/biogroupvietnam.com\/en\/wp-json\/wp\/v2\/product\/4073\/revisions\/9813"}],"wp:featuredmedia":[{"embeddable":true,"href":"https:\/\/biogroupvietnam.com\/en\/wp-json\/wp\/v2\/media\/10121"}],"wp:attachment":[{"href":"https:\/\/biogroupvietnam.com\/en\/wp-json\/wp\/v2\/media?parent=4073"}],"wp:term":[{"taxonomy":"product_brand","embeddable":true,"href":"https:\/\/biogroupvietnam.com\/en\/wp-json\/wp\/v2\/product_brand?post=4073"},{"taxonomy":"product_cat","embeddable":true,"href":"https:\/\/biogroupvietnam.com\/en\/wp-json\/wp\/v2\/product_cat?post=4073"},{"taxonomy":"product_tag","embeddable":true,"href":"https:\/\/biogroupvietnam.com\/en\/wp-json\/wp\/v2\/product_tag?post=4073"}],"curies":[{"name":"wp","href":"https:\/\/api.w.org\/{rel}","templated":true}]}}