{"id":4074,"date":"2025-08-18T19:56:11","date_gmt":"2025-08-18T12:56:11","guid":{"rendered":"http:\/\/biogroupvietnam-worldpress.local\/product\/import-placeholder-for-266\/"},"modified":"2026-01-07T15:29:00","modified_gmt":"2026-01-07T08:29:00","slug":"binh-luu-tru-mau-mve-he-800-c","status":"publish","type":"product","link":"https:\/\/biogroupvietnam.com\/en\/product\/mve-he-800-c\/","title":{"rendered":"MVE HE 800 C"},"content":{"rendered":"<h3>Consistent Performance in a Compact Design<\/h3>\n<p>MVE Biological Solutions is proud to introduce the <strong>MVE HE 800C<\/strong>. With a smaller footprint, enhanced ergonomics, and industry-leading performance, this cryogenic technology is ideal for IVF facilities, clinical laboratories, research, and biopharma applications.<\/p>\n<ul>\n<li><strong>Sleek, Modern Design<\/strong>: Compact design and footprint make it suitable for labs with space constraints.<\/li>\n<li><strong>Enhanced Ergonomics:<\/strong> Lower lift-over height for improved accessibility and reduced physical strain.<\/li>\n<li><strong>Streamlined Inventory Management:<\/strong> Compatibility with SUC-1 systems ensures faster and more organized sample retrieval.<\/li>\n<li><strong>Performance:<\/strong> Consistent performance maintaining cryogenic temperatures with superior thermal stability for reliable sample preservation.<\/li>\n<\/ul>\n","protected":false},"excerpt":{"rendered":"<p>Consistent Performance in a Compact Design MVE Biological Solutions is proud to introduce the MVE HE 800C. With a smaller footprint, enhanced ergonomics, and industry-leading performance, this cryogenic technology is ideal for IVF facilities, clinical laboratories, research, and biopharma applications. Sleek, Modern Design: Compact design and footprint make it suitable for labs with space constraints.<\/p>\n<div class=\"klb-readmore post-buttons\"><a class=\"button rounded primary\" href=\"https:\/\/biogroupvietnam.com\/en\/product\/mve-he-800-c\/\">Read More <i class=\"klbth-icon-right-arrow\"><\/i><\/a><\/div>\n","protected":false},"featured_media":8874,"comment_status":"closed","ping_status":"closed","template":"","meta":{"_acf_changed":false},"product_brand":[128],"product_cat":[95,97],"product_tag":[],"class_list":{"0":"post-4074","1":"product","2":"type-product","3":"status-publish","4":"has-post-thumbnail","6":"product_brand-mve-biological-solutions","7":"product_cat-cryogenic-freezers","8":"product_cat-cryogenic-dewar-for-storing-embryos-and-sperm","10":"first","11":"outofstock","12":"shipping-taxable","13":"product-type-simple"},"acf":[],"yoast_head":"<!-- This site is optimized with the Yoast SEO plugin v26.8 - https:\/\/yoast.com\/product\/yoast-seo-wordpress\/ -->\n<title>MVE HE 800 C<\/title>\n<meta name=\"description\" content=\"Consistent Performance in a Compact Design MVE Biological Solutions is proud to introduce the MVE HE 800C. With a smaller footprint, enhanced ergonomics, and industry-leading performance, this cryogenic technology is ideal for IVF facilities, clinical laboratories, research, and biopharma applications. Sleek, Modern Design: Compact design and footprint make it suitable for labs with space constraints.&hellip;\" \/>\n<meta name=\"robots\" content=\"index, follow, max-snippet:-1, max-image-preview:large, max-video-preview:-1\" \/>\n<link rel=\"canonical\" href=\"\" \/>\n<meta property=\"og:locale\" content=\"en_US\" \/>\n<meta property=\"og:type\" content=\"article\" \/>\n<meta property=\"og:title\" content=\"MVE HE 800 C\" \/>\n<meta property=\"og:description\" content=\"Consistent Performance in a Compact Design MVE Biological Solutions is proud to introduce the MVE HE 800C. With a smaller footprint, enhanced ergonomics, and industry-leading performance, this cryogenic technology is ideal for IVF facilities, clinical laboratories, research, and biopharma applications. Sleek, Modern Design: Compact design and footprint make it suitable for labs with space constraints.&hellip;\" \/>\n<meta property=\"og:url\" content=\"https:\/\/biogroupvietnam.com\/en\/product\/mve-he-800-c\/\" \/>\n<meta property=\"og:site_name\" content=\"Biogroup Vietnam\" \/>\n<meta property=\"article:modified_time\" content=\"2026-01-07T08:29:00+00:00\" \/>\n<meta property=\"og:image\" content=\"https:\/\/biogroupvietnam.com\/wp-content\/uploads\/2025\/08\/MVE-HE-800C.jpg\" \/>\n\t<meta property=\"og:image:width\" content=\"1640\" \/>\n\t<meta property=\"og:image:height\" content=\"1260\" \/>\n\t<meta property=\"og:image:type\" content=\"image\/jpeg\" \/>\n<meta name=\"twitter:card\" content=\"summary_large_image\" \/>\n<meta name=\"twitter:label1\" content=\"Est. reading time\" \/>\n\t<meta name=\"twitter:data1\" content=\"3 minutes\" \/>\n<script type=\"application\/ld+json\" class=\"yoast-schema-graph\">{\"@context\":\"https:\/\/schema.org\",\"@graph\":[{\"@type\":\"WebPage\",\"@id\":\"https:\/\/biogroupvietnam.com\/en\/product\/mve-he-800-c\/\",\"url\":\"https:\/\/biogroupvietnam.com\/en\/product\/mve-he-800-c\/\",\"name\":\"B\u00ecnh L\u01b0u Tr\u1eef M\u1eabu MVE HE 800 C\",\"isPartOf\":{\"@id\":\"https:\/\/biogroupvietnam.com\/vi\/#website\"},\"primaryImageOfPage\":{\"@id\":\"https:\/\/biogroupvietnam.com\/en\/product\/mve-he-800-c\/#primaryimage\"},\"image\":{\"@id\":\"https:\/\/biogroupvietnam.com\/en\/product\/mve-he-800-c\/#primaryimage\"},\"thumbnailUrl\":\"https:\/\/biogroupvietnam.com\/wp-content\/uploads\/2025\/08\/MVE-HE-800C.jpg\",\"datePublished\":\"2025-08-18T12:56:11+00:00\",\"dateModified\":\"2026-01-07T08:29:00+00:00\",\"description\":\"MVE HE 800C v\u1edbi di\u1ec7n t\u00edch nh\u1ecf h\u01a1n, c\u00f4ng th\u00e1i h\u1ecdc \u0111\u01b0\u1ee3c c\u1ea3i ti\u1ebfn v\u1edbi hi\u1ec7u su\u1ea5t h\u00e0ng \u0111\u1ea7u trong ng\u00e0nh. B\u00ecnh l\u01b0u tr\u1eef \u0111\u00f4ng l\u1ea1nh l\u00fd t\u01b0\u1edfng cho c\u00e1c c\u01a1 s\u1edf IVF, ph\u00f2ng th\u00ed nghi\u1ec7m l\u00e2m s\u00e0ng, nghi\u00ean c\u1ee9u v\u00e0 \u1ee9ng d\u1ee5ng d\u01b0\u1ee3c ph\u1ea9m sinh h\u1ecdc.\",\"breadcrumb\":{\"@id\":\"https:\/\/biogroupvietnam.com\/en\/product\/mve-he-800-c\/#breadcrumb\"},\"inLanguage\":\"en-US\",\"potentialAction\":[{\"@type\":\"ReadAction\",\"target\":[\"https:\/\/biogroupvietnam.com\/en\/product\/mve-he-800-c\/\"]}]},{\"@type\":\"ImageObject\",\"inLanguage\":\"en-US\",\"@id\":\"https:\/\/biogroupvietnam.com\/en\/product\/mve-he-800-c\/#primaryimage\",\"url\":\"https:\/\/biogroupvietnam.com\/wp-content\/uploads\/2025\/08\/MVE-HE-800C.jpg\",\"contentUrl\":\"https:\/\/biogroupvietnam.com\/wp-content\/uploads\/2025\/08\/MVE-HE-800C.jpg\",\"width\":1640,\"height\":1260},{\"@type\":\"BreadcrumbList\",\"@id\":\"https:\/\/biogroupvietnam.com\/en\/product\/mve-he-800-c\/#breadcrumb\",\"itemListElement\":[{\"@type\":\"ListItem\",\"position\":1,\"name\":\"Biogroup Vietnam | End-to-End Biotechnology Solutions\",\"item\":\"https:\/\/biogroupvietnam.com\/vi\/\"},{\"@type\":\"ListItem\",\"position\":2,\"name\":\"Product\",\"item\":\"https:\/\/biogroupvietnam.com\/vi\/san-pham\/\"},{\"@type\":\"ListItem\",\"position\":3,\"name\":\"Cellular Cryopreservation\",\"item\":\"https:\/\/biogroupvietnam.com\/vi\/danh-muc-san-pham\/bao-quan-lanh-te-bao\/\"},{\"@type\":\"ListItem\",\"position\":4,\"name\":\"Cryogenic Dewar For Storing Embryos and Sperm\",\"item\":\"https:\/\/biogroupvietnam.com\/vi\/danh-muc-san-pham\/binh-tru-lanh-phoi-tinh-trung\/\"},{\"@type\":\"ListItem\",\"position\":5,\"name\":\"MVE HE 800 C\"}]},{\"@type\":\"WebSite\",\"@id\":\"https:\/\/biogroupvietnam.com\/en\/vi\/#website\",\"url\":\"https:\/\/biogroupvietnam.com\/en\/vi\/\",\"name\":\"Biogroup Vietnam\",\"description\":\"Biogroup Vietnam cung c\u1ea5p d\u1ecbch v\u1ee5 k\u1ef9 thu\u1eadt c\u00f9ng thi\u1ebft b\u1ecb, v\u1eadt t\u01b0, h\u00f3a ch\u1ea5t v\u00e0 gi\u1ea3i ph\u00e1p sinh h\u1ecdc cho ph\u00f2ng th\u00ed nghi\u1ec7m c\u00f4ng ngh\u1ec7 sinh h\u1ecdc, y sinh v\u00e0 y h\u1ecdc t\u00e1i t\u1ea1o.\",\"potentialAction\":[{\"@type\":\"SearchAction\",\"target\":{\"@type\":\"EntryPoint\",\"urlTemplate\":\"https:\/\/biogroupvietnam.com\/en\/vi\/?s={search_term_string}\"},\"query-input\":{\"@type\":\"PropertyValueSpecification\",\"valueRequired\":true,\"valueName\":\"search_term_string\"}}],\"inLanguage\":\"en-US\"}]}<\/script>\n<!-- \/ Yoast SEO plugin. -->","yoast_head_json":{"title":"MVE HE 800 C","description":"Consistent Performance in a Compact Design MVE Biological Solutions is proud to introduce the MVE HE 800C. With a smaller footprint, enhanced ergonomics, and industry-leading performance, this cryogenic technology is ideal for IVF facilities, clinical laboratories, research, and biopharma applications. Sleek, Modern Design: Compact design and footprint make it suitable for labs with space constraints.&hellip;","robots":{"index":"index","follow":"follow","max-snippet":"max-snippet:-1","max-image-preview":"max-image-preview:large","max-video-preview":"max-video-preview:-1"},"canonical":"Consistent Performance in a Compact Design MVE Biological Solutions is proud to introduce the MVE HE 800C. With a smaller footprint, enhanced ergonomics, and industry-leading performance, this cryogenic technology is ideal for IVF facilities, clinical laboratories, research, and biopharma applications. Sleek, Modern Design: Compact design and footprint make it suitable for labs with space constraints.&hellip;","og_locale":"en_US","og_type":"article","og_title":"MVE HE 800 C","og_description":"Consistent Performance in a Compact Design MVE Biological Solutions is proud to introduce the MVE HE 800C. With a smaller footprint, enhanced ergonomics, and industry-leading performance, this cryogenic technology is ideal for IVF facilities, clinical laboratories, research, and biopharma applications. Sleek, Modern Design: Compact design and footprint make it suitable for labs with space constraints.&hellip;","og_url":"https:\/\/biogroupvietnam.com\/en\/product\/mve-he-800-c\/","og_site_name":"Biogroup Vietnam","article_modified_time":"2026-01-07T08:29:00+00:00","og_image":[{"width":1640,"height":1260,"url":"https:\/\/biogroupvietnam.com\/wp-content\/uploads\/2025\/08\/MVE-HE-800C.jpg","type":"image\/jpeg"}],"twitter_card":"summary_large_image","twitter_misc":{"Est. reading time":"3 minutes"},"schema":{"@context":"https:\/\/schema.org","@graph":[{"@type":"WebPage","@id":"https:\/\/biogroupvietnam.com\/en\/product\/mve-he-800-c\/","url":"https:\/\/biogroupvietnam.com\/en\/product\/mve-he-800-c\/","name":"B\u00ecnh L\u01b0u Tr\u1eef M\u1eabu MVE HE 800 C","isPartOf":{"@id":"https:\/\/biogroupvietnam.com\/vi\/#website"},"primaryImageOfPage":{"@id":"https:\/\/biogroupvietnam.com\/en\/product\/mve-he-800-c\/#primaryimage"},"image":{"@id":"https:\/\/biogroupvietnam.com\/en\/product\/mve-he-800-c\/#primaryimage"},"thumbnailUrl":"https:\/\/biogroupvietnam.com\/wp-content\/uploads\/2025\/08\/MVE-HE-800C.jpg","datePublished":"2025-08-18T12:56:11+00:00","dateModified":"2026-01-07T08:29:00+00:00","description":"MVE HE 800C v\u1edbi di\u1ec7n t\u00edch nh\u1ecf h\u01a1n, c\u00f4ng th\u00e1i h\u1ecdc \u0111\u01b0\u1ee3c c\u1ea3i ti\u1ebfn v\u1edbi hi\u1ec7u su\u1ea5t h\u00e0ng \u0111\u1ea7u trong ng\u00e0nh. B\u00ecnh l\u01b0u tr\u1eef \u0111\u00f4ng l\u1ea1nh l\u00fd t\u01b0\u1edfng cho c\u00e1c c\u01a1 s\u1edf IVF, ph\u00f2ng th\u00ed nghi\u1ec7m l\u00e2m s\u00e0ng, nghi\u00ean c\u1ee9u v\u00e0 \u1ee9ng d\u1ee5ng d\u01b0\u1ee3c ph\u1ea9m sinh h\u1ecdc.","breadcrumb":{"@id":"https:\/\/biogroupvietnam.com\/en\/product\/mve-he-800-c\/#breadcrumb"},"inLanguage":"en-US","potentialAction":[{"@type":"ReadAction","target":["https:\/\/biogroupvietnam.com\/en\/product\/mve-he-800-c\/"]}]},{"@type":"ImageObject","inLanguage":"en-US","@id":"https:\/\/biogroupvietnam.com\/en\/product\/mve-he-800-c\/#primaryimage","url":"https:\/\/biogroupvietnam.com\/wp-content\/uploads\/2025\/08\/MVE-HE-800C.jpg","contentUrl":"https:\/\/biogroupvietnam.com\/wp-content\/uploads\/2025\/08\/MVE-HE-800C.jpg","width":1640,"height":1260},{"@type":"BreadcrumbList","@id":"https:\/\/biogroupvietnam.com\/en\/product\/mve-he-800-c\/#breadcrumb","itemListElement":[{"@type":"ListItem","position":1,"name":"Biogroup Vietnam | End-to-End Biotechnology Solutions","item":"https:\/\/biogroupvietnam.com\/vi\/"},{"@type":"ListItem","position":2,"name":"Product","item":"https:\/\/biogroupvietnam.com\/vi\/san-pham\/"},{"@type":"ListItem","position":3,"name":"Cellular Cryopreservation","item":"https:\/\/biogroupvietnam.com\/vi\/danh-muc-san-pham\/bao-quan-lanh-te-bao\/"},{"@type":"ListItem","position":4,"name":"Cryogenic Dewar For Storing Embryos and Sperm","item":"https:\/\/biogroupvietnam.com\/vi\/danh-muc-san-pham\/binh-tru-lanh-phoi-tinh-trung\/"},{"@type":"ListItem","position":5,"name":"MVE HE 800 C"}]},{"@type":"WebSite","@id":"https:\/\/biogroupvietnam.com\/en\/vi\/#website","url":"https:\/\/biogroupvietnam.com\/en\/vi\/","name":"Biogroup Vietnam","description":"Biogroup Vietnam cung c\u1ea5p d\u1ecbch v\u1ee5 k\u1ef9 thu\u1eadt c\u00f9ng thi\u1ebft b\u1ecb, v\u1eadt t\u01b0, h\u00f3a ch\u1ea5t v\u00e0 gi\u1ea3i ph\u00e1p sinh h\u1ecdc cho ph\u00f2ng th\u00ed nghi\u1ec7m c\u00f4ng ngh\u1ec7 sinh h\u1ecdc, y sinh v\u00e0 y h\u1ecdc t\u00e1i t\u1ea1o.","potentialAction":[{"@type":"SearchAction","target":{"@type":"EntryPoint","urlTemplate":"https:\/\/biogroupvietnam.com\/en\/vi\/?s={search_term_string}"},"query-input":{"@type":"PropertyValueSpecification","valueRequired":true,"valueName":"search_term_string"}}],"inLanguage":"en-US"}]}},"_links":{"self":[{"href":"https:\/\/biogroupvietnam.com\/en\/wp-json\/wp\/v2\/product\/4074","targetHints":{"allow":["GET"]}}],"collection":[{"href":"https:\/\/biogroupvietnam.com\/en\/wp-json\/wp\/v2\/product"}],"about":[{"href":"https:\/\/biogroupvietnam.com\/en\/wp-json\/wp\/v2\/types\/product"}],"replies":[{"embeddable":true,"href":"https:\/\/biogroupvietnam.com\/en\/wp-json\/wp\/v2\/comments?post=4074"}],"version-history":[{"count":3,"href":"https:\/\/biogroupvietnam.com\/en\/wp-json\/wp\/v2\/product\/4074\/revisions"}],"predecessor-version":[{"id":8588,"href":"https:\/\/biogroupvietnam.com\/en\/wp-json\/wp\/v2\/product\/4074\/revisions\/8588"}],"wp:featuredmedia":[{"embeddable":true,"href":"https:\/\/biogroupvietnam.com\/en\/wp-json\/wp\/v2\/media\/8874"}],"wp:attachment":[{"href":"https:\/\/biogroupvietnam.com\/en\/wp-json\/wp\/v2\/media?parent=4074"}],"wp:term":[{"taxonomy":"product_brand","embeddable":true,"href":"https:\/\/biogroupvietnam.com\/en\/wp-json\/wp\/v2\/product_brand?post=4074"},{"taxonomy":"product_cat","embeddable":true,"href":"https:\/\/biogroupvietnam.com\/en\/wp-json\/wp\/v2\/product_cat?post=4074"},{"taxonomy":"product_tag","embeddable":true,"href":"https:\/\/biogroupvietnam.com\/en\/wp-json\/wp\/v2\/product_tag?post=4074"}],"curies":[{"name":"wp","href":"https:\/\/api.w.org\/{rel}","templated":true}]}}