{"id":4075,"date":"2025-08-18T19:56:11","date_gmt":"2025-08-18T12:56:11","guid":{"rendered":"http:\/\/biogroupvietnam-worldpress.local\/product\/import-placeholder-for-267\/"},"modified":"2025-12-08T11:10:20","modified_gmt":"2025-12-08T04:10:20","slug":"mycofinder-real-time-pcr-kit-mycoplasma","status":"publish","type":"product","link":"https:\/\/biogroupvietnam.com\/en\/product\/mycofinder-rapid-mycoplasma-detection-test\/","title":{"rendered":"MycoFinder-Rapid mycoplasma detection test kit"},"content":{"rendered":"<p>The MycoFinder Real-Time PCR kit enables fast, reliable mycoplasma detection for QC of ATMPs (Advanced Therapy Medicinal Products) and biopharmaceuticals, delivering <strong data-start=\"848\" data-end=\"884\">sample-to-result in ~120 minutes<\/strong>. A <strong data-start=\"888\" data-end=\"929\">pre-aliquoted, lyophilized master mix<\/strong> in PCR strips minimizes handling and errors, powering a <strong data-start=\"986\" data-end=\"1012\">simple 4-step workflow<\/strong>. Real-time PCR cycling is <strong data-start=\"1039\" data-end=\"1054\">&lt;60 minutes<\/strong>; <strong data-start=\"1056\" data-end=\"1074\">LOD &lt;10 CFU\/mL<\/strong> with high specificity covering <strong data-start=\"1106\" data-end=\"1127\">up to 142 strains<\/strong> (in silico). <strong data-start=\"1141\" data-end=\"1183\">Compliant with EP 2.6.7, USP 63, JP 17<\/strong>. Stores at <strong data-start=\"1195\" data-end=\"1205\">2\u20138 \u00b0C<\/strong> for <strong data-start=\"1210\" data-end=\"1229\">up to 12 months<\/strong> and works with most 96-well qPCR cyclers using <strong data-start=\"1277\" data-end=\"1294\">FAM + HEX\/ROX<\/strong> filters\u2014ideal for <strong data-start=\"1313\" data-end=\"1332\">release testing<\/strong>.<\/p>\n<p style=\"margin-left: 0px;\">&nbsp;<\/p>\n","protected":false},"excerpt":{"rendered":"<p><strong>Myco Finder\u2122<\/strong> l\u00e0 b\u1ed9 kit ph\u00e1t hi\u1ec7n Mycoplasma nhanh c\u1ee7a Shimadzu, \u0111\u01b0\u1ee3c thi\u1ebft k\u1ebf t\u1ed1i gi\u1ea3n thao t\u00e1c, r\u00fat ng\u1eafn th\u1eddi gian ki\u1ec3m nghi\u1ec7m v\u00e0 \u0111\u00e1p \u1ee9ng ti\u00eau chu\u1ea9n D\u01b0\u1ee3c \u0111i\u1ec3n Nh\u1eadt B\u1ea3n (JP).<br \/>\nB\u1ed9 kit s\u1eed d\u1ee5ng <strong>nucleic acid amplification (NAT)<\/strong> v\u1edbi ho\u00e1 ch\u1ea5t \u0111\u01b0\u1ee3c <strong>c\u1ed1 \u0111\u1ecbnh s\u1eb5n tr\u00ean strip<\/strong>, gi\u00fap gi\u1ea3m nguy c\u01a1 nhi\u1ec5m ch\u00e9o v\u00e0 n\u00e2ng cao \u0111\u1ed9 ch\u00ednh x\u00e1c.<\/p>\n<p><strong>\u0110\u1eb7c \u0111i\u1ec3m ch\u00ednh<\/strong><\/p>\n<ul>\n<li><strong>Kh\u00f4ng c\u1ea7n pha tr\u1ed9n<\/strong> \u2013 h\u00f3a ch\u1ea5t d\u1ea1ng solid-phase tr\u00ean strip.<\/li>\n<li><strong>Th\u1eddi gian ph\u00e1t hi\u1ec7n \u2264 1 gi\u1edd<\/strong> sau khi b\u1eaft \u0111\u1ea7u khu\u1ebfch \u0111\u1ea1i.<\/li>\n<li><strong>\u0110\u1ed9 nh\u1ea1y cao \u2264 10 CFU\/mL<\/strong>.<\/li>\n<li><strong>Kh\u00f4ng c\u1ea7n l\u01b0u tr\u1eef \u00e2m s\u00e2u<\/strong> (b\u1ea3o qu\u1ea3n 2\u20138\u00b0C).<\/li>\n<li><strong>Chu\u1ea9n JP \u2013 NAT Method<\/strong>.<\/li>\n<li><strong>Th\u1eed nghi\u1ec7m tr\u00ean 7 ch\u1ee7ng Mycoplasma<\/strong>, kh\u00f4ng ph\u1ea3n \u1ee9ng ch\u00e9o.<\/li>\n<\/ul>\n<p><strong>\u1ee8ng d\u1ee5ng<\/strong><\/p>\n<ul>\n<li>QC trong s\u1ea3n xu\u1ea5t li\u1ec7u ph\u00e1p t\u1ebf b\u00e0o (MSC, iPSC, NK, T-cell, HSC\u2026).<\/li>\n<li>Ph\u00f2ng R&amp;D nu\u00f4i c\u1ea5y t\u1ebf b\u00e0o.<\/li>\n<li>Ng\u00e2n h\u00e0ng t\u1ebf b\u00e0o g\u1ed1c (cord blood, PBSC\u2026).<\/li>\n<li>IVF, b\u1ec7nh vi\u1ec7n, vi\u1ec7n nghi\u00ean c\u1ee9u, CRO\/CMO.<\/li>\n<\/ul>\n<p><strong>L\u1ee3i \u00edch n\u1ed5i b\u1eadt<\/strong><\/p>\n<ul>\n<li>R\u00fat ng\u1eafn th\u1eddi gian QC t\u1eeb 4 tu\u1ea7n \u2192 <strong>1 ng\u00e0y<\/strong>.<\/li>\n<li>D\u1ec5 v\u1eadn h\u00e0nh, h\u1ea1n ch\u1ebf sai s\u00f3t thao t\u00e1c.<\/li>\n<li>T\u1ed1i \u01b0u chi ph\u00ed v\u00e0 quy tr\u00ecnh ki\u1ec3m nghi\u1ec7m.<\/li>\n<li>Th\u00edch h\u1ee3p cho ph\u00f2ng lab y\u00eau c\u1ea7u tu\u00e2n th\u1ee7 chu\u1ea9n qu\u1ed1c t\u1ebf.<\/li>\n<\/ul>\n","protected":false},"featured_media":9245,"comment_status":"closed","ping_status":"closed","template":"","meta":{"_acf_changed":false},"product_brand":[142],"product_cat":[106],"product_tag":[],"class_list":{"0":"post-4075","1":"product","2":"type-product","3":"status-publish","4":"has-post-thumbnail","6":"product_brand-shimadzu-corporation","7":"product_cat-mycoplasma-testing","9":"first","10":"outofstock","11":"shipping-taxable","12":"product-type-simple"},"acf":[],"yoast_head":"<!-- This site is optimized with the Yoast SEO plugin v26.8 - https:\/\/yoast.com\/product\/yoast-seo-wordpress\/ -->\n<title>MycoFinder-Rapid mycoplasma detection test kit<\/title>\n<meta name=\"description\" content=\"The MycoFinder Real-Time PCR kit enables fast, reliable mycoplasma detection for QC of ATMPs (Advanced Therapy Medicinal Products) and biopharmaceuticals, delivering sample-to-result in ~120 minutes. A pre-aliquoted, lyophilized master mix in PCR strips minimizes handling and errors, powering a simple 4-step workflow. Real-time PCR cycling is &lt;60 minutes; LOD &lt;10 CFU\/mL with high specificity covering&hellip;\" \/>\n<meta name=\"robots\" content=\"index, follow, max-snippet:-1, max-image-preview:large, max-video-preview:-1\" \/>\n<link rel=\"canonical\" href=\"http:\/\/The%20MycoFinder%20Real-Time%20PCR%20kit%20enables%20fast,%20reliable%20mycoplasma%20detection%20for%20QC%20of%20ATMPs%20(Advanced%20Therapy%20Medicinal%20Products)%20and%20biopharmaceuticals,%20delivering%20sample-to-result%20in%20~120%20minutes.%20A%20pre-aliquoted,%20lyophilized%20master%20mix%20in%20PCR%20strips%20minimizes%20handling%20and%20errors,%20powering%20a%20simple%204-step%20workflow.%20Real-time%20PCR%20cycling%20is%20&lt;60%20minutes;%20LOD%20&lt;10%20CFU\/mL%20with%20high%20specificity%20covering&hellip;\" \/>\n<meta property=\"og:locale\" content=\"en_US\" \/>\n<meta property=\"og:type\" content=\"article\" \/>\n<meta property=\"og:title\" content=\"MycoFinder-Rapid mycoplasma detection test kit\" \/>\n<meta property=\"og:description\" content=\"The MycoFinder Real-Time PCR kit enables fast, reliable mycoplasma detection for QC of ATMPs (Advanced Therapy Medicinal Products) and biopharmaceuticals, delivering sample-to-result in ~120 minutes. A pre-aliquoted, lyophilized master mix in PCR strips minimizes handling and errors, powering a simple 4-step workflow. Real-time PCR cycling is &lt;60 minutes; LOD &lt;10 CFU\/mL with high specificity covering&hellip;\" \/>\n<meta property=\"og:url\" content=\"https:\/\/biogroupvietnam.com\/en\/product\/mycofinder-rapid-mycoplasma-detection-test\/\" \/>\n<meta property=\"og:site_name\" content=\"Biogroup Vietnam\" \/>\n<meta property=\"article:modified_time\" content=\"2025-12-08T04:10:20+00:00\" \/>\n<meta property=\"og:image\" content=\"https:\/\/biogroupvietnam.com\/wp-content\/uploads\/2025\/08\/MycoFinder.jpg\" \/>\n\t<meta property=\"og:image:width\" content=\"1640\" \/>\n\t<meta property=\"og:image:height\" content=\"1260\" \/>\n\t<meta property=\"og:image:type\" content=\"image\/jpeg\" \/>\n<meta name=\"twitter:card\" content=\"summary_large_image\" \/>\n<meta name=\"twitter:label1\" content=\"Est. reading time\" \/>\n\t<meta name=\"twitter:data1\" content=\"5 minutes\" \/>\n<script type=\"application\/ld+json\" class=\"yoast-schema-graph\">{\"@context\":\"https:\/\/schema.org\",\"@graph\":[{\"@type\":\"WebPage\",\"@id\":\"https:\/\/biogroupvietnam.com\/en\/product\/mycofinder-rapid-mycoplasma-detection-test\/\",\"url\":\"https:\/\/biogroupvietnam.com\/en\/product\/mycofinder-rapid-mycoplasma-detection-test\/\",\"name\":\"MycoFinder Real-Time PCR \u2013 Ph\u00e1t hi\u1ec7n Mycoplasma nhanh\",\"isPartOf\":{\"@id\":\"https:\/\/biogroupvietnam.com\/vi\/#website\"},\"primaryImageOfPage\":{\"@id\":\"https:\/\/biogroupvietnam.com\/en\/product\/mycofinder-rapid-mycoplasma-detection-test\/#primaryimage\"},\"image\":{\"@id\":\"https:\/\/biogroupvietnam.com\/en\/product\/mycofinder-rapid-mycoplasma-detection-test\/#primaryimage\"},\"thumbnailUrl\":\"https:\/\/biogroupvietnam.com\/wp-content\/uploads\/2025\/08\/MycoFinder.jpg\",\"datePublished\":\"2025-08-18T12:56:11+00:00\",\"dateModified\":\"2025-12-08T04:10:20+00:00\",\"description\":\"Myco Finder\u2122 - B\u1ed9 kit ph\u00e1t hi\u1ec7n Mycoplasma nhanh, \u0111\u1ed9 nh\u1ea1y \u226410 CFU\/mL, chu\u1ea9n JP, l\u00fd t\u01b0\u1edfng cho ph\u00f2ng lab nu\u00f4i c\u1ea5y t\u1ebf b\u00e0o & s\u1ea3n xu\u1ea5t li\u1ec7u ph\u00e1p t\u1ebf b\u00e0o.\",\"breadcrumb\":{\"@id\":\"https:\/\/biogroupvietnam.com\/en\/product\/mycofinder-rapid-mycoplasma-detection-test\/#breadcrumb\"},\"inLanguage\":\"en-US\",\"potentialAction\":[{\"@type\":\"ReadAction\",\"target\":[\"https:\/\/biogroupvietnam.com\/en\/product\/mycofinder-rapid-mycoplasma-detection-test\/\"]}]},{\"@type\":\"ImageObject\",\"inLanguage\":\"en-US\",\"@id\":\"https:\/\/biogroupvietnam.com\/en\/product\/mycofinder-rapid-mycoplasma-detection-test\/#primaryimage\",\"url\":\"https:\/\/biogroupvietnam.com\/wp-content\/uploads\/2025\/08\/MycoFinder.jpg\",\"contentUrl\":\"https:\/\/biogroupvietnam.com\/wp-content\/uploads\/2025\/08\/MycoFinder.jpg\",\"width\":1640,\"height\":1260},{\"@type\":\"BreadcrumbList\",\"@id\":\"https:\/\/biogroupvietnam.com\/en\/product\/mycofinder-rapid-mycoplasma-detection-test\/#breadcrumb\",\"itemListElement\":[{\"@type\":\"ListItem\",\"position\":1,\"name\":\"Biogroup Vietnam | End-to-End Biotechnology Solutions\",\"item\":\"https:\/\/biogroupvietnam.com\/vi\/\"},{\"@type\":\"ListItem\",\"position\":2,\"name\":\"Product\",\"item\":\"https:\/\/biogroupvietnam.com\/vi\/san-pham\/\"},{\"@type\":\"ListItem\",\"position\":3,\"name\":\"Bioassays\",\"item\":\"https:\/\/biogroupvietnam.com\/vi\/danh-muc-san-pham\/xet-nghiem-sinh-hoc\/\"},{\"@type\":\"ListItem\",\"position\":4,\"name\":\"Mycoplasma Testing\",\"item\":\"https:\/\/biogroupvietnam.com\/vi\/danh-muc-san-pham\/thu-nghiem-mycoplasma\/\"},{\"@type\":\"ListItem\",\"position\":5,\"name\":\"MycoFinder-Rapid mycoplasma detection test kit\"}]},{\"@type\":\"WebSite\",\"@id\":\"https:\/\/biogroupvietnam.com\/en\/vi\/#website\",\"url\":\"https:\/\/biogroupvietnam.com\/en\/vi\/\",\"name\":\"Biogroup Vietnam\",\"description\":\"Biogroup Vietnam cung c\u1ea5p d\u1ecbch v\u1ee5 k\u1ef9 thu\u1eadt c\u00f9ng thi\u1ebft b\u1ecb, v\u1eadt t\u01b0, h\u00f3a ch\u1ea5t v\u00e0 gi\u1ea3i ph\u00e1p sinh h\u1ecdc cho ph\u00f2ng th\u00ed nghi\u1ec7m c\u00f4ng ngh\u1ec7 sinh h\u1ecdc, y sinh v\u00e0 y h\u1ecdc t\u00e1i t\u1ea1o.\",\"potentialAction\":[{\"@type\":\"SearchAction\",\"target\":{\"@type\":\"EntryPoint\",\"urlTemplate\":\"https:\/\/biogroupvietnam.com\/en\/vi\/?s={search_term_string}\"},\"query-input\":{\"@type\":\"PropertyValueSpecification\",\"valueRequired\":true,\"valueName\":\"search_term_string\"}}],\"inLanguage\":\"en-US\"}]}<\/script>\n<!-- \/ Yoast SEO plugin. -->","yoast_head_json":{"title":"MycoFinder-Rapid mycoplasma detection test kit","description":"The MycoFinder Real-Time PCR kit enables fast, reliable mycoplasma detection for QC of ATMPs (Advanced Therapy Medicinal Products) and biopharmaceuticals, delivering sample-to-result in ~120 minutes. A pre-aliquoted, lyophilized master mix in PCR strips minimizes handling and errors, powering a simple 4-step workflow. Real-time PCR cycling is &lt;60 minutes; LOD &lt;10 CFU\/mL with high specificity covering&hellip;","robots":{"index":"index","follow":"follow","max-snippet":"max-snippet:-1","max-image-preview":"max-image-preview:large","max-video-preview":"max-video-preview:-1"},"canonical":"The MycoFinder Real-Time PCR kit enables fast, reliable mycoplasma detection for QC of ATMPs (Advanced Therapy Medicinal Products) and biopharmaceuticals, delivering sample-to-result in ~120 minutes. A pre-aliquoted, lyophilized master mix in PCR strips minimizes handling and errors, powering a simple 4-step workflow. Real-time PCR cycling is &lt;60 minutes; LOD &lt;10 CFU\/mL with high specificity covering&hellip;","og_locale":"en_US","og_type":"article","og_title":"MycoFinder-Rapid mycoplasma detection test kit","og_description":"The MycoFinder Real-Time PCR kit enables fast, reliable mycoplasma detection for QC of ATMPs (Advanced Therapy Medicinal Products) and biopharmaceuticals, delivering sample-to-result in ~120 minutes. A pre-aliquoted, lyophilized master mix in PCR strips minimizes handling and errors, powering a simple 4-step workflow. Real-time PCR cycling is &lt;60 minutes; LOD &lt;10 CFU\/mL with high specificity covering&hellip;","og_url":"https:\/\/biogroupvietnam.com\/en\/product\/mycofinder-rapid-mycoplasma-detection-test\/","og_site_name":"Biogroup Vietnam","article_modified_time":"2025-12-08T04:10:20+00:00","og_image":[{"width":1640,"height":1260,"url":"https:\/\/biogroupvietnam.com\/wp-content\/uploads\/2025\/08\/MycoFinder.jpg","type":"image\/jpeg"}],"twitter_card":"summary_large_image","twitter_misc":{"Est. reading time":"5 minutes"},"schema":{"@context":"https:\/\/schema.org","@graph":[{"@type":"WebPage","@id":"https:\/\/biogroupvietnam.com\/en\/product\/mycofinder-rapid-mycoplasma-detection-test\/","url":"https:\/\/biogroupvietnam.com\/en\/product\/mycofinder-rapid-mycoplasma-detection-test\/","name":"MycoFinder Real-Time PCR \u2013 Ph\u00e1t hi\u1ec7n Mycoplasma nhanh","isPartOf":{"@id":"https:\/\/biogroupvietnam.com\/vi\/#website"},"primaryImageOfPage":{"@id":"https:\/\/biogroupvietnam.com\/en\/product\/mycofinder-rapid-mycoplasma-detection-test\/#primaryimage"},"image":{"@id":"https:\/\/biogroupvietnam.com\/en\/product\/mycofinder-rapid-mycoplasma-detection-test\/#primaryimage"},"thumbnailUrl":"https:\/\/biogroupvietnam.com\/wp-content\/uploads\/2025\/08\/MycoFinder.jpg","datePublished":"2025-08-18T12:56:11+00:00","dateModified":"2025-12-08T04:10:20+00:00","description":"Myco Finder\u2122 - B\u1ed9 kit ph\u00e1t hi\u1ec7n Mycoplasma nhanh, \u0111\u1ed9 nh\u1ea1y \u226410 CFU\/mL, chu\u1ea9n JP, l\u00fd t\u01b0\u1edfng cho ph\u00f2ng lab nu\u00f4i c\u1ea5y t\u1ebf b\u00e0o & s\u1ea3n xu\u1ea5t li\u1ec7u ph\u00e1p t\u1ebf b\u00e0o.","breadcrumb":{"@id":"https:\/\/biogroupvietnam.com\/en\/product\/mycofinder-rapid-mycoplasma-detection-test\/#breadcrumb"},"inLanguage":"en-US","potentialAction":[{"@type":"ReadAction","target":["https:\/\/biogroupvietnam.com\/en\/product\/mycofinder-rapid-mycoplasma-detection-test\/"]}]},{"@type":"ImageObject","inLanguage":"en-US","@id":"https:\/\/biogroupvietnam.com\/en\/product\/mycofinder-rapid-mycoplasma-detection-test\/#primaryimage","url":"https:\/\/biogroupvietnam.com\/wp-content\/uploads\/2025\/08\/MycoFinder.jpg","contentUrl":"https:\/\/biogroupvietnam.com\/wp-content\/uploads\/2025\/08\/MycoFinder.jpg","width":1640,"height":1260},{"@type":"BreadcrumbList","@id":"https:\/\/biogroupvietnam.com\/en\/product\/mycofinder-rapid-mycoplasma-detection-test\/#breadcrumb","itemListElement":[{"@type":"ListItem","position":1,"name":"Biogroup Vietnam | End-to-End Biotechnology Solutions","item":"https:\/\/biogroupvietnam.com\/vi\/"},{"@type":"ListItem","position":2,"name":"Product","item":"https:\/\/biogroupvietnam.com\/vi\/san-pham\/"},{"@type":"ListItem","position":3,"name":"Bioassays","item":"https:\/\/biogroupvietnam.com\/vi\/danh-muc-san-pham\/xet-nghiem-sinh-hoc\/"},{"@type":"ListItem","position":4,"name":"Mycoplasma Testing","item":"https:\/\/biogroupvietnam.com\/vi\/danh-muc-san-pham\/thu-nghiem-mycoplasma\/"},{"@type":"ListItem","position":5,"name":"MycoFinder-Rapid mycoplasma detection test kit"}]},{"@type":"WebSite","@id":"https:\/\/biogroupvietnam.com\/en\/vi\/#website","url":"https:\/\/biogroupvietnam.com\/en\/vi\/","name":"Biogroup Vietnam","description":"Biogroup Vietnam cung c\u1ea5p d\u1ecbch v\u1ee5 k\u1ef9 thu\u1eadt c\u00f9ng thi\u1ebft b\u1ecb, v\u1eadt t\u01b0, h\u00f3a ch\u1ea5t v\u00e0 gi\u1ea3i ph\u00e1p sinh h\u1ecdc cho ph\u00f2ng th\u00ed nghi\u1ec7m c\u00f4ng ngh\u1ec7 sinh h\u1ecdc, y sinh v\u00e0 y h\u1ecdc t\u00e1i t\u1ea1o.","potentialAction":[{"@type":"SearchAction","target":{"@type":"EntryPoint","urlTemplate":"https:\/\/biogroupvietnam.com\/en\/vi\/?s={search_term_string}"},"query-input":{"@type":"PropertyValueSpecification","valueRequired":true,"valueName":"search_term_string"}}],"inLanguage":"en-US"}]}},"_links":{"self":[{"href":"https:\/\/biogroupvietnam.com\/en\/wp-json\/wp\/v2\/product\/4075","targetHints":{"allow":["GET"]}}],"collection":[{"href":"https:\/\/biogroupvietnam.com\/en\/wp-json\/wp\/v2\/product"}],"about":[{"href":"https:\/\/biogroupvietnam.com\/en\/wp-json\/wp\/v2\/types\/product"}],"replies":[{"embeddable":true,"href":"https:\/\/biogroupvietnam.com\/en\/wp-json\/wp\/v2\/comments?post=4075"}],"version-history":[{"count":8,"href":"https:\/\/biogroupvietnam.com\/en\/wp-json\/wp\/v2\/product\/4075\/revisions"}],"predecessor-version":[{"id":9257,"href":"https:\/\/biogroupvietnam.com\/en\/wp-json\/wp\/v2\/product\/4075\/revisions\/9257"}],"wp:featuredmedia":[{"embeddable":true,"href":"https:\/\/biogroupvietnam.com\/en\/wp-json\/wp\/v2\/media\/9245"}],"wp:attachment":[{"href":"https:\/\/biogroupvietnam.com\/en\/wp-json\/wp\/v2\/media?parent=4075"}],"wp:term":[{"taxonomy":"product_brand","embeddable":true,"href":"https:\/\/biogroupvietnam.com\/en\/wp-json\/wp\/v2\/product_brand?post=4075"},{"taxonomy":"product_cat","embeddable":true,"href":"https:\/\/biogroupvietnam.com\/en\/wp-json\/wp\/v2\/product_cat?post=4075"},{"taxonomy":"product_tag","embeddable":true,"href":"https:\/\/biogroupvietnam.com\/en\/wp-json\/wp\/v2\/product_tag?post=4075"}],"curies":[{"name":"wp","href":"https:\/\/api.w.org\/{rel}","templated":true}]}}