{"id":4076,"date":"2025-08-18T19:56:12","date_gmt":"2025-08-18T12:56:12","guid":{"rendered":"http:\/\/biogroupvietnam-worldpress.local\/product\/import-placeholder-for-268\/"},"modified":"2025-10-24T18:28:19","modified_gmt":"2025-10-24T11:28:19","slug":"universal-320-320r-hettich","status":"publish","type":"product","link":"https:\/\/biogroupvietnam.com\/en\/product\/universal-320-320r-hettich\/","title":{"rendered":"Benchtop Centrifuge Hettich UNIVERSAL 320"},"content":{"rendered":"<p>The Hettich UNIVERSAL 320 &amp; 320 R is a versatile bench-top centrifuge for clinical labs, QC\/GMP workflows, and research. It delivers up to 16,000 rpm, max RCF 24,900, and capacity up to 4\u00d7200 mL. The <strong data-start=\"733\" data-end=\"742\">320 R<\/strong> adds refrigeration from \u221220 \u00b0C to +40 \u00b0C with pre-cooling for temperature-sensitive samples. A broad rotor portfolio (swing-out and fixed-angle) supports microtubes, blood collection tubes, 15\/50 mL conicals, and PCR\/MTP plates. Quiet, reliable operation features a brushless motor, rotor recognition, imbalance control, and a safe lid lock. An \u201call-in-one\u201d solution to standardize workflows and safeguard sample integrity.<\/p>\n","protected":false},"excerpt":{"rendered":"<p>Hettich UNIVERSAL 320 &amp; 320 R l\u00e0 m\u00e1y ly t\u00e2m \u0111\u1ec3 b\u00e0n \u0111a n\u0103ng cho b\u1ec7nh vi\u1ec7n, QC\/GMP v\u00e0 R&amp;D. D\u1ea3i t\u1ed1c \u0111\u1ed9 \u0111\u1ebfn 16.000 rpm, RCF t\u1ed1i \u0111a 24.900, dung t\u00edch t\u1edbi 4\u00d7200 mL. Phi\u00ean b\u1ea3n <strong data-start=\"195\" data-end=\"204\">320 R<\/strong> c\u00f3 l\u00e0m l\u1ea1nh k\u00e8m pre-cooling. H\u1ed7 tr\u1ee3 nhi\u1ec1u rotor swing-out\/g\u00f3c cho \u1ed1ng 0.2\u201350 mL, \u1ed1ng m\u00e1u, 15\/50 mL, plate PCR\/MTP. V\u1eadn h\u00e0nh \u00eam v\u1edbi motor kh\u00f4ng ch\u1ed5i than, t\u1ef1 nh\u1eadn rotor, c\u00e2n b\u1eb1ng t\u1ea3i, kh\u00f3a n\u1eafp an to\u00e0n. Gi\u1ea3i ph\u00e1p \u201call-in-one\u201d t\u1ed1i \u01b0u chu\u1ea9n h\u00f3a quy tr\u00ecnh v\u00e0 b\u1ea3o to\u00e0n ch\u1ea5t l\u01b0\u1ee3ng m\u1eabu.<\/p>\n","protected":false},"featured_media":5592,"comment_status":"closed","ping_status":"closed","template":"","meta":{"_acf_changed":false},"product_brand":[130],"product_cat":[122],"product_tag":[],"class_list":{"0":"post-4076","1":"product","2":"type-product","3":"status-publish","4":"has-post-thumbnail","6":"product_brand-andreas-hettich","7":"product_cat-centrifuges","9":"first","10":"outofstock","11":"shipping-taxable","12":"product-type-simple"},"acf":[],"yoast_head":"<!-- This site is optimized with the Yoast SEO plugin v26.8 - https:\/\/yoast.com\/product\/yoast-seo-wordpress\/ -->\n<title>Benchtop Centrifuge Hettich UNIVERSAL 320<\/title>\n<meta name=\"description\" content=\"The Hettich UNIVERSAL 320 &amp; 320 R is a versatile bench-top centrifuge for clinical labs, QC\/GMP workflows, and research. It delivers up to 16,000 rpm, max RCF 24,900, and capacity up to 4\u00d7200 mL. The 320 R adds refrigeration from \u221220 \u00b0C to +40 \u00b0C with pre-cooling for temperature-sensitive samples. A broad rotor portfolio (swing-out&hellip;\" \/>\n<meta name=\"robots\" content=\"index, follow, max-snippet:-1, max-image-preview:large, max-video-preview:-1\" \/>\n<link rel=\"canonical\" href=\"http:\/\/The%20Hettich%20UNIVERSAL%20320%20&amp;%20320%20R%20is%20a%20versatile%20bench-top%20centrifuge%20for%20clinical%20labs,%20QC\/GMP%20workflows,%20and%20research.%20It%20delivers%20up%20to%2016,000%20rpm,%20max%20RCF%2024,900,%20and%20capacity%20up%20to%204\u00d7200%20mL.%20The%20320%20R%20adds%20refrigeration%20from%20\u221220%20\u00b0C%20to%20%2040%20\u00b0C%20with%20pre-cooling%20for%20temperature-sensitive%20samples.%20A%20broad%20rotor%20portfolio%20(swing-out&hellip;\" \/>\n<meta property=\"og:locale\" content=\"en_US\" \/>\n<meta property=\"og:type\" content=\"article\" \/>\n<meta property=\"og:title\" content=\"Benchtop Centrifuge Hettich UNIVERSAL 320\" \/>\n<meta property=\"og:description\" content=\"The Hettich UNIVERSAL 320 &amp; 320 R is a versatile bench-top centrifuge for clinical labs, QC\/GMP workflows, and research. It delivers up to 16,000 rpm, max RCF 24,900, and capacity up to 4\u00d7200 mL. The 320 R adds refrigeration from \u221220 \u00b0C to +40 \u00b0C with pre-cooling for temperature-sensitive samples. A broad rotor portfolio (swing-out&hellip;\" \/>\n<meta property=\"og:url\" content=\"https:\/\/biogroupvietnam.com\/en\/product\/universal-320-320r-hettich\/\" \/>\n<meta property=\"og:site_name\" content=\"Biogroup Vietnam\" \/>\n<meta property=\"article:modified_time\" content=\"2025-10-24T11:28:19+00:00\" \/>\n<meta property=\"og:image\" content=\"https:\/\/biogroupvietnam.com\/wp-content\/uploads\/2025\/08\/universal20320202.jpg\" \/>\n\t<meta property=\"og:image:width\" content=\"1600\" \/>\n\t<meta property=\"og:image:height\" content=\"1229\" \/>\n\t<meta property=\"og:image:type\" content=\"image\/jpeg\" \/>\n<meta name=\"twitter:card\" content=\"summary_large_image\" \/>\n<meta name=\"twitter:label1\" content=\"Est. reading time\" \/>\n\t<meta name=\"twitter:data1\" content=\"5 minutes\" \/>\n<script type=\"application\/ld+json\" class=\"yoast-schema-graph\">{\"@context\":\"https:\/\/schema.org\",\"@graph\":[{\"@type\":\"WebPage\",\"@id\":\"https:\/\/biogroupvietnam.com\/en\/product\/universal-320-320r-hettich\/\",\"url\":\"https:\/\/biogroupvietnam.com\/en\/product\/universal-320-320r-hettich\/\",\"name\":\"M\u00e1y ly t\u00e2m Hettich UNIVERSAL 320 & 320 R \u2013 \u0110a n\u0103ng, \u00eam, chu\u1ea9n GMP\/ISO | Biogroup Vietnam\",\"isPartOf\":{\"@id\":\"https:\/\/biogroupvietnam.com\/vi\/#website\"},\"primaryImageOfPage\":{\"@id\":\"https:\/\/biogroupvietnam.com\/en\/product\/universal-320-320r-hettich\/#primaryimage\"},\"image\":{\"@id\":\"https:\/\/biogroupvietnam.com\/en\/product\/universal-320-320r-hettich\/#primaryimage\"},\"thumbnailUrl\":\"https:\/\/biogroupvietnam.com\/wp-content\/uploads\/2025\/08\/universal20320202.jpg\",\"datePublished\":\"2025-08-18T12:56:12+00:00\",\"dateModified\":\"2025-10-24T11:28:19+00:00\",\"description\":\"UNIVERSAL 320\/320 R: 500-16.000 rpm, RCF 24.900, 4\u00d7200 mL, phi\u00ean b\u1ea3n l\u00e0m l\u1ea1nh -20\u00b0C\\\"\u0111\\\" e \u0302 \u02can+40\u00b0C. Biogroup t\u01b0 v\u1ea5n & l\u1eafp \u0111\u1eb7t tr\u1ecdn g\u00f3i.\",\"breadcrumb\":{\"@id\":\"https:\/\/biogroupvietnam.com\/en\/product\/universal-320-320r-hettich\/#breadcrumb\"},\"inLanguage\":\"en-US\",\"potentialAction\":[{\"@type\":\"ReadAction\",\"target\":[\"https:\/\/biogroupvietnam.com\/en\/product\/universal-320-320r-hettich\/\"]}]},{\"@type\":\"ImageObject\",\"inLanguage\":\"en-US\",\"@id\":\"https:\/\/biogroupvietnam.com\/en\/product\/universal-320-320r-hettich\/#primaryimage\",\"url\":\"https:\/\/biogroupvietnam.com\/wp-content\/uploads\/2025\/08\/universal20320202.jpg\",\"contentUrl\":\"https:\/\/biogroupvietnam.com\/wp-content\/uploads\/2025\/08\/universal20320202.jpg\",\"width\":1600,\"height\":1229,\"caption\":\"\u00a0\"},{\"@type\":\"BreadcrumbList\",\"@id\":\"https:\/\/biogroupvietnam.com\/en\/product\/universal-320-320r-hettich\/#breadcrumb\",\"itemListElement\":[{\"@type\":\"ListItem\",\"position\":1,\"name\":\"Biogroup Vietnam | End-to-End Biotechnology Solutions\",\"item\":\"https:\/\/biogroupvietnam.com\/vi\/\"},{\"@type\":\"ListItem\",\"position\":2,\"name\":\"Product\",\"item\":\"https:\/\/biogroupvietnam.com\/vi\/san-pham\/\"},{\"@type\":\"ListItem\",\"position\":3,\"name\":\"Biological R&D\",\"item\":\"https:\/\/biogroupvietnam.com\/vi\/danh-muc-san-pham\/rd-sinh-hoc\/\"},{\"@type\":\"ListItem\",\"position\":4,\"name\":\"Centrifuges\",\"item\":\"https:\/\/biogroupvietnam.com\/vi\/danh-muc-san-pham\/may-ly-tam\/\"},{\"@type\":\"ListItem\",\"position\":5,\"name\":\"Benchtop Centrifuge Hettich UNIVERSAL 320\"}]},{\"@type\":\"WebSite\",\"@id\":\"https:\/\/biogroupvietnam.com\/en\/vi\/#website\",\"url\":\"https:\/\/biogroupvietnam.com\/en\/vi\/\",\"name\":\"Biogroup Vietnam\",\"description\":\"Biogroup Vietnam cung c\u1ea5p d\u1ecbch v\u1ee5 k\u1ef9 thu\u1eadt c\u00f9ng thi\u1ebft b\u1ecb, v\u1eadt t\u01b0, h\u00f3a ch\u1ea5t v\u00e0 gi\u1ea3i ph\u00e1p sinh h\u1ecdc cho ph\u00f2ng th\u00ed nghi\u1ec7m c\u00f4ng ngh\u1ec7 sinh h\u1ecdc, y sinh v\u00e0 y h\u1ecdc t\u00e1i t\u1ea1o.\",\"potentialAction\":[{\"@type\":\"SearchAction\",\"target\":{\"@type\":\"EntryPoint\",\"urlTemplate\":\"https:\/\/biogroupvietnam.com\/en\/vi\/?s={search_term_string}\"},\"query-input\":{\"@type\":\"PropertyValueSpecification\",\"valueRequired\":true,\"valueName\":\"search_term_string\"}}],\"inLanguage\":\"en-US\"}]}<\/script>\n<!-- \/ Yoast SEO plugin. -->","yoast_head_json":{"title":"Benchtop Centrifuge Hettich UNIVERSAL 320","description":"The Hettich UNIVERSAL 320 &amp; 320 R is a versatile bench-top centrifuge for clinical labs, QC\/GMP workflows, and research. It delivers up to 16,000 rpm, max RCF 24,900, and capacity up to 4\u00d7200 mL. The 320 R adds refrigeration from \u221220 \u00b0C to +40 \u00b0C with pre-cooling for temperature-sensitive samples. A broad rotor portfolio (swing-out&hellip;","robots":{"index":"index","follow":"follow","max-snippet":"max-snippet:-1","max-image-preview":"max-image-preview:large","max-video-preview":"max-video-preview:-1"},"canonical":"The Hettich UNIVERSAL 320 &amp; 320 R is a versatile bench-top centrifuge for clinical labs, QC\/GMP workflows, and research. It delivers up to 16,000 rpm, max RCF 24,900, and capacity up to 4\u00d7200 mL. The 320 R adds refrigeration from \u221220 \u00b0C to  40 \u00b0C with pre-cooling for temperature-sensitive samples. A broad rotor portfolio (swing-out&hellip;","og_locale":"en_US","og_type":"article","og_title":"Benchtop Centrifuge Hettich UNIVERSAL 320","og_description":"The Hettich UNIVERSAL 320 &amp; 320 R is a versatile bench-top centrifuge for clinical labs, QC\/GMP workflows, and research. It delivers up to 16,000 rpm, max RCF 24,900, and capacity up to 4\u00d7200 mL. The 320 R adds refrigeration from \u221220 \u00b0C to +40 \u00b0C with pre-cooling for temperature-sensitive samples. A broad rotor portfolio (swing-out&hellip;","og_url":"https:\/\/biogroupvietnam.com\/en\/product\/universal-320-320r-hettich\/","og_site_name":"Biogroup Vietnam","article_modified_time":"2025-10-24T11:28:19+00:00","og_image":[{"width":1600,"height":1229,"url":"https:\/\/biogroupvietnam.com\/wp-content\/uploads\/2025\/08\/universal20320202.jpg","type":"image\/jpeg"}],"twitter_card":"summary_large_image","twitter_misc":{"Est. reading time":"5 minutes"},"schema":{"@context":"https:\/\/schema.org","@graph":[{"@type":"WebPage","@id":"https:\/\/biogroupvietnam.com\/en\/product\/universal-320-320r-hettich\/","url":"https:\/\/biogroupvietnam.com\/en\/product\/universal-320-320r-hettich\/","name":"M\u00e1y ly t\u00e2m Hettich UNIVERSAL 320 & 320 R \u2013 \u0110a n\u0103ng, \u00eam, chu\u1ea9n GMP\/ISO | Biogroup Vietnam","isPartOf":{"@id":"https:\/\/biogroupvietnam.com\/vi\/#website"},"primaryImageOfPage":{"@id":"https:\/\/biogroupvietnam.com\/en\/product\/universal-320-320r-hettich\/#primaryimage"},"image":{"@id":"https:\/\/biogroupvietnam.com\/en\/product\/universal-320-320r-hettich\/#primaryimage"},"thumbnailUrl":"https:\/\/biogroupvietnam.com\/wp-content\/uploads\/2025\/08\/universal20320202.jpg","datePublished":"2025-08-18T12:56:12+00:00","dateModified":"2025-10-24T11:28:19+00:00","description":"UNIVERSAL 320\/320 R: 500-16.000 rpm, RCF 24.900, 4\u00d7200 mL, phi\u00ean b\u1ea3n l\u00e0m l\u1ea1nh -20\u00b0C\"\u0111\" e \u0302 \u02can+40\u00b0C. Biogroup t\u01b0 v\u1ea5n & l\u1eafp \u0111\u1eb7t tr\u1ecdn g\u00f3i.","breadcrumb":{"@id":"https:\/\/biogroupvietnam.com\/en\/product\/universal-320-320r-hettich\/#breadcrumb"},"inLanguage":"en-US","potentialAction":[{"@type":"ReadAction","target":["https:\/\/biogroupvietnam.com\/en\/product\/universal-320-320r-hettich\/"]}]},{"@type":"ImageObject","inLanguage":"en-US","@id":"https:\/\/biogroupvietnam.com\/en\/product\/universal-320-320r-hettich\/#primaryimage","url":"https:\/\/biogroupvietnam.com\/wp-content\/uploads\/2025\/08\/universal20320202.jpg","contentUrl":"https:\/\/biogroupvietnam.com\/wp-content\/uploads\/2025\/08\/universal20320202.jpg","width":1600,"height":1229,"caption":"\u00a0"},{"@type":"BreadcrumbList","@id":"https:\/\/biogroupvietnam.com\/en\/product\/universal-320-320r-hettich\/#breadcrumb","itemListElement":[{"@type":"ListItem","position":1,"name":"Biogroup Vietnam | End-to-End Biotechnology Solutions","item":"https:\/\/biogroupvietnam.com\/vi\/"},{"@type":"ListItem","position":2,"name":"Product","item":"https:\/\/biogroupvietnam.com\/vi\/san-pham\/"},{"@type":"ListItem","position":3,"name":"Biological R&D","item":"https:\/\/biogroupvietnam.com\/vi\/danh-muc-san-pham\/rd-sinh-hoc\/"},{"@type":"ListItem","position":4,"name":"Centrifuges","item":"https:\/\/biogroupvietnam.com\/vi\/danh-muc-san-pham\/may-ly-tam\/"},{"@type":"ListItem","position":5,"name":"Benchtop Centrifuge Hettich UNIVERSAL 320"}]},{"@type":"WebSite","@id":"https:\/\/biogroupvietnam.com\/en\/vi\/#website","url":"https:\/\/biogroupvietnam.com\/en\/vi\/","name":"Biogroup Vietnam","description":"Biogroup Vietnam cung c\u1ea5p d\u1ecbch v\u1ee5 k\u1ef9 thu\u1eadt c\u00f9ng thi\u1ebft b\u1ecb, v\u1eadt t\u01b0, h\u00f3a ch\u1ea5t v\u00e0 gi\u1ea3i ph\u00e1p sinh h\u1ecdc cho ph\u00f2ng th\u00ed nghi\u1ec7m c\u00f4ng ngh\u1ec7 sinh h\u1ecdc, y sinh v\u00e0 y h\u1ecdc t\u00e1i t\u1ea1o.","potentialAction":[{"@type":"SearchAction","target":{"@type":"EntryPoint","urlTemplate":"https:\/\/biogroupvietnam.com\/en\/vi\/?s={search_term_string}"},"query-input":{"@type":"PropertyValueSpecification","valueRequired":true,"valueName":"search_term_string"}}],"inLanguage":"en-US"}]}},"_links":{"self":[{"href":"https:\/\/biogroupvietnam.com\/en\/wp-json\/wp\/v2\/product\/4076","targetHints":{"allow":["GET"]}}],"collection":[{"href":"https:\/\/biogroupvietnam.com\/en\/wp-json\/wp\/v2\/product"}],"about":[{"href":"https:\/\/biogroupvietnam.com\/en\/wp-json\/wp\/v2\/types\/product"}],"replies":[{"embeddable":true,"href":"https:\/\/biogroupvietnam.com\/en\/wp-json\/wp\/v2\/comments?post=4076"}],"version-history":[{"count":5,"href":"https:\/\/biogroupvietnam.com\/en\/wp-json\/wp\/v2\/product\/4076\/revisions"}],"predecessor-version":[{"id":8749,"href":"https:\/\/biogroupvietnam.com\/en\/wp-json\/wp\/v2\/product\/4076\/revisions\/8749"}],"wp:featuredmedia":[{"embeddable":true,"href":"https:\/\/biogroupvietnam.com\/en\/wp-json\/wp\/v2\/media\/5592"}],"wp:attachment":[{"href":"https:\/\/biogroupvietnam.com\/en\/wp-json\/wp\/v2\/media?parent=4076"}],"wp:term":[{"taxonomy":"product_brand","embeddable":true,"href":"https:\/\/biogroupvietnam.com\/en\/wp-json\/wp\/v2\/product_brand?post=4076"},{"taxonomy":"product_cat","embeddable":true,"href":"https:\/\/biogroupvietnam.com\/en\/wp-json\/wp\/v2\/product_cat?post=4076"},{"taxonomy":"product_tag","embeddable":true,"href":"https:\/\/biogroupvietnam.com\/en\/wp-json\/wp\/v2\/product_tag?post=4076"}],"curies":[{"name":"wp","href":"https:\/\/api.w.org\/{rel}","templated":true}]}}