{"id":4082,"date":"2025-08-18T19:56:13","date_gmt":"2025-08-18T12:56:13","guid":{"rendered":"http:\/\/biogroupvietnam-worldpress.local\/product\/import-placeholder-for-274\/"},"modified":"2025-10-02T14:30:51","modified_gmt":"2025-10-02T07:30:51","slug":"may-ly-tam-de-ban-hettich-rotina-420","status":"publish","type":"product","link":"https:\/\/biogroupvietnam.com\/en\/product\/benchtop-centrifuge-hettich-rotina-420\/","title":{"rendered":"Benchtop Centrifuge Hettich ROTINA 420"},"content":{"rendered":"<h3>ROTINA 420 &#8211; Well equipped for all lab applications<\/h3>\n<p>This compact benchtop centrifuge has been developed for large sample volumes. The R model is equipped with a cooling unit to reach temperatures from -20 \u00b0C to +40 \u00b0C. It has a maximum capacity of 4 x 600 ml bottles, 140 blood tubes, 16 microtiter plates or 52 x 15 ml conical tubes, all on a single cost-effective rotor.<\/p>\n<h4>Best conditions for your application<\/h4>\n<h6>Single-hand clamp lock for easy loading, unloading, transport and sealing<\/h6>\n<p>The carrier buckets for the ROTINA 420 have been updated to feature an integrated handle, providing a convenient method for transporting and loading your samples. This handle also doubles as a locking mechanism for your bio-containment lids.<\/p>\n<h4>Areas of applications<\/h4>\n<h6>Clinical chemistry, Hematology, Serology<\/h6>\n<p>HTP centrifuge suitable for large laboratories such as blood banks or high-throughput clinical labs.<\/p>\n<h6>Research and Industry, Cell culture, Assays<\/h6>\n<p>One rotor fits multiple flasks, bottles and plates, offering many options for cell culture and\/or solid phase assays.<\/p>\n<h6>Facilties<\/h6>\n<ul>\n<li>Hospitals<\/li>\n<li>Hematological labs<\/li>\n<li>Blood centers<\/li>\n<li>Veterinary labs<\/li>\n<li>Pharmaceutical labs<\/li>\n<li>Food analyzing labs<\/li>\n<li>Scientific labs in universities<\/li>\n<\/ul>\n<p>&nbsp; Contact for order consultation.<\/p>\n","protected":false},"excerpt":{"rendered":"<p>ROTINA 420 &#8211; Well equipped for all lab applications This compact benchtop centrifuge has been developed for large sample volumes. The R model is equipped with a cooling unit to reach temperatures from -20 \u00b0C to +40 \u00b0C. It has a maximum capacity of 4 x 600 ml bottles, 140 blood tubes, 16 microtiter plates<\/p>\n<div class=\"klb-readmore post-buttons\"><a class=\"button rounded primary\" href=\"https:\/\/biogroupvietnam.com\/en\/product\/benchtop-centrifuge-hettich-rotina-420\/\">Read More <i class=\"klbth-icon-right-arrow\"><\/i><\/a><\/div>\n","protected":false},"featured_media":5598,"comment_status":"closed","ping_status":"closed","template":"","meta":{"_acf_changed":false},"product_brand":[130],"product_cat":[122],"product_tag":[],"class_list":{"0":"post-4082","1":"product","2":"type-product","3":"status-publish","4":"has-post-thumbnail","6":"product_brand-andreas-hettich","7":"product_cat-centrifuges","9":"first","10":"outofstock","11":"shipping-taxable","12":"product-type-simple"},"acf":[],"yoast_head":"<!-- This site is optimized with the Yoast SEO plugin v26.8 - https:\/\/yoast.com\/product\/yoast-seo-wordpress\/ -->\n<title>Benchtop Centrifuge Hettich ROTINA 420<\/title>\n<meta name=\"description\" content=\"ROTINA 420 - Well equipped for all lab applications This compact benchtop centrifuge has been developed for large sample volumes. The R model is equipped with a cooling unit to reach temperatures from -20 \u00b0C to +40 \u00b0C. It has a maximum capacity of 4 x 600 ml bottles, 140 blood tubes, 16 microtiter plates&hellip;\" \/>\n<meta name=\"robots\" content=\"index, follow, max-snippet:-1, max-image-preview:large, max-video-preview:-1\" \/>\n<link rel=\"canonical\" href=\"http:\/\/ROTINA%20420%20-%20Well%20equipped%20for%20all%20lab%20applications%20This%20compact%20benchtop%20centrifuge%20has%20been%20developed%20for%20large%20sample%20volumes.%20The%20R%20model%20is%20equipped%20with%20a%20cooling%20unit%20to%20reach%20temperatures%20from%20-20%20\u00b0C%20to%20%2040%20\u00b0C.%20It%20has%20a%20maximum%20capacity%20of%204%20x%20600%20ml%20bottles,%20140%20blood%20tubes,%2016%20microtiter%20plates&hellip;\" \/>\n<meta property=\"og:locale\" content=\"en_US\" \/>\n<meta property=\"og:type\" content=\"article\" \/>\n<meta property=\"og:title\" content=\"Benchtop Centrifuge Hettich ROTINA 420\" \/>\n<meta property=\"og:description\" content=\"ROTINA 420 - Well equipped for all lab applications This compact benchtop centrifuge has been developed for large sample volumes. The R model is equipped with a cooling unit to reach temperatures from -20 \u00b0C to +40 \u00b0C. It has a maximum capacity of 4 x 600 ml bottles, 140 blood tubes, 16 microtiter plates&hellip;\" \/>\n<meta property=\"og:url\" content=\"https:\/\/biogroupvietnam.com\/en\/product\/benchtop-centrifuge-hettich-rotina-420\/\" \/>\n<meta property=\"og:site_name\" content=\"Biogroup Vietnam\" \/>\n<meta property=\"article:modified_time\" content=\"2025-10-02T07:30:51+00:00\" \/>\n<meta property=\"og:image\" content=\"https:\/\/biogroupvietnam.com\/wp-content\/uploads\/2025\/08\/rotina20420.jpg\" \/>\n\t<meta property=\"og:image:width\" content=\"1600\" \/>\n\t<meta property=\"og:image:height\" content=\"1229\" \/>\n\t<meta property=\"og:image:type\" content=\"image\/jpeg\" \/>\n<meta name=\"twitter:card\" content=\"summary_large_image\" \/>\n<meta name=\"twitter:label1\" content=\"Est. reading time\" \/>\n\t<meta name=\"twitter:data1\" content=\"2 minutes\" \/>\n<script type=\"application\/ld+json\" class=\"yoast-schema-graph\">{\"@context\":\"https:\/\/schema.org\",\"@graph\":[{\"@type\":\"WebPage\",\"@id\":\"https:\/\/biogroupvietnam.com\/en\/product\/benchtop-centrifuge-hettich-rotina-420\/\",\"url\":\"https:\/\/biogroupvietnam.com\/en\/product\/benchtop-centrifuge-hettich-rotina-420\/\",\"name\":\"M\u00e1y Ly T\u00e2m \u0110\u1ec3 B\u00e0n Hettich ROTINA 420R\",\"isPartOf\":{\"@id\":\"https:\/\/biogroupvietnam.com\/vi\/#website\"},\"primaryImageOfPage\":{\"@id\":\"https:\/\/biogroupvietnam.com\/en\/product\/benchtop-centrifuge-hettich-rotina-420\/#primaryimage\"},\"image\":{\"@id\":\"https:\/\/biogroupvietnam.com\/en\/product\/benchtop-centrifuge-hettich-rotina-420\/#primaryimage\"},\"thumbnailUrl\":\"https:\/\/biogroupvietnam.com\/wp-content\/uploads\/2025\/08\/rotina20420.jpg\",\"datePublished\":\"2025-08-18T12:56:13+00:00\",\"dateModified\":\"2025-10-02T07:30:51+00:00\",\"description\":\"M\u00e1y ly t\u00e2m ROTINA 420 \u0111\u1ec3 b\u00e0n nh\u1ecf g\u1ecdn \u0111\u01b0\u1ee3c thi\u1ebft k\u1ebf cho c\u00e1c \u1ee9ng d\u1ee5ng y\u00eau c\u1ea7u x\u1eed l\u00fd th\u1ec3 t\u00edch m\u1eabu l\u1edbn. C\u00f3 kh\u1ea3 n\u0103ng ly t\u00e2m t\u1ed1i \u0111a l\u00ean \u0111\u1ebfn 4 x chai 600 ml, 140 \u1ed1ng m\u00e1u, 16 \u0111\u0129a vi chu\u1ea9n ho\u1eb7c 52 \u1ed1ng n\u00f3n 15 ml, t\u1ea5t c\u1ea3 ch\u1ec9 v\u1edbi m\u1ed9t rotor ti\u1ebft ki\u1ec7m chi ph\u00ed.\",\"breadcrumb\":{\"@id\":\"https:\/\/biogroupvietnam.com\/en\/product\/benchtop-centrifuge-hettich-rotina-420\/#breadcrumb\"},\"inLanguage\":\"en-US\",\"potentialAction\":[{\"@type\":\"ReadAction\",\"target\":[\"https:\/\/biogroupvietnam.com\/en\/product\/benchtop-centrifuge-hettich-rotina-420\/\"]}]},{\"@type\":\"ImageObject\",\"inLanguage\":\"en-US\",\"@id\":\"https:\/\/biogroupvietnam.com\/en\/product\/benchtop-centrifuge-hettich-rotina-420\/#primaryimage\",\"url\":\"https:\/\/biogroupvietnam.com\/wp-content\/uploads\/2025\/08\/rotina20420.jpg\",\"contentUrl\":\"https:\/\/biogroupvietnam.com\/wp-content\/uploads\/2025\/08\/rotina20420.jpg\",\"width\":1600,\"height\":1229,\"caption\":\"\u00a0\"},{\"@type\":\"BreadcrumbList\",\"@id\":\"https:\/\/biogroupvietnam.com\/en\/product\/benchtop-centrifuge-hettich-rotina-420\/#breadcrumb\",\"itemListElement\":[{\"@type\":\"ListItem\",\"position\":1,\"name\":\"Biogroup Vietnam | End-to-End Biotechnology Solutions\",\"item\":\"https:\/\/biogroupvietnam.com\/vi\/\"},{\"@type\":\"ListItem\",\"position\":2,\"name\":\"Product\",\"item\":\"https:\/\/biogroupvietnam.com\/vi\/san-pham\/\"},{\"@type\":\"ListItem\",\"position\":3,\"name\":\"Biological R&D\",\"item\":\"https:\/\/biogroupvietnam.com\/vi\/danh-muc-san-pham\/rd-sinh-hoc\/\"},{\"@type\":\"ListItem\",\"position\":4,\"name\":\"Centrifuges\",\"item\":\"https:\/\/biogroupvietnam.com\/vi\/danh-muc-san-pham\/may-ly-tam\/\"},{\"@type\":\"ListItem\",\"position\":5,\"name\":\"Benchtop Centrifuge Hettich ROTINA 420\"}]},{\"@type\":\"WebSite\",\"@id\":\"https:\/\/biogroupvietnam.com\/en\/vi\/#website\",\"url\":\"https:\/\/biogroupvietnam.com\/en\/vi\/\",\"name\":\"Biogroup Vietnam\",\"description\":\"Biogroup Vietnam cung c\u1ea5p d\u1ecbch v\u1ee5 k\u1ef9 thu\u1eadt c\u00f9ng thi\u1ebft b\u1ecb, v\u1eadt t\u01b0, h\u00f3a ch\u1ea5t v\u00e0 gi\u1ea3i ph\u00e1p sinh h\u1ecdc cho ph\u00f2ng th\u00ed nghi\u1ec7m c\u00f4ng ngh\u1ec7 sinh h\u1ecdc, y sinh v\u00e0 y h\u1ecdc t\u00e1i t\u1ea1o.\",\"potentialAction\":[{\"@type\":\"SearchAction\",\"target\":{\"@type\":\"EntryPoint\",\"urlTemplate\":\"https:\/\/biogroupvietnam.com\/en\/vi\/?s={search_term_string}\"},\"query-input\":{\"@type\":\"PropertyValueSpecification\",\"valueRequired\":true,\"valueName\":\"search_term_string\"}}],\"inLanguage\":\"en-US\"}]}<\/script>\n<!-- \/ Yoast SEO plugin. -->","yoast_head_json":{"title":"Benchtop Centrifuge Hettich ROTINA 420","description":"ROTINA 420 - Well equipped for all lab applications This compact benchtop centrifuge has been developed for large sample volumes. The R model is equipped with a cooling unit to reach temperatures from -20 \u00b0C to +40 \u00b0C. It has a maximum capacity of 4 x 600 ml bottles, 140 blood tubes, 16 microtiter plates&hellip;","robots":{"index":"index","follow":"follow","max-snippet":"max-snippet:-1","max-image-preview":"max-image-preview:large","max-video-preview":"max-video-preview:-1"},"canonical":"ROTINA 420 - Well equipped for all lab applications This compact benchtop centrifuge has been developed for large sample volumes. The R model is equipped with a cooling unit to reach temperatures from -20 \u00b0C to  40 \u00b0C. It has a maximum capacity of 4 x 600 ml bottles, 140 blood tubes, 16 microtiter plates&hellip;","og_locale":"en_US","og_type":"article","og_title":"Benchtop Centrifuge Hettich ROTINA 420","og_description":"ROTINA 420 - Well equipped for all lab applications This compact benchtop centrifuge has been developed for large sample volumes. The R model is equipped with a cooling unit to reach temperatures from -20 \u00b0C to +40 \u00b0C. It has a maximum capacity of 4 x 600 ml bottles, 140 blood tubes, 16 microtiter plates&hellip;","og_url":"https:\/\/biogroupvietnam.com\/en\/product\/benchtop-centrifuge-hettich-rotina-420\/","og_site_name":"Biogroup Vietnam","article_modified_time":"2025-10-02T07:30:51+00:00","og_image":[{"width":1600,"height":1229,"url":"https:\/\/biogroupvietnam.com\/wp-content\/uploads\/2025\/08\/rotina20420.jpg","type":"image\/jpeg"}],"twitter_card":"summary_large_image","twitter_misc":{"Est. reading time":"2 minutes"},"schema":{"@context":"https:\/\/schema.org","@graph":[{"@type":"WebPage","@id":"https:\/\/biogroupvietnam.com\/en\/product\/benchtop-centrifuge-hettich-rotina-420\/","url":"https:\/\/biogroupvietnam.com\/en\/product\/benchtop-centrifuge-hettich-rotina-420\/","name":"M\u00e1y Ly T\u00e2m \u0110\u1ec3 B\u00e0n Hettich ROTINA 420R","isPartOf":{"@id":"https:\/\/biogroupvietnam.com\/vi\/#website"},"primaryImageOfPage":{"@id":"https:\/\/biogroupvietnam.com\/en\/product\/benchtop-centrifuge-hettich-rotina-420\/#primaryimage"},"image":{"@id":"https:\/\/biogroupvietnam.com\/en\/product\/benchtop-centrifuge-hettich-rotina-420\/#primaryimage"},"thumbnailUrl":"https:\/\/biogroupvietnam.com\/wp-content\/uploads\/2025\/08\/rotina20420.jpg","datePublished":"2025-08-18T12:56:13+00:00","dateModified":"2025-10-02T07:30:51+00:00","description":"M\u00e1y ly t\u00e2m ROTINA 420 \u0111\u1ec3 b\u00e0n nh\u1ecf g\u1ecdn \u0111\u01b0\u1ee3c thi\u1ebft k\u1ebf cho c\u00e1c \u1ee9ng d\u1ee5ng y\u00eau c\u1ea7u x\u1eed l\u00fd th\u1ec3 t\u00edch m\u1eabu l\u1edbn. C\u00f3 kh\u1ea3 n\u0103ng ly t\u00e2m t\u1ed1i \u0111a l\u00ean \u0111\u1ebfn 4 x chai 600 ml, 140 \u1ed1ng m\u00e1u, 16 \u0111\u0129a vi chu\u1ea9n ho\u1eb7c 52 \u1ed1ng n\u00f3n 15 ml, t\u1ea5t c\u1ea3 ch\u1ec9 v\u1edbi m\u1ed9t rotor ti\u1ebft ki\u1ec7m chi ph\u00ed.","breadcrumb":{"@id":"https:\/\/biogroupvietnam.com\/en\/product\/benchtop-centrifuge-hettich-rotina-420\/#breadcrumb"},"inLanguage":"en-US","potentialAction":[{"@type":"ReadAction","target":["https:\/\/biogroupvietnam.com\/en\/product\/benchtop-centrifuge-hettich-rotina-420\/"]}]},{"@type":"ImageObject","inLanguage":"en-US","@id":"https:\/\/biogroupvietnam.com\/en\/product\/benchtop-centrifuge-hettich-rotina-420\/#primaryimage","url":"https:\/\/biogroupvietnam.com\/wp-content\/uploads\/2025\/08\/rotina20420.jpg","contentUrl":"https:\/\/biogroupvietnam.com\/wp-content\/uploads\/2025\/08\/rotina20420.jpg","width":1600,"height":1229,"caption":"\u00a0"},{"@type":"BreadcrumbList","@id":"https:\/\/biogroupvietnam.com\/en\/product\/benchtop-centrifuge-hettich-rotina-420\/#breadcrumb","itemListElement":[{"@type":"ListItem","position":1,"name":"Biogroup Vietnam | End-to-End Biotechnology Solutions","item":"https:\/\/biogroupvietnam.com\/vi\/"},{"@type":"ListItem","position":2,"name":"Product","item":"https:\/\/biogroupvietnam.com\/vi\/san-pham\/"},{"@type":"ListItem","position":3,"name":"Biological R&D","item":"https:\/\/biogroupvietnam.com\/vi\/danh-muc-san-pham\/rd-sinh-hoc\/"},{"@type":"ListItem","position":4,"name":"Centrifuges","item":"https:\/\/biogroupvietnam.com\/vi\/danh-muc-san-pham\/may-ly-tam\/"},{"@type":"ListItem","position":5,"name":"Benchtop Centrifuge Hettich ROTINA 420"}]},{"@type":"WebSite","@id":"https:\/\/biogroupvietnam.com\/en\/vi\/#website","url":"https:\/\/biogroupvietnam.com\/en\/vi\/","name":"Biogroup Vietnam","description":"Biogroup Vietnam cung c\u1ea5p d\u1ecbch v\u1ee5 k\u1ef9 thu\u1eadt c\u00f9ng thi\u1ebft b\u1ecb, v\u1eadt t\u01b0, h\u00f3a ch\u1ea5t v\u00e0 gi\u1ea3i ph\u00e1p sinh h\u1ecdc cho ph\u00f2ng th\u00ed nghi\u1ec7m c\u00f4ng ngh\u1ec7 sinh h\u1ecdc, y sinh v\u00e0 y h\u1ecdc t\u00e1i t\u1ea1o.","potentialAction":[{"@type":"SearchAction","target":{"@type":"EntryPoint","urlTemplate":"https:\/\/biogroupvietnam.com\/en\/vi\/?s={search_term_string}"},"query-input":{"@type":"PropertyValueSpecification","valueRequired":true,"valueName":"search_term_string"}}],"inLanguage":"en-US"}]}},"_links":{"self":[{"href":"https:\/\/biogroupvietnam.com\/en\/wp-json\/wp\/v2\/product\/4082","targetHints":{"allow":["GET"]}}],"collection":[{"href":"https:\/\/biogroupvietnam.com\/en\/wp-json\/wp\/v2\/product"}],"about":[{"href":"https:\/\/biogroupvietnam.com\/en\/wp-json\/wp\/v2\/types\/product"}],"replies":[{"embeddable":true,"href":"https:\/\/biogroupvietnam.com\/en\/wp-json\/wp\/v2\/comments?post=4082"}],"version-history":[{"count":3,"href":"https:\/\/biogroupvietnam.com\/en\/wp-json\/wp\/v2\/product\/4082\/revisions"}],"predecessor-version":[{"id":8352,"href":"https:\/\/biogroupvietnam.com\/en\/wp-json\/wp\/v2\/product\/4082\/revisions\/8352"}],"wp:featuredmedia":[{"embeddable":true,"href":"https:\/\/biogroupvietnam.com\/en\/wp-json\/wp\/v2\/media\/5598"}],"wp:attachment":[{"href":"https:\/\/biogroupvietnam.com\/en\/wp-json\/wp\/v2\/media?parent=4082"}],"wp:term":[{"taxonomy":"product_brand","embeddable":true,"href":"https:\/\/biogroupvietnam.com\/en\/wp-json\/wp\/v2\/product_brand?post=4082"},{"taxonomy":"product_cat","embeddable":true,"href":"https:\/\/biogroupvietnam.com\/en\/wp-json\/wp\/v2\/product_cat?post=4082"},{"taxonomy":"product_tag","embeddable":true,"href":"https:\/\/biogroupvietnam.com\/en\/wp-json\/wp\/v2\/product_tag?post=4082"}],"curies":[{"name":"wp","href":"https:\/\/api.w.org\/{rel}","templated":true}]}}