{"id":4104,"date":"2025-08-18T19:56:36","date_gmt":"2025-08-18T12:56:36","guid":{"rendered":"http:\/\/biogroupvietnam-worldpress.local\/product\/import-placeholder-for-275\/"},"modified":"2025-09-29T15:09:22","modified_gmt":"2025-09-29T08:09:22","slug":"may-ly-tam-hettich-mikro-200","status":"publish","type":"product","link":"https:\/\/biogroupvietnam.com\/en\/product\/microliter-centrifuges-hettich-mikro-200\/","title":{"rendered":"Microliter Centrifuges Hettich MIKRO 200 | 200 R"},"content":{"rendered":"<h2>MIKRO 200| 200 R &#8211; Faster results in molecular biology<\/h2>\n<p>Experience unparalleled speed and precision with the 200 | 200 R centrifuge. Engineered for microliter and PCR tubes, it achieves a maximum RCF of 21,382, enabling swift sample processing and optimal separation.<\/p>\n<h3>Areas of applications<\/h3>\n<h4>Clinical<\/h4>\n<p>Spin pediatric tubes in a small compact footprint as well as PCR mini kits including spin columns up to 31,514 RCF and lipemic samples with a g-force of 21,185 at a fraction of the cost of an ultracentrifuge.<\/p>\n<h4>Industry and research<\/h4>\n<p>Spin PCR Mini Kits including spin columns and microliter tubes to sediment subcellular particles or bacteria.<\/p>\n<h4>Features<\/h4>\n<ul>\n<li>&nbsp;<span class=\"fontstyle0\">RPM: 500 &#8211; 15,000 min <\/span><span class=\"fontstyle0\">-1 <\/span><span class=\"fontstyle0\">\u2013 adjustable in increments of 10<\/span><\/li>\n<li>&nbsp;<span class=\"fontstyle0\">Max. RCF: 21,382<\/span><\/li>\n<li>&nbsp;<span class=\"fontstyle0\">Max. capacity: 30 x 2.0 ml<\/span><\/li>\n<li><span class=\"fontstyle0\">Choice of 4 rotors<\/span><\/li>\n<li><span class=\"fontstyle0\">IVDR-conform according to regulation (EU) 2017\/746<\/span><\/li>\n<li><span class=\"fontstyle0\">Impulse key for short cycle mode<\/span><\/li>\n<li><span class=\"fontstyle0\">Easy operation with keypad and control knob<\/span><\/li>\n<li><span class=\"fontstyle0\">4 program memories for more individuality<\/span><\/li>\n<li><span class=\"fontstyle0\">9 individual acceleration and 9 deceleration stages<\/span><\/li>\n<li><span class=\"fontstyle0\">Model 200 R coolable from -10 to +40 \u00b0C with <\/span><span class=\"fontstyle0\">pre-cooling function<\/span><\/li>\n<\/ul>\n<h4><span class=\"fontstyle0\">Fields of application<\/span><\/h4>\n<ul>\n<li>Hospitals<\/li>\n<li><span class=\"fontstyle0\">Pediatric clinics<\/span><\/li>\n<li><span class=\"fontstyle0\">Pharmaceutical laboratories<\/span><\/li>\n<li><span class=\"fontstyle0\">Food analyzing laboratories<\/span><\/li>\n<li><span class=\"fontstyle0\">University \/ Academic research<\/span><\/li>\n<li><span class=\"fontstyle0\">Forensic laboratories<\/span><\/li>\n<li><span class=\"fontstyle0\">Molecular diagnostics<\/span><\/li>\n<\/ul>\n<p>&nbsp; Contact for order consultation.<\/p>\n","protected":false},"excerpt":{"rendered":"<p>MIKRO 200| 200 R &#8211; Faster results in molecular biology Experience unparalleled speed and precision with the 200 | 200 R centrifuge. Engineered for microliter and PCR tubes, it achieves a maximum RCF of 21,382, enabling swift sample processing and optimal separation. Areas of applications Clinical Spin pediatric tubes in a small compact footprint as<\/p>\n<div class=\"klb-readmore post-buttons\"><a class=\"button rounded primary\" href=\"https:\/\/biogroupvietnam.com\/en\/product\/microliter-centrifuges-hettich-mikro-200\/\">Read More <i class=\"klbth-icon-right-arrow\"><\/i><\/a><\/div>\n","protected":false},"featured_media":5599,"comment_status":"closed","ping_status":"closed","template":"","meta":{"_acf_changed":false},"product_brand":[130],"product_cat":[122],"product_tag":[],"class_list":{"0":"post-4104","1":"product","2":"type-product","3":"status-publish","4":"has-post-thumbnail","6":"product_brand-andreas-hettich","7":"product_cat-centrifuges","9":"first","10":"outofstock","11":"shipping-taxable","12":"product-type-simple"},"acf":[],"yoast_head":"<!-- This site is optimized with the Yoast SEO plugin v26.8 - https:\/\/yoast.com\/product\/yoast-seo-wordpress\/ -->\n<title>Microliter Centrifuges Hettich MIKRO 200 | 200 R<\/title>\n<meta name=\"description\" content=\"MIKRO 200| 200 R - Faster results in molecular biology Experience unparalleled speed and precision with the 200 | 200 R centrifuge. Engineered for microliter and PCR tubes, it achieves a maximum RCF of 21,382, enabling swift sample processing and optimal separation. Areas of applications Clinical Spin pediatric tubes in a small compact footprint as&hellip;\" \/>\n<meta name=\"robots\" content=\"index, follow, max-snippet:-1, max-image-preview:large, max-video-preview:-1\" \/>\n<link rel=\"canonical\" href=\"http:\/\/MIKRO%20200|%20200%20R%20-%20Faster%20results%20in%20molecular%20biology%20Experience%20unparalleled%20speed%20and%20precision%20with%20the%20200%20|%20200%20R%20centrifuge.%20Engineered%20for%20microliter%20and%20PCR%20tubes,%20it%20achieves%20a%20maximum%20RCF%20of%2021,382,%20enabling%20swift%20sample%20processing%20and%20optimal%20separation.%20Areas%20of%20applications%20Clinical%20Spin%20pediatric%20tubes%20in%20a%20small%20compact%20footprint%20as&hellip;\" \/>\n<meta property=\"og:locale\" content=\"en_US\" \/>\n<meta property=\"og:type\" content=\"article\" \/>\n<meta property=\"og:title\" content=\"Microliter Centrifuges Hettich MIKRO 200 | 200 R\" \/>\n<meta property=\"og:description\" content=\"MIKRO 200| 200 R - Faster results in molecular biology Experience unparalleled speed and precision with the 200 | 200 R centrifuge. Engineered for microliter and PCR tubes, it achieves a maximum RCF of 21,382, enabling swift sample processing and optimal separation. Areas of applications Clinical Spin pediatric tubes in a small compact footprint as&hellip;\" \/>\n<meta property=\"og:url\" content=\"https:\/\/biogroupvietnam.com\/en\/product\/microliter-centrifuges-hettich-mikro-200\/\" \/>\n<meta property=\"og:site_name\" content=\"Biogroup Vietnam\" \/>\n<meta property=\"article:modified_time\" content=\"2025-09-29T08:09:22+00:00\" \/>\n<meta property=\"og:image\" content=\"https:\/\/biogroupvietnam.com\/wp-content\/uploads\/2025\/08\/mikro20200.jpg\" \/>\n\t<meta property=\"og:image:width\" content=\"1600\" \/>\n\t<meta property=\"og:image:height\" content=\"1229\" \/>\n\t<meta property=\"og:image:type\" content=\"image\/jpeg\" \/>\n<meta name=\"twitter:card\" content=\"summary_large_image\" \/>\n<meta name=\"twitter:label1\" content=\"Est. reading time\" \/>\n\t<meta name=\"twitter:data1\" content=\"2 minutes\" \/>\n<script type=\"application\/ld+json\" class=\"yoast-schema-graph\">{\"@context\":\"https:\/\/schema.org\",\"@graph\":[{\"@type\":\"WebPage\",\"@id\":\"https:\/\/biogroupvietnam.com\/en\/product\/microliter-centrifuges-hettich-mikro-200\/\",\"url\":\"https:\/\/biogroupvietnam.com\/en\/product\/microliter-centrifuges-hettich-mikro-200\/\",\"name\":\"M\u00e1y Ly T\u00e2m Hettich MIKRO 200\",\"isPartOf\":{\"@id\":\"https:\/\/biogroupvietnam.com\/vi\/#website\"},\"primaryImageOfPage\":{\"@id\":\"https:\/\/biogroupvietnam.com\/en\/product\/microliter-centrifuges-hettich-mikro-200\/#primaryimage\"},\"image\":{\"@id\":\"https:\/\/biogroupvietnam.com\/en\/product\/microliter-centrifuges-hettich-mikro-200\/#primaryimage\"},\"thumbnailUrl\":\"https:\/\/biogroupvietnam.com\/wp-content\/uploads\/2025\/08\/mikro20200.jpg\",\"datePublished\":\"2025-08-18T12:56:36+00:00\",\"dateModified\":\"2025-09-29T08:09:22+00:00\",\"description\":\"MIKRO 200 - K\u1ebft qu\u1ea3 nhanh h\u01a1n trong sinh h\u1ecdc ph\u00e2n t\u1eed Tr\u1ea3i nghi\u1ec7m t\u1ed1c \u0111\u1ed9 v\u00e0 \u0111\u1ed9 ch\u00ednh x\u00e1c v\u01b0\u1ee3t tr\u1ed9i v\u1edbi m\u00e1y ly t\u00e2m MIKRO 200. \u0110\u01b0\u1ee3c thi\u1ebft k\u1ebf chuy\u00ean d\u1ee5ng cho c\u00e1c \u1ed1ng microliter v\u00e0 \u1ed1ng PCR, thi\u1ebft b\u1ecb \u0111\u1ea1t l\u1ef1c ly t\u00e2m t\u1ed1i \u0111a RCF 21.382, gi\u00fap x\u1eed l\u00fd m\u1eabu nhanh ch\u00f3ng v\u00e0 ph\u00e2n t\u00e1ch t\u1ed1i \u01b0u.\",\"breadcrumb\":{\"@id\":\"https:\/\/biogroupvietnam.com\/en\/product\/microliter-centrifuges-hettich-mikro-200\/#breadcrumb\"},\"inLanguage\":\"en-US\",\"potentialAction\":[{\"@type\":\"ReadAction\",\"target\":[\"https:\/\/biogroupvietnam.com\/en\/product\/microliter-centrifuges-hettich-mikro-200\/\"]}]},{\"@type\":\"ImageObject\",\"inLanguage\":\"en-US\",\"@id\":\"https:\/\/biogroupvietnam.com\/en\/product\/microliter-centrifuges-hettich-mikro-200\/#primaryimage\",\"url\":\"https:\/\/biogroupvietnam.com\/wp-content\/uploads\/2025\/08\/mikro20200.jpg\",\"contentUrl\":\"https:\/\/biogroupvietnam.com\/wp-content\/uploads\/2025\/08\/mikro20200.jpg\",\"width\":1600,\"height\":1229,\"caption\":\"\u00a0\"},{\"@type\":\"BreadcrumbList\",\"@id\":\"https:\/\/biogroupvietnam.com\/en\/product\/microliter-centrifuges-hettich-mikro-200\/#breadcrumb\",\"itemListElement\":[{\"@type\":\"ListItem\",\"position\":1,\"name\":\"Biogroup Vietnam | End-to-End Biotechnology Solutions\",\"item\":\"https:\/\/biogroupvietnam.com\/vi\/\"},{\"@type\":\"ListItem\",\"position\":2,\"name\":\"Product\",\"item\":\"https:\/\/biogroupvietnam.com\/vi\/san-pham\/\"},{\"@type\":\"ListItem\",\"position\":3,\"name\":\"Biological R&D\",\"item\":\"https:\/\/biogroupvietnam.com\/vi\/danh-muc-san-pham\/rd-sinh-hoc\/\"},{\"@type\":\"ListItem\",\"position\":4,\"name\":\"Centrifuges\",\"item\":\"https:\/\/biogroupvietnam.com\/vi\/danh-muc-san-pham\/may-ly-tam\/\"},{\"@type\":\"ListItem\",\"position\":5,\"name\":\"Microliter Centrifuges Hettich MIKRO 200 | 200 R\"}]},{\"@type\":\"WebSite\",\"@id\":\"https:\/\/biogroupvietnam.com\/en\/vi\/#website\",\"url\":\"https:\/\/biogroupvietnam.com\/en\/vi\/\",\"name\":\"Biogroup Vietnam\",\"description\":\"Biogroup Vietnam cung c\u1ea5p d\u1ecbch v\u1ee5 k\u1ef9 thu\u1eadt c\u00f9ng thi\u1ebft b\u1ecb, v\u1eadt t\u01b0, h\u00f3a ch\u1ea5t v\u00e0 gi\u1ea3i ph\u00e1p sinh h\u1ecdc cho ph\u00f2ng th\u00ed nghi\u1ec7m c\u00f4ng ngh\u1ec7 sinh h\u1ecdc, y sinh v\u00e0 y h\u1ecdc t\u00e1i t\u1ea1o.\",\"potentialAction\":[{\"@type\":\"SearchAction\",\"target\":{\"@type\":\"EntryPoint\",\"urlTemplate\":\"https:\/\/biogroupvietnam.com\/en\/vi\/?s={search_term_string}\"},\"query-input\":{\"@type\":\"PropertyValueSpecification\",\"valueRequired\":true,\"valueName\":\"search_term_string\"}}],\"inLanguage\":\"en-US\"}]}<\/script>\n<!-- \/ Yoast SEO plugin. -->","yoast_head_json":{"title":"Microliter Centrifuges Hettich MIKRO 200 | 200 R","description":"MIKRO 200| 200 R - Faster results in molecular biology Experience unparalleled speed and precision with the 200 | 200 R centrifuge. Engineered for microliter and PCR tubes, it achieves a maximum RCF of 21,382, enabling swift sample processing and optimal separation. Areas of applications Clinical Spin pediatric tubes in a small compact footprint as&hellip;","robots":{"index":"index","follow":"follow","max-snippet":"max-snippet:-1","max-image-preview":"max-image-preview:large","max-video-preview":"max-video-preview:-1"},"canonical":"MIKRO 200| 200 R - Faster results in molecular biology Experience unparalleled speed and precision with the 200 | 200 R centrifuge. Engineered for microliter and PCR tubes, it achieves a maximum RCF of 21,382, enabling swift sample processing and optimal separation. Areas of applications Clinical Spin pediatric tubes in a small compact footprint as&hellip;","og_locale":"en_US","og_type":"article","og_title":"Microliter Centrifuges Hettich MIKRO 200 | 200 R","og_description":"MIKRO 200| 200 R - Faster results in molecular biology Experience unparalleled speed and precision with the 200 | 200 R centrifuge. Engineered for microliter and PCR tubes, it achieves a maximum RCF of 21,382, enabling swift sample processing and optimal separation. Areas of applications Clinical Spin pediatric tubes in a small compact footprint as&hellip;","og_url":"https:\/\/biogroupvietnam.com\/en\/product\/microliter-centrifuges-hettich-mikro-200\/","og_site_name":"Biogroup Vietnam","article_modified_time":"2025-09-29T08:09:22+00:00","og_image":[{"width":1600,"height":1229,"url":"https:\/\/biogroupvietnam.com\/wp-content\/uploads\/2025\/08\/mikro20200.jpg","type":"image\/jpeg"}],"twitter_card":"summary_large_image","twitter_misc":{"Est. reading time":"2 minutes"},"schema":{"@context":"https:\/\/schema.org","@graph":[{"@type":"WebPage","@id":"https:\/\/biogroupvietnam.com\/en\/product\/microliter-centrifuges-hettich-mikro-200\/","url":"https:\/\/biogroupvietnam.com\/en\/product\/microliter-centrifuges-hettich-mikro-200\/","name":"M\u00e1y Ly T\u00e2m Hettich MIKRO 200","isPartOf":{"@id":"https:\/\/biogroupvietnam.com\/vi\/#website"},"primaryImageOfPage":{"@id":"https:\/\/biogroupvietnam.com\/en\/product\/microliter-centrifuges-hettich-mikro-200\/#primaryimage"},"image":{"@id":"https:\/\/biogroupvietnam.com\/en\/product\/microliter-centrifuges-hettich-mikro-200\/#primaryimage"},"thumbnailUrl":"https:\/\/biogroupvietnam.com\/wp-content\/uploads\/2025\/08\/mikro20200.jpg","datePublished":"2025-08-18T12:56:36+00:00","dateModified":"2025-09-29T08:09:22+00:00","description":"MIKRO 200 - K\u1ebft qu\u1ea3 nhanh h\u01a1n trong sinh h\u1ecdc ph\u00e2n t\u1eed Tr\u1ea3i nghi\u1ec7m t\u1ed1c \u0111\u1ed9 v\u00e0 \u0111\u1ed9 ch\u00ednh x\u00e1c v\u01b0\u1ee3t tr\u1ed9i v\u1edbi m\u00e1y ly t\u00e2m MIKRO 200. \u0110\u01b0\u1ee3c thi\u1ebft k\u1ebf chuy\u00ean d\u1ee5ng cho c\u00e1c \u1ed1ng microliter v\u00e0 \u1ed1ng PCR, thi\u1ebft b\u1ecb \u0111\u1ea1t l\u1ef1c ly t\u00e2m t\u1ed1i \u0111a RCF 21.382, gi\u00fap x\u1eed l\u00fd m\u1eabu nhanh ch\u00f3ng v\u00e0 ph\u00e2n t\u00e1ch t\u1ed1i \u01b0u.","breadcrumb":{"@id":"https:\/\/biogroupvietnam.com\/en\/product\/microliter-centrifuges-hettich-mikro-200\/#breadcrumb"},"inLanguage":"en-US","potentialAction":[{"@type":"ReadAction","target":["https:\/\/biogroupvietnam.com\/en\/product\/microliter-centrifuges-hettich-mikro-200\/"]}]},{"@type":"ImageObject","inLanguage":"en-US","@id":"https:\/\/biogroupvietnam.com\/en\/product\/microliter-centrifuges-hettich-mikro-200\/#primaryimage","url":"https:\/\/biogroupvietnam.com\/wp-content\/uploads\/2025\/08\/mikro20200.jpg","contentUrl":"https:\/\/biogroupvietnam.com\/wp-content\/uploads\/2025\/08\/mikro20200.jpg","width":1600,"height":1229,"caption":"\u00a0"},{"@type":"BreadcrumbList","@id":"https:\/\/biogroupvietnam.com\/en\/product\/microliter-centrifuges-hettich-mikro-200\/#breadcrumb","itemListElement":[{"@type":"ListItem","position":1,"name":"Biogroup Vietnam | End-to-End Biotechnology Solutions","item":"https:\/\/biogroupvietnam.com\/vi\/"},{"@type":"ListItem","position":2,"name":"Product","item":"https:\/\/biogroupvietnam.com\/vi\/san-pham\/"},{"@type":"ListItem","position":3,"name":"Biological R&D","item":"https:\/\/biogroupvietnam.com\/vi\/danh-muc-san-pham\/rd-sinh-hoc\/"},{"@type":"ListItem","position":4,"name":"Centrifuges","item":"https:\/\/biogroupvietnam.com\/vi\/danh-muc-san-pham\/may-ly-tam\/"},{"@type":"ListItem","position":5,"name":"Microliter Centrifuges Hettich MIKRO 200 | 200 R"}]},{"@type":"WebSite","@id":"https:\/\/biogroupvietnam.com\/en\/vi\/#website","url":"https:\/\/biogroupvietnam.com\/en\/vi\/","name":"Biogroup Vietnam","description":"Biogroup Vietnam cung c\u1ea5p d\u1ecbch v\u1ee5 k\u1ef9 thu\u1eadt c\u00f9ng thi\u1ebft b\u1ecb, v\u1eadt t\u01b0, h\u00f3a ch\u1ea5t v\u00e0 gi\u1ea3i ph\u00e1p sinh h\u1ecdc cho ph\u00f2ng th\u00ed nghi\u1ec7m c\u00f4ng ngh\u1ec7 sinh h\u1ecdc, y sinh v\u00e0 y h\u1ecdc t\u00e1i t\u1ea1o.","potentialAction":[{"@type":"SearchAction","target":{"@type":"EntryPoint","urlTemplate":"https:\/\/biogroupvietnam.com\/en\/vi\/?s={search_term_string}"},"query-input":{"@type":"PropertyValueSpecification","valueRequired":true,"valueName":"search_term_string"}}],"inLanguage":"en-US"}]}},"_links":{"self":[{"href":"https:\/\/biogroupvietnam.com\/en\/wp-json\/wp\/v2\/product\/4104","targetHints":{"allow":["GET"]}}],"collection":[{"href":"https:\/\/biogroupvietnam.com\/en\/wp-json\/wp\/v2\/product"}],"about":[{"href":"https:\/\/biogroupvietnam.com\/en\/wp-json\/wp\/v2\/types\/product"}],"replies":[{"embeddable":true,"href":"https:\/\/biogroupvietnam.com\/en\/wp-json\/wp\/v2\/comments?post=4104"}],"version-history":[{"count":8,"href":"https:\/\/biogroupvietnam.com\/en\/wp-json\/wp\/v2\/product\/4104\/revisions"}],"predecessor-version":[{"id":8353,"href":"https:\/\/biogroupvietnam.com\/en\/wp-json\/wp\/v2\/product\/4104\/revisions\/8353"}],"wp:featuredmedia":[{"embeddable":true,"href":"https:\/\/biogroupvietnam.com\/en\/wp-json\/wp\/v2\/media\/5599"}],"wp:attachment":[{"href":"https:\/\/biogroupvietnam.com\/en\/wp-json\/wp\/v2\/media?parent=4104"}],"wp:term":[{"taxonomy":"product_brand","embeddable":true,"href":"https:\/\/biogroupvietnam.com\/en\/wp-json\/wp\/v2\/product_brand?post=4104"},{"taxonomy":"product_cat","embeddable":true,"href":"https:\/\/biogroupvietnam.com\/en\/wp-json\/wp\/v2\/product_cat?post=4104"},{"taxonomy":"product_tag","embeddable":true,"href":"https:\/\/biogroupvietnam.com\/en\/wp-json\/wp\/v2\/product_tag?post=4104"}],"curies":[{"name":"wp","href":"https:\/\/api.w.org\/{rel}","templated":true}]}}