{"id":4105,"date":"2025-08-18T19:56:36","date_gmt":"2025-08-18T12:56:36","guid":{"rendered":"http:\/\/biogroupvietnam-worldpress.local\/product\/import-placeholder-for-276\/"},"modified":"2025-09-29T15:09:22","modified_gmt":"2025-09-29T08:09:22","slug":"may-ly-tam-de-san-hettich-rotanta-460-rc","status":"publish","type":"product","link":"https:\/\/biogroupvietnam.com\/en\/product\/floor-standing-centrifuges-hettich-rotanta-460-rc\/","title":{"rendered":"Floor-Standing Centrifuges Hettich ROTANTA 460 RC"},"content":{"rendered":"<h3>ROTANTA 460 RC &#8211; The underbench device for multi-purpose use<\/h3>\n<h6>The underbench device for multi-purpose use<\/h6>\n<p>This modified version of the standard ROTANTA 460 RC allows for space saving storage below the bench and frees valuable working space from bench top units. This unit includes refrigeration with a temperature range from -20 \u00b0C to +40 \u00b0C.<\/p>\n<h4>Areas of applications<\/h4>\n<h6>Clinical Chemistry, Hematology, Serology, PCR<\/h6>\n<p>This high-throughput centrifuge is suitable for large laboratories such as blood banks or high-throughput clinical labs, since it takes a vast variety of blood collection tubes. With the small footprint &amp; the two selectable working heights, it enables ergonomic centrifugation of small blood bag systems, e.g. for autologous blood donation.<\/p>\n<h6>Research and Industry, Cell Culture<\/h6>\n<ul>\n<li>Specialty rotors and accessories for ASTM, Babcock, Schlenk and Chrome bath tubes.<\/li>\n<li>For PCR maxi \/ 96 kits a unique high-speed plate rotor spinning SBS format plates at up to 6,446 RCF is available as well as accessories for cell culture.<\/li>\n<li>One rotor takes multiple tube types, bottles, blood bags and plates, no time wasting rotor change is required.<\/li>\n<\/ul>\n<h6>Facilities<\/h6>\n<ul>\n<li>Hospitals<\/li>\n<li>Blood banks<\/li>\n<li>Transfusion medicine labs<\/li>\n<li>Cell culture labs<\/li>\n<\/ul>\n<p>&nbsp; Contact for order consultation.<\/p>\n","protected":false},"excerpt":{"rendered":"<p>ROTANTA 460 RC &#8211; The underbench device for multi-purpose use The underbench device for multi-purpose use This modified version of the standard ROTANTA 460 RC allows for space saving storage below the bench and frees valuable working space from bench top units. This unit includes refrigeration with a temperature range from -20 \u00b0C to +40<\/p>\n<div class=\"klb-readmore post-buttons\"><a class=\"button rounded primary\" href=\"https:\/\/biogroupvietnam.com\/en\/product\/floor-standing-centrifuges-hettich-rotanta-460-rc\/\">Read More <i class=\"klbth-icon-right-arrow\"><\/i><\/a><\/div>\n","protected":false},"featured_media":5600,"comment_status":"closed","ping_status":"closed","template":"","meta":{"_acf_changed":false},"product_brand":[130],"product_cat":[122],"product_tag":[],"class_list":{"0":"post-4105","1":"product","2":"type-product","3":"status-publish","4":"has-post-thumbnail","6":"product_brand-andreas-hettich","7":"product_cat-centrifuges","9":"first","10":"outofstock","11":"shipping-taxable","12":"product-type-simple"},"acf":[],"yoast_head":"<!-- This site is optimized with the Yoast SEO plugin v26.8 - https:\/\/yoast.com\/product\/yoast-seo-wordpress\/ -->\n<title>Floor-Standing Centrifuges Hettich ROTANTA 460 RC<\/title>\n<meta name=\"description\" content=\"ROTANTA 460 RC - The underbench device for multi-purpose use The underbench device for multi-purpose use This modified version of the standard ROTANTA 460 RC allows for space saving storage below the bench and frees valuable working space from bench top units. This unit includes refrigeration with a temperature range from -20 \u00b0C to +40&hellip;\" \/>\n<meta name=\"robots\" content=\"index, follow, max-snippet:-1, max-image-preview:large, max-video-preview:-1\" \/>\n<link rel=\"canonical\" href=\"http:\/\/ROTANTA%20460%20RC%20-%20The%20underbench%20device%20for%20multi-purpose%20use%20The%20underbench%20device%20for%20multi-purpose%20use%20This%20modified%20version%20of%20the%20standard%20ROTANTA%20460%20RC%20allows%20for%20space%20saving%20storage%20below%20the%20bench%20and%20frees%20valuable%20working%20space%20from%20bench%20top%20units.%20This%20unit%20includes%20refrigeration%20with%20a%20temperature%20range%20from%20-20%20\u00b0C%20to%20%2040&hellip;\" \/>\n<meta property=\"og:locale\" content=\"en_US\" \/>\n<meta property=\"og:type\" content=\"article\" \/>\n<meta property=\"og:title\" content=\"Floor-Standing Centrifuges Hettich ROTANTA 460 RC\" \/>\n<meta property=\"og:description\" content=\"ROTANTA 460 RC - The underbench device for multi-purpose use The underbench device for multi-purpose use This modified version of the standard ROTANTA 460 RC allows for space saving storage below the bench and frees valuable working space from bench top units. This unit includes refrigeration with a temperature range from -20 \u00b0C to +40&hellip;\" \/>\n<meta property=\"og:url\" content=\"https:\/\/biogroupvietnam.com\/en\/product\/floor-standing-centrifuges-hettich-rotanta-460-rc\/\" \/>\n<meta property=\"og:site_name\" content=\"Biogroup Vietnam\" \/>\n<meta property=\"article:modified_time\" content=\"2025-09-29T08:09:22+00:00\" \/>\n<meta property=\"og:image\" content=\"https:\/\/biogroupvietnam.com\/wp-content\/uploads\/2025\/08\/rotanta20460RC202.jpg\" \/>\n\t<meta property=\"og:image:width\" content=\"1600\" \/>\n\t<meta property=\"og:image:height\" content=\"1229\" \/>\n\t<meta property=\"og:image:type\" content=\"image\/jpeg\" \/>\n<meta name=\"twitter:card\" content=\"summary_large_image\" \/>\n<meta name=\"twitter:label1\" content=\"Est. reading time\" \/>\n\t<meta name=\"twitter:data1\" content=\"2 minutes\" \/>\n<script type=\"application\/ld+json\" class=\"yoast-schema-graph\">{\"@context\":\"https:\/\/schema.org\",\"@graph\":[{\"@type\":\"WebPage\",\"@id\":\"https:\/\/biogroupvietnam.com\/en\/product\/floor-standing-centrifuges-hettich-rotanta-460-rc\/\",\"url\":\"https:\/\/biogroupvietnam.com\/en\/product\/floor-standing-centrifuges-hettich-rotanta-460-rc\/\",\"name\":\"M\u00e1y Ly T\u00e2m \u0110\u1ec3 S\u00e0n Hettich ROTANTA 460 RC\",\"isPartOf\":{\"@id\":\"https:\/\/biogroupvietnam.com\/vi\/#website\"},\"primaryImageOfPage\":{\"@id\":\"https:\/\/biogroupvietnam.com\/en\/product\/floor-standing-centrifuges-hettich-rotanta-460-rc\/#primaryimage\"},\"image\":{\"@id\":\"https:\/\/biogroupvietnam.com\/en\/product\/floor-standing-centrifuges-hettich-rotanta-460-rc\/#primaryimage\"},\"thumbnailUrl\":\"https:\/\/biogroupvietnam.com\/wp-content\/uploads\/2025\/08\/rotanta20460RC202.jpg\",\"datePublished\":\"2025-08-18T12:56:36+00:00\",\"dateModified\":\"2025-09-29T08:09:22+00:00\",\"description\":\"ROTANTA 460 RC \u2013 Phi\u00ean b\u1ea3n \u0111\u1ec3 s\u00e0n cho s\u1eed d\u1ee5ng \u0111a n\u0103ng. Cho ph\u00e9p ti\u1ebft ki\u1ec7m kh\u00f4ng gian b\u1eb1ng c\u00e1ch l\u1eafp \u0111\u1eb7t d\u01b0\u1edbi s\u00e0n, gi\u00fap gi\u1ea3i ph\u00f3ng di\u1ec7n t\u00edch l\u00e0m vi\u1ec7c tr\u00ean m\u1eb7t b\u00e0n. Thi\u1ebft b\u1ecb \u0111i k\u00e8m h\u1ec7 th\u1ed1ng l\u00e0m l\u1ea1nh, d\u1ea3i nhi\u1ec7t \u0111\u1ed9 t\u1eeb -20 \u00b0C \u0111\u1ebfn +40 \u00b0C.\",\"breadcrumb\":{\"@id\":\"https:\/\/biogroupvietnam.com\/en\/product\/floor-standing-centrifuges-hettich-rotanta-460-rc\/#breadcrumb\"},\"inLanguage\":\"en-US\",\"potentialAction\":[{\"@type\":\"ReadAction\",\"target\":[\"https:\/\/biogroupvietnam.com\/en\/product\/floor-standing-centrifuges-hettich-rotanta-460-rc\/\"]}]},{\"@type\":\"ImageObject\",\"inLanguage\":\"en-US\",\"@id\":\"https:\/\/biogroupvietnam.com\/en\/product\/floor-standing-centrifuges-hettich-rotanta-460-rc\/#primaryimage\",\"url\":\"https:\/\/biogroupvietnam.com\/wp-content\/uploads\/2025\/08\/rotanta20460RC202.jpg\",\"contentUrl\":\"https:\/\/biogroupvietnam.com\/wp-content\/uploads\/2025\/08\/rotanta20460RC202.jpg\",\"width\":1600,\"height\":1229,\"caption\":\"\u00a0\"},{\"@type\":\"BreadcrumbList\",\"@id\":\"https:\/\/biogroupvietnam.com\/en\/product\/floor-standing-centrifuges-hettich-rotanta-460-rc\/#breadcrumb\",\"itemListElement\":[{\"@type\":\"ListItem\",\"position\":1,\"name\":\"Biogroup Vietnam | End-to-End Biotechnology Solutions\",\"item\":\"https:\/\/biogroupvietnam.com\/vi\/\"},{\"@type\":\"ListItem\",\"position\":2,\"name\":\"Product\",\"item\":\"https:\/\/biogroupvietnam.com\/vi\/san-pham\/\"},{\"@type\":\"ListItem\",\"position\":3,\"name\":\"Biological R&D\",\"item\":\"https:\/\/biogroupvietnam.com\/vi\/danh-muc-san-pham\/rd-sinh-hoc\/\"},{\"@type\":\"ListItem\",\"position\":4,\"name\":\"Centrifuges\",\"item\":\"https:\/\/biogroupvietnam.com\/vi\/danh-muc-san-pham\/may-ly-tam\/\"},{\"@type\":\"ListItem\",\"position\":5,\"name\":\"Floor-Standing Centrifuges Hettich ROTANTA 460 RC\"}]},{\"@type\":\"WebSite\",\"@id\":\"https:\/\/biogroupvietnam.com\/en\/vi\/#website\",\"url\":\"https:\/\/biogroupvietnam.com\/en\/vi\/\",\"name\":\"Biogroup Vietnam\",\"description\":\"Biogroup Vietnam cung c\u1ea5p d\u1ecbch v\u1ee5 k\u1ef9 thu\u1eadt c\u00f9ng thi\u1ebft b\u1ecb, v\u1eadt t\u01b0, h\u00f3a ch\u1ea5t v\u00e0 gi\u1ea3i ph\u00e1p sinh h\u1ecdc cho ph\u00f2ng th\u00ed nghi\u1ec7m c\u00f4ng ngh\u1ec7 sinh h\u1ecdc, y sinh v\u00e0 y h\u1ecdc t\u00e1i t\u1ea1o.\",\"potentialAction\":[{\"@type\":\"SearchAction\",\"target\":{\"@type\":\"EntryPoint\",\"urlTemplate\":\"https:\/\/biogroupvietnam.com\/en\/vi\/?s={search_term_string}\"},\"query-input\":{\"@type\":\"PropertyValueSpecification\",\"valueRequired\":true,\"valueName\":\"search_term_string\"}}],\"inLanguage\":\"en-US\"}]}<\/script>\n<!-- \/ Yoast SEO plugin. -->","yoast_head_json":{"title":"Floor-Standing Centrifuges Hettich ROTANTA 460 RC","description":"ROTANTA 460 RC - The underbench device for multi-purpose use The underbench device for multi-purpose use This modified version of the standard ROTANTA 460 RC allows for space saving storage below the bench and frees valuable working space from bench top units. This unit includes refrigeration with a temperature range from -20 \u00b0C to +40&hellip;","robots":{"index":"index","follow":"follow","max-snippet":"max-snippet:-1","max-image-preview":"max-image-preview:large","max-video-preview":"max-video-preview:-1"},"canonical":"ROTANTA 460 RC - The underbench device for multi-purpose use The underbench device for multi-purpose use This modified version of the standard ROTANTA 460 RC allows for space saving storage below the bench and frees valuable working space from bench top units. This unit includes refrigeration with a temperature range from -20 \u00b0C to  40&hellip;","og_locale":"en_US","og_type":"article","og_title":"Floor-Standing Centrifuges Hettich ROTANTA 460 RC","og_description":"ROTANTA 460 RC - The underbench device for multi-purpose use The underbench device for multi-purpose use This modified version of the standard ROTANTA 460 RC allows for space saving storage below the bench and frees valuable working space from bench top units. This unit includes refrigeration with a temperature range from -20 \u00b0C to +40&hellip;","og_url":"https:\/\/biogroupvietnam.com\/en\/product\/floor-standing-centrifuges-hettich-rotanta-460-rc\/","og_site_name":"Biogroup Vietnam","article_modified_time":"2025-09-29T08:09:22+00:00","og_image":[{"width":1600,"height":1229,"url":"https:\/\/biogroupvietnam.com\/wp-content\/uploads\/2025\/08\/rotanta20460RC202.jpg","type":"image\/jpeg"}],"twitter_card":"summary_large_image","twitter_misc":{"Est. reading time":"2 minutes"},"schema":{"@context":"https:\/\/schema.org","@graph":[{"@type":"WebPage","@id":"https:\/\/biogroupvietnam.com\/en\/product\/floor-standing-centrifuges-hettich-rotanta-460-rc\/","url":"https:\/\/biogroupvietnam.com\/en\/product\/floor-standing-centrifuges-hettich-rotanta-460-rc\/","name":"M\u00e1y Ly T\u00e2m \u0110\u1ec3 S\u00e0n Hettich ROTANTA 460 RC","isPartOf":{"@id":"https:\/\/biogroupvietnam.com\/vi\/#website"},"primaryImageOfPage":{"@id":"https:\/\/biogroupvietnam.com\/en\/product\/floor-standing-centrifuges-hettich-rotanta-460-rc\/#primaryimage"},"image":{"@id":"https:\/\/biogroupvietnam.com\/en\/product\/floor-standing-centrifuges-hettich-rotanta-460-rc\/#primaryimage"},"thumbnailUrl":"https:\/\/biogroupvietnam.com\/wp-content\/uploads\/2025\/08\/rotanta20460RC202.jpg","datePublished":"2025-08-18T12:56:36+00:00","dateModified":"2025-09-29T08:09:22+00:00","description":"ROTANTA 460 RC \u2013 Phi\u00ean b\u1ea3n \u0111\u1ec3 s\u00e0n cho s\u1eed d\u1ee5ng \u0111a n\u0103ng. Cho ph\u00e9p ti\u1ebft ki\u1ec7m kh\u00f4ng gian b\u1eb1ng c\u00e1ch l\u1eafp \u0111\u1eb7t d\u01b0\u1edbi s\u00e0n, gi\u00fap gi\u1ea3i ph\u00f3ng di\u1ec7n t\u00edch l\u00e0m vi\u1ec7c tr\u00ean m\u1eb7t b\u00e0n. Thi\u1ebft b\u1ecb \u0111i k\u00e8m h\u1ec7 th\u1ed1ng l\u00e0m l\u1ea1nh, d\u1ea3i nhi\u1ec7t \u0111\u1ed9 t\u1eeb -20 \u00b0C \u0111\u1ebfn +40 \u00b0C.","breadcrumb":{"@id":"https:\/\/biogroupvietnam.com\/en\/product\/floor-standing-centrifuges-hettich-rotanta-460-rc\/#breadcrumb"},"inLanguage":"en-US","potentialAction":[{"@type":"ReadAction","target":["https:\/\/biogroupvietnam.com\/en\/product\/floor-standing-centrifuges-hettich-rotanta-460-rc\/"]}]},{"@type":"ImageObject","inLanguage":"en-US","@id":"https:\/\/biogroupvietnam.com\/en\/product\/floor-standing-centrifuges-hettich-rotanta-460-rc\/#primaryimage","url":"https:\/\/biogroupvietnam.com\/wp-content\/uploads\/2025\/08\/rotanta20460RC202.jpg","contentUrl":"https:\/\/biogroupvietnam.com\/wp-content\/uploads\/2025\/08\/rotanta20460RC202.jpg","width":1600,"height":1229,"caption":"\u00a0"},{"@type":"BreadcrumbList","@id":"https:\/\/biogroupvietnam.com\/en\/product\/floor-standing-centrifuges-hettich-rotanta-460-rc\/#breadcrumb","itemListElement":[{"@type":"ListItem","position":1,"name":"Biogroup Vietnam | End-to-End Biotechnology Solutions","item":"https:\/\/biogroupvietnam.com\/vi\/"},{"@type":"ListItem","position":2,"name":"Product","item":"https:\/\/biogroupvietnam.com\/vi\/san-pham\/"},{"@type":"ListItem","position":3,"name":"Biological R&D","item":"https:\/\/biogroupvietnam.com\/vi\/danh-muc-san-pham\/rd-sinh-hoc\/"},{"@type":"ListItem","position":4,"name":"Centrifuges","item":"https:\/\/biogroupvietnam.com\/vi\/danh-muc-san-pham\/may-ly-tam\/"},{"@type":"ListItem","position":5,"name":"Floor-Standing Centrifuges Hettich ROTANTA 460 RC"}]},{"@type":"WebSite","@id":"https:\/\/biogroupvietnam.com\/en\/vi\/#website","url":"https:\/\/biogroupvietnam.com\/en\/vi\/","name":"Biogroup Vietnam","description":"Biogroup Vietnam cung c\u1ea5p d\u1ecbch v\u1ee5 k\u1ef9 thu\u1eadt c\u00f9ng thi\u1ebft b\u1ecb, v\u1eadt t\u01b0, h\u00f3a ch\u1ea5t v\u00e0 gi\u1ea3i ph\u00e1p sinh h\u1ecdc cho ph\u00f2ng th\u00ed nghi\u1ec7m c\u00f4ng ngh\u1ec7 sinh h\u1ecdc, y sinh v\u00e0 y h\u1ecdc t\u00e1i t\u1ea1o.","potentialAction":[{"@type":"SearchAction","target":{"@type":"EntryPoint","urlTemplate":"https:\/\/biogroupvietnam.com\/en\/vi\/?s={search_term_string}"},"query-input":{"@type":"PropertyValueSpecification","valueRequired":true,"valueName":"search_term_string"}}],"inLanguage":"en-US"}]}},"_links":{"self":[{"href":"https:\/\/biogroupvietnam.com\/en\/wp-json\/wp\/v2\/product\/4105","targetHints":{"allow":["GET"]}}],"collection":[{"href":"https:\/\/biogroupvietnam.com\/en\/wp-json\/wp\/v2\/product"}],"about":[{"href":"https:\/\/biogroupvietnam.com\/en\/wp-json\/wp\/v2\/types\/product"}],"replies":[{"embeddable":true,"href":"https:\/\/biogroupvietnam.com\/en\/wp-json\/wp\/v2\/comments?post=4105"}],"version-history":[{"count":3,"href":"https:\/\/biogroupvietnam.com\/en\/wp-json\/wp\/v2\/product\/4105\/revisions"}],"predecessor-version":[{"id":8354,"href":"https:\/\/biogroupvietnam.com\/en\/wp-json\/wp\/v2\/product\/4105\/revisions\/8354"}],"wp:featuredmedia":[{"embeddable":true,"href":"https:\/\/biogroupvietnam.com\/en\/wp-json\/wp\/v2\/media\/5600"}],"wp:attachment":[{"href":"https:\/\/biogroupvietnam.com\/en\/wp-json\/wp\/v2\/media?parent=4105"}],"wp:term":[{"taxonomy":"product_brand","embeddable":true,"href":"https:\/\/biogroupvietnam.com\/en\/wp-json\/wp\/v2\/product_brand?post=4105"},{"taxonomy":"product_cat","embeddable":true,"href":"https:\/\/biogroupvietnam.com\/en\/wp-json\/wp\/v2\/product_cat?post=4105"},{"taxonomy":"product_tag","embeddable":true,"href":"https:\/\/biogroupvietnam.com\/en\/wp-json\/wp\/v2\/product_tag?post=4105"}],"curies":[{"name":"wp","href":"https:\/\/api.w.org\/{rel}","templated":true}]}}