{"id":4110,"date":"2025-08-18T19:56:38","date_gmt":"2025-08-18T12:56:38","guid":{"rendered":"http:\/\/biogroupvietnam-worldpress.local\/product\/import-placeholder-for-281\/"},"modified":"2026-03-30T16:26:21","modified_gmt":"2026-03-30T09:26:21","slug":"he-thong-xu-ly-mo-stemprep","status":"publish","type":"product","link":"https:\/\/biogroupvietnam.com\/en\/product\/stemprep-tissue-dissociator\/","title":{"rendered":"STEMprep\u2122 Tissue Dissociator"},"content":{"rendered":"<p><span style=\"font-size: 16.0pt;\"><strong>STEMprep\u2122 Tissue Dissociator<\/strong><\/span> STEMprep\u2122 is a benchtop system flexible enough to fit your lab\u2019s various tissue processing needs. Its innovative design features independent temperature-controlled sample slots that enable tailored dissociation conditions for each sample. An intuitive touchscreen interface simplifies operation.<\/p>\n<figure class=\"image\"><img fetchpriority=\"high\" decoding=\"async\" style=\"aspect-ratio: 1069\/495;\" src=\"https:\/\/biogroupvietnam.com\/uploads\/image-8.png\" width=\"1069\" height=\"495\" \/><\/figure>\n<p>Figure 1. Overview of the STEMprep\u2122 Tissue Dissociator System<\/p>\n<figure class=\"image image_resized\" style=\"width: 29.87%;\"><img decoding=\"async\" style=\"aspect-ratio: 400\/377;\" src=\"https:\/\/biogroupvietnam.com\/uploads\/image-9.png\" width=\"400\" height=\"377\" \/><\/figure>\n<p>Figure 2. Compact Design of the STEMprep\u2122 Primary Unit Flexible by design, STEMprep\u2122 meets diverse research needs with modular solutions. The <strong>Primary Unit<\/strong> can process up to <strong>four samples<\/strong> simultaneously or in parallel. As your throughput requirements increase, the system can be expanded to accommodate <strong>8, 12, or even more samples<\/strong> at a time. &nbsp; <span style=\"font-size: 14.0pt;\"><strong>Why Use STEMprep\u2122?&nbsp;<\/strong><\/span><\/p>\n<ul>\n<li><strong>AUTOMATED &amp; RELIABLE.<\/strong> Standardize tissue dissociation with automation for consistent, reproducible results.<\/li>\n<li><strong>HIGH YIELD &amp; VIABILITY. <\/strong>Obtain high numbers of viable single cells with preserved functionality for downstream applications.<\/li>\n<li><strong>BUILT-IN HEATING &amp; COOLING.<\/strong> Ensure optimal sample processing for various sample types and applications with built-in temperature control from 4 to 37\u00b0C.<\/li>\n<li><strong>MODULAR &amp; SCALABLE.<\/strong> Choose from a 4-sample, 8-sample, or 12-sample system\u2014scaling seamlessly to meet increasing throughput needs while maintaining efficiency.<\/li>\n<li><strong>FLEXIBLE &amp; CUSTOMIZABLE.<\/strong> Use validated STEMCELL protocols or create your own to adapt STEMprep\u2122 to different tissue types and experimental needs.<\/li>\n<\/ul>\n<p>&gt;&gt; For detailed operating instructions, refer to the Technical Manual (<a href=\"https:\/\/cdn.stemcell.com\/media\/files\/manual\/10000030598-MAN_00.pdf\" target=\"_blank\" rel=\"noopener noreferrer\">Document #10000030598<\/a>) or Quick Start Guide (<a href=\"https:\/\/cdn.stemcell.com\/media\/files\/brochure\/FL336-STEMprep_Quick_Start_Guide.pdf\" target=\"_blank\" rel=\"noopener noreferrer\">Document #27273<\/a>). <span style=\"font-size: 14.0pt;\"><strong>System Performance with STEMprep\u2122<\/strong><\/span> <strong>High Yields \u2013 Preserved Viability \u2013 Reliable Results<\/strong> Achieve consistent dissociation of diverse tissue types by minimizing user variability. By adding STEMprep\u2122 to your workflow, you can reduce manual error, automate complex steps, and improve reproducibility. The integrated cold-hold functionality maintains low temperatures after protocol completion, offering added flexibility for sample retrieval and supporting downstream workflows such as RNA-based analyses where temperature control is critical. <img decoding=\"async\" src=\"https:\/\/biogroupvietnam.com\/uploads\/image-4.png\" width=\"607\" height=\"366\" \/> Figure 3. The STEMprep\u2122 Tissue Dissociator System Enables Reliable Automated Mouse Tissue Dissociation. Mouse tissues were dissociated into single-cell suspensions using the STEMprep\u2122 Tissue Dissociator System and the STEMprep\u2122 Tissue Dissociation Kits. Viability and yield of single-cell suspensions generated from (A) 4T1 mammary tumors (n = 10), (B) B16 melanoma tumors (n = 28), (C) brain (n = 68), (D) liver (n = 37), (E) lung (n = 64), and (F) spleen (n = 35) were measured. Primary solid tumors were generated by subcutaneous injection of tumor cells into the flanks of mice. Tumor, liver, and lung samples were treated with ammonium chloride solution to lyse red blood cells. Brain samples were processed with 18% v\/v OptiPrep\u2122 to remove myelin and cell debris prior to analysis. Cell viability and yield following STEMprep\u2122 processing were assessed by flow cytometry. Data are presented as mean \u00b1 SD.<\/p>\n<p style=\"text-align: center;\"><img loading=\"lazy\" decoding=\"async\" src=\"https:\/\/biogroupvietnam.com\/uploads\/image-1.png\" width=\"549\" height=\"228\" \/><\/p>\n<p>Figure 4. STEMprep\u2122 Cold Temperature Hold Feature Preserves Mouse Lung and Spleen Cell Viability. Mouse lung and spleen tissues were dissociated using the STEMprep\u2122 Mouse Lung and Spleen Dissociation Kits, respectively. After the protocol run was completed, the samples were held on the STEMprep\u2122 Tissue Dissociator for up to 24 hours at 4\u00b0C, 22\u00b0C, and 37\u00b0C. Viability of total nucleated (A) lung and (B) spleen cells. Data are presented as mean \u00b1 SD (n = 3). <span style=\"font-size: 14.0pt;\"><strong>STEMprep\u2122 Sample Tubes<\/strong><\/span><\/p>\n<figure class=\"image image-style-align-right image_resized\" style=\"width: 28.06%;\"><img loading=\"lazy\" decoding=\"async\" style=\"aspect-ratio: 337\/429;\" src=\"https:\/\/biogroupvietnam.com\/uploads\/image-7.png\" width=\"337\" height=\"429\" \/><\/figure>\n<p style=\"text-align: justify;\">Designed specifically for use with the STEMprep\u2122 Tissue Dissociator and associated tissue dissociation kits, STEMprep\u2122 Sample Tubes help users reduce variability and save time, enabling standardized dissociation of a wide range of tissue types.<\/p>\n<p style=\"text-align: justify;\">Each tube features an integrated rotor and blade system that is activated by the instrument to dissociate tissue samples. The design ensures consistent, high-quality results across experiments\u2014 making it ideal for downstream applications like single-cell analysis or cell-based assays.<\/p>\n<p style=\"text-align: justify;\">STEMprep\u2122 Sample Tubes are ready to use right out of the package. Simply add your sample and reagents, secure the lid, and load the tube into the instrument to begin your dissociation protocol. The single-use design minimizes contamination risk, while the robust construction ensures functionality at the instrument\u2019s maximum operating speed and revolutions.<\/p>\n<p><span style=\"font-size: 14.0pt;\"><strong>Seamless Integration with EasySep\u2122 and ImmunoCult\u2122<\/strong><\/span> The <strong>STEMprep\u2122 Tissue Dissociator<\/strong> system works seamlessly with downstream tools that researchers rely on, such as for <strong>immune profiling, functional assays, and cell culture<\/strong>.<\/p>\n<ul>\n<li>After dissociation, cells are ready for <strong>immediate use<\/strong> with <strong>EasySep\u2122<\/strong>, STEMCELL\u2019s fast and <strong>column-free<\/strong> immunomagnetic cell separation system.<\/li>\n<li><strong>ImmunoCult\u2122<\/strong> &#8211; a suite of reagents for efficient <strong>cell activation, expansion, and differentiation.<\/strong><\/li>\n<\/ul>\n<p>This integration creates a complete, optimized, and efficient workflow\u2014from tissue dissociation to functional cell analysis.<\/p>\n<blockquote><p>Learn more about system performance: <i>Automate Tissue Processing with STEMprep\u2122 for Versatile Sample Preparation<\/i> Watch the product video: <i>Elevate Tissue Dissociation with STEMprep\u2122<\/i><\/p><\/blockquote>\n<p style=\"text-align: center;\"><img loading=\"lazy\" decoding=\"async\" src=\"https:\/\/biogroupvietnam.com\/uploads\/image-2.png\" width=\"515\" height=\"209\" \/><\/p>\n<p>&gt;&gt; Learn more about system performance: <a href=\"https:\/\/cdn.stemcell.com\/media\/files\/scientificposter\/SP00296-Automate_Tissue_Processing_with_STEMprep_for_Versatile_Sample_Preparation.pdf\" target=\"_blank\" rel=\"noopener noreferrer\">Automate Tissue Processing with STEMprep\u2122 for Versatile Sample Preparation<\/a> &gt;&gt; Watch the machine introduction video: <a href=\"https:\/\/www.stemcell.com\/technical-resources\/elevate-tissue-dissociation-with-stemprep.html\" target=\"_blank\" rel=\"noopener noreferrer\">Elevate Tissue Dissociation with STEMprep\u2122<\/a><\/p>\n","protected":false},"excerpt":{"rendered":"<p>STEMprep\u2122 Tissue Dissociator STEMprep\u2122 is a benchtop system flexible enough to fit your lab\u2019s various tissue processing needs. Its innovative design features independent temperature-controlled sample slots that enable tailored dissociation conditions for each sample. An intuitive touchscreen interface simplifies operation. Figure 1. Overview of the STEMprep\u2122 Tissue Dissociator System Figure 2. Compact Design of the<\/p>\n<div class=\"klb-readmore post-buttons\"><a class=\"button rounded primary\" href=\"https:\/\/biogroupvietnam.com\/en\/product\/stemprep-tissue-dissociator\/\">Read More <i class=\"klbth-icon-right-arrow\"><\/i><\/a><\/div>\n","protected":false},"featured_media":10119,"comment_status":"closed","ping_status":"closed","template":"","meta":{"_acf_changed":false},"product_brand":[127],"product_cat":[115],"product_tag":[],"class_list":{"0":"post-4110","1":"product","2":"type-product","3":"status-publish","4":"has-post-thumbnail","6":"product_brand-stemcell-technologies","7":"product_cat-cell-isolation","9":"first","10":"outofstock","11":"shipping-taxable","12":"product-type-simple"},"acf":[],"yoast_head":"<!-- This site is optimized with the Yoast SEO plugin v26.8 - https:\/\/yoast.com\/product\/yoast-seo-wordpress\/ -->\n<title>STEMprep\u2122 Tissue Dissociator<\/title>\n<meta name=\"description\" content=\"STEMprep\u2122 Tissue Dissociator STEMprep\u2122 is a benchtop system flexible enough to fit your lab\u2019s various tissue processing needs. Its innovative design features independent temperature-controlled sample slots that enable tailored dissociation conditions for each sample. An intuitive touchscreen interface simplifies operation. Figure 1. Overview of the STEMprep\u2122 Tissue Dissociator System Figure 2. Compact Design of the&hellip;\" \/>\n<meta name=\"robots\" content=\"index, follow, max-snippet:-1, max-image-preview:large, max-video-preview:-1\" \/>\n<link rel=\"canonical\" href=\"http:\/\/STEMprep\u2122%20Tissue%20Dissociator%20STEMprep\u2122%20is%20a%20benchtop%20system%20flexible%20enough%20to%20fit%20your%20lab\u2019s%20various%20tissue%20processing%20needs.%20Its%20innovative%20design%20features%20independent%20temperature-controlled%20sample%20slots%20that%20enable%20tailored%20dissociation%20conditions%20for%20each%20sample.%20An%20intuitive%20touchscreen%20interface%20simplifies%20operation.%20Figure%201.%20Overview%20of%20the%20STEMprep\u2122%20Tissue%20Dissociator%20System%20Figure%202.%20Compact%20Design%20of%20the&hellip;\" \/>\n<meta property=\"og:locale\" content=\"en_US\" \/>\n<meta property=\"og:type\" content=\"article\" \/>\n<meta property=\"og:title\" content=\"STEMprep\u2122 Tissue Dissociator\" \/>\n<meta property=\"og:description\" content=\"STEMprep\u2122 Tissue Dissociator STEMprep\u2122 is a benchtop system flexible enough to fit your lab\u2019s various tissue processing needs. Its innovative design features independent temperature-controlled sample slots that enable tailored dissociation conditions for each sample. An intuitive touchscreen interface simplifies operation. Figure 1. Overview of the STEMprep\u2122 Tissue Dissociator System Figure 2. Compact Design of the&hellip;\" \/>\n<meta property=\"og:url\" content=\"https:\/\/biogroupvietnam.com\/en\/product\/stemprep-tissue-dissociator\/\" \/>\n<meta property=\"og:site_name\" content=\"Biogroup Vietnam\" \/>\n<meta property=\"article:modified_time\" content=\"2026-03-30T09:26:21+00:00\" \/>\n<meta property=\"og:image\" content=\"https:\/\/biogroupvietnam.com\/wp-content\/uploads\/2025\/08\/he-thong-xu-ly-mo-stemprep.jpg\" \/>\n\t<meta property=\"og:image:width\" content=\"1640\" \/>\n\t<meta property=\"og:image:height\" content=\"1260\" \/>\n\t<meta property=\"og:image:type\" content=\"image\/jpeg\" \/>\n<meta name=\"twitter:card\" content=\"summary_large_image\" \/>\n<meta name=\"twitter:label1\" content=\"Est. reading time\" \/>\n\t<meta name=\"twitter:data1\" content=\"10 minutes\" \/>\n<script type=\"application\/ld+json\" class=\"yoast-schema-graph\">{\"@context\":\"https:\/\/schema.org\",\"@graph\":[{\"@type\":\"WebPage\",\"@id\":\"https:\/\/biogroupvietnam.com\/en\/product\/stemprep-tissue-dissociator\/\",\"url\":\"https:\/\/biogroupvietnam.com\/en\/product\/stemprep-tissue-dissociator\/\",\"name\":\"H\u1ec7 Th\u1ed1ng X\u1eed L\u00fd M\u00f4 STEMprep\u2122\",\"isPartOf\":{\"@id\":\"https:\/\/biogroupvietnam.com\/vi\/#website\"},\"primaryImageOfPage\":{\"@id\":\"https:\/\/biogroupvietnam.com\/en\/product\/stemprep-tissue-dissociator\/#primaryimage\"},\"image\":{\"@id\":\"https:\/\/biogroupvietnam.com\/en\/product\/stemprep-tissue-dissociator\/#primaryimage\"},\"thumbnailUrl\":\"https:\/\/biogroupvietnam.com\/wp-content\/uploads\/2025\/08\/he-thong-xu-ly-mo-stemprep.jpg\",\"datePublished\":\"2025-08-18T12:56:38+00:00\",\"dateModified\":\"2026-03-30T09:26:21+00:00\",\"description\":\"STEMprep\u2122 l\u00e0 h\u1ec7 th\u1ed1ng \u0111\u1ec3 b\u00e0n v\u1edbi thi\u1ebft k\u1ebf \u0111\u1ed9t ph\u00e1, linh ho\u1ea1t, ph\u00f9 h\u1ee3p v\u1edbi nhi\u1ec1u nhu c\u1ea7u x\u1eed l\u00fd m\u00f4 kh\u00e1c nhau trong ph\u00f2ng th\u00ed nghi\u1ec7m.\",\"breadcrumb\":{\"@id\":\"https:\/\/biogroupvietnam.com\/en\/product\/stemprep-tissue-dissociator\/#breadcrumb\"},\"inLanguage\":\"en-US\",\"potentialAction\":[{\"@type\":\"ReadAction\",\"target\":[\"https:\/\/biogroupvietnam.com\/en\/product\/stemprep-tissue-dissociator\/\"]}]},{\"@type\":\"ImageObject\",\"inLanguage\":\"en-US\",\"@id\":\"https:\/\/biogroupvietnam.com\/en\/product\/stemprep-tissue-dissociator\/#primaryimage\",\"url\":\"https:\/\/biogroupvietnam.com\/wp-content\/uploads\/2025\/08\/he-thong-xu-ly-mo-stemprep.jpg\",\"contentUrl\":\"https:\/\/biogroupvietnam.com\/wp-content\/uploads\/2025\/08\/he-thong-xu-ly-mo-stemprep.jpg\",\"width\":1640,\"height\":1260,\"caption\":\"H\u1ec7 Th\u1ed1ng X\u1eed L\u00fd M\u00f4 STEMprep\u2122\"},{\"@type\":\"BreadcrumbList\",\"@id\":\"https:\/\/biogroupvietnam.com\/en\/product\/stemprep-tissue-dissociator\/#breadcrumb\",\"itemListElement\":[{\"@type\":\"ListItem\",\"position\":1,\"name\":\"Biogroup Vietnam | End-to-End Biotechnology Solutions\",\"item\":\"https:\/\/biogroupvietnam.com\/vi\/\"},{\"@type\":\"ListItem\",\"position\":2,\"name\":\"Product\",\"item\":\"https:\/\/biogroupvietnam.com\/vi\/san-pham\/\"},{\"@type\":\"ListItem\",\"position\":3,\"name\":\"Cell Processing\",\"item\":\"https:\/\/biogroupvietnam.com\/vi\/danh-muc-san-pham\/xu-ly-te-bao\/\"},{\"@type\":\"ListItem\",\"position\":4,\"name\":\"Cell Isolation\",\"item\":\"https:\/\/biogroupvietnam.com\/vi\/danh-muc-san-pham\/phan-lap-te-bao\/\"},{\"@type\":\"ListItem\",\"position\":5,\"name\":\"STEMprep\u2122 Tissue Dissociator\"}]},{\"@type\":\"WebSite\",\"@id\":\"https:\/\/biogroupvietnam.com\/en\/vi\/#website\",\"url\":\"https:\/\/biogroupvietnam.com\/en\/vi\/\",\"name\":\"Biogroup Vietnam\",\"description\":\"Biogroup Vietnam cung c\u1ea5p d\u1ecbch v\u1ee5 k\u1ef9 thu\u1eadt c\u00f9ng thi\u1ebft b\u1ecb, v\u1eadt t\u01b0, h\u00f3a ch\u1ea5t v\u00e0 gi\u1ea3i ph\u00e1p sinh h\u1ecdc cho ph\u00f2ng th\u00ed nghi\u1ec7m c\u00f4ng ngh\u1ec7 sinh h\u1ecdc, y sinh v\u00e0 y h\u1ecdc t\u00e1i t\u1ea1o.\",\"potentialAction\":[{\"@type\":\"SearchAction\",\"target\":{\"@type\":\"EntryPoint\",\"urlTemplate\":\"https:\/\/biogroupvietnam.com\/en\/vi\/?s={search_term_string}\"},\"query-input\":{\"@type\":\"PropertyValueSpecification\",\"valueRequired\":true,\"valueName\":\"search_term_string\"}}],\"inLanguage\":\"en-US\"}]}<\/script>\n<!-- \/ Yoast SEO plugin. -->","yoast_head_json":{"title":"STEMprep\u2122 Tissue Dissociator","description":"STEMprep\u2122 Tissue Dissociator STEMprep\u2122 is a benchtop system flexible enough to fit your lab\u2019s various tissue processing needs. Its innovative design features independent temperature-controlled sample slots that enable tailored dissociation conditions for each sample. An intuitive touchscreen interface simplifies operation. Figure 1. Overview of the STEMprep\u2122 Tissue Dissociator System Figure 2. Compact Design of the&hellip;","robots":{"index":"index","follow":"follow","max-snippet":"max-snippet:-1","max-image-preview":"max-image-preview:large","max-video-preview":"max-video-preview:-1"},"canonical":"STEMprep\u2122 Tissue Dissociator STEMprep\u2122 is a benchtop system flexible enough to fit your lab\u2019s various tissue processing needs. Its innovative design features independent temperature-controlled sample slots that enable tailored dissociation conditions for each sample. An intuitive touchscreen interface simplifies operation. Figure 1. Overview of the STEMprep\u2122 Tissue Dissociator System Figure 2. Compact Design of the&hellip;","og_locale":"en_US","og_type":"article","og_title":"STEMprep\u2122 Tissue Dissociator","og_description":"STEMprep\u2122 Tissue Dissociator STEMprep\u2122 is a benchtop system flexible enough to fit your lab\u2019s various tissue processing needs. Its innovative design features independent temperature-controlled sample slots that enable tailored dissociation conditions for each sample. An intuitive touchscreen interface simplifies operation. Figure 1. Overview of the STEMprep\u2122 Tissue Dissociator System Figure 2. Compact Design of the&hellip;","og_url":"https:\/\/biogroupvietnam.com\/en\/product\/stemprep-tissue-dissociator\/","og_site_name":"Biogroup Vietnam","article_modified_time":"2026-03-30T09:26:21+00:00","og_image":[{"width":1640,"height":1260,"url":"https:\/\/biogroupvietnam.com\/wp-content\/uploads\/2025\/08\/he-thong-xu-ly-mo-stemprep.jpg","type":"image\/jpeg"}],"twitter_card":"summary_large_image","twitter_misc":{"Est. reading time":"10 minutes"},"schema":{"@context":"https:\/\/schema.org","@graph":[{"@type":"WebPage","@id":"https:\/\/biogroupvietnam.com\/en\/product\/stemprep-tissue-dissociator\/","url":"https:\/\/biogroupvietnam.com\/en\/product\/stemprep-tissue-dissociator\/","name":"H\u1ec7 Th\u1ed1ng X\u1eed L\u00fd M\u00f4 STEMprep\u2122","isPartOf":{"@id":"https:\/\/biogroupvietnam.com\/vi\/#website"},"primaryImageOfPage":{"@id":"https:\/\/biogroupvietnam.com\/en\/product\/stemprep-tissue-dissociator\/#primaryimage"},"image":{"@id":"https:\/\/biogroupvietnam.com\/en\/product\/stemprep-tissue-dissociator\/#primaryimage"},"thumbnailUrl":"https:\/\/biogroupvietnam.com\/wp-content\/uploads\/2025\/08\/he-thong-xu-ly-mo-stemprep.jpg","datePublished":"2025-08-18T12:56:38+00:00","dateModified":"2026-03-30T09:26:21+00:00","description":"STEMprep\u2122 l\u00e0 h\u1ec7 th\u1ed1ng \u0111\u1ec3 b\u00e0n v\u1edbi thi\u1ebft k\u1ebf \u0111\u1ed9t ph\u00e1, linh ho\u1ea1t, ph\u00f9 h\u1ee3p v\u1edbi nhi\u1ec1u nhu c\u1ea7u x\u1eed l\u00fd m\u00f4 kh\u00e1c nhau trong ph\u00f2ng th\u00ed nghi\u1ec7m.","breadcrumb":{"@id":"https:\/\/biogroupvietnam.com\/en\/product\/stemprep-tissue-dissociator\/#breadcrumb"},"inLanguage":"en-US","potentialAction":[{"@type":"ReadAction","target":["https:\/\/biogroupvietnam.com\/en\/product\/stemprep-tissue-dissociator\/"]}]},{"@type":"ImageObject","inLanguage":"en-US","@id":"https:\/\/biogroupvietnam.com\/en\/product\/stemprep-tissue-dissociator\/#primaryimage","url":"https:\/\/biogroupvietnam.com\/wp-content\/uploads\/2025\/08\/he-thong-xu-ly-mo-stemprep.jpg","contentUrl":"https:\/\/biogroupvietnam.com\/wp-content\/uploads\/2025\/08\/he-thong-xu-ly-mo-stemprep.jpg","width":1640,"height":1260,"caption":"H\u1ec7 Th\u1ed1ng X\u1eed L\u00fd M\u00f4 STEMprep\u2122"},{"@type":"BreadcrumbList","@id":"https:\/\/biogroupvietnam.com\/en\/product\/stemprep-tissue-dissociator\/#breadcrumb","itemListElement":[{"@type":"ListItem","position":1,"name":"Biogroup Vietnam | End-to-End Biotechnology Solutions","item":"https:\/\/biogroupvietnam.com\/vi\/"},{"@type":"ListItem","position":2,"name":"Product","item":"https:\/\/biogroupvietnam.com\/vi\/san-pham\/"},{"@type":"ListItem","position":3,"name":"Cell Processing","item":"https:\/\/biogroupvietnam.com\/vi\/danh-muc-san-pham\/xu-ly-te-bao\/"},{"@type":"ListItem","position":4,"name":"Cell Isolation","item":"https:\/\/biogroupvietnam.com\/vi\/danh-muc-san-pham\/phan-lap-te-bao\/"},{"@type":"ListItem","position":5,"name":"STEMprep\u2122 Tissue Dissociator"}]},{"@type":"WebSite","@id":"https:\/\/biogroupvietnam.com\/en\/vi\/#website","url":"https:\/\/biogroupvietnam.com\/en\/vi\/","name":"Biogroup Vietnam","description":"Biogroup Vietnam cung c\u1ea5p d\u1ecbch v\u1ee5 k\u1ef9 thu\u1eadt c\u00f9ng thi\u1ebft b\u1ecb, v\u1eadt t\u01b0, h\u00f3a ch\u1ea5t v\u00e0 gi\u1ea3i ph\u00e1p sinh h\u1ecdc cho ph\u00f2ng th\u00ed nghi\u1ec7m c\u00f4ng ngh\u1ec7 sinh h\u1ecdc, y sinh v\u00e0 y h\u1ecdc t\u00e1i t\u1ea1o.","potentialAction":[{"@type":"SearchAction","target":{"@type":"EntryPoint","urlTemplate":"https:\/\/biogroupvietnam.com\/en\/vi\/?s={search_term_string}"},"query-input":{"@type":"PropertyValueSpecification","valueRequired":true,"valueName":"search_term_string"}}],"inLanguage":"en-US"}]}},"_links":{"self":[{"href":"https:\/\/biogroupvietnam.com\/en\/wp-json\/wp\/v2\/product\/4110","targetHints":{"allow":["GET"]}}],"collection":[{"href":"https:\/\/biogroupvietnam.com\/en\/wp-json\/wp\/v2\/product"}],"about":[{"href":"https:\/\/biogroupvietnam.com\/en\/wp-json\/wp\/v2\/types\/product"}],"replies":[{"embeddable":true,"href":"https:\/\/biogroupvietnam.com\/en\/wp-json\/wp\/v2\/comments?post=4110"}],"version-history":[{"count":6,"href":"https:\/\/biogroupvietnam.com\/en\/wp-json\/wp\/v2\/product\/4110\/revisions"}],"predecessor-version":[{"id":9770,"href":"https:\/\/biogroupvietnam.com\/en\/wp-json\/wp\/v2\/product\/4110\/revisions\/9770"}],"wp:featuredmedia":[{"embeddable":true,"href":"https:\/\/biogroupvietnam.com\/en\/wp-json\/wp\/v2\/media\/10119"}],"wp:attachment":[{"href":"https:\/\/biogroupvietnam.com\/en\/wp-json\/wp\/v2\/media?parent=4110"}],"wp:term":[{"taxonomy":"product_brand","embeddable":true,"href":"https:\/\/biogroupvietnam.com\/en\/wp-json\/wp\/v2\/product_brand?post=4110"},{"taxonomy":"product_cat","embeddable":true,"href":"https:\/\/biogroupvietnam.com\/en\/wp-json\/wp\/v2\/product_cat?post=4110"},{"taxonomy":"product_tag","embeddable":true,"href":"https:\/\/biogroupvietnam.com\/en\/wp-json\/wp\/v2\/product_tag?post=4110"}],"curies":[{"name":"wp","href":"https:\/\/api.w.org\/{rel}","templated":true}]}}