{"id":4111,"date":"2025-08-18T19:56:38","date_gmt":"2025-08-18T12:56:38","guid":{"rendered":"http:\/\/biogroupvietnam-worldpress.local\/product\/import-placeholder-for-282\/"},"modified":"2025-09-29T15:09:24","modified_gmt":"2025-09-29T08:09:24","slug":"uvitec-alliance-atom-he-thong-chup-anh-phong-thi-nghiem-hieu-suat-cao","status":"publish","type":"product","link":"https:\/\/biogroupvietnam.com\/en\/product\/uvitec-alliance-atom\/","title":{"rendered":"Uvitec Alliance ATOM"},"content":{"rendered":"<p><span style=\"font-family: 'Arial',sans-serif;\"><strong>Uvitec Alliance ATOM<\/strong><\/span> <span style=\"font-family: 'Arial',sans-serif; font-size: 16.0pt;\"><strong>Features of Alliance ATOM<\/strong><\/span> <span style=\"font-family: 'Arial',sans-serif;\">Maximum performance, minimum weight. Equipped with our flagship Q9-Series\u2122 camera, the Alliance Q9-Atom\u2122 offers the same performance, sensitivity, and signal detection capabilities as any other Q9\u2122 imager, yet with much smaller footprint and half the weight. A lightweight, cost-effective yet upgradable documentation system ideal for highly-demanding chemiluminescent and fluorescent Western blotting.<\/span> <span style=\"font-family: 'Arial',sans-serif;\"><strong>Dims<\/strong> &gt; Height: 710 mm &#8211; Width: 355 mm &#8211; Depth: 435 mm&nbsp;<\/span> <span style=\"font-family: 'Arial',sans-serif;\"><strong>Weight<\/strong> &gt;Alone: 25 Kg&nbsp;<\/span> <span style=\"font-family: 'Arial',sans-serif;\"><strong>Camera Resolution<\/strong> &gt; 9.2MP &#8211; cooled -60\u00b0C regulated&nbsp;<\/span> <span style=\"font-family: 'Arial',sans-serif;\"><strong>Applications&nbsp;<\/strong>&gt; DNA and RNA gels and western blots&nbsp;<\/span> <span style=\"font-family: 'Arial',sans-serif;\"><strong>System<\/strong> &gt; Computer-based&nbsp;<\/span> <span style=\"font-family: 'Arial',sans-serif;\"><strong>Transilluminator<\/strong> &gt; fixed tray, interchangeable, multiple options &#8211; UV &#8211; Dual UV &#8211; Blue &#8211; White light&nbsp;<\/span> <span style=\"font-family: 'Arial',sans-serif;\"><strong>Lens<\/strong> <strong>Aperture<\/strong> &gt; f\/0.80&nbsp;<\/span> <span style=\"font-family: 'Arial',sans-serif;\"><strong>Grey<\/strong> <strong>levels<\/strong> &gt; 65, 635 levels of grey<\/span><\/p>\n","protected":false},"excerpt":{"rendered":"<p>Uvitec Alliance ATOM Features of Alliance ATOM Maximum performance, minimum weight. Equipped with our flagship Q9-Series\u2122 camera, the Alliance Q9-Atom\u2122 offers the same performance, sensitivity, and signal detection capabilities as any other Q9\u2122 imager, yet with much smaller footprint and half the weight. A lightweight, cost-effective yet upgradable documentation system ideal for highly-demanding chemiluminescent and<\/p>\n<div class=\"klb-readmore post-buttons\"><a class=\"button rounded primary\" href=\"https:\/\/biogroupvietnam.com\/en\/product\/uvitec-alliance-atom\/\">Read More <i class=\"klbth-icon-right-arrow\"><\/i><\/a><\/div>\n","protected":false},"featured_media":5334,"comment_status":"closed","ping_status":"closed","template":"","meta":{"_acf_changed":false},"product_brand":[136],"product_cat":[110],"product_tag":[],"class_list":{"0":"post-4111","1":"product","2":"type-product","3":"status-publish","4":"has-post-thumbnail","6":"product_brand-uvitec","7":"product_cat-geldoc-system","9":"first","10":"outofstock","11":"shipping-taxable","12":"product-type-simple"},"acf":[],"yoast_head":"<!-- This site is optimized with the Yoast SEO plugin v26.8 - https:\/\/yoast.com\/product\/yoast-seo-wordpress\/ -->\n<title>Uvitec Alliance ATOM<\/title>\n<meta name=\"description\" content=\"Uvitec Alliance ATOM Features of Alliance ATOM Maximum performance, minimum weight. Equipped with our flagship Q9-Series\u2122 camera, the Alliance Q9-Atom\u2122 offers the same performance, sensitivity, and signal detection capabilities as any other Q9\u2122 imager, yet with much smaller footprint and half the weight. A lightweight, cost-effective yet upgradable documentation system ideal for highly-demanding chemiluminescent and&hellip;\" \/>\n<meta name=\"robots\" content=\"index, follow, max-snippet:-1, max-image-preview:large, max-video-preview:-1\" \/>\n<link rel=\"canonical\" href=\"http:\/\/Uvitec%20Alliance%20ATOM%20Features%20of%20Alliance%20ATOM%20Maximum%20performance,%20minimum%20weight.%20Equipped%20with%20our%20flagship%20Q9-Series\u2122%20camera,%20the%20Alliance%20Q9-Atom\u2122%20offers%20the%20same%20performance,%20sensitivity,%20and%20signal%20detection%20capabilities%20as%20any%20other%20Q9\u2122%20imager,%20yet%20with%20much%20smaller%20footprint%20and%20half%20the%20weight.%20A%20lightweight,%20cost-effective%20yet%20upgradable%20documentation%20system%20ideal%20for%20highly-demanding%20chemiluminescent%20and&hellip;\" \/>\n<meta property=\"og:locale\" content=\"en_US\" \/>\n<meta property=\"og:type\" content=\"article\" \/>\n<meta property=\"og:title\" content=\"Uvitec Alliance ATOM\" \/>\n<meta property=\"og:description\" content=\"Uvitec Alliance ATOM Features of Alliance ATOM Maximum performance, minimum weight. Equipped with our flagship Q9-Series\u2122 camera, the Alliance Q9-Atom\u2122 offers the same performance, sensitivity, and signal detection capabilities as any other Q9\u2122 imager, yet with much smaller footprint and half the weight. A lightweight, cost-effective yet upgradable documentation system ideal for highly-demanding chemiluminescent and&hellip;\" \/>\n<meta property=\"og:url\" content=\"https:\/\/biogroupvietnam.com\/en\/product\/uvitec-alliance-atom\/\" \/>\n<meta property=\"og:site_name\" content=\"Biogroup Vietnam\" \/>\n<meta property=\"article:modified_time\" content=\"2025-09-29T08:09:24+00:00\" \/>\n<meta property=\"og:image\" content=\"https:\/\/biogroupvietnam.com\/wp-content\/uploads\/2025\/08\/Alliance-ATOM.png\" \/>\n\t<meta property=\"og:image:width\" content=\"1600\" \/>\n\t<meta property=\"og:image:height\" content=\"1229\" \/>\n\t<meta property=\"og:image:type\" content=\"image\/png\" \/>\n<meta name=\"twitter:card\" content=\"summary_large_image\" \/>\n<meta name=\"twitter:label1\" content=\"Est. reading time\" \/>\n\t<meta name=\"twitter:data1\" content=\"1 minute\" \/>\n<script type=\"application\/ld+json\" class=\"yoast-schema-graph\">{\"@context\":\"https:\/\/schema.org\",\"@graph\":[{\"@type\":\"WebPage\",\"@id\":\"https:\/\/biogroupvietnam.com\/en\/product\/uvitec-alliance-atom\/\",\"url\":\"https:\/\/biogroupvietnam.com\/en\/product\/uvitec-alliance-atom\/\",\"name\":\"Uvitec Alliance ATOM \u2013 H\u1ec7 Th\u1ed1ng Ch\u1ee5p \u1ea2nh Ph\u00f2ng Th\u00ed Nghi\u1ec7m Hi\u1ec7u Su\u1ea5t Cao\",\"isPartOf\":{\"@id\":\"https:\/\/biogroupvietnam.com\/vi\/#website\"},\"primaryImageOfPage\":{\"@id\":\"https:\/\/biogroupvietnam.com\/en\/product\/uvitec-alliance-atom\/#primaryimage\"},\"image\":{\"@id\":\"https:\/\/biogroupvietnam.com\/en\/product\/uvitec-alliance-atom\/#primaryimage\"},\"thumbnailUrl\":\"https:\/\/biogroupvietnam.com\/wp-content\/uploads\/2025\/08\/Alliance-ATOM.png\",\"datePublished\":\"2025-08-18T12:56:38+00:00\",\"dateModified\":\"2025-09-29T08:09:24+00:00\",\"description\":\"Alliance ATOM c\u1ee7a Uvitec l\u00e0 m\u1ed9t h\u1ec7 th\u1ed1ng ch\u1ee5p \u1ea3nh h\u00f3a ph\u00e1t quang (chemiluminescence) v\u00e0 hu\u1ef3nh quang ti\u00ean ti\u1ebfn, n\u1ed5i b\u1eadt v\u1edbi thi\u1ebft k\u1ebf nh\u1ecf g\u1ecdn nh\u01b0ng s\u1edf h\u1eefu hi\u1ec7u n\u0103ng quang h\u1ecdc h\u00e0ng \u0111\u1ea7u.\",\"breadcrumb\":{\"@id\":\"https:\/\/biogroupvietnam.com\/en\/product\/uvitec-alliance-atom\/#breadcrumb\"},\"inLanguage\":\"en-US\",\"potentialAction\":[{\"@type\":\"ReadAction\",\"target\":[\"https:\/\/biogroupvietnam.com\/en\/product\/uvitec-alliance-atom\/\"]}]},{\"@type\":\"ImageObject\",\"inLanguage\":\"en-US\",\"@id\":\"https:\/\/biogroupvietnam.com\/en\/product\/uvitec-alliance-atom\/#primaryimage\",\"url\":\"https:\/\/biogroupvietnam.com\/wp-content\/uploads\/2025\/08\/Alliance-ATOM.png\",\"contentUrl\":\"https:\/\/biogroupvietnam.com\/wp-content\/uploads\/2025\/08\/Alliance-ATOM.png\",\"width\":1600,\"height\":1229},{\"@type\":\"BreadcrumbList\",\"@id\":\"https:\/\/biogroupvietnam.com\/en\/product\/uvitec-alliance-atom\/#breadcrumb\",\"itemListElement\":[{\"@type\":\"ListItem\",\"position\":1,\"name\":\"Biogroup Vietnam | End-to-End Biotechnology Solutions\",\"item\":\"https:\/\/biogroupvietnam.com\/vi\/\"},{\"@type\":\"ListItem\",\"position\":2,\"name\":\"Product\",\"item\":\"https:\/\/biogroupvietnam.com\/vi\/san-pham\/\"},{\"@type\":\"ListItem\",\"position\":3,\"name\":\"Biological R&D\",\"item\":\"https:\/\/biogroupvietnam.com\/vi\/danh-muc-san-pham\/rd-sinh-hoc\/\"},{\"@type\":\"ListItem\",\"position\":4,\"name\":\"Geldoc system\",\"item\":\"https:\/\/biogroupvietnam.com\/vi\/danh-muc-san-pham\/chup-anh-gel\/\"},{\"@type\":\"ListItem\",\"position\":5,\"name\":\"Uvitec Alliance ATOM\"}]},{\"@type\":\"WebSite\",\"@id\":\"https:\/\/biogroupvietnam.com\/en\/vi\/#website\",\"url\":\"https:\/\/biogroupvietnam.com\/en\/vi\/\",\"name\":\"Biogroup Vietnam\",\"description\":\"Biogroup Vietnam cung c\u1ea5p d\u1ecbch v\u1ee5 k\u1ef9 thu\u1eadt c\u00f9ng thi\u1ebft b\u1ecb, v\u1eadt t\u01b0, h\u00f3a ch\u1ea5t v\u00e0 gi\u1ea3i ph\u00e1p sinh h\u1ecdc cho ph\u00f2ng th\u00ed nghi\u1ec7m c\u00f4ng ngh\u1ec7 sinh h\u1ecdc, y sinh v\u00e0 y h\u1ecdc t\u00e1i t\u1ea1o.\",\"potentialAction\":[{\"@type\":\"SearchAction\",\"target\":{\"@type\":\"EntryPoint\",\"urlTemplate\":\"https:\/\/biogroupvietnam.com\/en\/vi\/?s={search_term_string}\"},\"query-input\":{\"@type\":\"PropertyValueSpecification\",\"valueRequired\":true,\"valueName\":\"search_term_string\"}}],\"inLanguage\":\"en-US\"}]}<\/script>\n<!-- \/ Yoast SEO plugin. -->","yoast_head_json":{"title":"Uvitec Alliance ATOM","description":"Uvitec Alliance ATOM Features of Alliance ATOM Maximum performance, minimum weight. Equipped with our flagship Q9-Series\u2122 camera, the Alliance Q9-Atom\u2122 offers the same performance, sensitivity, and signal detection capabilities as any other Q9\u2122 imager, yet with much smaller footprint and half the weight. A lightweight, cost-effective yet upgradable documentation system ideal for highly-demanding chemiluminescent and&hellip;","robots":{"index":"index","follow":"follow","max-snippet":"max-snippet:-1","max-image-preview":"max-image-preview:large","max-video-preview":"max-video-preview:-1"},"canonical":"Uvitec Alliance ATOM Features of Alliance ATOM Maximum performance, minimum weight. Equipped with our flagship Q9-Series\u2122 camera, the Alliance Q9-Atom\u2122 offers the same performance, sensitivity, and signal detection capabilities as any other Q9\u2122 imager, yet with much smaller footprint and half the weight. A lightweight, cost-effective yet upgradable documentation system ideal for highly-demanding chemiluminescent and&hellip;","og_locale":"en_US","og_type":"article","og_title":"Uvitec Alliance ATOM","og_description":"Uvitec Alliance ATOM Features of Alliance ATOM Maximum performance, minimum weight. Equipped with our flagship Q9-Series\u2122 camera, the Alliance Q9-Atom\u2122 offers the same performance, sensitivity, and signal detection capabilities as any other Q9\u2122 imager, yet with much smaller footprint and half the weight. A lightweight, cost-effective yet upgradable documentation system ideal for highly-demanding chemiluminescent and&hellip;","og_url":"https:\/\/biogroupvietnam.com\/en\/product\/uvitec-alliance-atom\/","og_site_name":"Biogroup Vietnam","article_modified_time":"2025-09-29T08:09:24+00:00","og_image":[{"width":1600,"height":1229,"url":"https:\/\/biogroupvietnam.com\/wp-content\/uploads\/2025\/08\/Alliance-ATOM.png","type":"image\/png"}],"twitter_card":"summary_large_image","twitter_misc":{"Est. reading time":"1 minute"},"schema":{"@context":"https:\/\/schema.org","@graph":[{"@type":"WebPage","@id":"https:\/\/biogroupvietnam.com\/en\/product\/uvitec-alliance-atom\/","url":"https:\/\/biogroupvietnam.com\/en\/product\/uvitec-alliance-atom\/","name":"Uvitec Alliance ATOM \u2013 H\u1ec7 Th\u1ed1ng Ch\u1ee5p \u1ea2nh Ph\u00f2ng Th\u00ed Nghi\u1ec7m Hi\u1ec7u Su\u1ea5t Cao","isPartOf":{"@id":"https:\/\/biogroupvietnam.com\/vi\/#website"},"primaryImageOfPage":{"@id":"https:\/\/biogroupvietnam.com\/en\/product\/uvitec-alliance-atom\/#primaryimage"},"image":{"@id":"https:\/\/biogroupvietnam.com\/en\/product\/uvitec-alliance-atom\/#primaryimage"},"thumbnailUrl":"https:\/\/biogroupvietnam.com\/wp-content\/uploads\/2025\/08\/Alliance-ATOM.png","datePublished":"2025-08-18T12:56:38+00:00","dateModified":"2025-09-29T08:09:24+00:00","description":"Alliance ATOM c\u1ee7a Uvitec l\u00e0 m\u1ed9t h\u1ec7 th\u1ed1ng ch\u1ee5p \u1ea3nh h\u00f3a ph\u00e1t quang (chemiluminescence) v\u00e0 hu\u1ef3nh quang ti\u00ean ti\u1ebfn, n\u1ed5i b\u1eadt v\u1edbi thi\u1ebft k\u1ebf nh\u1ecf g\u1ecdn nh\u01b0ng s\u1edf h\u1eefu hi\u1ec7u n\u0103ng quang h\u1ecdc h\u00e0ng \u0111\u1ea7u.","breadcrumb":{"@id":"https:\/\/biogroupvietnam.com\/en\/product\/uvitec-alliance-atom\/#breadcrumb"},"inLanguage":"en-US","potentialAction":[{"@type":"ReadAction","target":["https:\/\/biogroupvietnam.com\/en\/product\/uvitec-alliance-atom\/"]}]},{"@type":"ImageObject","inLanguage":"en-US","@id":"https:\/\/biogroupvietnam.com\/en\/product\/uvitec-alliance-atom\/#primaryimage","url":"https:\/\/biogroupvietnam.com\/wp-content\/uploads\/2025\/08\/Alliance-ATOM.png","contentUrl":"https:\/\/biogroupvietnam.com\/wp-content\/uploads\/2025\/08\/Alliance-ATOM.png","width":1600,"height":1229},{"@type":"BreadcrumbList","@id":"https:\/\/biogroupvietnam.com\/en\/product\/uvitec-alliance-atom\/#breadcrumb","itemListElement":[{"@type":"ListItem","position":1,"name":"Biogroup Vietnam | End-to-End Biotechnology Solutions","item":"https:\/\/biogroupvietnam.com\/vi\/"},{"@type":"ListItem","position":2,"name":"Product","item":"https:\/\/biogroupvietnam.com\/vi\/san-pham\/"},{"@type":"ListItem","position":3,"name":"Biological R&D","item":"https:\/\/biogroupvietnam.com\/vi\/danh-muc-san-pham\/rd-sinh-hoc\/"},{"@type":"ListItem","position":4,"name":"Geldoc system","item":"https:\/\/biogroupvietnam.com\/vi\/danh-muc-san-pham\/chup-anh-gel\/"},{"@type":"ListItem","position":5,"name":"Uvitec Alliance ATOM"}]},{"@type":"WebSite","@id":"https:\/\/biogroupvietnam.com\/en\/vi\/#website","url":"https:\/\/biogroupvietnam.com\/en\/vi\/","name":"Biogroup Vietnam","description":"Biogroup Vietnam cung c\u1ea5p d\u1ecbch v\u1ee5 k\u1ef9 thu\u1eadt c\u00f9ng thi\u1ebft b\u1ecb, v\u1eadt t\u01b0, h\u00f3a ch\u1ea5t v\u00e0 gi\u1ea3i ph\u00e1p sinh h\u1ecdc cho ph\u00f2ng th\u00ed nghi\u1ec7m c\u00f4ng ngh\u1ec7 sinh h\u1ecdc, y sinh v\u00e0 y h\u1ecdc t\u00e1i t\u1ea1o.","potentialAction":[{"@type":"SearchAction","target":{"@type":"EntryPoint","urlTemplate":"https:\/\/biogroupvietnam.com\/en\/vi\/?s={search_term_string}"},"query-input":{"@type":"PropertyValueSpecification","valueRequired":true,"valueName":"search_term_string"}}],"inLanguage":"en-US"}]}},"_links":{"self":[{"href":"https:\/\/biogroupvietnam.com\/en\/wp-json\/wp\/v2\/product\/4111","targetHints":{"allow":["GET"]}}],"collection":[{"href":"https:\/\/biogroupvietnam.com\/en\/wp-json\/wp\/v2\/product"}],"about":[{"href":"https:\/\/biogroupvietnam.com\/en\/wp-json\/wp\/v2\/types\/product"}],"replies":[{"embeddable":true,"href":"https:\/\/biogroupvietnam.com\/en\/wp-json\/wp\/v2\/comments?post=4111"}],"version-history":[{"count":3,"href":"https:\/\/biogroupvietnam.com\/en\/wp-json\/wp\/v2\/product\/4111\/revisions"}],"predecessor-version":[{"id":8360,"href":"https:\/\/biogroupvietnam.com\/en\/wp-json\/wp\/v2\/product\/4111\/revisions\/8360"}],"wp:featuredmedia":[{"embeddable":true,"href":"https:\/\/biogroupvietnam.com\/en\/wp-json\/wp\/v2\/media\/5334"}],"wp:attachment":[{"href":"https:\/\/biogroupvietnam.com\/en\/wp-json\/wp\/v2\/media?parent=4111"}],"wp:term":[{"taxonomy":"product_brand","embeddable":true,"href":"https:\/\/biogroupvietnam.com\/en\/wp-json\/wp\/v2\/product_brand?post=4111"},{"taxonomy":"product_cat","embeddable":true,"href":"https:\/\/biogroupvietnam.com\/en\/wp-json\/wp\/v2\/product_cat?post=4111"},{"taxonomy":"product_tag","embeddable":true,"href":"https:\/\/biogroupvietnam.com\/en\/wp-json\/wp\/v2\/product_tag?post=4111"}],"curies":[{"name":"wp","href":"https:\/\/api.w.org\/{rel}","templated":true}]}}