{"id":4112,"date":"2025-08-18T19:56:38","date_gmt":"2025-08-18T12:56:38","guid":{"rendered":"http:\/\/biogroupvietnam-worldpress.local\/product\/import-placeholder-for-283\/"},"modified":"2025-12-17T15:14:03","modified_gmt":"2025-12-17T08:14:03","slug":"uvitec-alliance-iris","status":"publish","type":"product","link":"https:\/\/biogroupvietnam.com\/en\/product\/uvitec-alliance-iris\/","title":{"rendered":"Uvitec Alliance IRIS"},"content":{"rendered":"<p><span style=\"font-family: 'Arial',sans-serif;\">The new Alliance IRIS is the latest generation top end imaging system on the market for chemiluminescence and fluorescence Western blots. IRIS not only presents the highest optic sensitivity with an aperture of f\/0.75 but also strong innovative features for unmatched precision and detection.<\/span> <span style=\"color: black; font-family: 'Arial',sans-serif; font-size: 16.0pt;\"><strong>Features<\/strong><\/span> <span style=\"font-family: 'Arial',sans-serif;\"><strong>Revolutionary LED Tables<\/strong><\/span><\/p>\n<ul>\n<li><span style=\"font-family: 'Arial',sans-serif;\">Sustainable UV-LED technology<\/span><\/li>\n<li><span style=\"font-family: 'Arial',sans-serif;\">Choice of 4 interchangeable Tables (White LED Table, Blue LED Table, 312nm UV-LED Table and Black Table for chemiluminescence and epifluorescence)<\/span><\/li>\n<li><span style=\"font-family: 'Arial',sans-serif;\">Plug n\u2019 Play for effortless sample positioning<\/span><\/li>\n<li><span style=\"font-family: 'Arial',sans-serif;\">Uvipure for enhanced UV for EtBr and all safe stains<\/span><\/li>\n<\/ul>\n<p><span style=\"font-family: 'Arial',sans-serif;\"><strong>Innovative Chromascan concept<\/strong><\/span><\/p>\n<ul>\n<li><span style=\"font-family: 'Arial',sans-serif;\">Homogeneous illumination across your sample<\/span><\/li>\n<li><span style=\"font-family: 'Arial',sans-serif;\">Multiplexing possibilities<\/span><\/li>\n<li><span style=\"font-family: 'Arial',sans-serif;\">No crosstalk issues<\/span><\/li>\n<li><span style=\"font-family: 'Arial',sans-serif;\">12 Chromascan modules packs available from 365nm to 780nm (including a combination of excitation light sources and emission filters)<\/span><\/li>\n<\/ul>\n<p><span style=\"font-family: 'Arial',sans-serif;\"><strong>Extreme sensitivity<\/strong><\/span><\/p>\n<ul>\n<li><span style=\"font-family: 'Arial',sans-serif;\">Massive resolution of 9.2 megapixels for HD pictures<\/span><\/li>\n<li><span style=\"font-family: 'Arial',sans-serif;\">f\/0.75 custom lens and unrivalled camera sensitivity<\/span><\/li>\n<li><span style=\"font-family: 'Arial',sans-serif;\">Absolute cooling of -30\u00b0C via 3 stages Peltier<\/span><\/li>\n<li><span style=\"font-family: 'Arial',sans-serif;\">Outstanding weak\/strong detection ratio with OD 4.8 dynamic range<\/span><\/li>\n<li><span style=\"font-family: 'Arial',sans-serif;\">Autofocus motorized optics<\/span><\/li>\n<li><span style=\"font-family: 'Arial',sans-serif;\">Femtogram-level detection<\/span><\/li>\n<\/ul>\n<p><span style=\"font-family: 'Arial',sans-serif;\"><strong>High-end design<\/strong><\/span><\/p>\n<ul>\n<li><span style=\"font-family: 'Arial',sans-serif;\">Stainless steel and epoxy paint for long-term robustness<\/span><\/li>\n<li><span style=\"font-family: 'Arial',sans-serif;\">Standalone system with integrated PC<\/span><\/li>\n<li><span style=\"font-family: 'Arial',sans-serif;\">Widest 15.6 inches touch screen<\/span><\/li>\n<li><span style=\"font-family: 'Arial',sans-serif;\">Dimensions: 670 mm (height) x 435 mm (width) x 540 mm (depth)<\/span><\/li>\n<li><span style=\"font-family: 'Arial',sans-serif;\">Weight: 70 Kg<\/span><\/li>\n<\/ul>\n","protected":false},"excerpt":{"rendered":"<p>The new Alliance IRIS is the latest generation top end imaging system on the market for chemiluminescence and fluorescence Western blots. IRIS not only presents the highest optic sensitivity with an aperture of f\/0.75 but also strong innovative features for unmatched precision and detection. Features Revolutionary LED Tables Sustainable UV-LED technology Choice of 4 interchangeable<\/p>\n<div class=\"klb-readmore post-buttons\"><a class=\"button rounded primary\" href=\"https:\/\/biogroupvietnam.com\/en\/product\/uvitec-alliance-iris\/\">Read More <i class=\"klbth-icon-right-arrow\"><\/i><\/a><\/div>\n","protected":false},"featured_media":5335,"comment_status":"closed","ping_status":"closed","template":"","meta":{"_acf_changed":false},"product_brand":[136],"product_cat":[178,110],"product_tag":[],"class_list":{"0":"post-4112","1":"product","2":"type-product","3":"status-publish","4":"has-post-thumbnail","6":"product_brand-uvitec","7":"product_cat-western-blot","8":"product_cat-geldoc-system","10":"first","11":"outofstock","12":"shipping-taxable","13":"product-type-simple"},"acf":[],"yoast_head":"<!-- This site is optimized with the Yoast SEO plugin v26.8 - https:\/\/yoast.com\/product\/yoast-seo-wordpress\/ -->\n<title>Uvitec Alliance IRIS<\/title>\n<meta name=\"description\" content=\"The new Alliance IRIS is the latest generation top end imaging system on the market for chemiluminescence and fluorescence Western blots. IRIS not only presents the highest optic sensitivity with an aperture of f\/0.75 but also strong innovative features for unmatched precision and detection. Features Revolutionary LED Tables Sustainable UV-LED technology Choice of 4 interchangeable&hellip;\" \/>\n<meta name=\"robots\" content=\"index, follow, max-snippet:-1, max-image-preview:large, max-video-preview:-1\" \/>\n<link rel=\"canonical\" href=\"http:\/\/The%20new%20Alliance%20IRIS%20is%20the%20latest%20generation%20top%20end%20imaging%20system%20on%20the%20market%20for%20chemiluminescence%20and%20fluorescence%20Western%20blots.%20IRIS%20not%20only%20presents%20the%20highest%20optic%20sensitivity%20with%20an%20aperture%20of%20f\/0.75%20but%20also%20strong%20innovative%20features%20for%20unmatched%20precision%20and%20detection.%20Features%20Revolutionary%20LED%20Tables%20Sustainable%20UV-LED%20technology%20Choice%20of%204%20interchangeable&hellip;\" \/>\n<meta property=\"og:locale\" content=\"en_US\" \/>\n<meta property=\"og:type\" content=\"article\" \/>\n<meta property=\"og:title\" content=\"Uvitec Alliance IRIS\" \/>\n<meta property=\"og:description\" content=\"The new Alliance IRIS is the latest generation top end imaging system on the market for chemiluminescence and fluorescence Western blots. IRIS not only presents the highest optic sensitivity with an aperture of f\/0.75 but also strong innovative features for unmatched precision and detection. Features Revolutionary LED Tables Sustainable UV-LED technology Choice of 4 interchangeable&hellip;\" \/>\n<meta property=\"og:url\" content=\"https:\/\/biogroupvietnam.com\/en\/product\/uvitec-alliance-iris\/\" \/>\n<meta property=\"og:site_name\" content=\"Biogroup Vietnam\" \/>\n<meta property=\"article:modified_time\" content=\"2025-12-17T08:14:03+00:00\" \/>\n<meta property=\"og:image\" content=\"https:\/\/biogroupvietnam.com\/wp-content\/uploads\/2025\/08\/Alliance-IRIS.png\" \/>\n\t<meta property=\"og:image:width\" content=\"1600\" \/>\n\t<meta property=\"og:image:height\" content=\"1229\" \/>\n\t<meta property=\"og:image:type\" content=\"image\/png\" \/>\n<meta name=\"twitter:card\" content=\"summary_large_image\" \/>\n<meta name=\"twitter:label1\" content=\"Est. reading time\" \/>\n\t<meta name=\"twitter:data1\" content=\"20 minutes\" \/>\n<script type=\"application\/ld+json\" class=\"yoast-schema-graph\">{\"@context\":\"https:\/\/schema.org\",\"@graph\":[{\"@type\":\"WebPage\",\"@id\":\"https:\/\/biogroupvietnam.com\/en\/product\/uvitec-alliance-iris\/\",\"url\":\"https:\/\/biogroupvietnam.com\/en\/product\/uvitec-alliance-iris\/\",\"name\":\"Uvitec Alliance IRIS \u2013 Gi\u1ea3i ph\u00e1p ch\u1ee5p \u1ea3nh ph\u00e2n t\u00edch gel v\u00e0 Western blot cao c\u1ea5p th\u1ebf h\u1ec7 m\u1edbi\",\"isPartOf\":{\"@id\":\"https:\/\/biogroupvietnam.com\/vi\/#website\"},\"primaryImageOfPage\":{\"@id\":\"https:\/\/biogroupvietnam.com\/en\/product\/uvitec-alliance-iris\/#primaryimage\"},\"image\":{\"@id\":\"https:\/\/biogroupvietnam.com\/en\/product\/uvitec-alliance-iris\/#primaryimage\"},\"thumbnailUrl\":\"https:\/\/biogroupvietnam.com\/wp-content\/uploads\/2025\/08\/Alliance-IRIS.png\",\"datePublished\":\"2025-08-18T12:56:38+00:00\",\"dateModified\":\"2025-12-17T08:14:03+00:00\",\"description\":\"Alliance IRIS l\u00e0 d\u00f2ng m\u00e1y ch\u1ee5p \u1ea3nh ph\u00e2n t\u00edch gel v\u00e0 Western blot cao c\u1ea5p th\u1ebf h\u1ec7 m\u1edbi nh\u1ea5t tr\u00ean th\u1ecb tr\u01b0\u1eddng, t\u00edch h\u1ee3p cho c\u1ea3 \u1ee9ng d\u1ee5ng h\u00f3a ph\u00e1t quang v\u00e0 hu\u1ef3nh quang \u0111a k\u00eanh.\",\"breadcrumb\":{\"@id\":\"https:\/\/biogroupvietnam.com\/en\/product\/uvitec-alliance-iris\/#breadcrumb\"},\"inLanguage\":\"en-US\",\"potentialAction\":[{\"@type\":\"ReadAction\",\"target\":[\"https:\/\/biogroupvietnam.com\/en\/product\/uvitec-alliance-iris\/\"]}]},{\"@type\":\"ImageObject\",\"inLanguage\":\"en-US\",\"@id\":\"https:\/\/biogroupvietnam.com\/en\/product\/uvitec-alliance-iris\/#primaryimage\",\"url\":\"https:\/\/biogroupvietnam.com\/wp-content\/uploads\/2025\/08\/Alliance-IRIS.png\",\"contentUrl\":\"https:\/\/biogroupvietnam.com\/wp-content\/uploads\/2025\/08\/Alliance-IRIS.png\",\"width\":1600,\"height\":1229},{\"@type\":\"BreadcrumbList\",\"@id\":\"https:\/\/biogroupvietnam.com\/en\/product\/uvitec-alliance-iris\/#breadcrumb\",\"itemListElement\":[{\"@type\":\"ListItem\",\"position\":1,\"name\":\"Biogroup Vietnam | End-to-End Biotechnology Solutions\",\"item\":\"https:\/\/biogroupvietnam.com\/vi\/\"},{\"@type\":\"ListItem\",\"position\":2,\"name\":\"Product\",\"item\":\"https:\/\/biogroupvietnam.com\/vi\/san-pham\/\"},{\"@type\":\"ListItem\",\"position\":3,\"name\":\"Bioassays\",\"item\":\"https:\/\/biogroupvietnam.com\/vi\/danh-muc-san-pham\/xet-nghiem-sinh-hoc\/\"},{\"@type\":\"ListItem\",\"position\":4,\"name\":\"QC Exosome\",\"item\":\"https:\/\/biogroupvietnam.com\/vi\/danh-muc-san-pham\/qc-exosome\/\"},{\"@type\":\"ListItem\",\"position\":5,\"name\":\"Western Blot\",\"item\":\"https:\/\/biogroupvietnam.com\/vi\/danh-muc-san-pham\/western-blot\/\"},{\"@type\":\"ListItem\",\"position\":6,\"name\":\"Uvitec Alliance IRIS\"}]},{\"@type\":\"WebSite\",\"@id\":\"https:\/\/biogroupvietnam.com\/en\/vi\/#website\",\"url\":\"https:\/\/biogroupvietnam.com\/en\/vi\/\",\"name\":\"Biogroup Vietnam\",\"description\":\"Biogroup Vietnam cung c\u1ea5p d\u1ecbch v\u1ee5 k\u1ef9 thu\u1eadt c\u00f9ng thi\u1ebft b\u1ecb, v\u1eadt t\u01b0, h\u00f3a ch\u1ea5t v\u00e0 gi\u1ea3i ph\u00e1p sinh h\u1ecdc cho ph\u00f2ng th\u00ed nghi\u1ec7m c\u00f4ng ngh\u1ec7 sinh h\u1ecdc, y sinh v\u00e0 y h\u1ecdc t\u00e1i t\u1ea1o.\",\"potentialAction\":[{\"@type\":\"SearchAction\",\"target\":{\"@type\":\"EntryPoint\",\"urlTemplate\":\"https:\/\/biogroupvietnam.com\/en\/vi\/?s={search_term_string}\"},\"query-input\":{\"@type\":\"PropertyValueSpecification\",\"valueRequired\":true,\"valueName\":\"search_term_string\"}}],\"inLanguage\":\"en-US\"}]}<\/script>\n<!-- \/ Yoast SEO plugin. -->","yoast_head_json":{"title":"Uvitec Alliance IRIS","description":"The new Alliance IRIS is the latest generation top end imaging system on the market for chemiluminescence and fluorescence Western blots. IRIS not only presents the highest optic sensitivity with an aperture of f\/0.75 but also strong innovative features for unmatched precision and detection. Features Revolutionary LED Tables Sustainable UV-LED technology Choice of 4 interchangeable&hellip;","robots":{"index":"index","follow":"follow","max-snippet":"max-snippet:-1","max-image-preview":"max-image-preview:large","max-video-preview":"max-video-preview:-1"},"canonical":"The new Alliance IRIS is the latest generation top end imaging system on the market for chemiluminescence and fluorescence Western blots. IRIS not only presents the highest optic sensitivity with an aperture of f\/0.75 but also strong innovative features for unmatched precision and detection. Features Revolutionary LED Tables Sustainable UV-LED technology Choice of 4 interchangeable&hellip;","og_locale":"en_US","og_type":"article","og_title":"Uvitec Alliance IRIS","og_description":"The new Alliance IRIS is the latest generation top end imaging system on the market for chemiluminescence and fluorescence Western blots. IRIS not only presents the highest optic sensitivity with an aperture of f\/0.75 but also strong innovative features for unmatched precision and detection. Features Revolutionary LED Tables Sustainable UV-LED technology Choice of 4 interchangeable&hellip;","og_url":"https:\/\/biogroupvietnam.com\/en\/product\/uvitec-alliance-iris\/","og_site_name":"Biogroup Vietnam","article_modified_time":"2025-12-17T08:14:03+00:00","og_image":[{"width":1600,"height":1229,"url":"https:\/\/biogroupvietnam.com\/wp-content\/uploads\/2025\/08\/Alliance-IRIS.png","type":"image\/png"}],"twitter_card":"summary_large_image","twitter_misc":{"Est. reading time":"20 minutes"},"schema":{"@context":"https:\/\/schema.org","@graph":[{"@type":"WebPage","@id":"https:\/\/biogroupvietnam.com\/en\/product\/uvitec-alliance-iris\/","url":"https:\/\/biogroupvietnam.com\/en\/product\/uvitec-alliance-iris\/","name":"Uvitec Alliance IRIS \u2013 Gi\u1ea3i ph\u00e1p ch\u1ee5p \u1ea3nh ph\u00e2n t\u00edch gel v\u00e0 Western blot cao c\u1ea5p th\u1ebf h\u1ec7 m\u1edbi","isPartOf":{"@id":"https:\/\/biogroupvietnam.com\/vi\/#website"},"primaryImageOfPage":{"@id":"https:\/\/biogroupvietnam.com\/en\/product\/uvitec-alliance-iris\/#primaryimage"},"image":{"@id":"https:\/\/biogroupvietnam.com\/en\/product\/uvitec-alliance-iris\/#primaryimage"},"thumbnailUrl":"https:\/\/biogroupvietnam.com\/wp-content\/uploads\/2025\/08\/Alliance-IRIS.png","datePublished":"2025-08-18T12:56:38+00:00","dateModified":"2025-12-17T08:14:03+00:00","description":"Alliance IRIS l\u00e0 d\u00f2ng m\u00e1y ch\u1ee5p \u1ea3nh ph\u00e2n t\u00edch gel v\u00e0 Western blot cao c\u1ea5p th\u1ebf h\u1ec7 m\u1edbi nh\u1ea5t tr\u00ean th\u1ecb tr\u01b0\u1eddng, t\u00edch h\u1ee3p cho c\u1ea3 \u1ee9ng d\u1ee5ng h\u00f3a ph\u00e1t quang v\u00e0 hu\u1ef3nh quang \u0111a k\u00eanh.","breadcrumb":{"@id":"https:\/\/biogroupvietnam.com\/en\/product\/uvitec-alliance-iris\/#breadcrumb"},"inLanguage":"en-US","potentialAction":[{"@type":"ReadAction","target":["https:\/\/biogroupvietnam.com\/en\/product\/uvitec-alliance-iris\/"]}]},{"@type":"ImageObject","inLanguage":"en-US","@id":"https:\/\/biogroupvietnam.com\/en\/product\/uvitec-alliance-iris\/#primaryimage","url":"https:\/\/biogroupvietnam.com\/wp-content\/uploads\/2025\/08\/Alliance-IRIS.png","contentUrl":"https:\/\/biogroupvietnam.com\/wp-content\/uploads\/2025\/08\/Alliance-IRIS.png","width":1600,"height":1229},{"@type":"BreadcrumbList","@id":"https:\/\/biogroupvietnam.com\/en\/product\/uvitec-alliance-iris\/#breadcrumb","itemListElement":[{"@type":"ListItem","position":1,"name":"Biogroup Vietnam | End-to-End Biotechnology Solutions","item":"https:\/\/biogroupvietnam.com\/vi\/"},{"@type":"ListItem","position":2,"name":"Product","item":"https:\/\/biogroupvietnam.com\/vi\/san-pham\/"},{"@type":"ListItem","position":3,"name":"Bioassays","item":"https:\/\/biogroupvietnam.com\/vi\/danh-muc-san-pham\/xet-nghiem-sinh-hoc\/"},{"@type":"ListItem","position":4,"name":"QC Exosome","item":"https:\/\/biogroupvietnam.com\/vi\/danh-muc-san-pham\/qc-exosome\/"},{"@type":"ListItem","position":5,"name":"Western Blot","item":"https:\/\/biogroupvietnam.com\/vi\/danh-muc-san-pham\/western-blot\/"},{"@type":"ListItem","position":6,"name":"Uvitec Alliance IRIS"}]},{"@type":"WebSite","@id":"https:\/\/biogroupvietnam.com\/en\/vi\/#website","url":"https:\/\/biogroupvietnam.com\/en\/vi\/","name":"Biogroup Vietnam","description":"Biogroup Vietnam cung c\u1ea5p d\u1ecbch v\u1ee5 k\u1ef9 thu\u1eadt c\u00f9ng thi\u1ebft b\u1ecb, v\u1eadt t\u01b0, h\u00f3a ch\u1ea5t v\u00e0 gi\u1ea3i ph\u00e1p sinh h\u1ecdc cho ph\u00f2ng th\u00ed nghi\u1ec7m c\u00f4ng ngh\u1ec7 sinh h\u1ecdc, y sinh v\u00e0 y h\u1ecdc t\u00e1i t\u1ea1o.","potentialAction":[{"@type":"SearchAction","target":{"@type":"EntryPoint","urlTemplate":"https:\/\/biogroupvietnam.com\/en\/vi\/?s={search_term_string}"},"query-input":{"@type":"PropertyValueSpecification","valueRequired":true,"valueName":"search_term_string"}}],"inLanguage":"en-US"}]}},"_links":{"self":[{"href":"https:\/\/biogroupvietnam.com\/en\/wp-json\/wp\/v2\/product\/4112","targetHints":{"allow":["GET"]}}],"collection":[{"href":"https:\/\/biogroupvietnam.com\/en\/wp-json\/wp\/v2\/product"}],"about":[{"href":"https:\/\/biogroupvietnam.com\/en\/wp-json\/wp\/v2\/types\/product"}],"replies":[{"embeddable":true,"href":"https:\/\/biogroupvietnam.com\/en\/wp-json\/wp\/v2\/comments?post=4112"}],"version-history":[{"count":4,"href":"https:\/\/biogroupvietnam.com\/en\/wp-json\/wp\/v2\/product\/4112\/revisions"}],"predecessor-version":[{"id":9324,"href":"https:\/\/biogroupvietnam.com\/en\/wp-json\/wp\/v2\/product\/4112\/revisions\/9324"}],"wp:featuredmedia":[{"embeddable":true,"href":"https:\/\/biogroupvietnam.com\/en\/wp-json\/wp\/v2\/media\/5335"}],"wp:attachment":[{"href":"https:\/\/biogroupvietnam.com\/en\/wp-json\/wp\/v2\/media?parent=4112"}],"wp:term":[{"taxonomy":"product_brand","embeddable":true,"href":"https:\/\/biogroupvietnam.com\/en\/wp-json\/wp\/v2\/product_brand?post=4112"},{"taxonomy":"product_cat","embeddable":true,"href":"https:\/\/biogroupvietnam.com\/en\/wp-json\/wp\/v2\/product_cat?post=4112"},{"taxonomy":"product_tag","embeddable":true,"href":"https:\/\/biogroupvietnam.com\/en\/wp-json\/wp\/v2\/product_tag?post=4112"}],"curies":[{"name":"wp","href":"https:\/\/api.w.org\/{rel}","templated":true}]}}