{"id":4115,"date":"2025-08-18T19:56:39","date_gmt":"2025-08-18T12:56:39","guid":{"rendered":"http:\/\/biogroupvietnam-worldpress.local\/product\/import-placeholder-for-286\/"},"modified":"2025-10-15T16:09:43","modified_gmt":"2025-10-15T09:09:43","slug":"uvitec-platinum-q9-he-thong-chup-anh-gel-da-nang-cao-cap","status":"publish","type":"product","link":"https:\/\/biogroupvietnam.com\/en\/product\/uvitec-platinum-q9\/","title":{"rendered":"Uvitec Platinum Q9"},"content":{"rendered":"<p><span style=\"font-family: 'Arial',sans-serif;\">The Platinum Q9 is a one-of-its-kind gel documentation and imaging system offering the best geldoc optics specifications on the market and full upgradeability to Chemiluminescence. Ideal for high-demanding applications and premium research labs with a growing interest into Proteomics and Western Blotting.<\/span> <span style=\"font-family: 'Arial',sans-serif;\"><strong>Practicality<\/strong><\/span><\/p>\n<ul>\n<li><span style=\"font-family: 'Arial',sans-serif;\"><strong>1-click to image<\/strong>&nbsp;&gt; effortless acquisition, in no time<\/span><\/li>\n<li><span style=\"font-family: 'Arial',sans-serif;\"><strong>No manual control<\/strong>&nbsp;&gt; hands-off, automated routines<\/span><\/li>\n<li><span style=\"font-family: 'Arial',sans-serif;\"><strong>Fully slide-out tray<\/strong>&nbsp;&gt; hassle-free sample positioning<\/span><\/li>\n<li><span style=\"font-family: 'Arial',sans-serif;\"><strong>All-in-one&nbsp;<\/strong>&gt; acquisition \u2013 editing \u2013 analysis, straight away<\/span><\/li>\n<\/ul>\n<p><span style=\"font-family: 'Arial',sans-serif;\"><strong>Applications<\/strong><\/span><\/p>\n<ul>\n<li><span style=\"font-family: 'Arial',sans-serif;\"><strong>Uvipure\u00a9 technology<\/strong>&nbsp;&gt; enhanced UV for EtBr and all safe stains<\/span><\/li>\n<li><span style=\"font-family: 'Arial',sans-serif;\"><strong>RGB Biopanel\u00a9&nbsp;<\/strong>&gt; blue, green and red light<\/span><\/li>\n<li><span style=\"font-family: 'Arial',sans-serif;\"><strong>Upgradeable camera<\/strong>&nbsp;&gt; for chemiluminescent western blotting<\/span><\/li>\n<li><span style=\"font-family: 'Arial',sans-serif;\"><strong>Fully-customizable<\/strong>&nbsp;&gt; 100% adjustable parameters and protocols<\/span><\/li>\n<\/ul>\n<p><span style=\"font-family: 'Arial',sans-serif;\"><strong>Optics<\/strong><\/span><\/p>\n<ul>\n<li><span style=\"font-family: 'Arial',sans-serif;\"><strong>6,000,000 pixels&nbsp;<\/strong>&gt; superb, publication-level images<\/span><\/li>\n<li><span style=\"font-family: 'Arial',sans-serif;\"><strong>65,535 gray levels<\/strong>&nbsp;&gt; research-level protein quantification<\/span><\/li>\n<li><span style=\"font-family: 'Arial',sans-serif;\"><strong>6x zoom lens<\/strong>&nbsp;&gt; responsive optics for a versatile imaging area<\/span><\/li>\n<li><span style=\"font-family: 'Arial',sans-serif;\"><strong>Passive cooling&nbsp;<\/strong>&gt; reduced noise for clearer images<\/span><\/li>\n<\/ul>\n<p><span style=\"font-family: 'Arial',sans-serif;\"><strong>Darkroom<\/strong><\/span><\/p>\n<ul>\n<li><span style=\"font-family: 'Arial',sans-serif;\"><strong>Q-smart darkroom<\/strong>&nbsp;&gt; splendid Alliance-line darkroom<\/span><\/li>\n<li><span style=\"font-family: 'Arial',sans-serif;\"><strong>Plug-n-play<\/strong>&nbsp;&gt; interchangeable transilluminators<\/span><\/li>\n<li><span style=\"font-family: 'Arial',sans-serif;\"><strong>Stainless steel<\/strong>&nbsp;&gt; long-lasting, robust instrument<\/span><\/li>\n<li><span style=\"font-family: 'Arial',sans-serif;\"><strong>7-position wheel<\/strong>&nbsp;&gt; and up to 18 filters to choose from<\/span><\/li>\n<\/ul>\n","protected":false},"excerpt":{"rendered":"<p>The Platinum Q9 is a one-of-its-kind gel documentation and imaging system offering the best geldoc optics specifications on the market and full upgradeability to Chemiluminescence. Ideal for high-demanding applications and premium research labs with a growing interest into Proteomics and Western Blotting. Practicality 1-click to image&nbsp;&gt; effortless acquisition, in no time No manual control&nbsp;&gt; hands-off,<\/p>\n<div class=\"klb-readmore post-buttons\"><a class=\"button rounded primary\" href=\"https:\/\/biogroupvietnam.com\/en\/product\/uvitec-platinum-q9\/\">Read More <i class=\"klbth-icon-right-arrow\"><\/i><\/a><\/div>\n","protected":false},"featured_media":5338,"comment_status":"closed","ping_status":"closed","template":"","meta":{"_acf_changed":false},"product_brand":[136],"product_cat":[110],"product_tag":[],"class_list":{"0":"post-4115","1":"product","2":"type-product","3":"status-publish","4":"has-post-thumbnail","6":"product_brand-uvitec","7":"product_cat-geldoc-system","9":"first","10":"outofstock","11":"shipping-taxable","12":"product-type-simple"},"acf":[],"yoast_head":"<!-- This site is optimized with the Yoast SEO plugin v26.8 - https:\/\/yoast.com\/product\/yoast-seo-wordpress\/ -->\n<title>Uvitec Platinum Q9<\/title>\n<meta name=\"description\" content=\"The Platinum Q9 is a one-of-its-kind gel documentation and imaging system offering the best geldoc optics specifications on the market and full upgradeability to Chemiluminescence. Ideal for high-demanding applications and premium research labs with a growing interest into Proteomics and Western Blotting. Practicality 1-click to image&nbsp;&gt; effortless acquisition, in no time No manual control&nbsp;&gt; hands-off,&hellip;\" \/>\n<meta name=\"robots\" content=\"index, follow, max-snippet:-1, max-image-preview:large, max-video-preview:-1\" \/>\n<link rel=\"canonical\" href=\"http:\/\/The%20Platinum%20Q9%20is%20a%20one-of-its-kind%20gel%20documentation%20and%20imaging%20system%20offering%20the%20best%20geldoc%20optics%20specifications%20on%20the%20market%20and%20full%20upgradeability%20to%20Chemiluminescence.%20Ideal%20for%20high-demanding%20applications%20and%20premium%20research%20labs%20with%20a%20growing%20interest%20into%20Proteomics%20and%20Western%20Blotting.%20Practicality%201-click%20to%20image&nbsp;&gt;%20effortless%20acquisition,%20in%20no%20time%20No%20manual%20control&nbsp;&gt;%20hands-off,&hellip;\" \/>\n<meta property=\"og:locale\" content=\"en_US\" \/>\n<meta property=\"og:type\" content=\"article\" \/>\n<meta property=\"og:title\" content=\"Uvitec Platinum Q9\" \/>\n<meta property=\"og:description\" content=\"The Platinum Q9 is a one-of-its-kind gel documentation and imaging system offering the best geldoc optics specifications on the market and full upgradeability to Chemiluminescence. Ideal for high-demanding applications and premium research labs with a growing interest into Proteomics and Western Blotting. Practicality 1-click to image&nbsp;&gt; effortless acquisition, in no time No manual control&nbsp;&gt; hands-off,&hellip;\" \/>\n<meta property=\"og:url\" content=\"https:\/\/biogroupvietnam.com\/en\/product\/uvitec-platinum-q9\/\" \/>\n<meta property=\"og:site_name\" content=\"Biogroup Vietnam\" \/>\n<meta property=\"article:modified_time\" content=\"2025-10-15T09:09:43+00:00\" \/>\n<meta property=\"og:image\" content=\"https:\/\/biogroupvietnam.com\/wp-content\/uploads\/2025\/08\/Platinum-Q9-1.png\" \/>\n\t<meta property=\"og:image:width\" content=\"1600\" \/>\n\t<meta property=\"og:image:height\" content=\"1229\" \/>\n\t<meta property=\"og:image:type\" content=\"image\/png\" \/>\n<meta name=\"twitter:card\" content=\"summary_large_image\" \/>\n<meta name=\"twitter:label1\" content=\"Est. reading time\" \/>\n\t<meta name=\"twitter:data1\" content=\"17 minutes\" \/>\n<script type=\"application\/ld+json\" class=\"yoast-schema-graph\">{\"@context\":\"https:\/\/schema.org\",\"@graph\":[{\"@type\":\"WebPage\",\"@id\":\"https:\/\/biogroupvietnam.com\/en\/product\/uvitec-platinum-q9\/\",\"url\":\"https:\/\/biogroupvietnam.com\/en\/product\/uvitec-platinum-q9\/\",\"name\":\"Uvitec Platinum Q9 \u2013 H\u1ec7 th\u1ed1ng ch\u1ee5p \u1ea3nh gel \u0111a n\u0103ng cao c\u1ea5p\",\"isPartOf\":{\"@id\":\"https:\/\/biogroupvietnam.com\/vi\/#website\"},\"primaryImageOfPage\":{\"@id\":\"https:\/\/biogroupvietnam.com\/en\/product\/uvitec-platinum-q9\/#primaryimage\"},\"image\":{\"@id\":\"https:\/\/biogroupvietnam.com\/en\/product\/uvitec-platinum-q9\/#primaryimage\"},\"thumbnailUrl\":\"https:\/\/biogroupvietnam.com\/wp-content\/uploads\/2025\/08\/Platinum-Q9-1.png\",\"datePublished\":\"2025-08-18T12:56:39+00:00\",\"dateModified\":\"2025-10-15T09:09:43+00:00\",\"description\":\"Platinum Q9 l\u00e0 m\u1ed9t h\u1ec7 th\u1ed1ng ch\u1ee5p t\u01b0 li\u1ec7u gel \u0111\u1ed9c \u0111\u00e1o v\u00e0 cao c\u1ea5p c\u1ee7a Uvitec, \u0111\u01b0\u1ee3c thi\u1ebft k\u1ebf chuy\u00ean d\u1ee5ng cho c\u00e1c ph\u00f2ng th\u00ed nghi\u1ec7m sinh h\u1ecdc ph\u00e2n t\u1eed v\u00e0 proteomics. Thi\u1ebft b\u1ecb n\u00e0y s\u1edf h\u1eefu th\u00f4ng s\u1ed1 quang h\u1ecdc h\u00e0ng \u0111\u1ea7u tr\u00ean th\u1ecb tr\u01b0\u1eddng v\u00e0 c\u00f3 kh\u1ea3 n\u0103ng n\u00e2ng c\u1ea5p linh ho\u1ea1t \u2013 v\u00ed d\u1ee5 nh\u01b0 n\u00e2ng c\u1ea5p camera \u0111\u1ec3 ch\u1ee5p h\u00f3a ph\u00e1t quang (chemiluminescence) khi c\u1ea7n.\",\"breadcrumb\":{\"@id\":\"https:\/\/biogroupvietnam.com\/en\/product\/uvitec-platinum-q9\/#breadcrumb\"},\"inLanguage\":\"en-US\",\"potentialAction\":[{\"@type\":\"ReadAction\",\"target\":[\"https:\/\/biogroupvietnam.com\/en\/product\/uvitec-platinum-q9\/\"]}]},{\"@type\":\"ImageObject\",\"inLanguage\":\"en-US\",\"@id\":\"https:\/\/biogroupvietnam.com\/en\/product\/uvitec-platinum-q9\/#primaryimage\",\"url\":\"https:\/\/biogroupvietnam.com\/wp-content\/uploads\/2025\/08\/Platinum-Q9-1.png\",\"contentUrl\":\"https:\/\/biogroupvietnam.com\/wp-content\/uploads\/2025\/08\/Platinum-Q9-1.png\",\"width\":1600,\"height\":1229},{\"@type\":\"BreadcrumbList\",\"@id\":\"https:\/\/biogroupvietnam.com\/en\/product\/uvitec-platinum-q9\/#breadcrumb\",\"itemListElement\":[{\"@type\":\"ListItem\",\"position\":1,\"name\":\"Biogroup Vietnam | End-to-End Biotechnology Solutions\",\"item\":\"https:\/\/biogroupvietnam.com\/vi\/\"},{\"@type\":\"ListItem\",\"position\":2,\"name\":\"Product\",\"item\":\"https:\/\/biogroupvietnam.com\/vi\/san-pham\/\"},{\"@type\":\"ListItem\",\"position\":3,\"name\":\"Biological R&D\",\"item\":\"https:\/\/biogroupvietnam.com\/vi\/danh-muc-san-pham\/rd-sinh-hoc\/\"},{\"@type\":\"ListItem\",\"position\":4,\"name\":\"Geldoc system\",\"item\":\"https:\/\/biogroupvietnam.com\/vi\/danh-muc-san-pham\/chup-anh-gel\/\"},{\"@type\":\"ListItem\",\"position\":5,\"name\":\"Uvitec Platinum Q9\"}]},{\"@type\":\"WebSite\",\"@id\":\"https:\/\/biogroupvietnam.com\/en\/vi\/#website\",\"url\":\"https:\/\/biogroupvietnam.com\/en\/vi\/\",\"name\":\"Biogroup Vietnam\",\"description\":\"Biogroup Vietnam cung c\u1ea5p d\u1ecbch v\u1ee5 k\u1ef9 thu\u1eadt c\u00f9ng thi\u1ebft b\u1ecb, v\u1eadt t\u01b0, h\u00f3a ch\u1ea5t v\u00e0 gi\u1ea3i ph\u00e1p sinh h\u1ecdc cho ph\u00f2ng th\u00ed nghi\u1ec7m c\u00f4ng ngh\u1ec7 sinh h\u1ecdc, y sinh v\u00e0 y h\u1ecdc t\u00e1i t\u1ea1o.\",\"potentialAction\":[{\"@type\":\"SearchAction\",\"target\":{\"@type\":\"EntryPoint\",\"urlTemplate\":\"https:\/\/biogroupvietnam.com\/en\/vi\/?s={search_term_string}\"},\"query-input\":{\"@type\":\"PropertyValueSpecification\",\"valueRequired\":true,\"valueName\":\"search_term_string\"}}],\"inLanguage\":\"en-US\"}]}<\/script>\n<!-- \/ Yoast SEO plugin. -->","yoast_head_json":{"title":"Uvitec Platinum Q9","description":"The Platinum Q9 is a one-of-its-kind gel documentation and imaging system offering the best geldoc optics specifications on the market and full upgradeability to Chemiluminescence. Ideal for high-demanding applications and premium research labs with a growing interest into Proteomics and Western Blotting. Practicality 1-click to image&nbsp;&gt; effortless acquisition, in no time No manual control&nbsp;&gt; hands-off,&hellip;","robots":{"index":"index","follow":"follow","max-snippet":"max-snippet:-1","max-image-preview":"max-image-preview:large","max-video-preview":"max-video-preview:-1"},"canonical":"The Platinum Q9 is a one-of-its-kind gel documentation and imaging system offering the best geldoc optics specifications on the market and full upgradeability to Chemiluminescence. Ideal for high-demanding applications and premium research labs with a growing interest into Proteomics and Western Blotting. Practicality 1-click to image&nbsp;&gt; effortless acquisition, in no time No manual control&nbsp;&gt; hands-off,&hellip;","og_locale":"en_US","og_type":"article","og_title":"Uvitec Platinum Q9","og_description":"The Platinum Q9 is a one-of-its-kind gel documentation and imaging system offering the best geldoc optics specifications on the market and full upgradeability to Chemiluminescence. Ideal for high-demanding applications and premium research labs with a growing interest into Proteomics and Western Blotting. Practicality 1-click to image&nbsp;&gt; effortless acquisition, in no time No manual control&nbsp;&gt; hands-off,&hellip;","og_url":"https:\/\/biogroupvietnam.com\/en\/product\/uvitec-platinum-q9\/","og_site_name":"Biogroup Vietnam","article_modified_time":"2025-10-15T09:09:43+00:00","og_image":[{"width":1600,"height":1229,"url":"https:\/\/biogroupvietnam.com\/wp-content\/uploads\/2025\/08\/Platinum-Q9-1.png","type":"image\/png"}],"twitter_card":"summary_large_image","twitter_misc":{"Est. reading time":"17 minutes"},"schema":{"@context":"https:\/\/schema.org","@graph":[{"@type":"WebPage","@id":"https:\/\/biogroupvietnam.com\/en\/product\/uvitec-platinum-q9\/","url":"https:\/\/biogroupvietnam.com\/en\/product\/uvitec-platinum-q9\/","name":"Uvitec Platinum Q9 \u2013 H\u1ec7 th\u1ed1ng ch\u1ee5p \u1ea3nh gel \u0111a n\u0103ng cao c\u1ea5p","isPartOf":{"@id":"https:\/\/biogroupvietnam.com\/vi\/#website"},"primaryImageOfPage":{"@id":"https:\/\/biogroupvietnam.com\/en\/product\/uvitec-platinum-q9\/#primaryimage"},"image":{"@id":"https:\/\/biogroupvietnam.com\/en\/product\/uvitec-platinum-q9\/#primaryimage"},"thumbnailUrl":"https:\/\/biogroupvietnam.com\/wp-content\/uploads\/2025\/08\/Platinum-Q9-1.png","datePublished":"2025-08-18T12:56:39+00:00","dateModified":"2025-10-15T09:09:43+00:00","description":"Platinum Q9 l\u00e0 m\u1ed9t h\u1ec7 th\u1ed1ng ch\u1ee5p t\u01b0 li\u1ec7u gel \u0111\u1ed9c \u0111\u00e1o v\u00e0 cao c\u1ea5p c\u1ee7a Uvitec, \u0111\u01b0\u1ee3c thi\u1ebft k\u1ebf chuy\u00ean d\u1ee5ng cho c\u00e1c ph\u00f2ng th\u00ed nghi\u1ec7m sinh h\u1ecdc ph\u00e2n t\u1eed v\u00e0 proteomics. Thi\u1ebft b\u1ecb n\u00e0y s\u1edf h\u1eefu th\u00f4ng s\u1ed1 quang h\u1ecdc h\u00e0ng \u0111\u1ea7u tr\u00ean th\u1ecb tr\u01b0\u1eddng v\u00e0 c\u00f3 kh\u1ea3 n\u0103ng n\u00e2ng c\u1ea5p linh ho\u1ea1t \u2013 v\u00ed d\u1ee5 nh\u01b0 n\u00e2ng c\u1ea5p camera \u0111\u1ec3 ch\u1ee5p h\u00f3a ph\u00e1t quang (chemiluminescence) khi c\u1ea7n.","breadcrumb":{"@id":"https:\/\/biogroupvietnam.com\/en\/product\/uvitec-platinum-q9\/#breadcrumb"},"inLanguage":"en-US","potentialAction":[{"@type":"ReadAction","target":["https:\/\/biogroupvietnam.com\/en\/product\/uvitec-platinum-q9\/"]}]},{"@type":"ImageObject","inLanguage":"en-US","@id":"https:\/\/biogroupvietnam.com\/en\/product\/uvitec-platinum-q9\/#primaryimage","url":"https:\/\/biogroupvietnam.com\/wp-content\/uploads\/2025\/08\/Platinum-Q9-1.png","contentUrl":"https:\/\/biogroupvietnam.com\/wp-content\/uploads\/2025\/08\/Platinum-Q9-1.png","width":1600,"height":1229},{"@type":"BreadcrumbList","@id":"https:\/\/biogroupvietnam.com\/en\/product\/uvitec-platinum-q9\/#breadcrumb","itemListElement":[{"@type":"ListItem","position":1,"name":"Biogroup Vietnam | End-to-End Biotechnology Solutions","item":"https:\/\/biogroupvietnam.com\/vi\/"},{"@type":"ListItem","position":2,"name":"Product","item":"https:\/\/biogroupvietnam.com\/vi\/san-pham\/"},{"@type":"ListItem","position":3,"name":"Biological R&D","item":"https:\/\/biogroupvietnam.com\/vi\/danh-muc-san-pham\/rd-sinh-hoc\/"},{"@type":"ListItem","position":4,"name":"Geldoc system","item":"https:\/\/biogroupvietnam.com\/vi\/danh-muc-san-pham\/chup-anh-gel\/"},{"@type":"ListItem","position":5,"name":"Uvitec Platinum Q9"}]},{"@type":"WebSite","@id":"https:\/\/biogroupvietnam.com\/en\/vi\/#website","url":"https:\/\/biogroupvietnam.com\/en\/vi\/","name":"Biogroup Vietnam","description":"Biogroup Vietnam cung c\u1ea5p d\u1ecbch v\u1ee5 k\u1ef9 thu\u1eadt c\u00f9ng thi\u1ebft b\u1ecb, v\u1eadt t\u01b0, h\u00f3a ch\u1ea5t v\u00e0 gi\u1ea3i ph\u00e1p sinh h\u1ecdc cho ph\u00f2ng th\u00ed nghi\u1ec7m c\u00f4ng ngh\u1ec7 sinh h\u1ecdc, y sinh v\u00e0 y h\u1ecdc t\u00e1i t\u1ea1o.","potentialAction":[{"@type":"SearchAction","target":{"@type":"EntryPoint","urlTemplate":"https:\/\/biogroupvietnam.com\/en\/vi\/?s={search_term_string}"},"query-input":{"@type":"PropertyValueSpecification","valueRequired":true,"valueName":"search_term_string"}}],"inLanguage":"en-US"}]}},"_links":{"self":[{"href":"https:\/\/biogroupvietnam.com\/en\/wp-json\/wp\/v2\/product\/4115","targetHints":{"allow":["GET"]}}],"collection":[{"href":"https:\/\/biogroupvietnam.com\/en\/wp-json\/wp\/v2\/product"}],"about":[{"href":"https:\/\/biogroupvietnam.com\/en\/wp-json\/wp\/v2\/types\/product"}],"replies":[{"embeddable":true,"href":"https:\/\/biogroupvietnam.com\/en\/wp-json\/wp\/v2\/comments?post=4115"}],"version-history":[{"count":4,"href":"https:\/\/biogroupvietnam.com\/en\/wp-json\/wp\/v2\/product\/4115\/revisions"}],"predecessor-version":[{"id":8590,"href":"https:\/\/biogroupvietnam.com\/en\/wp-json\/wp\/v2\/product\/4115\/revisions\/8590"}],"wp:featuredmedia":[{"embeddable":true,"href":"https:\/\/biogroupvietnam.com\/en\/wp-json\/wp\/v2\/media\/5338"}],"wp:attachment":[{"href":"https:\/\/biogroupvietnam.com\/en\/wp-json\/wp\/v2\/media?parent=4115"}],"wp:term":[{"taxonomy":"product_brand","embeddable":true,"href":"https:\/\/biogroupvietnam.com\/en\/wp-json\/wp\/v2\/product_brand?post=4115"},{"taxonomy":"product_cat","embeddable":true,"href":"https:\/\/biogroupvietnam.com\/en\/wp-json\/wp\/v2\/product_cat?post=4115"},{"taxonomy":"product_tag","embeddable":true,"href":"https:\/\/biogroupvietnam.com\/en\/wp-json\/wp\/v2\/product_tag?post=4115"}],"curies":[{"name":"wp","href":"https:\/\/api.w.org\/{rel}","templated":true}]}}