{"id":7143,"date":"2025-09-29T18:03:14","date_gmt":"2025-09-29T11:03:14","guid":{"rendered":"https:\/\/biogroupvietnam.com\/product\/\/"},"modified":"2025-11-17T09:08:27","modified_gmt":"2025-11-17T02:08:27","slug":"may-han-day-di-dong-dung-pin-genesis-tube-sealer-rapid-seal-se640","status":"publish","type":"product","link":"https:\/\/biogroupvietnam.com\/en\/product\/may-han-day-di-dong-dung-pin-genesis-tube-sealer-rapid-seal-se640\/","title":{"rendered":"M\u00e1y h\u00e0n d\u00e2y di \u0111\u1ed9ng d\u00f9ng pin - Genesis Tube Sealer Rapid Seal SE640"},"content":{"rendered":"<h3><strong>Genesis Tube Sealer Rapid Seal SE640<\/strong><strong> \u2013 M\u00e1y h\u00e0n d\u00e2y di \u0111\u1ed9ng d\u00f9ng pin cho ng\u00e2n h\u00e0ng m\u00e1u &amp; apheresis<\/strong><\/h3>\n<h3><strong>T\u1ed5ng quan<\/strong><\/h3>\n<p><strong>SE640<\/strong> l\u00e0 m\u00e1y h\u00e0n d\u00e2y di \u0111\u1ed9ng (portable sealing unit) v\u1edbi tay h\u00e0n c\u1ea7m tay, v\u1eadn h\u00e0nh b\u1eb1ng <strong>pin NiMH s\u1ea1c l\u1ea1i<\/strong> \u2013 ph\u00f9 h\u1ee3p c\u00e1c \u0111i\u1ec3m hi\u1ebfn m\u00e1u l\u01b0u \u0111\u1ed9ng, khu apheresis v\u00e0 d\u00e2y chuy\u1ec1n x\u1eed l\u00fd th\u00e0nh ph\u1ea7n m\u00e1u\/s\u1ea3n ph\u1ea9m t\u1ebf b\u00e0o c\u1ea7n c\u01a1 \u0111\u1ed9ng cao. D\u00f2ng Rapid Seal II\u2122 <strong>kh\u00f4ng c\u1ea7n l\u00e0m n\u00f3ng \u2013 b\u1eadt l\u00e0 h\u00e0n<\/strong>, <strong>kh\u00f4ng qu\u00e1 nhi\u1ec7t<\/strong> v\u00e0 t\u1ea1o v\u1ebft h\u00e0n <strong>Notched Seal\u2122<\/strong> gi\u00fap t\u00e1ch \u0111o\u1ea1n d\u1ec5 d\u00e0ng; bo m\u1ea1ch RF \u201cth\u00f4ng minh\u201d t\u1ef1 nh\u1eadn &amp; \u0111i\u1ec1u ch\u1ec9nh theo k\u00edch th\u01b0\u1edbc \u1ed1ng, thi\u1ebft b\u1ecb <strong>\u0111\u1ea1t CE\/UL<\/strong> v\u00e0 <strong>b\u1ea3o h\u00e0nh 1 n\u0103m<\/strong>.<\/p>\n<h3><strong>\u0110i\u1ec3m n\u1ed5i b\u1eadt<\/strong><\/h3>\n<ul>\n<li><strong>Di \u0111\u1ed9ng \u2013 d\u00f9ng pin s\u1ea1c<\/strong>: pin <strong>12V\/4.5Ah NiMH<\/strong>, <strong>1.000+ m\u1ed1i h\u00e0n<\/strong> cho m\u1ed7i l\u1ea7n s\u1ea1c \u0111\u1ea7y; k\u00e8m <strong>t\u00fai v\u1ea3i canvas nh\u1eb9<\/strong> \u0111\u1ec3 mang theo.<\/li>\n<li><strong>Tay h\u00e0n c\u1ea7m tay<\/strong> + <strong>c\u00e1p 6 ft<\/strong>: d\u1ec5 thao t\u00e1c t\u1ea1i gi\u01b0\u1eddng hi\u1ebfn\/gh\u1ebf apheresis.<\/li>\n<li><strong>H\u00e0n nhanh 0,5\u20131,2 gi\u00e2y<\/strong> nh\u1edd c\u00f4ng ngh\u1ec7 Rapid Seal II\u2122.<\/li>\n<li><strong>Ph\u00e2n lo\u1ea1i thi\u1ebft b\u1ecb y t\u1ebf<\/strong>; <strong>\u0111\u01b0\u1ee3c ph\u00ea duy\u1ec7t s\u1eed d\u1ee5ng trong quy tr\u00ecnh hi\u1ebfn m\u00e1u ti\u00eau chu\u1ea9n &amp; apheresis<\/strong>.<\/li>\n<\/ul>\n<h3><strong>\u1ee8ng d\u1ee5ng ti\u00eau bi\u1ec3u<\/strong><\/h3>\n<ul>\n<li>H\u00e0n, ni\u00eam k\u00edn d\u00e2y trong <strong>hi\u1ebfn m\u00e1u l\u01b0u \u0111\u1ed9ng<\/strong> v\u00e0 <strong>th\u1ee7 thu\u1eadt apheresis<\/strong>.<\/li>\n<li>Chia ph\u1ea7n (aliquot), gi\u1ea3m th\u1ec3 t\u00edch, gh\u00e9p\/t\u00e1ch nh\u00e1nh \u1ed1ng trong x\u1eed l\u00fd th\u00e0nh ph\u1ea7n m\u00e1u &amp; chuy\u1ec3n m\u1eabu QC (t\u00f9y SOP).<\/li>\n<li>D\u00f9ng t\u1ea1i c\u00e1c <strong>tr\u1ea1m\/xe hi\u1ebfn m\u00e1u<\/strong>, ho\u1eb7c khu v\u1ef1c c\u00f3 <strong>h\u1ea1n ch\u1ebf ngu\u1ed3n \u0111i\u1ec7n<\/strong>.<\/li>\n<\/ul>\n<h3><strong>Th\u00f4ng s\u1ed1 k\u1ef9 thu\u1eadt ch\u00ednh (SE640)<\/strong><\/h3>\n<table width=\"595\">\n<tbody>\n<tr>\n<td width=\"170\"><strong>H\u1ea1ng m\u1ee5c<\/strong><\/td>\n<td width=\"426\"><strong>Gi\u00e1 tr\u1ecb<\/strong><\/td>\n<\/tr>\n<tr>\n<td width=\"170\"><strong>M\u00f4 t\u1ea3<\/strong><\/td>\n<td width=\"426\"><strong>Portable sealing unit<\/strong> (m\u00e1y h\u00e0n d\u00e2y di \u0111\u1ed9ng) \u2013 <strong>tay h\u00e0n c\u1ea7m tay<\/strong><\/td>\n<\/tr>\n<tr>\n<td width=\"170\"><strong>Catalog<\/strong><\/td>\n<td width=\"426\"><strong>428-SE640<\/strong><\/td>\n<\/tr>\n<tr>\n<td width=\"170\"><strong>C\u00f4ng ngh\u1ec7<\/strong><\/td>\n<td width=\"426\"><strong>Rapid Seal II\u2122<\/strong>, <strong>0,5\u20131,2 s\/m\u1ed1i h\u00e0n<\/strong><\/td>\n<\/tr>\n<tr>\n<td width=\"170\"><strong>\u0110\u01b0\u1eddng k\u00ednh \u1ed1ng t\u1ed1i \u0111a<\/strong><\/td>\n<td width=\"426\"><strong>6 mm (1\/4\u201d)<\/strong><\/td>\n<\/tr>\n<tr>\n<td width=\"170\"><strong>K\u00edch th\u01b0\u1edbc th\u00e2n m\u00e1y<\/strong><\/td>\n<td width=\"426\"><strong>6.1 W \u00d7 1.5 H \u00d7 14.4 D in<\/strong> (\u2248 <strong>156 \u00d7 37 \u00d7 265 mm<\/strong>)<\/td>\n<\/tr>\n<tr>\n<td width=\"170\"><strong>K\u00edch th\u01b0\u1edbc tay h\u00e0n<\/strong><\/td>\n<td width=\"426\"><strong>1.1 W \u00d7 1.8 H \u00d7 8.1 D in<\/strong> (\u2248 <strong>28 \u00d7 44 \u00d7 204 mm<\/strong>)<\/td>\n<\/tr>\n<tr>\n<td width=\"170\"><strong>Kh\u1ed1i l\u01b0\u1ee3ng<\/strong><\/td>\n<td width=\"426\"><strong>4.0 lb (1,8 kg)<\/strong>; tay h\u00e0n <strong>0.5 lb (0,2 kg)<\/strong><\/td>\n<\/tr>\n<tr>\n<td width=\"170\"><strong>C\u00e1p chu\u1ea9n<\/strong><\/td>\n<td width=\"426\"><strong>6 ft<\/strong><\/td>\n<\/tr>\n<tr>\n<td width=\"170\"><strong>Ngu\u1ed3n c\u1ea5p<\/strong><\/td>\n<td width=\"426\"><strong>Pin 12V\/4.5Ah NiMH<\/strong> (s\u1ea1c l\u1ea1i); <strong>Battery Operated<\/strong><\/td>\n<\/tr>\n<tr>\n<td width=\"170\"><strong>Tu\u00e2n th\u1ee7<\/strong><\/td>\n<td width=\"426\"><strong>CE &amp; UL<\/strong><\/td>\n<\/tr>\n<tr>\n<td width=\"170\"><strong>Ghi ch\u00fa<\/strong><\/td>\n<td width=\"426\"><em>Approved for use during a standard donation or apheresis procedure.<\/em><\/td>\n<\/tr>\n<\/tbody>\n<\/table>\n<h3><strong>L\u1ee3i \u00edch v\u1eadn h\u00e0nh cho \u0111\u01a1n v\u1ecb c\u1ee7a b\u1ea1n<\/strong><\/h3>\n<ul>\n<li><strong>C\u01a1 \u0111\u1ed9ng &amp; li\u00ean t\u1ee5c<\/strong>: kh\u00f4ng c\u1ea7n ngu\u1ed3n AC t\u1ea1i ch\u1ed7; <strong>&gt;1.000 m\u1ed1i h\u00e0n\/l\u1ea7n s\u1ea1c<\/strong> gi\u00fap gi\u1ea3m gi\u00e1n \u0111o\u1ea1n.<\/li>\n<li><strong>An to\u00e0n &amp; nh\u1ea5t qu\u00e1n<\/strong>: v\u1ebft h\u00e0n <strong>Notched Seal\u2122<\/strong> d\u1ec5 t\u00e1ch, gi\u1ea3m thao t\u00e1c k\u00e9o c\u0103ng; RF \u201cth\u00f4ng minh\u201d t\u1ed1i \u01b0u cho nhi\u1ec1u c\u1ee1 \u1ed1ng.<\/li>\n<li><strong>S\u1eb5n s\u00e0ng ngay<\/strong>: <strong>kh\u00f4ng c\u1ea7n l\u00e0m n\u00f3ng<\/strong>, <strong>kh\u00f4ng qu\u00e1 nhi\u1ec7t<\/strong> \u2013 ph\u00f9 h\u1ee3p m\u00f4i tr\u01b0\u1eddng l\u01b0u \u0111\u1ed9ng.<\/li>\n<\/ul>\n<h3><strong>H\u01b0\u1edbng d\u1eabn l\u1ef1a ch\u1ecdn &amp; v\u1eadn h\u00e0nh (g\u1ee3i \u00fd)<\/strong><\/h3>\n<ol>\n<li>X\u00e1c nh\u1eadn <strong>k\u00edch th\u01b0\u1edbc \u1ed1ng PVC \u2264 6 mm (OD)<\/strong> theo SOP; ki\u1ec3m tra ch\u1ea5t l\u01b0\u1ee3ng v\u1ebft h\u00e0n theo ca.<\/li>\n<li><strong>S\u1ea1c \u0111\u1ea7y pin<\/strong> tr\u01b0\u1edbc ca l\u00e0m vi\u1ec7c; mang theo <strong>t\u00fai canvas<\/strong> \u0111\u1ec3 di chuy\u1ec3n gi\u1eefa c\u00e1c tr\u1ea1m.<\/li>\n<li>D\u00f9ng <strong>c\u00e1p 6 ft<\/strong> \u0111\u1ec3 thao t\u00e1c thu\u1eadn ti\u1ec7n t\u1ea1i gi\u01b0\u1eddng hi\u1ebfn\/gh\u1ebf apheresis.<\/li>\n<\/ol>\n<h3><strong>\u0110\u1eb7t h\u00e0ng &amp; d\u1ecbch v\u1ee5 t\u1eeb Biogroup Vietnam<\/strong><\/h3>\n<p>Biogroup cung c\u1ea5p <strong>t\u01b0 v\u1ea5n c\u1ea5u h\u00ecnh<\/strong>, <strong>demo t\u1ea1i ch\u1ed7<\/strong>, <strong>l\u1eafp \u0111\u1eb7t \u2013 \u0111\u00e0o t\u1ea1o \u2013 b\u1ea3o tr\u00ec<\/strong> cho <strong>SE640<\/strong>, t\u1ed1i \u01b0u ho\u00e1 v\u1eadn h\u00e0nh t\u1ea1i \u0111i\u1ec3m hi\u1ebfn m\u00e1u, apheresis v\u00e0 c\u00e1c c\u01a1 s\u1edf x\u1eed l\u00fd th\u00e0nh ph\u1ea7n m\u00e1u\/s\u1ea3n ph\u1ea9m t\u1ebf b\u00e0o.<\/p>\n","protected":false},"excerpt":{"rendered":"<p>Genesis Tube Sealer Rapid Seal SE640 \u2013 M\u00e1y h\u00e0n d\u00e2y di \u0111\u1ed9ng d\u00f9ng pin cho ng\u00e2n h\u00e0ng m\u00e1u &amp; apheresis T\u1ed5ng quan SE640 l\u00e0 m\u00e1y h\u00e0n d\u00e2y di \u0111\u1ed9ng (portable sealing unit) v\u1edbi tay h\u00e0n c\u1ea7m tay, v\u1eadn h\u00e0nh b\u1eb1ng pin NiMH s\u1ea1c l\u1ea1i \u2013 ph\u00f9 h\u1ee3p c\u00e1c \u0111i\u1ec3m hi\u1ebfn m\u00e1u l\u01b0u \u0111\u1ed9ng, khu apheresis<\/p>\n<div class=\"klb-readmore post-buttons\"><a class=\"button rounded primary\" href=\"https:\/\/biogroupvietnam.com\/en\/product\/may-han-day-di-dong-dung-pin-genesis-tube-sealer-rapid-seal-se640\/\">Read More <i class=\"klbth-icon-right-arrow\"><\/i><\/a><\/div>\n","protected":false},"featured_media":8950,"comment_status":"open","ping_status":"closed","template":"","meta":{"_acf_changed":false},"product_brand":[123],"product_cat":[168],"product_tag":[],"class_list":{"0":"post-7143","1":"product","2":"type-product","3":"status-publish","4":"has-post-thumbnail","6":"product_brand-genesisbps","7":"product_cat-sealer","9":"first","10":"instock","11":"shipping-taxable","12":"product-type-simple"},"acf":[],"yoast_head":"<!-- This site is optimized with the Yoast SEO plugin v26.8 - https:\/\/yoast.com\/product\/yoast-seo-wordpress\/ -->\n<title>M\u00e1y h\u00e0n d\u00e2y di \u0111\u1ed9ng d\u00f9ng pin - Genesis Tube Sealer Rapid Seal SE640<\/title>\n<meta name=\"description\" content=\"SE640 d\u00f9ng pin NiMH 12V\/4.5Ah, 1.000+ m\u1ed1i h\u00e0n\/l\u1ea7n s\u1ea1c, tay h\u00e0n c\u1ea7m tay, h\u00e0n 0,5\u20131,2 s, Notched Seal\u2122, RF th\u00f4ng minh, CE\/UL. Ph\u00f9 h\u1ee3p hi\u1ebfn m\u00e1u &amp; apheresis.\" \/>\n<meta name=\"robots\" content=\"index, follow, max-snippet:-1, max-image-preview:large, max-video-preview:-1\" \/>\n<link rel=\"canonical\" href=\"http:\/\/Genesis%20Tube%20Sealer%20Rapid%20Seal%20SE640%20\u2013%20M\u00e1y%20h\u00e0n%20d\u00e2y%20di%20\u0111\u1ed9ng%20d\u00f9ng%20pin%20cho%20ng\u00e2n%20h\u00e0ng%20m\u00e1u%20&amp;%20apheresis%20T\u1ed5ng%20quan%20SE640%20l\u00e0%20m\u00e1y%20h\u00e0n%20d\u00e2y%20di%20\u0111\u1ed9ng%20(portable%20sealing%20unit)%20v\u1edbi%20tay%20h\u00e0n%20c\u1ea7m%20tay,%20v\u1eadn%20h\u00e0nh%20b\u1eb1ng%20pin%20NiMH%20s\u1ea1c%20l\u1ea1i%20\u2013%20ph\u00f9%20h\u1ee3p%20c\u00e1c%20\u0111i\u1ec3m%20hi\u1ebfn%20m\u00e1u%20l\u01b0u%20\u0111\u1ed9ng,%20khu%20apheresis&hellip;\" \/>\n<meta property=\"og:locale\" content=\"en_US\" \/>\n<meta property=\"og:type\" content=\"article\" \/>\n<meta property=\"og:title\" content=\"M\u00e1y h\u00e0n d\u00e2y di \u0111\u1ed9ng d\u00f9ng pin - Genesis Tube Sealer Rapid Seal SE640\" \/>\n<meta property=\"og:description\" content=\"SE640 d\u00f9ng pin NiMH 12V\/4.5Ah, 1.000+ m\u1ed1i h\u00e0n\/l\u1ea7n s\u1ea1c, tay h\u00e0n c\u1ea7m tay, h\u00e0n 0,5\u20131,2 s, Notched Seal\u2122, RF th\u00f4ng minh, CE\/UL. Ph\u00f9 h\u1ee3p hi\u1ebfn m\u00e1u &amp; apheresis.\" \/>\n<meta property=\"og:url\" content=\"https:\/\/biogroupvietnam.com\/en\/product\/may-han-day-di-dong-dung-pin-genesis-tube-sealer-rapid-seal-se640\/\" \/>\n<meta property=\"og:site_name\" content=\"Biogroup Vietnam\" \/>\n<meta property=\"article:modified_time\" content=\"2025-11-17T02:08:27+00:00\" \/>\n<meta property=\"og:image\" content=\"https:\/\/biogroupvietnam.com\/wp-content\/uploads\/2025\/09\/Tube-Sealer-Rapid-Seal-SE640.jpg\" \/>\n\t<meta property=\"og:image:width\" content=\"1640\" \/>\n\t<meta property=\"og:image:height\" content=\"1260\" \/>\n\t<meta property=\"og:image:type\" content=\"image\/jpeg\" \/>\n<meta name=\"twitter:card\" content=\"summary_large_image\" \/>\n<meta name=\"twitter:label1\" content=\"Est. reading time\" \/>\n\t<meta name=\"twitter:data1\" content=\"4 minutes\" \/>\n<script type=\"application\/ld+json\" class=\"yoast-schema-graph\">{\"@context\":\"https:\/\/schema.org\",\"@graph\":[{\"@type\":\"WebPage\",\"@id\":\"https:\/\/biogroupvietnam.com\/en\/product\/may-han-day-di-dong-dung-pin-genesis-tube-sealer-rapid-seal-se640\/\",\"url\":\"https:\/\/biogroupvietnam.com\/en\/product\/may-han-day-di-dong-dung-pin-genesis-tube-sealer-rapid-seal-se640\/\",\"name\":\"M\u00e1y h\u00e0n d\u00e2y di \u0111\u1ed9ng d\u00f9ng pin - Genesis Tube Sealer Rapid Seal SE640 | Biogroup Vietnam\",\"isPartOf\":{\"@id\":\"https:\/\/biogroupvietnam.com\/vi\/#website\"},\"primaryImageOfPage\":{\"@id\":\"https:\/\/biogroupvietnam.com\/en\/product\/may-han-day-di-dong-dung-pin-genesis-tube-sealer-rapid-seal-se640\/#primaryimage\"},\"image\":{\"@id\":\"https:\/\/biogroupvietnam.com\/en\/product\/may-han-day-di-dong-dung-pin-genesis-tube-sealer-rapid-seal-se640\/#primaryimage\"},\"thumbnailUrl\":\"https:\/\/biogroupvietnam.com\/wp-content\/uploads\/2025\/09\/Tube-Sealer-Rapid-Seal-SE640.jpg\",\"datePublished\":\"2025-09-29T11:03:14+00:00\",\"dateModified\":\"2025-11-17T02:08:27+00:00\",\"description\":\"SE640 d\u00f9ng pin NiMH 12V\/4.5Ah, 1.000+ m\u1ed1i h\u00e0n\/l\u1ea7n s\u1ea1c, tay h\u00e0n c\u1ea7m tay, h\u00e0n 0,5\u20131,2 s, Notched Seal\u2122, RF th\u00f4ng minh, CE\/UL. Ph\u00f9 h\u1ee3p hi\u1ebfn m\u00e1u & apheresis.\",\"breadcrumb\":{\"@id\":\"https:\/\/biogroupvietnam.com\/en\/product\/may-han-day-di-dong-dung-pin-genesis-tube-sealer-rapid-seal-se640\/#breadcrumb\"},\"inLanguage\":\"en-US\",\"potentialAction\":[{\"@type\":\"ReadAction\",\"target\":[\"https:\/\/biogroupvietnam.com\/en\/product\/may-han-day-di-dong-dung-pin-genesis-tube-sealer-rapid-seal-se640\/\"]}]},{\"@type\":\"ImageObject\",\"inLanguage\":\"en-US\",\"@id\":\"https:\/\/biogroupvietnam.com\/en\/product\/may-han-day-di-dong-dung-pin-genesis-tube-sealer-rapid-seal-se640\/#primaryimage\",\"url\":\"https:\/\/biogroupvietnam.com\/wp-content\/uploads\/2025\/09\/Tube-Sealer-Rapid-Seal-SE640.jpg\",\"contentUrl\":\"https:\/\/biogroupvietnam.com\/wp-content\/uploads\/2025\/09\/Tube-Sealer-Rapid-Seal-SE640.jpg\",\"width\":1640,\"height\":1260},{\"@type\":\"BreadcrumbList\",\"@id\":\"https:\/\/biogroupvietnam.com\/en\/product\/may-han-day-di-dong-dung-pin-genesis-tube-sealer-rapid-seal-se640\/#breadcrumb\",\"itemListElement\":[{\"@type\":\"ListItem\",\"position\":1,\"name\":\"Biogroup Vietnam | End-to-End Biotechnology Solutions\",\"item\":\"https:\/\/biogroupvietnam.com\/vi\/\"},{\"@type\":\"ListItem\",\"position\":2,\"name\":\"Product\",\"item\":\"https:\/\/biogroupvietnam.com\/vi\/san-pham\/\"},{\"@type\":\"ListItem\",\"position\":3,\"name\":\"Cell Processing\",\"item\":\"https:\/\/biogroupvietnam.com\/vi\/danh-muc-san-pham\/xu-ly-te-bao\/\"},{\"@type\":\"ListItem\",\"position\":4,\"name\":\"Sealer\",\"item\":\"https:\/\/biogroupvietnam.com\/vi\/danh-muc-san-pham\/may-han-day\/\"},{\"@type\":\"ListItem\",\"position\":5,\"name\":\"M\u00e1y h\u00e0n d\u00e2y di \u0111\u1ed9ng d\u00f9ng pin - Genesis Tube Sealer Rapid Seal SE640\"}]},{\"@type\":\"WebSite\",\"@id\":\"https:\/\/biogroupvietnam.com\/en\/vi\/#website\",\"url\":\"https:\/\/biogroupvietnam.com\/en\/vi\/\",\"name\":\"Biogroup Vietnam\",\"description\":\"Biogroup Vietnam cung c\u1ea5p d\u1ecbch v\u1ee5 k\u1ef9 thu\u1eadt c\u00f9ng thi\u1ebft b\u1ecb, v\u1eadt t\u01b0, h\u00f3a ch\u1ea5t v\u00e0 gi\u1ea3i ph\u00e1p sinh h\u1ecdc cho ph\u00f2ng th\u00ed nghi\u1ec7m c\u00f4ng ngh\u1ec7 sinh h\u1ecdc, y sinh v\u00e0 y h\u1ecdc t\u00e1i t\u1ea1o.\",\"potentialAction\":[{\"@type\":\"SearchAction\",\"target\":{\"@type\":\"EntryPoint\",\"urlTemplate\":\"https:\/\/biogroupvietnam.com\/en\/vi\/?s={search_term_string}\"},\"query-input\":{\"@type\":\"PropertyValueSpecification\",\"valueRequired\":true,\"valueName\":\"search_term_string\"}}],\"inLanguage\":\"en-US\"}]}<\/script>\n<!-- \/ Yoast SEO plugin. -->","yoast_head_json":{"title":"M\u00e1y h\u00e0n d\u00e2y di \u0111\u1ed9ng d\u00f9ng pin - Genesis Tube Sealer Rapid Seal SE640","description":"SE640 d\u00f9ng pin NiMH 12V\/4.5Ah, 1.000+ m\u1ed1i h\u00e0n\/l\u1ea7n s\u1ea1c, tay h\u00e0n c\u1ea7m tay, h\u00e0n 0,5\u20131,2 s, Notched Seal\u2122, RF th\u00f4ng minh, CE\/UL. Ph\u00f9 h\u1ee3p hi\u1ebfn m\u00e1u & apheresis.","robots":{"index":"index","follow":"follow","max-snippet":"max-snippet:-1","max-image-preview":"max-image-preview:large","max-video-preview":"max-video-preview:-1"},"canonical":"Genesis Tube Sealer Rapid Seal SE640 \u2013 M\u00e1y h\u00e0n d\u00e2y di \u0111\u1ed9ng d\u00f9ng pin cho ng\u00e2n h\u00e0ng m\u00e1u &amp; apheresis T\u1ed5ng quan SE640 l\u00e0 m\u00e1y h\u00e0n d\u00e2y di \u0111\u1ed9ng (portable sealing unit) v\u1edbi tay h\u00e0n c\u1ea7m tay, v\u1eadn h\u00e0nh b\u1eb1ng pin NiMH s\u1ea1c l\u1ea1i \u2013 ph\u00f9 h\u1ee3p c\u00e1c \u0111i\u1ec3m hi\u1ebfn m\u00e1u l\u01b0u \u0111\u1ed9ng, khu apheresis&hellip;","og_locale":"en_US","og_type":"article","og_title":"M\u00e1y h\u00e0n d\u00e2y di \u0111\u1ed9ng d\u00f9ng pin - Genesis Tube Sealer Rapid Seal SE640","og_description":"SE640 d\u00f9ng pin NiMH 12V\/4.5Ah, 1.000+ m\u1ed1i h\u00e0n\/l\u1ea7n s\u1ea1c, tay h\u00e0n c\u1ea7m tay, h\u00e0n 0,5\u20131,2 s, Notched Seal\u2122, RF th\u00f4ng minh, CE\/UL. Ph\u00f9 h\u1ee3p hi\u1ebfn m\u00e1u & apheresis.","og_url":"https:\/\/biogroupvietnam.com\/en\/product\/may-han-day-di-dong-dung-pin-genesis-tube-sealer-rapid-seal-se640\/","og_site_name":"Biogroup Vietnam","article_modified_time":"2025-11-17T02:08:27+00:00","og_image":[{"width":1640,"height":1260,"url":"https:\/\/biogroupvietnam.com\/wp-content\/uploads\/2025\/09\/Tube-Sealer-Rapid-Seal-SE640.jpg","type":"image\/jpeg"}],"twitter_card":"summary_large_image","twitter_misc":{"Est. reading time":"4 minutes"},"schema":{"@context":"https:\/\/schema.org","@graph":[{"@type":"WebPage","@id":"https:\/\/biogroupvietnam.com\/en\/product\/may-han-day-di-dong-dung-pin-genesis-tube-sealer-rapid-seal-se640\/","url":"https:\/\/biogroupvietnam.com\/en\/product\/may-han-day-di-dong-dung-pin-genesis-tube-sealer-rapid-seal-se640\/","name":"M\u00e1y h\u00e0n d\u00e2y di \u0111\u1ed9ng d\u00f9ng pin - Genesis Tube Sealer Rapid Seal SE640 | Biogroup Vietnam","isPartOf":{"@id":"https:\/\/biogroupvietnam.com\/vi\/#website"},"primaryImageOfPage":{"@id":"https:\/\/biogroupvietnam.com\/en\/product\/may-han-day-di-dong-dung-pin-genesis-tube-sealer-rapid-seal-se640\/#primaryimage"},"image":{"@id":"https:\/\/biogroupvietnam.com\/en\/product\/may-han-day-di-dong-dung-pin-genesis-tube-sealer-rapid-seal-se640\/#primaryimage"},"thumbnailUrl":"https:\/\/biogroupvietnam.com\/wp-content\/uploads\/2025\/09\/Tube-Sealer-Rapid-Seal-SE640.jpg","datePublished":"2025-09-29T11:03:14+00:00","dateModified":"2025-11-17T02:08:27+00:00","description":"SE640 d\u00f9ng pin NiMH 12V\/4.5Ah, 1.000+ m\u1ed1i h\u00e0n\/l\u1ea7n s\u1ea1c, tay h\u00e0n c\u1ea7m tay, h\u00e0n 0,5\u20131,2 s, Notched Seal\u2122, RF th\u00f4ng minh, CE\/UL. Ph\u00f9 h\u1ee3p hi\u1ebfn m\u00e1u & apheresis.","breadcrumb":{"@id":"https:\/\/biogroupvietnam.com\/en\/product\/may-han-day-di-dong-dung-pin-genesis-tube-sealer-rapid-seal-se640\/#breadcrumb"},"inLanguage":"en-US","potentialAction":[{"@type":"ReadAction","target":["https:\/\/biogroupvietnam.com\/en\/product\/may-han-day-di-dong-dung-pin-genesis-tube-sealer-rapid-seal-se640\/"]}]},{"@type":"ImageObject","inLanguage":"en-US","@id":"https:\/\/biogroupvietnam.com\/en\/product\/may-han-day-di-dong-dung-pin-genesis-tube-sealer-rapid-seal-se640\/#primaryimage","url":"https:\/\/biogroupvietnam.com\/wp-content\/uploads\/2025\/09\/Tube-Sealer-Rapid-Seal-SE640.jpg","contentUrl":"https:\/\/biogroupvietnam.com\/wp-content\/uploads\/2025\/09\/Tube-Sealer-Rapid-Seal-SE640.jpg","width":1640,"height":1260},{"@type":"BreadcrumbList","@id":"https:\/\/biogroupvietnam.com\/en\/product\/may-han-day-di-dong-dung-pin-genesis-tube-sealer-rapid-seal-se640\/#breadcrumb","itemListElement":[{"@type":"ListItem","position":1,"name":"Biogroup Vietnam | End-to-End Biotechnology Solutions","item":"https:\/\/biogroupvietnam.com\/vi\/"},{"@type":"ListItem","position":2,"name":"Product","item":"https:\/\/biogroupvietnam.com\/vi\/san-pham\/"},{"@type":"ListItem","position":3,"name":"Cell Processing","item":"https:\/\/biogroupvietnam.com\/vi\/danh-muc-san-pham\/xu-ly-te-bao\/"},{"@type":"ListItem","position":4,"name":"Sealer","item":"https:\/\/biogroupvietnam.com\/vi\/danh-muc-san-pham\/may-han-day\/"},{"@type":"ListItem","position":5,"name":"M\u00e1y h\u00e0n d\u00e2y di \u0111\u1ed9ng d\u00f9ng pin - Genesis Tube Sealer Rapid Seal SE640"}]},{"@type":"WebSite","@id":"https:\/\/biogroupvietnam.com\/en\/vi\/#website","url":"https:\/\/biogroupvietnam.com\/en\/vi\/","name":"Biogroup Vietnam","description":"Biogroup Vietnam cung c\u1ea5p d\u1ecbch v\u1ee5 k\u1ef9 thu\u1eadt c\u00f9ng thi\u1ebft b\u1ecb, v\u1eadt t\u01b0, h\u00f3a ch\u1ea5t v\u00e0 gi\u1ea3i ph\u00e1p sinh h\u1ecdc cho ph\u00f2ng th\u00ed nghi\u1ec7m c\u00f4ng ngh\u1ec7 sinh h\u1ecdc, y sinh v\u00e0 y h\u1ecdc t\u00e1i t\u1ea1o.","potentialAction":[{"@type":"SearchAction","target":{"@type":"EntryPoint","urlTemplate":"https:\/\/biogroupvietnam.com\/en\/vi\/?s={search_term_string}"},"query-input":{"@type":"PropertyValueSpecification","valueRequired":true,"valueName":"search_term_string"}}],"inLanguage":"en-US"}]}},"_links":{"self":[{"href":"https:\/\/biogroupvietnam.com\/en\/wp-json\/wp\/v2\/product\/7143","targetHints":{"allow":["GET"]}}],"collection":[{"href":"https:\/\/biogroupvietnam.com\/en\/wp-json\/wp\/v2\/product"}],"about":[{"href":"https:\/\/biogroupvietnam.com\/en\/wp-json\/wp\/v2\/types\/product"}],"replies":[{"embeddable":true,"href":"https:\/\/biogroupvietnam.com\/en\/wp-json\/wp\/v2\/comments?post=7143"}],"version-history":[{"count":5,"href":"https:\/\/biogroupvietnam.com\/en\/wp-json\/wp\/v2\/product\/7143\/revisions"}],"predecessor-version":[{"id":8773,"href":"https:\/\/biogroupvietnam.com\/en\/wp-json\/wp\/v2\/product\/7143\/revisions\/8773"}],"wp:featuredmedia":[{"embeddable":true,"href":"https:\/\/biogroupvietnam.com\/en\/wp-json\/wp\/v2\/media\/8950"}],"wp:attachment":[{"href":"https:\/\/biogroupvietnam.com\/en\/wp-json\/wp\/v2\/media?parent=7143"}],"wp:term":[{"taxonomy":"product_brand","embeddable":true,"href":"https:\/\/biogroupvietnam.com\/en\/wp-json\/wp\/v2\/product_brand?post=7143"},{"taxonomy":"product_cat","embeddable":true,"href":"https:\/\/biogroupvietnam.com\/en\/wp-json\/wp\/v2\/product_cat?post=7143"},{"taxonomy":"product_tag","embeddable":true,"href":"https:\/\/biogroupvietnam.com\/en\/wp-json\/wp\/v2\/product_tag?post=7143"}],"curies":[{"name":"wp","href":"https:\/\/api.w.org\/{rel}","templated":true}]}}