{"id":1437,"date":"2024-09-04T07:08:58","date_gmt":"2024-09-04T07:08:58","guid":{"rendered":"http:\/\/localhost\/bumedi\/?page_id=1437"},"modified":"2026-02-01T11:35:38","modified_gmt":"2026-02-01T04:35:38","slug":"gioi-thieu","status":"publish","type":"page","link":"https:\/\/biogroupvietnam.com\/vi\/gioi-thieu\/","title":{"rendered":"Gi\u1edbi thi\u1ec7u"},"content":{"rendered":"\t\t<div data-elementor-type=\"wp-page\" data-elementor-id=\"1437\" class=\"elementor elementor-1437\">\n\t\t\t\t<div class=\"elementor-element elementor-element-8504736 e-con-full e-flex e-con e-parent\" data-id=\"8504736\" data-element_type=\"container\">\n\t\t\t\t<div class=\"elementor-element elementor-element-2143ac7 elementor-widget__width-inherit elementor-widget elementor-widget-text-editor\" data-id=\"2143ac7\" data-element_type=\"widget\" data-widget_type=\"text-editor.default\">\n\t\t\t\t\t\t\t\t\t<div class=\"site-page-header style m-0 py-3 py-md-5\">\n<div class=\"container\">\n<div class=\"site-page-header-inner text-left\"><nav aria-label=\"breadcrumb\">\n<ol class=\"breadcrumb m-0\">\n \t<li class=\"breadcrumb-item\"><a href=\"\/\">Trang ch\u1ee7<\/a><\/li>\n \t<li class=\"breadcrumb-item active text-secondary\" aria-current=\"page\">Gi\u1edbi thi\u1ec7u<\/li>\n<\/ol>\n<\/nav><\/div>\n<\/div>\n<\/div>\t\t\t\t\t\t\t\t<\/div>\n\t\t\t\t<\/div>\n\t\t<div class=\"elementor-element elementor-element-eee8136 e-flex e-con-boxed e-con e-parent\" data-id=\"eee8136\" data-element_type=\"container\">\n\t\t\t\t\t<div class=\"e-con-inner\">\n\t\t<div class=\"elementor-element elementor-element-0e66ca0 e-grid e-con-full e-con e-child\" data-id=\"0e66ca0\" data-element_type=\"container\">\n\t\t<div class=\"elementor-element elementor-element-bc78144 e-con-full e-flex e-con e-child\" data-id=\"bc78144\" data-element_type=\"container\">\n\t\t\t\t<div class=\"elementor-element elementor-element-74988d6 elementor-widget__width-initial elementor-absolute is-centered elementor-widget elementor-widget-heading\" data-id=\"74988d6\" data-element_type=\"widget\" data-settings=\"{&quot;_position&quot;:&quot;absolute&quot;}\" data-widget_type=\"heading.default\">\n\t\t\t\t\t<p class=\"elementor-heading-title elementor-size-default\">1<\/p>\t\t\t\t<\/div>\n\t\t\t\t<div class=\"elementor-element elementor-element-0679c6d elementor-widget elementor-widget-heading\" data-id=\"0679c6d\" data-element_type=\"widget\" data-widget_type=\"heading.default\">\n\t\t\t\t\t<h2 class=\"elementor-heading-title elementor-size-default\">Gi\u1edbi thi\u1ec7u<\/h2>\t\t\t\t<\/div>\n\t\t\t\t<div class=\"elementor-element elementor-element-baeffe9 elementor-widget-divider--view-line elementor-widget elementor-widget-divider\" data-id=\"baeffe9\" data-element_type=\"widget\" data-widget_type=\"divider.default\">\n\t\t\t\t\t\t\t<div class=\"elementor-divider\">\n\t\t\t<span class=\"elementor-divider-separator\">\n\t\t\t\t\t\t<\/span>\n\t\t<\/div>\n\t\t\t\t\t\t<\/div>\n\t\t\t\t<\/div>\n\t\t\t\t<div class=\"elementor-element elementor-element-d9d0497 elementor-widget elementor-widget-text-editor\" data-id=\"d9d0497\" data-element_type=\"widget\" data-widget_type=\"text-editor.default\">\n\t\t\t\t\t\t\t\t\t<p>C\u00f4ng ty TNHH Biogroup Vietnam, th\u00e0nh l\u1eadp n\u0103m 2017, l\u00e0 doanh nghi\u1ec7p SME c\u00f3 t\u1ed1c \u0111\u1ed9 t\u0103ng tr\u01b0\u1edfng \u1ed5n \u0111\u1ecbnh, chuy\u00ean ph\u00e2n ph\u1ed1i v\u00e0 cung c\u1ea5p d\u1ecbch v\u1ee5 k\u1ef9 thu\u1eadt trong l\u0129nh v\u1ef1c thi\u1ebft b\u1ecb, v\u1eadt t\u01b0, h\u00f3a ch\u1ea5t v\u00e0 gi\u1ea3i ph\u00e1p sinh h\u1ecdc cho c\u00e1c ph\u00f2ng th\u00ed nghi\u1ec7m c\u00f4ng ngh\u1ec7 sinh h\u1ecdc, y sinh v\u00e0 y h\u1ecdc t\u00e1i t\u1ea1o t\u1ea1i Vi\u1ec7t Nam.<\/p><p>V\u1edbi \u0111\u1ecbnh h\u01b0\u1edbng ph\u00e1t tri\u1ec3n b\u1ec1n v\u1eefng v\u00e0 chuy\u00ean s\u00e2u, Biogroup t\u1eadp trung v\u00e0o c\u00e1c ph\u00e2n kh\u00fac th\u1ecb tr\u01b0\u1eddng ng\u00e1ch trong l\u0129nh v\u1ef1c Life Sciences, n\u01a1i ch\u00fang t\u00f4i c\u00f3 th\u1ebf m\u1ea1nh chuy\u00ean m\u00f4n v\u00e0 \u0111am m\u00ea ph\u1ee5ng s\u1ef1 kh\u00e1ch h\u00e0ng. Ch\u00fang t\u00f4i kh\u00f4ng ch\u1ec9 cung c\u1ea5p thi\u1ebft b\u1ecb, m\u00e0 c\u00f2n \u0111\u1ed3ng h\u00e0nh nh\u01b0 m\u1ed9t <strong>\u0111\u1ed1i t\u00e1c gi\u1ea3i ph\u00e1p to\u00e0n di\u1ec7n<\/strong>, h\u1ed7 tr\u1ee3 k\u1ef9 thu\u1eadt tr\u01b0\u1edbc v\u00e0 sau b\u00e1n h\u00e0ng, x\u00e2y d\u1ef1ng quy tr\u00ecnh, \u0111\u00e0o t\u1ea1o \u1ee9ng d\u1ee5ng, v\u00e0 tri\u1ec3n khai ti\u00eau chu\u1ea9n v\u1eadn h\u00e0nh theo chu\u1ea9n GMP\/GLP\/ISO.<\/p><p>Biogroup hi\u1ec7n l\u00e0 \u0111\u1ed1i t\u00e1c ph\u00e2n ph\u1ed1i \u2013 d\u1ecbch v\u1ee5 k\u1ef9 thu\u1eadt ch\u00ednh th\u1ee9c t\u1ea1i Vi\u1ec7t Nam c\u1ee7a nhi\u1ec1u th\u01b0\u01a1ng hi\u1ec7u qu\u1ed1c t\u1ebf uy t\u00edn nh\u01b0: STEMCELL Technologies, Nuaire, ThermoGenesis, MVE Biological Solutions, Origen Biomedical, Protide Biopharmaceuticals, c\u00f9ng c\u00e1c \u0111\u1ed1i t\u00e1c c\u00f4ng ngh\u1ec7 kh\u00e1c \u0111\u1ebfn t\u1eeb M\u1ef9, Canada, \u0110\u1ee9c, H\u00e0n Qu\u1ed1c, \u0110\u00e0i Loan v\u00e0 Trung Qu\u1ed1c.<\/p><p>Ch\u00fang t\u00f4i \u0111\u00e3 tri\u1ec3n khai th\u00e0nh c\u00f4ng h\u00e0ng lo\u1ea1t d\u1ef1 \u00e1n trong c\u00e1c b\u1ec7nh vi\u1ec7n, vi\u1ec7n nghi\u00ean c\u1ee9u, trung t\u00e2m l\u01b0u tr\u1eef t\u1ebf b\u00e0o, c\u00f4ng ty c\u00f4ng ngh\u1ec7 sinh h\u1ecdc v\u00e0 c\u00e1c ph\u00f2ng lab chu\u1ea9n GMP tr\u00ean c\u1ea3 n\u01b0\u1edbc. Hi\u1ec7n t\u1ea1i, Biogroup ph\u1ee5c v\u1ee5 h\u01a1n 50 kh\u00e1ch h\u00e0ng th\u01b0\u1eddng xuy\u00ean t\u1ea1i c\u00e1c khu v\u1ef1c tr\u1ecdng \u0111i\u1ec3m: TP. H\u1ed3 Ch\u00ed Minh, H\u00e0 N\u1ed9i, H\u1ea3i Ph\u00f2ng, \u0110\u00e0 N\u1eb5ng, C\u1ea7n Th\u01a1.<\/p><p>Kh\u1edfi \u0111\u1ea7u v\u1edbi \u0111\u1ed9i ng\u0169 5 ng\u01b0\u1eddi, \u0111\u1ebfn nay Biogroup Vietnam c\u00f3 h\u01a1n 20 nh\u00e2n s\u1ef1 ch\u00ednh th\u1ee9c, bao g\u1ed3m \u0111\u1ed9i ng\u0169 chuy\u00ean gia s\u1ea3n ph\u1ea9m, k\u1ef9 s\u01b0 \u1ee9ng d\u1ee5ng v\u00e0 nh\u00e2n vi\u00ean k\u1ef9 thu\u1eadt \u0111\u01b0\u1ee3c \u0111\u00e0o t\u1ea1o b\u00e0i b\u1ea3n, s\u1eb5n s\u00e0ng \u0111\u00e1p \u1ee9ng y\u00eau c\u1ea7u chuy\u00ean s\u00e2u t\u1eeb th\u1ecb tr\u01b0\u1eddng.<\/p><p>Ng\u01b0\u1eddi s\u00e1ng l\u1eadp Biogroup c\u00f3 tr\u00ean 15 n\u0103m kinh nghi\u1ec7m nghi\u00ean c\u1ee9u, gi\u1ea3ng d\u1ea1y c\u00f4ng ngh\u1ec7 sinh h\u1ecdc t\u1ea1i vi\u1ec7n nghi\u00ean c\u1ee9u, tr\u01b0\u1eddng \u0111\u1ea1i h\u1ecdc, v\u00e0 h\u01a1n 20 n\u0103m ph\u00e1t tri\u1ec3n th\u1ecb tr\u01b0\u1eddng thi\u1ebft b\u1ecb \u2013 v\u1eadt t\u01b0 lab life sciences t\u1ea1i Vi\u1ec7t Nam cho c\u00e1c th\u01b0\u01a1ng hi\u1ec7u h\u00e0ng \u0111\u1ea7u nh\u01b0 GE Biosciences, ThermoGenesis, STEMCELL Technologies, MVE Biological Solutions&#8230;<\/p>\t\t\t\t\t\t\t\t<\/div>\n\t\t\t\t<\/div>\n\t\t\t\t\t<\/div>\n\t\t\t\t<\/div>\n\t\t<div class=\"elementor-element elementor-element-68e2ea0 e-flex e-con-boxed e-con e-parent\" data-id=\"68e2ea0\" data-element_type=\"container\">\n\t\t\t\t\t<div class=\"e-con-inner\">\n\t\t<div class=\"elementor-element elementor-element-cba95cd e-con-full e-flex e-con e-child\" data-id=\"cba95cd\" data-element_type=\"container\">\n\t\t\t\t<div class=\"elementor-element elementor-element-f5d5608 elementor-widget elementor-widget-text-editor\" data-id=\"f5d5608\" data-element_type=\"widget\" data-widget_type=\"text-editor.default\">\n\t\t\t\t\t\t\t\t\t<h2 class=\"title section-title has-text-centered\">T\u1ea7m Nh\u00ecn &amp; S\u1ee9 M\u1ec7nh<\/h2>\t\t\t\t\t\t\t\t<\/div>\n\t\t\t\t<div class=\"elementor-element elementor-element-1983536 elementor-widget-divider--view-line elementor-widget elementor-widget-divider\" data-id=\"1983536\" data-element_type=\"widget\" data-widget_type=\"divider.default\">\n\t\t\t\t\t\t\t<div class=\"elementor-divider\">\n\t\t\t<span class=\"elementor-divider-separator\">\n\t\t\t\t\t\t<\/span>\n\t\t<\/div>\n\t\t\t\t\t\t<\/div>\n\t\t\t\t<div class=\"elementor-element elementor-element-b548241 elementor-widget elementor-widget-text-editor\" data-id=\"b548241\" data-element_type=\"widget\" data-widget_type=\"text-editor.default\">\n\t\t\t\t\t\t\t\t\t<div class=\"section-title-wrapper centered-title\"><p class=\"subtitle is-paddingless-mobile has-text-centered\">Biogroup Vietnam mang \u0111\u1ebfn c\u00e1c gi\u1ea3i ph\u00e1p c\u00f4ng ngh\u1ec7 m\u1edbi &amp; d\u1ecbch v\u1ee5 thi\u1ebft b\u1ecb t\u1ed1i \u01b0u.<\/p><\/div>\t\t\t\t\t\t\t\t<\/div>\n\t\t<div class=\"elementor-element elementor-element-fc43db1 e-grid e-con-full e-con e-child\" data-id=\"fc43db1\" data-element_type=\"container\">\n\t\t\t\t<div class=\"elementor-element elementor-element-1e14b49 elementor-widget elementor-widget-image\" data-id=\"1e14b49\" data-element_type=\"widget\" data-widget_type=\"image.default\">\n\t\t\t\t\t\t\t\t\t\t\t\t\t\t\t<img fetchpriority=\"high\" decoding=\"async\" width=\"484\" height=\"321\" src=\"https:\/\/biogroupvietnam.com\/wp-content\/uploads\/2025\/08\/Photo2_trang_1.jpg\" class=\"attachment-large size-large wp-image-3122\" alt=\"\" srcset=\"https:\/\/biogroupvietnam.com\/wp-content\/uploads\/2025\/08\/Photo2_trang_1.jpg 484w, https:\/\/biogroupvietnam.com\/wp-content\/uploads\/2025\/08\/Photo2_trang_1-300x199.jpg 300w, https:\/\/biogroupvietnam.com\/wp-content\/uploads\/2025\/08\/Photo2_trang_1-81x54.jpg 81w\" sizes=\"(max-width: 484px) 100vw, 484px\" \/>\t\t\t\t\t\t\t\t\t\t\t\t\t\t\t<\/div>\n\t\t\t\t<div class=\"elementor-element elementor-element-127caab elementor-widget elementor-widget-text-editor\" data-id=\"127caab\" data-element_type=\"widget\" data-widget_type=\"text-editor.default\">\n\t\t\t\t\t\t\t\t\t<h4><strong>T\u1ea6M NH\u00ccN<\/strong><\/h4>\n\u0110\u1ebfn n\u0103m 2027, Biogroup tr\u1edf th\u00e0nh m\u1ed9t trong 5 \u0111\u01a1n v\u1ecb h\u00e0ng \u0111\u1ea7u t\u1ea1i Vi\u1ec7t Nam trong t\u01b0 v\u1ea5n v\u00e0 cung c\u1ea5p gi\u1ea3i ph\u00e1p sinh h\u1ecdc chuy\u00ean s\u00e2u, k\u1ebft n\u1ed1i ti\u00eau chu\u1ea9n qu\u1ed1c t\u1ebf v\u1edbi nhu c\u1ea7u th\u1ef1c ti\u1ec5n c\u1ee7a ng\u00e0nh khoa h\u1ecdc s\u1ef1 s\u1ed1ng.\n<h4><strong>S\u1ee8 M\u1ec6NH<\/strong><\/h4>\nK\u1ebft n\u1ed1i \u2013 Ph\u1ee5c v\u1ee5 \u2013 \u0110\u1ed3ng h\u00e0nh c\u00f9ng c\u1ed9ng \u0111\u1ed3ng nghi\u00ean c\u1ee9u khoa h\u1ecdc v\u00e0 y sinh h\u1ecdc th\u00f4ng qua c\u00e1c gi\u1ea3i ph\u00e1p ch\u1ea5t l\u01b0\u1ee3ng, to\u00e0n di\u1ec7n v\u00e0 ch\u00ednh tr\u1ef1c, g\u00f3p ph\u1ea7n th\u00fac \u0111\u1ea9y \u0111\u1ed5i m\u1edbi v\u00e0 ph\u00e1t tri\u1ec3n b\u1ec1n v\u1eefng.\t\t\t\t\t\t\t\t<\/div>\n\t\t\t\t<\/div>\n\t\t\t\t<div class=\"elementor-element elementor-element-928b9ae elementor-widget__width-initial elementor-absolute is-centered elementor-widget elementor-widget-text-editor\" data-id=\"928b9ae\" data-element_type=\"widget\" data-settings=\"{&quot;_position&quot;:&quot;absolute&quot;}\" data-widget_type=\"text-editor.default\">\n\t\t\t\t\t\t\t\t\t<p><strong>2<\/strong><\/p>\t\t\t\t\t\t\t\t<\/div>\n\t\t\t\t<\/div>\n\t\t\t\t\t<\/div>\n\t\t\t\t<\/div>\n\t\t<div class=\"elementor-element elementor-element-9e5e0d1 e-flex e-con-boxed e-con e-parent\" data-id=\"9e5e0d1\" data-element_type=\"container\">\n\t\t\t\t\t<div class=\"e-con-inner\">\n\t\t<div class=\"elementor-element elementor-element-b02a754 e-con-full e-flex e-con e-child\" data-id=\"b02a754\" data-element_type=\"container\">\n\t\t\t\t<div class=\"elementor-element elementor-element-b4b7d41 elementor-widget elementor-widget-text-editor\" data-id=\"b4b7d41\" data-element_type=\"widget\" data-widget_type=\"text-editor.default\">\n\t\t\t\t\t\t\t\t\t<h2 class=\"title section-title has-text-centered\">Gi\u00e1 Tr\u1ecb C\u1ed1t L\u00f5i<\/h2>\t\t\t\t\t\t\t\t<\/div>\n\t\t\t\t<div class=\"elementor-element elementor-element-237dbc1 elementor-widget-divider--view-line elementor-widget elementor-widget-divider\" data-id=\"237dbc1\" data-element_type=\"widget\" data-widget_type=\"divider.default\">\n\t\t\t\t\t\t\t<div class=\"elementor-divider\">\n\t\t\t<span class=\"elementor-divider-separator\">\n\t\t\t\t\t\t<\/span>\n\t\t<\/div>\n\t\t\t\t\t\t<\/div>\n\t\t\t\t<div class=\"elementor-element elementor-element-7c45838 elementor-widget__width-initial elementor-widget elementor-widget-text-editor\" data-id=\"7c45838\" data-element_type=\"widget\" data-widget_type=\"text-editor.default\">\n\t\t\t\t\t\t\t\t\t<div class=\"section-title-wrapper centered-title\">\n<p class=\"subtitle has-text-centered is-paddingless-mobile\">L\u00e0 chu\u1ed7i gi\u00e1 tr\u1ecb c\u1ed1t l\u00f5i \u0111\u00f3ng vai tr\u00f2 nh\u01b0 chi\u1ebfc la b\u00e0n x\u00e1c \u0111\u1ecbnh ph\u01b0\u01a1ng h\u01b0\u1edbng ho\u1ea1t \u0111\u1ed9ng v\u00e0 ph\u00e1t tri\u1ec3n c\u00e1c chi\u1ebfn l\u01b0\u1ee3c kinh doanh c\u1ee7a Biogroup Vietnam. L\u00e0 c\u00e1 t\u00ednh ri\u00eang, c\u0169ng ch\u00ednh l\u00e0 gi\u00e1 tr\u1ecb v\u0103n h\u00f3a c\u1ee7a Biogroup Vietnam.<\/p>\n\n<\/div>\t\t\t\t\t\t\t\t<\/div>\n\t\t\t\t<div class=\"elementor-element elementor-element-3f82b69 elementor-widget__width-initial elementor-absolute is-centered elementor-widget elementor-widget-text-editor\" data-id=\"3f82b69\" data-element_type=\"widget\" data-settings=\"{&quot;_position&quot;:&quot;absolute&quot;}\" data-widget_type=\"text-editor.default\">\n\t\t\t\t\t\t\t\t\t<p><strong>3<\/strong><\/p>\t\t\t\t\t\t\t\t<\/div>\n\t\t\t\t<\/div>\n\t\t\t\t\t<\/div>\n\t\t\t\t<\/div>\n\t\t<div class=\"elementor-element elementor-element-58a1f34 e-grid e-con-boxed e-con e-parent\" data-id=\"58a1f34\" data-element_type=\"container\">\n\t\t\t\t\t<div class=\"e-con-inner\">\n\t\t\t\t<div class=\"elementor-element elementor-element-e03160b elementor-widget elementor-widget-image\" data-id=\"e03160b\" data-element_type=\"widget\" data-widget_type=\"image.default\">\n\t\t\t\t\t\t\t\t\t\t\t\t\t\t\t<img decoding=\"async\" width=\"960\" height=\"679\" src=\"https:\/\/biogroupvietnam.com\/wp-content\/uploads\/2025\/08\/Core-values-2-1024x724.png\" class=\"attachment-large size-large wp-image-4756\" alt=\"\" srcset=\"https:\/\/biogroupvietnam.com\/wp-content\/uploads\/2025\/08\/Core-values-2-1024x724.png 1024w, https:\/\/biogroupvietnam.com\/wp-content\/uploads\/2025\/08\/Core-values-2-300x212.png 300w, https:\/\/biogroupvietnam.com\/wp-content\/uploads\/2025\/08\/Core-values-2-768x543.png 768w, https:\/\/biogroupvietnam.com\/wp-content\/uploads\/2025\/08\/Core-values-2-1536x1086.png 1536w, https:\/\/biogroupvietnam.com\/wp-content\/uploads\/2025\/08\/Core-values-2-600x424.png 600w, https:\/\/biogroupvietnam.com\/wp-content\/uploads\/2025\/08\/Core-values-2-76x54.png 76w, https:\/\/biogroupvietnam.com\/wp-content\/uploads\/2025\/08\/Core-values-2.png 2000w\" sizes=\"(max-width: 960px) 100vw, 960px\" \/>\t\t\t\t\t\t\t\t\t\t\t\t\t\t\t<\/div>\n\t\t\t\t<div class=\"elementor-element elementor-element-75a599c elementor-widget elementor-widget-text-editor\" data-id=\"75a599c\" data-element_type=\"widget\" data-widget_type=\"text-editor.default\">\n\t\t\t\t\t\t\t\t\t<ol>\n \t<li><b>\u0110am m\u00ea ph\u1ee5ng s\u1ef1<\/b><span style=\"font-weight: 400;\"> \u2013 Mang \u0111\u1ebfn c\u00e1c gi\u1ea3i ph\u00e1p sinh h\u1ecdc ti\u00ean ti\u1ebfn, k\u1ebft n\u1ed1i ti\u00eau chu\u1ea9n qu\u1ed1c t\u1ebf v\u1edbi nhu c\u1ea7u th\u1ef1c ti\u1ec5n c\u1ee7a kh\u00e1ch h\u00e0ng.<\/span><\/li>\n \t<li><b>K\u1ebft n\u1ed1i<\/b><span style=\"font-weight: 400;\"> \u2013 X\u00e2y d\u1ef1ng c\u1ea7u n\u1ed1i gi\u1eefa \u0111\u1ed1i t\u00e1c, kh\u00e1ch h\u00e0ng v\u00e0 c\u1ed9ng \u0111\u1ed3ng khoa h\u1ecdc.<\/span><\/li>\n \t<li><b>Ch\u00ednh tr\u1ef1c<\/b><span style=\"font-weight: 400;\"> \u2013 Minh b\u1ea1ch, \u0111\u00e1ng tin c\u1eady trong m\u1ecdi ho\u1ea1t \u0111\u1ed9ng.<\/span><\/li>\n \t<li><b>Chuy\u00ean nghi\u1ec7p<\/b><span style=\"font-weight: 400;\"> \u2013 Ti\u00eau chu\u1ea9n cao trong s\u1ea3n ph\u1ea9m, d\u1ecbch v\u1ee5 v\u00e0 t\u00e1c phong l\u00e0m vi\u1ec7c.<\/span><\/li>\n \t<li><b>Tr\u00e1ch nhi\u1ec7m<\/b><span style=\"font-weight: 400;\"> \u2013 Cam k\u1ebft v\u1edbi ch\u1ea5t l\u01b0\u1ee3ng, ti\u1ebfn \u0111\u1ed9 v\u00e0 k\u1ebft qu\u1ea3.<\/span><\/li>\n \t<li><b>Ph\u00e1t tri\u1ec3n kh\u00f4ng ng\u1eebng<\/b><span style=\"font-weight: 400;\"> \u2013 Li\u00ean t\u1ee5c c\u1ea3i ti\u1ebfn v\u00e0 h\u1ecdc h\u1ecfi.<\/span><\/li>\n \t<li><b>T\u0103ng tr\u01b0\u1edfng qua th\u1eed th\u00e1ch<\/b><span style=\"font-weight: 400;\"> \u2013 Xem kh\u00f3 kh\u0103n l\u00e0 c\u01a1 h\u1ed9i \u0111\u1ec3 b\u1ee9t ph\u00e1.<\/span><\/li>\n<\/ol>\t\t\t\t\t\t\t\t<\/div>\n\t\t\t\t\t<\/div>\n\t\t\t\t<\/div>\n\t\t\t\t<\/div>\n\t\t","protected":false},"excerpt":{"rendered":"<p>Trang ch\u1ee7 Gi\u1edbi thi\u1ec7u 1 Gi\u1edbi thi\u1ec7u C\u00f4ng ty TNHH Biogroup Vietnam, th\u00e0nh l\u1eadp n\u0103m 2017, l\u00e0 doanh nghi\u1ec7p SME c\u00f3 t\u1ed1c \u0111\u1ed9 t\u0103ng tr\u01b0\u1edfng \u1ed5n \u0111\u1ecbnh, chuy\u00ean ph\u00e2n ph\u1ed1i v\u00e0 cung c\u1ea5p d\u1ecbch v\u1ee5 k\u1ef9 thu\u1eadt trong l\u0129nh v\u1ef1c thi\u1ebft b\u1ecb, v\u1eadt t\u01b0, h\u00f3a ch\u1ea5t v\u00e0 gi\u1ea3i ph\u00e1p sinh h\u1ecdc cho c\u00e1c ph\u00f2ng th\u00ed<\/p>\n<div class=\"klb-readmore post-buttons\"><a class=\"button rounded primary\" href=\"https:\/\/biogroupvietnam.com\/vi\/gioi-thieu\/\">Read More <i class=\"klbth-icon-right-arrow\"><\/i><\/a><\/div>\n","protected":false},"author":1,"featured_media":0,"parent":0,"menu_order":0,"comment_status":"closed","ping_status":"closed","template":"","meta":{"_acf_changed":false,"footnotes":""},"class_list":["post-1437","page","type-page","status-publish","hentry"],"acf":[],"yoast_head":"<!-- This site is optimized with the Yoast SEO plugin v26.8 - https:\/\/yoast.com\/product\/yoast-seo-wordpress\/ -->\n<title>Gi\u1edbi thi\u1ec7u | Biogroup Vietnam<\/title>\n<meta name=\"description\" content=\"Biogroup hi\u1ec7n l\u00e0 \u0111\u1ed1i t\u00e1c ph\u00e2n ph\u1ed1i \u2013 d\u1ecbch v\u1ee5 k\u1ef9 thu\u1eadt ch\u00ednh th\u1ee9c t\u1ea1i Vi\u1ec7t Nam c\u1ee7a nhi\u1ec1u th\u01b0\u01a1ng hi\u1ec7u qu\u1ed1c t\u1ebf uy t\u00edn trong l\u0129nh v\u1ef1c Life Sciences.\" \/>\n<meta name=\"robots\" content=\"index, follow, max-snippet:-1, max-image-preview:large, max-video-preview:-1\" \/>\n<link rel=\"canonical\" href=\"https:\/\/biogroupvietnam.com\/vi\/gioi-thieu\/\" \/>\n<meta property=\"og:locale\" content=\"vi_VN\" \/>\n<meta property=\"og:type\" content=\"article\" \/>\n<meta property=\"og:title\" content=\"Gi\u1edbi thi\u1ec7u | Biogroup Vietnam\" \/>\n<meta property=\"og:description\" content=\"Biogroup hi\u1ec7n l\u00e0 \u0111\u1ed1i t\u00e1c ph\u00e2n ph\u1ed1i \u2013 d\u1ecbch v\u1ee5 k\u1ef9 thu\u1eadt ch\u00ednh th\u1ee9c t\u1ea1i Vi\u1ec7t Nam c\u1ee7a nhi\u1ec1u th\u01b0\u01a1ng hi\u1ec7u qu\u1ed1c t\u1ebf uy t\u00edn trong l\u0129nh v\u1ef1c Life Sciences.\" \/>\n<meta property=\"og:url\" content=\"https:\/\/biogroupvietnam.com\/vi\/gioi-thieu\/\" \/>\n<meta property=\"og:site_name\" content=\"Biogroup Vietnam\" \/>\n<meta property=\"article:modified_time\" content=\"2026-02-01T04:35:38+00:00\" \/>\n<meta property=\"og:image\" content=\"https:\/\/biogroupvietnam.com\/wp-content\/uploads\/2025\/08\/Photo2_trang_1.jpg\" \/>\n<meta name=\"twitter:card\" content=\"summary_large_image\" \/>\n<meta name=\"twitter:label1\" content=\"\u01af\u1edbc t\u00ednh th\u1eddi gian \u0111\u1ecdc\" \/>\n\t<meta name=\"twitter:data1\" content=\"4 ph\u00fat\" \/>\n<script type=\"application\/ld+json\" class=\"yoast-schema-graph\">{\"@context\":\"https:\/\/schema.org\",\"@graph\":[{\"@type\":\"WebPage\",\"@id\":\"https:\/\/biogroupvietnam.com\/vi\/gioi-thieu\/\",\"url\":\"https:\/\/biogroupvietnam.com\/vi\/gioi-thieu\/\",\"name\":\"Gi\u1edbi thi\u1ec7u | Biogroup Vietnam\",\"isPartOf\":{\"@id\":\"https:\/\/biogroupvietnam.com\/vi\/#website\"},\"primaryImageOfPage\":{\"@id\":\"https:\/\/biogroupvietnam.com\/vi\/gioi-thieu\/#primaryimage\"},\"image\":{\"@id\":\"https:\/\/biogroupvietnam.com\/vi\/gioi-thieu\/#primaryimage\"},\"thumbnailUrl\":\"https:\/\/biogroupvietnam.com\/wp-content\/uploads\/2025\/08\/Photo2_trang_1.jpg\",\"datePublished\":\"2024-09-04T07:08:58+00:00\",\"dateModified\":\"2026-02-01T04:35:38+00:00\",\"description\":\"Biogroup hi\u1ec7n l\u00e0 \u0111\u1ed1i t\u00e1c ph\u00e2n ph\u1ed1i \u2013 d\u1ecbch v\u1ee5 k\u1ef9 thu\u1eadt ch\u00ednh th\u1ee9c t\u1ea1i Vi\u1ec7t Nam c\u1ee7a nhi\u1ec1u th\u01b0\u01a1ng hi\u1ec7u qu\u1ed1c t\u1ebf uy t\u00edn trong l\u0129nh v\u1ef1c Life Sciences.\",\"breadcrumb\":{\"@id\":\"https:\/\/biogroupvietnam.com\/vi\/gioi-thieu\/#breadcrumb\"},\"inLanguage\":\"vi\",\"potentialAction\":[{\"@type\":\"ReadAction\",\"target\":[\"https:\/\/biogroupvietnam.com\/vi\/gioi-thieu\/\"]}]},{\"@type\":\"ImageObject\",\"inLanguage\":\"vi\",\"@id\":\"https:\/\/biogroupvietnam.com\/vi\/gioi-thieu\/#primaryimage\",\"url\":\"https:\/\/biogroupvietnam.com\/wp-content\/uploads\/2025\/08\/Photo2_trang_1.jpg\",\"contentUrl\":\"https:\/\/biogroupvietnam.com\/wp-content\/uploads\/2025\/08\/Photo2_trang_1.jpg\"},{\"@type\":\"BreadcrumbList\",\"@id\":\"https:\/\/biogroupvietnam.com\/vi\/gioi-thieu\/#breadcrumb\",\"itemListElement\":[{\"@type\":\"ListItem\",\"position\":1,\"name\":\"Trang ch\u1ee7\",\"item\":\"https:\/\/biogroupvietnam.com\/vi\/\"},{\"@type\":\"ListItem\",\"position\":2,\"name\":\"Gi\u1edbi thi\u1ec7u\"}]},{\"@type\":\"WebSite\",\"@id\":\"https:\/\/biogroupvietnam.com\/vi\/#website\",\"url\":\"https:\/\/biogroupvietnam.com\/vi\/\",\"name\":\"Biogroup Vietnam\",\"description\":\"Biogroup Vietnam cung c\u1ea5p d\u1ecbch v\u1ee5 k\u1ef9 thu\u1eadt c\u00f9ng thi\u1ebft b\u1ecb, v\u1eadt t\u01b0, h\u00f3a ch\u1ea5t v\u00e0 gi\u1ea3i ph\u00e1p sinh h\u1ecdc cho ph\u00f2ng th\u00ed nghi\u1ec7m c\u00f4ng ngh\u1ec7 sinh h\u1ecdc, y sinh v\u00e0 y h\u1ecdc t\u00e1i t\u1ea1o.\",\"potentialAction\":[{\"@type\":\"SearchAction\",\"target\":{\"@type\":\"EntryPoint\",\"urlTemplate\":\"https:\/\/biogroupvietnam.com\/vi\/?s={search_term_string}\"},\"query-input\":{\"@type\":\"PropertyValueSpecification\",\"valueRequired\":true,\"valueName\":\"search_term_string\"}}],\"inLanguage\":\"vi\"}]}<\/script>\n<!-- \/ Yoast SEO plugin. -->","yoast_head_json":{"title":"Gi\u1edbi thi\u1ec7u | Biogroup Vietnam","description":"Biogroup hi\u1ec7n l\u00e0 \u0111\u1ed1i t\u00e1c ph\u00e2n ph\u1ed1i \u2013 d\u1ecbch v\u1ee5 k\u1ef9 thu\u1eadt ch\u00ednh th\u1ee9c t\u1ea1i Vi\u1ec7t Nam c\u1ee7a nhi\u1ec1u th\u01b0\u01a1ng hi\u1ec7u qu\u1ed1c t\u1ebf uy t\u00edn trong l\u0129nh v\u1ef1c Life Sciences.","robots":{"index":"index","follow":"follow","max-snippet":"max-snippet:-1","max-image-preview":"max-image-preview:large","max-video-preview":"max-video-preview:-1"},"canonical":"https:\/\/biogroupvietnam.com\/vi\/gioi-thieu\/","og_locale":"vi_VN","og_type":"article","og_title":"Gi\u1edbi thi\u1ec7u | Biogroup Vietnam","og_description":"Biogroup hi\u1ec7n l\u00e0 \u0111\u1ed1i t\u00e1c ph\u00e2n ph\u1ed1i \u2013 d\u1ecbch v\u1ee5 k\u1ef9 thu\u1eadt ch\u00ednh th\u1ee9c t\u1ea1i Vi\u1ec7t Nam c\u1ee7a nhi\u1ec1u th\u01b0\u01a1ng hi\u1ec7u qu\u1ed1c t\u1ebf uy t\u00edn trong l\u0129nh v\u1ef1c Life Sciences.","og_url":"https:\/\/biogroupvietnam.com\/vi\/gioi-thieu\/","og_site_name":"Biogroup Vietnam","article_modified_time":"2026-02-01T04:35:38+00:00","og_image":[{"url":"https:\/\/biogroupvietnam.com\/wp-content\/uploads\/2025\/08\/Photo2_trang_1.jpg","type":"","width":"","height":""}],"twitter_card":"summary_large_image","twitter_misc":{"\u01af\u1edbc t\u00ednh th\u1eddi gian \u0111\u1ecdc":"4 ph\u00fat"},"schema":{"@context":"https:\/\/schema.org","@graph":[{"@type":"WebPage","@id":"https:\/\/biogroupvietnam.com\/vi\/gioi-thieu\/","url":"https:\/\/biogroupvietnam.com\/vi\/gioi-thieu\/","name":"Gi\u1edbi thi\u1ec7u | Biogroup Vietnam","isPartOf":{"@id":"https:\/\/biogroupvietnam.com\/vi\/#website"},"primaryImageOfPage":{"@id":"https:\/\/biogroupvietnam.com\/vi\/gioi-thieu\/#primaryimage"},"image":{"@id":"https:\/\/biogroupvietnam.com\/vi\/gioi-thieu\/#primaryimage"},"thumbnailUrl":"https:\/\/biogroupvietnam.com\/wp-content\/uploads\/2025\/08\/Photo2_trang_1.jpg","datePublished":"2024-09-04T07:08:58+00:00","dateModified":"2026-02-01T04:35:38+00:00","description":"Biogroup hi\u1ec7n l\u00e0 \u0111\u1ed1i t\u00e1c ph\u00e2n ph\u1ed1i \u2013 d\u1ecbch v\u1ee5 k\u1ef9 thu\u1eadt ch\u00ednh th\u1ee9c t\u1ea1i Vi\u1ec7t Nam c\u1ee7a nhi\u1ec1u th\u01b0\u01a1ng hi\u1ec7u qu\u1ed1c t\u1ebf uy t\u00edn trong l\u0129nh v\u1ef1c Life Sciences.","breadcrumb":{"@id":"https:\/\/biogroupvietnam.com\/vi\/gioi-thieu\/#breadcrumb"},"inLanguage":"vi","potentialAction":[{"@type":"ReadAction","target":["https:\/\/biogroupvietnam.com\/vi\/gioi-thieu\/"]}]},{"@type":"ImageObject","inLanguage":"vi","@id":"https:\/\/biogroupvietnam.com\/vi\/gioi-thieu\/#primaryimage","url":"https:\/\/biogroupvietnam.com\/wp-content\/uploads\/2025\/08\/Photo2_trang_1.jpg","contentUrl":"https:\/\/biogroupvietnam.com\/wp-content\/uploads\/2025\/08\/Photo2_trang_1.jpg"},{"@type":"BreadcrumbList","@id":"https:\/\/biogroupvietnam.com\/vi\/gioi-thieu\/#breadcrumb","itemListElement":[{"@type":"ListItem","position":1,"name":"Trang ch\u1ee7","item":"https:\/\/biogroupvietnam.com\/vi\/"},{"@type":"ListItem","position":2,"name":"Gi\u1edbi thi\u1ec7u"}]},{"@type":"WebSite","@id":"https:\/\/biogroupvietnam.com\/vi\/#website","url":"https:\/\/biogroupvietnam.com\/vi\/","name":"Biogroup Vietnam","description":"Biogroup Vietnam cung c\u1ea5p d\u1ecbch v\u1ee5 k\u1ef9 thu\u1eadt c\u00f9ng thi\u1ebft b\u1ecb, v\u1eadt t\u01b0, h\u00f3a ch\u1ea5t v\u00e0 gi\u1ea3i ph\u00e1p sinh h\u1ecdc cho ph\u00f2ng th\u00ed nghi\u1ec7m c\u00f4ng ngh\u1ec7 sinh h\u1ecdc, y sinh v\u00e0 y h\u1ecdc t\u00e1i t\u1ea1o.","potentialAction":[{"@type":"SearchAction","target":{"@type":"EntryPoint","urlTemplate":"https:\/\/biogroupvietnam.com\/vi\/?s={search_term_string}"},"query-input":{"@type":"PropertyValueSpecification","valueRequired":true,"valueName":"search_term_string"}}],"inLanguage":"vi"}]}},"_links":{"self":[{"href":"https:\/\/biogroupvietnam.com\/vi\/wp-json\/wp\/v2\/pages\/1437","targetHints":{"allow":["GET"]}}],"collection":[{"href":"https:\/\/biogroupvietnam.com\/vi\/wp-json\/wp\/v2\/pages"}],"about":[{"href":"https:\/\/biogroupvietnam.com\/vi\/wp-json\/wp\/v2\/types\/page"}],"author":[{"embeddable":true,"href":"https:\/\/biogroupvietnam.com\/vi\/wp-json\/wp\/v2\/users\/1"}],"replies":[{"embeddable":true,"href":"https:\/\/biogroupvietnam.com\/vi\/wp-json\/wp\/v2\/comments?post=1437"}],"version-history":[{"count":188,"href":"https:\/\/biogroupvietnam.com\/vi\/wp-json\/wp\/v2\/pages\/1437\/revisions"}],"predecessor-version":[{"id":9669,"href":"https:\/\/biogroupvietnam.com\/vi\/wp-json\/wp\/v2\/pages\/1437\/revisions\/9669"}],"wp:attachment":[{"href":"https:\/\/biogroupvietnam.com\/vi\/wp-json\/wp\/v2\/media?parent=1437"}],"curies":[{"name":"wp","href":"https:\/\/api.w.org\/{rel}","templated":true}]}}