{"id":3581,"date":"2025-08-18T19:51:17","date_gmt":"2025-08-18T12:51:17","guid":{"rendered":"http:\/\/biogroupvietnam-worldpress.local\/product\/import-placeholder-for-1\/"},"modified":"2025-11-18T09:23:39","modified_gmt":"2025-11-18T02:23:39","slug":"he-thong-axp-ii","status":"publish","type":"product","link":"https:\/\/biogroupvietnam.com\/vi\/san-pham\/he-thong-axp-ii\/","title":{"rendered":"H\u1ec7 Th\u1ed1ng AXP\u00ae II X\u1eed L\u00fd M\u00e1u Cu\u1ed1ng R\u1ed1n T\u1ef1 \u0110\u1ed9ng"},"content":{"rendered":"<h3><strong>H\u1ec7 th\u1ed1ng AXP\u00ae II \u2013 Gi\u1ea3i ph\u00e1p x\u1eed l\u00fd m\u00e1u cu\u1ed1ng r\u1ed1n t\u1ef1 \u0111\u1ed9ng, kh\u00e9p k\u00edn cho ng\u00e2n h\u00e0ng t\u1ebf b\u00e0o g\u1ed1c<\/strong><\/h3>\n<p><strong>T\u1ed1i \u01b0u thu h\u1ed3i t\u1ebf b\u00e0o \u0111\u01a1n nh\u00e2n (MNC) &gt;97%*, gi\u1ea3m th\u1ec3 t\u00edch nhanh trong ~30 ph\u00fat, theo d\u00f5i d\u1eef li\u1ec7u ch\u00ednh x\u00e1c \u2013 t\u1ea5t c\u1ea3 trong m\u1ed9t h\u1ec7 th\u1ed1ng t\u1ef1 \u0111\u1ed9ng, an to\u00e0n.<\/strong><\/p>\n<h4><strong>T\u00f3m t\u1eaft gi\u00e1 tr\u1ecb c\u1ee7a h\u1ec7 th\u1ed1ng AXP\u00ae II<\/strong><\/h4>\n<ul>\n<li><strong>T\u1ef1 \u0111\u1ed9ng &amp; kh\u00e9p k\u00edn:<\/strong> h\u1ea1n ch\u1ebf \u00f4 nhi\u1ec5m ch\u00e9o, thao t\u00e1c \u201chands-free\u201d.<\/li>\n<li><strong>T\u00e1ch l\u1edbp ch\u00ednh x\u00e1c b\u1eb1ng c\u1ea3m bi\u1ebfn quang:<\/strong> \u0111\u1ea3m b\u1ea3o ph\u00e2n t\u00e1ch h\u1ed3ng c\u1ea7u, buffy coat v\u00e0 huy\u1ebft t\u01b0\u01a1ng chu\u1ea9n x\u00e1c.<\/li>\n<li><strong>Thu h\u1ed3i MNC nh\u1ea5t qu\u00e1n, &gt;97%<\/strong>* v\u00e0 <strong>gi\u1ea3m th\u1ec3 t\u00edch theo c\u1ea5u h\u00ecnh ng\u01b0\u1eddi d\u00f9ng trong ~30 ph\u00fat<\/strong>.<\/li>\n<li><strong>D\u00f2ng vi\u1ec7c tinh g\u1ecdn:<\/strong> x\u1eed l\u00fd \u0111\u1ed3ng th\u1eddi <strong>t\u1ed1i \u0111a 6 m\u1eabu<\/strong>, l\u1ea5y m\u1eabu <strong>in-line<\/strong> v\u00f4 tr\u00f9ng.<\/li>\n<li><strong>Qu\u1ea3n tr\u1ecb d\u1eef li\u1ec7u &amp; truy xu\u1ea5t:<\/strong> ph\u1ea7n m\u1ec1m <strong>XpressTRAK\u00ae<\/strong> h\u1ed7 tr\u1ee3 tu\u00e2n th\u1ee7 <strong>cGMP\/cGTP<\/strong>.<\/li>\n<li><strong>Ch\u1ee7 \u0111\u1ed9ng ngu\u1ed3n \u0111i\u1ec7n:<\/strong> thi\u1ebft b\u1ecb <strong>t\u1ef1 c\u1ea5p ngu\u1ed3n<\/strong> b\u1eb1ng pin s\u1ea1c Ni-MH.<\/li>\n<\/ul>\n<p>*Ngu\u1ed3n: New York Blood Center, MNC recovery 97.9% \u00b14.9%.<\/p>\n<h4><strong>AXP\u00ae II gi\u1ea3i quy\u1ebft \u0111i\u1ec1u g\u00ec cho ng\u00e2n h\u00e0ng m\u00e1u cu\u1ed1ng r\u1ed1n?<\/strong><\/h4>\n<p>Trong quy tr\u00ecnh x\u1eed l\u00fd \u0111\u01a1n v\u1ecb m\u00e1u cu\u1ed1ng r\u1ed1n, vi\u1ec7c <strong>gi\u1ea3m th\u1ec3 t\u00edch nhanh nh\u01b0ng v\u1eabn b\u1ea3o to\u00e0n t\u1ed1i \u0111a MNC<\/strong> l\u00e0 y\u1ebfu t\u1ed1 quy\u1ebft \u0111\u1ecbnh ch\u1ea5t l\u01b0\u1ee3ng l\u01b0u tr\u1eef\/gh\u00e9p sau n\u00e0y. <strong>AXP\u00ae II<\/strong> chu\u1ea9n h\u00f3a c\u00e1c b\u01b0\u1edbc ly t\u00e2m \u2013 ph\u00e2n t\u1ea7ng \u2013 thu ho\u1ea1ch th\u00e0nh <strong>quy tr\u00ecnh t\u1ef1 \u0111\u1ed9ng, kh\u00e9p k\u00edn<\/strong>, t\u1eeb \u0111\u00f3:<\/p>\n<ul>\n<li><strong>Gi\u1ea3m sai s\u1ed1 thao t\u00e1c<\/strong> gi\u1eefa k\u1ef9 thu\u1eadt vi\u00ean.<\/li>\n<li><strong>T\u0103ng t\u00ednh t\u00e1i l\u1eadp k\u1ebft qu\u1ea3<\/strong> gi\u1eefa c\u00e1c l\u00f4 m\u1eabu.<\/li>\n<li><strong>Chu\u1ea9n h\u00f3a th\u1ec3 t\u00edch \u0111\u00f4ng l\u1ea1nh cu\u1ed1i<\/strong> \u2192 d\u1ec5 thi\u1ebft l\u1eadp quy tr\u00ecnh c\u1ea5p \u0111\u00f4ng ti\u00eau chu\u1ea9n.<\/li>\n<\/ul>\n<p><strong>Nguy\u00ean l\u00fd thao t\u00e1c:<\/strong> m\u00e1u cu\u1ed1ng r\u1ed1n t\u1eeb t\u00fai thu th\u1eadp chu\u1ea9n \u0111\u01b0\u1ee3c chuy\u1ec3n sang <strong>b\u1ed9 kit x\u1eed l\u00fd<\/strong>, \u0111\u1eb7t v\u00e0o thi\u1ebft b\u1ecb AXP\u00ae II \u0111\u1ec3 ly t\u00e2m. Sau ly t\u00e2m, m\u00e1u ph\u00e2n th\u00e0nh <strong>RBC \u2013 buffy coat \u2013 plasma<\/strong> v\u00e0 \u0111\u01b0\u1ee3c <strong>thu ho\u1ea1ch v\u00e0o c\u00e1c t\u00fai ri\u00eang<\/strong>.<\/p>\n<h4><strong>T\u00ednh n\u0103ng n\u1ed5i b\u1eadt c\u1ee7a h\u1ec7 th\u1ed1ng AXP\u00ae II<\/strong><\/h4>\n<ul>\n<li><strong>Hands-free &amp; an to\u00e0n sinh h\u1ecdc:<\/strong> h\u1ec7 kh\u00e9p k\u00edn, <strong>l\u1ea5y m\u1eabu v\u00f4 tr\u00f9ng in-line<\/strong>.<\/li>\n<li><strong>\u0110\u1ed9 ch\u00ednh x\u00e1c cao:<\/strong> <strong>c\u1ea3m bi\u1ebfn quang \u0111i\u1ec1u khi\u1ec3n l\u01b0u l\u01b0\u1ee3ng<\/strong> cho ph\u00e2n t\u00e1ch ch\u00ednh x\u00e1c.<\/li>\n<li><strong>T\u1ed1c \u0111\u1ed9 &amp; c\u00f4ng su\u1ea5t:<\/strong> gi\u1ea3m th\u1ec3 t\u00edch v\u1ec1 <strong>th\u1ec3 t\u00edch cu\u1ed1i do ng\u01b0\u1eddi d\u00f9ng \u0111\u1ecbnh ngh\u0129a ~30 ph\u00fat<\/strong>, x\u1eed l\u00fd <strong>\u0111\u1ed3ng th\u1eddi 6 m\u1eabu<\/strong>.<\/li>\n<li><strong>D\u1eef li\u1ec7u &amp; tu\u00e2n th\u1ee7:<\/strong> <strong>XpressTRAK\u00ae<\/strong> cung c\u1ea5p theo d\u00f5i nhanh \u2013 ch\u00ednh x\u00e1c, h\u1ed7 tr\u1ee3 <strong>cGMP\/cGTP<\/strong>.<\/li>\n<li><strong>Gi\u1ea3i ph\u00e1p tr\u1ecdn h\u1ec7:<\/strong> <strong>thi\u1ebft b\u1ecb AXP\u00ae II, \u0111\u1ebf s\u1ea1c\/docking station, b\u1ed9 kit x\u1eed l\u00fd, ph\u1ea7n m\u1ec1m<\/strong> \u2013 \u0111\u1ed3ng b\u1ed9 t\u1eeb m\u1ed9t nh\u00e0 s\u1ea3n xu\u1ea5t.<\/li>\n<\/ul>\n<h4><strong>Th\u00f4ng s\u1ed1 k\u1ef9 thu\u1eadt ch\u00ednh c\u1ee7a h\u1ec7 th\u1ed1ng AXP\u00ae II<\/strong><\/h4>\n<h5><strong>Thi\u1ebft b\u1ecb AXP\u00ae II<\/strong><\/h5>\n<ul>\n<li>K\u00edch th\u01b0\u1edbc <strong>D: 9.8 cm<\/strong>, <strong>C: 20.5 cm<\/strong>; <strong>kh\u1ed1i l\u01b0\u1ee3ng ~1.0 kg<\/strong> (k\u00e8m n\u1eafp b\u00f9 tr\u1ecdng).<\/li>\n<li><strong>Ngu\u1ed3n DC 3.6 V<\/strong>, <strong>pin Ni-MH s\u1ea1c l\u1ea1i<\/strong>; <strong>RCF danh \u0111\u1ecbnh 80\u20131400<\/strong>; nhi\u1ec7t \u0111\u1ed9 v\u1eadn h\u00e0nh <strong>4\u201325\u00b0C<\/strong>.<\/li>\n<\/ul>\n<h5><strong>Docking Station<\/strong><\/h5>\n<ul>\n<li>K\u00edch th\u01b0\u1edbc <strong>R: 30.7 cm \u00d7 S: 18.2 cm \u00d7 C: 8.38 cm<\/strong>; <strong>~1.2 kg<\/strong>.<\/li>\n<li><strong>100\u2013240 VAC, 50\/60 Hz<\/strong>, ti\u00eau th\u1ee5 <strong>~20 VA<\/strong>; nhi\u1ec7t \u0111\u1ed9 v\u1eadn h\u00e0nh <strong>10\u201330\u00b0C<\/strong>.<\/li>\n<\/ul>\n<h5><strong>B\u1ed9 t\u00fai x\u1eed l\u00fd (Processing Bag Set)<\/strong><\/h5>\n<ul>\n<li><strong>Dung t\u00edch t\u00fai \u0111\u00f4ng 27 mL<\/strong>; <strong>t\u1ed5ng n\u1ea1p &lt;205 mL<\/strong>; <strong>t\u1ed1i \u0111a RBC 70 mL<\/strong>.<\/li>\n<li><strong>Ti\u1ec7t tr\u00f9ng b\u1eb1ng chi\u1ebfu x\u1ea1<\/strong>, <strong>d\u00f9ng 1 l\u1ea7n<\/strong>, \u0111i\u1ec1u ki\u1ec7n l\u01b0u tr\u1eef <strong>4\u201330\u00b0C<\/strong>.<\/li>\n<\/ul>\n<p><strong>Ph\u1ee5 ki\u1ec7n\/consumables &amp; part numbers<\/strong>: b\u1ed9 kit x\u1eed l\u00fd (8-5101), b\u1ed9 QC (8-5110), docking station (80055),\u2026 (danh m\u1ee5c chi ti\u1ebft theo b\u1ea3ng PN).<\/p>\n<h4><strong>Quy tr\u00ecnh \u1ee9ng d\u1ee5ng \u0111i\u1ec3n h\u00ecnh c\u1ee7a h\u1ec7 th\u1ed1ng AXP\u00ae II<\/strong><\/h4>\n<ol>\n<li><strong>Chuy\u1ec3n t\u00fai m\u00e1u cu\u1ed1ng r\u1ed1n<\/strong> \u2192 <strong>b\u1ed9 kit x\u1eed l\u00fd<\/strong> AXP\u00ae II.<\/li>\n<li><strong>Ly t\u00e2m \u2013 ph\u00e2n t\u1ea7ng<\/strong> th\u00e0nh RBC \/ buffy coat \/ plasma.<\/li>\n<li><strong>Thu ho\u1ea1ch t\u1ef1 \u0111\u1ed9ng<\/strong> v\u00e0o c\u00e1c t\u00fai ri\u00eang; <strong>gi\u1ea3m th\u1ec3 t\u00edch<\/strong> v\u1ec1 m\u1ee9c c\u1ea5u h\u00ecnh.<\/li>\n<li><strong>D\u00e1n nh\u00e3n \u2013 ghi nh\u1eadn d\u1eef li\u1ec7u<\/strong> qua <strong>XpressTRAK\u00ae<\/strong> v\u00e0 <strong>m\u00e3 v\u1ea1ch<\/strong> \u0111\u1ec3 truy xu\u1ea5t sau n\u00e0y.<\/li>\n<\/ol>\n<h4><strong>L\u1ee3i \u00edch cho ph\u00f2ng th\u00ed nghi\u1ec7m &amp; ng\u00e2n h\u00e0ng t\u1ebf b\u00e0o<\/strong><\/h4>\n<ul>\n<li><strong>Ch\u1ea5t l\u01b0\u1ee3ng \u1ed5n \u0111\u1ecbnh:<\/strong> hi\u1ec7u su\u1ea5t MNC nh\u1ea5t qu\u00e1n gi\u00fap n\u00e2ng ch\u1ea5t l\u01b0\u1ee3ng \u0111\u01a1n v\u1ecb l\u01b0u tr\u1eef.<\/li>\n<li><strong>Hi\u1ec7u su\u1ea5t v\u1eadn h\u00e0nh:<\/strong> ch\u1ea1y 6 m\u1eabu song song, gi\u1ea3m nhu c\u1ea7u nh\u00e2n l\u1ef1c gi\u1edd cao \u0111i\u1ec3m.<\/li>\n<li><strong>Tu\u00e2n th\u1ee7 \u2013 truy xu\u1ea5t:<\/strong> d\u1eef li\u1ec7u t\u1eadp trung, h\u1ed7 tr\u1ee3 chu\u1ea9n <strong>cGMP\/cGTP<\/strong> v\u00e0 audit.<\/li>\n<li><strong>T\u1ed5ng chi ph\u00ed s\u1edf h\u1eefu t\u1ed1i \u01b0u:<\/strong> quy tr\u00ecnh chu\u1ea9n h\u00f3a, gi\u1ea3m sai l\u1ed7i &amp; h\u01b0 hao ti\u00eau hao ph\u1ea9m.<\/li>\n<\/ul>\n<h4><strong>FAQ nhanh<\/strong><\/h4>\n<p><strong>AXP\u00ae II c\u00f3 d\u00f9ng \u0111\u01b0\u1ee3c khi m\u1ea5t \u0111i\u1ec7n?<\/strong><br \/>\nThi\u1ebft b\u1ecb <strong>t\u1ef1 c\u1ea5p ngu\u1ed3n<\/strong> b\u1eb1ng <strong>pin s\u1ea1c Ni-MH<\/strong>, v\u1eadn h\u00e0nh qua <strong>\u0111\u1ebf s\u1ea1c<\/strong> khi c\u1ea7n.<\/p>\n<p><strong>C\u00f3 th\u1ec3 t\u00f9y ch\u1ec9nh th\u1ec3 t\u00edch cu\u1ed1i \u0111\u1ec3 \u0111\u00f4ng l\u1ea1nh kh\u00f4ng?<\/strong><br \/>\nC\u00f3. H\u1ec7 th\u1ed1ng <strong>gi\u1ea3m th\u1ec3 t\u00edch v\u1ec1 th\u1ec3 t\u00edch cu\u1ed1i do ng\u01b0\u1eddi d\u00f9ng \u0111\u1ecbnh ngh\u0129a<\/strong>.<\/p>\n<p><strong>M\u1ee9c thu h\u1ed3i MNC th\u1ef1c t\u1ebf?<\/strong><br \/>\nT\u00e0i li\u1ec7u c\u00f4ng b\u1ed1 <strong>&gt;97% MNC<\/strong>, tham chi\u1ebfu <strong>New York Blood Center: 97.9% \u00b14.9%<\/strong>.<\/p>\n<p><strong>C\u00f4ng su\u1ea5t x\u1eed l\u00fd song song?<\/strong><br \/>\n<strong>L\u00ean t\u1edbi 6 m\u1eabu<\/strong>\/chu k\u1ef3.<\/p>\n<h4><strong>T\u1ea1i sao ch\u1ecdn Biogroup Vietnam?<\/strong><\/h4>\n<ul>\n<li><strong>\u0110\u1ed1i t\u00e1c ph\u00e2n ph\u1ed1i &amp; d\u1ecbch v\u1ee5 k\u1ef9 thu\u1eadt chuy\u00ean s\u00e2u<\/strong> cho c\u00e1c gi\u1ea3i ph\u00e1p t\u1ebf b\u00e0o &amp; ng\u00e2n h\u00e0ng m\u1eabu.<\/li>\n<li><strong>T\u01b0 v\u1ea5n end-to-end:<\/strong> t\u1eeb chu\u1ea9n h\u00f3a SOP, IQ\/OQ\/PQ, \u0111\u00e0o t\u1ea1o v\u1eadn h\u00e0nh \u0111\u1ebfn b\u1ea3o tr\u00ec sau b\u00e1n.<\/li>\n<li><strong>H\u1ed7 tr\u1ee3 c\u00e0i \u0111\u1eb7t XpressTRAK\u00ae<\/strong>, t\u00edch h\u1ee3p quy tr\u00ecnh theo chu\u1ea9n GMP ph\u00f2ng lab Vi\u1ec7t Nam.<\/li>\n<\/ul>\n<h4><strong>L\u01b0u \u00fd tr\u00edch d\u1eabn<\/strong><\/h4>\n<p>M\u1ed9t s\u1ed1 th\u00f4ng tin k\u1ef9 thu\u1eadt, t\u00ednh n\u0103ng v\u00e0 th\u00f4ng s\u1ed1 trong b\u00e0i \u0111\u01b0\u1ee3c tr\u00edch t\u1eeb <strong>t\u00e0i li\u1ec7u ch\u00ednh h\u00e3ng ThermoGenesis<\/strong> (brochure &amp; datasheet AXP\u00ae II).<\/p>\n<p><em>C\u00e1c t\u00ednh n\u0103ng\/s\u1ed1 li\u1ec7u c\u00f3 th\u1ec3 thay \u0111\u1ed5i theo phi\u00ean b\u1ea3n; vui l\u00f2ng x\u00e1c nh\u1eadn c\u1ea5u h\u00ecnh khi \u0111\u1eb7t h\u00e0ng.<\/em><\/p>\n","protected":false},"excerpt":{"rendered":"<p><strong data-start=\"127\" data-end=\"138\">AXP\u00ae II<\/strong> l\u00e0 h\u1ec7 th\u1ed1ng <strong data-start=\"151\" data-end=\"193\">x\u1eed l\u00fd m\u00e1u cu\u1ed1ng r\u1ed1n t\u1ef1 \u0111\u1ed9ng &amp; kh\u00e9p k\u00edn<\/strong>, t\u1ed1i \u01b0u <strong data-start=\"202\" data-end=\"240\">thu h\u1ed3i t\u1ebf b\u00e0o \u0111\u01a1n nh\u00e2n (MNC) &gt;97%<\/strong>, r\u00fat ng\u1eafn th\u1eddi gian x\u1eed l\u00fd xu\u1ed1ng <strong data-start=\"273\" data-end=\"285\">~30 ph\u00fat<\/strong> v\u00e0 c\u00f3 th\u1ec3 ch\u1ea1y <strong data-start=\"301\" data-end=\"327\">t\u1ed1i \u0111a 6 m\u1eabu song song<\/strong>. C\u00f4ng ngh\u1ec7 <strong data-start=\"339\" data-end=\"357\">c\u1ea3m bi\u1ebfn quang<\/strong> ki\u1ec3m so\u00e1t ch\u00ednh x\u00e1c qu\u00e1 tr\u00ecnh ph\u00e2n t\u00e1ch RBC\u2013buffy coat\u2013plasma, k\u00e8m <strong data-start=\"425\" data-end=\"453\">l\u1ea5y m\u1eabu in-line v\u00f4 tr\u00f9ng<\/strong>, gi\u1ea3m sai s\u1ed1 thao t\u00e1c v\u00e0 r\u1ee7i ro nhi\u1ec5m ch\u00e9o. Ph\u1ea7n m\u1ec1m <strong data-start=\"507\" data-end=\"522\">XpressTRAK\u00ae<\/strong> ghi nh\u1eadn v\u00e0 truy xu\u1ea5t d\u1eef li\u1ec7u, h\u1ed7 tr\u1ee3 tu\u00e2n th\u1ee7 <strong data-start=\"570\" data-end=\"583\">cGMP\/cGTP<\/strong>. Thi\u1ebft b\u1ecb nh\u1ecf g\u1ecdn, <strong data-start=\"603\" data-end=\"638\">t\u1ef1 c\u1ea5p ngu\u1ed3n b\u1eb1ng pin s\u1ea1c Ni-MH<\/strong>, \u0111i k\u00e8m <strong data-start=\"647\" data-end=\"676\">b\u1ed9 kit x\u1eed l\u00fd d\u00f9ng m\u1ed9t l\u1ea7n<\/strong> \u0111\u1ec3 chu\u1ea9n h\u00f3a quy tr\u00ecnh v\u00e0 th\u1ec3 t\u00edch \u0111\u00f4ng l\u1ea1nh cu\u1ed1i.<br data-start=\"727\" data-end=\"730\" \/><strong data-start=\"730\" data-end=\"748\" data-is-only-node=\"\">L\u1ee3i \u00edch ch\u00ednh:<\/strong> ch\u1ea5t l\u01b0\u1ee3ng \u1ed5n \u0111\u1ecbnh, t\u0103ng t\u00ednh t\u00e1i l\u1eadp, t\u1ed1i \u01b0u chi ph\u00ed v\u1eadn h\u00e0nh, s\u1eb5n s\u00e0ng audit. <strong data-start=\"829\" data-end=\"849\">Biogroup Vietnam<\/strong> cung c\u1ea5p gi\u1ea3i ph\u00e1p end-to-end: t\u01b0 v\u1ea5n, l\u1eafp \u0111\u1eb7t, \u0111\u00e0o t\u1ea1o v\u1eadn h\u00e0nh, IQ\/OQ\/PQ v\u00e0 d\u1ecbch v\u1ee5 k\u1ef9 thu\u1eadt sau b\u00e1n.<\/p>\n","protected":false},"featured_media":9027,"comment_status":"closed","ping_status":"closed","template":"","meta":{"_acf_changed":false},"product_brand":[80],"product_cat":[81],"product_tag":[],"class_list":{"0":"post-3581","1":"product","2":"type-product","3":"status-publish","4":"has-post-thumbnail","6":"product_brand-thermogenesis","7":"product_cat-xu-ly-mau-cuong-ron-tu-dong","9":"first","10":"outofstock","11":"shipping-taxable","12":"product-type-simple"},"acf":[],"yoast_head":"<!-- This site is optimized with the Yoast SEO plugin v26.8 - https:\/\/yoast.com\/product\/yoast-seo-wordpress\/ -->\n<title>H\u1ec7 Th\u1ed1ng AXP\u00ae II X\u1eed L\u00fd M\u00e1u Cu\u1ed1ng R\u1ed1n T\u1ef1 \u0110\u1ed9ng<\/title>\n<meta name=\"description\" content=\"T\u1ed1i \u01b0u thu h\u1ed3i MNC &gt;97%, gi\u1ea3m th\u1ec3 t\u00edch ~30 ph\u00fat, x\u1eed l\u00fd 6 m\u1eabu song song. T\u1ef1 \u0111\u1ed9ng \u2013 kh\u00e9p k\u00edn \u2013 XpressTRAK\u00ae h\u1ed7 tr\u1ee3 cGMP\/cGTP. Li\u00ean h\u1ec7 Biogroup \u0111\u1ec3 demo.\" \/>\n<meta name=\"robots\" content=\"index, follow, max-snippet:-1, max-image-preview:large, max-video-preview:-1\" \/>\n<link rel=\"canonical\" href=\"https:\/\/biogroupvietnam.com\/vi\/san-pham\/he-thong-axp-ii\/\" \/>\n<meta property=\"og:locale\" content=\"vi_VN\" \/>\n<meta property=\"og:type\" content=\"article\" \/>\n<meta property=\"og:title\" content=\"H\u1ec7 Th\u1ed1ng AXP\u00ae II X\u1eed L\u00fd M\u00e1u Cu\u1ed1ng R\u1ed1n T\u1ef1 \u0110\u1ed9ng\" \/>\n<meta property=\"og:description\" content=\"T\u1ed1i \u01b0u thu h\u1ed3i MNC &gt;97%, gi\u1ea3m th\u1ec3 t\u00edch ~30 ph\u00fat, x\u1eed l\u00fd 6 m\u1eabu song song. T\u1ef1 \u0111\u1ed9ng \u2013 kh\u00e9p k\u00edn \u2013 XpressTRAK\u00ae h\u1ed7 tr\u1ee3 cGMP\/cGTP. Li\u00ean h\u1ec7 Biogroup \u0111\u1ec3 demo.\" \/>\n<meta property=\"og:url\" content=\"https:\/\/biogroupvietnam.com\/vi\/san-pham\/he-thong-axp-ii\/\" \/>\n<meta property=\"og:site_name\" content=\"Biogroup Vietnam\" \/>\n<meta property=\"article:modified_time\" content=\"2025-11-18T02:23:39+00:00\" \/>\n<meta property=\"og:image\" content=\"https:\/\/biogroupvietnam.com\/wp-content\/uploads\/2025\/08\/AXP\u00ae-II-System.jpg\" \/>\n\t<meta property=\"og:image:width\" content=\"1640\" \/>\n\t<meta property=\"og:image:height\" content=\"1260\" \/>\n\t<meta property=\"og:image:type\" content=\"image\/jpeg\" \/>\n<meta name=\"twitter:card\" content=\"summary_large_image\" \/>\n<meta name=\"twitter:label1\" content=\"\u01af\u1edbc t\u00ednh th\u1eddi gian \u0111\u1ecdc\" \/>\n\t<meta name=\"twitter:data1\" content=\"5 ph\u00fat\" \/>\n<script type=\"application\/ld+json\" class=\"yoast-schema-graph\">{\"@context\":\"https:\/\/schema.org\",\"@graph\":[{\"@type\":\"WebPage\",\"@id\":\"https:\/\/biogroupvietnam.com\/vi\/san-pham\/he-thong-axp-ii\/\",\"url\":\"https:\/\/biogroupvietnam.com\/vi\/san-pham\/he-thong-axp-ii\/\",\"name\":\"H\u1ec7 Th\u1ed1ng AXP\u00ae II X\u1eed L\u00fd M\u00e1u Cu\u1ed1ng R\u1ed1n T\u1ef1 \u0110\u1ed9ng\",\"isPartOf\":{\"@id\":\"https:\/\/biogroupvietnam.com\/vi\/#website\"},\"primaryImageOfPage\":{\"@id\":\"https:\/\/biogroupvietnam.com\/vi\/san-pham\/he-thong-axp-ii\/#primaryimage\"},\"image\":{\"@id\":\"https:\/\/biogroupvietnam.com\/vi\/san-pham\/he-thong-axp-ii\/#primaryimage\"},\"thumbnailUrl\":\"https:\/\/biogroupvietnam.com\/wp-content\/uploads\/2025\/08\/AXP\u00ae-II-System.jpg\",\"datePublished\":\"2025-08-18T12:51:17+00:00\",\"dateModified\":\"2025-11-18T02:23:39+00:00\",\"description\":\"T\u1ed1i \u01b0u thu h\u1ed3i MNC >97%, gi\u1ea3m th\u1ec3 t\u00edch ~30 ph\u00fat, x\u1eed l\u00fd 6 m\u1eabu song song. T\u1ef1 \u0111\u1ed9ng \u2013 kh\u00e9p k\u00edn \u2013 XpressTRAK\u00ae h\u1ed7 tr\u1ee3 cGMP\/cGTP. Li\u00ean h\u1ec7 Biogroup \u0111\u1ec3 demo.\",\"breadcrumb\":{\"@id\":\"https:\/\/biogroupvietnam.com\/vi\/san-pham\/he-thong-axp-ii\/#breadcrumb\"},\"inLanguage\":\"vi\",\"potentialAction\":[{\"@type\":\"ReadAction\",\"target\":[\"https:\/\/biogroupvietnam.com\/vi\/san-pham\/he-thong-axp-ii\/\"]}]},{\"@type\":\"ImageObject\",\"inLanguage\":\"vi\",\"@id\":\"https:\/\/biogroupvietnam.com\/vi\/san-pham\/he-thong-axp-ii\/#primaryimage\",\"url\":\"https:\/\/biogroupvietnam.com\/wp-content\/uploads\/2025\/08\/AXP\u00ae-II-System.jpg\",\"contentUrl\":\"https:\/\/biogroupvietnam.com\/wp-content\/uploads\/2025\/08\/AXP\u00ae-II-System.jpg\",\"width\":1640,\"height\":1260},{\"@type\":\"BreadcrumbList\",\"@id\":\"https:\/\/biogroupvietnam.com\/vi\/san-pham\/he-thong-axp-ii\/#breadcrumb\",\"itemListElement\":[{\"@type\":\"ListItem\",\"position\":1,\"name\":\"Trang ch\u1ee7\",\"item\":\"https:\/\/biogroupvietnam.com\/vi\/\"},{\"@type\":\"ListItem\",\"position\":2,\"name\":\"S\u1ea3n ph\u1ea9m\",\"item\":\"https:\/\/biogroupvietnam.com\/vi\/san-pham\/\"},{\"@type\":\"ListItem\",\"position\":3,\"name\":\"X\u1eed L\u00fd T\u1ebf B\u00e0o\",\"item\":\"https:\/\/biogroupvietnam.com\/vi\/danh-muc-san-pham\/xu-ly-te-bao\/\"},{\"@type\":\"ListItem\",\"position\":4,\"name\":\"X\u1eed L\u00fd M\u00e1u Cu\u1ed1ng R\u1ed1n T\u1ef1 \u0110\u1ed9ng\",\"item\":\"https:\/\/biogroupvietnam.com\/vi\/danh-muc-san-pham\/xu-ly-mau-cuong-ron-tu-dong\/\"},{\"@type\":\"ListItem\",\"position\":5,\"name\":\"H\u1ec7 Th\u1ed1ng AXP\u00ae II X\u1eed L\u00fd M\u00e1u Cu\u1ed1ng R\u1ed1n T\u1ef1 \u0110\u1ed9ng\"}]},{\"@type\":\"WebSite\",\"@id\":\"https:\/\/biogroupvietnam.com\/vi\/#website\",\"url\":\"https:\/\/biogroupvietnam.com\/vi\/\",\"name\":\"Biogroup Vietnam\",\"description\":\"Biogroup Vietnam cung c\u1ea5p d\u1ecbch v\u1ee5 k\u1ef9 thu\u1eadt c\u00f9ng thi\u1ebft b\u1ecb, v\u1eadt t\u01b0, h\u00f3a ch\u1ea5t v\u00e0 gi\u1ea3i ph\u00e1p sinh h\u1ecdc cho ph\u00f2ng th\u00ed nghi\u1ec7m c\u00f4ng ngh\u1ec7 sinh h\u1ecdc, y sinh v\u00e0 y h\u1ecdc t\u00e1i t\u1ea1o.\",\"potentialAction\":[{\"@type\":\"SearchAction\",\"target\":{\"@type\":\"EntryPoint\",\"urlTemplate\":\"https:\/\/biogroupvietnam.com\/vi\/?s={search_term_string}\"},\"query-input\":{\"@type\":\"PropertyValueSpecification\",\"valueRequired\":true,\"valueName\":\"search_term_string\"}}],\"inLanguage\":\"vi\"}]}<\/script>\n<!-- \/ Yoast SEO plugin. -->","yoast_head_json":{"title":"H\u1ec7 Th\u1ed1ng AXP\u00ae II X\u1eed L\u00fd M\u00e1u Cu\u1ed1ng R\u1ed1n T\u1ef1 \u0110\u1ed9ng","description":"T\u1ed1i \u01b0u thu h\u1ed3i MNC >97%, gi\u1ea3m th\u1ec3 t\u00edch ~30 ph\u00fat, x\u1eed l\u00fd 6 m\u1eabu song song. T\u1ef1 \u0111\u1ed9ng \u2013 kh\u00e9p k\u00edn \u2013 XpressTRAK\u00ae h\u1ed7 tr\u1ee3 cGMP\/cGTP. Li\u00ean h\u1ec7 Biogroup \u0111\u1ec3 demo.","robots":{"index":"index","follow":"follow","max-snippet":"max-snippet:-1","max-image-preview":"max-image-preview:large","max-video-preview":"max-video-preview:-1"},"canonical":"https:\/\/biogroupvietnam.com\/vi\/san-pham\/he-thong-axp-ii\/","og_locale":"vi_VN","og_type":"article","og_title":"H\u1ec7 Th\u1ed1ng AXP\u00ae II X\u1eed L\u00fd M\u00e1u Cu\u1ed1ng R\u1ed1n T\u1ef1 \u0110\u1ed9ng","og_description":"T\u1ed1i \u01b0u thu h\u1ed3i MNC >97%, gi\u1ea3m th\u1ec3 t\u00edch ~30 ph\u00fat, x\u1eed l\u00fd 6 m\u1eabu song song. T\u1ef1 \u0111\u1ed9ng \u2013 kh\u00e9p k\u00edn \u2013 XpressTRAK\u00ae h\u1ed7 tr\u1ee3 cGMP\/cGTP. Li\u00ean h\u1ec7 Biogroup \u0111\u1ec3 demo.","og_url":"https:\/\/biogroupvietnam.com\/vi\/san-pham\/he-thong-axp-ii\/","og_site_name":"Biogroup Vietnam","article_modified_time":"2025-11-18T02:23:39+00:00","og_image":[{"width":1640,"height":1260,"url":"https:\/\/biogroupvietnam.com\/wp-content\/uploads\/2025\/08\/AXP\u00ae-II-System.jpg","type":"image\/jpeg"}],"twitter_card":"summary_large_image","twitter_misc":{"\u01af\u1edbc t\u00ednh th\u1eddi gian \u0111\u1ecdc":"5 ph\u00fat"},"schema":{"@context":"https:\/\/schema.org","@graph":[{"@type":"WebPage","@id":"https:\/\/biogroupvietnam.com\/vi\/san-pham\/he-thong-axp-ii\/","url":"https:\/\/biogroupvietnam.com\/vi\/san-pham\/he-thong-axp-ii\/","name":"H\u1ec7 Th\u1ed1ng AXP\u00ae II X\u1eed L\u00fd M\u00e1u Cu\u1ed1ng R\u1ed1n T\u1ef1 \u0110\u1ed9ng","isPartOf":{"@id":"https:\/\/biogroupvietnam.com\/vi\/#website"},"primaryImageOfPage":{"@id":"https:\/\/biogroupvietnam.com\/vi\/san-pham\/he-thong-axp-ii\/#primaryimage"},"image":{"@id":"https:\/\/biogroupvietnam.com\/vi\/san-pham\/he-thong-axp-ii\/#primaryimage"},"thumbnailUrl":"https:\/\/biogroupvietnam.com\/wp-content\/uploads\/2025\/08\/AXP\u00ae-II-System.jpg","datePublished":"2025-08-18T12:51:17+00:00","dateModified":"2025-11-18T02:23:39+00:00","description":"T\u1ed1i \u01b0u thu h\u1ed3i MNC >97%, gi\u1ea3m th\u1ec3 t\u00edch ~30 ph\u00fat, x\u1eed l\u00fd 6 m\u1eabu song song. T\u1ef1 \u0111\u1ed9ng \u2013 kh\u00e9p k\u00edn \u2013 XpressTRAK\u00ae h\u1ed7 tr\u1ee3 cGMP\/cGTP. Li\u00ean h\u1ec7 Biogroup \u0111\u1ec3 demo.","breadcrumb":{"@id":"https:\/\/biogroupvietnam.com\/vi\/san-pham\/he-thong-axp-ii\/#breadcrumb"},"inLanguage":"vi","potentialAction":[{"@type":"ReadAction","target":["https:\/\/biogroupvietnam.com\/vi\/san-pham\/he-thong-axp-ii\/"]}]},{"@type":"ImageObject","inLanguage":"vi","@id":"https:\/\/biogroupvietnam.com\/vi\/san-pham\/he-thong-axp-ii\/#primaryimage","url":"https:\/\/biogroupvietnam.com\/wp-content\/uploads\/2025\/08\/AXP\u00ae-II-System.jpg","contentUrl":"https:\/\/biogroupvietnam.com\/wp-content\/uploads\/2025\/08\/AXP\u00ae-II-System.jpg","width":1640,"height":1260},{"@type":"BreadcrumbList","@id":"https:\/\/biogroupvietnam.com\/vi\/san-pham\/he-thong-axp-ii\/#breadcrumb","itemListElement":[{"@type":"ListItem","position":1,"name":"Trang ch\u1ee7","item":"https:\/\/biogroupvietnam.com\/vi\/"},{"@type":"ListItem","position":2,"name":"S\u1ea3n ph\u1ea9m","item":"https:\/\/biogroupvietnam.com\/vi\/san-pham\/"},{"@type":"ListItem","position":3,"name":"X\u1eed L\u00fd T\u1ebf B\u00e0o","item":"https:\/\/biogroupvietnam.com\/vi\/danh-muc-san-pham\/xu-ly-te-bao\/"},{"@type":"ListItem","position":4,"name":"X\u1eed L\u00fd M\u00e1u Cu\u1ed1ng R\u1ed1n T\u1ef1 \u0110\u1ed9ng","item":"https:\/\/biogroupvietnam.com\/vi\/danh-muc-san-pham\/xu-ly-mau-cuong-ron-tu-dong\/"},{"@type":"ListItem","position":5,"name":"H\u1ec7 Th\u1ed1ng AXP\u00ae II X\u1eed L\u00fd M\u00e1u Cu\u1ed1ng R\u1ed1n T\u1ef1 \u0110\u1ed9ng"}]},{"@type":"WebSite","@id":"https:\/\/biogroupvietnam.com\/vi\/#website","url":"https:\/\/biogroupvietnam.com\/vi\/","name":"Biogroup Vietnam","description":"Biogroup Vietnam cung c\u1ea5p d\u1ecbch v\u1ee5 k\u1ef9 thu\u1eadt c\u00f9ng thi\u1ebft b\u1ecb, v\u1eadt t\u01b0, h\u00f3a ch\u1ea5t v\u00e0 gi\u1ea3i ph\u00e1p sinh h\u1ecdc cho ph\u00f2ng th\u00ed nghi\u1ec7m c\u00f4ng ngh\u1ec7 sinh h\u1ecdc, y sinh v\u00e0 y h\u1ecdc t\u00e1i t\u1ea1o.","potentialAction":[{"@type":"SearchAction","target":{"@type":"EntryPoint","urlTemplate":"https:\/\/biogroupvietnam.com\/vi\/?s={search_term_string}"},"query-input":{"@type":"PropertyValueSpecification","valueRequired":true,"valueName":"search_term_string"}}],"inLanguage":"vi"}]}},"_links":{"self":[{"href":"https:\/\/biogroupvietnam.com\/vi\/wp-json\/wp\/v2\/product\/3581","targetHints":{"allow":["GET"]}}],"collection":[{"href":"https:\/\/biogroupvietnam.com\/vi\/wp-json\/wp\/v2\/product"}],"about":[{"href":"https:\/\/biogroupvietnam.com\/vi\/wp-json\/wp\/v2\/types\/product"}],"replies":[{"embeddable":true,"href":"https:\/\/biogroupvietnam.com\/vi\/wp-json\/wp\/v2\/comments?post=3581"}],"version-history":[{"count":6,"href":"https:\/\/biogroupvietnam.com\/vi\/wp-json\/wp\/v2\/product\/3581\/revisions"}],"predecessor-version":[{"id":8559,"href":"https:\/\/biogroupvietnam.com\/vi\/wp-json\/wp\/v2\/product\/3581\/revisions\/8559"}],"wp:featuredmedia":[{"embeddable":true,"href":"https:\/\/biogroupvietnam.com\/vi\/wp-json\/wp\/v2\/media\/9027"}],"wp:attachment":[{"href":"https:\/\/biogroupvietnam.com\/vi\/wp-json\/wp\/v2\/media?parent=3581"}],"wp:term":[{"taxonomy":"product_brand","embeddable":true,"href":"https:\/\/biogroupvietnam.com\/vi\/wp-json\/wp\/v2\/product_brand?post=3581"},{"taxonomy":"product_cat","embeddable":true,"href":"https:\/\/biogroupvietnam.com\/vi\/wp-json\/wp\/v2\/product_cat?post=3581"},{"taxonomy":"product_tag","embeddable":true,"href":"https:\/\/biogroupvietnam.com\/vi\/wp-json\/wp\/v2\/product_tag?post=3581"}],"curies":[{"name":"wp","href":"https:\/\/api.w.org\/{rel}","templated":true}]}}