{"id":3585,"date":"2025-08-18T19:51:18","date_gmt":"2025-08-18T12:51:18","guid":{"rendered":"http:\/\/biogroupvietnam-worldpress.local\/product\/import-placeholder-for-5\/"},"modified":"2025-11-17T16:39:03","modified_gmt":"2025-11-17T09:39:03","slug":"dung-dich-dextran-40","status":"publish","type":"product","link":"https:\/\/biogroupvietnam.com\/vi\/san-pham\/dung-dich-dextran-40\/","title":{"rendered":"Dung D\u1ecbch Dextran 40"},"content":{"rendered":"<h2>Dung d\u1ecbch Dextran 40 (Protide Pharmacauticals, M\u1ef9) \u0111\u01b0\u1ee3c d\u00f9ng ph\u1ed1i tr\u1ed9n v\u1edbi dung d\u1ecbch Stemsol USP (DMSO) t\u1ea1o n\u00ean dung d\u1ecbch\u00a0b\u1ea3o qu\u1ea3n \u0111\u00f4ng l\u1ea1nh t\u1ebf b\u00e0o g\u1ed1c t\u1eeb m\u00e1u cu\u1ed1ng r\u1ed1n, m\u00e1u ngo\u1ea1i vi, t\u1ee7y x\u01b0\u01a1ng v\u00e0 c\u00e1c lo\u1ea1i t\u1ebf b\u00e0o, t\u1ebf b\u00e0o\u00a0g\u1ed1c kh\u00e1c.<\/h2>\n<h3><strong>\u0110\u1eb7c t\u00ednh k\u1ef9 thu\u1eadt c\u1ee7a\u00a0dung d\u1ecbch Dextran 40<\/strong><\/h3>\n<ul>\n<li>Dung d\u1ecbch Dextran 40 \u0111\u01b0\u1ee3c s\u1ea3n xu\u1ea5t t\u1eeb ngu\u1ed3n nguy\u00ean li\u1ec7u lo\u1ea1i &#8220;USP grade&#8221;,\u00a0l\u1ecdc v\u00f4 tr\u00f9ng.<\/li>\n<li>\u0110\u01b0\u1ee3c ch\u1ee9ng nh\u1eadn b\u1edfi EDMQ\u00a0(European Directorate for the Quality of Medicines) EP, USP, JP<\/li>\n<li>\u0110\u01b0\u1ee3c s\u1ea3n xu\u1ea5t theo\u00a0ti\u00eau chu\u1ea9n cGMP \u0111\u01b0\u1ee3c ch\u1ee9ng nh\u1eadn b\u1edfi US FDA.<\/li>\n<li>S\u1ea3n ph\u1ea9m Stemsol \u0111\u01b0\u1ee3c l\u01b0u h\u00e0nh h\u01a1n 30 n\u0103m t\u1ea1i\u00a0M\u1ef9 v\u00e0 tr\u00ean 60 n\u01b0\u1edbc tr\u00ean th\u1ebf gi\u1edbi.<\/li>\n<li>M\u1ed9t s\u1ed1 nh\u00e0 ph\u00e2n ph\u1ed1i c\u1ee7a Protide Pharmaceuticals nh\u01b0: Sigma Aldrich (Millipore Sigma), VWR Avantor, MP Biochemicals, &#8230;<\/li>\n<\/ul>\n<h3><strong>\u0110\u1eb7c t\u00ednh c\u1ee7a dung d\u1ecbch Dextran 40<\/strong><\/h3>\n<ul>\n<li>Dung d\u1ecbch Dextran 40 (kh\u1ed1i l\u01b0\u1ee3ng ph\u00e2n t\u1eed trung b\u00ecnh 40,000), trong 0,9% mu\u1ed1i NaCl.<\/li>\n<li>Dung d\u1ecbch Dextran 40 c\u00f3\u00a0t\u00e1c d\u1ee5ng\u00a0l\u00e0m ch\u1ea5t \u1ed5n \u0111\u1ecbnh protein (protein stabilizer).<\/li>\n<li>H\u00e0m l\u01b0\u1ee3ng\u00a0Endotoxin th\u1ea5p\u00a0(&lt;1.0EU\/ml).<\/li>\n<li>Dung d\u1ecbch \u0111\u01b0\u1ee3c ch\u1ee9a trong chai th\u1ee7y tinh lo\u1ea1i &#8220;Type I borosilicate&#8221;.<\/li>\n<li>Quy c\u00e1ch \u0111\u00f3ng chai: lo\u1ea1i 100 ml (c\u00f3 h\u00e0ng s\u1eb3n).<\/li>\n<li>H\u1ea1n s\u1eed d\u1ee5ng 24 th\u00e1ng k\u1ec3 t\u1eeb ng\u00e0y s\u1ea3n xu\u1ea5t.<\/li>\n<li>B\u1ea3o qu\u1ea3n \u1edf nhi\u1ec7t \u0111\u1ed9 2\u00ba &#8211; 8\u00baC. Tr\u00e1nh ti\u1ebfp x\u00fac tr\u1ef1c ti\u1ebfp v\u1edbi \u00e1nh s\u00e1ng.<\/li>\n<li>H\u00e3ng Protide khuy\u1ebfn c\u00e1o d\u00f9ng\u00a0s\u1ea3n ph\u1ea9m Dextran trong\u00a0ph\u00f2ng th\u00ed nghi\u1ec7m. Kh\u00f4ng s\u1eed d\u1ee5ng \u0111\u1ec3 ti\u00eam cho ng\u01b0\u1eddi.<\/li>\n<\/ul>\n","protected":false},"excerpt":{"rendered":"<p>Dung d\u1ecbch Dextran 40 (Protide Pharmacauticals, M\u1ef9) \u0111\u01b0\u1ee3c d\u00f9ng ph\u1ed1i tr\u1ed9n v\u1edbi dung d\u1ecbch Stemsol USP (DMSO) t\u1ea1o n\u00ean dung d\u1ecbch\u00a0b\u1ea3o qu\u1ea3n \u0111\u00f4ng l\u1ea1nh t\u1ebf b\u00e0o g\u1ed1c t\u1eeb m\u00e1u cu\u1ed1ng r\u1ed1n, m\u00e1u ngo\u1ea1i vi, t\u1ee7y x\u01b0\u01a1ng v\u00e0 c\u00e1c lo\u1ea1i t\u1ebf b\u00e0o, t\u1ebf b\u00e0o\u00a0g\u1ed1c kh\u00e1c. \u0110\u1eb7c t\u00ednh k\u1ef9 thu\u1eadt c\u1ee7a\u00a0dung d\u1ecbch Dextran 40 Dung d\u1ecbch Dextran<\/p>\n<div class=\"klb-readmore post-buttons\"><a class=\"button rounded primary\" href=\"https:\/\/biogroupvietnam.com\/vi\/san-pham\/dung-dich-dextran-40\/\">Read More <i class=\"klbth-icon-right-arrow\"><\/i><\/a><\/div>\n","protected":false},"featured_media":9007,"comment_status":"closed","ping_status":"closed","template":"","meta":{"_acf_changed":false},"product_brand":[125],"product_cat":[103],"product_tag":[],"class_list":{"0":"post-3585","1":"product","2":"type-product","3":"status-publish","4":"has-post-thumbnail","6":"product_brand-protide-pharmaceuticals","7":"product_cat-moi-truong-bao-quan-te-bao","9":"first","10":"outofstock","11":"shipping-taxable","12":"product-type-simple"},"acf":[],"yoast_head":"<!-- This site is optimized with the Yoast SEO plugin v26.8 - https:\/\/yoast.com\/product\/yoast-seo-wordpress\/ -->\n<title>Dung D\u1ecbch Dextran 40<\/title>\n<meta name=\"description\" content=\"Dung d\u1ecbch Dextran 40 (Protide Pharmacauticals, M\u1ef9) \u0111\u01b0\u1ee3c d\u00f9ng ph\u1ed1i tr\u1ed9n v\u1edbi dung d\u1ecbch Stemsol USP (DMSO) t\u1ea1o n\u00ean dung d\u1ecbch\u00a0b\u1ea3o qu\u1ea3n \u0111\u00f4ng l\u1ea1nh t\u1ebf b\u00e0o g\u1ed1c t\u1eeb m\u00e1u cu\u1ed1ng r\u1ed1n, m\u00e1u ngo\u1ea1i vi, t\u1ee7y x\u01b0\u01a1ng v\u00e0 c\u00e1c lo\u1ea1i t\u1ebf b\u00e0o, t\u1ebf b\u00e0o\u00a0g\u1ed1c kh\u00e1c.\" \/>\n<meta name=\"robots\" content=\"index, follow, max-snippet:-1, max-image-preview:large, max-video-preview:-1\" \/>\n<link rel=\"canonical\" href=\"https:\/\/biogroupvietnam.com\/vi\/san-pham\/dung-dich-dextran-40\/\" \/>\n<meta property=\"og:locale\" content=\"vi_VN\" \/>\n<meta property=\"og:type\" content=\"article\" \/>\n<meta property=\"og:title\" content=\"Dung D\u1ecbch Dextran 40\" \/>\n<meta property=\"og:description\" content=\"Dung d\u1ecbch Dextran 40 (Protide Pharmacauticals, M\u1ef9) \u0111\u01b0\u1ee3c d\u00f9ng ph\u1ed1i tr\u1ed9n v\u1edbi dung d\u1ecbch Stemsol USP (DMSO) t\u1ea1o n\u00ean dung d\u1ecbch\u00a0b\u1ea3o qu\u1ea3n \u0111\u00f4ng l\u1ea1nh t\u1ebf b\u00e0o g\u1ed1c t\u1eeb m\u00e1u cu\u1ed1ng r\u1ed1n, m\u00e1u ngo\u1ea1i vi, t\u1ee7y x\u01b0\u01a1ng v\u00e0 c\u00e1c lo\u1ea1i t\u1ebf b\u00e0o, t\u1ebf b\u00e0o\u00a0g\u1ed1c kh\u00e1c.\" \/>\n<meta property=\"og:url\" content=\"https:\/\/biogroupvietnam.com\/vi\/san-pham\/dung-dich-dextran-40\/\" \/>\n<meta property=\"og:site_name\" content=\"Biogroup Vietnam\" \/>\n<meta property=\"article:modified_time\" content=\"2025-11-17T09:39:03+00:00\" \/>\n<meta property=\"og:image\" content=\"https:\/\/biogroupvietnam.com\/wp-content\/uploads\/2025\/08\/Dextran-40-in-0.9-NaCl.jpg\" \/>\n\t<meta property=\"og:image:width\" content=\"1640\" \/>\n\t<meta property=\"og:image:height\" content=\"1260\" \/>\n\t<meta property=\"og:image:type\" content=\"image\/jpeg\" \/>\n<meta name=\"twitter:card\" content=\"summary_large_image\" \/>\n<meta name=\"twitter:label1\" content=\"\u01af\u1edbc t\u00ednh th\u1eddi gian \u0111\u1ecdc\" \/>\n\t<meta name=\"twitter:data1\" content=\"2 ph\u00fat\" \/>\n<script type=\"application\/ld+json\" class=\"yoast-schema-graph\">{\"@context\":\"https:\/\/schema.org\",\"@graph\":[{\"@type\":\"WebPage\",\"@id\":\"https:\/\/biogroupvietnam.com\/vi\/san-pham\/dung-dich-dextran-40\/\",\"url\":\"https:\/\/biogroupvietnam.com\/vi\/san-pham\/dung-dich-dextran-40\/\",\"name\":\"Dung D\u1ecbch Dextran 40\",\"isPartOf\":{\"@id\":\"https:\/\/biogroupvietnam.com\/vi\/#website\"},\"primaryImageOfPage\":{\"@id\":\"https:\/\/biogroupvietnam.com\/vi\/san-pham\/dung-dich-dextran-40\/#primaryimage\"},\"image\":{\"@id\":\"https:\/\/biogroupvietnam.com\/vi\/san-pham\/dung-dich-dextran-40\/#primaryimage\"},\"thumbnailUrl\":\"https:\/\/biogroupvietnam.com\/wp-content\/uploads\/2025\/08\/Dextran-40-in-0.9-NaCl.jpg\",\"datePublished\":\"2025-08-18T12:51:18+00:00\",\"dateModified\":\"2025-11-17T09:39:03+00:00\",\"description\":\"Dung d\u1ecbch Dextran 40 (Protide Pharmacauticals, M\u1ef9) \u0111\u01b0\u1ee3c d\u00f9ng ph\u1ed1i tr\u1ed9n v\u1edbi dung d\u1ecbch Stemsol USP (DMSO) t\u1ea1o n\u00ean dung d\u1ecbch\u00a0b\u1ea3o qu\u1ea3n \u0111\u00f4ng l\u1ea1nh t\u1ebf b\u00e0o g\u1ed1c t\u1eeb m\u00e1u cu\u1ed1ng r\u1ed1n, m\u00e1u ngo\u1ea1i vi, t\u1ee7y x\u01b0\u01a1ng v\u00e0 c\u00e1c lo\u1ea1i t\u1ebf b\u00e0o, t\u1ebf b\u00e0o\u00a0g\u1ed1c kh\u00e1c.\",\"breadcrumb\":{\"@id\":\"https:\/\/biogroupvietnam.com\/vi\/san-pham\/dung-dich-dextran-40\/#breadcrumb\"},\"inLanguage\":\"vi\",\"potentialAction\":[{\"@type\":\"ReadAction\",\"target\":[\"https:\/\/biogroupvietnam.com\/vi\/san-pham\/dung-dich-dextran-40\/\"]}]},{\"@type\":\"ImageObject\",\"inLanguage\":\"vi\",\"@id\":\"https:\/\/biogroupvietnam.com\/vi\/san-pham\/dung-dich-dextran-40\/#primaryimage\",\"url\":\"https:\/\/biogroupvietnam.com\/wp-content\/uploads\/2025\/08\/Dextran-40-in-0.9-NaCl.jpg\",\"contentUrl\":\"https:\/\/biogroupvietnam.com\/wp-content\/uploads\/2025\/08\/Dextran-40-in-0.9-NaCl.jpg\",\"width\":1640,\"height\":1260},{\"@type\":\"BreadcrumbList\",\"@id\":\"https:\/\/biogroupvietnam.com\/vi\/san-pham\/dung-dich-dextran-40\/#breadcrumb\",\"itemListElement\":[{\"@type\":\"ListItem\",\"position\":1,\"name\":\"Trang ch\u1ee7\",\"item\":\"https:\/\/biogroupvietnam.com\/vi\/\"},{\"@type\":\"ListItem\",\"position\":2,\"name\":\"S\u1ea3n ph\u1ea9m\",\"item\":\"https:\/\/biogroupvietnam.com\/vi\/san-pham\/\"},{\"@type\":\"ListItem\",\"position\":3,\"name\":\"B\u1ea3o Qu\u1ea3n L\u1ea1nh T\u1ebf B\u00e0o\",\"item\":\"https:\/\/biogroupvietnam.com\/vi\/danh-muc-san-pham\/bao-quan-lanh-te-bao\/\"},{\"@type\":\"ListItem\",\"position\":4,\"name\":\"M\u00f4i Tr\u01b0\u1eddng B\u1ea3o Qu\u1ea3n T\u1ebf B\u00e0o\",\"item\":\"https:\/\/biogroupvietnam.com\/vi\/danh-muc-san-pham\/moi-truong-bao-quan-te-bao\/\"},{\"@type\":\"ListItem\",\"position\":5,\"name\":\"Dung D\u1ecbch Dextran 40\"}]},{\"@type\":\"WebSite\",\"@id\":\"https:\/\/biogroupvietnam.com\/vi\/#website\",\"url\":\"https:\/\/biogroupvietnam.com\/vi\/\",\"name\":\"Biogroup Vietnam\",\"description\":\"Biogroup Vietnam cung c\u1ea5p d\u1ecbch v\u1ee5 k\u1ef9 thu\u1eadt c\u00f9ng thi\u1ebft b\u1ecb, v\u1eadt t\u01b0, h\u00f3a ch\u1ea5t v\u00e0 gi\u1ea3i ph\u00e1p sinh h\u1ecdc cho ph\u00f2ng th\u00ed nghi\u1ec7m c\u00f4ng ngh\u1ec7 sinh h\u1ecdc, y sinh v\u00e0 y h\u1ecdc t\u00e1i t\u1ea1o.\",\"potentialAction\":[{\"@type\":\"SearchAction\",\"target\":{\"@type\":\"EntryPoint\",\"urlTemplate\":\"https:\/\/biogroupvietnam.com\/vi\/?s={search_term_string}\"},\"query-input\":{\"@type\":\"PropertyValueSpecification\",\"valueRequired\":true,\"valueName\":\"search_term_string\"}}],\"inLanguage\":\"vi\"}]}<\/script>\n<!-- \/ Yoast SEO plugin. -->","yoast_head_json":{"title":"Dung D\u1ecbch Dextran 40","description":"Dung d\u1ecbch Dextran 40 (Protide Pharmacauticals, M\u1ef9) \u0111\u01b0\u1ee3c d\u00f9ng ph\u1ed1i tr\u1ed9n v\u1edbi dung d\u1ecbch Stemsol USP (DMSO) t\u1ea1o n\u00ean dung d\u1ecbch\u00a0b\u1ea3o qu\u1ea3n \u0111\u00f4ng l\u1ea1nh t\u1ebf b\u00e0o g\u1ed1c t\u1eeb m\u00e1u cu\u1ed1ng r\u1ed1n, m\u00e1u ngo\u1ea1i vi, t\u1ee7y x\u01b0\u01a1ng v\u00e0 c\u00e1c lo\u1ea1i t\u1ebf b\u00e0o, t\u1ebf b\u00e0o\u00a0g\u1ed1c kh\u00e1c.","robots":{"index":"index","follow":"follow","max-snippet":"max-snippet:-1","max-image-preview":"max-image-preview:large","max-video-preview":"max-video-preview:-1"},"canonical":"https:\/\/biogroupvietnam.com\/vi\/san-pham\/dung-dich-dextran-40\/","og_locale":"vi_VN","og_type":"article","og_title":"Dung D\u1ecbch Dextran 40","og_description":"Dung d\u1ecbch Dextran 40 (Protide Pharmacauticals, M\u1ef9) \u0111\u01b0\u1ee3c d\u00f9ng ph\u1ed1i tr\u1ed9n v\u1edbi dung d\u1ecbch Stemsol USP (DMSO) t\u1ea1o n\u00ean dung d\u1ecbch\u00a0b\u1ea3o qu\u1ea3n \u0111\u00f4ng l\u1ea1nh t\u1ebf b\u00e0o g\u1ed1c t\u1eeb m\u00e1u cu\u1ed1ng r\u1ed1n, m\u00e1u ngo\u1ea1i vi, t\u1ee7y x\u01b0\u01a1ng v\u00e0 c\u00e1c lo\u1ea1i t\u1ebf b\u00e0o, t\u1ebf b\u00e0o\u00a0g\u1ed1c kh\u00e1c.","og_url":"https:\/\/biogroupvietnam.com\/vi\/san-pham\/dung-dich-dextran-40\/","og_site_name":"Biogroup Vietnam","article_modified_time":"2025-11-17T09:39:03+00:00","og_image":[{"width":1640,"height":1260,"url":"https:\/\/biogroupvietnam.com\/wp-content\/uploads\/2025\/08\/Dextran-40-in-0.9-NaCl.jpg","type":"image\/jpeg"}],"twitter_card":"summary_large_image","twitter_misc":{"\u01af\u1edbc t\u00ednh th\u1eddi gian \u0111\u1ecdc":"2 ph\u00fat"},"schema":{"@context":"https:\/\/schema.org","@graph":[{"@type":"WebPage","@id":"https:\/\/biogroupvietnam.com\/vi\/san-pham\/dung-dich-dextran-40\/","url":"https:\/\/biogroupvietnam.com\/vi\/san-pham\/dung-dich-dextran-40\/","name":"Dung D\u1ecbch Dextran 40","isPartOf":{"@id":"https:\/\/biogroupvietnam.com\/vi\/#website"},"primaryImageOfPage":{"@id":"https:\/\/biogroupvietnam.com\/vi\/san-pham\/dung-dich-dextran-40\/#primaryimage"},"image":{"@id":"https:\/\/biogroupvietnam.com\/vi\/san-pham\/dung-dich-dextran-40\/#primaryimage"},"thumbnailUrl":"https:\/\/biogroupvietnam.com\/wp-content\/uploads\/2025\/08\/Dextran-40-in-0.9-NaCl.jpg","datePublished":"2025-08-18T12:51:18+00:00","dateModified":"2025-11-17T09:39:03+00:00","description":"Dung d\u1ecbch Dextran 40 (Protide Pharmacauticals, M\u1ef9) \u0111\u01b0\u1ee3c d\u00f9ng ph\u1ed1i tr\u1ed9n v\u1edbi dung d\u1ecbch Stemsol USP (DMSO) t\u1ea1o n\u00ean dung d\u1ecbch\u00a0b\u1ea3o qu\u1ea3n \u0111\u00f4ng l\u1ea1nh t\u1ebf b\u00e0o g\u1ed1c t\u1eeb m\u00e1u cu\u1ed1ng r\u1ed1n, m\u00e1u ngo\u1ea1i vi, t\u1ee7y x\u01b0\u01a1ng v\u00e0 c\u00e1c lo\u1ea1i t\u1ebf b\u00e0o, t\u1ebf b\u00e0o\u00a0g\u1ed1c kh\u00e1c.","breadcrumb":{"@id":"https:\/\/biogroupvietnam.com\/vi\/san-pham\/dung-dich-dextran-40\/#breadcrumb"},"inLanguage":"vi","potentialAction":[{"@type":"ReadAction","target":["https:\/\/biogroupvietnam.com\/vi\/san-pham\/dung-dich-dextran-40\/"]}]},{"@type":"ImageObject","inLanguage":"vi","@id":"https:\/\/biogroupvietnam.com\/vi\/san-pham\/dung-dich-dextran-40\/#primaryimage","url":"https:\/\/biogroupvietnam.com\/wp-content\/uploads\/2025\/08\/Dextran-40-in-0.9-NaCl.jpg","contentUrl":"https:\/\/biogroupvietnam.com\/wp-content\/uploads\/2025\/08\/Dextran-40-in-0.9-NaCl.jpg","width":1640,"height":1260},{"@type":"BreadcrumbList","@id":"https:\/\/biogroupvietnam.com\/vi\/san-pham\/dung-dich-dextran-40\/#breadcrumb","itemListElement":[{"@type":"ListItem","position":1,"name":"Trang ch\u1ee7","item":"https:\/\/biogroupvietnam.com\/vi\/"},{"@type":"ListItem","position":2,"name":"S\u1ea3n ph\u1ea9m","item":"https:\/\/biogroupvietnam.com\/vi\/san-pham\/"},{"@type":"ListItem","position":3,"name":"B\u1ea3o Qu\u1ea3n L\u1ea1nh T\u1ebf B\u00e0o","item":"https:\/\/biogroupvietnam.com\/vi\/danh-muc-san-pham\/bao-quan-lanh-te-bao\/"},{"@type":"ListItem","position":4,"name":"M\u00f4i Tr\u01b0\u1eddng B\u1ea3o Qu\u1ea3n T\u1ebf B\u00e0o","item":"https:\/\/biogroupvietnam.com\/vi\/danh-muc-san-pham\/moi-truong-bao-quan-te-bao\/"},{"@type":"ListItem","position":5,"name":"Dung D\u1ecbch Dextran 40"}]},{"@type":"WebSite","@id":"https:\/\/biogroupvietnam.com\/vi\/#website","url":"https:\/\/biogroupvietnam.com\/vi\/","name":"Biogroup Vietnam","description":"Biogroup Vietnam cung c\u1ea5p d\u1ecbch v\u1ee5 k\u1ef9 thu\u1eadt c\u00f9ng thi\u1ebft b\u1ecb, v\u1eadt t\u01b0, h\u00f3a ch\u1ea5t v\u00e0 gi\u1ea3i ph\u00e1p sinh h\u1ecdc cho ph\u00f2ng th\u00ed nghi\u1ec7m c\u00f4ng ngh\u1ec7 sinh h\u1ecdc, y sinh v\u00e0 y h\u1ecdc t\u00e1i t\u1ea1o.","potentialAction":[{"@type":"SearchAction","target":{"@type":"EntryPoint","urlTemplate":"https:\/\/biogroupvietnam.com\/vi\/?s={search_term_string}"},"query-input":{"@type":"PropertyValueSpecification","valueRequired":true,"valueName":"search_term_string"}}],"inLanguage":"vi"}]}},"_links":{"self":[{"href":"https:\/\/biogroupvietnam.com\/vi\/wp-json\/wp\/v2\/product\/3585","targetHints":{"allow":["GET"]}}],"collection":[{"href":"https:\/\/biogroupvietnam.com\/vi\/wp-json\/wp\/v2\/product"}],"about":[{"href":"https:\/\/biogroupvietnam.com\/vi\/wp-json\/wp\/v2\/types\/product"}],"replies":[{"embeddable":true,"href":"https:\/\/biogroupvietnam.com\/vi\/wp-json\/wp\/v2\/comments?post=3585"}],"version-history":[{"count":5,"href":"https:\/\/biogroupvietnam.com\/vi\/wp-json\/wp\/v2\/product\/3585\/revisions"}],"predecessor-version":[{"id":9012,"href":"https:\/\/biogroupvietnam.com\/vi\/wp-json\/wp\/v2\/product\/3585\/revisions\/9012"}],"wp:featuredmedia":[{"embeddable":true,"href":"https:\/\/biogroupvietnam.com\/vi\/wp-json\/wp\/v2\/media\/9007"}],"wp:attachment":[{"href":"https:\/\/biogroupvietnam.com\/vi\/wp-json\/wp\/v2\/media?parent=3585"}],"wp:term":[{"taxonomy":"product_brand","embeddable":true,"href":"https:\/\/biogroupvietnam.com\/vi\/wp-json\/wp\/v2\/product_brand?post=3585"},{"taxonomy":"product_cat","embeddable":true,"href":"https:\/\/biogroupvietnam.com\/vi\/wp-json\/wp\/v2\/product_cat?post=3585"},{"taxonomy":"product_tag","embeddable":true,"href":"https:\/\/biogroupvietnam.com\/vi\/wp-json\/wp\/v2\/product_tag?post=3585"}],"curies":[{"name":"wp","href":"https:\/\/api.w.org\/{rel}","templated":true}]}}