{"id":3587,"date":"2025-08-18T19:51:18","date_gmt":"2025-08-18T12:51:18","guid":{"rendered":"http:\/\/biogroupvietnam-worldpress.local\/product\/import-placeholder-for-7\/"},"modified":"2026-04-06T14:49:35","modified_gmt":"2026-04-06T07:49:35","slug":"moi-truong-nuoi-mo-day-ron-mesencult-acf-plus","status":"publish","type":"product","link":"https:\/\/biogroupvietnam.com\/vi\/san-pham\/moi-truong-nuoi-mo-day-ron-mesencult-acf-plus\/","title":{"rendered":"M\u00f4i Tr\u01b0\u1eddng Nu\u00f4i M\u00f4 D\u00e2y R\u1ed1n MesenCult\u2122-ACF Plus Umbilical Cord"},"content":{"rendered":"<p>M\u00f4i tr\u01b0\u1eddng kh\u00f4ng ch\u1ee9a th\u00e0nh ph\u1ea7n \u0111\u1ed9ng v\u1eadt \u0111\u01b0\u1ee3c d\u00f9ng \u0111\u1ec3 t\u1ea1o v\u00e0 t\u0103ng sinh t\u1ebf b\u00e0o g\u1ed1c trung m\u00f4 c\u1ee7a ng\u01b0\u1eddi t\u1eeb m\u00f4 d\u00e2y r\u1ed1n (UC-MSC).<\/p>\n<h3><strong>T\u1ed5ng quan<\/strong><\/h3>\n<p>B\u1ed9 m\u00f4i tr\u01b0\u1eddng MesenCult\u2122-ACF Plus Umbilical Cord t\u1ea1o v\u00e0 t\u0103ng sinh t\u1ebf b\u00e0o g\u1ed1c trung m\u00f4 c\u1ee7a ng\u01b0\u1eddi t\u1eeb m\u00f4 d\u00e2y r\u1ed1n (UC-MSC) l\u00e0 m\u00f4i tr\u01b0\u1eddng chu\u1ea9n h\u00f3a, kh\u00f4ng c\u00f3 th\u00e0nh ph\u1ea7n c\u00f3 ngu\u1ed3n g\u1ed1c t\u1eeb \u0111\u1ed9ng v\u1eadt (ACF). B\u1ed9 m\u00f4i tr\u01b0\u1eddng n\u00e0y ho\u1ea1t \u0111\u1ed9ng c\u00f9ng v\u1edbi m\u00f4i tr\u01b0\u1eddng MesenCult\u2122-ACF Plus cho qu\u00e1 t\u0103ng sinh d\u00e0i h\u1ea1n c\u1ee7a UC-MSC.<\/p>\n<p>M\u00f4i tr\u01b0\u1eddng MesenCult\u2122-ACF Plus Umbilical Cord ph\u1ea3i \u0111\u01b0\u1ee3c d\u00f9ng k\u1ebft h\u1ee3p v\u1edbi ch\u1ea5t n\u1ec1n b\u00e1m d\u00ednh t\u1ebf b\u00e0o kh\u00f4ng c\u00f3 th\u00e0nh ph\u1ea7n \u0111\u1ed9ng v\u1eadt (Animal Component-Free Cell Attachment Substrate, #07130) v\u00e0 enzyme ph\u00e2n gi\u1ea3i ACF (Animal Component-Free Cell Dissociation Kit, #05426) t\u1ea1o n\u00ean m\u1ed9t b\u1ed9 m\u00f4i tr\u01b0\u1eddng nu\u00f4i c\u1ea5y kh\u00f4ng ch\u1ee9a th\u00e0nh ph\u1ea7n \u0111\u1ed9ng v\u1eadt (ACF) ho\u00e0n ch\u1ec9nh. C\u00e1c th\u00e0nh ph\u1ea7n c\u1ee7a Animal Component-Free Cell Attachment Substrate v\u00e0 Animal Component-Free Cell Dissociation Kit \u0111\u01b0\u1ee3c s\u00e0ng l\u1ecdc tr\u01b0\u1edbc v\u00e0 th\u1eed nghi\u1ec7m b\u00e1m d\u00ednh t\u1ebf b\u00e0o t\u1ed1i \u01b0u. \u0110\u1ec3 b\u1ea3o qu\u1ea3n l\u1ea1nh t\u1ed1i \u01b0u kh\u00f4ng c\u00f3 th\u00e0nh ph\u1ea7n \u0111\u1ed9ng v\u1eadt, m\u00f4i t\u01b0\u1eddng MesenCult\u2122-ACF Freezing (#05490) \u0111\u01b0\u1ee3c khuy\u1ebfn ngh\u1ecb d\u00f9ng cho t\u1ebf b\u00e0o g\u1ed1c trung m\u00f4 \u0111\u01b0\u1ee3c nu\u00f4i c\u1ea5y tr\u01b0\u1edbc \u0111\u00f3 trong m\u00f4i tr\u01b0\u1eddng MesenCult\u2122.<\/p>\n<h3><strong>\u1ee8ng d\u1ee5ng c\u1ee7a m\u00f4i tr\u01b0\u1eddng\u00a0MesenCult\u2122-ACF Plus Umbilical Cord<\/strong><\/h3>\n<ul>\n<li>Nu\u00f4i c\u1ea5y s\u01a1 c\u1ea5p, ph\u00e2n l\u1eadp t\u1ebf b\u00e0o t\u1ebf b\u00e0o g\u1ed1c trung m\u00f4 c\u1ee7a ng\u01b0\u1eddi t\u1eeb m\u00f4 d\u00e2y r\u1ed1n.<\/li>\n<\/ul>\n<h3><strong>\u01afu \u0111i\u1ec3m\u00a0c\u1ee7a m\u00f4i tr\u01b0\u1eddng\u00a0MesenCult\u2122-ACF Plus Umbilical Cord<\/strong><\/h3>\n<ul>\n<li>T\u0103ng sinh s\u1ed1 l\u01b0\u1ee3ng l\u1edbn t\u1ebf b\u00e0o g\u1ed1c trung m\u00f4 t\u1eeb m\u00f4 d\u00e2y r\u1ed1n.<\/li>\n<li>C\u00e1c t\u1ebf b\u00e0o g\u1ed1c trung m\u00f4 t\u1eeb m\u00f4 d\u00e2y r\u1ed1n (MSC) bi\u1ec3u hi\u1ec7n c\u00e1c marker MSC c\u1ee5 th\u1ec3 v\u00e0 duy tr\u00ec kh\u1ea3 n\u0103ng t\u0103ng sinh v\u00e0 bi\u1ec7t h\u00f3a v\u01b0\u1ee3t tr\u1ed9i.<\/li>\n<li>To\u00e0n b\u1ed9 quy tr\u00ecnh nu\u00f4i c\u1ea5y kh\u00f4ng c\u00f3 th\u00e0nh ph\u1ea7n c\u00f3 ngu\u1ed3n g\u1ed1c t\u1eeb \u0111\u1ed9ng v\u1eadt t\u01b0\u01a1ng th\u00edch v\u1edbi c\u00e1c m\u00f4i tr\u01b0\u1eddng MesenCult\u2122-ACF.<\/li>\n<\/ul>\n<h3><strong>B\u1ed9 m\u00f4i tr\u01b0\u1eddng nu\u00f4i m\u00f4 d\u00e2y r\u1ed1n (MesenCult\u2122-ACF Plus Umbilical Cord Kit, Cat. #100-0234) g\u1ed3m nh\u1eefng g\u00ec?<\/strong><\/h3>\n<ul>\n<li>01 chai 500 mL M\u00f4i tr\u01b0\u1eddng nu\u00f4i m\u00f4 s\u01a1 c\u1ea5p (MesenCult\u2122-ACF Plus). \u0110\u01b0\u1ee3c b\u1ea3o qu\u1ea3n \u1edf 2 &#8211; 8\u00b0C. \u1ed4n \u0111\u1ecbnh trong 1,5 n\u0103m k\u1ec3 t\u1eeb ng\u00e0y s\u1ea3n xu\u1ea5t (MFG) tr\u00ean nh\u00e3n.<\/li>\n<li>01 \u1ed1ng 0,5 mL Ch\u1ea5t b\u1ed5 sung MesenCult\u2122 Umbilical Cord Derivation 500X Supplement. \u0110\u01b0\u1ee3c b\u1ea3o qu\u1ea3n \u1edf -20\u00b0C. \u1ed4n \u0111\u1ecbnh trong 2 n\u0103m k\u1ec3 t\u1eeb ng\u00e0y s\u1ea3n xu\u1ea5t (MFG) tr\u00ean nh\u00e3n.<\/li>\n<li>01 \u1ed1ng 0,5 mL Ch\u1ea5t b\u1ed5 sung MesenCult\u2122-ACF Plus 500X Supplement. \u0110\u01b0\u1ee3c b\u1ea3o qu\u1ea3n \u1edf -20\u00b0C. \u1ed4n \u0111\u1ecbnh trong 2 n\u0103m k\u1ec3 t\u1eeb ng\u00e0y s\u1ea3n xu\u1ea5t (MFG) tr\u00ean nh\u00e3n.<\/li>\n<li>03 \u1ed1ng 1,0 mL Dung d\u1ecbch ch\u1ea5t n\u1ec1n b\u00e1m d\u00ednh t\u1ebf b\u00e0o kh\u00f4ng c\u00f3 th\u00e0nh ph\u1ea7n \u0111\u1ed9ng v\u1eadt (Animal Component-Free Cell Attachment Substrate). \u0110\u01b0\u1ee3c b\u1ea3o qu\u1ea3n \u1edf 2 &#8211; 8\u00b0C. \u1ed4n \u0111\u1ecbnh cho \u0111\u1ebfn khi h\u1ebft h\u1ea1n s\u1eed d\u1ee5ng (EXP) tr\u00ean nh\u00e3n.<\/li>\n<\/ul>\n","protected":false},"excerpt":{"rendered":"<p>M\u00f4i tr\u01b0\u1eddng kh\u00f4ng ch\u1ee9a th\u00e0nh ph\u1ea7n \u0111\u1ed9ng v\u1eadt \u0111\u01b0\u1ee3c d\u00f9ng \u0111\u1ec3 t\u1ea1o v\u00e0 t\u0103ng sinh t\u1ebf b\u00e0o g\u1ed1c trung m\u00f4 c\u1ee7a ng\u01b0\u1eddi t\u1eeb m\u00f4 d\u00e2y r\u1ed1n (UC-MSC). T\u1ed5ng quan B\u1ed9 m\u00f4i tr\u01b0\u1eddng MesenCult\u2122-ACF Plus Umbilical Cord t\u1ea1o v\u00e0 t\u0103ng sinh t\u1ebf b\u00e0o g\u1ed1c trung m\u00f4 c\u1ee7a ng\u01b0\u1eddi t\u1eeb m\u00f4 d\u00e2y r\u1ed1n (UC-MSC) l\u00e0 m\u00f4i tr\u01b0\u1eddng<\/p>\n<div class=\"klb-readmore post-buttons\"><a class=\"button rounded primary\" href=\"https:\/\/biogroupvietnam.com\/vi\/san-pham\/moi-truong-nuoi-mo-day-ron-mesencult-acf-plus\/\">Read More <i class=\"klbth-icon-right-arrow\"><\/i><\/a><\/div>\n","protected":false},"featured_media":10241,"comment_status":"closed","ping_status":"closed","template":"","meta":{"_acf_changed":false},"product_brand":[127],"product_cat":[91],"product_tag":[],"class_list":{"0":"post-3587","1":"product","2":"type-product","3":"status-publish","4":"has-post-thumbnail","6":"product_brand-stemcell-technologies","7":"product_cat-te-bao-goc-trung-mo","9":"first","10":"outofstock","11":"shipping-taxable","12":"product-type-simple"},"acf":[],"yoast_head":"<!-- This site is optimized with the Yoast SEO plugin v26.8 - https:\/\/yoast.com\/product\/yoast-seo-wordpress\/ -->\n<title>M\u00f4i Tr\u01b0\u1eddng Nu\u00f4i M\u00f4 D\u00e2y R\u1ed1n MesenCult\u2122-ACF Plus<\/title>\n<meta name=\"description\" content=\"M\u00f4i tr\u01b0\u1eddng nu\u00f4i m\u00f4 d\u00e2y r\u1ed1n kh\u00f4ng ch\u1ee9a th\u00e0nh ph\u1ea7n \u0111\u1ed9ng v\u1eadt \u0111\u01b0\u1ee3c d\u00f9ng \u0111\u1ec3 t\u1ea1o v\u00e0 t\u0103ng sinh t\u1ebf b\u00e0o g\u1ed1c trung m\u00f4 c\u1ee7a ng\u01b0\u1eddi t\u1eeb m\u00f4 d\u00e2y r\u1ed1n (UC-MSC).\" \/>\n<meta name=\"robots\" content=\"index, follow, max-snippet:-1, max-image-preview:large, max-video-preview:-1\" \/>\n<link rel=\"canonical\" href=\"https:\/\/biogroupvietnam.com\/vi\/san-pham\/moi-truong-nuoi-mo-day-ron-mesencult-acf-plus\/\" \/>\n<meta property=\"og:locale\" content=\"vi_VN\" \/>\n<meta property=\"og:type\" content=\"article\" \/>\n<meta property=\"og:title\" content=\"M\u00f4i Tr\u01b0\u1eddng Nu\u00f4i M\u00f4 D\u00e2y R\u1ed1n MesenCult\u2122-ACF Plus\" \/>\n<meta property=\"og:description\" content=\"M\u00f4i tr\u01b0\u1eddng nu\u00f4i m\u00f4 d\u00e2y r\u1ed1n kh\u00f4ng ch\u1ee9a th\u00e0nh ph\u1ea7n \u0111\u1ed9ng v\u1eadt \u0111\u01b0\u1ee3c d\u00f9ng \u0111\u1ec3 t\u1ea1o v\u00e0 t\u0103ng sinh t\u1ebf b\u00e0o g\u1ed1c trung m\u00f4 c\u1ee7a ng\u01b0\u1eddi t\u1eeb m\u00f4 d\u00e2y r\u1ed1n (UC-MSC).\" \/>\n<meta property=\"og:url\" content=\"https:\/\/biogroupvietnam.com\/vi\/san-pham\/moi-truong-nuoi-mo-day-ron-mesencult-acf-plus\/\" \/>\n<meta property=\"og:site_name\" content=\"Biogroup Vietnam\" \/>\n<meta property=\"article:modified_time\" content=\"2026-04-06T07:49:35+00:00\" \/>\n<meta property=\"og:image\" content=\"https:\/\/biogroupvietnam.com\/wp-content\/uploads\/2025\/08\/moi-truong-nuoi-mo-day-ron-mesencult-acf-plus-umbilical-cord.jpg\" \/>\n\t<meta property=\"og:image:width\" content=\"1640\" \/>\n\t<meta property=\"og:image:height\" content=\"1260\" \/>\n\t<meta property=\"og:image:type\" content=\"image\/jpeg\" \/>\n<meta name=\"twitter:card\" content=\"summary_large_image\" \/>\n<meta name=\"twitter:label1\" content=\"\u01af\u1edbc t\u00ednh th\u1eddi gian \u0111\u1ecdc\" \/>\n\t<meta name=\"twitter:data1\" content=\"3 ph\u00fat\" \/>\n<script type=\"application\/ld+json\" class=\"yoast-schema-graph\">{\"@context\":\"https:\/\/schema.org\",\"@graph\":[{\"@type\":\"WebPage\",\"@id\":\"https:\/\/biogroupvietnam.com\/vi\/san-pham\/moi-truong-nuoi-mo-day-ron-mesencult-acf-plus\/\",\"url\":\"https:\/\/biogroupvietnam.com\/vi\/san-pham\/moi-truong-nuoi-mo-day-ron-mesencult-acf-plus\/\",\"name\":\"M\u00f4i Tr\u01b0\u1eddng Nu\u00f4i M\u00f4 D\u00e2y R\u1ed1n MesenCult\u2122-ACF Plus\",\"isPartOf\":{\"@id\":\"https:\/\/biogroupvietnam.com\/vi\/#website\"},\"primaryImageOfPage\":{\"@id\":\"https:\/\/biogroupvietnam.com\/vi\/san-pham\/moi-truong-nuoi-mo-day-ron-mesencult-acf-plus\/#primaryimage\"},\"image\":{\"@id\":\"https:\/\/biogroupvietnam.com\/vi\/san-pham\/moi-truong-nuoi-mo-day-ron-mesencult-acf-plus\/#primaryimage\"},\"thumbnailUrl\":\"https:\/\/biogroupvietnam.com\/wp-content\/uploads\/2025\/08\/moi-truong-nuoi-mo-day-ron-mesencult-acf-plus-umbilical-cord.jpg\",\"datePublished\":\"2025-08-18T12:51:18+00:00\",\"dateModified\":\"2026-04-06T07:49:35+00:00\",\"description\":\"M\u00f4i tr\u01b0\u1eddng nu\u00f4i m\u00f4 d\u00e2y r\u1ed1n kh\u00f4ng ch\u1ee9a th\u00e0nh ph\u1ea7n \u0111\u1ed9ng v\u1eadt \u0111\u01b0\u1ee3c d\u00f9ng \u0111\u1ec3 t\u1ea1o v\u00e0 t\u0103ng sinh t\u1ebf b\u00e0o g\u1ed1c trung m\u00f4 c\u1ee7a ng\u01b0\u1eddi t\u1eeb m\u00f4 d\u00e2y r\u1ed1n (UC-MSC).\",\"breadcrumb\":{\"@id\":\"https:\/\/biogroupvietnam.com\/vi\/san-pham\/moi-truong-nuoi-mo-day-ron-mesencult-acf-plus\/#breadcrumb\"},\"inLanguage\":\"vi\",\"potentialAction\":[{\"@type\":\"ReadAction\",\"target\":[\"https:\/\/biogroupvietnam.com\/vi\/san-pham\/moi-truong-nuoi-mo-day-ron-mesencult-acf-plus\/\"]}]},{\"@type\":\"ImageObject\",\"inLanguage\":\"vi\",\"@id\":\"https:\/\/biogroupvietnam.com\/vi\/san-pham\/moi-truong-nuoi-mo-day-ron-mesencult-acf-plus\/#primaryimage\",\"url\":\"https:\/\/biogroupvietnam.com\/wp-content\/uploads\/2025\/08\/moi-truong-nuoi-mo-day-ron-mesencult-acf-plus-umbilical-cord.jpg\",\"contentUrl\":\"https:\/\/biogroupvietnam.com\/wp-content\/uploads\/2025\/08\/moi-truong-nuoi-mo-day-ron-mesencult-acf-plus-umbilical-cord.jpg\",\"width\":1640,\"height\":1260,\"caption\":\"M\u00f4i Tr\u01b0\u1eddng Nu\u00f4i M\u00f4 D\u00e2y R\u1ed1n MesenCult\u2122-ACF Plus Umbilical Cord\"},{\"@type\":\"BreadcrumbList\",\"@id\":\"https:\/\/biogroupvietnam.com\/vi\/san-pham\/moi-truong-nuoi-mo-day-ron-mesencult-acf-plus\/#breadcrumb\",\"itemListElement\":[{\"@type\":\"ListItem\",\"position\":1,\"name\":\"Trang ch\u1ee7\",\"item\":\"https:\/\/biogroupvietnam.com\/vi\/\"},{\"@type\":\"ListItem\",\"position\":2,\"name\":\"S\u1ea3n ph\u1ea9m\",\"item\":\"https:\/\/biogroupvietnam.com\/vi\/san-pham\/\"},{\"@type\":\"ListItem\",\"position\":3,\"name\":\"Nu\u00f4i C\u1ea5y T\u1ebf B\u00e0o\",\"item\":\"https:\/\/biogroupvietnam.com\/vi\/danh-muc-san-pham\/nuoi-cay-te-bao\/\"},{\"@type\":\"ListItem\",\"position\":4,\"name\":\"T\u1ebf B\u00e0o G\u1ed1c Trung M\u00f4\",\"item\":\"https:\/\/biogroupvietnam.com\/vi\/danh-muc-san-pham\/te-bao-goc-trung-mo\/\"},{\"@type\":\"ListItem\",\"position\":5,\"name\":\"M\u00f4i Tr\u01b0\u1eddng Nu\u00f4i M\u00f4 D\u00e2y R\u1ed1n MesenCult\u2122-ACF Plus Umbilical Cord\"}]},{\"@type\":\"WebSite\",\"@id\":\"https:\/\/biogroupvietnam.com\/vi\/#website\",\"url\":\"https:\/\/biogroupvietnam.com\/vi\/\",\"name\":\"Biogroup Vietnam\",\"description\":\"Biogroup Vietnam cung c\u1ea5p d\u1ecbch v\u1ee5 k\u1ef9 thu\u1eadt c\u00f9ng thi\u1ebft b\u1ecb, v\u1eadt t\u01b0, h\u00f3a ch\u1ea5t v\u00e0 gi\u1ea3i ph\u00e1p sinh h\u1ecdc cho ph\u00f2ng th\u00ed nghi\u1ec7m c\u00f4ng ngh\u1ec7 sinh h\u1ecdc, y sinh v\u00e0 y h\u1ecdc t\u00e1i t\u1ea1o.\",\"potentialAction\":[{\"@type\":\"SearchAction\",\"target\":{\"@type\":\"EntryPoint\",\"urlTemplate\":\"https:\/\/biogroupvietnam.com\/vi\/?s={search_term_string}\"},\"query-input\":{\"@type\":\"PropertyValueSpecification\",\"valueRequired\":true,\"valueName\":\"search_term_string\"}}],\"inLanguage\":\"vi\"}]}<\/script>\n<!-- \/ Yoast SEO plugin. -->","yoast_head_json":{"title":"M\u00f4i Tr\u01b0\u1eddng Nu\u00f4i M\u00f4 D\u00e2y R\u1ed1n MesenCult\u2122-ACF Plus","description":"M\u00f4i tr\u01b0\u1eddng nu\u00f4i m\u00f4 d\u00e2y r\u1ed1n kh\u00f4ng ch\u1ee9a th\u00e0nh ph\u1ea7n \u0111\u1ed9ng v\u1eadt \u0111\u01b0\u1ee3c d\u00f9ng \u0111\u1ec3 t\u1ea1o v\u00e0 t\u0103ng sinh t\u1ebf b\u00e0o g\u1ed1c trung m\u00f4 c\u1ee7a ng\u01b0\u1eddi t\u1eeb m\u00f4 d\u00e2y r\u1ed1n (UC-MSC).","robots":{"index":"index","follow":"follow","max-snippet":"max-snippet:-1","max-image-preview":"max-image-preview:large","max-video-preview":"max-video-preview:-1"},"canonical":"https:\/\/biogroupvietnam.com\/vi\/san-pham\/moi-truong-nuoi-mo-day-ron-mesencult-acf-plus\/","og_locale":"vi_VN","og_type":"article","og_title":"M\u00f4i Tr\u01b0\u1eddng Nu\u00f4i M\u00f4 D\u00e2y R\u1ed1n MesenCult\u2122-ACF Plus","og_description":"M\u00f4i tr\u01b0\u1eddng nu\u00f4i m\u00f4 d\u00e2y r\u1ed1n kh\u00f4ng ch\u1ee9a th\u00e0nh ph\u1ea7n \u0111\u1ed9ng v\u1eadt \u0111\u01b0\u1ee3c d\u00f9ng \u0111\u1ec3 t\u1ea1o v\u00e0 t\u0103ng sinh t\u1ebf b\u00e0o g\u1ed1c trung m\u00f4 c\u1ee7a ng\u01b0\u1eddi t\u1eeb m\u00f4 d\u00e2y r\u1ed1n (UC-MSC).","og_url":"https:\/\/biogroupvietnam.com\/vi\/san-pham\/moi-truong-nuoi-mo-day-ron-mesencult-acf-plus\/","og_site_name":"Biogroup Vietnam","article_modified_time":"2026-04-06T07:49:35+00:00","og_image":[{"width":1640,"height":1260,"url":"https:\/\/biogroupvietnam.com\/wp-content\/uploads\/2025\/08\/moi-truong-nuoi-mo-day-ron-mesencult-acf-plus-umbilical-cord.jpg","type":"image\/jpeg"}],"twitter_card":"summary_large_image","twitter_misc":{"\u01af\u1edbc t\u00ednh th\u1eddi gian \u0111\u1ecdc":"3 ph\u00fat"},"schema":{"@context":"https:\/\/schema.org","@graph":[{"@type":"WebPage","@id":"https:\/\/biogroupvietnam.com\/vi\/san-pham\/moi-truong-nuoi-mo-day-ron-mesencult-acf-plus\/","url":"https:\/\/biogroupvietnam.com\/vi\/san-pham\/moi-truong-nuoi-mo-day-ron-mesencult-acf-plus\/","name":"M\u00f4i Tr\u01b0\u1eddng Nu\u00f4i M\u00f4 D\u00e2y R\u1ed1n MesenCult\u2122-ACF Plus","isPartOf":{"@id":"https:\/\/biogroupvietnam.com\/vi\/#website"},"primaryImageOfPage":{"@id":"https:\/\/biogroupvietnam.com\/vi\/san-pham\/moi-truong-nuoi-mo-day-ron-mesencult-acf-plus\/#primaryimage"},"image":{"@id":"https:\/\/biogroupvietnam.com\/vi\/san-pham\/moi-truong-nuoi-mo-day-ron-mesencult-acf-plus\/#primaryimage"},"thumbnailUrl":"https:\/\/biogroupvietnam.com\/wp-content\/uploads\/2025\/08\/moi-truong-nuoi-mo-day-ron-mesencult-acf-plus-umbilical-cord.jpg","datePublished":"2025-08-18T12:51:18+00:00","dateModified":"2026-04-06T07:49:35+00:00","description":"M\u00f4i tr\u01b0\u1eddng nu\u00f4i m\u00f4 d\u00e2y r\u1ed1n kh\u00f4ng ch\u1ee9a th\u00e0nh ph\u1ea7n \u0111\u1ed9ng v\u1eadt \u0111\u01b0\u1ee3c d\u00f9ng \u0111\u1ec3 t\u1ea1o v\u00e0 t\u0103ng sinh t\u1ebf b\u00e0o g\u1ed1c trung m\u00f4 c\u1ee7a ng\u01b0\u1eddi t\u1eeb m\u00f4 d\u00e2y r\u1ed1n (UC-MSC).","breadcrumb":{"@id":"https:\/\/biogroupvietnam.com\/vi\/san-pham\/moi-truong-nuoi-mo-day-ron-mesencult-acf-plus\/#breadcrumb"},"inLanguage":"vi","potentialAction":[{"@type":"ReadAction","target":["https:\/\/biogroupvietnam.com\/vi\/san-pham\/moi-truong-nuoi-mo-day-ron-mesencult-acf-plus\/"]}]},{"@type":"ImageObject","inLanguage":"vi","@id":"https:\/\/biogroupvietnam.com\/vi\/san-pham\/moi-truong-nuoi-mo-day-ron-mesencult-acf-plus\/#primaryimage","url":"https:\/\/biogroupvietnam.com\/wp-content\/uploads\/2025\/08\/moi-truong-nuoi-mo-day-ron-mesencult-acf-plus-umbilical-cord.jpg","contentUrl":"https:\/\/biogroupvietnam.com\/wp-content\/uploads\/2025\/08\/moi-truong-nuoi-mo-day-ron-mesencult-acf-plus-umbilical-cord.jpg","width":1640,"height":1260,"caption":"M\u00f4i Tr\u01b0\u1eddng Nu\u00f4i M\u00f4 D\u00e2y R\u1ed1n MesenCult\u2122-ACF Plus Umbilical Cord"},{"@type":"BreadcrumbList","@id":"https:\/\/biogroupvietnam.com\/vi\/san-pham\/moi-truong-nuoi-mo-day-ron-mesencult-acf-plus\/#breadcrumb","itemListElement":[{"@type":"ListItem","position":1,"name":"Trang ch\u1ee7","item":"https:\/\/biogroupvietnam.com\/vi\/"},{"@type":"ListItem","position":2,"name":"S\u1ea3n ph\u1ea9m","item":"https:\/\/biogroupvietnam.com\/vi\/san-pham\/"},{"@type":"ListItem","position":3,"name":"Nu\u00f4i C\u1ea5y T\u1ebf B\u00e0o","item":"https:\/\/biogroupvietnam.com\/vi\/danh-muc-san-pham\/nuoi-cay-te-bao\/"},{"@type":"ListItem","position":4,"name":"T\u1ebf B\u00e0o G\u1ed1c Trung M\u00f4","item":"https:\/\/biogroupvietnam.com\/vi\/danh-muc-san-pham\/te-bao-goc-trung-mo\/"},{"@type":"ListItem","position":5,"name":"M\u00f4i Tr\u01b0\u1eddng Nu\u00f4i M\u00f4 D\u00e2y R\u1ed1n MesenCult\u2122-ACF Plus Umbilical Cord"}]},{"@type":"WebSite","@id":"https:\/\/biogroupvietnam.com\/vi\/#website","url":"https:\/\/biogroupvietnam.com\/vi\/","name":"Biogroup Vietnam","description":"Biogroup Vietnam cung c\u1ea5p d\u1ecbch v\u1ee5 k\u1ef9 thu\u1eadt c\u00f9ng thi\u1ebft b\u1ecb, v\u1eadt t\u01b0, h\u00f3a ch\u1ea5t v\u00e0 gi\u1ea3i ph\u00e1p sinh h\u1ecdc cho ph\u00f2ng th\u00ed nghi\u1ec7m c\u00f4ng ngh\u1ec7 sinh h\u1ecdc, y sinh v\u00e0 y h\u1ecdc t\u00e1i t\u1ea1o.","potentialAction":[{"@type":"SearchAction","target":{"@type":"EntryPoint","urlTemplate":"https:\/\/biogroupvietnam.com\/vi\/?s={search_term_string}"},"query-input":{"@type":"PropertyValueSpecification","valueRequired":true,"valueName":"search_term_string"}}],"inLanguage":"vi"}]}},"_links":{"self":[{"href":"https:\/\/biogroupvietnam.com\/vi\/wp-json\/wp\/v2\/product\/3587","targetHints":{"allow":["GET"]}}],"collection":[{"href":"https:\/\/biogroupvietnam.com\/vi\/wp-json\/wp\/v2\/product"}],"about":[{"href":"https:\/\/biogroupvietnam.com\/vi\/wp-json\/wp\/v2\/types\/product"}],"replies":[{"embeddable":true,"href":"https:\/\/biogroupvietnam.com\/vi\/wp-json\/wp\/v2\/comments?post=3587"}],"version-history":[{"count":5,"href":"https:\/\/biogroupvietnam.com\/vi\/wp-json\/wp\/v2\/product\/3587\/revisions"}],"predecessor-version":[{"id":9756,"href":"https:\/\/biogroupvietnam.com\/vi\/wp-json\/wp\/v2\/product\/3587\/revisions\/9756"}],"wp:featuredmedia":[{"embeddable":true,"href":"https:\/\/biogroupvietnam.com\/vi\/wp-json\/wp\/v2\/media\/10241"}],"wp:attachment":[{"href":"https:\/\/biogroupvietnam.com\/vi\/wp-json\/wp\/v2\/media?parent=3587"}],"wp:term":[{"taxonomy":"product_brand","embeddable":true,"href":"https:\/\/biogroupvietnam.com\/vi\/wp-json\/wp\/v2\/product_brand?post=3587"},{"taxonomy":"product_cat","embeddable":true,"href":"https:\/\/biogroupvietnam.com\/vi\/wp-json\/wp\/v2\/product_cat?post=3587"},{"taxonomy":"product_tag","embeddable":true,"href":"https:\/\/biogroupvietnam.com\/vi\/wp-json\/wp\/v2\/product_tag?post=3587"}],"curies":[{"name":"wp","href":"https:\/\/api.w.org\/{rel}","templated":true}]}}