{"id":3589,"date":"2025-08-18T19:51:19","date_gmt":"2025-08-18T12:51:19","guid":{"rendered":"http:\/\/biogroupvietnam-worldpress.local\/product\/import-placeholder-for-9\/"},"modified":"2026-04-06T14:32:33","modified_gmt":"2026-04-06T07:32:33","slug":"moi-truong-methocult-optimum","status":"publish","type":"product","link":"https:\/\/biogroupvietnam.com\/vi\/san-pham\/moi-truong-methocult-optimum\/","title":{"rendered":"M\u00f4i Tr\u01b0\u1eddng MethoCult\u2122 H4034 Optimum"},"content":{"rendered":"<h2>MethoCult\u2122 H4034 Optimum\u00a0l\u00e0 m\u00f4i tr\u01b0\u1eddng n\u1ec1n metylcellulose (Methylcellulose-Based) v\u1edbi c\u00e1c cytokine t\u00e1i t\u1ed5 h\u1ee3p \u1ee9ng\u00a0d\u1ee5ng nu\u00f4i c\u1ea5y c\u1ee5m t\u1ebf b\u00e0o g\u1ed1c t\u1ea1o m\u00e1u t\u1ea1i c\u00e1c ph\u00f2ng lab t\u1ebf b\u00e0o g\u1ed1c, nghi\u00ean c\u1ee9u ch\u1ebf t\u1ea1o d\u01b0\u1ee3c ph\u1ea9m, x\u00e9t nghi\u1ec7m \u0111\u1ed9c t\u00ednh t\u1ebf b\u00e0o.<\/h2>\n<h3><strong>T\u1ed5ng quan<\/strong><\/h3>\n<p>MethoCult\u2122 H4034 Optimum (MethoCult\u2122 GF H4034) l\u00e0 m\u1ed9t m\u00f4i tr\u01b0\u1eddng ho\u00e0n ch\u1ec9nh d\u1ef1a tr\u00ean methylcellulose \u0111\u1ec3 nu\u00f4i c\u1ea5y t\u0103ng sinh v\u00e0 ki\u1ec3m tra c\u00e1c t\u1ebf b\u00e0o ti\u1ec1n th\u00e2n t\u1ea1o m\u00e1u trong c\u00e1c x\u00e9t nghi\u1ec7m c\u1ee5m t\u1ebf b\u00e0o g\u1ed1c t\u1ea1o m\u00e1u (x\u00e9t nghi\u1ec7m CFU) t\u1eeb c\u00e1c m\u1eabu t\u1ee7y x\u01b0\u01a1ng ng\u01b0\u1eddi, m\u00e1u ngo\u1ea1i vi huy \u0111\u1ed9ng (mobilized peripheral blood), m\u00e1u ngo\u1ea1i vi (peripheral blood) v\u00e0 m\u00e1u cu\u1ed1ng r\u1ed1n. M\u00f4i tr\u01b0\u1eddng MethoCult\u2122 H4034 Optimum \u0111\u01b0\u1ee3c b\u00e0o ch\u1ebf \u0111\u1ec3 h\u1ed7 tr\u1ee3 s\u1ef1 ph\u00e1t tri\u1ec3n t\u1ed1i \u01b0u c\u1ee7a t\u1ebf b\u00e0o ti\u1ec1n th\u00e2n h\u1ed3ng c\u1ea7u (BFU-E v\u00e0 CFU-E), t\u1ebf b\u00e0o ti\u1ec1n th\u00e2n b\u1ea1ch c\u1ea7u h\u1ea1t-\u0111\u1ea1i th\u1ef1c b\u00e0o (CFU-GM, CFU-G v\u00e0 CFU-M) v\u00e0 b\u1ea1ch c\u1ea7u h\u1ea1t \u0111a n\u0103ng, h\u1ed3ng c\u1ea7u, \u0111\u1ea1i th\u1ef1c b\u00e0o v\u00e0 t\u1ebf b\u00e0o ti\u1ec1n th\u00e2n megakaryocyte (CFU-GEMM).<\/p>\n<p>Vi\u1ec7c b\u1ed5 sung G-CSF v\u00e0o th\u00e0nh ph\u1ea7n m\u00f4i tr\u01b0\u1eddng MethoCult Optimum gi\u00fap c\u1ea3i thi\u1ec7n kh\u1ea3 n\u0103ng ph\u00e2n bi\u1ec7t c\u1ee7a c\u00e1c ph\u00e2n nh\u00f3m c\u1ee5m t\u1ebf b\u00e0o d\u00f2ng t\u1ee7y (myeloid colony subtypes). C\u00f4ng th\u1ee9c m\u00f4i tr\u01b0\u1eddng MethoCult Optimum n\u00e0y t\u01b0\u01a1ng th\u00edch v\u1edbi ph\u1ea7n m\u1ec1m STEMvision \u2122 \u0111\u1ebfm t\u1ef1 \u0111\u1ed9ng c\u1ee5m t\u1ebf b\u00e0o g\u1ed1c t\u1ea1o m\u00e1u.<\/p>\n<p>X\u00e9t nghi\u1ec7m c\u1ee5m t\u1ebf b\u00e0o g\u1ed1c t\u1ea1o m\u00e1u (CFU assays) ph\u00f9 h\u1ee3p \u0111\u1ec3 \u0111\u00e1nh gi\u00e1 ch\u1ea5t l\u01b0\u1ee3ng m\u1eabu t\u1ebf b\u00e0o g\u1ed1c sau khi \u0111\u01b0\u1ee3c l\u00e0m gi\u00e0u t\u1ebf b\u00e0o CD34+, l\u00e0m gi\u00e0u t\u1ebf b\u00e0o \u0111\u01a1n nh\u00e2n v\u00e0 ph\u00e2n t\u00e1ch t\u1ebf b\u00e0o b\u1eb1ng c\u00e1c ph\u01b0\u01a1ng ph\u00e1p kh\u00e1c nhau.<\/p>\n<h3><strong>Th\u00e0nh ph\u1ea7n m\u00f4i tr\u01b0\u1eddng MethoCult\u2122 H4034 Optimum<\/strong>:<\/h3>\n<ul>\n<li>M\u00f4i tr\u01b0\u1eddng Methylcellulose in Iscove&#8217;s MDM<\/li>\n<li>Huy\u1ebft thanh thai b\u00f2<\/li>\n<li>Albumin huy\u1ebft thanh b\u00f2<\/li>\n<li>2-Mercaptoethanol<\/li>\n<li>Y\u1ebfu t\u1ed1 t\u1ebf b\u00e0o g\u1ed1c ng\u01b0\u1eddi t\u00e1i t\u1ed5 h\u1ee3p (SCF)<\/li>\n<li>Interleukin 3 (IL-3) ng\u01b0\u1eddi t\u00e1i t\u1ed5 h\u1ee3p<\/li>\n<li>Erythropoietin (EPO) ng\u01b0\u1eddi t\u00e1i t\u1ed5 h\u1ee3p<\/li>\n<li>Y\u1ebfu t\u1ed1 k\u00edch th\u00edch t\u1ea1o c\u1ee5m b\u1ea1ch c\u1ea7u h\u1ea1t-\u0111\u1ea1i th\u1ef1c b\u00e0o ng\u01b0\u1eddi t\u00e1i t\u1ed5 h\u1ee3p (GM-CSF)<\/li>\n<li>Y\u1ebfu t\u1ed1 k\u00edch th\u00edch d\u00f2ng b\u1ea1ch c\u1ea7u h\u1ea1t ng\u01b0\u1eddi t\u00e1i t\u1ed5 h\u1ee3p (G-CSF)<\/li>\n<li>C\u00e1c ch\u1ea5t b\u1ed5 sung.<\/li>\n<\/ul>\n","protected":false},"excerpt":{"rendered":"<p>MethoCult\u2122 H4034 Optimum\u00a0l\u00e0 m\u00f4i tr\u01b0\u1eddng n\u1ec1n metylcellulose (Methylcellulose-Based) v\u1edbi c\u00e1c cytokine t\u00e1i t\u1ed5 h\u1ee3p \u1ee9ng\u00a0d\u1ee5ng nu\u00f4i c\u1ea5y c\u1ee5m t\u1ebf b\u00e0o g\u1ed1c t\u1ea1o m\u00e1u t\u1ea1i c\u00e1c ph\u00f2ng lab t\u1ebf b\u00e0o g\u1ed1c, nghi\u00ean c\u1ee9u ch\u1ebf t\u1ea1o d\u01b0\u1ee3c ph\u1ea9m, x\u00e9t nghi\u1ec7m \u0111\u1ed9c t\u00ednh t\u1ebf b\u00e0o. T\u1ed5ng quan MethoCult\u2122 H4034 Optimum (MethoCult\u2122 GF H4034) l\u00e0 m\u1ed9t m\u00f4i tr\u01b0\u1eddng ho\u00e0n<\/p>\n<div class=\"klb-readmore post-buttons\"><a class=\"button rounded primary\" href=\"https:\/\/biogroupvietnam.com\/vi\/san-pham\/moi-truong-methocult-optimum\/\">Read More <i class=\"klbth-icon-right-arrow\"><\/i><\/a><\/div>\n","protected":false},"featured_media":10237,"comment_status":"closed","ping_status":"closed","template":"","meta":{"_acf_changed":false},"product_brand":[127],"product_cat":[105],"product_tag":[],"class_list":{"0":"post-3589","1":"product","2":"type-product","3":"status-publish","4":"has-post-thumbnail","6":"product_brand-stemcell-technologies","7":"product_cat-thu-nghiem-cfu","9":"first","10":"outofstock","11":"shipping-taxable","12":"product-type-simple"},"acf":[],"yoast_head":"<!-- This site is optimized with the Yoast SEO plugin v26.8 - https:\/\/yoast.com\/product\/yoast-seo-wordpress\/ -->\n<title>M\u00f4i Tr\u01b0\u1eddng MethoCult\u2122 H4034 Optimum<\/title>\n<meta name=\"description\" content=\"MethoCult\u2122 H4034 Optimum\u00a0l\u00e0 m\u00f4i tr\u01b0\u1eddng n\u1ec1n metylcellulose (Methylcellulose-Based) v\u1edbi c\u00e1c cytokine t\u00e1i t\u1ed5 h\u1ee3p \u1ee9ng\u00a0d\u1ee5ng nu\u00f4i c\u1ea5y c\u1ee5m t\u1ebf b\u00e0o g\u1ed1c t\u1ea1o m\u00e1u t\u1ea1i c\u00e1c ph\u00f2ng lab t\u1ebf b\u00e0o g\u1ed1c, nghi\u00ean c\u1ee9u ch\u1ebf t\u1ea1o d\u01b0\u1ee3c ph\u1ea9m, x\u00e9t nghi\u1ec7m \u0111\u1ed9c t\u00ednh t\u1ebf b\u00e0o.\" \/>\n<meta name=\"robots\" content=\"index, follow, max-snippet:-1, max-image-preview:large, max-video-preview:-1\" \/>\n<link rel=\"canonical\" href=\"https:\/\/biogroupvietnam.com\/vi\/san-pham\/moi-truong-methocult-optimum\/\" \/>\n<meta property=\"og:locale\" content=\"vi_VN\" \/>\n<meta property=\"og:type\" content=\"article\" \/>\n<meta property=\"og:title\" content=\"M\u00f4i Tr\u01b0\u1eddng MethoCult\u2122 H4034 Optimum\" \/>\n<meta property=\"og:description\" content=\"MethoCult\u2122 H4034 Optimum\u00a0l\u00e0 m\u00f4i tr\u01b0\u1eddng n\u1ec1n metylcellulose (Methylcellulose-Based) v\u1edbi c\u00e1c cytokine t\u00e1i t\u1ed5 h\u1ee3p \u1ee9ng\u00a0d\u1ee5ng nu\u00f4i c\u1ea5y c\u1ee5m t\u1ebf b\u00e0o g\u1ed1c t\u1ea1o m\u00e1u t\u1ea1i c\u00e1c ph\u00f2ng lab t\u1ebf b\u00e0o g\u1ed1c, nghi\u00ean c\u1ee9u ch\u1ebf t\u1ea1o d\u01b0\u1ee3c ph\u1ea9m, x\u00e9t nghi\u1ec7m \u0111\u1ed9c t\u00ednh t\u1ebf b\u00e0o.\" \/>\n<meta property=\"og:url\" content=\"https:\/\/biogroupvietnam.com\/vi\/san-pham\/moi-truong-methocult-optimum\/\" \/>\n<meta property=\"og:site_name\" content=\"Biogroup Vietnam\" \/>\n<meta property=\"article:modified_time\" content=\"2026-04-06T07:32:33+00:00\" \/>\n<meta property=\"og:image\" content=\"https:\/\/biogroupvietnam.com\/wp-content\/uploads\/2025\/08\/moi-truong-methocult-h4034-optimum.jpg\" \/>\n\t<meta property=\"og:image:width\" content=\"1640\" \/>\n\t<meta property=\"og:image:height\" content=\"1260\" \/>\n\t<meta property=\"og:image:type\" content=\"image\/jpeg\" \/>\n<meta name=\"twitter:card\" content=\"summary_large_image\" \/>\n<meta name=\"twitter:label1\" content=\"\u01af\u1edbc t\u00ednh th\u1eddi gian \u0111\u1ecdc\" \/>\n\t<meta name=\"twitter:data1\" content=\"3 ph\u00fat\" \/>\n<script type=\"application\/ld+json\" class=\"yoast-schema-graph\">{\"@context\":\"https:\/\/schema.org\",\"@graph\":[{\"@type\":\"WebPage\",\"@id\":\"https:\/\/biogroupvietnam.com\/vi\/san-pham\/moi-truong-methocult-optimum\/\",\"url\":\"https:\/\/biogroupvietnam.com\/vi\/san-pham\/moi-truong-methocult-optimum\/\",\"name\":\"M\u00f4i Tr\u01b0\u1eddng MethoCult\u2122 H4034 Optimum\",\"isPartOf\":{\"@id\":\"https:\/\/biogroupvietnam.com\/vi\/#website\"},\"primaryImageOfPage\":{\"@id\":\"https:\/\/biogroupvietnam.com\/vi\/san-pham\/moi-truong-methocult-optimum\/#primaryimage\"},\"image\":{\"@id\":\"https:\/\/biogroupvietnam.com\/vi\/san-pham\/moi-truong-methocult-optimum\/#primaryimage\"},\"thumbnailUrl\":\"https:\/\/biogroupvietnam.com\/wp-content\/uploads\/2025\/08\/moi-truong-methocult-h4034-optimum.jpg\",\"datePublished\":\"2025-08-18T12:51:19+00:00\",\"dateModified\":\"2026-04-06T07:32:33+00:00\",\"description\":\"MethoCult\u2122 H4034 Optimum\u00a0l\u00e0 m\u00f4i tr\u01b0\u1eddng n\u1ec1n metylcellulose (Methylcellulose-Based) v\u1edbi c\u00e1c cytokine t\u00e1i t\u1ed5 h\u1ee3p \u1ee9ng\u00a0d\u1ee5ng nu\u00f4i c\u1ea5y c\u1ee5m t\u1ebf b\u00e0o g\u1ed1c t\u1ea1o m\u00e1u t\u1ea1i c\u00e1c ph\u00f2ng lab t\u1ebf b\u00e0o g\u1ed1c, nghi\u00ean c\u1ee9u ch\u1ebf t\u1ea1o d\u01b0\u1ee3c ph\u1ea9m, x\u00e9t nghi\u1ec7m \u0111\u1ed9c t\u00ednh t\u1ebf b\u00e0o.\",\"breadcrumb\":{\"@id\":\"https:\/\/biogroupvietnam.com\/vi\/san-pham\/moi-truong-methocult-optimum\/#breadcrumb\"},\"inLanguage\":\"vi\",\"potentialAction\":[{\"@type\":\"ReadAction\",\"target\":[\"https:\/\/biogroupvietnam.com\/vi\/san-pham\/moi-truong-methocult-optimum\/\"]}]},{\"@type\":\"ImageObject\",\"inLanguage\":\"vi\",\"@id\":\"https:\/\/biogroupvietnam.com\/vi\/san-pham\/moi-truong-methocult-optimum\/#primaryimage\",\"url\":\"https:\/\/biogroupvietnam.com\/wp-content\/uploads\/2025\/08\/moi-truong-methocult-h4034-optimum.jpg\",\"contentUrl\":\"https:\/\/biogroupvietnam.com\/wp-content\/uploads\/2025\/08\/moi-truong-methocult-h4034-optimum.jpg\",\"width\":1640,\"height\":1260,\"caption\":\"M\u00f4i Tr\u01b0\u1eddng MethoCult\u2122 H4034 Optimum\"},{\"@type\":\"BreadcrumbList\",\"@id\":\"https:\/\/biogroupvietnam.com\/vi\/san-pham\/moi-truong-methocult-optimum\/#breadcrumb\",\"itemListElement\":[{\"@type\":\"ListItem\",\"position\":1,\"name\":\"Trang ch\u1ee7\",\"item\":\"https:\/\/biogroupvietnam.com\/vi\/\"},{\"@type\":\"ListItem\",\"position\":2,\"name\":\"S\u1ea3n ph\u1ea9m\",\"item\":\"https:\/\/biogroupvietnam.com\/vi\/san-pham\/\"},{\"@type\":\"ListItem\",\"position\":3,\"name\":\"X\u00e9t Nghi\u1ec7m Sinh H\u1ecdc\",\"item\":\"https:\/\/biogroupvietnam.com\/vi\/danh-muc-san-pham\/xet-nghiem-sinh-hoc\/\"},{\"@type\":\"ListItem\",\"position\":4,\"name\":\"Th\u1eed Nghi\u1ec7m CFU\",\"item\":\"https:\/\/biogroupvietnam.com\/vi\/danh-muc-san-pham\/thu-nghiem-cfu\/\"},{\"@type\":\"ListItem\",\"position\":5,\"name\":\"M\u00f4i Tr\u01b0\u1eddng MethoCult\u2122 H4034 Optimum\"}]},{\"@type\":\"WebSite\",\"@id\":\"https:\/\/biogroupvietnam.com\/vi\/#website\",\"url\":\"https:\/\/biogroupvietnam.com\/vi\/\",\"name\":\"Biogroup Vietnam\",\"description\":\"Biogroup Vietnam cung c\u1ea5p d\u1ecbch v\u1ee5 k\u1ef9 thu\u1eadt c\u00f9ng thi\u1ebft b\u1ecb, v\u1eadt t\u01b0, h\u00f3a ch\u1ea5t v\u00e0 gi\u1ea3i ph\u00e1p sinh h\u1ecdc cho ph\u00f2ng th\u00ed nghi\u1ec7m c\u00f4ng ngh\u1ec7 sinh h\u1ecdc, y sinh v\u00e0 y h\u1ecdc t\u00e1i t\u1ea1o.\",\"potentialAction\":[{\"@type\":\"SearchAction\",\"target\":{\"@type\":\"EntryPoint\",\"urlTemplate\":\"https:\/\/biogroupvietnam.com\/vi\/?s={search_term_string}\"},\"query-input\":{\"@type\":\"PropertyValueSpecification\",\"valueRequired\":true,\"valueName\":\"search_term_string\"}}],\"inLanguage\":\"vi\"}]}<\/script>\n<!-- \/ Yoast SEO plugin. -->","yoast_head_json":{"title":"M\u00f4i Tr\u01b0\u1eddng MethoCult\u2122 H4034 Optimum","description":"MethoCult\u2122 H4034 Optimum\u00a0l\u00e0 m\u00f4i tr\u01b0\u1eddng n\u1ec1n metylcellulose (Methylcellulose-Based) v\u1edbi c\u00e1c cytokine t\u00e1i t\u1ed5 h\u1ee3p \u1ee9ng\u00a0d\u1ee5ng nu\u00f4i c\u1ea5y c\u1ee5m t\u1ebf b\u00e0o g\u1ed1c t\u1ea1o m\u00e1u t\u1ea1i c\u00e1c ph\u00f2ng lab t\u1ebf b\u00e0o g\u1ed1c, nghi\u00ean c\u1ee9u ch\u1ebf t\u1ea1o d\u01b0\u1ee3c ph\u1ea9m, x\u00e9t nghi\u1ec7m \u0111\u1ed9c t\u00ednh t\u1ebf b\u00e0o.","robots":{"index":"index","follow":"follow","max-snippet":"max-snippet:-1","max-image-preview":"max-image-preview:large","max-video-preview":"max-video-preview:-1"},"canonical":"https:\/\/biogroupvietnam.com\/vi\/san-pham\/moi-truong-methocult-optimum\/","og_locale":"vi_VN","og_type":"article","og_title":"M\u00f4i Tr\u01b0\u1eddng MethoCult\u2122 H4034 Optimum","og_description":"MethoCult\u2122 H4034 Optimum\u00a0l\u00e0 m\u00f4i tr\u01b0\u1eddng n\u1ec1n metylcellulose (Methylcellulose-Based) v\u1edbi c\u00e1c cytokine t\u00e1i t\u1ed5 h\u1ee3p \u1ee9ng\u00a0d\u1ee5ng nu\u00f4i c\u1ea5y c\u1ee5m t\u1ebf b\u00e0o g\u1ed1c t\u1ea1o m\u00e1u t\u1ea1i c\u00e1c ph\u00f2ng lab t\u1ebf b\u00e0o g\u1ed1c, nghi\u00ean c\u1ee9u ch\u1ebf t\u1ea1o d\u01b0\u1ee3c ph\u1ea9m, x\u00e9t nghi\u1ec7m \u0111\u1ed9c t\u00ednh t\u1ebf b\u00e0o.","og_url":"https:\/\/biogroupvietnam.com\/vi\/san-pham\/moi-truong-methocult-optimum\/","og_site_name":"Biogroup Vietnam","article_modified_time":"2026-04-06T07:32:33+00:00","og_image":[{"width":1640,"height":1260,"url":"https:\/\/biogroupvietnam.com\/wp-content\/uploads\/2025\/08\/moi-truong-methocult-h4034-optimum.jpg","type":"image\/jpeg"}],"twitter_card":"summary_large_image","twitter_misc":{"\u01af\u1edbc t\u00ednh th\u1eddi gian \u0111\u1ecdc":"3 ph\u00fat"},"schema":{"@context":"https:\/\/schema.org","@graph":[{"@type":"WebPage","@id":"https:\/\/biogroupvietnam.com\/vi\/san-pham\/moi-truong-methocult-optimum\/","url":"https:\/\/biogroupvietnam.com\/vi\/san-pham\/moi-truong-methocult-optimum\/","name":"M\u00f4i Tr\u01b0\u1eddng MethoCult\u2122 H4034 Optimum","isPartOf":{"@id":"https:\/\/biogroupvietnam.com\/vi\/#website"},"primaryImageOfPage":{"@id":"https:\/\/biogroupvietnam.com\/vi\/san-pham\/moi-truong-methocult-optimum\/#primaryimage"},"image":{"@id":"https:\/\/biogroupvietnam.com\/vi\/san-pham\/moi-truong-methocult-optimum\/#primaryimage"},"thumbnailUrl":"https:\/\/biogroupvietnam.com\/wp-content\/uploads\/2025\/08\/moi-truong-methocult-h4034-optimum.jpg","datePublished":"2025-08-18T12:51:19+00:00","dateModified":"2026-04-06T07:32:33+00:00","description":"MethoCult\u2122 H4034 Optimum\u00a0l\u00e0 m\u00f4i tr\u01b0\u1eddng n\u1ec1n metylcellulose (Methylcellulose-Based) v\u1edbi c\u00e1c cytokine t\u00e1i t\u1ed5 h\u1ee3p \u1ee9ng\u00a0d\u1ee5ng nu\u00f4i c\u1ea5y c\u1ee5m t\u1ebf b\u00e0o g\u1ed1c t\u1ea1o m\u00e1u t\u1ea1i c\u00e1c ph\u00f2ng lab t\u1ebf b\u00e0o g\u1ed1c, nghi\u00ean c\u1ee9u ch\u1ebf t\u1ea1o d\u01b0\u1ee3c ph\u1ea9m, x\u00e9t nghi\u1ec7m \u0111\u1ed9c t\u00ednh t\u1ebf b\u00e0o.","breadcrumb":{"@id":"https:\/\/biogroupvietnam.com\/vi\/san-pham\/moi-truong-methocult-optimum\/#breadcrumb"},"inLanguage":"vi","potentialAction":[{"@type":"ReadAction","target":["https:\/\/biogroupvietnam.com\/vi\/san-pham\/moi-truong-methocult-optimum\/"]}]},{"@type":"ImageObject","inLanguage":"vi","@id":"https:\/\/biogroupvietnam.com\/vi\/san-pham\/moi-truong-methocult-optimum\/#primaryimage","url":"https:\/\/biogroupvietnam.com\/wp-content\/uploads\/2025\/08\/moi-truong-methocult-h4034-optimum.jpg","contentUrl":"https:\/\/biogroupvietnam.com\/wp-content\/uploads\/2025\/08\/moi-truong-methocult-h4034-optimum.jpg","width":1640,"height":1260,"caption":"M\u00f4i Tr\u01b0\u1eddng MethoCult\u2122 H4034 Optimum"},{"@type":"BreadcrumbList","@id":"https:\/\/biogroupvietnam.com\/vi\/san-pham\/moi-truong-methocult-optimum\/#breadcrumb","itemListElement":[{"@type":"ListItem","position":1,"name":"Trang ch\u1ee7","item":"https:\/\/biogroupvietnam.com\/vi\/"},{"@type":"ListItem","position":2,"name":"S\u1ea3n ph\u1ea9m","item":"https:\/\/biogroupvietnam.com\/vi\/san-pham\/"},{"@type":"ListItem","position":3,"name":"X\u00e9t Nghi\u1ec7m Sinh H\u1ecdc","item":"https:\/\/biogroupvietnam.com\/vi\/danh-muc-san-pham\/xet-nghiem-sinh-hoc\/"},{"@type":"ListItem","position":4,"name":"Th\u1eed Nghi\u1ec7m CFU","item":"https:\/\/biogroupvietnam.com\/vi\/danh-muc-san-pham\/thu-nghiem-cfu\/"},{"@type":"ListItem","position":5,"name":"M\u00f4i Tr\u01b0\u1eddng MethoCult\u2122 H4034 Optimum"}]},{"@type":"WebSite","@id":"https:\/\/biogroupvietnam.com\/vi\/#website","url":"https:\/\/biogroupvietnam.com\/vi\/","name":"Biogroup Vietnam","description":"Biogroup Vietnam cung c\u1ea5p d\u1ecbch v\u1ee5 k\u1ef9 thu\u1eadt c\u00f9ng thi\u1ebft b\u1ecb, v\u1eadt t\u01b0, h\u00f3a ch\u1ea5t v\u00e0 gi\u1ea3i ph\u00e1p sinh h\u1ecdc cho ph\u00f2ng th\u00ed nghi\u1ec7m c\u00f4ng ngh\u1ec7 sinh h\u1ecdc, y sinh v\u00e0 y h\u1ecdc t\u00e1i t\u1ea1o.","potentialAction":[{"@type":"SearchAction","target":{"@type":"EntryPoint","urlTemplate":"https:\/\/biogroupvietnam.com\/vi\/?s={search_term_string}"},"query-input":{"@type":"PropertyValueSpecification","valueRequired":true,"valueName":"search_term_string"}}],"inLanguage":"vi"}]}},"_links":{"self":[{"href":"https:\/\/biogroupvietnam.com\/vi\/wp-json\/wp\/v2\/product\/3589","targetHints":{"allow":["GET"]}}],"collection":[{"href":"https:\/\/biogroupvietnam.com\/vi\/wp-json\/wp\/v2\/product"}],"about":[{"href":"https:\/\/biogroupvietnam.com\/vi\/wp-json\/wp\/v2\/types\/product"}],"replies":[{"embeddable":true,"href":"https:\/\/biogroupvietnam.com\/vi\/wp-json\/wp\/v2\/comments?post=3589"}],"version-history":[{"count":4,"href":"https:\/\/biogroupvietnam.com\/vi\/wp-json\/wp\/v2\/product\/3589\/revisions"}],"predecessor-version":[{"id":10238,"href":"https:\/\/biogroupvietnam.com\/vi\/wp-json\/wp\/v2\/product\/3589\/revisions\/10238"}],"wp:featuredmedia":[{"embeddable":true,"href":"https:\/\/biogroupvietnam.com\/vi\/wp-json\/wp\/v2\/media\/10237"}],"wp:attachment":[{"href":"https:\/\/biogroupvietnam.com\/vi\/wp-json\/wp\/v2\/media?parent=3589"}],"wp:term":[{"taxonomy":"product_brand","embeddable":true,"href":"https:\/\/biogroupvietnam.com\/vi\/wp-json\/wp\/v2\/product_brand?post=3589"},{"taxonomy":"product_cat","embeddable":true,"href":"https:\/\/biogroupvietnam.com\/vi\/wp-json\/wp\/v2\/product_cat?post=3589"},{"taxonomy":"product_tag","embeddable":true,"href":"https:\/\/biogroupvietnam.com\/vi\/wp-json\/wp\/v2\/product_tag?post=3589"}],"curies":[{"name":"wp","href":"https:\/\/api.w.org\/{rel}","templated":true}]}}