{"id":3590,"date":"2025-08-18T19:51:19","date_gmt":"2025-08-18T12:51:19","guid":{"rendered":"http:\/\/biogroupvietnam-worldpress.local\/product\/import-placeholder-for-10\/"},"modified":"2025-11-12T18:44:32","modified_gmt":"2025-11-12T11:44:32","slug":"turbox-48","status":"publish","type":"product","link":"https:\/\/biogroupvietnam.com\/vi\/san-pham\/turbox-48\/","title":{"rendered":"H\u1ec7 Th\u1ed1ng T\u00e1ch Chi\u1ebft Nucleic Acid T\u1ef1 \u0110\u1ed9ng TurboX 48"},"content":{"rendered":"<p><span style=\"background-color: transparent; color: #000000; font-family: Arial,sans-serif; font-size: 12pt;\"><i><strong>H\u1ec7 th\u1ed1ng t\u00e1ch chi\u1ebft nucleic acid t\u1ef1 \u0111\u1ed9ng h\u00f3a ch\u00ednh x\u00e1c, ti\u1ebft ki\u1ec7m th\u1eddi gian<\/strong><\/i><\/span><\/p>\n<p><span style=\"background-color: transparent; color: #000000; font-family: Arial,sans-serif; font-size: 12pt;\">TurboX 48 l\u00e0 h\u1ec7 th\u1ed1ng t\u00e1ch chi\u1ebft axit nucleic t\u1ef1 \u0111\u1ed9ng \u0111\u1ea7u ti\u00ean t\u00edch h\u1ee3p m\u00e1y ly t\u00e2m c\u00f4ng su\u1ea5t cao, c\u00f3 kh\u1ea3 n\u0103ng ly t\u00e2m c\u1ed9t tinh s\u1ea1ch, \u0111\u1ea3m b\u1ea3o r\u1eeda gi\u1ea3i RNA\/DNA tinh khi\u1ebft v\u1edbi \u0111\u1ed9 nh\u1ea5t qu\u00e1n cao.<\/span><\/p>\n<h3><span style=\"background-color: transparent; color: #000000; font-family: Arial,sans-serif; font-size: 16pt;\"><strong>\u0110\u1eb7c \u0111i\u1ec3m n\u1ed5i b\u1eadt<\/strong><\/span><\/h3>\n<ul>\n<li><span style=\"background-color: transparent; color: #000000; font-family: Arial,sans-serif; font-size: 12pt;\">Thi\u1ebft b\u1ecb c\u00f3 th\u1ec3 x\u1eed l\u00fd c\u00e1c m\u1eabu l\u1edbn \u0111\u1ebfn 5 mL m\u00e0 v\u1eabn \u0111\u1ea3m b\u1ea3o k\u1ebft qu\u1ea3 ch\u1ea5t l\u01b0\u1ee3ng cao.\u00a0<\/span><\/li>\n<li><span style=\"background-color: transparent; color: #000000; font-family: Arial,sans-serif; font-size: 12pt;\">TurboX 48 \u0111\u01b0\u1ee3c thi\u1ebft k\u1ebf \u0111\u1ec3 \u0111\u00e1p \u1ee9ng c\u00e1c \u1ee9ng d\u1ee5ng \u0111\u00f2i h\u1ecfi kh\u1eaft khe nh\u01b0 RNA, c\u00e1c axit nucleic n\u1ed3ng \u0111\u1ed9 th\u1ea5p nh\u01b0 ctDNA, cfDNA.\u00a0<\/span><\/li>\n<li><span style=\"background-color: transparent; color: #000000; font-family: Arial,sans-serif; font-size: 12pt;\">C\u00f4ng ngh\u1ec7 m\u1edf n\u1eafp (\u0111\u00e3 c\u1ea5p b\u1eb1ng s\u00e1ng ch\u1ebf) c\u1ee7a Blue-ray k\u1ebft h\u1ee3p v\u1edbi h\u1ec7 th\u1ed1ng pipet t\u1ef1 \u0111\u1ed9ng. TurboX 48 h\u1ee3p l\u00fd h\u00f3a quy tr\u00ecnh chuy\u1ec3n m\u1eabu, mang l\u1ea1i hi\u1ec7u su\u1ea5t cao v\u00e0 t\u1ef1 \u0111\u1ed9ng h\u00f3a ch\u00ednh x\u00e1c, gi\u1ea3m \u0111\u00e1ng k\u1ec3 l\u1ed7i c\u1ee7a con ng\u01b0\u1eddi v\u00e0 t\u0103ng c\u00f4ng su\u1ea5t.\u00a0<\/span><\/li>\n<li><span style=\"background-color: transparent; color: #000000; font-family: Arial,sans-serif; font-size: 12pt;\">TurboX 48 x\u1eed l\u00fd t\u1ed1i \u0111a 4 k\u00eanh c\u00f9ng l\u00fac, \u0111\u1ea1t c\u00f4ng su\u1ea5t \u1ea5n t\u01b0\u1ee3ng l\u00e0 48 m\u1eabu chu\u1ea9n ho\u1eb7c 12 m\u1eabu th\u1ec3 t\u00edch l\u1edbn (5 mL).<\/span><\/li>\n<li><span style=\"background-color: transparent; color: #000000; font-family: Arial,sans-serif; font-size: 12pt;\">Quy tr\u00ecnh l\u00e0m vi\u1ec7c hi\u1ec7u qu\u1ea3, c\u00f3 th\u1ec3 th\u1ef1c hi\u1ec7n thi\u1ebft l\u1eadp nhanh trong 5 ph\u00fat nh\u1edd h\u01b0\u1edbng d\u1eabn tr\u1ef1c quan.<\/span><\/li>\n<li><span style=\"background-color: transparent; color: #000000; font-family: Arial,sans-serif; font-size: 12pt;\">Hi\u1ec7u su\u1ea5t \u0111\u00e1ng tin c\u1eady<\/span>\n<p><span style=\"background-color: transparent; color: #000000; font-family: Arial,sans-serif; font-size: 12pt;\">B\u1ed9 kit t\u00e1ch DNA t\u1eeb m\u00e1u t\u01b0\u01a1ng th\u00edch v\u1edbi m\u00f4 h\u00ecnh chu\u1ea9n v\u1ec1 hi\u1ec7u su\u1ea5t DNA<img fetchpriority=\"high\" decoding=\"async\" class=\"image_resized\" style=\"aspect-ratio: 543\/195; width: 62.73%;\" src=\"https:\/\/lh7-rt.googleusercontent.com\/docsz\/AD_4nXfzvU_-nDwFP2GsJL6IvxS43I20fk7d8wjvdxhSyq9NdNqAOoZ022KohwI2X-Jm3EspCH0glR8kmDNtR2KHcGNEeVhdHVGxEQcHfZHW580xI9Lbb-cYBasbWeGRGNbK0glXwxqXbg?key=uT9C8u5vsmcuarlvwpaurg\" alt=\"h\u1ec7 th\u1ed1ng t\u00e1ch chi\u1ebft nucleic acid t\u1ef1 \u0111\u1ed9ng TurboX 48\" width=\"543\" height=\"195\" \/><\/span><\/p>\n<p><span style=\"background-color: transparent; color: #000000; font-family: Arial,sans-serif; font-size: 12pt;\">DNA b\u1ed9 gen \u0111\u01b0\u1ee3c t\u00e1ch th\u1ee7 c\u00f4ng t\u1eeb 200 \u00b5L m\u00e1u v\u1edbi b\u1ed9 kit th\u01b0\u01a1ng m\u1ea1i (h\u00e3ng Q) v\u00e0 h\u1ec7 th\u1ed1ng TurboX 48 v\u1edbi b\u1ed9 Blue-ray Biotech Blood DNA kit.<\/span><\/p>\n<p><span style=\"background-color: transparent; color: #000000; font-family: Arial,sans-serif; font-size: 12pt;\">B\u1ed9 kit t\u00e1ch DNA t\u1eeb m\u00f4 cho ch\u1ea5t l\u01b0\u1ee3ng DNA cao h\u01a1n, s\u1ea1ch h\u01a1n, h\u00ecnh \u1ea3nh tr\u00ean gel kh\u00f4ng c\u00f3 c\u00e1c v\u1ec7t smear.<img decoding=\"async\" class=\"image_resized\" style=\"aspect-ratio: 545\/197; width: 63.47%;\" src=\"https:\/\/lh7-rt.googleusercontent.com\/docsz\/AD_4nXdD9BA5RqNuEm6pTW-UJZW0z2_9PYkOJuq4ivSstB1m9bZpNL_3QumdU04Hkn-ia14xiP3QJIBMLpbxckVEJzA54UIoCwmF8XGtrj-lbKsKRJx4ElzWYUZ9M6H19-xHTni3lnMA?key=uT9C8u5vsmcuarlvwpaurg\" alt=\"h\u1ec7 th\u1ed1ng t\u00e1ch chi\u1ebft nucleic acid t\u1ef1 \u0111\u1ed9ng TurboX 48\" width=\"545\" height=\"197\" \/><\/span><\/p>\n<p><span style=\"background-color: transparent; color: #000000; font-family: Arial,sans-serif; font-size: 12pt;\">M\u00f4 t\u00f4m (25 mg\/m\u1eabu) \u0111\u01b0\u1ee3c t\u00e1ch th\u1ee7 c\u00f4ng v\u1edbi b\u1ed9 kit th\u01b0\u01a1ng m\u1ea1i (h\u00e3ng Q) v\u00e0 h\u1ec7 th\u1ed1ng TurboX 48 v\u1edbi b\u1ed9 Blue-ray Biotech DNA DNA kit.<\/span><\/li>\n<\/ul>\n<h3><span style=\"background-color: transparent; color: #000000; font-family: Arial,sans-serif; font-size: 16pt;\"><strong>C\u1ea5u t\u1ea1o k\u1ef9 thu\u1eadt<\/strong><\/span><\/h3>\n<h3><img decoding=\"async\" class=\"image_resized\" style=\"aspect-ratio: 368\/354; width: 37.85%;\" src=\"https:\/\/biogroupvietnam.com\/uploads\/ACHO3rCriQI0AwZ5A1oRnXc8YGC66OVwWxpfH0H7.png\" alt=\"h\u1ec7 th\u1ed1ng t\u00e1ch chi\u1ebft nucleic acid t\u1ef1 \u0111\u1ed9ng TurboX 48\" width=\"368\" height=\"354\" \/><\/h3>\n<ol>\n<li><span style=\"background-color: transparent; color: #000000; font-family: Arial,sans-serif; font-size: 12pt;\">T\u00edch h\u1ee3p m\u00e1y ly t\u00e2m c\u00f4ng su\u1ea5t cao 48 m\u1eabu\u00a0<\/span><\/li>\n<li><span style=\"background-color: transparent; color: #000000; font-family: Arial,sans-serif; font-size: 12pt;\">48 m\u1eabu ti\u00eau chu\u1ea9n ho\u1eb7c 12 m\u1eabu l\u1edbn\u00a0<\/span><\/li>\n<li><span style=\"background-color: transparent; color: #000000; font-family: Arial,sans-serif; font-size: 12pt;\">M\u00e1y khu\u1ea5y nhi\u1ec7t nh\u1ecf g\u1ecdn\u00a0<\/span><\/li>\n<li><span style=\"background-color: transparent; color: #000000; font-family: Arial,sans-serif; font-size: 12pt;\">Module m\u1edf n\u1eafp s\u00e1ng t\u1ea1o\u00a0<\/span><\/li>\n<li><span style=\"background-color: transparent; color: #000000; font-family: Arial,sans-serif; font-size: 12pt;\">T\u1ef1 gi\u00e1m s\u00e1t kh\u00f4ng l\u1ed7i\u00a0<\/span><\/li>\n<li><span style=\"background-color: transparent; color: #000000; font-family: Arial,sans-serif; font-size: 12pt;\">H\u1ec7 th\u1ed1ng pipette t\u1ef1 \u0111\u1ed9ng\u00a0<\/span><\/li>\n<li><span style=\"background-color: transparent; color: #000000; font-family: Arial,sans-serif; font-size: 12pt;\">Kh\u1eed nhi\u1ec5m b\u1eb1ng tia UV\u00a0<\/span><\/li>\n<li><span style=\"background-color: transparent; color: #000000; font-family: Arial,sans-serif; font-size: 12pt;\">H\u1ec7 th\u1ed1ng qu\u1ea3n l\u00ed ch\u1ea5t th\u1ea3i\u00a0<\/span><\/li>\n<li><span style=\"background-color: transparent; color: #000000; font-family: Arial,sans-serif; font-size: 12pt;\">Giao di\u1ec7n th\u00e2n thi\u1ec7n ng\u01b0\u1eddi d\u00f9ng v\u1edbi quy tr\u00ecnh th\u1ef1c hi\u1ec7n t\u1eebng b\u01b0\u1edbc\u00a0<\/span><\/li>\n<\/ol>\n<p><img loading=\"lazy\" decoding=\"async\" class=\"image_resized\" style=\"aspect-ratio: 697\/141; width: 65.11%;\" src=\"https:\/\/biogroupvietnam.com\/uploads\/id6rRq3MwWLTkKXBlRW2tar36g6WEvQ6PdOmzX58.png\" alt=\"h\u1ec7 th\u1ed1ng t\u00e1ch chi\u1ebft nucleic acid t\u1ef1 \u0111\u1ed9ng TurboX 48\" width=\"697\" height=\"141\" \/><\/p>\n<p>&nbsp;<\/p>\n<figure class=\"table\" style=\"width: 93.9%;\">\n<table class=\"ck-table-resized\" style=\"border: 0.2px solid hsl(0, 0%, 30%);\">\n<colgroup>\n<col style=\"width: 50.65%;\" \/>\n<col style=\"width: 49.35%;\" \/><\/colgroup>\n<tbody>\n<tr>\n<td style=\"border: 0.2px solid hsl(0, 0%, 30%); text-align: center;\"><strong>Lo\u1ea1i m\u1eabu:<\/strong> t\u1ebf b\u00e0o, m\u00f4, m\u1eabu m\u00f4 sinh thi\u1ebft ung th\u01b0 (FFPE), sinh thi\u1ebft l\u1ecfng (cfDNA).<\/td>\n<td style=\"border: 0.2px solid hsl(0, 0%, 30%); text-align: center;\"><strong>\u1ee8ng d\u1ee5ng:<\/strong> NGS, microarray, NIPT\/oncology.<\/td>\n<\/tr>\n<tr>\n<td style=\"border: 0.2px solid hsl(0, 0%, 30%);\">\n<figure class=\"image\"><img loading=\"lazy\" decoding=\"async\" style=\"aspect-ratio: 379\/202;\" src=\"https:\/\/biogroupvietnam.com\/uploads\/VWJJSWDXsi4MZ3xbodu5ylUhRmUWOyAsWCArRsx3.png\" alt=\"h\u1ec7 th\u1ed1ng t\u00e1ch chi\u1ebft nucleic acid t\u1ef1 \u0111\u1ed9ng TurboX 48\" width=\"379\" height=\"202\" \/><\/figure>\n<\/td>\n<td>\n<figure class=\"image\"><img loading=\"lazy\" decoding=\"async\" style=\"aspect-ratio: 436\/235;\" src=\"https:\/\/biogroupvietnam.com\/uploads\/7xkfAmLmS1Lm7dIhY2cG6jwLXugIV88L7UjFz6iV.png\" alt=\"\" width=\"436\" height=\"235\" \/><\/figure>\n<\/td>\n<\/tr>\n<\/tbody>\n<\/table>\n<\/figure>\n<h3><span style=\"background-color: transparent; color: #000000; font-family: Arial,sans-serif; font-size: 16pt;\"><strong>Th\u00f4ng tin \u0111\u1eb7t h\u00e0ng<\/strong><\/span><\/h3>\n<p><span style=\"background-color: transparent; color: #000000; font-family: Arial,sans-serif; font-size: 12pt;\">BNRI-0048: H\u1ec7 th\u1ed1ng t\u00e1ch chi\u1ebft axit nucleic t\u1ef1 \u0111\u1ed9ng TurboX 48.<\/span><\/p>\n","protected":false},"excerpt":{"rendered":"<p>H\u1ec7 th\u1ed1ng t\u00e1ch chi\u1ebft nucleic acid t\u1ef1 \u0111\u1ed9ng h\u00f3a ch\u00ednh x\u00e1c, ti\u1ebft ki\u1ec7m th\u1eddi gian TurboX 48 l\u00e0 h\u1ec7 th\u1ed1ng t\u00e1ch chi\u1ebft axit nucleic t\u1ef1 \u0111\u1ed9ng \u0111\u1ea7u ti\u00ean t\u00edch h\u1ee3p m\u00e1y ly t\u00e2m c\u00f4ng su\u1ea5t cao, c\u00f3 kh\u1ea3 n\u0103ng ly t\u00e2m c\u1ed9t tinh s\u1ea1ch, \u0111\u1ea3m b\u1ea3o r\u1eeda gi\u1ea3i RNA\/DNA tinh khi\u1ebft v\u1edbi \u0111\u1ed9 nh\u1ea5t qu\u00e1n<\/p>\n<div class=\"klb-readmore post-buttons\"><a class=\"button rounded primary\" href=\"https:\/\/biogroupvietnam.com\/vi\/san-pham\/turbox-48\/\">Read More <i class=\"klbth-icon-right-arrow\"><\/i><\/a><\/div>\n","protected":false},"featured_media":8929,"comment_status":"closed","ping_status":"closed","template":"","meta":{"_acf_changed":false},"product_brand":[135],"product_cat":[116],"product_tag":[],"class_list":{"0":"post-3590","1":"product","2":"type-product","3":"status-publish","4":"has-post-thumbnail","6":"product_brand-blue-ray-biotech","7":"product_cat-sinh-hoc-phan-tu","9":"first","10":"outofstock","11":"shipping-taxable","12":"product-type-simple"},"acf":[],"yoast_head":"<!-- This site is optimized with the Yoast SEO plugin v26.8 - https:\/\/yoast.com\/product\/yoast-seo-wordpress\/ -->\n<title>H\u1ec7 Th\u1ed1ng T\u00e1ch Chi\u1ebft Nucleic Acid T\u1ef1 \u0110\u1ed9ng TurboX 48<\/title>\n<meta name=\"description\" content=\"TurboX 48 l\u00e0 h\u1ec7 th\u1ed1ng t\u00e1ch chi\u1ebft axit nucleic t\u1ef1 \u0111\u1ed9ng \u0111\u1ea7u ti\u00ean t\u00edch h\u1ee3p m\u00e1y ly t\u00e2m c\u00f4ng su\u1ea5t cao, c\u00f3 kh\u1ea3 n\u0103ng ly t\u00e2m c\u1ed9t tinh s\u1ea1ch, \u0111\u1ea3m b\u1ea3o r\u1eeda gi\u1ea3i RNA\/DNA tinh khi\u1ebft v\u1edbi \u0111\u1ed9 nh\u1ea5t qu\u00e1n cao.\" \/>\n<meta name=\"robots\" content=\"index, follow, max-snippet:-1, max-image-preview:large, max-video-preview:-1\" \/>\n<link rel=\"canonical\" href=\"https:\/\/biogroupvietnam.com\/vi\/san-pham\/turbox-48\/\" \/>\n<meta property=\"og:locale\" content=\"vi_VN\" \/>\n<meta property=\"og:type\" content=\"article\" \/>\n<meta property=\"og:title\" content=\"H\u1ec7 Th\u1ed1ng T\u00e1ch Chi\u1ebft Nucleic Acid T\u1ef1 \u0110\u1ed9ng TurboX 48\" \/>\n<meta property=\"og:description\" content=\"TurboX 48 l\u00e0 h\u1ec7 th\u1ed1ng t\u00e1ch chi\u1ebft axit nucleic t\u1ef1 \u0111\u1ed9ng \u0111\u1ea7u ti\u00ean t\u00edch h\u1ee3p m\u00e1y ly t\u00e2m c\u00f4ng su\u1ea5t cao, c\u00f3 kh\u1ea3 n\u0103ng ly t\u00e2m c\u1ed9t tinh s\u1ea1ch, \u0111\u1ea3m b\u1ea3o r\u1eeda gi\u1ea3i RNA\/DNA tinh khi\u1ebft v\u1edbi \u0111\u1ed9 nh\u1ea5t qu\u00e1n cao.\" \/>\n<meta property=\"og:url\" content=\"https:\/\/biogroupvietnam.com\/vi\/san-pham\/turbox-48\/\" \/>\n<meta property=\"og:site_name\" content=\"Biogroup Vietnam\" \/>\n<meta property=\"article:modified_time\" content=\"2025-11-12T11:44:32+00:00\" \/>\n<meta property=\"og:image\" content=\"https:\/\/biogroupvietnam.com\/wp-content\/uploads\/2025\/08\/TurboX-48.jpg\" \/>\n\t<meta property=\"og:image:width\" content=\"1640\" \/>\n\t<meta property=\"og:image:height\" content=\"1260\" \/>\n\t<meta property=\"og:image:type\" content=\"image\/jpeg\" \/>\n<meta name=\"twitter:card\" content=\"summary_large_image\" \/>\n<meta name=\"twitter:label1\" content=\"\u01af\u1edbc t\u00ednh th\u1eddi gian \u0111\u1ecdc\" \/>\n\t<meta name=\"twitter:data1\" content=\"4 ph\u00fat\" \/>\n<script type=\"application\/ld+json\" class=\"yoast-schema-graph\">{\"@context\":\"https:\/\/schema.org\",\"@graph\":[{\"@type\":\"WebPage\",\"@id\":\"https:\/\/biogroupvietnam.com\/vi\/san-pham\/turbox-48\/\",\"url\":\"https:\/\/biogroupvietnam.com\/vi\/san-pham\/turbox-48\/\",\"name\":\"H\u1ec7 Th\u1ed1ng T\u00e1ch Chi\u1ebft Nucleic Acid T\u1ef1 \u0110\u1ed9ng TurboX 48\",\"isPartOf\":{\"@id\":\"https:\/\/biogroupvietnam.com\/vi\/#website\"},\"primaryImageOfPage\":{\"@id\":\"https:\/\/biogroupvietnam.com\/vi\/san-pham\/turbox-48\/#primaryimage\"},\"image\":{\"@id\":\"https:\/\/biogroupvietnam.com\/vi\/san-pham\/turbox-48\/#primaryimage\"},\"thumbnailUrl\":\"https:\/\/biogroupvietnam.com\/wp-content\/uploads\/2025\/08\/TurboX-48.jpg\",\"datePublished\":\"2025-08-18T12:51:19+00:00\",\"dateModified\":\"2025-11-12T11:44:32+00:00\",\"description\":\"TurboX 48 l\u00e0 h\u1ec7 th\u1ed1ng t\u00e1ch chi\u1ebft axit nucleic t\u1ef1 \u0111\u1ed9ng \u0111\u1ea7u ti\u00ean t\u00edch h\u1ee3p m\u00e1y ly t\u00e2m c\u00f4ng su\u1ea5t cao, c\u00f3 kh\u1ea3 n\u0103ng ly t\u00e2m c\u1ed9t tinh s\u1ea1ch, \u0111\u1ea3m b\u1ea3o r\u1eeda gi\u1ea3i RNA\/DNA tinh khi\u1ebft v\u1edbi \u0111\u1ed9 nh\u1ea5t qu\u00e1n cao.\",\"breadcrumb\":{\"@id\":\"https:\/\/biogroupvietnam.com\/vi\/san-pham\/turbox-48\/#breadcrumb\"},\"inLanguage\":\"vi\",\"potentialAction\":[{\"@type\":\"ReadAction\",\"target\":[\"https:\/\/biogroupvietnam.com\/vi\/san-pham\/turbox-48\/\"]}]},{\"@type\":\"ImageObject\",\"inLanguage\":\"vi\",\"@id\":\"https:\/\/biogroupvietnam.com\/vi\/san-pham\/turbox-48\/#primaryimage\",\"url\":\"https:\/\/biogroupvietnam.com\/wp-content\/uploads\/2025\/08\/TurboX-48.jpg\",\"contentUrl\":\"https:\/\/biogroupvietnam.com\/wp-content\/uploads\/2025\/08\/TurboX-48.jpg\",\"width\":1640,\"height\":1260},{\"@type\":\"BreadcrumbList\",\"@id\":\"https:\/\/biogroupvietnam.com\/vi\/san-pham\/turbox-48\/#breadcrumb\",\"itemListElement\":[{\"@type\":\"ListItem\",\"position\":1,\"name\":\"Trang ch\u1ee7\",\"item\":\"https:\/\/biogroupvietnam.com\/vi\/\"},{\"@type\":\"ListItem\",\"position\":2,\"name\":\"S\u1ea3n ph\u1ea9m\",\"item\":\"https:\/\/biogroupvietnam.com\/vi\/san-pham\/\"},{\"@type\":\"ListItem\",\"position\":3,\"name\":\"R&amp;D Sinh H\u1ecdc\",\"item\":\"https:\/\/biogroupvietnam.com\/vi\/danh-muc-san-pham\/rd-sinh-hoc\/\"},{\"@type\":\"ListItem\",\"position\":4,\"name\":\"Sinh H\u1ecdc Ph\u00e2n T\u1eed\",\"item\":\"https:\/\/biogroupvietnam.com\/vi\/danh-muc-san-pham\/sinh-hoc-phan-tu\/\"},{\"@type\":\"ListItem\",\"position\":5,\"name\":\"H\u1ec7 Th\u1ed1ng T\u00e1ch Chi\u1ebft Nucleic Acid T\u1ef1 \u0110\u1ed9ng TurboX 48\"}]},{\"@type\":\"WebSite\",\"@id\":\"https:\/\/biogroupvietnam.com\/vi\/#website\",\"url\":\"https:\/\/biogroupvietnam.com\/vi\/\",\"name\":\"Biogroup Vietnam\",\"description\":\"Biogroup Vietnam cung c\u1ea5p d\u1ecbch v\u1ee5 k\u1ef9 thu\u1eadt c\u00f9ng thi\u1ebft b\u1ecb, v\u1eadt t\u01b0, h\u00f3a ch\u1ea5t v\u00e0 gi\u1ea3i ph\u00e1p sinh h\u1ecdc cho ph\u00f2ng th\u00ed nghi\u1ec7m c\u00f4ng ngh\u1ec7 sinh h\u1ecdc, y sinh v\u00e0 y h\u1ecdc t\u00e1i t\u1ea1o.\",\"potentialAction\":[{\"@type\":\"SearchAction\",\"target\":{\"@type\":\"EntryPoint\",\"urlTemplate\":\"https:\/\/biogroupvietnam.com\/vi\/?s={search_term_string}\"},\"query-input\":{\"@type\":\"PropertyValueSpecification\",\"valueRequired\":true,\"valueName\":\"search_term_string\"}}],\"inLanguage\":\"vi\"}]}<\/script>\n<!-- \/ Yoast SEO plugin. -->","yoast_head_json":{"title":"H\u1ec7 Th\u1ed1ng T\u00e1ch Chi\u1ebft Nucleic Acid T\u1ef1 \u0110\u1ed9ng TurboX 48","description":"TurboX 48 l\u00e0 h\u1ec7 th\u1ed1ng t\u00e1ch chi\u1ebft axit nucleic t\u1ef1 \u0111\u1ed9ng \u0111\u1ea7u ti\u00ean t\u00edch h\u1ee3p m\u00e1y ly t\u00e2m c\u00f4ng su\u1ea5t cao, c\u00f3 kh\u1ea3 n\u0103ng ly t\u00e2m c\u1ed9t tinh s\u1ea1ch, \u0111\u1ea3m b\u1ea3o r\u1eeda gi\u1ea3i RNA\/DNA tinh khi\u1ebft v\u1edbi \u0111\u1ed9 nh\u1ea5t qu\u00e1n cao.","robots":{"index":"index","follow":"follow","max-snippet":"max-snippet:-1","max-image-preview":"max-image-preview:large","max-video-preview":"max-video-preview:-1"},"canonical":"https:\/\/biogroupvietnam.com\/vi\/san-pham\/turbox-48\/","og_locale":"vi_VN","og_type":"article","og_title":"H\u1ec7 Th\u1ed1ng T\u00e1ch Chi\u1ebft Nucleic Acid T\u1ef1 \u0110\u1ed9ng TurboX 48","og_description":"TurboX 48 l\u00e0 h\u1ec7 th\u1ed1ng t\u00e1ch chi\u1ebft axit nucleic t\u1ef1 \u0111\u1ed9ng \u0111\u1ea7u ti\u00ean t\u00edch h\u1ee3p m\u00e1y ly t\u00e2m c\u00f4ng su\u1ea5t cao, c\u00f3 kh\u1ea3 n\u0103ng ly t\u00e2m c\u1ed9t tinh s\u1ea1ch, \u0111\u1ea3m b\u1ea3o r\u1eeda gi\u1ea3i RNA\/DNA tinh khi\u1ebft v\u1edbi \u0111\u1ed9 nh\u1ea5t qu\u00e1n cao.","og_url":"https:\/\/biogroupvietnam.com\/vi\/san-pham\/turbox-48\/","og_site_name":"Biogroup Vietnam","article_modified_time":"2025-11-12T11:44:32+00:00","og_image":[{"width":1640,"height":1260,"url":"https:\/\/biogroupvietnam.com\/wp-content\/uploads\/2025\/08\/TurboX-48.jpg","type":"image\/jpeg"}],"twitter_card":"summary_large_image","twitter_misc":{"\u01af\u1edbc t\u00ednh th\u1eddi gian \u0111\u1ecdc":"4 ph\u00fat"},"schema":{"@context":"https:\/\/schema.org","@graph":[{"@type":"WebPage","@id":"https:\/\/biogroupvietnam.com\/vi\/san-pham\/turbox-48\/","url":"https:\/\/biogroupvietnam.com\/vi\/san-pham\/turbox-48\/","name":"H\u1ec7 Th\u1ed1ng T\u00e1ch Chi\u1ebft Nucleic Acid T\u1ef1 \u0110\u1ed9ng TurboX 48","isPartOf":{"@id":"https:\/\/biogroupvietnam.com\/vi\/#website"},"primaryImageOfPage":{"@id":"https:\/\/biogroupvietnam.com\/vi\/san-pham\/turbox-48\/#primaryimage"},"image":{"@id":"https:\/\/biogroupvietnam.com\/vi\/san-pham\/turbox-48\/#primaryimage"},"thumbnailUrl":"https:\/\/biogroupvietnam.com\/wp-content\/uploads\/2025\/08\/TurboX-48.jpg","datePublished":"2025-08-18T12:51:19+00:00","dateModified":"2025-11-12T11:44:32+00:00","description":"TurboX 48 l\u00e0 h\u1ec7 th\u1ed1ng t\u00e1ch chi\u1ebft axit nucleic t\u1ef1 \u0111\u1ed9ng \u0111\u1ea7u ti\u00ean t\u00edch h\u1ee3p m\u00e1y ly t\u00e2m c\u00f4ng su\u1ea5t cao, c\u00f3 kh\u1ea3 n\u0103ng ly t\u00e2m c\u1ed9t tinh s\u1ea1ch, \u0111\u1ea3m b\u1ea3o r\u1eeda gi\u1ea3i RNA\/DNA tinh khi\u1ebft v\u1edbi \u0111\u1ed9 nh\u1ea5t qu\u00e1n cao.","breadcrumb":{"@id":"https:\/\/biogroupvietnam.com\/vi\/san-pham\/turbox-48\/#breadcrumb"},"inLanguage":"vi","potentialAction":[{"@type":"ReadAction","target":["https:\/\/biogroupvietnam.com\/vi\/san-pham\/turbox-48\/"]}]},{"@type":"ImageObject","inLanguage":"vi","@id":"https:\/\/biogroupvietnam.com\/vi\/san-pham\/turbox-48\/#primaryimage","url":"https:\/\/biogroupvietnam.com\/wp-content\/uploads\/2025\/08\/TurboX-48.jpg","contentUrl":"https:\/\/biogroupvietnam.com\/wp-content\/uploads\/2025\/08\/TurboX-48.jpg","width":1640,"height":1260},{"@type":"BreadcrumbList","@id":"https:\/\/biogroupvietnam.com\/vi\/san-pham\/turbox-48\/#breadcrumb","itemListElement":[{"@type":"ListItem","position":1,"name":"Trang ch\u1ee7","item":"https:\/\/biogroupvietnam.com\/vi\/"},{"@type":"ListItem","position":2,"name":"S\u1ea3n ph\u1ea9m","item":"https:\/\/biogroupvietnam.com\/vi\/san-pham\/"},{"@type":"ListItem","position":3,"name":"R&amp;D Sinh H\u1ecdc","item":"https:\/\/biogroupvietnam.com\/vi\/danh-muc-san-pham\/rd-sinh-hoc\/"},{"@type":"ListItem","position":4,"name":"Sinh H\u1ecdc Ph\u00e2n T\u1eed","item":"https:\/\/biogroupvietnam.com\/vi\/danh-muc-san-pham\/sinh-hoc-phan-tu\/"},{"@type":"ListItem","position":5,"name":"H\u1ec7 Th\u1ed1ng T\u00e1ch Chi\u1ebft Nucleic Acid T\u1ef1 \u0110\u1ed9ng TurboX 48"}]},{"@type":"WebSite","@id":"https:\/\/biogroupvietnam.com\/vi\/#website","url":"https:\/\/biogroupvietnam.com\/vi\/","name":"Biogroup Vietnam","description":"Biogroup Vietnam cung c\u1ea5p d\u1ecbch v\u1ee5 k\u1ef9 thu\u1eadt c\u00f9ng thi\u1ebft b\u1ecb, v\u1eadt t\u01b0, h\u00f3a ch\u1ea5t v\u00e0 gi\u1ea3i ph\u00e1p sinh h\u1ecdc cho ph\u00f2ng th\u00ed nghi\u1ec7m c\u00f4ng ngh\u1ec7 sinh h\u1ecdc, y sinh v\u00e0 y h\u1ecdc t\u00e1i t\u1ea1o.","potentialAction":[{"@type":"SearchAction","target":{"@type":"EntryPoint","urlTemplate":"https:\/\/biogroupvietnam.com\/vi\/?s={search_term_string}"},"query-input":{"@type":"PropertyValueSpecification","valueRequired":true,"valueName":"search_term_string"}}],"inLanguage":"vi"}]}},"_links":{"self":[{"href":"https:\/\/biogroupvietnam.com\/vi\/wp-json\/wp\/v2\/product\/3590","targetHints":{"allow":["GET"]}}],"collection":[{"href":"https:\/\/biogroupvietnam.com\/vi\/wp-json\/wp\/v2\/product"}],"about":[{"href":"https:\/\/biogroupvietnam.com\/vi\/wp-json\/wp\/v2\/types\/product"}],"replies":[{"embeddable":true,"href":"https:\/\/biogroupvietnam.com\/vi\/wp-json\/wp\/v2\/comments?post=3590"}],"version-history":[{"count":4,"href":"https:\/\/biogroupvietnam.com\/vi\/wp-json\/wp\/v2\/product\/3590\/revisions"}],"predecessor-version":[{"id":8932,"href":"https:\/\/biogroupvietnam.com\/vi\/wp-json\/wp\/v2\/product\/3590\/revisions\/8932"}],"wp:featuredmedia":[{"embeddable":true,"href":"https:\/\/biogroupvietnam.com\/vi\/wp-json\/wp\/v2\/media\/8929"}],"wp:attachment":[{"href":"https:\/\/biogroupvietnam.com\/vi\/wp-json\/wp\/v2\/media?parent=3590"}],"wp:term":[{"taxonomy":"product_brand","embeddable":true,"href":"https:\/\/biogroupvietnam.com\/vi\/wp-json\/wp\/v2\/product_brand?post=3590"},{"taxonomy":"product_cat","embeddable":true,"href":"https:\/\/biogroupvietnam.com\/vi\/wp-json\/wp\/v2\/product_cat?post=3590"},{"taxonomy":"product_tag","embeddable":true,"href":"https:\/\/biogroupvietnam.com\/vi\/wp-json\/wp\/v2\/product_tag?post=3590"}],"curies":[{"name":"wp","href":"https:\/\/api.w.org\/{rel}","templated":true}]}}