{"id":3592,"date":"2025-08-18T19:51:20","date_gmt":"2025-08-18T12:51:20","guid":{"rendered":"http:\/\/biogroupvietnam-worldpress.local\/product\/import-placeholder-for-12\/"},"modified":"2025-11-17T16:39:02","modified_gmt":"2025-11-17T09:39:02","slug":"dung-dich-pzerve","status":"publish","type":"product","link":"https:\/\/biogroupvietnam.com\/vi\/san-pham\/dung-dich-pzerve\/","title":{"rendered":"Dung d\u1ecbch pZerve\u2122 B\u1ea3o Qu\u1ea3n T\u1ebf B\u00e0o G\u1ed1c"},"content":{"rendered":"<h2>pZerve\u2122 l\u00e0 dung d\u1ecbch b\u1ea3o qu\u1ea3n l\u1ea1nh\u00a0kh\u00f4ng ch\u1ee9a DMSO, Fetal Bovine Serum (FBS) ho\u1eb7c protein \u0111\u1ed9ng v\u1eadt.<\/h2>\n<h3><strong>\u0110\u1eb7c \u0111i\u1ec3m ch\u00ednh c\u1ee7a dung d\u1ecbch pZerve<\/strong><\/h3>\n<ul>\n<li>pZerve\u00a0l\u00e0 m\u1ed9t dung d\u1ecbch pha s\u1eb5n (ready-to-use) v\u00e0 kh\u00f4ng c\u1ea7n pha lo\u00e3ng ho\u1eb7c x\u1eed l\u00fd th\u00eam.<\/li>\n<li>pZerve\u2122 \u1ed5n \u0111\u1ecbnh trong t\u1ed1i thi\u1ec3u 6 th\u00e1ng khi \u0111\u01b0\u1ee3c b\u1ea3o qu\u1ea3n \u1edf 2\u00b0C \u0111\u1ebfn 8\u00b0C.<\/li>\n<li>\u0110\u01b0\u1ee3c s\u1ea3n xu\u1ea5t theo\u00a0ti\u00eau chu\u1ea9n cGMP \u0111\u01b0\u1ee3c ch\u1ee9ng nh\u1eadn b\u1edfi US FDA.<\/li>\n<li>S\u1eed d\u1ee5ng trong ph\u00f2ng th\u00ed nghi\u1ec7m, v\u00e0 kh\u00f4ng d\u00f9ng \u0111\u1ec3 ti\u00eam tr\u1ef1c ti\u1ebfp v\u00e0o c\u01a1 th\u1ec3 ng\u01b0\u1eddi.<\/li>\n<\/ul>\n<h3><strong>\u1ee8ng d\u1ee5ng: pZerve \u0111\u00e3 \u0111\u01b0\u1ee3c s\u1eed d\u1ee5ng th\u00e0nh c\u00f4ng v\u1edbi c\u00e1c lo\u1ea1i t\u1ebf b\u00e0o<\/strong><\/h3>\n<ul>\n<li>T\u1ebf b\u00e0o Mast<\/li>\n<li>T\u1ebf b\u00e0o \u0111u\u00f4i gai<\/li>\n<li>T\u1ebf b\u00e0o trung m\u00f4<\/li>\n<li>LNCaP &#8211; Ung th\u01b0 tuy\u1ebfn ti\u1ec1n li\u1ec7t di c\u0103n \u1edf ng\u01b0\u1eddi<\/li>\n<li>LS 180 &#8211; \u0110\u1ea1i tr\u00e0ng, Ung th\u01b0 tuy\u1ebfn \u1edf ng\u01b0\u1eddi<\/li>\n<li>293 &#8211; Th\u1eadn ph\u00f4i s\u01a1 c\u1ea5p \u0111\u00e3 bi\u1ebfn \u0111\u1ed5i \u1edf ng\u01b0\u1eddi<\/li>\n<\/ul>\n","protected":false},"excerpt":{"rendered":"<p>pZerve\u2122 l\u00e0 dung d\u1ecbch b\u1ea3o qu\u1ea3n l\u1ea1nh\u00a0kh\u00f4ng ch\u1ee9a DMSO, Fetal Bovine Serum (FBS) ho\u1eb7c protein \u0111\u1ed9ng v\u1eadt. \u0110\u1eb7c \u0111i\u1ec3m ch\u00ednh c\u1ee7a dung d\u1ecbch pZerve pZerve\u00a0l\u00e0 m\u1ed9t dung d\u1ecbch pha s\u1eb5n (ready-to-use) v\u00e0 kh\u00f4ng c\u1ea7n pha lo\u00e3ng ho\u1eb7c x\u1eed l\u00fd th\u00eam. pZerve\u2122 \u1ed5n \u0111\u1ecbnh trong t\u1ed1i thi\u1ec3u 6 th\u00e1ng khi \u0111\u01b0\u1ee3c b\u1ea3o qu\u1ea3n \u1edf 2\u00b0C \u0111\u1ebfn<\/p>\n<div class=\"klb-readmore post-buttons\"><a class=\"button rounded primary\" href=\"https:\/\/biogroupvietnam.com\/vi\/san-pham\/dung-dich-pzerve\/\">Read More <i class=\"klbth-icon-right-arrow\"><\/i><\/a><\/div>\n","protected":false},"featured_media":9008,"comment_status":"closed","ping_status":"closed","template":"","meta":{"_acf_changed":false},"product_brand":[125],"product_cat":[103],"product_tag":[],"class_list":{"0":"post-3592","1":"product","2":"type-product","3":"status-publish","4":"has-post-thumbnail","6":"product_brand-protide-pharmaceuticals","7":"product_cat-moi-truong-bao-quan-te-bao","9":"first","10":"outofstock","11":"shipping-taxable","12":"product-type-simple"},"acf":[],"yoast_head":"<!-- This site is optimized with the Yoast SEO plugin v26.8 - https:\/\/yoast.com\/product\/yoast-seo-wordpress\/ -->\n<title>Dung d\u1ecbch pZerve\u2122 B\u1ea3o Qu\u1ea3n T\u1ebf B\u00e0o G\u1ed1c<\/title>\n<meta name=\"description\" content=\"pZerve\u2122 l\u00e0 dung d\u1ecbch b\u1ea3o qu\u1ea3n l\u1ea1nh\u00a0kh\u00f4ng ch\u1ee9a DMSO, Fetal Bovine Serum (FBS) ho\u1eb7c protein \u0111\u1ed9ng v\u1eadt.\" \/>\n<meta name=\"robots\" content=\"index, follow, max-snippet:-1, max-image-preview:large, max-video-preview:-1\" \/>\n<link rel=\"canonical\" href=\"https:\/\/biogroupvietnam.com\/vi\/san-pham\/dung-dich-pzerve\/\" \/>\n<meta property=\"og:locale\" content=\"vi_VN\" \/>\n<meta property=\"og:type\" content=\"article\" \/>\n<meta property=\"og:title\" content=\"Dung d\u1ecbch pZerve\u2122 B\u1ea3o Qu\u1ea3n T\u1ebf B\u00e0o G\u1ed1c\" \/>\n<meta property=\"og:description\" content=\"pZerve\u2122 l\u00e0 dung d\u1ecbch b\u1ea3o qu\u1ea3n l\u1ea1nh\u00a0kh\u00f4ng ch\u1ee9a DMSO, Fetal Bovine Serum (FBS) ho\u1eb7c protein \u0111\u1ed9ng v\u1eadt.\" \/>\n<meta property=\"og:url\" content=\"https:\/\/biogroupvietnam.com\/vi\/san-pham\/dung-dich-pzerve\/\" \/>\n<meta property=\"og:site_name\" content=\"Biogroup Vietnam\" \/>\n<meta property=\"article:modified_time\" content=\"2025-11-17T09:39:02+00:00\" \/>\n<meta property=\"og:image\" content=\"https:\/\/biogroupvietnam.com\/wp-content\/uploads\/2025\/08\/pZerve\u2122.jpg\" \/>\n\t<meta property=\"og:image:width\" content=\"1640\" \/>\n\t<meta property=\"og:image:height\" content=\"1260\" \/>\n\t<meta property=\"og:image:type\" content=\"image\/jpeg\" \/>\n<meta name=\"twitter:card\" content=\"summary_large_image\" \/>\n<meta name=\"twitter:label1\" content=\"\u01af\u1edbc t\u00ednh th\u1eddi gian \u0111\u1ecdc\" \/>\n\t<meta name=\"twitter:data1\" content=\"1 ph\u00fat\" \/>\n<script type=\"application\/ld+json\" class=\"yoast-schema-graph\">{\"@context\":\"https:\/\/schema.org\",\"@graph\":[{\"@type\":\"WebPage\",\"@id\":\"https:\/\/biogroupvietnam.com\/vi\/san-pham\/dung-dich-pzerve\/\",\"url\":\"https:\/\/biogroupvietnam.com\/vi\/san-pham\/dung-dich-pzerve\/\",\"name\":\"Dung d\u1ecbch pZerve\u2122 B\u1ea3o Qu\u1ea3n T\u1ebf B\u00e0o G\u1ed1c\",\"isPartOf\":{\"@id\":\"https:\/\/biogroupvietnam.com\/vi\/#website\"},\"primaryImageOfPage\":{\"@id\":\"https:\/\/biogroupvietnam.com\/vi\/san-pham\/dung-dich-pzerve\/#primaryimage\"},\"image\":{\"@id\":\"https:\/\/biogroupvietnam.com\/vi\/san-pham\/dung-dich-pzerve\/#primaryimage\"},\"thumbnailUrl\":\"https:\/\/biogroupvietnam.com\/wp-content\/uploads\/2025\/08\/pZerve\u2122.jpg\",\"datePublished\":\"2025-08-18T12:51:20+00:00\",\"dateModified\":\"2025-11-17T09:39:02+00:00\",\"description\":\"pZerve\u2122 l\u00e0 dung d\u1ecbch b\u1ea3o qu\u1ea3n l\u1ea1nh\u00a0kh\u00f4ng ch\u1ee9a DMSO, Fetal Bovine Serum (FBS) ho\u1eb7c protein \u0111\u1ed9ng v\u1eadt.\",\"breadcrumb\":{\"@id\":\"https:\/\/biogroupvietnam.com\/vi\/san-pham\/dung-dich-pzerve\/#breadcrumb\"},\"inLanguage\":\"vi\",\"potentialAction\":[{\"@type\":\"ReadAction\",\"target\":[\"https:\/\/biogroupvietnam.com\/vi\/san-pham\/dung-dich-pzerve\/\"]}]},{\"@type\":\"ImageObject\",\"inLanguage\":\"vi\",\"@id\":\"https:\/\/biogroupvietnam.com\/vi\/san-pham\/dung-dich-pzerve\/#primaryimage\",\"url\":\"https:\/\/biogroupvietnam.com\/wp-content\/uploads\/2025\/08\/pZerve\u2122.jpg\",\"contentUrl\":\"https:\/\/biogroupvietnam.com\/wp-content\/uploads\/2025\/08\/pZerve\u2122.jpg\",\"width\":1640,\"height\":1260},{\"@type\":\"BreadcrumbList\",\"@id\":\"https:\/\/biogroupvietnam.com\/vi\/san-pham\/dung-dich-pzerve\/#breadcrumb\",\"itemListElement\":[{\"@type\":\"ListItem\",\"position\":1,\"name\":\"Trang ch\u1ee7\",\"item\":\"https:\/\/biogroupvietnam.com\/vi\/\"},{\"@type\":\"ListItem\",\"position\":2,\"name\":\"S\u1ea3n ph\u1ea9m\",\"item\":\"https:\/\/biogroupvietnam.com\/vi\/san-pham\/\"},{\"@type\":\"ListItem\",\"position\":3,\"name\":\"B\u1ea3o Qu\u1ea3n L\u1ea1nh T\u1ebf B\u00e0o\",\"item\":\"https:\/\/biogroupvietnam.com\/vi\/danh-muc-san-pham\/bao-quan-lanh-te-bao\/\"},{\"@type\":\"ListItem\",\"position\":4,\"name\":\"M\u00f4i Tr\u01b0\u1eddng B\u1ea3o Qu\u1ea3n T\u1ebf B\u00e0o\",\"item\":\"https:\/\/biogroupvietnam.com\/vi\/danh-muc-san-pham\/moi-truong-bao-quan-te-bao\/\"},{\"@type\":\"ListItem\",\"position\":5,\"name\":\"Dung d\u1ecbch pZerve\u2122 B\u1ea3o Qu\u1ea3n T\u1ebf B\u00e0o G\u1ed1c\"}]},{\"@type\":\"WebSite\",\"@id\":\"https:\/\/biogroupvietnam.com\/vi\/#website\",\"url\":\"https:\/\/biogroupvietnam.com\/vi\/\",\"name\":\"Biogroup Vietnam\",\"description\":\"Biogroup Vietnam cung c\u1ea5p d\u1ecbch v\u1ee5 k\u1ef9 thu\u1eadt c\u00f9ng thi\u1ebft b\u1ecb, v\u1eadt t\u01b0, h\u00f3a ch\u1ea5t v\u00e0 gi\u1ea3i ph\u00e1p sinh h\u1ecdc cho ph\u00f2ng th\u00ed nghi\u1ec7m c\u00f4ng ngh\u1ec7 sinh h\u1ecdc, y sinh v\u00e0 y h\u1ecdc t\u00e1i t\u1ea1o.\",\"potentialAction\":[{\"@type\":\"SearchAction\",\"target\":{\"@type\":\"EntryPoint\",\"urlTemplate\":\"https:\/\/biogroupvietnam.com\/vi\/?s={search_term_string}\"},\"query-input\":{\"@type\":\"PropertyValueSpecification\",\"valueRequired\":true,\"valueName\":\"search_term_string\"}}],\"inLanguage\":\"vi\"}]}<\/script>\n<!-- \/ Yoast SEO plugin. -->","yoast_head_json":{"title":"Dung d\u1ecbch pZerve\u2122 B\u1ea3o Qu\u1ea3n T\u1ebf B\u00e0o G\u1ed1c","description":"pZerve\u2122 l\u00e0 dung d\u1ecbch b\u1ea3o qu\u1ea3n l\u1ea1nh\u00a0kh\u00f4ng ch\u1ee9a DMSO, Fetal Bovine Serum (FBS) ho\u1eb7c protein \u0111\u1ed9ng v\u1eadt.","robots":{"index":"index","follow":"follow","max-snippet":"max-snippet:-1","max-image-preview":"max-image-preview:large","max-video-preview":"max-video-preview:-1"},"canonical":"https:\/\/biogroupvietnam.com\/vi\/san-pham\/dung-dich-pzerve\/","og_locale":"vi_VN","og_type":"article","og_title":"Dung d\u1ecbch pZerve\u2122 B\u1ea3o Qu\u1ea3n T\u1ebf B\u00e0o G\u1ed1c","og_description":"pZerve\u2122 l\u00e0 dung d\u1ecbch b\u1ea3o qu\u1ea3n l\u1ea1nh\u00a0kh\u00f4ng ch\u1ee9a DMSO, Fetal Bovine Serum (FBS) ho\u1eb7c protein \u0111\u1ed9ng v\u1eadt.","og_url":"https:\/\/biogroupvietnam.com\/vi\/san-pham\/dung-dich-pzerve\/","og_site_name":"Biogroup Vietnam","article_modified_time":"2025-11-17T09:39:02+00:00","og_image":[{"width":1640,"height":1260,"url":"https:\/\/biogroupvietnam.com\/wp-content\/uploads\/2025\/08\/pZerve\u2122.jpg","type":"image\/jpeg"}],"twitter_card":"summary_large_image","twitter_misc":{"\u01af\u1edbc t\u00ednh th\u1eddi gian \u0111\u1ecdc":"1 ph\u00fat"},"schema":{"@context":"https:\/\/schema.org","@graph":[{"@type":"WebPage","@id":"https:\/\/biogroupvietnam.com\/vi\/san-pham\/dung-dich-pzerve\/","url":"https:\/\/biogroupvietnam.com\/vi\/san-pham\/dung-dich-pzerve\/","name":"Dung d\u1ecbch pZerve\u2122 B\u1ea3o Qu\u1ea3n T\u1ebf B\u00e0o G\u1ed1c","isPartOf":{"@id":"https:\/\/biogroupvietnam.com\/vi\/#website"},"primaryImageOfPage":{"@id":"https:\/\/biogroupvietnam.com\/vi\/san-pham\/dung-dich-pzerve\/#primaryimage"},"image":{"@id":"https:\/\/biogroupvietnam.com\/vi\/san-pham\/dung-dich-pzerve\/#primaryimage"},"thumbnailUrl":"https:\/\/biogroupvietnam.com\/wp-content\/uploads\/2025\/08\/pZerve\u2122.jpg","datePublished":"2025-08-18T12:51:20+00:00","dateModified":"2025-11-17T09:39:02+00:00","description":"pZerve\u2122 l\u00e0 dung d\u1ecbch b\u1ea3o qu\u1ea3n l\u1ea1nh\u00a0kh\u00f4ng ch\u1ee9a DMSO, Fetal Bovine Serum (FBS) ho\u1eb7c protein \u0111\u1ed9ng v\u1eadt.","breadcrumb":{"@id":"https:\/\/biogroupvietnam.com\/vi\/san-pham\/dung-dich-pzerve\/#breadcrumb"},"inLanguage":"vi","potentialAction":[{"@type":"ReadAction","target":["https:\/\/biogroupvietnam.com\/vi\/san-pham\/dung-dich-pzerve\/"]}]},{"@type":"ImageObject","inLanguage":"vi","@id":"https:\/\/biogroupvietnam.com\/vi\/san-pham\/dung-dich-pzerve\/#primaryimage","url":"https:\/\/biogroupvietnam.com\/wp-content\/uploads\/2025\/08\/pZerve\u2122.jpg","contentUrl":"https:\/\/biogroupvietnam.com\/wp-content\/uploads\/2025\/08\/pZerve\u2122.jpg","width":1640,"height":1260},{"@type":"BreadcrumbList","@id":"https:\/\/biogroupvietnam.com\/vi\/san-pham\/dung-dich-pzerve\/#breadcrumb","itemListElement":[{"@type":"ListItem","position":1,"name":"Trang ch\u1ee7","item":"https:\/\/biogroupvietnam.com\/vi\/"},{"@type":"ListItem","position":2,"name":"S\u1ea3n ph\u1ea9m","item":"https:\/\/biogroupvietnam.com\/vi\/san-pham\/"},{"@type":"ListItem","position":3,"name":"B\u1ea3o Qu\u1ea3n L\u1ea1nh T\u1ebf B\u00e0o","item":"https:\/\/biogroupvietnam.com\/vi\/danh-muc-san-pham\/bao-quan-lanh-te-bao\/"},{"@type":"ListItem","position":4,"name":"M\u00f4i Tr\u01b0\u1eddng B\u1ea3o Qu\u1ea3n T\u1ebf B\u00e0o","item":"https:\/\/biogroupvietnam.com\/vi\/danh-muc-san-pham\/moi-truong-bao-quan-te-bao\/"},{"@type":"ListItem","position":5,"name":"Dung d\u1ecbch pZerve\u2122 B\u1ea3o Qu\u1ea3n T\u1ebf B\u00e0o G\u1ed1c"}]},{"@type":"WebSite","@id":"https:\/\/biogroupvietnam.com\/vi\/#website","url":"https:\/\/biogroupvietnam.com\/vi\/","name":"Biogroup Vietnam","description":"Biogroup Vietnam cung c\u1ea5p d\u1ecbch v\u1ee5 k\u1ef9 thu\u1eadt c\u00f9ng thi\u1ebft b\u1ecb, v\u1eadt t\u01b0, h\u00f3a ch\u1ea5t v\u00e0 gi\u1ea3i ph\u00e1p sinh h\u1ecdc cho ph\u00f2ng th\u00ed nghi\u1ec7m c\u00f4ng ngh\u1ec7 sinh h\u1ecdc, y sinh v\u00e0 y h\u1ecdc t\u00e1i t\u1ea1o.","potentialAction":[{"@type":"SearchAction","target":{"@type":"EntryPoint","urlTemplate":"https:\/\/biogroupvietnam.com\/vi\/?s={search_term_string}"},"query-input":{"@type":"PropertyValueSpecification","valueRequired":true,"valueName":"search_term_string"}}],"inLanguage":"vi"}]}},"_links":{"self":[{"href":"https:\/\/biogroupvietnam.com\/vi\/wp-json\/wp\/v2\/product\/3592","targetHints":{"allow":["GET"]}}],"collection":[{"href":"https:\/\/biogroupvietnam.com\/vi\/wp-json\/wp\/v2\/product"}],"about":[{"href":"https:\/\/biogroupvietnam.com\/vi\/wp-json\/wp\/v2\/types\/product"}],"replies":[{"embeddable":true,"href":"https:\/\/biogroupvietnam.com\/vi\/wp-json\/wp\/v2\/comments?post=3592"}],"version-history":[{"count":5,"href":"https:\/\/biogroupvietnam.com\/vi\/wp-json\/wp\/v2\/product\/3592\/revisions"}],"predecessor-version":[{"id":9011,"href":"https:\/\/biogroupvietnam.com\/vi\/wp-json\/wp\/v2\/product\/3592\/revisions\/9011"}],"wp:featuredmedia":[{"embeddable":true,"href":"https:\/\/biogroupvietnam.com\/vi\/wp-json\/wp\/v2\/media\/9008"}],"wp:attachment":[{"href":"https:\/\/biogroupvietnam.com\/vi\/wp-json\/wp\/v2\/media?parent=3592"}],"wp:term":[{"taxonomy":"product_brand","embeddable":true,"href":"https:\/\/biogroupvietnam.com\/vi\/wp-json\/wp\/v2\/product_brand?post=3592"},{"taxonomy":"product_cat","embeddable":true,"href":"https:\/\/biogroupvietnam.com\/vi\/wp-json\/wp\/v2\/product_cat?post=3592"},{"taxonomy":"product_tag","embeddable":true,"href":"https:\/\/biogroupvietnam.com\/vi\/wp-json\/wp\/v2\/product_tag?post=3592"}],"curies":[{"name":"wp","href":"https:\/\/api.w.org\/{rel}","templated":true}]}}