{"id":3593,"date":"2025-08-18T19:51:20","date_gmt":"2025-08-18T12:51:20","guid":{"rendered":"http:\/\/biogroupvietnam-worldpress.local\/product\/import-placeholder-for-13\/"},"modified":"2025-11-17T16:38:58","modified_gmt":"2025-11-17T09:38:58","slug":"chat-on-dinh-sinh-hoc-2-8cellsius-dmso","status":"publish","type":"product","link":"https:\/\/biogroupvietnam.com\/vi\/san-pham\/chat-on-dinh-sinh-hoc-2-8cellsius-dmso\/","title":{"rendered":"Ch\u1ea5t \u1ed4n \u0110\u1ecbnh Sinh H\u1ecdc (2-8CELLsius\u2122 + DMSO)"},"content":{"rendered":"<h2>Dung D\u1ecbch 2-8CELLsius\u2122\u00a0&#8211; ch\u1ea5t\u00a0\u1ed5n \u0111\u1ecbnh sinh h\u1ecdc t\u1ebf b\u00e0o (bio-stabilizers)<\/h2>\n<h2>Khi k\u1ebft h\u1ee3p v\u1edbi DMSO, 2-8CELLsius\u2122 \u0111\u01b0\u1ee3c s\u1eed\u00a0d\u1ee5ng nh\u01b0 m\u1ed9t dung d\u1ecbch b\u1ea3o qu\u1ea3n \u0111\u00f4ng l\u1ea1nh t\u1ebf b\u00e0o.<\/h2>\n<h3><strong>\u0110\u1eb7c \u0111i\u1ec3m ch\u00ednh c\u1ee7a dung d\u1ecbch 2-8CELLsius\u2122:<\/strong><\/h3>\n<ul>\n<li>2-8CELLsius\u2122 + DMSO l\u00e0 dung d\u1ecbch b\u1ea3o v\u1ec7 t\u1ebf b\u00e0o, kh\u00f4ng ch\u1ee9a protein, ho\u1ea1t \u0111\u1ed9ng nh\u01b0 l\u00e0 ch\u1ea5t \u1ed5n \u0111\u1ecbnh sinh h\u1ecdc t\u1ebf b\u00e0o (bio-stabilizers) gi\u00fap kh\u1ea3 n\u0103ng s\u1ed1ng cao c\u1ee7a t\u1ebf b\u00e0o sau khi r\u00e3 \u0111\u00f4ng.\u00a0Kh\u00f4ng ch\u1ee9a c\u00e1c ch\u1ea5t t\u0103ng tr\u01b0\u1edfng, hormone, kh\u00e1ng sinh.<\/li>\n<li>S\u1ea3n xu\u1ea5t theo\u00a0ti\u00eau chu\u1ea9n cGMP \u0111\u01b0\u1ee3c ch\u1ee9ng nh\u1eadn b\u1edfi US FDA,\u00a0t\u1eeb ngu\u1ed3n nguy\u00ean li\u1ec7u lo\u1ea1i &#8220;USP grade&#8221;.<\/li>\n<li>D\u00f9ng b\u1ea3o qu\u1ea3n c\u00e1c lo\u1ea1i t\u1ebf b\u00e0o\u00a0T Cells, iPSC, MSC, progenitor, HEK293 \u1edf nhi\u1ec7t \u0111\u1ed9 -80oC \u0111\u1ebfn -196oC trong\u00a0nito l\u1ecfng.<\/li>\n<li>Dung d\u1ecbch\u00a02-8CELLsius\u2122 + DMSO\u00a0pha s\u1eb5n \u0111\u1ec3 d\u00f9ng\u00a0(ready-to-use) v\u1edbi\u00a0c\u00e1c h\u00e0m l\u01b0\u1ee3ng DMSO 5%, 10% ho\u1eb7c 20%.<\/li>\n<li>Khuy\u1ebfn c\u00e1o s\u1eed d\u1ee5ng trong ph\u00f2ng Lab t\u1ebf b\u00e0o g\u1ed1c. Kh\u00f4ng d\u00f9ng \u0111\u1ec3 ti\u00eam cho ng\u01b0\u1eddi.<\/li>\n<li>B\u1ea3o qu\u1ea3n \u1ed5n \u0111\u1ecbnh \u1edf nhi\u1ec7t \u0111\u1ed9 2-8\u00b0C, tr\u00e1nh ti\u1ebfp x\u00fac tr\u1ef1c ti\u1ebfp v\u1edbi \u00e1nh s\u00e1ng.<\/li>\n<\/ul>\n","protected":false},"excerpt":{"rendered":"<p>Dung D\u1ecbch 2-8CELLsius\u2122\u00a0&#8211; ch\u1ea5t\u00a0\u1ed5n \u0111\u1ecbnh sinh h\u1ecdc t\u1ebf b\u00e0o (bio-stabilizers) Khi k\u1ebft h\u1ee3p v\u1edbi DMSO, 2-8CELLsius\u2122 \u0111\u01b0\u1ee3c s\u1eed\u00a0d\u1ee5ng nh\u01b0 m\u1ed9t dung d\u1ecbch b\u1ea3o qu\u1ea3n \u0111\u00f4ng l\u1ea1nh t\u1ebf b\u00e0o. \u0110\u1eb7c \u0111i\u1ec3m ch\u00ednh c\u1ee7a dung d\u1ecbch 2-8CELLsius\u2122: 2-8CELLsius\u2122 + DMSO l\u00e0 dung d\u1ecbch b\u1ea3o v\u1ec7 t\u1ebf b\u00e0o, kh\u00f4ng ch\u1ee9a protein, ho\u1ea1t \u0111\u1ed9ng nh\u01b0 l\u00e0 ch\u1ea5t \u1ed5n \u0111\u1ecbnh<\/p>\n<div class=\"klb-readmore post-buttons\"><a class=\"button rounded primary\" href=\"https:\/\/biogroupvietnam.com\/vi\/san-pham\/chat-on-dinh-sinh-hoc-2-8cellsius-dmso\/\">Read More <i class=\"klbth-icon-right-arrow\"><\/i><\/a><\/div>\n","protected":false},"featured_media":9009,"comment_status":"closed","ping_status":"closed","template":"","meta":{"_acf_changed":false},"product_brand":[125],"product_cat":[103],"product_tag":[],"class_list":{"0":"post-3593","1":"product","2":"type-product","3":"status-publish","4":"has-post-thumbnail","6":"product_brand-protide-pharmaceuticals","7":"product_cat-moi-truong-bao-quan-te-bao","9":"first","10":"outofstock","11":"shipping-taxable","12":"product-type-simple"},"acf":[],"yoast_head":"<!-- This site is optimized with the Yoast SEO plugin v26.8 - https:\/\/yoast.com\/product\/yoast-seo-wordpress\/ -->\n<title>Ch\u1ea5t \u1ed4n \u0110\u1ecbnh Sinh H\u1ecdc (2-8CELLsius\u2122 + DMSO)<\/title>\n<meta name=\"description\" content=\"Dung D\u1ecbch 2-8CELLsius\u2122\u00a0- ch\u1ea5t\u00a0\u1ed5n \u0111\u1ecbnh sinh h\u1ecdc t\u1ebf b\u00e0o (bio-stabilizers)\" \/>\n<meta name=\"robots\" content=\"index, follow, max-snippet:-1, max-image-preview:large, max-video-preview:-1\" \/>\n<link rel=\"canonical\" href=\"https:\/\/biogroupvietnam.com\/vi\/san-pham\/chat-on-dinh-sinh-hoc-2-8cellsius-dmso\/\" \/>\n<meta property=\"og:locale\" content=\"vi_VN\" \/>\n<meta property=\"og:type\" content=\"article\" \/>\n<meta property=\"og:title\" content=\"Ch\u1ea5t \u1ed4n \u0110\u1ecbnh Sinh H\u1ecdc (2-8CELLsius\u2122 + DMSO)\" \/>\n<meta property=\"og:description\" content=\"Dung D\u1ecbch 2-8CELLsius\u2122\u00a0- ch\u1ea5t\u00a0\u1ed5n \u0111\u1ecbnh sinh h\u1ecdc t\u1ebf b\u00e0o (bio-stabilizers)\" \/>\n<meta property=\"og:url\" content=\"https:\/\/biogroupvietnam.com\/vi\/san-pham\/chat-on-dinh-sinh-hoc-2-8cellsius-dmso\/\" \/>\n<meta property=\"og:site_name\" content=\"Biogroup Vietnam\" \/>\n<meta property=\"article:modified_time\" content=\"2025-11-17T09:38:58+00:00\" \/>\n<meta property=\"og:image\" content=\"https:\/\/biogroupvietnam.com\/wp-content\/uploads\/2025\/08\/2-8CELLsius\u2122-DMSO.jpg\" \/>\n\t<meta property=\"og:image:width\" content=\"1640\" \/>\n\t<meta property=\"og:image:height\" content=\"1260\" \/>\n\t<meta property=\"og:image:type\" content=\"image\/jpeg\" \/>\n<meta name=\"twitter:card\" content=\"summary_large_image\" \/>\n<meta name=\"twitter:label1\" content=\"\u01af\u1edbc t\u00ednh th\u1eddi gian \u0111\u1ecdc\" \/>\n\t<meta name=\"twitter:data1\" content=\"2 ph\u00fat\" \/>\n<script type=\"application\/ld+json\" class=\"yoast-schema-graph\">{\"@context\":\"https:\/\/schema.org\",\"@graph\":[{\"@type\":\"WebPage\",\"@id\":\"https:\/\/biogroupvietnam.com\/vi\/san-pham\/chat-on-dinh-sinh-hoc-2-8cellsius-dmso\/\",\"url\":\"https:\/\/biogroupvietnam.com\/vi\/san-pham\/chat-on-dinh-sinh-hoc-2-8cellsius-dmso\/\",\"name\":\"Ch\u1ea5t \u1ed4n \u0110\u1ecbnh Sinh H\u1ecdc (2-8CELLsius\u2122 + DMSO)\",\"isPartOf\":{\"@id\":\"https:\/\/biogroupvietnam.com\/vi\/#website\"},\"primaryImageOfPage\":{\"@id\":\"https:\/\/biogroupvietnam.com\/vi\/san-pham\/chat-on-dinh-sinh-hoc-2-8cellsius-dmso\/#primaryimage\"},\"image\":{\"@id\":\"https:\/\/biogroupvietnam.com\/vi\/san-pham\/chat-on-dinh-sinh-hoc-2-8cellsius-dmso\/#primaryimage\"},\"thumbnailUrl\":\"https:\/\/biogroupvietnam.com\/wp-content\/uploads\/2025\/08\/2-8CELLsius\u2122-DMSO.jpg\",\"datePublished\":\"2025-08-18T12:51:20+00:00\",\"dateModified\":\"2025-11-17T09:38:58+00:00\",\"description\":\"Dung D\u1ecbch 2-8CELLsius\u2122\u00a0- ch\u1ea5t\u00a0\u1ed5n \u0111\u1ecbnh sinh h\u1ecdc t\u1ebf b\u00e0o (bio-stabilizers)\",\"breadcrumb\":{\"@id\":\"https:\/\/biogroupvietnam.com\/vi\/san-pham\/chat-on-dinh-sinh-hoc-2-8cellsius-dmso\/#breadcrumb\"},\"inLanguage\":\"vi\",\"potentialAction\":[{\"@type\":\"ReadAction\",\"target\":[\"https:\/\/biogroupvietnam.com\/vi\/san-pham\/chat-on-dinh-sinh-hoc-2-8cellsius-dmso\/\"]}]},{\"@type\":\"ImageObject\",\"inLanguage\":\"vi\",\"@id\":\"https:\/\/biogroupvietnam.com\/vi\/san-pham\/chat-on-dinh-sinh-hoc-2-8cellsius-dmso\/#primaryimage\",\"url\":\"https:\/\/biogroupvietnam.com\/wp-content\/uploads\/2025\/08\/2-8CELLsius\u2122-DMSO.jpg\",\"contentUrl\":\"https:\/\/biogroupvietnam.com\/wp-content\/uploads\/2025\/08\/2-8CELLsius\u2122-DMSO.jpg\",\"width\":1640,\"height\":1260},{\"@type\":\"BreadcrumbList\",\"@id\":\"https:\/\/biogroupvietnam.com\/vi\/san-pham\/chat-on-dinh-sinh-hoc-2-8cellsius-dmso\/#breadcrumb\",\"itemListElement\":[{\"@type\":\"ListItem\",\"position\":1,\"name\":\"Trang ch\u1ee7\",\"item\":\"https:\/\/biogroupvietnam.com\/vi\/\"},{\"@type\":\"ListItem\",\"position\":2,\"name\":\"S\u1ea3n ph\u1ea9m\",\"item\":\"https:\/\/biogroupvietnam.com\/vi\/san-pham\/\"},{\"@type\":\"ListItem\",\"position\":3,\"name\":\"B\u1ea3o Qu\u1ea3n L\u1ea1nh T\u1ebf B\u00e0o\",\"item\":\"https:\/\/biogroupvietnam.com\/vi\/danh-muc-san-pham\/bao-quan-lanh-te-bao\/\"},{\"@type\":\"ListItem\",\"position\":4,\"name\":\"M\u00f4i Tr\u01b0\u1eddng B\u1ea3o Qu\u1ea3n T\u1ebf B\u00e0o\",\"item\":\"https:\/\/biogroupvietnam.com\/vi\/danh-muc-san-pham\/moi-truong-bao-quan-te-bao\/\"},{\"@type\":\"ListItem\",\"position\":5,\"name\":\"Ch\u1ea5t \u1ed4n \u0110\u1ecbnh Sinh H\u1ecdc (2-8CELLsius\u2122 + DMSO)\"}]},{\"@type\":\"WebSite\",\"@id\":\"https:\/\/biogroupvietnam.com\/vi\/#website\",\"url\":\"https:\/\/biogroupvietnam.com\/vi\/\",\"name\":\"Biogroup Vietnam\",\"description\":\"Biogroup Vietnam cung c\u1ea5p d\u1ecbch v\u1ee5 k\u1ef9 thu\u1eadt c\u00f9ng thi\u1ebft b\u1ecb, v\u1eadt t\u01b0, h\u00f3a ch\u1ea5t v\u00e0 gi\u1ea3i ph\u00e1p sinh h\u1ecdc cho ph\u00f2ng th\u00ed nghi\u1ec7m c\u00f4ng ngh\u1ec7 sinh h\u1ecdc, y sinh v\u00e0 y h\u1ecdc t\u00e1i t\u1ea1o.\",\"potentialAction\":[{\"@type\":\"SearchAction\",\"target\":{\"@type\":\"EntryPoint\",\"urlTemplate\":\"https:\/\/biogroupvietnam.com\/vi\/?s={search_term_string}\"},\"query-input\":{\"@type\":\"PropertyValueSpecification\",\"valueRequired\":true,\"valueName\":\"search_term_string\"}}],\"inLanguage\":\"vi\"}]}<\/script>\n<!-- \/ Yoast SEO plugin. -->","yoast_head_json":{"title":"Ch\u1ea5t \u1ed4n \u0110\u1ecbnh Sinh H\u1ecdc (2-8CELLsius\u2122 + DMSO)","description":"Dung D\u1ecbch 2-8CELLsius\u2122\u00a0- ch\u1ea5t\u00a0\u1ed5n \u0111\u1ecbnh sinh h\u1ecdc t\u1ebf b\u00e0o (bio-stabilizers)","robots":{"index":"index","follow":"follow","max-snippet":"max-snippet:-1","max-image-preview":"max-image-preview:large","max-video-preview":"max-video-preview:-1"},"canonical":"https:\/\/biogroupvietnam.com\/vi\/san-pham\/chat-on-dinh-sinh-hoc-2-8cellsius-dmso\/","og_locale":"vi_VN","og_type":"article","og_title":"Ch\u1ea5t \u1ed4n \u0110\u1ecbnh Sinh H\u1ecdc (2-8CELLsius\u2122 + DMSO)","og_description":"Dung D\u1ecbch 2-8CELLsius\u2122\u00a0- ch\u1ea5t\u00a0\u1ed5n \u0111\u1ecbnh sinh h\u1ecdc t\u1ebf b\u00e0o (bio-stabilizers)","og_url":"https:\/\/biogroupvietnam.com\/vi\/san-pham\/chat-on-dinh-sinh-hoc-2-8cellsius-dmso\/","og_site_name":"Biogroup Vietnam","article_modified_time":"2025-11-17T09:38:58+00:00","og_image":[{"width":1640,"height":1260,"url":"https:\/\/biogroupvietnam.com\/wp-content\/uploads\/2025\/08\/2-8CELLsius\u2122-DMSO.jpg","type":"image\/jpeg"}],"twitter_card":"summary_large_image","twitter_misc":{"\u01af\u1edbc t\u00ednh th\u1eddi gian \u0111\u1ecdc":"2 ph\u00fat"},"schema":{"@context":"https:\/\/schema.org","@graph":[{"@type":"WebPage","@id":"https:\/\/biogroupvietnam.com\/vi\/san-pham\/chat-on-dinh-sinh-hoc-2-8cellsius-dmso\/","url":"https:\/\/biogroupvietnam.com\/vi\/san-pham\/chat-on-dinh-sinh-hoc-2-8cellsius-dmso\/","name":"Ch\u1ea5t \u1ed4n \u0110\u1ecbnh Sinh H\u1ecdc (2-8CELLsius\u2122 + DMSO)","isPartOf":{"@id":"https:\/\/biogroupvietnam.com\/vi\/#website"},"primaryImageOfPage":{"@id":"https:\/\/biogroupvietnam.com\/vi\/san-pham\/chat-on-dinh-sinh-hoc-2-8cellsius-dmso\/#primaryimage"},"image":{"@id":"https:\/\/biogroupvietnam.com\/vi\/san-pham\/chat-on-dinh-sinh-hoc-2-8cellsius-dmso\/#primaryimage"},"thumbnailUrl":"https:\/\/biogroupvietnam.com\/wp-content\/uploads\/2025\/08\/2-8CELLsius\u2122-DMSO.jpg","datePublished":"2025-08-18T12:51:20+00:00","dateModified":"2025-11-17T09:38:58+00:00","description":"Dung D\u1ecbch 2-8CELLsius\u2122\u00a0- ch\u1ea5t\u00a0\u1ed5n \u0111\u1ecbnh sinh h\u1ecdc t\u1ebf b\u00e0o (bio-stabilizers)","breadcrumb":{"@id":"https:\/\/biogroupvietnam.com\/vi\/san-pham\/chat-on-dinh-sinh-hoc-2-8cellsius-dmso\/#breadcrumb"},"inLanguage":"vi","potentialAction":[{"@type":"ReadAction","target":["https:\/\/biogroupvietnam.com\/vi\/san-pham\/chat-on-dinh-sinh-hoc-2-8cellsius-dmso\/"]}]},{"@type":"ImageObject","inLanguage":"vi","@id":"https:\/\/biogroupvietnam.com\/vi\/san-pham\/chat-on-dinh-sinh-hoc-2-8cellsius-dmso\/#primaryimage","url":"https:\/\/biogroupvietnam.com\/wp-content\/uploads\/2025\/08\/2-8CELLsius\u2122-DMSO.jpg","contentUrl":"https:\/\/biogroupvietnam.com\/wp-content\/uploads\/2025\/08\/2-8CELLsius\u2122-DMSO.jpg","width":1640,"height":1260},{"@type":"BreadcrumbList","@id":"https:\/\/biogroupvietnam.com\/vi\/san-pham\/chat-on-dinh-sinh-hoc-2-8cellsius-dmso\/#breadcrumb","itemListElement":[{"@type":"ListItem","position":1,"name":"Trang ch\u1ee7","item":"https:\/\/biogroupvietnam.com\/vi\/"},{"@type":"ListItem","position":2,"name":"S\u1ea3n ph\u1ea9m","item":"https:\/\/biogroupvietnam.com\/vi\/san-pham\/"},{"@type":"ListItem","position":3,"name":"B\u1ea3o Qu\u1ea3n L\u1ea1nh T\u1ebf B\u00e0o","item":"https:\/\/biogroupvietnam.com\/vi\/danh-muc-san-pham\/bao-quan-lanh-te-bao\/"},{"@type":"ListItem","position":4,"name":"M\u00f4i Tr\u01b0\u1eddng B\u1ea3o Qu\u1ea3n T\u1ebf B\u00e0o","item":"https:\/\/biogroupvietnam.com\/vi\/danh-muc-san-pham\/moi-truong-bao-quan-te-bao\/"},{"@type":"ListItem","position":5,"name":"Ch\u1ea5t \u1ed4n \u0110\u1ecbnh Sinh H\u1ecdc (2-8CELLsius\u2122 + DMSO)"}]},{"@type":"WebSite","@id":"https:\/\/biogroupvietnam.com\/vi\/#website","url":"https:\/\/biogroupvietnam.com\/vi\/","name":"Biogroup Vietnam","description":"Biogroup Vietnam cung c\u1ea5p d\u1ecbch v\u1ee5 k\u1ef9 thu\u1eadt c\u00f9ng thi\u1ebft b\u1ecb, v\u1eadt t\u01b0, h\u00f3a ch\u1ea5t v\u00e0 gi\u1ea3i ph\u00e1p sinh h\u1ecdc cho ph\u00f2ng th\u00ed nghi\u1ec7m c\u00f4ng ngh\u1ec7 sinh h\u1ecdc, y sinh v\u00e0 y h\u1ecdc t\u00e1i t\u1ea1o.","potentialAction":[{"@type":"SearchAction","target":{"@type":"EntryPoint","urlTemplate":"https:\/\/biogroupvietnam.com\/vi\/?s={search_term_string}"},"query-input":{"@type":"PropertyValueSpecification","valueRequired":true,"valueName":"search_term_string"}}],"inLanguage":"vi"}]}},"_links":{"self":[{"href":"https:\/\/biogroupvietnam.com\/vi\/wp-json\/wp\/v2\/product\/3593","targetHints":{"allow":["GET"]}}],"collection":[{"href":"https:\/\/biogroupvietnam.com\/vi\/wp-json\/wp\/v2\/product"}],"about":[{"href":"https:\/\/biogroupvietnam.com\/vi\/wp-json\/wp\/v2\/types\/product"}],"replies":[{"embeddable":true,"href":"https:\/\/biogroupvietnam.com\/vi\/wp-json\/wp\/v2\/comments?post=3593"}],"version-history":[{"count":5,"href":"https:\/\/biogroupvietnam.com\/vi\/wp-json\/wp\/v2\/product\/3593\/revisions"}],"predecessor-version":[{"id":9010,"href":"https:\/\/biogroupvietnam.com\/vi\/wp-json\/wp\/v2\/product\/3593\/revisions\/9010"}],"wp:featuredmedia":[{"embeddable":true,"href":"https:\/\/biogroupvietnam.com\/vi\/wp-json\/wp\/v2\/media\/9009"}],"wp:attachment":[{"href":"https:\/\/biogroupvietnam.com\/vi\/wp-json\/wp\/v2\/media?parent=3593"}],"wp:term":[{"taxonomy":"product_brand","embeddable":true,"href":"https:\/\/biogroupvietnam.com\/vi\/wp-json\/wp\/v2\/product_brand?post=3593"},{"taxonomy":"product_cat","embeddable":true,"href":"https:\/\/biogroupvietnam.com\/vi\/wp-json\/wp\/v2\/product_cat?post=3593"},{"taxonomy":"product_tag","embeddable":true,"href":"https:\/\/biogroupvietnam.com\/vi\/wp-json\/wp\/v2\/product_tag?post=3593"}],"curies":[{"name":"wp","href":"https:\/\/api.w.org\/{rel}","templated":true}]}}