{"id":3594,"date":"2025-08-18T19:51:20","date_gmt":"2025-08-18T12:51:20","guid":{"rendered":"http:\/\/biogroupvietnam-worldpress.local\/product\/import-placeholder-for-14\/"},"modified":"2026-03-12T16:39:42","modified_gmt":"2026-03-12T09:39:42","slug":"he-thong-tinh-che-protein-2-buoc-tu-dong","status":"publish","type":"product","link":"https:\/\/biogroupvietnam.com\/vi\/san-pham\/he-thong-tinh-che-protein-2-buoc-tu-dong\/","title":{"rendered":"H\u1ec7 Th\u1ed1ng Tinh Ch\u1ebf Protein 2 B\u01b0\u1edbc T\u1ef1 \u0110\u1ed9ng"},"content":{"rendered":"<p>H\u1ec7 th\u1ed1ng S\u1eafc K\u00fd L\u1ecfng Tinh S\u1ea1ch Protein AZURA Bio Lab l\u00e0 m\u1ed9t h\u1ec7 th\u1ed1ng gradient \u1ee9ng d\u1ee5ng tinh ch\u1ebf c\u00e1c ph\u00e2n t\u1eed sinh h\u1ecdc (protein, DNA) \u1edf quy m\u00f4 ph\u00f2ng th\u00ed nghi\u1ec7m. H\u1ec7 th\u1ed1ng \u0111\u01b0\u1ee3c thi\u1ebft k\u1ebf v\u00e0 t\u1ed1i \u01b0u h\u00f3a cho t\u1ea5t c\u1ea3 c\u00e1c \u1ee9ng d\u1ee5ng tinh ch\u1ebf protein b\u1eb1ng c\u00e1c k\u1ef9 thu\u1eadt s\u1eafc k\u00fd \u00e1i l\u1ef1c (AC), l\u1ecdc gel (SEC), trao \u0111\u1ed5i ion (IEX), t\u01b0\u01a1ng t\u00e1c k\u1ef5 n\u01b0\u1edbc (HIC).<\/p>\n<p>H\u1ec7 th\u1ed1ng \u0111\u01b0\u1ee3c thi\u1ebft k\u1ebf d\u1ea1ng m\u00f4-\u0111un cho ph\u00e9p thay \u0111\u1ed5i v\u00e0 n\u00e2ng c\u1ea5p nh\u1eb1m linh \u0111\u1ed9ng v\u00e0 ph\u00f9 h\u1ee3p v\u1edbi nhi\u1ec1u \u1ee9ng d\u1ee5ng tinh ch\u1ebf protein kh\u00e1c nhau.<\/p>\n<p>Trong ch\u1ebf \u0111\u1ed9 TwoStep, b\u1ed9 van ch\u1ecdn c\u1ed9t s\u1ebd cho ph\u00e9p ng\u01b0\u1eddi d\u00f9ng chuy\u1ec3n \u0111\u1ed5i gi\u1eefa nhi\u1ec1u lo\u1ea1i c\u1ed9t s\u1eafc k\u00fd tinh ch\u1ebf kh\u00e1c nhau, k\u1ebft h\u1ee3p v\u1edbi van \u0111\u1ea7u ra (ch\u1ecdn th\u00eam) cho ph\u00e9p th\u1ef1c hi\u1ec7n qu\u00e1 tr\u00ecnh tinh ch\u1ebf protein hai b\u01b0\u1edbc t\u1ef1 \u0111\u1ed9ng.<\/p>\n<h3><strong>\u0110\u1eb7c \u0111i\u1ec3m ch\u00ednh c\u1ee7a h\u1ec7 th\u1ed1ng<\/strong><\/h3>\n<ul>\n<li>T\u1ed1c \u0111\u1ed9 d\u00f2ng: t\u1eeb 0.001\u201350 ml\/ph\u00fat; t\u1ed1c \u0111\u1ed9 d\u00f2ng khuy\u1ebfn d\u00f9ng t\u1eeb 0,1 &#8211; 40 ml\/ph\u00fat.<\/li>\n<li>\u00c1p su\u1ea5t v\u1eadn h\u00e0nh h\u1ec7 th\u1ed1ng t\u1ed1i \u0111a: 240 bar (24.0 MPa).<\/li>\n<li>Van ti\u00eam \u0111\u1ec3 b\u01a1m m\u1eabu qua v\u00f2ng l\u1eb7p ch\u1ee9a m\u1eabu (sample loop) ho\u1eb7c b\u01a1m m\u1eabu.<\/li>\n<li>T\u1ed1c \u0111\u1ed9 b\u01a1m m\u1eabu t\u1eeb 0,1 &#8211; 50 ml\/ph\u00fat.<\/li>\n<li>B\u1ed9 \u0111i\u1ec1u khi\u1ec3n v\u00e0 \u0111\u1ea7u d\u00f2 UV cho ph\u00e9p \u0111o m\u1eabu \u1edf c\u00e1c b\u01b0\u1edbc s\u00f3ng \u0111\u01a1n t\u1eeb 190 \u0111\u1ebfn 500 nm.\u00a0\u0110\u1ed9 ch\u00ednh x\u00e1c: \u00b1 3 nm.<\/li>\n<li>B\u1ed9 \u0111o \u0111\u1ed9 d\u1eabn \u0111i\u1ec7n v\u00e0 pH:\u00a0Kho\u1ea3ng \u0111o \u0111\u1ed9 d\u1eabn \u0111i\u1ec7n: 0.1 \u2013 999mS\/cm.\u00a0Kho\u1ea3ng \u0111o pH: 2-12 (ch\u1ecdn th\u00eam \u0111i\u1ec7n c\u1ef1c pH).<\/li>\n<li>B\u1ed9 thu m\u1eabu ph\u00e2n \u0111o\u1ea1n:\u00a0T\u1ed1c \u0111\u1ed9 d\u00f2ng t\u1ed1i \u0111a: 125ml\/ph\u00fat. Ph\u00f9 h\u1ee3p v\u1edbi c\u00e1c \u0111\u1ecbnh d\u1ea1ng \u0111\u0129a 96 gi\u1ebfng, \u1ed1ng nghi\u1ec7m, v\u00e0 chai.<\/li>\n<li>T\u01b0\u01a1ng th\u00edch v\u1edbi t\u1ea5t c\u1ea3 c\u00e1c lo\u1ea1i c\u1ed9t s\u1eafc k\u00fd tinh ch\u1ebf c\u1ee7a c\u00e1c nh\u00e0 s\u1ea3n xu\u1ea5t kh\u00e1c nhau.<\/li>\n<\/ul>\n","protected":false},"excerpt":{"rendered":"<p>H\u1ec7 th\u1ed1ng S\u1eafc K\u00fd L\u1ecfng Tinh S\u1ea1ch Protein AZURA Bio Lab l\u00e0 m\u1ed9t h\u1ec7 th\u1ed1ng gradient \u1ee9ng d\u1ee5ng tinh ch\u1ebf c\u00e1c ph\u00e2n t\u1eed sinh h\u1ecdc (protein, DNA) \u1edf quy m\u00f4 ph\u00f2ng th\u00ed nghi\u1ec7m. H\u1ec7 th\u1ed1ng \u0111\u01b0\u1ee3c thi\u1ebft k\u1ebf v\u00e0 t\u1ed1i \u01b0u h\u00f3a cho t\u1ea5t c\u1ea3 c\u00e1c \u1ee9ng d\u1ee5ng tinh ch\u1ebf protein b\u1eb1ng c\u00e1c k\u1ef9 thu\u1eadt<\/p>\n<div class=\"klb-readmore post-buttons\"><a class=\"button rounded primary\" href=\"https:\/\/biogroupvietnam.com\/vi\/san-pham\/he-thong-tinh-che-protein-2-buoc-tu-dong\/\">Read More <i class=\"klbth-icon-right-arrow\"><\/i><\/a><\/div>\n","protected":false},"featured_media":9988,"comment_status":"closed","ping_status":"closed","template":"","meta":{"_acf_changed":false},"product_brand":[137],"product_cat":[119],"product_tag":[],"class_list":{"0":"post-3594","1":"product","2":"type-product","3":"status-publish","4":"has-post-thumbnail","6":"product_brand-knauer","7":"product_cat-tinh-che-protein","9":"first","10":"outofstock","11":"shipping-taxable","12":"product-type-simple"},"acf":[],"yoast_head":"<!-- This site is optimized with the Yoast SEO plugin v26.8 - https:\/\/yoast.com\/product\/yoast-seo-wordpress\/ -->\n<title>H\u1ec7 Th\u1ed1ng Tinh Ch\u1ebf Protein 2 B\u01b0\u1edbc T\u1ef1 \u0110\u1ed9ng<\/title>\n<meta name=\"description\" content=\"H\u1ec7 th\u1ed1ng S\u1eafc K\u00fd L\u1ecfng Tinh S\u1ea1ch Protein AZURA Bio Lab l\u00e0 m\u1ed9t h\u1ec7 th\u1ed1ng gradient \u1ee9ng d\u1ee5ng tinh ch\u1ebf c\u00e1c ph\u00e2n t\u1eed sinh h\u1ecdc (protein, DNA) \u1edf quy m\u00f4 ph\u00f2ng th\u00ed nghi\u1ec7m.\" \/>\n<meta name=\"robots\" content=\"index, follow, max-snippet:-1, max-image-preview:large, max-video-preview:-1\" \/>\n<link rel=\"canonical\" href=\"https:\/\/biogroupvietnam.com\/vi\/san-pham\/he-thong-tinh-che-protein-2-buoc-tu-dong\/\" \/>\n<meta property=\"og:locale\" content=\"vi_VN\" \/>\n<meta property=\"og:type\" content=\"article\" \/>\n<meta property=\"og:title\" content=\"H\u1ec7 Th\u1ed1ng Tinh Ch\u1ebf Protein 2 B\u01b0\u1edbc T\u1ef1 \u0110\u1ed9ng\" \/>\n<meta property=\"og:description\" content=\"H\u1ec7 th\u1ed1ng S\u1eafc K\u00fd L\u1ecfng Tinh S\u1ea1ch Protein AZURA Bio Lab l\u00e0 m\u1ed9t h\u1ec7 th\u1ed1ng gradient \u1ee9ng d\u1ee5ng tinh ch\u1ebf c\u00e1c ph\u00e2n t\u1eed sinh h\u1ecdc (protein, DNA) \u1edf quy m\u00f4 ph\u00f2ng th\u00ed nghi\u1ec7m.\" \/>\n<meta property=\"og:url\" content=\"https:\/\/biogroupvietnam.com\/vi\/san-pham\/he-thong-tinh-che-protein-2-buoc-tu-dong\/\" \/>\n<meta property=\"og:site_name\" content=\"Biogroup Vietnam\" \/>\n<meta property=\"article:modified_time\" content=\"2026-03-12T09:39:42+00:00\" \/>\n<meta property=\"og:image\" content=\"https:\/\/biogroupvietnam.com\/wp-content\/uploads\/2025\/08\/he-thong-tinh-che-protein-2-buoc-tu-dong.jpg\" \/>\n\t<meta property=\"og:image:width\" content=\"1640\" \/>\n\t<meta property=\"og:image:height\" content=\"1260\" \/>\n\t<meta property=\"og:image:type\" content=\"image\/jpeg\" \/>\n<meta name=\"twitter:card\" content=\"summary_large_image\" \/>\n<meta name=\"twitter:label1\" content=\"\u01af\u1edbc t\u00ednh th\u1eddi gian \u0111\u1ecdc\" \/>\n\t<meta name=\"twitter:data1\" content=\"2 ph\u00fat\" \/>\n<script type=\"application\/ld+json\" class=\"yoast-schema-graph\">{\"@context\":\"https:\/\/schema.org\",\"@graph\":[{\"@type\":\"WebPage\",\"@id\":\"https:\/\/biogroupvietnam.com\/vi\/san-pham\/he-thong-tinh-che-protein-2-buoc-tu-dong\/\",\"url\":\"https:\/\/biogroupvietnam.com\/vi\/san-pham\/he-thong-tinh-che-protein-2-buoc-tu-dong\/\",\"name\":\"H\u1ec7 Th\u1ed1ng Tinh Ch\u1ebf Protein 2 B\u01b0\u1edbc T\u1ef1 \u0110\u1ed9ng\",\"isPartOf\":{\"@id\":\"https:\/\/biogroupvietnam.com\/vi\/#website\"},\"primaryImageOfPage\":{\"@id\":\"https:\/\/biogroupvietnam.com\/vi\/san-pham\/he-thong-tinh-che-protein-2-buoc-tu-dong\/#primaryimage\"},\"image\":{\"@id\":\"https:\/\/biogroupvietnam.com\/vi\/san-pham\/he-thong-tinh-che-protein-2-buoc-tu-dong\/#primaryimage\"},\"thumbnailUrl\":\"https:\/\/biogroupvietnam.com\/wp-content\/uploads\/2025\/08\/he-thong-tinh-che-protein-2-buoc-tu-dong.jpg\",\"datePublished\":\"2025-08-18T12:51:20+00:00\",\"dateModified\":\"2026-03-12T09:39:42+00:00\",\"description\":\"H\u1ec7 th\u1ed1ng S\u1eafc K\u00fd L\u1ecfng Tinh S\u1ea1ch Protein AZURA Bio Lab l\u00e0 m\u1ed9t h\u1ec7 th\u1ed1ng gradient \u1ee9ng d\u1ee5ng tinh ch\u1ebf c\u00e1c ph\u00e2n t\u1eed sinh h\u1ecdc (protein, DNA) \u1edf quy m\u00f4 ph\u00f2ng th\u00ed nghi\u1ec7m.\",\"breadcrumb\":{\"@id\":\"https:\/\/biogroupvietnam.com\/vi\/san-pham\/he-thong-tinh-che-protein-2-buoc-tu-dong\/#breadcrumb\"},\"inLanguage\":\"vi\",\"potentialAction\":[{\"@type\":\"ReadAction\",\"target\":[\"https:\/\/biogroupvietnam.com\/vi\/san-pham\/he-thong-tinh-che-protein-2-buoc-tu-dong\/\"]}]},{\"@type\":\"ImageObject\",\"inLanguage\":\"vi\",\"@id\":\"https:\/\/biogroupvietnam.com\/vi\/san-pham\/he-thong-tinh-che-protein-2-buoc-tu-dong\/#primaryimage\",\"url\":\"https:\/\/biogroupvietnam.com\/wp-content\/uploads\/2025\/08\/he-thong-tinh-che-protein-2-buoc-tu-dong.jpg\",\"contentUrl\":\"https:\/\/biogroupvietnam.com\/wp-content\/uploads\/2025\/08\/he-thong-tinh-che-protein-2-buoc-tu-dong.jpg\",\"width\":1640,\"height\":1260,\"caption\":\"H\u1ec7 Th\u1ed1ng Tinh Ch\u1ebf Protein 2 B\u01b0\u1edbc T\u1ef1 \u0110\u1ed9ng\"},{\"@type\":\"BreadcrumbList\",\"@id\":\"https:\/\/biogroupvietnam.com\/vi\/san-pham\/he-thong-tinh-che-protein-2-buoc-tu-dong\/#breadcrumb\",\"itemListElement\":[{\"@type\":\"ListItem\",\"position\":1,\"name\":\"Trang ch\u1ee7\",\"item\":\"https:\/\/biogroupvietnam.com\/vi\/\"},{\"@type\":\"ListItem\",\"position\":2,\"name\":\"S\u1ea3n ph\u1ea9m\",\"item\":\"https:\/\/biogroupvietnam.com\/vi\/san-pham\/\"},{\"@type\":\"ListItem\",\"position\":3,\"name\":\"R&amp;D Sinh H\u1ecdc\",\"item\":\"https:\/\/biogroupvietnam.com\/vi\/danh-muc-san-pham\/rd-sinh-hoc\/\"},{\"@type\":\"ListItem\",\"position\":4,\"name\":\"Tinh Ch\u1ebf Protein\",\"item\":\"https:\/\/biogroupvietnam.com\/vi\/danh-muc-san-pham\/tinh-che-protein\/\"},{\"@type\":\"ListItem\",\"position\":5,\"name\":\"H\u1ec7 Th\u1ed1ng Tinh Ch\u1ebf Protein 2 B\u01b0\u1edbc T\u1ef1 \u0110\u1ed9ng\"}]},{\"@type\":\"WebSite\",\"@id\":\"https:\/\/biogroupvietnam.com\/vi\/#website\",\"url\":\"https:\/\/biogroupvietnam.com\/vi\/\",\"name\":\"Biogroup Vietnam\",\"description\":\"Biogroup Vietnam cung c\u1ea5p d\u1ecbch v\u1ee5 k\u1ef9 thu\u1eadt c\u00f9ng thi\u1ebft b\u1ecb, v\u1eadt t\u01b0, h\u00f3a ch\u1ea5t v\u00e0 gi\u1ea3i ph\u00e1p sinh h\u1ecdc cho ph\u00f2ng th\u00ed nghi\u1ec7m c\u00f4ng ngh\u1ec7 sinh h\u1ecdc, y sinh v\u00e0 y h\u1ecdc t\u00e1i t\u1ea1o.\",\"potentialAction\":[{\"@type\":\"SearchAction\",\"target\":{\"@type\":\"EntryPoint\",\"urlTemplate\":\"https:\/\/biogroupvietnam.com\/vi\/?s={search_term_string}\"},\"query-input\":{\"@type\":\"PropertyValueSpecification\",\"valueRequired\":true,\"valueName\":\"search_term_string\"}}],\"inLanguage\":\"vi\"}]}<\/script>\n<!-- \/ Yoast SEO plugin. -->","yoast_head_json":{"title":"H\u1ec7 Th\u1ed1ng Tinh Ch\u1ebf Protein 2 B\u01b0\u1edbc T\u1ef1 \u0110\u1ed9ng","description":"H\u1ec7 th\u1ed1ng S\u1eafc K\u00fd L\u1ecfng Tinh S\u1ea1ch Protein AZURA Bio Lab l\u00e0 m\u1ed9t h\u1ec7 th\u1ed1ng gradient \u1ee9ng d\u1ee5ng tinh ch\u1ebf c\u00e1c ph\u00e2n t\u1eed sinh h\u1ecdc (protein, DNA) \u1edf quy m\u00f4 ph\u00f2ng th\u00ed nghi\u1ec7m.","robots":{"index":"index","follow":"follow","max-snippet":"max-snippet:-1","max-image-preview":"max-image-preview:large","max-video-preview":"max-video-preview:-1"},"canonical":"https:\/\/biogroupvietnam.com\/vi\/san-pham\/he-thong-tinh-che-protein-2-buoc-tu-dong\/","og_locale":"vi_VN","og_type":"article","og_title":"H\u1ec7 Th\u1ed1ng Tinh Ch\u1ebf Protein 2 B\u01b0\u1edbc T\u1ef1 \u0110\u1ed9ng","og_description":"H\u1ec7 th\u1ed1ng S\u1eafc K\u00fd L\u1ecfng Tinh S\u1ea1ch Protein AZURA Bio Lab l\u00e0 m\u1ed9t h\u1ec7 th\u1ed1ng gradient \u1ee9ng d\u1ee5ng tinh ch\u1ebf c\u00e1c ph\u00e2n t\u1eed sinh h\u1ecdc (protein, DNA) \u1edf quy m\u00f4 ph\u00f2ng th\u00ed nghi\u1ec7m.","og_url":"https:\/\/biogroupvietnam.com\/vi\/san-pham\/he-thong-tinh-che-protein-2-buoc-tu-dong\/","og_site_name":"Biogroup Vietnam","article_modified_time":"2026-03-12T09:39:42+00:00","og_image":[{"width":1640,"height":1260,"url":"https:\/\/biogroupvietnam.com\/wp-content\/uploads\/2025\/08\/he-thong-tinh-che-protein-2-buoc-tu-dong.jpg","type":"image\/jpeg"}],"twitter_card":"summary_large_image","twitter_misc":{"\u01af\u1edbc t\u00ednh th\u1eddi gian \u0111\u1ecdc":"2 ph\u00fat"},"schema":{"@context":"https:\/\/schema.org","@graph":[{"@type":"WebPage","@id":"https:\/\/biogroupvietnam.com\/vi\/san-pham\/he-thong-tinh-che-protein-2-buoc-tu-dong\/","url":"https:\/\/biogroupvietnam.com\/vi\/san-pham\/he-thong-tinh-che-protein-2-buoc-tu-dong\/","name":"H\u1ec7 Th\u1ed1ng Tinh Ch\u1ebf Protein 2 B\u01b0\u1edbc T\u1ef1 \u0110\u1ed9ng","isPartOf":{"@id":"https:\/\/biogroupvietnam.com\/vi\/#website"},"primaryImageOfPage":{"@id":"https:\/\/biogroupvietnam.com\/vi\/san-pham\/he-thong-tinh-che-protein-2-buoc-tu-dong\/#primaryimage"},"image":{"@id":"https:\/\/biogroupvietnam.com\/vi\/san-pham\/he-thong-tinh-che-protein-2-buoc-tu-dong\/#primaryimage"},"thumbnailUrl":"https:\/\/biogroupvietnam.com\/wp-content\/uploads\/2025\/08\/he-thong-tinh-che-protein-2-buoc-tu-dong.jpg","datePublished":"2025-08-18T12:51:20+00:00","dateModified":"2026-03-12T09:39:42+00:00","description":"H\u1ec7 th\u1ed1ng S\u1eafc K\u00fd L\u1ecfng Tinh S\u1ea1ch Protein AZURA Bio Lab l\u00e0 m\u1ed9t h\u1ec7 th\u1ed1ng gradient \u1ee9ng d\u1ee5ng tinh ch\u1ebf c\u00e1c ph\u00e2n t\u1eed sinh h\u1ecdc (protein, DNA) \u1edf quy m\u00f4 ph\u00f2ng th\u00ed nghi\u1ec7m.","breadcrumb":{"@id":"https:\/\/biogroupvietnam.com\/vi\/san-pham\/he-thong-tinh-che-protein-2-buoc-tu-dong\/#breadcrumb"},"inLanguage":"vi","potentialAction":[{"@type":"ReadAction","target":["https:\/\/biogroupvietnam.com\/vi\/san-pham\/he-thong-tinh-che-protein-2-buoc-tu-dong\/"]}]},{"@type":"ImageObject","inLanguage":"vi","@id":"https:\/\/biogroupvietnam.com\/vi\/san-pham\/he-thong-tinh-che-protein-2-buoc-tu-dong\/#primaryimage","url":"https:\/\/biogroupvietnam.com\/wp-content\/uploads\/2025\/08\/he-thong-tinh-che-protein-2-buoc-tu-dong.jpg","contentUrl":"https:\/\/biogroupvietnam.com\/wp-content\/uploads\/2025\/08\/he-thong-tinh-che-protein-2-buoc-tu-dong.jpg","width":1640,"height":1260,"caption":"H\u1ec7 Th\u1ed1ng Tinh Ch\u1ebf Protein 2 B\u01b0\u1edbc T\u1ef1 \u0110\u1ed9ng"},{"@type":"BreadcrumbList","@id":"https:\/\/biogroupvietnam.com\/vi\/san-pham\/he-thong-tinh-che-protein-2-buoc-tu-dong\/#breadcrumb","itemListElement":[{"@type":"ListItem","position":1,"name":"Trang ch\u1ee7","item":"https:\/\/biogroupvietnam.com\/vi\/"},{"@type":"ListItem","position":2,"name":"S\u1ea3n ph\u1ea9m","item":"https:\/\/biogroupvietnam.com\/vi\/san-pham\/"},{"@type":"ListItem","position":3,"name":"R&amp;D Sinh H\u1ecdc","item":"https:\/\/biogroupvietnam.com\/vi\/danh-muc-san-pham\/rd-sinh-hoc\/"},{"@type":"ListItem","position":4,"name":"Tinh Ch\u1ebf Protein","item":"https:\/\/biogroupvietnam.com\/vi\/danh-muc-san-pham\/tinh-che-protein\/"},{"@type":"ListItem","position":5,"name":"H\u1ec7 Th\u1ed1ng Tinh Ch\u1ebf Protein 2 B\u01b0\u1edbc T\u1ef1 \u0110\u1ed9ng"}]},{"@type":"WebSite","@id":"https:\/\/biogroupvietnam.com\/vi\/#website","url":"https:\/\/biogroupvietnam.com\/vi\/","name":"Biogroup Vietnam","description":"Biogroup Vietnam cung c\u1ea5p d\u1ecbch v\u1ee5 k\u1ef9 thu\u1eadt c\u00f9ng thi\u1ebft b\u1ecb, v\u1eadt t\u01b0, h\u00f3a ch\u1ea5t v\u00e0 gi\u1ea3i ph\u00e1p sinh h\u1ecdc cho ph\u00f2ng th\u00ed nghi\u1ec7m c\u00f4ng ngh\u1ec7 sinh h\u1ecdc, y sinh v\u00e0 y h\u1ecdc t\u00e1i t\u1ea1o.","potentialAction":[{"@type":"SearchAction","target":{"@type":"EntryPoint","urlTemplate":"https:\/\/biogroupvietnam.com\/vi\/?s={search_term_string}"},"query-input":{"@type":"PropertyValueSpecification","valueRequired":true,"valueName":"search_term_string"}}],"inLanguage":"vi"}]}},"_links":{"self":[{"href":"https:\/\/biogroupvietnam.com\/vi\/wp-json\/wp\/v2\/product\/3594","targetHints":{"allow":["GET"]}}],"collection":[{"href":"https:\/\/biogroupvietnam.com\/vi\/wp-json\/wp\/v2\/product"}],"about":[{"href":"https:\/\/biogroupvietnam.com\/vi\/wp-json\/wp\/v2\/types\/product"}],"replies":[{"embeddable":true,"href":"https:\/\/biogroupvietnam.com\/vi\/wp-json\/wp\/v2\/comments?post=3594"}],"version-history":[{"count":4,"href":"https:\/\/biogroupvietnam.com\/vi\/wp-json\/wp\/v2\/product\/3594\/revisions"}],"predecessor-version":[{"id":9989,"href":"https:\/\/biogroupvietnam.com\/vi\/wp-json\/wp\/v2\/product\/3594\/revisions\/9989"}],"wp:featuredmedia":[{"embeddable":true,"href":"https:\/\/biogroupvietnam.com\/vi\/wp-json\/wp\/v2\/media\/9988"}],"wp:attachment":[{"href":"https:\/\/biogroupvietnam.com\/vi\/wp-json\/wp\/v2\/media?parent=3594"}],"wp:term":[{"taxonomy":"product_brand","embeddable":true,"href":"https:\/\/biogroupvietnam.com\/vi\/wp-json\/wp\/v2\/product_brand?post=3594"},{"taxonomy":"product_cat","embeddable":true,"href":"https:\/\/biogroupvietnam.com\/vi\/wp-json\/wp\/v2\/product_cat?post=3594"},{"taxonomy":"product_tag","embeddable":true,"href":"https:\/\/biogroupvietnam.com\/vi\/wp-json\/wp\/v2\/product_tag?post=3594"}],"curies":[{"name":"wp","href":"https:\/\/api.w.org\/{rel}","templated":true}]}}