{"id":3595,"date":"2025-08-18T19:51:21","date_gmt":"2025-08-18T12:51:21","guid":{"rendered":"http:\/\/biogroupvietnam-worldpress.local\/product\/import-placeholder-for-15\/"},"modified":"2026-03-12T16:31:19","modified_gmt":"2026-03-12T09:31:19","slug":"he-thong-sac-ky-loc-gel","status":"publish","type":"product","link":"https:\/\/biogroupvietnam.com\/vi\/san-pham\/he-thong-sac-ky-loc-gel\/","title":{"rendered":"H\u1ec7 Th\u1ed1ng S\u1eafc K\u00fd L\u1ecdc Gel AZURA\u00ae Bio compact SEC"},"content":{"rendered":"<p>H\u1ec7 th\u1ed1ng s\u1eafc k\u00fd l\u1ecdc gel AZURA\u00ae Bio compact SEC \u0111\u01b0\u1ee3c thi\u1ebft k\u1ebf chuy\u00ean th\u1ef1c hi\u1ec7n s\u1eafc k\u00fd l\u1ecdc gel, m\u1ed9t ph\u01b0\u01a1ng ph\u00e1p t\u1ed1n nhi\u1ec1u th\u1eddi gian trong ph\u00f2ng th\u00ed nghi\u1ec7m, s\u1ebd kh\u00f4ng \u1ea3nh h\u01b0\u1edfng h\u1ec7 th\u1ed1ng tinh ch\u1ebf protein \u0111a ch\u1ee9c n\u0103ng (h\u1ec7 th\u1ed1ng c\u00f3 \u0111\u1ea7y \u0111\u1ee7 t\u00ednh n\u0103ng k\u1ef9 thu\u1eadt) v\u00e0 gi\u00fap ti\u1ebft ki\u1ec7m chi ph\u00ed \u0111\u1ea7u t\u01b0, v\u1eadn h\u00e0nh ph\u00f2ng th\u00ed nghi\u1ec7m.<\/p>\n<p>H\u1ec7 th\u1ed1ng \u0111\u01b0\u1ee3c thi\u1ebft k\u1ebf nh\u1ecf g\u1ecdn v\u00e0 ph\u1ea7n m\u1ec1m tinh ch\u1ebf PurityChrom\u00ae tr\u1ef1c quan, gi\u00fap c\u1ea3i thi\u1ec7n hi\u1ec7u su\u1ea5t v\u01b0\u1ee3t tr\u1ed9i v\u00e0 d\u1ec5 s\u1eed d\u1ee5ng. C\u00e1c ph\u01b0\u01a1ng ph\u00e1p tinh ch\u1ebf protein \u0111\u01b0\u1ee3c l\u1eadp tr\u00ecnh s\u1eb5n v\u00e0 c\u00f3 th\u1ec3 d\u1ec5 d\u00e0ng \u0111i\u1ec1u ch\u1ec9nh b\u1eb1ng c\u00e1ch thay \u0111\u1ed5i th\u1ec3 t\u00edch c\u1ed9t.<\/p>\n<p>H\u1ec7 th\u1ed1ng s\u1eafc k\u00fd l\u1ecdc gel AZURA\u00ae Bio compact SEC t\u01b0\u01a1ng th\u00edch t\u1ea5t c\u1ea3 c\u00e1c c\u1ed9t s\u1eafc k\u00fd tinh ch\u1ebf protein hi\u1ec7n c\u00f3 tr\u00ean th\u1ecb tr\u01b0\u1eddng.<\/p>\n<p>H\u1ec7 th\u1ed1ng \u0111\u01b0\u1ee3c thi\u1ebft k\u1ebf d\u1ea1ng m\u00f4-\u0111un cho ph\u00e9p n\u00e2ng c\u1ea5p, k\u1ebft n\u1ed1i v\u1edbi m\u00f4-\u0111un kh\u00e1c nh\u01b0: d\u00f9ng \u0111\u1ec3 b\u01a1m m\u1eabu l\u00ean c\u1ed9t cho h\u1ec7 th\u1ed1ng tinh ch\u1ebf protein kh\u00e1c.<\/p>\n<h3><strong>C\u00e1c \u0111\u1eb7c \u0111i\u1ec3m ch\u00ednh c\u1ee7a h\u1ec7 th\u1ed1ng<\/strong><\/h3>\n<ul>\n<li>T\u1ed1c \u0111\u1ed9 d\u00f2ng: t\u1eeb 0.001\u201310 ml\/ph\u00fat; t\u1ed1c \u0111\u1ed9 d\u00f2ng khuy\u1ebfn d\u00f9ng t\u1eeb 0,1 &#8211; 8 ml\/ph\u00fat.<\/li>\n<li>\u00c1p su\u1ea5t h\u1ec7 th\u1ed1ng v\u1eadn h\u00e0nh t\u1ed1i \u0111a \u0111\u1ebfn 50 bar.<\/li>\n<li>Van ti\u00eam \u0111\u1ec3 b\u01a1m m\u1eabu qua v\u00f2ng l\u1eb7p ch\u1ee9a m\u1eabu (sample loop) ho\u1eb7c b\u01a1m m\u1eabu.<\/li>\n<li>B\u1ed9 \u0111i\u1ec1u khi\u1ec3n v\u00e0 \u0111\u1ea7u d\u00f2 UV cho ph\u00e9p \u0111o m\u1eabu \u1edf c\u00e1c b\u01b0\u1edbc s\u00f3ng \u0111\u01a1n t\u1eeb 190 \u0111\u1ebfn 500 nm.<\/li>\n<li>B\u1ed9 thu m\u1eabu ph\u00e2n \u0111o\u1ea1n: T\u1ed1c \u0111\u1ed9 d\u00f2ng t\u1ed1i \u0111a: 125ml\/ph\u00fat. Ph\u00f9 h\u1ee3p v\u1edbi c\u00e1c \u0111\u1ecbnh d\u1ea1ng \u0111\u0129a 96 gi\u1ebfng, \u1ed1ng nghi\u1ec7m, v\u00e0 chai.<\/li>\n<li>T\u01b0\u01a1ng th\u00edch v\u1edbi t\u1ea5t c\u1ea3 c\u00e1c lo\u1ea1i c\u1ed9t s\u1eafc k\u00fd tinh ch\u1ebf c\u1ee7a c\u00e1c nh\u00e0 s\u1ea3n xu\u1ea5t kh\u00e1c nhau.<\/li>\n<li>Ph\u1ea7n m\u1ec1m Purity Chrom\u00ae\u00a0v\u1eadn h\u00e0nh h\u1ec7 th\u1ed1ng tinh ch\u1ebf t\u1ef1 \u0111\u1ed9ng.<\/li>\n<li>D\u1ec5 d\u00e0ng n\u00e2ng c\u1ea5p h\u1ec7 th\u1ed1ng th\u00e0nh h\u1ec7 th\u1ed1ng b\u01a1m m\u1eabu t\u1ef1 \u0111\u1ed9ng.<\/li>\n<\/ul>\n","protected":false},"excerpt":{"rendered":"<p>H\u1ec7 th\u1ed1ng s\u1eafc k\u00fd l\u1ecdc gel AZURA\u00ae Bio compact SEC \u0111\u01b0\u1ee3c thi\u1ebft k\u1ebf chuy\u00ean th\u1ef1c hi\u1ec7n s\u1eafc k\u00fd l\u1ecdc gel, m\u1ed9t ph\u01b0\u01a1ng ph\u00e1p t\u1ed1n nhi\u1ec1u th\u1eddi gian trong ph\u00f2ng th\u00ed nghi\u1ec7m, s\u1ebd kh\u00f4ng \u1ea3nh h\u01b0\u1edfng h\u1ec7 th\u1ed1ng tinh ch\u1ebf protein \u0111a ch\u1ee9c n\u0103ng (h\u1ec7 th\u1ed1ng c\u00f3 \u0111\u1ea7y \u0111\u1ee7 t\u00ednh n\u0103ng k\u1ef9 thu\u1eadt) v\u00e0 gi\u00fap ti\u1ebft<\/p>\n<div class=\"klb-readmore post-buttons\"><a class=\"button rounded primary\" href=\"https:\/\/biogroupvietnam.com\/vi\/san-pham\/he-thong-sac-ky-loc-gel\/\">Read More <i class=\"klbth-icon-right-arrow\"><\/i><\/a><\/div>\n","protected":false},"featured_media":9982,"comment_status":"closed","ping_status":"closed","template":"","meta":{"_acf_changed":false},"product_brand":[137],"product_cat":[119],"product_tag":[],"class_list":{"0":"post-3595","1":"product","2":"type-product","3":"status-publish","4":"has-post-thumbnail","6":"product_brand-knauer","7":"product_cat-tinh-che-protein","9":"first","10":"outofstock","11":"shipping-taxable","12":"product-type-simple"},"acf":[],"yoast_head":"<!-- This site is optimized with the Yoast SEO plugin v26.8 - https:\/\/yoast.com\/product\/yoast-seo-wordpress\/ -->\n<title>H\u1ec7 Th\u1ed1ng S\u1eafc K\u00fd L\u1ecdc Gel AZURA\u00ae Bio compact SEC<\/title>\n<meta name=\"description\" content=\"H\u1ec7 th\u1ed1ng s\u1eafc k\u00fd l\u1ecdc gel AZURA\u00ae Bio compact SEC \u0111\u01b0\u1ee3c thi\u1ebft k\u1ebf chuy\u00ean th\u1ef1c hi\u1ec7n s\u1eafc k\u00fd l\u1ecdc gel, kh\u00f4ng \u1ea3nh h\u01b0\u1edfng h\u1ec7 th\u1ed1ng tinh ch\u1ebf protein \u0111a ch\u1ee9c n\u0103ng v\u00e0 gi\u00fap ti\u1ebft ki\u1ec7m chi ph\u00ed \u0111\u1ea7u t\u01b0, v\u1eadn h\u00e0nh ph\u00f2ng th\u00ed nghi\u1ec7m.\" \/>\n<meta name=\"robots\" content=\"index, follow, max-snippet:-1, max-image-preview:large, max-video-preview:-1\" \/>\n<link rel=\"canonical\" href=\"https:\/\/biogroupvietnam.com\/vi\/san-pham\/he-thong-sac-ky-loc-gel\/\" \/>\n<meta property=\"og:locale\" content=\"vi_VN\" \/>\n<meta property=\"og:type\" content=\"article\" \/>\n<meta property=\"og:title\" content=\"H\u1ec7 Th\u1ed1ng S\u1eafc K\u00fd L\u1ecdc Gel AZURA\u00ae Bio compact SEC\" \/>\n<meta property=\"og:description\" content=\"H\u1ec7 th\u1ed1ng s\u1eafc k\u00fd l\u1ecdc gel AZURA\u00ae Bio compact SEC \u0111\u01b0\u1ee3c thi\u1ebft k\u1ebf chuy\u00ean th\u1ef1c hi\u1ec7n s\u1eafc k\u00fd l\u1ecdc gel, kh\u00f4ng \u1ea3nh h\u01b0\u1edfng h\u1ec7 th\u1ed1ng tinh ch\u1ebf protein \u0111a ch\u1ee9c n\u0103ng v\u00e0 gi\u00fap ti\u1ebft ki\u1ec7m chi ph\u00ed \u0111\u1ea7u t\u01b0, v\u1eadn h\u00e0nh ph\u00f2ng th\u00ed nghi\u1ec7m.\" \/>\n<meta property=\"og:url\" content=\"https:\/\/biogroupvietnam.com\/vi\/san-pham\/he-thong-sac-ky-loc-gel\/\" \/>\n<meta property=\"og:site_name\" content=\"Biogroup Vietnam\" \/>\n<meta property=\"article:modified_time\" content=\"2026-03-12T09:31:19+00:00\" \/>\n<meta property=\"og:image\" content=\"https:\/\/biogroupvietnam.com\/wp-content\/uploads\/2025\/08\/he-thong-sac-ky-loc-gel-azura-bio-compact-sec.jpg\" \/>\n\t<meta property=\"og:image:width\" content=\"1640\" \/>\n\t<meta property=\"og:image:height\" content=\"1260\" \/>\n\t<meta property=\"og:image:type\" content=\"image\/jpeg\" \/>\n<meta name=\"twitter:card\" content=\"summary_large_image\" \/>\n<meta name=\"twitter:label1\" content=\"\u01af\u1edbc t\u00ednh th\u1eddi gian \u0111\u1ecdc\" \/>\n\t<meta name=\"twitter:data1\" content=\"2 ph\u00fat\" \/>\n<script type=\"application\/ld+json\" class=\"yoast-schema-graph\">{\"@context\":\"https:\/\/schema.org\",\"@graph\":[{\"@type\":\"WebPage\",\"@id\":\"https:\/\/biogroupvietnam.com\/vi\/san-pham\/he-thong-sac-ky-loc-gel\/\",\"url\":\"https:\/\/biogroupvietnam.com\/vi\/san-pham\/he-thong-sac-ky-loc-gel\/\",\"name\":\"H\u1ec7 Th\u1ed1ng S\u1eafc K\u00fd L\u1ecdc Gel AZURA\u00ae Bio compact SEC\",\"isPartOf\":{\"@id\":\"https:\/\/biogroupvietnam.com\/vi\/#website\"},\"primaryImageOfPage\":{\"@id\":\"https:\/\/biogroupvietnam.com\/vi\/san-pham\/he-thong-sac-ky-loc-gel\/#primaryimage\"},\"image\":{\"@id\":\"https:\/\/biogroupvietnam.com\/vi\/san-pham\/he-thong-sac-ky-loc-gel\/#primaryimage\"},\"thumbnailUrl\":\"https:\/\/biogroupvietnam.com\/wp-content\/uploads\/2025\/08\/he-thong-sac-ky-loc-gel-azura-bio-compact-sec.jpg\",\"datePublished\":\"2025-08-18T12:51:21+00:00\",\"dateModified\":\"2026-03-12T09:31:19+00:00\",\"description\":\"H\u1ec7 th\u1ed1ng s\u1eafc k\u00fd l\u1ecdc gel AZURA\u00ae Bio compact SEC \u0111\u01b0\u1ee3c thi\u1ebft k\u1ebf chuy\u00ean th\u1ef1c hi\u1ec7n s\u1eafc k\u00fd l\u1ecdc gel, kh\u00f4ng \u1ea3nh h\u01b0\u1edfng h\u1ec7 th\u1ed1ng tinh ch\u1ebf protein \u0111a ch\u1ee9c n\u0103ng v\u00e0 gi\u00fap ti\u1ebft ki\u1ec7m chi ph\u00ed \u0111\u1ea7u t\u01b0, v\u1eadn h\u00e0nh ph\u00f2ng th\u00ed nghi\u1ec7m.\",\"breadcrumb\":{\"@id\":\"https:\/\/biogroupvietnam.com\/vi\/san-pham\/he-thong-sac-ky-loc-gel\/#breadcrumb\"},\"inLanguage\":\"vi\",\"potentialAction\":[{\"@type\":\"ReadAction\",\"target\":[\"https:\/\/biogroupvietnam.com\/vi\/san-pham\/he-thong-sac-ky-loc-gel\/\"]}]},{\"@type\":\"ImageObject\",\"inLanguage\":\"vi\",\"@id\":\"https:\/\/biogroupvietnam.com\/vi\/san-pham\/he-thong-sac-ky-loc-gel\/#primaryimage\",\"url\":\"https:\/\/biogroupvietnam.com\/wp-content\/uploads\/2025\/08\/he-thong-sac-ky-loc-gel-azura-bio-compact-sec.jpg\",\"contentUrl\":\"https:\/\/biogroupvietnam.com\/wp-content\/uploads\/2025\/08\/he-thong-sac-ky-loc-gel-azura-bio-compact-sec.jpg\",\"width\":1640,\"height\":1260,\"caption\":\"H\u1ec7 Th\u1ed1ng S\u1eafc K\u00fd L\u1ecdc Gel AZURA\u00ae Bio compact SEC\"},{\"@type\":\"BreadcrumbList\",\"@id\":\"https:\/\/biogroupvietnam.com\/vi\/san-pham\/he-thong-sac-ky-loc-gel\/#breadcrumb\",\"itemListElement\":[{\"@type\":\"ListItem\",\"position\":1,\"name\":\"Trang ch\u1ee7\",\"item\":\"https:\/\/biogroupvietnam.com\/vi\/\"},{\"@type\":\"ListItem\",\"position\":2,\"name\":\"S\u1ea3n ph\u1ea9m\",\"item\":\"https:\/\/biogroupvietnam.com\/vi\/san-pham\/\"},{\"@type\":\"ListItem\",\"position\":3,\"name\":\"R&amp;D Sinh H\u1ecdc\",\"item\":\"https:\/\/biogroupvietnam.com\/vi\/danh-muc-san-pham\/rd-sinh-hoc\/\"},{\"@type\":\"ListItem\",\"position\":4,\"name\":\"Tinh Ch\u1ebf Protein\",\"item\":\"https:\/\/biogroupvietnam.com\/vi\/danh-muc-san-pham\/tinh-che-protein\/\"},{\"@type\":\"ListItem\",\"position\":5,\"name\":\"H\u1ec7 Th\u1ed1ng S\u1eafc K\u00fd L\u1ecdc Gel AZURA\u00ae Bio compact SEC\"}]},{\"@type\":\"WebSite\",\"@id\":\"https:\/\/biogroupvietnam.com\/vi\/#website\",\"url\":\"https:\/\/biogroupvietnam.com\/vi\/\",\"name\":\"Biogroup Vietnam\",\"description\":\"Biogroup Vietnam cung c\u1ea5p d\u1ecbch v\u1ee5 k\u1ef9 thu\u1eadt c\u00f9ng thi\u1ebft b\u1ecb, v\u1eadt t\u01b0, h\u00f3a ch\u1ea5t v\u00e0 gi\u1ea3i ph\u00e1p sinh h\u1ecdc cho ph\u00f2ng th\u00ed nghi\u1ec7m c\u00f4ng ngh\u1ec7 sinh h\u1ecdc, y sinh v\u00e0 y h\u1ecdc t\u00e1i t\u1ea1o.\",\"potentialAction\":[{\"@type\":\"SearchAction\",\"target\":{\"@type\":\"EntryPoint\",\"urlTemplate\":\"https:\/\/biogroupvietnam.com\/vi\/?s={search_term_string}\"},\"query-input\":{\"@type\":\"PropertyValueSpecification\",\"valueRequired\":true,\"valueName\":\"search_term_string\"}}],\"inLanguage\":\"vi\"}]}<\/script>\n<!-- \/ Yoast SEO plugin. -->","yoast_head_json":{"title":"H\u1ec7 Th\u1ed1ng S\u1eafc K\u00fd L\u1ecdc Gel AZURA\u00ae Bio compact SEC","description":"H\u1ec7 th\u1ed1ng s\u1eafc k\u00fd l\u1ecdc gel AZURA\u00ae Bio compact SEC \u0111\u01b0\u1ee3c thi\u1ebft k\u1ebf chuy\u00ean th\u1ef1c hi\u1ec7n s\u1eafc k\u00fd l\u1ecdc gel, kh\u00f4ng \u1ea3nh h\u01b0\u1edfng h\u1ec7 th\u1ed1ng tinh ch\u1ebf protein \u0111a ch\u1ee9c n\u0103ng v\u00e0 gi\u00fap ti\u1ebft ki\u1ec7m chi ph\u00ed \u0111\u1ea7u t\u01b0, v\u1eadn h\u00e0nh ph\u00f2ng th\u00ed nghi\u1ec7m.","robots":{"index":"index","follow":"follow","max-snippet":"max-snippet:-1","max-image-preview":"max-image-preview:large","max-video-preview":"max-video-preview:-1"},"canonical":"https:\/\/biogroupvietnam.com\/vi\/san-pham\/he-thong-sac-ky-loc-gel\/","og_locale":"vi_VN","og_type":"article","og_title":"H\u1ec7 Th\u1ed1ng S\u1eafc K\u00fd L\u1ecdc Gel AZURA\u00ae Bio compact SEC","og_description":"H\u1ec7 th\u1ed1ng s\u1eafc k\u00fd l\u1ecdc gel AZURA\u00ae Bio compact SEC \u0111\u01b0\u1ee3c thi\u1ebft k\u1ebf chuy\u00ean th\u1ef1c hi\u1ec7n s\u1eafc k\u00fd l\u1ecdc gel, kh\u00f4ng \u1ea3nh h\u01b0\u1edfng h\u1ec7 th\u1ed1ng tinh ch\u1ebf protein \u0111a ch\u1ee9c n\u0103ng v\u00e0 gi\u00fap ti\u1ebft ki\u1ec7m chi ph\u00ed \u0111\u1ea7u t\u01b0, v\u1eadn h\u00e0nh ph\u00f2ng th\u00ed nghi\u1ec7m.","og_url":"https:\/\/biogroupvietnam.com\/vi\/san-pham\/he-thong-sac-ky-loc-gel\/","og_site_name":"Biogroup Vietnam","article_modified_time":"2026-03-12T09:31:19+00:00","og_image":[{"width":1640,"height":1260,"url":"https:\/\/biogroupvietnam.com\/wp-content\/uploads\/2025\/08\/he-thong-sac-ky-loc-gel-azura-bio-compact-sec.jpg","type":"image\/jpeg"}],"twitter_card":"summary_large_image","twitter_misc":{"\u01af\u1edbc t\u00ednh th\u1eddi gian \u0111\u1ecdc":"2 ph\u00fat"},"schema":{"@context":"https:\/\/schema.org","@graph":[{"@type":"WebPage","@id":"https:\/\/biogroupvietnam.com\/vi\/san-pham\/he-thong-sac-ky-loc-gel\/","url":"https:\/\/biogroupvietnam.com\/vi\/san-pham\/he-thong-sac-ky-loc-gel\/","name":"H\u1ec7 Th\u1ed1ng S\u1eafc K\u00fd L\u1ecdc Gel AZURA\u00ae Bio compact SEC","isPartOf":{"@id":"https:\/\/biogroupvietnam.com\/vi\/#website"},"primaryImageOfPage":{"@id":"https:\/\/biogroupvietnam.com\/vi\/san-pham\/he-thong-sac-ky-loc-gel\/#primaryimage"},"image":{"@id":"https:\/\/biogroupvietnam.com\/vi\/san-pham\/he-thong-sac-ky-loc-gel\/#primaryimage"},"thumbnailUrl":"https:\/\/biogroupvietnam.com\/wp-content\/uploads\/2025\/08\/he-thong-sac-ky-loc-gel-azura-bio-compact-sec.jpg","datePublished":"2025-08-18T12:51:21+00:00","dateModified":"2026-03-12T09:31:19+00:00","description":"H\u1ec7 th\u1ed1ng s\u1eafc k\u00fd l\u1ecdc gel AZURA\u00ae Bio compact SEC \u0111\u01b0\u1ee3c thi\u1ebft k\u1ebf chuy\u00ean th\u1ef1c hi\u1ec7n s\u1eafc k\u00fd l\u1ecdc gel, kh\u00f4ng \u1ea3nh h\u01b0\u1edfng h\u1ec7 th\u1ed1ng tinh ch\u1ebf protein \u0111a ch\u1ee9c n\u0103ng v\u00e0 gi\u00fap ti\u1ebft ki\u1ec7m chi ph\u00ed \u0111\u1ea7u t\u01b0, v\u1eadn h\u00e0nh ph\u00f2ng th\u00ed nghi\u1ec7m.","breadcrumb":{"@id":"https:\/\/biogroupvietnam.com\/vi\/san-pham\/he-thong-sac-ky-loc-gel\/#breadcrumb"},"inLanguage":"vi","potentialAction":[{"@type":"ReadAction","target":["https:\/\/biogroupvietnam.com\/vi\/san-pham\/he-thong-sac-ky-loc-gel\/"]}]},{"@type":"ImageObject","inLanguage":"vi","@id":"https:\/\/biogroupvietnam.com\/vi\/san-pham\/he-thong-sac-ky-loc-gel\/#primaryimage","url":"https:\/\/biogroupvietnam.com\/wp-content\/uploads\/2025\/08\/he-thong-sac-ky-loc-gel-azura-bio-compact-sec.jpg","contentUrl":"https:\/\/biogroupvietnam.com\/wp-content\/uploads\/2025\/08\/he-thong-sac-ky-loc-gel-azura-bio-compact-sec.jpg","width":1640,"height":1260,"caption":"H\u1ec7 Th\u1ed1ng S\u1eafc K\u00fd L\u1ecdc Gel AZURA\u00ae Bio compact SEC"},{"@type":"BreadcrumbList","@id":"https:\/\/biogroupvietnam.com\/vi\/san-pham\/he-thong-sac-ky-loc-gel\/#breadcrumb","itemListElement":[{"@type":"ListItem","position":1,"name":"Trang ch\u1ee7","item":"https:\/\/biogroupvietnam.com\/vi\/"},{"@type":"ListItem","position":2,"name":"S\u1ea3n ph\u1ea9m","item":"https:\/\/biogroupvietnam.com\/vi\/san-pham\/"},{"@type":"ListItem","position":3,"name":"R&amp;D Sinh H\u1ecdc","item":"https:\/\/biogroupvietnam.com\/vi\/danh-muc-san-pham\/rd-sinh-hoc\/"},{"@type":"ListItem","position":4,"name":"Tinh Ch\u1ebf Protein","item":"https:\/\/biogroupvietnam.com\/vi\/danh-muc-san-pham\/tinh-che-protein\/"},{"@type":"ListItem","position":5,"name":"H\u1ec7 Th\u1ed1ng S\u1eafc K\u00fd L\u1ecdc Gel AZURA\u00ae Bio compact SEC"}]},{"@type":"WebSite","@id":"https:\/\/biogroupvietnam.com\/vi\/#website","url":"https:\/\/biogroupvietnam.com\/vi\/","name":"Biogroup Vietnam","description":"Biogroup Vietnam cung c\u1ea5p d\u1ecbch v\u1ee5 k\u1ef9 thu\u1eadt c\u00f9ng thi\u1ebft b\u1ecb, v\u1eadt t\u01b0, h\u00f3a ch\u1ea5t v\u00e0 gi\u1ea3i ph\u00e1p sinh h\u1ecdc cho ph\u00f2ng th\u00ed nghi\u1ec7m c\u00f4ng ngh\u1ec7 sinh h\u1ecdc, y sinh v\u00e0 y h\u1ecdc t\u00e1i t\u1ea1o.","potentialAction":[{"@type":"SearchAction","target":{"@type":"EntryPoint","urlTemplate":"https:\/\/biogroupvietnam.com\/vi\/?s={search_term_string}"},"query-input":{"@type":"PropertyValueSpecification","valueRequired":true,"valueName":"search_term_string"}}],"inLanguage":"vi"}]}},"_links":{"self":[{"href":"https:\/\/biogroupvietnam.com\/vi\/wp-json\/wp\/v2\/product\/3595","targetHints":{"allow":["GET"]}}],"collection":[{"href":"https:\/\/biogroupvietnam.com\/vi\/wp-json\/wp\/v2\/product"}],"about":[{"href":"https:\/\/biogroupvietnam.com\/vi\/wp-json\/wp\/v2\/types\/product"}],"replies":[{"embeddable":true,"href":"https:\/\/biogroupvietnam.com\/vi\/wp-json\/wp\/v2\/comments?post=3595"}],"version-history":[{"count":5,"href":"https:\/\/biogroupvietnam.com\/vi\/wp-json\/wp\/v2\/product\/3595\/revisions"}],"predecessor-version":[{"id":9983,"href":"https:\/\/biogroupvietnam.com\/vi\/wp-json\/wp\/v2\/product\/3595\/revisions\/9983"}],"wp:featuredmedia":[{"embeddable":true,"href":"https:\/\/biogroupvietnam.com\/vi\/wp-json\/wp\/v2\/media\/9982"}],"wp:attachment":[{"href":"https:\/\/biogroupvietnam.com\/vi\/wp-json\/wp\/v2\/media?parent=3595"}],"wp:term":[{"taxonomy":"product_brand","embeddable":true,"href":"https:\/\/biogroupvietnam.com\/vi\/wp-json\/wp\/v2\/product_brand?post=3595"},{"taxonomy":"product_cat","embeddable":true,"href":"https:\/\/biogroupvietnam.com\/vi\/wp-json\/wp\/v2\/product_cat?post=3595"},{"taxonomy":"product_tag","embeddable":true,"href":"https:\/\/biogroupvietnam.com\/vi\/wp-json\/wp\/v2\/product_tag?post=3595"}],"curies":[{"name":"wp","href":"https:\/\/api.w.org\/{rel}","templated":true}]}}